{"id":5382,"date":"2020-10-10T11:54:33","date_gmt":"2020-10-10T11:54:33","guid":{"rendered":"https:\/\/iberoid.com\/?post_type=product&#038;p=5382"},"modified":"2021-12-01T18:25:02","modified_gmt":"2021-12-01T18:25:02","slug":"sp-drostanol200-mg-drostanolone-enanthate","status":"publish","type":"product","link":"https:\/\/iberoid.com\/fr\/product\/sp-drostanol200-mg-drostanolone-enanthate\/","title":{"rendered":"SP DROSTANOL 200 mg"},"content":{"rendered":"<p>Nom du produit : Drostanol<\/p>\n<p>Fabricant : Laboratoires SP<\/p>\n<p>Pr\u00e9sentation : 10ml 100mg\/ml<\/p>\n<p>Produit chimique actif\u00a0: \u00e9nanthate de drostanolone<\/p>\n<p>La drostanolone est un d\u00e9riv\u00e9 de la dihydrotestost\u00e9rone, avec un androg\u00e8ne anabolisant mod\u00e9r\u00e9 et fort. Il ne se transforme pas en \u0153strog\u00e8ne, donc la r\u00e9tention d&rsquo;eau et la gyn\u00e9comastie ne sont pas un probl\u00e8me. En effet, Masteron semble avoir un effet anti-\u0153strog\u00e9nique, agissant comme Proviron, \u00e0 cet \u00e9gard. Masteron est tr\u00e8s utile pour la d\u00e9finition et l&rsquo;accentuation, il a \u00e9t\u00e9 utilis\u00e9 pendant de nombreuses semaines avant les comp\u00e9titions. Il a \u00e9galement un effet anabolisant et peut \u00eatre utilis\u00e9 avec un succ\u00e8s satisfaisant pour gagner des muscles de qualit\u00e9. Il peut \u00eatre combin\u00e9 avec d&rsquo;autres st\u00e9ro\u00efdes pour de grands gains. La combinaison avec Deca-Durabolin ou Equipoise, conduit \u00e0 des gains substantiels sans r\u00e9tention d&rsquo;eau excessive.<\/p>\n<p>Une autre association est avec Dianabol ou testost\u00e9rone injectable, castrigurile msuculara la grande masse sans r\u00e9tention d&rsquo;eau excessive.<br \/>\nPour la d\u00e9finition, il peut \u00eatre combin\u00e9 avec Winstrol, Priomobolan ou Oxandrolon, ce qui entra\u00eenerait une perte de muscle et de graisse.<br \/>\nLa posologie est de 2 ml (100 mg) de Masteron tous les 2-3 jours. La dose hebdomadaire est donc de 200 \u00e0 350 mg quelque part.<\/p>\n<p>Les effets secondaires de ce st\u00e9ro\u00efde sont l\u00e9gers. Comme je l&rsquo;ai dit plus t\u00f4t, la gyn\u00e9comastie et la r\u00e9tention d&rsquo;eau ne posent aucun probl\u00e8me. Aucune hypertension art\u00e9rielle ne devrait nous causer de probl\u00e8mes, car en raison de faibles niveaux d&rsquo;\u0153strog\u00e8nes, elle n&rsquo;appara\u00eet pas. Masteron n&rsquo;est pas h\u00e9patotoxique, m\u00eame lorsqu&rsquo;il est utilis\u00e9 sur de longues p\u00e9riodes. Les seuls effets ind\u00e9sirables pouvant survenir sont : peau grasse, acn\u00e9, augmentation de la pilosit\u00e9 faciale et corporelle plus rapide, agressivit\u00e9 et chute des cheveux, s&rsquo;il existe une pr\u00e9disposition g\u00e9n\u00e9tique. Donc, ceux qui savent qu&rsquo;ils ont des ant\u00e9c\u00e9dents familiaux de calvitie feraient bien de se m\u00e9fier de Masteron.<\/p>\n<p>L&rsquo;usine n&rsquo;est plus le Masteron, donc tous les produits disponibles sous ce nom sont des contrefa\u00e7ons.<br \/>\nLa soci\u00e9t\u00e9 British Dragon a r\u00e9introduit cette pr\u00e9paration sur le march\u00e9 en 2003 Mastabol. Il existe \u00e9galement de nombreux laboratoires souterrains qui fabriquent des produits \u00e0 base de propionate de drostanolon, mais que vous croyiez ou non \u00e0 de tels produits est votre d\u00e9cision.<\/p>","protected":false},"excerpt":{"rendered":"<p>Nom du produit : Drostanol Fabricant : Laboratoires SP Pr\u00e9sentation : 10ml 100mg\/ml Produit chimique actif\u00a0: \u00e9nanthate de drostanolone La<\/p>\n","protected":false},"featured_media":5383,"comment_status":"open","ping_status":"closed","template":"","meta":[],"product_brand":[],"product_cat":[69],"product_tag":[],"class_list":{"0":"post-5382","1":"product","2":"type-product","3":"status-publish","4":"has-post-thumbnail","6":"product_cat-esteroides_inyectables","8":"first","9":"outofstock","10":"sale","11":"shipping-taxable","12":"purchasable","13":"product-type-simple"},"yoast_head":"<!-- This site is optimized with the Yoast SEO Premium plugin v24.4 (Yoast SEO v27.0) - https:\/\/yoast.com\/product\/yoast-seo-premium-wordpress\/ -->\n<title>SP DROSTANOL 200 mg - (Espa\u00f1ol) Esteroides en l\u00ednea<\/title>\n<meta name=\"robots\" content=\"index, follow, max-snippet:-1, max-image-preview:large, max-video-preview:-1\" \/>\n<link rel=\"canonical\" href=\"https:\/\/iberoid.com\/fr\/product\/sp-drostanol200-mg-drostanolone-enanthate\/\" \/>\n<meta property=\"og:locale\" content=\"fr_FR\" \/>\n<meta property=\"og:type\" content=\"article\" \/>\n<meta property=\"og:title\" content=\"SP DROSTANOL 200 mg\" \/>\n<meta property=\"og:description\" content=\"Nom du produit : Drostanol Fabricant : Laboratoires SP Pr\u00e9sentation : 10ml 100mg\/ml Produit chimique actif\u00a0: \u00e9nanthate de drostanolone La\" \/>\n<meta property=\"og:url\" content=\"https:\/\/iberoid.com\/fr\/product\/sp-drostanol200-mg-drostanolone-enanthate\/\" \/>\n<meta property=\"og:site_name\" content=\"(Espa\u00f1ol) Esteroides en l\u00ednea\" \/>\n<meta property=\"article:modified_time\" content=\"2021-12-01T18:25:02+00:00\" \/>\n<meta property=\"og:image\" content=\"https:\/\/iberoid.com\/wp-content\/uploads\/2020\/10\/drosta.jpg?v=1678120085\" \/>\n\t<meta property=\"og:image:width\" content=\"388\" \/>\n\t<meta property=\"og:image:height\" content=\"388\" \/>\n\t<meta property=\"og:image:type\" content=\"image\/jpeg\" \/>\n<meta name=\"twitter:card\" content=\"summary_large_image\" \/>\n<meta name=\"twitter:label1\" content=\"Prix\" \/>\n\t<meta name=\"twitter:data1\" content=\"&euro;65.00\" \/>\n\t<meta name=\"twitter:label2\" content=\"Disponibilit\u00e9\" \/>\n\t<meta name=\"twitter:data2\" content=\"Rupture de stock\" \/>\n<script type=\"application\/ld+json\" class=\"yoast-schema-graph\">{\"@context\":\"https:\/\/schema.org\",\"@graph\":[{\"@type\":\"WebPage\",\"@id\":\"https:\/\/iberoid.com\/fr\/product\/sp-drostanol200-mg-drostanolone-enanthate\/\",\"url\":\"https:\/\/iberoid.com\/fr\/product\/sp-drostanol200-mg-drostanolone-enanthate\/\",\"name\":\"SP DROSTANOL 200 mg - (Espa\u00f1ol) Esteroides en l\u00ednea\",\"isPartOf\":{\"@id\":\"https:\/\/iberoid-shop.com\/#website\"},\"primaryImageOfPage\":{\"@id\":\"https:\/\/iberoid.com\/fr\/product\/sp-drostanol200-mg-drostanolone-enanthate\/#primaryimage\"},\"image\":{\"@id\":\"https:\/\/iberoid.com\/fr\/product\/sp-drostanol200-mg-drostanolone-enanthate\/#primaryimage\"},\"thumbnailUrl\":\"https:\/\/iberoid.com\/wp-content\/uploads\/2020\/10\/drosta.jpg?v=1678120085\",\"datePublished\":\"2020-10-10T11:54:33+00:00\",\"dateModified\":\"2021-12-01T18:25:02+00:00\",\"breadcrumb\":{\"@id\":\"https:\/\/iberoid.com\/fr\/product\/sp-drostanol200-mg-drostanolone-enanthate\/#breadcrumb\"},\"inLanguage\":\"fr-FR\",\"potentialAction\":[{\"@type\":\"ReadAction\",\"target\":[[\"https:\/\/iberoid.com\/fr\/product\/sp-drostanol200-mg-drostanolone-enanthate\/\"]]}]},{\"@type\":\"ImageObject\",\"inLanguage\":\"fr-FR\",\"@id\":\"https:\/\/iberoid.com\/fr\/product\/sp-drostanol200-mg-drostanolone-enanthate\/#primaryimage\",\"url\":\"https:\/\/iberoid.com\/wp-content\/uploads\/2020\/10\/drosta.jpg?v=1678120085\",\"contentUrl\":\"https:\/\/iberoid.com\/wp-content\/uploads\/2020\/10\/drosta.jpg?v=1678120085\",\"width\":388,\"height\":388},{\"@type\":\"BreadcrumbList\",\"@id\":\"https:\/\/iberoid.com\/fr\/product\/sp-drostanol200-mg-drostanolone-enanthate\/#breadcrumb\",\"itemListElement\":[{\"@type\":\"ListItem\",\"position\":1,\"name\":\"Portada\",\"item\":\"https:\/\/iberoid.com\/fr\/\"},{\"@type\":\"ListItem\",\"position\":2,\"name\":\"Magasin\",\"item\":\"https:\/\/iberoid.com\/fr\/shop\/\"},{\"@type\":\"ListItem\",\"position\":3,\"name\":\"SP DROSTANOL 200 mg\"}]},{\"@type\":\"WebSite\",\"@id\":\"https:\/\/iberoid-shop.com\/#website\",\"url\":\"https:\/\/iberoid-shop.com\/\",\"name\":\"(Espa\u00f1ol) Esteroides en l\u00ednea\",\"description\":\"(Espa\u00f1ol) Comprar esteroides en l\u00ednea hoy en Espa\u00f1a y Portugal. Tenemos el mejor servicio al cliente en la industria y los productos de la m\u00e1s alta calidad\",\"potentialAction\":[{\"@type\":\"SearchAction\",\"target\":{\"@type\":\"EntryPoint\",\"urlTemplate\":\"https:\/\/iberoid-shop.com\/?s={search_term_string}\"},\"query-input\":{\"@type\":\"PropertyValueSpecification\",\"valueRequired\":true,\"valueName\":\"search_term_string\"}}],\"inLanguage\":\"fr-FR\"}]}<\/script>\n<meta property=\"product:brand\" content=\"SP Laboratories\" \/>\n<meta property=\"product:price:amount\" content=\"65.00\" \/>\n<meta property=\"product:price:currency\" content=\"EUR\" \/>\n<meta property=\"og:availability\" content=\"out of stock\" \/>\n<meta property=\"product:availability\" content=\"out of stock\" \/>\n<meta property=\"product:condition\" content=\"new\" \/>\n<!-- \/ Yoast SEO Premium plugin. -->","yoast_head_json":{"title":"SP DROSTANOL 200 mg - (Espa\u00f1ol) Esteroides en l\u00ednea","robots":{"index":"index","follow":"follow","max-snippet":"max-snippet:-1","max-image-preview":"max-image-preview:large","max-video-preview":"max-video-preview:-1"},"canonical":"https:\/\/iberoid.com\/fr\/product\/sp-drostanol200-mg-drostanolone-enanthate\/","og_locale":"fr_FR","og_type":"article","og_title":"SP DROSTANOL 200 mg","og_description":"Nom du produit : Drostanol Fabricant : Laboratoires SP Pr\u00e9sentation : 10ml 100mg\/ml Produit chimique actif\u00a0: \u00e9nanthate de drostanolone La","og_url":"https:\/\/iberoid.com\/fr\/product\/sp-drostanol200-mg-drostanolone-enanthate\/","og_site_name":"(Espa\u00f1ol) Esteroides en l\u00ednea","article_modified_time":"2021-12-01T18:25:02+00:00","og_image":[{"width":388,"height":388,"url":"https:\/\/iberoid.com\/wp-content\/uploads\/2020\/10\/drosta.jpg?v=1678120085","type":"image\/jpeg"}],"twitter_card":"summary_large_image","twitter_misc":{"Prix":"&euro;65.00","Disponibilit\u00e9":"Rupture de stock"},"schema":{"@context":"https:\/\/schema.org","@graph":[{"@type":"WebPage","@id":"https:\/\/iberoid.com\/fr\/product\/sp-drostanol200-mg-drostanolone-enanthate\/","url":"https:\/\/iberoid.com\/fr\/product\/sp-drostanol200-mg-drostanolone-enanthate\/","name":"SP DROSTANOL 200 mg - (Espa\u00f1ol) Esteroides en l\u00ednea","isPartOf":{"@id":"https:\/\/iberoid-shop.com\/#website"},"primaryImageOfPage":{"@id":"https:\/\/iberoid.com\/fr\/product\/sp-drostanol200-mg-drostanolone-enanthate\/#primaryimage"},"image":{"@id":"https:\/\/iberoid.com\/fr\/product\/sp-drostanol200-mg-drostanolone-enanthate\/#primaryimage"},"thumbnailUrl":"https:\/\/iberoid.com\/wp-content\/uploads\/2020\/10\/drosta.jpg?v=1678120085","datePublished":"2020-10-10T11:54:33+00:00","dateModified":"2021-12-01T18:25:02+00:00","breadcrumb":{"@id":"https:\/\/iberoid.com\/fr\/product\/sp-drostanol200-mg-drostanolone-enanthate\/#breadcrumb"},"inLanguage":"fr-FR","potentialAction":[{"@type":"ReadAction","target":[["https:\/\/iberoid.com\/fr\/product\/sp-drostanol200-mg-drostanolone-enanthate\/"]]}]},{"@type":"ImageObject","inLanguage":"fr-FR","@id":"https:\/\/iberoid.com\/fr\/product\/sp-drostanol200-mg-drostanolone-enanthate\/#primaryimage","url":"https:\/\/iberoid.com\/wp-content\/uploads\/2020\/10\/drosta.jpg?v=1678120085","contentUrl":"https:\/\/iberoid.com\/wp-content\/uploads\/2020\/10\/drosta.jpg?v=1678120085","width":388,"height":388},{"@type":"BreadcrumbList","@id":"https:\/\/iberoid.com\/fr\/product\/sp-drostanol200-mg-drostanolone-enanthate\/#breadcrumb","itemListElement":[{"@type":"ListItem","position":1,"name":"Portada","item":"https:\/\/iberoid.com\/fr\/"},{"@type":"ListItem","position":2,"name":"Magasin","item":"https:\/\/iberoid.com\/fr\/shop\/"},{"@type":"ListItem","position":3,"name":"SP DROSTANOL 200 mg"}]},{"@type":"WebSite","@id":"https:\/\/iberoid-shop.com\/#website","url":"https:\/\/iberoid-shop.com\/","name":"(Espa\u00f1ol) Esteroides en l\u00ednea","description":"(Espa\u00f1ol) Comprar esteroides en l\u00ednea hoy en Espa\u00f1a y Portugal. Tenemos el mejor servicio al cliente en la industria y los productos de la m\u00e1s alta calidad","potentialAction":[{"@type":"SearchAction","target":{"@type":"EntryPoint","urlTemplate":"https:\/\/iberoid-shop.com\/?s={search_term_string}"},"query-input":{"@type":"PropertyValueSpecification","valueRequired":true,"valueName":"search_term_string"}}],"inLanguage":"fr-FR"}]},"product_brand":"SP Laboratories","product_price_amount":"65.00","product_price_currency":"EUR","og_availability":"out of stock","product_availability":"out of stock","product_condition":"new"},"_links":{"self":[{"href":"https:\/\/iberoid.com\/fr\/wp-json\/wp\/v2\/product\/5382","targetHints":{"allow":["GET"]}}],"collection":[{"href":"https:\/\/iberoid.com\/fr\/wp-json\/wp\/v2\/product"}],"about":[{"href":"https:\/\/iberoid.com\/fr\/wp-json\/wp\/v2\/types\/product"}],"replies":[{"embeddable":true,"href":"https:\/\/iberoid.com\/fr\/wp-json\/wp\/v2\/comments?post=5382"}],"wp:featuredmedia":[{"embeddable":true,"href":"https:\/\/iberoid.com\/fr\/wp-json\/wp\/v2\/media\/5383"}],"wp:attachment":[{"href":"https:\/\/iberoid.com\/fr\/wp-json\/wp\/v2\/media?parent=5382"}],"wp:term":[{"taxonomy":"product_brand","embeddable":true,"href":"https:\/\/iberoid.com\/fr\/wp-json\/wp\/v2\/product_brand?post=5382"},{"taxonomy":"product_cat","embeddable":true,"href":"https:\/\/iberoid.com\/fr\/wp-json\/wp\/v2\/product_cat?post=5382"},{"taxonomy":"product_tag","embeddable":true,"href":"https:\/\/iberoid.com\/fr\/wp-json\/wp\/v2\/product_tag?post=5382"}],"curies":[{"name":"wp","href":"https:\/\/api.w.org\/{rel}","templated":true}]}}