{"id":5456,"date":"2020-11-22T12:14:18","date_gmt":"2020-11-22T12:14:18","guid":{"rendered":"https:\/\/iberoid.com\/?post_type=product&#038;p=5456"},"modified":"2024-10-26T09:49:10","modified_gmt":"2024-10-26T09:49:10","slug":"clomiged-clomiphene-citrate-100-pills-50-mg-tab","status":"publish","type":"product","link":"https:\/\/iberoid.com\/fr\/product\/clomiged-clomiphene-citrate-100-pills-50-mg-tab\/","title":{"rendered":"pak 5 blister Clomiged (clomiphene citrate) 100 pastillas50 mg \/ tab"},"content":{"rendered":"<p>Le citrate de clomif\u00e8ne est g\u00e9n\u00e9ralement prescrit aux femmes pour faciliter l&rsquo;ovulation. Chez les hommes, l&rsquo;application de Clomid provoque une \u00e9l\u00e9vation de l&rsquo;hormone folliculostimulante et de l&rsquo;hormone lut\u00e9inisante. En cons\u00e9quence, la production naturelle de testost\u00e9rone est \u00e9galement augment\u00e9e.<\/p>\n<p>Cet effet est \u00e9videmment b\u00e9n\u00e9fique pour l&rsquo;athl\u00e8te, en particulier \u00e0 la fin d&rsquo;un cycle de st\u00e9ro\u00efdes lorsque les niveaux de testost\u00e9rone endog\u00e8ne sont inf\u00e9rieurs \u00e0 la normale. Lorsqu&rsquo;un athl\u00e8te arr\u00eate l&rsquo;utilisation de st\u00e9ro\u00efdes, ses niveaux de testost\u00e9rone seront tr\u00e8s probablement supprim\u00e9s. Si les niveaux de testost\u00e9rone endog\u00e8ne ne sont pas ramen\u00e9s \u00e0 la normale, une perte dramatique de taille et de force peut se produire. Clomid joue un r\u00f4le crucial dans la pr\u00e9vention de cet accident dans la performance athl\u00e9tique.<\/p>\n<p>Les culturistes constatent qu&rsquo;un apport quotidien de 50 \u00e0 100 mg de citrate de clomif\u00e8ne sur une p\u00e9riode de deux semaines ram\u00e8nera la production endog\u00e8ne de testost\u00e9rone \u00e0 un niveau acceptable. Clomid augmentera progressivement les niveaux de testost\u00e9rone au cours de sa p\u00e9riode de consommation. \u00c9tant donn\u00e9 qu&rsquo;une augmentation imm\u00e9diate de la testost\u00e9rone est souvent souhaitable, l&rsquo;athl\u00e8te utilisera couramment la HCG (gonadotrophine choronique humaine) pendant quelques semaines et poursuivra le traitement avec Clomid.<\/p>\n<p>Clomid est \u00e9galement efficace comme anti-\u0153strog\u00e8ne. La plupart des athl\u00e8tes souffriront d&rsquo;un niveau \u00e9lev\u00e9 d&rsquo;\u0153strog\u00e8nes \u00e0 la fin d&rsquo;un cycle. Un taux \u00e9lev\u00e9 d&rsquo;\u0153strog\u00e8nes combin\u00e9 \u00e0 un faible taux de testost\u00e9rone expose un athl\u00e8te \u00e0 un risque s\u00e9rieux de d\u00e9velopper une gyn\u00e9comastie. Avec la prise de Clomid, l&rsquo;athl\u00e8te obtient le double effet de bloquer certains des effets des \u0153strog\u00e8nes, tout en augmentant la production endog\u00e8ne de testost\u00e9rone.<\/p>","protected":false},"excerpt":{"rendered":"<p>Le citrate de clomif\u00e8ne est g\u00e9n\u00e9ralement prescrit aux femmes pour faciliter l&rsquo;ovulation. Chez les hommes, l&rsquo;application de Clomid provoque une<\/p>\n","protected":false},"featured_media":5527,"comment_status":"open","ping_status":"closed","template":"","meta":[],"product_brand":[],"product_cat":[73,3474],"product_tag":[3488],"class_list":{"0":"post-5456","1":"product","2":"type-product","3":"status-publish","4":"has-post-thumbnail","6":"product_cat-ssteroides_orales","7":"product_cat-packs","8":"product_tag-clomiphene-citrate-100-pastillas50-mg-tab","10":"first","11":"outofstock","12":"sale","13":"shipping-taxable","14":"purchasable","15":"product-type-simple"},"yoast_head":"<!-- This site is optimized with the Yoast SEO Premium plugin v24.4 (Yoast SEO v27.0) - https:\/\/yoast.com\/product\/yoast-seo-premium-wordpress\/ -->\n<title>pak 5 blister Clomiged (clomiphene citrate) 100 pastillas50 mg \/ tab - (Espa\u00f1ol) Esteroides en l\u00ednea<\/title>\n<meta name=\"robots\" content=\"index, follow, max-snippet:-1, max-image-preview:large, max-video-preview:-1\" \/>\n<link rel=\"canonical\" href=\"https:\/\/iberoid.com\/fr\/product\/clomiged-clomiphene-citrate-100-pills-50-mg-tab\/\" \/>\n<meta property=\"og:locale\" content=\"fr_FR\" \/>\n<meta property=\"og:type\" content=\"article\" \/>\n<meta property=\"og:title\" content=\"pak 5 blister Clomiged (clomiphene citrate) 100 pastillas50 mg \/ tab\" \/>\n<meta property=\"og:description\" content=\"Le citrate de clomif\u00e8ne est g\u00e9n\u00e9ralement prescrit aux femmes pour faciliter l&rsquo;ovulation. Chez les hommes, l&rsquo;application de Clomid provoque une\" \/>\n<meta property=\"og:url\" content=\"https:\/\/iberoid.com\/fr\/product\/clomiged-clomiphene-citrate-100-pills-50-mg-tab\/\" \/>\n<meta property=\"og:site_name\" content=\"(Espa\u00f1ol) Esteroides en l\u00ednea\" \/>\n<meta property=\"article:modified_time\" content=\"2024-10-26T09:49:10+00:00\" \/>\n<meta property=\"og:image\" content=\"https:\/\/iberoid.com\/wp-content\/uploads\/2020\/12\/CLOMIGED.jpg?v=1699330982\" \/>\n\t<meta property=\"og:image:width\" content=\"500\" \/>\n\t<meta property=\"og:image:height\" content=\"500\" \/>\n\t<meta property=\"og:image:type\" content=\"image\/jpeg\" \/>\n<meta name=\"twitter:card\" content=\"summary_large_image\" \/>\n<meta name=\"twitter:label1\" content=\"Prix\" \/>\n\t<meta name=\"twitter:data1\" content=\"&euro;35.00\" \/>\n\t<meta name=\"twitter:label2\" content=\"Disponibilit\u00e9\" \/>\n\t<meta name=\"twitter:data2\" content=\"Rupture de stock\" \/>\n<script type=\"application\/ld+json\" class=\"yoast-schema-graph\">{\"@context\":\"https:\/\/schema.org\",\"@graph\":[{\"@type\":\"WebPage\",\"@id\":\"https:\/\/iberoid.com\/fr\/product\/clomiged-clomiphene-citrate-100-pills-50-mg-tab\/\",\"url\":\"https:\/\/iberoid.com\/fr\/product\/clomiged-clomiphene-citrate-100-pills-50-mg-tab\/\",\"name\":\"pak 5 blister Clomiged (clomiphene citrate) 100 pastillas50 mg \/ tab - (Espa\u00f1ol) Esteroides en l\u00ednea\",\"isPartOf\":{\"@id\":\"https:\/\/iberoid.com\/fr\/#website\"},\"primaryImageOfPage\":{\"@id\":\"https:\/\/iberoid.com\/fr\/product\/clomiged-clomiphene-citrate-100-pills-50-mg-tab\/#primaryimage\"},\"image\":{\"@id\":\"https:\/\/iberoid.com\/fr\/product\/clomiged-clomiphene-citrate-100-pills-50-mg-tab\/#primaryimage\"},\"thumbnailUrl\":\"https:\/\/iberoid.com\/wp-content\/uploads\/2020\/12\/CLOMIGED.jpg?v=1699330982\",\"datePublished\":\"2020-11-22T12:14:18+00:00\",\"dateModified\":\"2024-10-26T09:49:10+00:00\",\"breadcrumb\":{\"@id\":\"https:\/\/iberoid.com\/fr\/product\/clomiged-clomiphene-citrate-100-pills-50-mg-tab\/#breadcrumb\"},\"inLanguage\":\"fr-FR\",\"potentialAction\":[{\"@type\":\"ReadAction\",\"target\":[[\"https:\/\/iberoid.com\/fr\/product\/clomiged-clomiphene-citrate-100-pills-50-mg-tab\/\"]]}]},{\"@type\":\"ImageObject\",\"inLanguage\":\"fr-FR\",\"@id\":\"https:\/\/iberoid.com\/fr\/product\/clomiged-clomiphene-citrate-100-pills-50-mg-tab\/#primaryimage\",\"url\":\"https:\/\/iberoid.com\/wp-content\/uploads\/2020\/12\/CLOMIGED.jpg?v=1699330982\",\"contentUrl\":\"https:\/\/iberoid.com\/wp-content\/uploads\/2020\/12\/CLOMIGED.jpg?v=1699330982\",\"width\":500,\"height\":500},{\"@type\":\"BreadcrumbList\",\"@id\":\"https:\/\/iberoid.com\/fr\/product\/clomiged-clomiphene-citrate-100-pills-50-mg-tab\/#breadcrumb\",\"itemListElement\":[{\"@type\":\"ListItem\",\"position\":1,\"name\":\"Portada\",\"item\":\"https:\/\/iberoid.com\/fr\/\"},{\"@type\":\"ListItem\",\"position\":2,\"name\":\"Magasin\",\"item\":\"https:\/\/iberoid.com\/fr\/shop\/\"},{\"@type\":\"ListItem\",\"position\":3,\"name\":\"pak 5 blister Clomiged (clomiphene citrate) 100 pastillas50 mg \/ tab\"}]},{\"@type\":\"WebSite\",\"@id\":\"https:\/\/iberoid.com\/fr\/#website\",\"url\":\"https:\/\/iberoid.com\/fr\/\",\"name\":\"(Espa\u00f1ol) Esteroides en l\u00ednea\",\"description\":\"(Espa\u00f1ol) Comprar esteroides en l\u00ednea hoy en Espa\u00f1a y Portugal. Tenemos el mejor servicio al cliente en la industria y los productos de la m\u00e1s alta calidad\",\"potentialAction\":[{\"@type\":\"SearchAction\",\"target\":{\"@type\":\"EntryPoint\",\"urlTemplate\":\"https:\/\/iberoid.com\/fr\/?s={search_term_string}\"},\"query-input\":{\"@type\":\"PropertyValueSpecification\",\"valueRequired\":true,\"valueName\":\"search_term_string\"}}],\"inLanguage\":\"fr-FR\"}]}<\/script>\n<meta property=\"product:brand\" content=\"Euro Prime Pharmaceuticals (EPF)\" \/>\n<meta property=\"product:price:amount\" content=\"35.00\" \/>\n<meta property=\"product:price:currency\" content=\"EUR\" \/>\n<meta property=\"og:availability\" content=\"out of stock\" \/>\n<meta property=\"product:availability\" content=\"out of stock\" \/>\n<meta property=\"product:condition\" content=\"new\" \/>\n<!-- \/ Yoast SEO Premium plugin. -->","yoast_head_json":{"title":"pak 5 blister Clomiged (clomiphene citrate) 100 pastillas50 mg \/ tab - (Espa\u00f1ol) Esteroides en l\u00ednea","robots":{"index":"index","follow":"follow","max-snippet":"max-snippet:-1","max-image-preview":"max-image-preview:large","max-video-preview":"max-video-preview:-1"},"canonical":"https:\/\/iberoid.com\/fr\/product\/clomiged-clomiphene-citrate-100-pills-50-mg-tab\/","og_locale":"fr_FR","og_type":"article","og_title":"pak 5 blister Clomiged (clomiphene citrate) 100 pastillas50 mg \/ tab","og_description":"Le citrate de clomif\u00e8ne est g\u00e9n\u00e9ralement prescrit aux femmes pour faciliter l&rsquo;ovulation. Chez les hommes, l&rsquo;application de Clomid provoque une","og_url":"https:\/\/iberoid.com\/fr\/product\/clomiged-clomiphene-citrate-100-pills-50-mg-tab\/","og_site_name":"(Espa\u00f1ol) Esteroides en l\u00ednea","article_modified_time":"2024-10-26T09:49:10+00:00","og_image":[{"width":500,"height":500,"url":"https:\/\/iberoid.com\/wp-content\/uploads\/2020\/12\/CLOMIGED.jpg?v=1699330982","type":"image\/jpeg"}],"twitter_card":"summary_large_image","twitter_misc":{"Prix":"&euro;35.00","Disponibilit\u00e9":"Rupture de stock"},"schema":{"@context":"https:\/\/schema.org","@graph":[{"@type":"WebPage","@id":"https:\/\/iberoid.com\/fr\/product\/clomiged-clomiphene-citrate-100-pills-50-mg-tab\/","url":"https:\/\/iberoid.com\/fr\/product\/clomiged-clomiphene-citrate-100-pills-50-mg-tab\/","name":"pak 5 blister Clomiged (clomiphene citrate) 100 pastillas50 mg \/ tab - (Espa\u00f1ol) Esteroides en l\u00ednea","isPartOf":{"@id":"https:\/\/iberoid.com\/fr\/#website"},"primaryImageOfPage":{"@id":"https:\/\/iberoid.com\/fr\/product\/clomiged-clomiphene-citrate-100-pills-50-mg-tab\/#primaryimage"},"image":{"@id":"https:\/\/iberoid.com\/fr\/product\/clomiged-clomiphene-citrate-100-pills-50-mg-tab\/#primaryimage"},"thumbnailUrl":"https:\/\/iberoid.com\/wp-content\/uploads\/2020\/12\/CLOMIGED.jpg?v=1699330982","datePublished":"2020-11-22T12:14:18+00:00","dateModified":"2024-10-26T09:49:10+00:00","breadcrumb":{"@id":"https:\/\/iberoid.com\/fr\/product\/clomiged-clomiphene-citrate-100-pills-50-mg-tab\/#breadcrumb"},"inLanguage":"fr-FR","potentialAction":[{"@type":"ReadAction","target":[["https:\/\/iberoid.com\/fr\/product\/clomiged-clomiphene-citrate-100-pills-50-mg-tab\/"]]}]},{"@type":"ImageObject","inLanguage":"fr-FR","@id":"https:\/\/iberoid.com\/fr\/product\/clomiged-clomiphene-citrate-100-pills-50-mg-tab\/#primaryimage","url":"https:\/\/iberoid.com\/wp-content\/uploads\/2020\/12\/CLOMIGED.jpg?v=1699330982","contentUrl":"https:\/\/iberoid.com\/wp-content\/uploads\/2020\/12\/CLOMIGED.jpg?v=1699330982","width":500,"height":500},{"@type":"BreadcrumbList","@id":"https:\/\/iberoid.com\/fr\/product\/clomiged-clomiphene-citrate-100-pills-50-mg-tab\/#breadcrumb","itemListElement":[{"@type":"ListItem","position":1,"name":"Portada","item":"https:\/\/iberoid.com\/fr\/"},{"@type":"ListItem","position":2,"name":"Magasin","item":"https:\/\/iberoid.com\/fr\/shop\/"},{"@type":"ListItem","position":3,"name":"pak 5 blister Clomiged (clomiphene citrate) 100 pastillas50 mg \/ tab"}]},{"@type":"WebSite","@id":"https:\/\/iberoid.com\/fr\/#website","url":"https:\/\/iberoid.com\/fr\/","name":"(Espa\u00f1ol) Esteroides en l\u00ednea","description":"(Espa\u00f1ol) Comprar esteroides en l\u00ednea hoy en Espa\u00f1a y Portugal. Tenemos el mejor servicio al cliente en la industria y los productos de la m\u00e1s alta calidad","potentialAction":[{"@type":"SearchAction","target":{"@type":"EntryPoint","urlTemplate":"https:\/\/iberoid.com\/fr\/?s={search_term_string}"},"query-input":{"@type":"PropertyValueSpecification","valueRequired":true,"valueName":"search_term_string"}}],"inLanguage":"fr-FR"}]},"product_brand":"Euro Prime Pharmaceuticals (EPF)","product_price_amount":"35.00","product_price_currency":"EUR","og_availability":"out of stock","product_availability":"out of stock","product_condition":"new"},"_links":{"self":[{"href":"https:\/\/iberoid.com\/fr\/wp-json\/wp\/v2\/product\/5456","targetHints":{"allow":["GET"]}}],"collection":[{"href":"https:\/\/iberoid.com\/fr\/wp-json\/wp\/v2\/product"}],"about":[{"href":"https:\/\/iberoid.com\/fr\/wp-json\/wp\/v2\/types\/product"}],"replies":[{"embeddable":true,"href":"https:\/\/iberoid.com\/fr\/wp-json\/wp\/v2\/comments?post=5456"}],"wp:featuredmedia":[{"embeddable":true,"href":"https:\/\/iberoid.com\/fr\/wp-json\/wp\/v2\/media\/5527"}],"wp:attachment":[{"href":"https:\/\/iberoid.com\/fr\/wp-json\/wp\/v2\/media?parent=5456"}],"wp:term":[{"taxonomy":"product_brand","embeddable":true,"href":"https:\/\/iberoid.com\/fr\/wp-json\/wp\/v2\/product_brand?post=5456"},{"taxonomy":"product_cat","embeddable":true,"href":"https:\/\/iberoid.com\/fr\/wp-json\/wp\/v2\/product_cat?post=5456"},{"taxonomy":"product_tag","embeddable":true,"href":"https:\/\/iberoid.com\/fr\/wp-json\/wp\/v2\/product_tag?post=5456"}],"curies":[{"name":"wp","href":"https:\/\/api.w.org\/{rel}","templated":true}]}}