{"id":5599,"date":"2021-01-07T22:17:54","date_gmt":"2021-01-07T22:17:54","guid":{"rendered":"https:\/\/iberoid.com\/?post_type=product&#038;p=5599"},"modified":"2022-01-28T15:19:51","modified_gmt":"2022-01-28T15:19:51","slug":"sp-trenbolone-mix-150-tritrenbolon","status":"publish","type":"product","link":"https:\/\/iberoid.com\/fr\/product\/sp-trenbolone-mix-150-tritrenbolon\/","title":{"rendered":"SP TRENBOLONE MIX 150 (TRITRENBOLON)"},"content":{"rendered":"<p>Nombre del producto: Trenbolone Mix 150<br \/>\nFabricante: SP Laboratories<br \/>\nPresentaci\u00f3n: 10 ml 150 mg \/ ml<\/p>\n<p>Es una mezcla de tres esteroides, su combinaci\u00f3n es una definici\u00f3n ideal. Contiene 50 mg de trembolona ACETATO 50 mg y 50 mg de trembolona ENANTAHTE hexahidroxibenzilcarbonat trembolona.<br \/>\nEl acetato de trembolona es un esteroide de acci\u00f3n r\u00e1pida, sin sabor, por lo que la retenci\u00f3n de agua y la grasa no aparecen. Ser un andr\u00f3geno fuerte ayuda a ejercitar el poder y la motivaci\u00f3n. Tambi\u00e9n da la apariencia de m\u00fasculos duros y duros.<\/p>\n<p>El \u00faltimo ingrediente es el enantato de trembolona. Es una sustancia muy anab\u00f3lica, est\u00e1 reconocida como una construcci\u00f3n de la masa muscular de alta calidad. Ejerce un comportamiento anti-estr\u00f3geno debido a su estructura qu\u00edmica.<\/p>","protected":false},"excerpt":{"rendered":"<p>Nombre del producto: Trenbolone Mix 150 Fabricante: SP Laboratories Presentaci\u00f3n: 10 ml 150 mg \/ ml Es una mezcla de<\/p>\n","protected":false},"featured_media":5596,"comment_status":"open","ping_status":"closed","template":"","meta":[],"product_brand":[],"product_cat":[69],"product_tag":[],"class_list":{"0":"post-5599","1":"product","2":"type-product","3":"status-publish","4":"has-post-thumbnail","6":"product_cat-esteroides_inyectables","8":"first","9":"outofstock","10":"sale","11":"shipping-taxable","12":"purchasable","13":"product-type-simple"},"yoast_head":"<!-- This site is optimized with the Yoast SEO Premium plugin v24.4 (Yoast SEO v27.0) - https:\/\/yoast.com\/product\/yoast-seo-premium-wordpress\/ -->\n<title>SP TRENBOLONE MIX 150 (TRITRENBOLON) - (Espa\u00f1ol) Esteroides en l\u00ednea<\/title>\n<meta name=\"robots\" content=\"index, follow, max-snippet:-1, max-image-preview:large, max-video-preview:-1\" \/>\n<link rel=\"canonical\" href=\"https:\/\/iberoid.com\/fr\/product\/sp-trenbolone-mix-150-tritrenbolon\/\" \/>\n<meta property=\"og:locale\" content=\"fr_FR\" \/>\n<meta property=\"og:type\" content=\"article\" \/>\n<meta property=\"og:title\" content=\"SP TRENBOLONE MIX 150 (TRITRENBOLON)\" \/>\n<meta property=\"og:description\" content=\"Nombre del producto: Trenbolone Mix 150 Fabricante: SP Laboratories Presentaci\u00f3n: 10 ml 150 mg \/ ml Es una mezcla de\" \/>\n<meta property=\"og:url\" content=\"https:\/\/iberoid.com\/fr\/product\/sp-trenbolone-mix-150-tritrenbolon\/\" \/>\n<meta property=\"og:site_name\" content=\"(Espa\u00f1ol) Esteroides en l\u00ednea\" \/>\n<meta property=\"article:modified_time\" content=\"2022-01-28T15:19:51+00:00\" \/>\n<meta property=\"og:image\" content=\"https:\/\/iberoid.com\/wp-content\/uploads\/2021\/01\/TRI.jpg?v=1678120064\" \/>\n\t<meta property=\"og:image:width\" content=\"388\" \/>\n\t<meta property=\"og:image:height\" content=\"388\" \/>\n\t<meta property=\"og:image:type\" content=\"image\/jpeg\" \/>\n<meta name=\"twitter:card\" content=\"summary_large_image\" \/>\n<meta name=\"twitter:label1\" content=\"Prix\" \/>\n\t<meta name=\"twitter:data1\" content=\"&euro;65.00\" \/>\n\t<meta name=\"twitter:label2\" content=\"Disponibilit\u00e9\" \/>\n\t<meta name=\"twitter:data2\" content=\"Rupture de stock\" \/>\n<script type=\"application\/ld+json\" class=\"yoast-schema-graph\">{\"@context\":\"https:\/\/schema.org\",\"@graph\":[{\"@type\":\"WebPage\",\"@id\":\"https:\/\/iberoid.com\/fr\/product\/sp-trenbolone-mix-150-tritrenbolon\/\",\"url\":\"https:\/\/iberoid.com\/fr\/product\/sp-trenbolone-mix-150-tritrenbolon\/\",\"name\":\"SP TRENBOLONE MIX 150 (TRITRENBOLON) - (Espa\u00f1ol) Esteroides en l\u00ednea\",\"isPartOf\":{\"@id\":\"https:\/\/iberoid.com\/fr\/#website\"},\"primaryImageOfPage\":{\"@id\":\"https:\/\/iberoid.com\/fr\/product\/sp-trenbolone-mix-150-tritrenbolon\/#primaryimage\"},\"image\":{\"@id\":\"https:\/\/iberoid.com\/fr\/product\/sp-trenbolone-mix-150-tritrenbolon\/#primaryimage\"},\"thumbnailUrl\":\"https:\/\/iberoid.com\/wp-content\/uploads\/2021\/01\/TRI.jpg?v=1678120064\",\"datePublished\":\"2021-01-07T22:17:54+00:00\",\"dateModified\":\"2022-01-28T15:19:51+00:00\",\"breadcrumb\":{\"@id\":\"https:\/\/iberoid.com\/fr\/product\/sp-trenbolone-mix-150-tritrenbolon\/#breadcrumb\"},\"inLanguage\":\"fr-FR\",\"potentialAction\":[{\"@type\":\"ReadAction\",\"target\":[[\"https:\/\/iberoid.com\/fr\/product\/sp-trenbolone-mix-150-tritrenbolon\/\"]]}]},{\"@type\":\"ImageObject\",\"inLanguage\":\"fr-FR\",\"@id\":\"https:\/\/iberoid.com\/fr\/product\/sp-trenbolone-mix-150-tritrenbolon\/#primaryimage\",\"url\":\"https:\/\/iberoid.com\/wp-content\/uploads\/2021\/01\/TRI.jpg?v=1678120064\",\"contentUrl\":\"https:\/\/iberoid.com\/wp-content\/uploads\/2021\/01\/TRI.jpg?v=1678120064\",\"width\":388,\"height\":388},{\"@type\":\"BreadcrumbList\",\"@id\":\"https:\/\/iberoid.com\/fr\/product\/sp-trenbolone-mix-150-tritrenbolon\/#breadcrumb\",\"itemListElement\":[{\"@type\":\"ListItem\",\"position\":1,\"name\":\"Portada\",\"item\":\"https:\/\/iberoid.com\/fr\/\"},{\"@type\":\"ListItem\",\"position\":2,\"name\":\"Magasin\",\"item\":\"https:\/\/iberoid.com\/fr\/shop\/\"},{\"@type\":\"ListItem\",\"position\":3,\"name\":\"SP TRENBOLONE MIX 150 (TRITRENBOLON)\"}]},{\"@type\":\"WebSite\",\"@id\":\"https:\/\/iberoid.com\/fr\/#website\",\"url\":\"https:\/\/iberoid.com\/fr\/\",\"name\":\"(Espa\u00f1ol) Esteroides en l\u00ednea\",\"description\":\"(Espa\u00f1ol) Comprar esteroides en l\u00ednea hoy en Espa\u00f1a y Portugal. Tenemos el mejor servicio al cliente en la industria y los productos de la m\u00e1s alta calidad\",\"potentialAction\":[{\"@type\":\"SearchAction\",\"target\":{\"@type\":\"EntryPoint\",\"urlTemplate\":\"https:\/\/iberoid.com\/fr\/?s={search_term_string}\"},\"query-input\":{\"@type\":\"PropertyValueSpecification\",\"valueRequired\":true,\"valueName\":\"search_term_string\"}}],\"inLanguage\":\"fr-FR\"}]}<\/script>\n<meta property=\"product:brand\" content=\"SP Laboratories\" \/>\n<meta property=\"product:price:amount\" content=\"65.00\" \/>\n<meta property=\"product:price:currency\" content=\"EUR\" \/>\n<meta property=\"og:availability\" content=\"out of stock\" \/>\n<meta property=\"product:availability\" content=\"out of stock\" \/>\n<meta property=\"product:condition\" content=\"new\" \/>\n<!-- \/ Yoast SEO Premium plugin. -->","yoast_head_json":{"title":"SP TRENBOLONE MIX 150 (TRITRENBOLON) - (Espa\u00f1ol) Esteroides en l\u00ednea","robots":{"index":"index","follow":"follow","max-snippet":"max-snippet:-1","max-image-preview":"max-image-preview:large","max-video-preview":"max-video-preview:-1"},"canonical":"https:\/\/iberoid.com\/fr\/product\/sp-trenbolone-mix-150-tritrenbolon\/","og_locale":"fr_FR","og_type":"article","og_title":"SP TRENBOLONE MIX 150 (TRITRENBOLON)","og_description":"Nombre del producto: Trenbolone Mix 150 Fabricante: SP Laboratories Presentaci\u00f3n: 10 ml 150 mg \/ ml Es una mezcla de","og_url":"https:\/\/iberoid.com\/fr\/product\/sp-trenbolone-mix-150-tritrenbolon\/","og_site_name":"(Espa\u00f1ol) Esteroides en l\u00ednea","article_modified_time":"2022-01-28T15:19:51+00:00","og_image":[{"width":388,"height":388,"url":"https:\/\/iberoid.com\/wp-content\/uploads\/2021\/01\/TRI.jpg?v=1678120064","type":"image\/jpeg"}],"twitter_card":"summary_large_image","twitter_misc":{"Prix":"&euro;65.00","Disponibilit\u00e9":"Rupture de stock"},"schema":{"@context":"https:\/\/schema.org","@graph":[{"@type":"WebPage","@id":"https:\/\/iberoid.com\/fr\/product\/sp-trenbolone-mix-150-tritrenbolon\/","url":"https:\/\/iberoid.com\/fr\/product\/sp-trenbolone-mix-150-tritrenbolon\/","name":"SP TRENBOLONE MIX 150 (TRITRENBOLON) - (Espa\u00f1ol) Esteroides en l\u00ednea","isPartOf":{"@id":"https:\/\/iberoid.com\/fr\/#website"},"primaryImageOfPage":{"@id":"https:\/\/iberoid.com\/fr\/product\/sp-trenbolone-mix-150-tritrenbolon\/#primaryimage"},"image":{"@id":"https:\/\/iberoid.com\/fr\/product\/sp-trenbolone-mix-150-tritrenbolon\/#primaryimage"},"thumbnailUrl":"https:\/\/iberoid.com\/wp-content\/uploads\/2021\/01\/TRI.jpg?v=1678120064","datePublished":"2021-01-07T22:17:54+00:00","dateModified":"2022-01-28T15:19:51+00:00","breadcrumb":{"@id":"https:\/\/iberoid.com\/fr\/product\/sp-trenbolone-mix-150-tritrenbolon\/#breadcrumb"},"inLanguage":"fr-FR","potentialAction":[{"@type":"ReadAction","target":[["https:\/\/iberoid.com\/fr\/product\/sp-trenbolone-mix-150-tritrenbolon\/"]]}]},{"@type":"ImageObject","inLanguage":"fr-FR","@id":"https:\/\/iberoid.com\/fr\/product\/sp-trenbolone-mix-150-tritrenbolon\/#primaryimage","url":"https:\/\/iberoid.com\/wp-content\/uploads\/2021\/01\/TRI.jpg?v=1678120064","contentUrl":"https:\/\/iberoid.com\/wp-content\/uploads\/2021\/01\/TRI.jpg?v=1678120064","width":388,"height":388},{"@type":"BreadcrumbList","@id":"https:\/\/iberoid.com\/fr\/product\/sp-trenbolone-mix-150-tritrenbolon\/#breadcrumb","itemListElement":[{"@type":"ListItem","position":1,"name":"Portada","item":"https:\/\/iberoid.com\/fr\/"},{"@type":"ListItem","position":2,"name":"Magasin","item":"https:\/\/iberoid.com\/fr\/shop\/"},{"@type":"ListItem","position":3,"name":"SP TRENBOLONE MIX 150 (TRITRENBOLON)"}]},{"@type":"WebSite","@id":"https:\/\/iberoid.com\/fr\/#website","url":"https:\/\/iberoid.com\/fr\/","name":"(Espa\u00f1ol) Esteroides en l\u00ednea","description":"(Espa\u00f1ol) Comprar esteroides en l\u00ednea hoy en Espa\u00f1a y Portugal. Tenemos el mejor servicio al cliente en la industria y los productos de la m\u00e1s alta calidad","potentialAction":[{"@type":"SearchAction","target":{"@type":"EntryPoint","urlTemplate":"https:\/\/iberoid.com\/fr\/?s={search_term_string}"},"query-input":{"@type":"PropertyValueSpecification","valueRequired":true,"valueName":"search_term_string"}}],"inLanguage":"fr-FR"}]},"product_brand":"SP Laboratories","product_price_amount":"65.00","product_price_currency":"EUR","og_availability":"out of stock","product_availability":"out of stock","product_condition":"new"},"_links":{"self":[{"href":"https:\/\/iberoid.com\/fr\/wp-json\/wp\/v2\/product\/5599","targetHints":{"allow":["GET"]}}],"collection":[{"href":"https:\/\/iberoid.com\/fr\/wp-json\/wp\/v2\/product"}],"about":[{"href":"https:\/\/iberoid.com\/fr\/wp-json\/wp\/v2\/types\/product"}],"replies":[{"embeddable":true,"href":"https:\/\/iberoid.com\/fr\/wp-json\/wp\/v2\/comments?post=5599"}],"wp:featuredmedia":[{"embeddable":true,"href":"https:\/\/iberoid.com\/fr\/wp-json\/wp\/v2\/media\/5596"}],"wp:attachment":[{"href":"https:\/\/iberoid.com\/fr\/wp-json\/wp\/v2\/media?parent=5599"}],"wp:term":[{"taxonomy":"product_brand","embeddable":true,"href":"https:\/\/iberoid.com\/fr\/wp-json\/wp\/v2\/product_brand?post=5599"},{"taxonomy":"product_cat","embeddable":true,"href":"https:\/\/iberoid.com\/fr\/wp-json\/wp\/v2\/product_cat?post=5599"},{"taxonomy":"product_tag","embeddable":true,"href":"https:\/\/iberoid.com\/fr\/wp-json\/wp\/v2\/product_tag?post=5599"}],"curies":[{"name":"wp","href":"https:\/\/api.w.org\/{rel}","templated":true}]}}