{"id":5661,"date":"2021-01-26T19:28:26","date_gmt":"2021-01-26T19:28:26","guid":{"rendered":"https:\/\/iberoid.com\/?post_type=product&#038;p=5661"},"modified":"2023-05-15T22:09:45","modified_gmt":"2023-05-15T22:09:45","slug":"enastyl-250mg-testosterone-enanthate-250mg-andro-medicals","status":"publish","type":"product","link":"https:\/\/iberoid.com\/fr\/product\/enastyl-250mg-testosterone-enanthate-250mg-andro-medicals\/","title":{"rendered":"Enastyl 250mg"},"content":{"rendered":"<p>Enastyl d&rsquo;Andro Medicals contient de l&rsquo;\u00e9nanthate de testost\u00e9rone, l&rsquo;un des st\u00e9ro\u00efdes les plus populaires pour la prise de masse en musculation, halt\u00e9rophilie, dynamophilie et triathlon. L&rsquo;\u00e9nanthate de testost\u00e9rone est un ester \u00e0 action prolong\u00e9e et la dur\u00e9e moyenne du m\u00e9dicament est de 2 \u00e0 3 semaines. Il vous donne de forts pics juste apr\u00e8s l&rsquo;injection et un effet puissant d\u00e8s les premiers jours d&rsquo;utilisation.<\/p>\n<p>Les principaux avantages d&rsquo;Enastyl sont une augmentation marqu\u00e9e de la masse musculaire et de la force, ainsi que le pompage. L&rsquo;\u00e9nanthate de testost\u00e9rone aide \u00e0 r\u00e9duire les craquements articulaires et \u00e0 \u00e9liminer les douleurs articulaires. Il stimule les processus de r\u00e9g\u00e9n\u00e9ration et augmente le tonus g\u00e9n\u00e9ral, avec lui vous ne vous sentirez pas fatigu\u00e9 apr\u00e8s une s\u00e9ance d&rsquo;entra\u00eenement, mais plut\u00f4t le d\u00e9sir de faire de l&rsquo;exercice plus longtemps!<\/p>\n<p>Il convient de noter qu&rsquo;une prise de poids rapide est associ\u00e9e \u00e0 une r\u00e9tention d&rsquo;eau, en raison de l&rsquo;effet \u0153strog\u00e9nique du m\u00e9dicament. Par cons\u00e9quent, \u00e0 la fin du cycle, vous recevrez un certain rollback.<\/p>\n<p>Grands avantages d&rsquo;Enastyl:<\/p>\n<p>augmentation impressionnante de la masse musculaire<br \/>\naugmentation de la libido<br \/>\nsoulagement des douleurs articulaires<br \/>\nla perte de graisse<br \/>\nexplosion d&rsquo;\u00e9nergie<br \/>\nr\u00e9cup\u00e9ration du corps<br \/>\nfaible h\u00e9patotoxicit\u00e9.<\/p>\n<p>Malgr\u00e9 les avantages impressionnants du m\u00e9dicament, il n&rsquo;est toujours pas recommand\u00e9 pour les femmes, car il peut provoquer une masculinisation.<\/p>\n<p>Autres effets ind\u00e9sirables possibles:<\/p>\n<p>gonflement<br \/>\nacn\u00e9<br \/>\naugmentation de la pression art\u00e9rielle<br \/>\ngyn\u00e9comastie<br \/>\nd\u00e9p\u00f4t de graisse f\u00e9minine<br \/>\nagression<br \/>\nperte de cheveux<br \/>\ndiminution de la spermatogen\u00e8se dans les testicules, diminution de leur taille.<\/p>\n<p>Pour \u00e9viter les r\u00e9actions ind\u00e9sirables du corps, il est important de prendre des anti-\u0153strog\u00e8nes, et pendant les cycles longs et les doses \u00e9lev\u00e9es &#8211; gonadotrophine d\u00e9j\u00e0 \u00e0 partir de 3-4 semaines du cycle. Vous pouvez facilement acheter tous les m\u00e9dicaments dans notre boutique en ligne.<\/p>","protected":false},"excerpt":{"rendered":"<p>Enastyl d&rsquo;Andro Medicals contient de l&rsquo;\u00e9nanthate de testost\u00e9rone, l&rsquo;un des st\u00e9ro\u00efdes les plus populaires pour la prise de masse en<\/p>\n","protected":false},"featured_media":5662,"comment_status":"open","ping_status":"closed","template":"","meta":[],"product_brand":[],"product_cat":[69],"product_tag":[],"class_list":{"0":"post-5661","1":"product","2":"type-product","3":"status-publish","4":"has-post-thumbnail","6":"product_cat-esteroides_inyectables","8":"first","9":"outofstock","10":"shipping-taxable","11":"purchasable","12":"product-type-simple"},"yoast_head":"<!-- This site is optimized with the Yoast SEO Premium plugin v24.4 (Yoast SEO v27.3) - https:\/\/yoast.com\/product\/yoast-seo-premium-wordpress\/ -->\n<title>Enastyl 250mg - (Espa\u00f1ol) Esteroides en l\u00ednea<\/title>\n<meta name=\"robots\" content=\"index, follow, max-snippet:-1, max-image-preview:large, max-video-preview:-1\" \/>\n<link rel=\"canonical\" href=\"https:\/\/iberoid.com\/fr\/product\/enastyl-250mg-testosterone-enanthate-250mg-andro-medicals\/\" \/>\n<meta property=\"og:locale\" content=\"fr_FR\" \/>\n<meta property=\"og:type\" content=\"article\" \/>\n<meta property=\"og:title\" content=\"Enastyl 250mg\" \/>\n<meta property=\"og:description\" content=\"Enastyl d&rsquo;Andro Medicals contient de l&rsquo;\u00e9nanthate de testost\u00e9rone, l&rsquo;un des st\u00e9ro\u00efdes les plus populaires pour la prise de masse en\" \/>\n<meta property=\"og:url\" content=\"https:\/\/iberoid.com\/fr\/product\/enastyl-250mg-testosterone-enanthate-250mg-andro-medicals\/\" \/>\n<meta property=\"og:site_name\" content=\"(Espa\u00f1ol) Esteroides en l\u00ednea\" \/>\n<meta property=\"article:modified_time\" content=\"2023-05-15T22:09:45+00:00\" \/>\n<meta property=\"og:image\" content=\"https:\/\/iberoid.com\/wp-content\/uploads\/2021\/01\/te-andro.jpg?v=1678120056\" \/>\n\t<meta property=\"og:image:width\" content=\"800\" \/>\n\t<meta property=\"og:image:height\" content=\"692\" \/>\n\t<meta property=\"og:image:type\" content=\"image\/jpeg\" \/>\n<meta name=\"twitter:card\" content=\"summary_large_image\" \/>\n<meta name=\"twitter:label1\" content=\"Prix\" \/>\n\t<meta name=\"twitter:data1\" content=\"&euro;45.00\" \/>\n\t<meta name=\"twitter:label2\" content=\"Disponibilit\u00e9\" \/>\n\t<meta name=\"twitter:data2\" content=\"Rupture de stock\" \/>\n<script type=\"application\/ld+json\" class=\"yoast-schema-graph\">{\"@context\":\"https:\\\/\\\/schema.org\",\"@graph\":[{\"@type\":\"WebPage\",\"@id\":\"https:\\\/\\\/iberoid.com\\\/fr\\\/product\\\/enastyl-250mg-testosterone-enanthate-250mg-andro-medicals\\\/\",\"url\":\"https:\\\/\\\/iberoid.com\\\/fr\\\/product\\\/enastyl-250mg-testosterone-enanthate-250mg-andro-medicals\\\/\",\"name\":\"Enastyl 250mg - (Espa\u00f1ol) Esteroides en l\u00ednea\",\"isPartOf\":{\"@id\":\"https:\\\/\\\/iberoid.com\\\/fr\\\/#website\"},\"primaryImageOfPage\":{\"@id\":\"https:\\\/\\\/iberoid.com\\\/fr\\\/product\\\/enastyl-250mg-testosterone-enanthate-250mg-andro-medicals\\\/#primaryimage\"},\"image\":{\"@id\":\"https:\\\/\\\/iberoid.com\\\/fr\\\/product\\\/enastyl-250mg-testosterone-enanthate-250mg-andro-medicals\\\/#primaryimage\"},\"thumbnailUrl\":\"https:\\\/\\\/iberoid.com\\\/wp-content\\\/uploads\\\/2021\\\/01\\\/te-andro.jpg?v=1678120056\",\"datePublished\":\"2021-01-26T19:28:26+00:00\",\"dateModified\":\"2023-05-15T22:09:45+00:00\",\"breadcrumb\":{\"@id\":\"https:\\\/\\\/iberoid.com\\\/fr\\\/product\\\/enastyl-250mg-testosterone-enanthate-250mg-andro-medicals\\\/#breadcrumb\"},\"inLanguage\":\"fr-FR\",\"potentialAction\":[{\"@type\":\"ReadAction\",\"target\":[[\"https:\\\/\\\/iberoid.com\\\/fr\\\/product\\\/enastyl-250mg-testosterone-enanthate-250mg-andro-medicals\\\/\"]]}]},{\"@type\":\"ImageObject\",\"inLanguage\":\"fr-FR\",\"@id\":\"https:\\\/\\\/iberoid.com\\\/fr\\\/product\\\/enastyl-250mg-testosterone-enanthate-250mg-andro-medicals\\\/#primaryimage\",\"url\":\"https:\\\/\\\/iberoid.com\\\/wp-content\\\/uploads\\\/2021\\\/01\\\/te-andro.jpg?v=1678120056\",\"contentUrl\":\"https:\\\/\\\/iberoid.com\\\/wp-content\\\/uploads\\\/2021\\\/01\\\/te-andro.jpg?v=1678120056\",\"width\":800,\"height\":692},{\"@type\":\"BreadcrumbList\",\"@id\":\"https:\\\/\\\/iberoid.com\\\/fr\\\/product\\\/enastyl-250mg-testosterone-enanthate-250mg-andro-medicals\\\/#breadcrumb\",\"itemListElement\":[{\"@type\":\"ListItem\",\"position\":1,\"name\":\"Portada\",\"item\":\"https:\\\/\\\/iberoid.com\\\/fr\\\/\"},{\"@type\":\"ListItem\",\"position\":2,\"name\":\"Magasin\",\"item\":\"https:\\\/\\\/iberoid.com\\\/fr\\\/shop\\\/\"},{\"@type\":\"ListItem\",\"position\":3,\"name\":\"Enastyl 250mg\"}]},{\"@type\":\"WebSite\",\"@id\":\"https:\\\/\\\/iberoid.com\\\/fr\\\/#website\",\"url\":\"https:\\\/\\\/iberoid.com\\\/fr\\\/\",\"name\":\"(Espa\u00f1ol) Esteroides en l\u00ednea\",\"description\":\"(Espa\u00f1ol) Comprar esteroides en l\u00ednea hoy en Espa\u00f1a y Portugal. Tenemos el mejor servicio al cliente en la industria y los productos de la m\u00e1s alta calidad\",\"potentialAction\":[{\"@type\":\"SearchAction\",\"target\":{\"@type\":\"EntryPoint\",\"urlTemplate\":\"https:\\\/\\\/iberoid.com\\\/fr\\\/?s={search_term_string}\"},\"query-input\":{\"@type\":\"PropertyValueSpecification\",\"valueRequired\":true,\"valueName\":\"search_term_string\"}}],\"inLanguage\":\"fr-FR\"}]}<\/script>\n<meta property=\"product:brand\" content=\"Andro Medicals\" \/>\n<meta property=\"product:price:amount\" content=\"45.00\" \/>\n<meta property=\"product:price:currency\" content=\"EUR\" \/>\n<meta property=\"og:availability\" content=\"out of stock\" \/>\n<meta property=\"product:availability\" content=\"out of stock\" \/>\n<meta property=\"product:condition\" content=\"new\" \/>\n<!-- \/ Yoast SEO Premium plugin. -->","yoast_head_json":{"title":"Enastyl 250mg - (Espa\u00f1ol) Esteroides en l\u00ednea","robots":{"index":"index","follow":"follow","max-snippet":"max-snippet:-1","max-image-preview":"max-image-preview:large","max-video-preview":"max-video-preview:-1"},"canonical":"https:\/\/iberoid.com\/fr\/product\/enastyl-250mg-testosterone-enanthate-250mg-andro-medicals\/","og_locale":"fr_FR","og_type":"article","og_title":"Enastyl 250mg","og_description":"Enastyl d&rsquo;Andro Medicals contient de l&rsquo;\u00e9nanthate de testost\u00e9rone, l&rsquo;un des st\u00e9ro\u00efdes les plus populaires pour la prise de masse en","og_url":"https:\/\/iberoid.com\/fr\/product\/enastyl-250mg-testosterone-enanthate-250mg-andro-medicals\/","og_site_name":"(Espa\u00f1ol) Esteroides en l\u00ednea","article_modified_time":"2023-05-15T22:09:45+00:00","og_image":[{"width":800,"height":692,"url":"https:\/\/iberoid.com\/wp-content\/uploads\/2021\/01\/te-andro.jpg?v=1678120056","type":"image\/jpeg"}],"twitter_card":"summary_large_image","twitter_misc":{"Prix":"&euro;45.00","Disponibilit\u00e9":"Rupture de stock"},"schema":{"@context":"https:\/\/schema.org","@graph":[{"@type":"WebPage","@id":"https:\/\/iberoid.com\/fr\/product\/enastyl-250mg-testosterone-enanthate-250mg-andro-medicals\/","url":"https:\/\/iberoid.com\/fr\/product\/enastyl-250mg-testosterone-enanthate-250mg-andro-medicals\/","name":"Enastyl 250mg - (Espa\u00f1ol) Esteroides en l\u00ednea","isPartOf":{"@id":"https:\/\/iberoid.com\/fr\/#website"},"primaryImageOfPage":{"@id":"https:\/\/iberoid.com\/fr\/product\/enastyl-250mg-testosterone-enanthate-250mg-andro-medicals\/#primaryimage"},"image":{"@id":"https:\/\/iberoid.com\/fr\/product\/enastyl-250mg-testosterone-enanthate-250mg-andro-medicals\/#primaryimage"},"thumbnailUrl":"https:\/\/iberoid.com\/wp-content\/uploads\/2021\/01\/te-andro.jpg?v=1678120056","datePublished":"2021-01-26T19:28:26+00:00","dateModified":"2023-05-15T22:09:45+00:00","breadcrumb":{"@id":"https:\/\/iberoid.com\/fr\/product\/enastyl-250mg-testosterone-enanthate-250mg-andro-medicals\/#breadcrumb"},"inLanguage":"fr-FR","potentialAction":[{"@type":"ReadAction","target":[["https:\/\/iberoid.com\/fr\/product\/enastyl-250mg-testosterone-enanthate-250mg-andro-medicals\/"]]}]},{"@type":"ImageObject","inLanguage":"fr-FR","@id":"https:\/\/iberoid.com\/fr\/product\/enastyl-250mg-testosterone-enanthate-250mg-andro-medicals\/#primaryimage","url":"https:\/\/iberoid.com\/wp-content\/uploads\/2021\/01\/te-andro.jpg?v=1678120056","contentUrl":"https:\/\/iberoid.com\/wp-content\/uploads\/2021\/01\/te-andro.jpg?v=1678120056","width":800,"height":692},{"@type":"BreadcrumbList","@id":"https:\/\/iberoid.com\/fr\/product\/enastyl-250mg-testosterone-enanthate-250mg-andro-medicals\/#breadcrumb","itemListElement":[{"@type":"ListItem","position":1,"name":"Portada","item":"https:\/\/iberoid.com\/fr\/"},{"@type":"ListItem","position":2,"name":"Magasin","item":"https:\/\/iberoid.com\/fr\/shop\/"},{"@type":"ListItem","position":3,"name":"Enastyl 250mg"}]},{"@type":"WebSite","@id":"https:\/\/iberoid.com\/fr\/#website","url":"https:\/\/iberoid.com\/fr\/","name":"(Espa\u00f1ol) Esteroides en l\u00ednea","description":"(Espa\u00f1ol) Comprar esteroides en l\u00ednea hoy en Espa\u00f1a y Portugal. Tenemos el mejor servicio al cliente en la industria y los productos de la m\u00e1s alta calidad","potentialAction":[{"@type":"SearchAction","target":{"@type":"EntryPoint","urlTemplate":"https:\/\/iberoid.com\/fr\/?s={search_term_string}"},"query-input":{"@type":"PropertyValueSpecification","valueRequired":true,"valueName":"search_term_string"}}],"inLanguage":"fr-FR"}]},"product_brand":"Andro Medicals","product_price_amount":"45.00","product_price_currency":"EUR","og_availability":"out of stock","product_availability":"out of stock","product_condition":"new"},"_links":{"self":[{"href":"https:\/\/iberoid.com\/fr\/wp-json\/wp\/v2\/product\/5661","targetHints":{"allow":["GET"]}}],"collection":[{"href":"https:\/\/iberoid.com\/fr\/wp-json\/wp\/v2\/product"}],"about":[{"href":"https:\/\/iberoid.com\/fr\/wp-json\/wp\/v2\/types\/product"}],"replies":[{"embeddable":true,"href":"https:\/\/iberoid.com\/fr\/wp-json\/wp\/v2\/comments?post=5661"}],"wp:featuredmedia":[{"embeddable":true,"href":"https:\/\/iberoid.com\/fr\/wp-json\/wp\/v2\/media\/5662"}],"wp:attachment":[{"href":"https:\/\/iberoid.com\/fr\/wp-json\/wp\/v2\/media?parent=5661"}],"wp:term":[{"taxonomy":"product_brand","embeddable":true,"href":"https:\/\/iberoid.com\/fr\/wp-json\/wp\/v2\/product_brand?post=5661"},{"taxonomy":"product_cat","embeddable":true,"href":"https:\/\/iberoid.com\/fr\/wp-json\/wp\/v2\/product_cat?post=5661"},{"taxonomy":"product_tag","embeddable":true,"href":"https:\/\/iberoid.com\/fr\/wp-json\/wp\/v2\/product_tag?post=5661"}],"curies":[{"name":"wp","href":"https:\/\/api.w.org\/{rel}","templated":true}]}}