{"id":5663,"date":"2021-01-26T19:32:39","date_gmt":"2021-01-26T19:32:39","guid":{"rendered":"https:\/\/iberoid.com\/?post_type=product&#038;p=5663"},"modified":"2021-09-18T21:48:40","modified_gmt":"2021-09-18T21:48:40","slug":"sustaplex-250-sustanon-250mg-andro-medicals","status":"publish","type":"product","link":"https:\/\/iberoid.com\/fr\/product\/sustaplex-250-sustanon-250mg-andro-medicals\/","title":{"rendered":"Sustaplex 250"},"content":{"rendered":"<p>Sustaplex &#8211; est un m\u00e9lange de 4 esters de testost\u00e9rone diff\u00e9rents, fabriqu\u00e9s par la soci\u00e9t\u00e9 pharmaceutique Andro Medicals. Ce m\u00e9dicament contient du propionate de testost\u00e9rone, du d\u00e9canoate de testost\u00e9rone, de l&rsquo;isocaproate de testost\u00e9rone et du ph\u00e9nylpropionate de testost\u00e9rone.<\/p>\n<p>Les quatre composants ont une dur\u00e9e d&rsquo;action diff\u00e9rente, c&rsquo;est pourquoi les taux sanguins de testost\u00e9rone sont constamment maintenus \u00e0 un niveau \u00e9lev\u00e9, ce qui est n\u00e9cessaire pour gagner rapidement de la masse musculaire et maintenir de bons indicateurs de force. Sustaplex donne un r\u00e9sultat rapide et durable, c&rsquo;est pourquoi il est tr\u00e8s populaire dans le sport et la musculation.<\/p>\n<p>Avantages que vous obtenez:<\/p>\n<p>gagn\u00e9 de la masse musculaire pendant une courte p\u00e9riode<br \/>\naugmentation de la force<br \/>\nam\u00e9lioration de l&rsquo;endurance et des performances de l&rsquo;athl\u00e8te<br \/>\naugmentation de l&rsquo;IGF-1<br \/>\nregain d&rsquo;\u00e9nergie<br \/>\n\u00e9limination de la d\u00e9pression<br \/>\nam\u00e9lioration de l&rsquo;app\u00e9tit<br \/>\nSustaplex aide \u00e0 augmenter le poids en moyenne de 7 \u00e0 10 kg.<\/p>\n<p>R\u00e9actions secondaires possibles:<\/p>\n<p>acn\u00e9<br \/>\nr\u00e9tention d&rsquo;eau<br \/>\nhypertension art\u00e9rielle<br \/>\nla peau grasse<br \/>\npousse des poils sur le corps et le visage<br \/>\nmasculinisation chez la femme &#8211; croissance des cheveux sur le visage et le corps, approfondissement de la voix.<\/p>\n<p>En raison de la derni\u00e8re r\u00e9action secondaire, nous devons conclure que Sustaplex ne convient qu&rsquo;aux hommes.<\/p>\n<p>Le m\u00e9dicament est une bonne option pour les cycles de gonflement et de coupe, et vous pouvez l&rsquo;utiliser seul ou en pile avec d&rsquo;autres st\u00e9ro\u00efdes (par exemple, le trenbolone ou le stanozolol) pour obtenir les meilleurs r\u00e9sultats.<\/p>\n<p>Environ 2 semaines apr\u00e8s la derni\u00e8re injection de Sustaplex, il est important de commencer le PCT, nous vous recommandons d&rsquo;utiliser Gonadotropin ou Clomiphene.<\/p>","protected":false},"excerpt":{"rendered":"<p>Sustaplex &#8211; est un m\u00e9lange de 4 esters de testost\u00e9rone diff\u00e9rents, fabriqu\u00e9s par la soci\u00e9t\u00e9 pharmaceutique Andro Medicals. Ce m\u00e9dicament<\/p>\n","protected":false},"featured_media":5664,"comment_status":"open","ping_status":"closed","template":"","meta":[],"product_brand":[],"product_cat":[69],"product_tag":[],"class_list":{"0":"post-5663","1":"product","2":"type-product","3":"status-publish","4":"has-post-thumbnail","6":"product_cat-esteroides_inyectables","8":"first","9":"outofstock","10":"sale","11":"shipping-taxable","12":"purchasable","13":"product-type-simple"},"yoast_head":"<!-- This site is optimized with the Yoast SEO Premium plugin v24.4 (Yoast SEO v27.0) - https:\/\/yoast.com\/product\/yoast-seo-premium-wordpress\/ -->\n<title>Sustaplex 250 - (Espa\u00f1ol) Esteroides en l\u00ednea<\/title>\n<meta name=\"robots\" content=\"index, follow, max-snippet:-1, max-image-preview:large, max-video-preview:-1\" \/>\n<link rel=\"canonical\" href=\"https:\/\/iberoid.com\/fr\/product\/sustaplex-250-sustanon-250mg-andro-medicals\/\" \/>\n<meta property=\"og:locale\" content=\"fr_FR\" \/>\n<meta property=\"og:type\" content=\"article\" \/>\n<meta property=\"og:title\" content=\"Sustaplex 250\" \/>\n<meta property=\"og:description\" content=\"Sustaplex &#8211; est un m\u00e9lange de 4 esters de testost\u00e9rone diff\u00e9rents, fabriqu\u00e9s par la soci\u00e9t\u00e9 pharmaceutique Andro Medicals. Ce m\u00e9dicament\" \/>\n<meta property=\"og:url\" content=\"https:\/\/iberoid.com\/fr\/product\/sustaplex-250-sustanon-250mg-andro-medicals\/\" \/>\n<meta property=\"og:site_name\" content=\"(Espa\u00f1ol) Esteroides en l\u00ednea\" \/>\n<meta property=\"article:modified_time\" content=\"2021-09-18T21:48:40+00:00\" \/>\n<meta property=\"og:image\" content=\"https:\/\/iberoid.com\/wp-content\/uploads\/2021\/01\/susta-andro.jpg?v=1678120056\" \/>\n\t<meta property=\"og:image:width\" content=\"800\" \/>\n\t<meta property=\"og:image:height\" content=\"692\" \/>\n\t<meta property=\"og:image:type\" content=\"image\/jpeg\" \/>\n<meta name=\"twitter:card\" content=\"summary_large_image\" \/>\n<meta name=\"twitter:label1\" content=\"Prix\" \/>\n\t<meta name=\"twitter:data1\" content=\"&euro;30.00\" \/>\n\t<meta name=\"twitter:label2\" content=\"Disponibilit\u00e9\" \/>\n\t<meta name=\"twitter:data2\" content=\"Rupture de stock\" \/>\n<script type=\"application\/ld+json\" class=\"yoast-schema-graph\">{\"@context\":\"https:\/\/schema.org\",\"@graph\":[{\"@type\":\"WebPage\",\"@id\":\"https:\/\/iberoid.com\/fr\/product\/sustaplex-250-sustanon-250mg-andro-medicals\/\",\"url\":\"https:\/\/iberoid.com\/fr\/product\/sustaplex-250-sustanon-250mg-andro-medicals\/\",\"name\":\"Sustaplex 250 - (Espa\u00f1ol) Esteroides en l\u00ednea\",\"isPartOf\":{\"@id\":\"https:\/\/iberoid-shop.com\/#website\"},\"primaryImageOfPage\":{\"@id\":\"https:\/\/iberoid.com\/fr\/product\/sustaplex-250-sustanon-250mg-andro-medicals\/#primaryimage\"},\"image\":{\"@id\":\"https:\/\/iberoid.com\/fr\/product\/sustaplex-250-sustanon-250mg-andro-medicals\/#primaryimage\"},\"thumbnailUrl\":\"https:\/\/iberoid.com\/wp-content\/uploads\/2021\/01\/susta-andro.jpg?v=1678120056\",\"datePublished\":\"2021-01-26T19:32:39+00:00\",\"dateModified\":\"2021-09-18T21:48:40+00:00\",\"breadcrumb\":{\"@id\":\"https:\/\/iberoid.com\/fr\/product\/sustaplex-250-sustanon-250mg-andro-medicals\/#breadcrumb\"},\"inLanguage\":\"fr-FR\",\"potentialAction\":[{\"@type\":\"ReadAction\",\"target\":[[\"https:\/\/iberoid.com\/fr\/product\/sustaplex-250-sustanon-250mg-andro-medicals\/\"]]}]},{\"@type\":\"ImageObject\",\"inLanguage\":\"fr-FR\",\"@id\":\"https:\/\/iberoid.com\/fr\/product\/sustaplex-250-sustanon-250mg-andro-medicals\/#primaryimage\",\"url\":\"https:\/\/iberoid.com\/wp-content\/uploads\/2021\/01\/susta-andro.jpg?v=1678120056\",\"contentUrl\":\"https:\/\/iberoid.com\/wp-content\/uploads\/2021\/01\/susta-andro.jpg?v=1678120056\",\"width\":800,\"height\":692},{\"@type\":\"BreadcrumbList\",\"@id\":\"https:\/\/iberoid.com\/fr\/product\/sustaplex-250-sustanon-250mg-andro-medicals\/#breadcrumb\",\"itemListElement\":[{\"@type\":\"ListItem\",\"position\":1,\"name\":\"Portada\",\"item\":\"https:\/\/iberoid.com\/fr\/\"},{\"@type\":\"ListItem\",\"position\":2,\"name\":\"Magasin\",\"item\":\"https:\/\/iberoid.com\/fr\/shop\/\"},{\"@type\":\"ListItem\",\"position\":3,\"name\":\"Sustaplex 250\"}]},{\"@type\":\"WebSite\",\"@id\":\"https:\/\/iberoid-shop.com\/#website\",\"url\":\"https:\/\/iberoid-shop.com\/\",\"name\":\"(Espa\u00f1ol) Esteroides en l\u00ednea\",\"description\":\"(Espa\u00f1ol) Comprar esteroides en l\u00ednea hoy en Espa\u00f1a y Portugal. Tenemos el mejor servicio al cliente en la industria y los productos de la m\u00e1s alta calidad\",\"potentialAction\":[{\"@type\":\"SearchAction\",\"target\":{\"@type\":\"EntryPoint\",\"urlTemplate\":\"https:\/\/iberoid-shop.com\/?s={search_term_string}\"},\"query-input\":{\"@type\":\"PropertyValueSpecification\",\"valueRequired\":true,\"valueName\":\"search_term_string\"}}],\"inLanguage\":\"fr-FR\"}]}<\/script>\n<meta property=\"product:brand\" content=\"Andro Medicals\" \/>\n<meta property=\"product:price:amount\" content=\"30.00\" \/>\n<meta property=\"product:price:currency\" content=\"EUR\" \/>\n<meta property=\"og:availability\" content=\"out of stock\" \/>\n<meta property=\"product:availability\" content=\"out of stock\" \/>\n<meta property=\"product:condition\" content=\"new\" \/>\n<!-- \/ Yoast SEO Premium plugin. -->","yoast_head_json":{"title":"Sustaplex 250 - (Espa\u00f1ol) Esteroides en l\u00ednea","robots":{"index":"index","follow":"follow","max-snippet":"max-snippet:-1","max-image-preview":"max-image-preview:large","max-video-preview":"max-video-preview:-1"},"canonical":"https:\/\/iberoid.com\/fr\/product\/sustaplex-250-sustanon-250mg-andro-medicals\/","og_locale":"fr_FR","og_type":"article","og_title":"Sustaplex 250","og_description":"Sustaplex &#8211; est un m\u00e9lange de 4 esters de testost\u00e9rone diff\u00e9rents, fabriqu\u00e9s par la soci\u00e9t\u00e9 pharmaceutique Andro Medicals. Ce m\u00e9dicament","og_url":"https:\/\/iberoid.com\/fr\/product\/sustaplex-250-sustanon-250mg-andro-medicals\/","og_site_name":"(Espa\u00f1ol) Esteroides en l\u00ednea","article_modified_time":"2021-09-18T21:48:40+00:00","og_image":[{"width":800,"height":692,"url":"https:\/\/iberoid.com\/wp-content\/uploads\/2021\/01\/susta-andro.jpg?v=1678120056","type":"image\/jpeg"}],"twitter_card":"summary_large_image","twitter_misc":{"Prix":"&euro;30.00","Disponibilit\u00e9":"Rupture de stock"},"schema":{"@context":"https:\/\/schema.org","@graph":[{"@type":"WebPage","@id":"https:\/\/iberoid.com\/fr\/product\/sustaplex-250-sustanon-250mg-andro-medicals\/","url":"https:\/\/iberoid.com\/fr\/product\/sustaplex-250-sustanon-250mg-andro-medicals\/","name":"Sustaplex 250 - (Espa\u00f1ol) Esteroides en l\u00ednea","isPartOf":{"@id":"https:\/\/iberoid-shop.com\/#website"},"primaryImageOfPage":{"@id":"https:\/\/iberoid.com\/fr\/product\/sustaplex-250-sustanon-250mg-andro-medicals\/#primaryimage"},"image":{"@id":"https:\/\/iberoid.com\/fr\/product\/sustaplex-250-sustanon-250mg-andro-medicals\/#primaryimage"},"thumbnailUrl":"https:\/\/iberoid.com\/wp-content\/uploads\/2021\/01\/susta-andro.jpg?v=1678120056","datePublished":"2021-01-26T19:32:39+00:00","dateModified":"2021-09-18T21:48:40+00:00","breadcrumb":{"@id":"https:\/\/iberoid.com\/fr\/product\/sustaplex-250-sustanon-250mg-andro-medicals\/#breadcrumb"},"inLanguage":"fr-FR","potentialAction":[{"@type":"ReadAction","target":[["https:\/\/iberoid.com\/fr\/product\/sustaplex-250-sustanon-250mg-andro-medicals\/"]]}]},{"@type":"ImageObject","inLanguage":"fr-FR","@id":"https:\/\/iberoid.com\/fr\/product\/sustaplex-250-sustanon-250mg-andro-medicals\/#primaryimage","url":"https:\/\/iberoid.com\/wp-content\/uploads\/2021\/01\/susta-andro.jpg?v=1678120056","contentUrl":"https:\/\/iberoid.com\/wp-content\/uploads\/2021\/01\/susta-andro.jpg?v=1678120056","width":800,"height":692},{"@type":"BreadcrumbList","@id":"https:\/\/iberoid.com\/fr\/product\/sustaplex-250-sustanon-250mg-andro-medicals\/#breadcrumb","itemListElement":[{"@type":"ListItem","position":1,"name":"Portada","item":"https:\/\/iberoid.com\/fr\/"},{"@type":"ListItem","position":2,"name":"Magasin","item":"https:\/\/iberoid.com\/fr\/shop\/"},{"@type":"ListItem","position":3,"name":"Sustaplex 250"}]},{"@type":"WebSite","@id":"https:\/\/iberoid-shop.com\/#website","url":"https:\/\/iberoid-shop.com\/","name":"(Espa\u00f1ol) Esteroides en l\u00ednea","description":"(Espa\u00f1ol) Comprar esteroides en l\u00ednea hoy en Espa\u00f1a y Portugal. Tenemos el mejor servicio al cliente en la industria y los productos de la m\u00e1s alta calidad","potentialAction":[{"@type":"SearchAction","target":{"@type":"EntryPoint","urlTemplate":"https:\/\/iberoid-shop.com\/?s={search_term_string}"},"query-input":{"@type":"PropertyValueSpecification","valueRequired":true,"valueName":"search_term_string"}}],"inLanguage":"fr-FR"}]},"product_brand":"Andro Medicals","product_price_amount":"30.00","product_price_currency":"EUR","og_availability":"out of stock","product_availability":"out of stock","product_condition":"new"},"_links":{"self":[{"href":"https:\/\/iberoid.com\/fr\/wp-json\/wp\/v2\/product\/5663","targetHints":{"allow":["GET"]}}],"collection":[{"href":"https:\/\/iberoid.com\/fr\/wp-json\/wp\/v2\/product"}],"about":[{"href":"https:\/\/iberoid.com\/fr\/wp-json\/wp\/v2\/types\/product"}],"replies":[{"embeddable":true,"href":"https:\/\/iberoid.com\/fr\/wp-json\/wp\/v2\/comments?post=5663"}],"wp:featuredmedia":[{"embeddable":true,"href":"https:\/\/iberoid.com\/fr\/wp-json\/wp\/v2\/media\/5664"}],"wp:attachment":[{"href":"https:\/\/iberoid.com\/fr\/wp-json\/wp\/v2\/media?parent=5663"}],"wp:term":[{"taxonomy":"product_brand","embeddable":true,"href":"https:\/\/iberoid.com\/fr\/wp-json\/wp\/v2\/product_brand?post=5663"},{"taxonomy":"product_cat","embeddable":true,"href":"https:\/\/iberoid.com\/fr\/wp-json\/wp\/v2\/product_cat?post=5663"},{"taxonomy":"product_tag","embeddable":true,"href":"https:\/\/iberoid.com\/fr\/wp-json\/wp\/v2\/product_tag?post=5663"}],"curies":[{"name":"wp","href":"https:\/\/api.w.org\/{rel}","templated":true}]}}