{"id":5972,"date":"2021-04-10T16:05:00","date_gmt":"2021-04-10T16:05:00","guid":{"rendered":"https:\/\/iberoid.com\/?post_type=product&#038;p=5972"},"modified":"2026-03-04T15:50:56","modified_gmt":"2026-03-04T15:50:56","slug":"m-ject-100-10ml-drostanolone-propionate-masteron100mg","status":"publish","type":"product","link":"https:\/\/iberoid.com\/fr\/product\/m-ject-100-10ml-drostanolone-propionate-masteron100mg\/","title":{"rendered":"M-JECT 100,MASTERON 10ml &#8211; Drostanolone propionate"},"content":{"rendered":"<p><\/p>\n<h2>M-JECT100 \u2013 MUSCLE PHARM \u2013 MASTERON<\/h2>\n<p>M-JECT100 \u2013 Muscle Pharm \u2013 Masteron (Drostanolone Propionate) est un st\u00e9ro\u00efde injectable liposoluble qui contient une substance active appel\u00e9e Drostanolone Propionate (Masteron \/ Masteron) dans un flacon multidose de 10 ml de solution d\u2019huile.<\/p>\n<p>En m\u00e9decine, ce st\u00e9ro\u00efde est utilis\u00e9 comme m\u00e9dicament contre le cancer du sein.\u00a0Hautement androg\u00e8ne et hautement anabolisant, le propionate de Drostanolone aide \u00e0 augmenter la fermet\u00e9 et la densit\u00e9 des muscles.\u00a0Parce qu\u2019il s\u2019agit d\u2019un d\u00e9riv\u00e9 de la dihydrotestost\u00e9rone, la drostanolone ne s\u2019aromatise pas et ne peut donc pas \u00eatre convertie en \u0153strog\u00e8ne.\u00a0Ce st\u00e9ro\u00efde anabolisant est souvent utilis\u00e9 par les sportifs sensibles aux effets secondaires et notamment aux \u0153strog\u00e8nes.\u00a0Masteron est un bloqueur d\u2019oestrog\u00e8ne et cette qualit\u00e9 le rend souhaitable lors du choix de produits qui n\u2019affectent pas l\u2019\u00e9quilibre hormonal, principalement la testost\u00e9rone.<\/p>\n<h2>LE BESOIN DE PROTECTEURS LORS DE L\u2019UTILISATION DE MASTERON EST INUTILE.<\/h2>\n<p>Avec une action et une \u00e9limination relativement rapides du corps en raison de l\u2019imposition d\u2019une crise sur l\u2019ester de propionate \u00e0 la base de sa mol\u00e9cule.\u00a0Les constructeurs utilisent le propionate de Drostenolone \/ Drostanolone pour couper \/ trancher (dans les cycles de soulagement d\u2019\u00e9t\u00e9 et avant les comp\u00e9titions de musculation).<\/p>\n<p>Pour obtenir de meilleurs r\u00e9sultats sportifs, les culturistes preferent combiner Masteron Propionate\u00a0 avec la propionate de testost\u00e9rone, Trenbolone ou des st\u00e9ro\u00efdes oraux tels que Winstrol, Stanozolol, Anavar. Gr\u00e2ce \u00e0 cette combinaison, les culturistes obtiennent des muscles enormes avec des muscles bien d\u00e9finis. La dose recommand\u00e9e pour les culturistes masculins est de 300 \u00e0 600 mg \/ semaine.\u00a0Les femmes prennent g\u00e9n\u00e9ralement 100 \u00e0 300 mg \/ semaine.\u00a0En raison de ses fortes propri\u00e9t\u00e9s androg\u00e8nes, les athl\u00e8tes signalent des effets secondaires tels que: peau grasse et augmentation de la libido.<\/p>\n<p>Dose moyenne: 300 \u2013 600 mg par semaine<br \/>\nDemi-vie: 2 \u00e0 3 jours<br \/>\nR\u00e9tention d\u2019eau: Non<br \/>\nAromatisation: Non<br \/>\nTransformation DHT: Non<\/p>\n<h2>MASTERON PROPIONATE NE S\u2019AROMATISE \u00c0 AUCUNE DOSE<\/h2>\n<p>L\u2019augmentation de la masse musculaire est souvent mentionn\u00e9e par les athl\u00e8tes qui l\u2019utilisent.\u00a0Il est in\u00e9gal\u00e9 dans son effet, rendant le soulagement des muscles, dense et plein.\u00a0La pr\u00e9paration durcit les muscles d\u00e9j\u00e0 bien secs. En utilisant cette pr\u00e9paration, le culturiste met l\u2019accent sur la s\u00e9paration des fibres musculaire. Son utilisation provoque un durcissement musculaire dont tous les athl\u00e8tes ont besoin. Les culturistes l\u2019utilisent les 4-5 derni\u00e8res semaines avant la competition, avec Primobolan, Parabolan, Oxandrolone et Winstrol. Nolvadex n\u2019est g\u00e9n\u00e9ralement pas utilis\u00e9 avec lui car Masteron ne s\u2019aromatise pas quelque soit le dosage. La toxicit\u00e9 de cette pr\u00e9paration pour le foie est tr\u00e8s faible.<\/p>\n<p>Ce st\u00e9ro\u00efde pr\u00e9sente une forte activit\u00e9 anabolique et une androg\u00e9nicit\u00e9 plus faible que la testost\u00e9rone.\u00a0En plus des cycles pr\u00e9-course, il peut \u00eatre utilis\u00e9 dans des cycles o\u00f9 la r\u00e9tention d\u2019eau et l\u2019ar\u00f4matisation sont \u00e9vit\u00e9s. Dans ce cas, les athl\u00e8tes parlent de force accrue et de beaux muscles.\u00a0Il n\u2019a pas la m\u00eame augmentation de force que la testost\u00e9rone, car la caract\u00e9ristique de r\u00e9tention d\u2019eau de la testost\u00e9rone fonctionne mieux pour cela.\u00a0Il entre et sort rapidement de l\u2019\u00e9change.\u00a0Le propionate de Drostanolone ayant une demi-vie courte, des injections fr\u00e9quentes sont n\u00e9cessaires. Ce fait rend le Masteron tr\u00e8s int\u00e9ressant lorsque les culturistes doivent faire un test urinaire n\u00e9gatif lors d\u2019un test de dopage.<\/p>\n<h2>Dosage Drostanolone Propionate<\/h2>\n<p>Les doses habituelles sont de 100 mg tous les 3 \u00e0 6 jours.\u00a0L\u2019ester di-propionate utilis\u00e9 avec ce compos\u00e9 agit en quelques jours seulement.\u00a0Avec une dur\u00e9e aussi courte, les injections doivent \u00eatre r\u00e9p\u00e9t\u00e9es au moins tous les 3 ou 4 jours pour maintenir un niveau constant de l\u2019hormone dans le sang.\u00a0Les doses hebdomadaires sont comprises entre 300 et 500 mg.\u00a0Si les femmes prennent le m\u00e9dicament, la dose ne doit pas d\u00e9passer 25 \u00e0 50 mg par semaine.<\/p>","protected":false},"excerpt":{"rendered":"<p>M-JECT100 \u2013 MUSCLE PHARM \u2013 MASTERON M-JECT100 \u2013 Muscle Pharm \u2013 Masteron (Drostanolone Propionate) est un st\u00e9ro\u00efde injectable liposoluble qui<\/p>\n","protected":false},"featured_media":5973,"comment_status":"open","ping_status":"closed","template":"","meta":[],"product_brand":[],"product_cat":[69],"product_tag":[],"class_list":{"0":"post-5972","1":"product","2":"type-product","3":"status-publish","4":"has-post-thumbnail","6":"product_cat-esteroides_inyectables","8":"first","9":"instock","10":"sale","11":"shipping-taxable","12":"purchasable","13":"product-type-simple"},"yoast_head":"<!-- This site is optimized with the Yoast SEO Premium plugin v24.4 (Yoast SEO v27.3) - https:\/\/yoast.com\/product\/yoast-seo-premium-wordpress\/ -->\n<title>M-JECT 100,MASTERON 10ml - Drostanolone propionate - (Espa\u00f1ol) Esteroides en l\u00ednea<\/title>\n<meta name=\"description\" content=\"M-JECT100 (Propionate de Drostanolone) est un st\u00e9ro\u00efde injectable, non aromatisant, utilis\u00e9 pour la fermet\u00e9, la densit\u00e9 musculaire et les cycles de s\u00e8che.\" \/>\n<meta name=\"robots\" content=\"index, follow, max-snippet:-1, max-image-preview:large, max-video-preview:-1\" \/>\n<link rel=\"canonical\" href=\"https:\/\/iberoid.com\/fr\/product\/m-ject-100-10ml-drostanolone-propionate-masteron100mg\/\" \/>\n<meta property=\"og:locale\" content=\"fr_FR\" \/>\n<meta property=\"og:type\" content=\"article\" \/>\n<meta property=\"og:title\" content=\"M-JECT 100,MASTERON 10ml - Drostanolone propionate\" \/>\n<meta property=\"og:description\" content=\"M-JECT100 (Propionate de Drostanolone) est un st\u00e9ro\u00efde injectable, non aromatisant, utilis\u00e9 pour la fermet\u00e9, la densit\u00e9 musculaire et les cycles de s\u00e8che.\" \/>\n<meta property=\"og:url\" content=\"https:\/\/iberoid.com\/fr\/product\/m-ject-100-10ml-drostanolone-propionate-masteron100mg\/\" \/>\n<meta property=\"og:site_name\" content=\"(Espa\u00f1ol) Esteroides en l\u00ednea\" \/>\n<meta property=\"article:modified_time\" content=\"2026-03-04T15:50:56+00:00\" \/>\n<meta property=\"og:image\" content=\"https:\/\/iberoid.com\/wp-content\/uploads\/2021\/04\/mject-scaled.jpg?v=1678120020\" \/>\n\t<meta property=\"og:image:width\" content=\"2560\" \/>\n\t<meta property=\"og:image:height\" content=\"2058\" \/>\n\t<meta property=\"og:image:type\" content=\"image\/jpeg\" \/>\n<meta name=\"twitter:card\" content=\"summary_large_image\" \/>\n<meta name=\"twitter:label1\" content=\"Prix\" \/>\n\t<meta name=\"twitter:data1\" content=\"&euro;40.00\" \/>\n\t<meta name=\"twitter:label2\" content=\"Disponibilit\u00e9\" \/>\n\t<meta name=\"twitter:data2\" content=\"En stock\" \/>\n<script type=\"application\/ld+json\" class=\"yoast-schema-graph\">{\"@context\":\"https:\\\/\\\/schema.org\",\"@graph\":[{\"@type\":\"WebPage\",\"@id\":\"https:\\\/\\\/iberoid.com\\\/fr\\\/product\\\/m-ject-100-10ml-drostanolone-propionate-masteron100mg\\\/\",\"url\":\"https:\\\/\\\/iberoid.com\\\/fr\\\/product\\\/m-ject-100-10ml-drostanolone-propionate-masteron100mg\\\/\",\"name\":\"M-JECT 100,MASTERON 10ml - Drostanolone propionate - (Espa\u00f1ol) Esteroides en l\u00ednea\",\"isPartOf\":{\"@id\":\"https:\\\/\\\/iberoid.com\\\/fr\\\/#website\"},\"primaryImageOfPage\":{\"@id\":\"https:\\\/\\\/iberoid.com\\\/fr\\\/product\\\/m-ject-100-10ml-drostanolone-propionate-masteron100mg\\\/#primaryimage\"},\"image\":{\"@id\":\"https:\\\/\\\/iberoid.com\\\/fr\\\/product\\\/m-ject-100-10ml-drostanolone-propionate-masteron100mg\\\/#primaryimage\"},\"thumbnailUrl\":\"https:\\\/\\\/iberoid.com\\\/wp-content\\\/uploads\\\/2021\\\/04\\\/mject-scaled.jpg?v=1678120020\",\"datePublished\":\"2021-04-10T16:05:00+00:00\",\"dateModified\":\"2026-03-04T15:50:56+00:00\",\"description\":\"M-JECT100 (Propionate de Drostanolone) est un st\u00e9ro\u00efde injectable, non aromatisant, utilis\u00e9 pour la fermet\u00e9, la densit\u00e9 musculaire et les cycles de s\u00e8che.\",\"breadcrumb\":{\"@id\":\"https:\\\/\\\/iberoid.com\\\/fr\\\/product\\\/m-ject-100-10ml-drostanolone-propionate-masteron100mg\\\/#breadcrumb\"},\"inLanguage\":\"fr-FR\",\"potentialAction\":[{\"@type\":\"ReadAction\",\"target\":[[\"https:\\\/\\\/iberoid.com\\\/fr\\\/product\\\/m-ject-100-10ml-drostanolone-propionate-masteron100mg\\\/\"]]}]},{\"@type\":\"ImageObject\",\"inLanguage\":\"fr-FR\",\"@id\":\"https:\\\/\\\/iberoid.com\\\/fr\\\/product\\\/m-ject-100-10ml-drostanolone-propionate-masteron100mg\\\/#primaryimage\",\"url\":\"https:\\\/\\\/iberoid.com\\\/wp-content\\\/uploads\\\/2021\\\/04\\\/mject-scaled.jpg?v=1678120020\",\"contentUrl\":\"https:\\\/\\\/iberoid.com\\\/wp-content\\\/uploads\\\/2021\\\/04\\\/mject-scaled.jpg?v=1678120020\",\"width\":2560,\"height\":2058},{\"@type\":\"BreadcrumbList\",\"@id\":\"https:\\\/\\\/iberoid.com\\\/fr\\\/product\\\/m-ject-100-10ml-drostanolone-propionate-masteron100mg\\\/#breadcrumb\",\"itemListElement\":[{\"@type\":\"ListItem\",\"position\":1,\"name\":\"Portada\",\"item\":\"https:\\\/\\\/iberoid.com\\\/fr\\\/\"},{\"@type\":\"ListItem\",\"position\":2,\"name\":\"Magasin\",\"item\":\"https:\\\/\\\/iberoid.com\\\/fr\\\/shop\\\/\"},{\"@type\":\"ListItem\",\"position\":3,\"name\":\"M-JECT 100,MASTERON 10ml &#8211; Drostanolone propionate\"}]},{\"@type\":\"WebSite\",\"@id\":\"https:\\\/\\\/iberoid.com\\\/fr\\\/#website\",\"url\":\"https:\\\/\\\/iberoid.com\\\/fr\\\/\",\"name\":\"(Espa\u00f1ol) Esteroides en l\u00ednea\",\"description\":\"(Espa\u00f1ol) Comprar esteroides en l\u00ednea hoy en Espa\u00f1a y Portugal. Tenemos el mejor servicio al cliente en la industria y los productos de la m\u00e1s alta calidad\",\"potentialAction\":[{\"@type\":\"SearchAction\",\"target\":{\"@type\":\"EntryPoint\",\"urlTemplate\":\"https:\\\/\\\/iberoid.com\\\/fr\\\/?s={search_term_string}\"},\"query-input\":{\"@type\":\"PropertyValueSpecification\",\"valueRequired\":true,\"valueName\":\"search_term_string\"}}],\"inLanguage\":\"fr-FR\"}]}<\/script>\n<meta property=\"product:brand\" content=\"Muscle Pharm\" \/>\n<meta property=\"product:price:amount\" content=\"40.00\" \/>\n<meta property=\"product:price:currency\" content=\"EUR\" \/>\n<meta property=\"og:availability\" content=\"instock\" \/>\n<meta property=\"product:availability\" content=\"instock\" \/>\n<meta property=\"product:condition\" content=\"new\" \/>\n<!-- \/ Yoast SEO Premium plugin. -->","yoast_head_json":{"title":"M-JECT 100,MASTERON 10ml - Drostanolone propionate - (Espa\u00f1ol) Esteroides en l\u00ednea","description":"M-JECT100 (Propionate de Drostanolone) est un st\u00e9ro\u00efde injectable, non aromatisant, utilis\u00e9 pour la fermet\u00e9, la densit\u00e9 musculaire et les cycles de s\u00e8che.","robots":{"index":"index","follow":"follow","max-snippet":"max-snippet:-1","max-image-preview":"max-image-preview:large","max-video-preview":"max-video-preview:-1"},"canonical":"https:\/\/iberoid.com\/fr\/product\/m-ject-100-10ml-drostanolone-propionate-masteron100mg\/","og_locale":"fr_FR","og_type":"article","og_title":"M-JECT 100,MASTERON 10ml - Drostanolone propionate","og_description":"M-JECT100 (Propionate de Drostanolone) est un st\u00e9ro\u00efde injectable, non aromatisant, utilis\u00e9 pour la fermet\u00e9, la densit\u00e9 musculaire et les cycles de s\u00e8che.","og_url":"https:\/\/iberoid.com\/fr\/product\/m-ject-100-10ml-drostanolone-propionate-masteron100mg\/","og_site_name":"(Espa\u00f1ol) Esteroides en l\u00ednea","article_modified_time":"2026-03-04T15:50:56+00:00","og_image":[{"width":2560,"height":2058,"url":"https:\/\/iberoid.com\/wp-content\/uploads\/2021\/04\/mject-scaled.jpg?v=1678120020","type":"image\/jpeg"}],"twitter_card":"summary_large_image","twitter_misc":{"Prix":"&euro;40.00","Disponibilit\u00e9":"En stock"},"schema":{"@context":"https:\/\/schema.org","@graph":[{"@type":"WebPage","@id":"https:\/\/iberoid.com\/fr\/product\/m-ject-100-10ml-drostanolone-propionate-masteron100mg\/","url":"https:\/\/iberoid.com\/fr\/product\/m-ject-100-10ml-drostanolone-propionate-masteron100mg\/","name":"M-JECT 100,MASTERON 10ml - Drostanolone propionate - (Espa\u00f1ol) Esteroides en l\u00ednea","isPartOf":{"@id":"https:\/\/iberoid.com\/fr\/#website"},"primaryImageOfPage":{"@id":"https:\/\/iberoid.com\/fr\/product\/m-ject-100-10ml-drostanolone-propionate-masteron100mg\/#primaryimage"},"image":{"@id":"https:\/\/iberoid.com\/fr\/product\/m-ject-100-10ml-drostanolone-propionate-masteron100mg\/#primaryimage"},"thumbnailUrl":"https:\/\/iberoid.com\/wp-content\/uploads\/2021\/04\/mject-scaled.jpg?v=1678120020","datePublished":"2021-04-10T16:05:00+00:00","dateModified":"2026-03-04T15:50:56+00:00","description":"M-JECT100 (Propionate de Drostanolone) est un st\u00e9ro\u00efde injectable, non aromatisant, utilis\u00e9 pour la fermet\u00e9, la densit\u00e9 musculaire et les cycles de s\u00e8che.","breadcrumb":{"@id":"https:\/\/iberoid.com\/fr\/product\/m-ject-100-10ml-drostanolone-propionate-masteron100mg\/#breadcrumb"},"inLanguage":"fr-FR","potentialAction":[{"@type":"ReadAction","target":[["https:\/\/iberoid.com\/fr\/product\/m-ject-100-10ml-drostanolone-propionate-masteron100mg\/"]]}]},{"@type":"ImageObject","inLanguage":"fr-FR","@id":"https:\/\/iberoid.com\/fr\/product\/m-ject-100-10ml-drostanolone-propionate-masteron100mg\/#primaryimage","url":"https:\/\/iberoid.com\/wp-content\/uploads\/2021\/04\/mject-scaled.jpg?v=1678120020","contentUrl":"https:\/\/iberoid.com\/wp-content\/uploads\/2021\/04\/mject-scaled.jpg?v=1678120020","width":2560,"height":2058},{"@type":"BreadcrumbList","@id":"https:\/\/iberoid.com\/fr\/product\/m-ject-100-10ml-drostanolone-propionate-masteron100mg\/#breadcrumb","itemListElement":[{"@type":"ListItem","position":1,"name":"Portada","item":"https:\/\/iberoid.com\/fr\/"},{"@type":"ListItem","position":2,"name":"Magasin","item":"https:\/\/iberoid.com\/fr\/shop\/"},{"@type":"ListItem","position":3,"name":"M-JECT 100,MASTERON 10ml &#8211; Drostanolone propionate"}]},{"@type":"WebSite","@id":"https:\/\/iberoid.com\/fr\/#website","url":"https:\/\/iberoid.com\/fr\/","name":"(Espa\u00f1ol) Esteroides en l\u00ednea","description":"(Espa\u00f1ol) Comprar esteroides en l\u00ednea hoy en Espa\u00f1a y Portugal. Tenemos el mejor servicio al cliente en la industria y los productos de la m\u00e1s alta calidad","potentialAction":[{"@type":"SearchAction","target":{"@type":"EntryPoint","urlTemplate":"https:\/\/iberoid.com\/fr\/?s={search_term_string}"},"query-input":{"@type":"PropertyValueSpecification","valueRequired":true,"valueName":"search_term_string"}}],"inLanguage":"fr-FR"}]},"product_brand":"Muscle Pharm","product_price_amount":"40.00","product_price_currency":"EUR","og_availability":"instock","product_availability":"instock","product_condition":"new"},"_links":{"self":[{"href":"https:\/\/iberoid.com\/fr\/wp-json\/wp\/v2\/product\/5972","targetHints":{"allow":["GET"]}}],"collection":[{"href":"https:\/\/iberoid.com\/fr\/wp-json\/wp\/v2\/product"}],"about":[{"href":"https:\/\/iberoid.com\/fr\/wp-json\/wp\/v2\/types\/product"}],"replies":[{"embeddable":true,"href":"https:\/\/iberoid.com\/fr\/wp-json\/wp\/v2\/comments?post=5972"}],"wp:featuredmedia":[{"embeddable":true,"href":"https:\/\/iberoid.com\/fr\/wp-json\/wp\/v2\/media\/5973"}],"wp:attachment":[{"href":"https:\/\/iberoid.com\/fr\/wp-json\/wp\/v2\/media?parent=5972"}],"wp:term":[{"taxonomy":"product_brand","embeddable":true,"href":"https:\/\/iberoid.com\/fr\/wp-json\/wp\/v2\/product_brand?post=5972"},{"taxonomy":"product_cat","embeddable":true,"href":"https:\/\/iberoid.com\/fr\/wp-json\/wp\/v2\/product_cat?post=5972"},{"taxonomy":"product_tag","embeddable":true,"href":"https:\/\/iberoid.com\/fr\/wp-json\/wp\/v2\/product_tag?post=5972"}],"curies":[{"name":"wp","href":"https:\/\/api.w.org\/{rel}","templated":true}]}}