{"id":5974,"date":"2021-04-10T16:09:22","date_gmt":"2021-04-10T16:09:22","guid":{"rendered":"https:\/\/iberoid.com\/?post_type=product&#038;p=5974"},"modified":"2026-02-08T12:20:47","modified_gmt":"2026-02-08T12:20:47","slug":"b-ject-200-10ml-boldenone-undecylenate-1ml-200mg","status":"publish","type":"product","link":"https:\/\/iberoid.com\/fr\/product\/b-ject-200-10ml-boldenone-undecylenate-1ml-200mg\/","title":{"rendered":"B-JECT 200 10ml &#8211; Boldenone undecylenate"},"content":{"rendered":"<p>B-JECT 200 est un st\u00e9ro\u00efde destin\u00e9 \u00e0 \u00eatre une forme de st\u00e9ro\u00efde injectable \u00e0 action prolong\u00e9e. Les injections de bold\u00e9none sont les m\u00eames que les autres st\u00e9ro\u00efdes synth\u00e9tiques. C&rsquo;est un puissant agent anabolisant \u00e0 faibles doses et \u00e0 fortes doses, il poss\u00e8de \u00e0 la fois des propri\u00e9t\u00e9s anabolisantes et androg\u00e8nes. A faible dose, il peut renforcer le corps lorsque le r\u00e9gime est riche en calories. La bold\u00e9none est une forme modifi\u00e9e de testost\u00e9rone. Il en diff\u00e8re par l&rsquo;avant-propos d&rsquo;une double liaison entre les carbones qui r\u00e9duit son \u0153strog\u00e9nicit\u00e9 et son androg\u00e9nicit\u00e9 relatives.<\/p>\n<p>Qu&rsquo;est-ce que l&rsquo;und\u00e9cyl\u00e9nate de bold\u00e9none ?<\/p>\n<p>Les injections de bold\u00e9none sont fondamentalement la m\u00eame hormone que le dianabol, \u00e0 l&rsquo;exception d&rsquo;un \u00e9norme changement. Les enzymes de votre foie finiront par s\u00e9parer la cha\u00eene ester de l&rsquo;hormone Boldenone, la lib\u00e9rant enfin, ce qui pourra interagir avec les r\u00e9cepteurs androg\u00e8nes de vos cellules musculaires.<\/p>\n<p>Quels sont les effets secondaires de Boldenone Undecylenate?<\/p>\n<p>Le probl\u00e8me majeur avec l&rsquo;\u00e9quilibre est qu&rsquo;il est connu pour causer de l&rsquo;acn\u00e9 sur la poitrine, le dos et les \u00e9paules. Donc, si vous avez tendance \u00e0 l&rsquo;acn\u00e9, assurez-vous d&rsquo;utiliser quotidiennement un savon et une lotion antibact\u00e9riens et anti-acn\u00e9.<\/p>\n<p>Un autre effet secondaire de nature anecdotique est l&rsquo;augmentation de l&rsquo;app\u00e9tit qui a \u00e9t\u00e9 signal\u00e9e par de nombreux utilisateurs de l&rsquo;industrie. Plusieurs clients avec lesquels je travaille ont signal\u00e9 une faim et des envies constantes, ce qui est quelque chose \u00e0 consid\u00e9rer si vous coupez avec \u00e9quilibre. Je vous sugg\u00e8re de commencer avec une dose plus faible d&rsquo;EQ si vous coupez pour contr\u00f4ler d&rsquo;\u00e9ventuels probl\u00e8mes d&rsquo;app\u00e9tit.<\/p>\n<p>Quelle est la demi-vie de l&rsquo;und\u00e9cyl\u00e9nate de bold\u00e9none ?<\/p>\n<p>Boldenone a une tr\u00e8s longue demi-vie de 14 jours. De plus, il peut rester dans le corps pendant des mois voire des ann\u00e9es et son utilisation n&rsquo;est donc pas recommand\u00e9e pendant les saisons sportives actives car l&rsquo;utilisateur est s\u00fbr d&rsquo;\u00eatre test\u00e9 positif.<\/p>\n<p>Quels dosages utiliser ?<\/p>\n<p>Il est utilis\u00e9 par les athl\u00e8tes et les culturistes pour augmenter la masse musculaire d&rsquo;endurance et la production de globules rouges dans le corps. Il est surtout connu pour fournir des gains lents mais constants pendant les cycles de gonflement. EQ peut \u00eatre utilis\u00e9 \u00e0 des doses allant de 200 mg \u00e0 600 mg par semaine pendant 12 semaines.<\/p>\n<p>En usage m\u00e9dical, l&rsquo;\u00e9quilibre peut favoriser le facteur de stimulation de l&rsquo;\u00e9rythropo\u00ef\u00e9tine (EPO) qui \u00e0 son tour stimule la croissance de la moelle osseuse, ce qui entra\u00eene une augmentation de la production de globules rouges. Plus de globules rouges signifie plus d&rsquo;h\u00e9moglobine et une capacit\u00e9 de transport d&rsquo;oxyg\u00e8ne plus \u00e9lev\u00e9e. L&rsquo;EQ peut \u00e9galement entra\u00eener des modifications des niveaux d&rsquo;\u00e9lectrolytes en raison de ses puissantes propri\u00e9t\u00e9s min\u00e9ralocortico\u00efdes.<\/p>\n<p>Pour les hommes, la dose moyenne est de 400 \u00e0 600 mg par semaine, mais j&rsquo;ai vu des gars aller jusqu&rsquo;\u00e0 1000 mg par semaine tant que des aides au cycle \u00e9taient utilis\u00e9es.<\/p>","protected":false},"excerpt":{"rendered":"<p>B-JECT 200 est un st\u00e9ro\u00efde destin\u00e9 \u00e0 \u00eatre une forme de st\u00e9ro\u00efde injectable \u00e0 action prolong\u00e9e. Les injections de bold\u00e9none<\/p>\n","protected":false},"featured_media":5975,"comment_status":"open","ping_status":"closed","template":"","meta":[],"product_brand":[],"product_cat":[69],"product_tag":[],"class_list":{"0":"post-5974","1":"product","2":"type-product","3":"status-publish","4":"has-post-thumbnail","6":"product_cat-esteroides_inyectables","8":"first","9":"instock","10":"shipping-taxable","11":"purchasable","12":"product-type-simple"},"yoast_head":"<!-- This site is optimized with the Yoast SEO Premium plugin v24.4 (Yoast SEO v27.0) - https:\/\/yoast.com\/product\/yoast-seo-premium-wordpress\/ -->\n<title>B-JECT 200 10ml - Boldenone undecylenate - (Espa\u00f1ol) Esteroides en l\u00ednea<\/title>\n<meta name=\"description\" content=\"B-JECT 200 (Und\u00e9cyl\u00e9nate de Bold\u00e9none) est un st\u00e9ro\u00efde \u00e0 action prolong\u00e9e qui augmente la masse musculaire, l&#039;endurance, les globules rouges et a de faibles effets \u0153strog\u00e9niques.\" \/>\n<meta name=\"robots\" content=\"index, follow, max-snippet:-1, max-image-preview:large, max-video-preview:-1\" \/>\n<link rel=\"canonical\" href=\"https:\/\/iberoid.com\/fr\/product\/b-ject-200-10ml-boldenone-undecylenate-1ml-200mg\/\" \/>\n<meta property=\"og:locale\" content=\"fr_FR\" \/>\n<meta property=\"og:type\" content=\"article\" \/>\n<meta property=\"og:title\" content=\"B-JECT 200 10ml - Boldenone undecylenate\" \/>\n<meta property=\"og:description\" content=\"B-JECT 200 (Und\u00e9cyl\u00e9nate de Bold\u00e9none) est un st\u00e9ro\u00efde \u00e0 action prolong\u00e9e qui augmente la masse musculaire, l&#039;endurance, les globules rouges et a de faibles effets \u0153strog\u00e9niques.\" \/>\n<meta property=\"og:url\" content=\"https:\/\/iberoid.com\/fr\/product\/b-ject-200-10ml-boldenone-undecylenate-1ml-200mg\/\" \/>\n<meta property=\"og:site_name\" content=\"(Espa\u00f1ol) Esteroides en l\u00ednea\" \/>\n<meta property=\"article:modified_time\" content=\"2026-02-08T12:20:47+00:00\" \/>\n<meta property=\"og:image\" content=\"https:\/\/iberoid.com\/wp-content\/uploads\/2021\/04\/bject-scaled.jpg?v=1767984011\" \/>\n\t<meta property=\"og:image:width\" content=\"2560\" \/>\n\t<meta property=\"og:image:height\" content=\"2058\" \/>\n\t<meta property=\"og:image:type\" content=\"image\/jpeg\" \/>\n<meta name=\"twitter:card\" content=\"summary_large_image\" \/>\n<meta name=\"twitter:label1\" content=\"Prix\" \/>\n\t<meta name=\"twitter:data1\" content=\"&euro;30.00\" \/>\n\t<meta name=\"twitter:label2\" content=\"Disponibilit\u00e9\" \/>\n\t<meta name=\"twitter:data2\" content=\"En stock\" \/>\n<script type=\"application\/ld+json\" class=\"yoast-schema-graph\">{\"@context\":\"https:\/\/schema.org\",\"@graph\":[{\"@type\":\"WebPage\",\"@id\":\"https:\/\/iberoid.com\/fr\/product\/b-ject-200-10ml-boldenone-undecylenate-1ml-200mg\/\",\"url\":\"https:\/\/iberoid.com\/fr\/product\/b-ject-200-10ml-boldenone-undecylenate-1ml-200mg\/\",\"name\":\"B-JECT 200 10ml - Boldenone undecylenate - (Espa\u00f1ol) Esteroides en l\u00ednea\",\"isPartOf\":{\"@id\":\"https:\/\/iberoid-shop.com\/#website\"},\"primaryImageOfPage\":{\"@id\":\"https:\/\/iberoid.com\/fr\/product\/b-ject-200-10ml-boldenone-undecylenate-1ml-200mg\/#primaryimage\"},\"image\":{\"@id\":\"https:\/\/iberoid.com\/fr\/product\/b-ject-200-10ml-boldenone-undecylenate-1ml-200mg\/#primaryimage\"},\"thumbnailUrl\":\"https:\/\/iberoid.com\/wp-content\/uploads\/2021\/04\/bject-scaled.jpg?v=1767984011\",\"datePublished\":\"2021-04-10T16:09:22+00:00\",\"dateModified\":\"2026-02-08T12:20:47+00:00\",\"description\":\"B-JECT 200 (Und\u00e9cyl\u00e9nate de Bold\u00e9none) est un st\u00e9ro\u00efde \u00e0 action prolong\u00e9e qui augmente la masse musculaire, l'endurance, les globules rouges et a de faibles effets \u0153strog\u00e9niques.\",\"breadcrumb\":{\"@id\":\"https:\/\/iberoid.com\/fr\/product\/b-ject-200-10ml-boldenone-undecylenate-1ml-200mg\/#breadcrumb\"},\"inLanguage\":\"fr-FR\",\"potentialAction\":[{\"@type\":\"ReadAction\",\"target\":[[\"https:\/\/iberoid.com\/fr\/product\/b-ject-200-10ml-boldenone-undecylenate-1ml-200mg\/\"]]}]},{\"@type\":\"ImageObject\",\"inLanguage\":\"fr-FR\",\"@id\":\"https:\/\/iberoid.com\/fr\/product\/b-ject-200-10ml-boldenone-undecylenate-1ml-200mg\/#primaryimage\",\"url\":\"https:\/\/iberoid.com\/wp-content\/uploads\/2021\/04\/bject-scaled.jpg?v=1767984011\",\"contentUrl\":\"https:\/\/iberoid.com\/wp-content\/uploads\/2021\/04\/bject-scaled.jpg?v=1767984011\",\"width\":2560,\"height\":2058},{\"@type\":\"BreadcrumbList\",\"@id\":\"https:\/\/iberoid.com\/fr\/product\/b-ject-200-10ml-boldenone-undecylenate-1ml-200mg\/#breadcrumb\",\"itemListElement\":[{\"@type\":\"ListItem\",\"position\":1,\"name\":\"Portada\",\"item\":\"https:\/\/iberoid.com\/fr\/\"},{\"@type\":\"ListItem\",\"position\":2,\"name\":\"Magasin\",\"item\":\"https:\/\/iberoid.com\/fr\/shop\/\"},{\"@type\":\"ListItem\",\"position\":3,\"name\":\"B-JECT 200 10ml &#8211; Boldenone undecylenate\"}]},{\"@type\":\"WebSite\",\"@id\":\"https:\/\/iberoid-shop.com\/#website\",\"url\":\"https:\/\/iberoid-shop.com\/\",\"name\":\"(Espa\u00f1ol) Esteroides en l\u00ednea\",\"description\":\"(Espa\u00f1ol) Comprar esteroides en l\u00ednea hoy en Espa\u00f1a y Portugal. Tenemos el mejor servicio al cliente en la industria y los productos de la m\u00e1s alta calidad\",\"potentialAction\":[{\"@type\":\"SearchAction\",\"target\":{\"@type\":\"EntryPoint\",\"urlTemplate\":\"https:\/\/iberoid-shop.com\/?s={search_term_string}\"},\"query-input\":{\"@type\":\"PropertyValueSpecification\",\"valueRequired\":true,\"valueName\":\"search_term_string\"}}],\"inLanguage\":\"fr-FR\"}]}<\/script>\n<meta property=\"product:brand\" content=\"Muscle Pharm\" \/>\n<meta property=\"product:price:amount\" content=\"30.00\" \/>\n<meta property=\"product:price:currency\" content=\"EUR\" \/>\n<meta property=\"og:availability\" content=\"instock\" \/>\n<meta property=\"product:availability\" content=\"instock\" \/>\n<meta property=\"product:condition\" content=\"new\" \/>\n<!-- \/ Yoast SEO Premium plugin. -->","yoast_head_json":{"title":"B-JECT 200 10ml - Boldenone undecylenate - (Espa\u00f1ol) Esteroides en l\u00ednea","description":"B-JECT 200 (Und\u00e9cyl\u00e9nate de Bold\u00e9none) est un st\u00e9ro\u00efde \u00e0 action prolong\u00e9e qui augmente la masse musculaire, l'endurance, les globules rouges et a de faibles effets \u0153strog\u00e9niques.","robots":{"index":"index","follow":"follow","max-snippet":"max-snippet:-1","max-image-preview":"max-image-preview:large","max-video-preview":"max-video-preview:-1"},"canonical":"https:\/\/iberoid.com\/fr\/product\/b-ject-200-10ml-boldenone-undecylenate-1ml-200mg\/","og_locale":"fr_FR","og_type":"article","og_title":"B-JECT 200 10ml - Boldenone undecylenate","og_description":"B-JECT 200 (Und\u00e9cyl\u00e9nate de Bold\u00e9none) est un st\u00e9ro\u00efde \u00e0 action prolong\u00e9e qui augmente la masse musculaire, l'endurance, les globules rouges et a de faibles effets \u0153strog\u00e9niques.","og_url":"https:\/\/iberoid.com\/fr\/product\/b-ject-200-10ml-boldenone-undecylenate-1ml-200mg\/","og_site_name":"(Espa\u00f1ol) Esteroides en l\u00ednea","article_modified_time":"2026-02-08T12:20:47+00:00","og_image":[{"width":2560,"height":2058,"url":"https:\/\/iberoid.com\/wp-content\/uploads\/2021\/04\/bject-scaled.jpg?v=1767984011","type":"image\/jpeg"}],"twitter_card":"summary_large_image","twitter_misc":{"Prix":"&euro;30.00","Disponibilit\u00e9":"En stock"},"schema":{"@context":"https:\/\/schema.org","@graph":[{"@type":"WebPage","@id":"https:\/\/iberoid.com\/fr\/product\/b-ject-200-10ml-boldenone-undecylenate-1ml-200mg\/","url":"https:\/\/iberoid.com\/fr\/product\/b-ject-200-10ml-boldenone-undecylenate-1ml-200mg\/","name":"B-JECT 200 10ml - Boldenone undecylenate - (Espa\u00f1ol) Esteroides en l\u00ednea","isPartOf":{"@id":"https:\/\/iberoid-shop.com\/#website"},"primaryImageOfPage":{"@id":"https:\/\/iberoid.com\/fr\/product\/b-ject-200-10ml-boldenone-undecylenate-1ml-200mg\/#primaryimage"},"image":{"@id":"https:\/\/iberoid.com\/fr\/product\/b-ject-200-10ml-boldenone-undecylenate-1ml-200mg\/#primaryimage"},"thumbnailUrl":"https:\/\/iberoid.com\/wp-content\/uploads\/2021\/04\/bject-scaled.jpg?v=1767984011","datePublished":"2021-04-10T16:09:22+00:00","dateModified":"2026-02-08T12:20:47+00:00","description":"B-JECT 200 (Und\u00e9cyl\u00e9nate de Bold\u00e9none) est un st\u00e9ro\u00efde \u00e0 action prolong\u00e9e qui augmente la masse musculaire, l'endurance, les globules rouges et a de faibles effets \u0153strog\u00e9niques.","breadcrumb":{"@id":"https:\/\/iberoid.com\/fr\/product\/b-ject-200-10ml-boldenone-undecylenate-1ml-200mg\/#breadcrumb"},"inLanguage":"fr-FR","potentialAction":[{"@type":"ReadAction","target":[["https:\/\/iberoid.com\/fr\/product\/b-ject-200-10ml-boldenone-undecylenate-1ml-200mg\/"]]}]},{"@type":"ImageObject","inLanguage":"fr-FR","@id":"https:\/\/iberoid.com\/fr\/product\/b-ject-200-10ml-boldenone-undecylenate-1ml-200mg\/#primaryimage","url":"https:\/\/iberoid.com\/wp-content\/uploads\/2021\/04\/bject-scaled.jpg?v=1767984011","contentUrl":"https:\/\/iberoid.com\/wp-content\/uploads\/2021\/04\/bject-scaled.jpg?v=1767984011","width":2560,"height":2058},{"@type":"BreadcrumbList","@id":"https:\/\/iberoid.com\/fr\/product\/b-ject-200-10ml-boldenone-undecylenate-1ml-200mg\/#breadcrumb","itemListElement":[{"@type":"ListItem","position":1,"name":"Portada","item":"https:\/\/iberoid.com\/fr\/"},{"@type":"ListItem","position":2,"name":"Magasin","item":"https:\/\/iberoid.com\/fr\/shop\/"},{"@type":"ListItem","position":3,"name":"B-JECT 200 10ml &#8211; Boldenone undecylenate"}]},{"@type":"WebSite","@id":"https:\/\/iberoid-shop.com\/#website","url":"https:\/\/iberoid-shop.com\/","name":"(Espa\u00f1ol) Esteroides en l\u00ednea","description":"(Espa\u00f1ol) Comprar esteroides en l\u00ednea hoy en Espa\u00f1a y Portugal. Tenemos el mejor servicio al cliente en la industria y los productos de la m\u00e1s alta calidad","potentialAction":[{"@type":"SearchAction","target":{"@type":"EntryPoint","urlTemplate":"https:\/\/iberoid-shop.com\/?s={search_term_string}"},"query-input":{"@type":"PropertyValueSpecification","valueRequired":true,"valueName":"search_term_string"}}],"inLanguage":"fr-FR"}]},"product_brand":"Muscle Pharm","product_price_amount":"30.00","product_price_currency":"EUR","og_availability":"instock","product_availability":"instock","product_condition":"new"},"_links":{"self":[{"href":"https:\/\/iberoid.com\/fr\/wp-json\/wp\/v2\/product\/5974","targetHints":{"allow":["GET"]}}],"collection":[{"href":"https:\/\/iberoid.com\/fr\/wp-json\/wp\/v2\/product"}],"about":[{"href":"https:\/\/iberoid.com\/fr\/wp-json\/wp\/v2\/types\/product"}],"replies":[{"embeddable":true,"href":"https:\/\/iberoid.com\/fr\/wp-json\/wp\/v2\/comments?post=5974"}],"wp:featuredmedia":[{"embeddable":true,"href":"https:\/\/iberoid.com\/fr\/wp-json\/wp\/v2\/media\/5975"}],"wp:attachment":[{"href":"https:\/\/iberoid.com\/fr\/wp-json\/wp\/v2\/media?parent=5974"}],"wp:term":[{"taxonomy":"product_brand","embeddable":true,"href":"https:\/\/iberoid.com\/fr\/wp-json\/wp\/v2\/product_brand?post=5974"},{"taxonomy":"product_cat","embeddable":true,"href":"https:\/\/iberoid.com\/fr\/wp-json\/wp\/v2\/product_cat?post=5974"},{"taxonomy":"product_tag","embeddable":true,"href":"https:\/\/iberoid.com\/fr\/wp-json\/wp\/v2\/product_tag?post=5974"}],"curies":[{"name":"wp","href":"https:\/\/api.w.org\/{rel}","templated":true}]}}