{"id":6036,"date":"2021-04-26T20:27:50","date_gmt":"2021-04-26T20:27:50","guid":{"rendered":"https:\/\/iberoid.com\/?post_type=product&#038;p=6036"},"modified":"2026-04-15T17:46:29","modified_gmt":"2026-04-15T17:46:29","slug":"testobol-e-300-testosterone-enanthate-300-mg","status":"publish","type":"product","link":"https:\/\/iberoid.com\/fr\/product\/testobol-e-300-testosterone-enanthate-300-mg\/","title":{"rendered":"Testobol E 300 (TESTOSTERONE ENANTHATE 300 MG)"},"content":{"rendered":"<p><strong>La testost\u00e9rone Enanthate<\/strong>\u00a0\u00a0est un st\u00e9ro\u00efde anabolisant qui est lentement lib\u00e9r\u00e9 et a une longue demi-vie de 7 \u00e0 10 jours.\u00a0Le st\u00e9ro\u00efde stimule la synth\u00e8se des prot\u00e9ines pour une construction musculaire rapide.\u00a0Parall\u00e8lement \u00e0 cela, l&rsquo;athl\u00e8te obtient plus de puissance et de force.\u00a0De plus, la testost\u00e9rone \u00e9nanthate stimule les processus de r\u00e9g\u00e9n\u00e9ration.\u00a0En cons\u00e9quence, l&rsquo;athl\u00e8te re\u00e7oit une augmentation du tonus musculaire, une explosion d&rsquo;\u00e9nergie et r\u00e9cup\u00e8re rapidement de ses entra\u00eenements \u00e9puisants.<\/p>\n<p><strong>Posologie :<\/strong>\u00a0\u00a0Pour un d\u00e9butant qui souhaite utiliser la Testost\u00e9rone Enanthate en solo pendant 12 semaines, une dose de 300-500mg par semaine sera suffisante.\u00a0Les bodybuilders exp\u00e9riment\u00e9s prennent parfois jusqu&rsquo;\u00e0 1000 mg de m\u00e9dicament par semaine, mais ce dosage n&rsquo;est adopt\u00e9 que par les athl\u00e8tes exp\u00e9riment\u00e9s et le fait avec des cations.<\/p>\n<p><strong>Cycle de<\/strong>\u00a0\u00a0prise de masse<strong>\u00a0:<\/strong>\u00a0pour la prise de poids, l&rsquo;\u00e9nanthate de testost\u00e9rone est pris avec des st\u00e9ro\u00efdes anabolisants tels que le Deca Durabolin ou le Dianabol.\u00a0Cette combinaison convient aux bodybuilders d\u00e9butants et exp\u00e9riment\u00e9s.<\/p>\n<p><strong>Cycle de coupe :<\/strong>\u00a0\u00a0Pour le s\u00e9chage, il vaut la peine d&rsquo;ajouter un inhibiteur d&rsquo;aromatase \u00e0 c\u00f4t\u00e9 de l&rsquo;\u00e9nanthate de testost\u00e9rone, qui contr\u00f4lera les ballonnements excessifs et la r\u00e9tention d&rsquo;eau.\u00a0Dans ce cas, pour le fonctionnement normal du corps, le st\u00e9ro\u00efde est utilis\u00e9 \u00e0 des doses minimales de 100 mg par semaine.<\/p>\n<p>La testost\u00e9rone Enanthate, \u00e9galement vendue sous les marques Delatestryl et Xyosted entre autres, est un m\u00e9dicament androg\u00e8ne et st\u00e9ro\u00efde anabolisant (AAS) qui est principalement utilis\u00e9 dans le traitement des faibles niveaux de testost\u00e9rone chez les hommes. Il est \u00e9galement utilis\u00e9 dans le traitement hormonal des hommes transgenres. Il est administr\u00e9 par injection dans le muscle une fois par semaine \u00e0 environ un mois. Il a \u00e9t\u00e9 pr\u00e9sent\u00e9 pour une utilisation clinique en 1954. Avec la testost\u00e9rone Cypionate, l&rsquo;und\u00e9canoate de testost\u00e9rone et le propionate de testost\u00e9rone, c&rsquo;est l&rsquo;un des esters de testost\u00e9rone les plus largement utilis\u00e9s sur le march\u00e9. Pour une utilisation clinique, la testost\u00e9rone \u00e9nanthate est utilis\u00e9e pour am\u00e9liorer la construction et l&rsquo;ex\u00e9cution de la masse musculaire et \u00e9galement pour aider au fonctionnement d&rsquo;autres syst\u00e8mes corporels. Le m\u00e9dicament est une substance contr\u00f4l\u00e9e dans de nombreux pays, donc l&rsquo;utilisation non clinique est g\u00e9n\u00e9ralement ill\u00e9gale.<\/p>\n<h2><strong>Utilisations de l&rsquo;\u00e9nanthate de testost\u00e9rone dans le corps humain<\/strong><\/h2>\n<p>La testost\u00e9rone Enanthate est utilis\u00e9e chez les hommes qui ne produisent pas une hormone naturelle suffisante et r\u00e9guli\u00e8re appel\u00e9e testost\u00e9rone.\u00a0Chez les hommes, la testost\u00e9rone est responsable de certaines capacit\u00e9s typiques, notamment le d\u00e9veloppement et l&rsquo;am\u00e9lioration des parties intimes, des muscles et des os.\u00a0Il aide \u00e9galement \u00e0 provoquer une tournure sexuelle ordinaire des \u00e9v\u00e9nements (pubert\u00e9) chez les jeunes hommes.\u00a0La testost\u00e9rone a sa place dans une classe de m\u00e9dicaments appel\u00e9s androg\u00e8nes.\u00a0Il agit en influen\u00e7ant de nombreuses structures corporelles, de sorte que le corps puisse s&rsquo;adapter et fonctionner normalement.\u00a0Il pourrait \u00e9galement \u00eatre utilis\u00e9 chez certains jeunes hommes pr\u00e9-adultes pour provoquer la pubert\u00e9 chez ceux dont la pubert\u00e9 est diff\u00e9r\u00e9e.\u00a0Il peut \u00e9galement \u00eatre utilis\u00e9 pour traiter certains types de cancer du sein chez les femmes \u00e9galement.<\/p>","protected":false},"excerpt":{"rendered":"<p>La testost\u00e9rone Enanthate\u00a0\u00a0est un st\u00e9ro\u00efde anabolisant qui est lentement lib\u00e9r\u00e9 et a une longue demi-vie de 7 \u00e0 10 jours.\u00a0Le<\/p>\n","protected":false},"featured_media":8473,"comment_status":"open","ping_status":"closed","template":"","meta":[],"product_brand":[],"product_cat":[69],"product_tag":[],"class_list":{"0":"post-6036","1":"product","2":"type-product","3":"status-publish","4":"has-post-thumbnail","6":"product_cat-esteroides_inyectables","8":"first","9":"instock","10":"shipping-taxable","11":"purchasable","12":"product-type-simple"},"yoast_head":"<!-- This site is optimized with the Yoast SEO Premium plugin v24.4 (Yoast SEO v27.3) - https:\/\/yoast.com\/product\/yoast-seo-premium-wordpress\/ -->\n<title>Testobol E 300 (TESTOSTERONE ENANTHATE 300 MG) - (Espa\u00f1ol) Esteroides en l\u00ednea<\/title>\n<meta name=\"description\" content=\"Testost\u00e9rone Enanthate est un st\u00e9ro\u00efde anabolisant \u00e0 lib\u00e9ration lente qui stimule la croissance musculaire, la force, la r\u00e9cup\u00e9ration et traite le faible taux de testost\u00e9rone.\" \/>\n<meta name=\"robots\" content=\"index, follow, max-snippet:-1, max-image-preview:large, max-video-preview:-1\" \/>\n<link rel=\"canonical\" href=\"https:\/\/iberoid.com\/fr\/product\/testobol-e-300-testosterone-enanthate-300-mg\/\" \/>\n<meta property=\"og:locale\" content=\"fr_FR\" \/>\n<meta property=\"og:type\" content=\"article\" \/>\n<meta property=\"og:title\" content=\"Testobol E 300 (TESTOSTERONE ENANTHATE 300 MG)\" \/>\n<meta property=\"og:description\" content=\"Testost\u00e9rone Enanthate est un st\u00e9ro\u00efde anabolisant \u00e0 lib\u00e9ration lente qui stimule la croissance musculaire, la force, la r\u00e9cup\u00e9ration et traite le faible taux de testost\u00e9rone.\" \/>\n<meta property=\"og:url\" content=\"https:\/\/iberoid.com\/fr\/product\/testobol-e-300-testosterone-enanthate-300-mg\/\" \/>\n<meta property=\"og:site_name\" content=\"(Espa\u00f1ol) Esteroides en l\u00ednea\" \/>\n<meta property=\"article:modified_time\" content=\"2026-04-15T17:46:29+00:00\" \/>\n<meta property=\"og:image\" content=\"https:\/\/iberoid.com\/wp-content\/uploads\/2020\/07\/IMG_3768.jpg?v=1682954136\" \/>\n\t<meta property=\"og:image:width\" content=\"2500\" \/>\n\t<meta property=\"og:image:height\" content=\"2500\" \/>\n\t<meta property=\"og:image:type\" content=\"image\/jpeg\" \/>\n<meta name=\"twitter:card\" content=\"summary_large_image\" \/>\n<meta name=\"twitter:label1\" content=\"Prix\" \/>\n\t<meta name=\"twitter:data1\" content=\"&euro;30.00\" \/>\n\t<meta name=\"twitter:label2\" content=\"Disponibilit\u00e9\" \/>\n\t<meta name=\"twitter:data2\" content=\"En stock\" \/>\n<script type=\"application\/ld+json\" class=\"yoast-schema-graph\">{\"@context\":\"https:\\\/\\\/schema.org\",\"@graph\":[{\"@type\":\"WebPage\",\"@id\":\"https:\\\/\\\/iberoid.com\\\/fr\\\/product\\\/testobol-e-300-testosterone-enanthate-300-mg\\\/\",\"url\":\"https:\\\/\\\/iberoid.com\\\/fr\\\/product\\\/testobol-e-300-testosterone-enanthate-300-mg\\\/\",\"name\":\"Testobol E 300 (TESTOSTERONE ENANTHATE 300 MG) - (Espa\u00f1ol) Esteroides en l\u00ednea\",\"isPartOf\":{\"@id\":\"https:\\\/\\\/iberoid-shop.com\\\/#website\"},\"primaryImageOfPage\":{\"@id\":\"https:\\\/\\\/iberoid.com\\\/fr\\\/product\\\/testobol-e-300-testosterone-enanthate-300-mg\\\/#primaryimage\"},\"image\":{\"@id\":\"https:\\\/\\\/iberoid.com\\\/fr\\\/product\\\/testobol-e-300-testosterone-enanthate-300-mg\\\/#primaryimage\"},\"thumbnailUrl\":\"https:\\\/\\\/iberoid.com\\\/wp-content\\\/uploads\\\/2020\\\/07\\\/IMG_3768.jpg?v=1682954136\",\"datePublished\":\"2021-04-26T20:27:50+00:00\",\"dateModified\":\"2026-04-15T17:46:29+00:00\",\"description\":\"Testost\u00e9rone Enanthate est un st\u00e9ro\u00efde anabolisant \u00e0 lib\u00e9ration lente qui stimule la croissance musculaire, la force, la r\u00e9cup\u00e9ration et traite le faible taux de testost\u00e9rone.\",\"breadcrumb\":{\"@id\":\"https:\\\/\\\/iberoid.com\\\/fr\\\/product\\\/testobol-e-300-testosterone-enanthate-300-mg\\\/#breadcrumb\"},\"inLanguage\":\"fr-FR\",\"potentialAction\":[{\"@type\":\"ReadAction\",\"target\":[[\"https:\\\/\\\/iberoid.com\\\/fr\\\/product\\\/testobol-e-300-testosterone-enanthate-300-mg\\\/\"]]}]},{\"@type\":\"ImageObject\",\"inLanguage\":\"fr-FR\",\"@id\":\"https:\\\/\\\/iberoid.com\\\/fr\\\/product\\\/testobol-e-300-testosterone-enanthate-300-mg\\\/#primaryimage\",\"url\":\"https:\\\/\\\/iberoid.com\\\/wp-content\\\/uploads\\\/2020\\\/07\\\/IMG_3768.jpg?v=1682954136\",\"contentUrl\":\"https:\\\/\\\/iberoid.com\\\/wp-content\\\/uploads\\\/2020\\\/07\\\/IMG_3768.jpg?v=1682954136\",\"width\":2500,\"height\":2500},{\"@type\":\"BreadcrumbList\",\"@id\":\"https:\\\/\\\/iberoid.com\\\/fr\\\/product\\\/testobol-e-300-testosterone-enanthate-300-mg\\\/#breadcrumb\",\"itemListElement\":[{\"@type\":\"ListItem\",\"position\":1,\"name\":\"Portada\",\"item\":\"https:\\\/\\\/iberoid.com\\\/fr\\\/\"},{\"@type\":\"ListItem\",\"position\":2,\"name\":\"Magasin\",\"item\":\"https:\\\/\\\/iberoid.com\\\/fr\\\/shop\\\/\"},{\"@type\":\"ListItem\",\"position\":3,\"name\":\"Testobol E 300 (TESTOSTERONE ENANTHATE 300 MG)\"}]},{\"@type\":\"WebSite\",\"@id\":\"https:\\\/\\\/iberoid-shop.com\\\/#website\",\"url\":\"https:\\\/\\\/iberoid-shop.com\\\/\",\"name\":\"(Espa\u00f1ol) Esteroides en l\u00ednea\",\"description\":\"(Espa\u00f1ol) Comprar esteroides en l\u00ednea hoy en Espa\u00f1a y Portugal. Tenemos el mejor servicio al cliente en la industria y los productos de la m\u00e1s alta calidad\",\"potentialAction\":[{\"@type\":\"SearchAction\",\"target\":{\"@type\":\"EntryPoint\",\"urlTemplate\":\"https:\\\/\\\/iberoid-shop.com\\\/?s={search_term_string}\"},\"query-input\":{\"@type\":\"PropertyValueSpecification\",\"valueRequired\":true,\"valueName\":\"search_term_string\"}}],\"inLanguage\":\"fr-FR\"}]}<\/script>\n<meta property=\"product:brand\" content=\"Pharmabol\" \/>\n<meta property=\"product:price:amount\" content=\"30.00\" \/>\n<meta property=\"product:price:currency\" content=\"EUR\" \/>\n<meta property=\"og:availability\" content=\"instock\" \/>\n<meta property=\"product:availability\" content=\"instock\" \/>\n<meta property=\"product:condition\" content=\"new\" \/>\n<!-- \/ Yoast SEO Premium plugin. -->","yoast_head_json":{"title":"Testobol E 300 (TESTOSTERONE ENANTHATE 300 MG) - (Espa\u00f1ol) Esteroides en l\u00ednea","description":"Testost\u00e9rone Enanthate est un st\u00e9ro\u00efde anabolisant \u00e0 lib\u00e9ration lente qui stimule la croissance musculaire, la force, la r\u00e9cup\u00e9ration et traite le faible taux de testost\u00e9rone.","robots":{"index":"index","follow":"follow","max-snippet":"max-snippet:-1","max-image-preview":"max-image-preview:large","max-video-preview":"max-video-preview:-1"},"canonical":"https:\/\/iberoid.com\/fr\/product\/testobol-e-300-testosterone-enanthate-300-mg\/","og_locale":"fr_FR","og_type":"article","og_title":"Testobol E 300 (TESTOSTERONE ENANTHATE 300 MG)","og_description":"Testost\u00e9rone Enanthate est un st\u00e9ro\u00efde anabolisant \u00e0 lib\u00e9ration lente qui stimule la croissance musculaire, la force, la r\u00e9cup\u00e9ration et traite le faible taux de testost\u00e9rone.","og_url":"https:\/\/iberoid.com\/fr\/product\/testobol-e-300-testosterone-enanthate-300-mg\/","og_site_name":"(Espa\u00f1ol) Esteroides en l\u00ednea","article_modified_time":"2026-04-15T17:46:29+00:00","og_image":[{"width":2500,"height":2500,"url":"https:\/\/iberoid.com\/wp-content\/uploads\/2020\/07\/IMG_3768.jpg?v=1682954136","type":"image\/jpeg"}],"twitter_card":"summary_large_image","twitter_misc":{"Prix":"&euro;30.00","Disponibilit\u00e9":"En stock"},"schema":{"@context":"https:\/\/schema.org","@graph":[{"@type":"WebPage","@id":"https:\/\/iberoid.com\/fr\/product\/testobol-e-300-testosterone-enanthate-300-mg\/","url":"https:\/\/iberoid.com\/fr\/product\/testobol-e-300-testosterone-enanthate-300-mg\/","name":"Testobol E 300 (TESTOSTERONE ENANTHATE 300 MG) - (Espa\u00f1ol) Esteroides en l\u00ednea","isPartOf":{"@id":"https:\/\/iberoid-shop.com\/#website"},"primaryImageOfPage":{"@id":"https:\/\/iberoid.com\/fr\/product\/testobol-e-300-testosterone-enanthate-300-mg\/#primaryimage"},"image":{"@id":"https:\/\/iberoid.com\/fr\/product\/testobol-e-300-testosterone-enanthate-300-mg\/#primaryimage"},"thumbnailUrl":"https:\/\/iberoid.com\/wp-content\/uploads\/2020\/07\/IMG_3768.jpg?v=1682954136","datePublished":"2021-04-26T20:27:50+00:00","dateModified":"2026-04-15T17:46:29+00:00","description":"Testost\u00e9rone Enanthate est un st\u00e9ro\u00efde anabolisant \u00e0 lib\u00e9ration lente qui stimule la croissance musculaire, la force, la r\u00e9cup\u00e9ration et traite le faible taux de testost\u00e9rone.","breadcrumb":{"@id":"https:\/\/iberoid.com\/fr\/product\/testobol-e-300-testosterone-enanthate-300-mg\/#breadcrumb"},"inLanguage":"fr-FR","potentialAction":[{"@type":"ReadAction","target":[["https:\/\/iberoid.com\/fr\/product\/testobol-e-300-testosterone-enanthate-300-mg\/"]]}]},{"@type":"ImageObject","inLanguage":"fr-FR","@id":"https:\/\/iberoid.com\/fr\/product\/testobol-e-300-testosterone-enanthate-300-mg\/#primaryimage","url":"https:\/\/iberoid.com\/wp-content\/uploads\/2020\/07\/IMG_3768.jpg?v=1682954136","contentUrl":"https:\/\/iberoid.com\/wp-content\/uploads\/2020\/07\/IMG_3768.jpg?v=1682954136","width":2500,"height":2500},{"@type":"BreadcrumbList","@id":"https:\/\/iberoid.com\/fr\/product\/testobol-e-300-testosterone-enanthate-300-mg\/#breadcrumb","itemListElement":[{"@type":"ListItem","position":1,"name":"Portada","item":"https:\/\/iberoid.com\/fr\/"},{"@type":"ListItem","position":2,"name":"Magasin","item":"https:\/\/iberoid.com\/fr\/shop\/"},{"@type":"ListItem","position":3,"name":"Testobol E 300 (TESTOSTERONE ENANTHATE 300 MG)"}]},{"@type":"WebSite","@id":"https:\/\/iberoid-shop.com\/#website","url":"https:\/\/iberoid-shop.com\/","name":"(Espa\u00f1ol) Esteroides en l\u00ednea","description":"(Espa\u00f1ol) Comprar esteroides en l\u00ednea hoy en Espa\u00f1a y Portugal. Tenemos el mejor servicio al cliente en la industria y los productos de la m\u00e1s alta calidad","potentialAction":[{"@type":"SearchAction","target":{"@type":"EntryPoint","urlTemplate":"https:\/\/iberoid-shop.com\/?s={search_term_string}"},"query-input":{"@type":"PropertyValueSpecification","valueRequired":true,"valueName":"search_term_string"}}],"inLanguage":"fr-FR"}]},"product_brand":"Pharmabol","product_price_amount":"30.00","product_price_currency":"EUR","og_availability":"instock","product_availability":"instock","product_condition":"new"},"_links":{"self":[{"href":"https:\/\/iberoid.com\/fr\/wp-json\/wp\/v2\/product\/6036","targetHints":{"allow":["GET"]}}],"collection":[{"href":"https:\/\/iberoid.com\/fr\/wp-json\/wp\/v2\/product"}],"about":[{"href":"https:\/\/iberoid.com\/fr\/wp-json\/wp\/v2\/types\/product"}],"replies":[{"embeddable":true,"href":"https:\/\/iberoid.com\/fr\/wp-json\/wp\/v2\/comments?post=6036"}],"wp:featuredmedia":[{"embeddable":true,"href":"https:\/\/iberoid.com\/fr\/wp-json\/wp\/v2\/media\/8473"}],"wp:attachment":[{"href":"https:\/\/iberoid.com\/fr\/wp-json\/wp\/v2\/media?parent=6036"}],"wp:term":[{"taxonomy":"product_brand","embeddable":true,"href":"https:\/\/iberoid.com\/fr\/wp-json\/wp\/v2\/product_brand?post=6036"},{"taxonomy":"product_cat","embeddable":true,"href":"https:\/\/iberoid.com\/fr\/wp-json\/wp\/v2\/product_cat?post=6036"},{"taxonomy":"product_tag","embeddable":true,"href":"https:\/\/iberoid.com\/fr\/wp-json\/wp\/v2\/product_tag?post=6036"}],"curies":[{"name":"wp","href":"https:\/\/api.w.org\/{rel}","templated":true}]}}