{"id":6352,"date":"2021-06-17T09:45:45","date_gmt":"2021-06-17T09:45:45","guid":{"rendered":"https:\/\/iberoid.com\/?post_type=product&#038;p=6352"},"modified":"2023-12-15T23:49:42","modified_gmt":"2023-12-15T23:49:42","slug":"sp-cypionat","status":"publish","type":"product","link":"https:\/\/iberoid.com\/fr\/product\/sp-cypionat\/","title":{"rendered":"SP CYPIONATE"},"content":{"rendered":"<p><span>La testost\u00e9rone Cypionate est l&rsquo;un des plus longs esters de testost\u00e9rone actifs connus \u00e0 ce jour. Sa caract\u00e9ristique : le m\u00e9dicament est excr\u00e9t\u00e9 par le corps pendant deux semaines. Pour cette raison, il a la propri\u00e9t\u00e9 d&rsquo;une r\u00e9tention d&rsquo;eau prolong\u00e9e dans le corps, dont le pourcentage peut atteindre jusqu&rsquo;\u00e0 30%, ce qui est bien sup\u00e9rieur \u00e0 celui des autres anabolisants. En r\u00e8gle g\u00e9n\u00e9rale, le m\u00e9dicament est associ\u00e9 \u00e0 l&rsquo;utilisation d&rsquo;autres st\u00e9ro\u00efdes, ce qui donne un effet tangible lors du recrutement de la masse musculaire. L&rsquo;effet sur le corps est similaire \u00e0 celui de l&rsquo;hormone naturelle testost\u00e9rone, responsable de nombreuses fonctions du corps masculin.<\/span><\/p>\n<p><span>Comme toute injection, la testost\u00e9rone Cypionate donne un gain important en force et en force musculaire, mais les inconv\u00e9nients sont que la testost\u00e9rone Cypionate est facilement aromatis\u00e9e, ce qui peut constituer une accumulation d&rsquo;eau tr\u00e8s importante dans le corps du sportif.\u00a0Par cons\u00e9quent, ce m\u00e9dicament ne doit pas \u00eatre utilis\u00e9 pendant la p\u00e9riode de s\u00e9chage.<\/span><\/p>\n<p><span>De plus, la testost\u00e9rone Cypionate conduit \u00e0 la gyn\u00e9comastie, dans ce cas, il est n\u00e9cessaire d&rsquo;utiliser Provimed, ce qui aidera \u00e0 \u00e9viter les effets secondaires.<\/span><\/p>\n<h1><strong><span>ACTION M\u00c9DICALE<\/span><\/strong><\/h1>\n<p><span>Cipandrol contient comme substance active du cypionate de testost\u00e9rone, une hormone m\u00e2le.<\/span><\/p>\n<p><span>Cipandrol est inject\u00e9 dans un muscle.<\/span><\/p>\n<p><span>Le cypionate de testost\u00e9rone est une forme fabriqu\u00e9e de l&rsquo;hormone sexuelle masculine, la testost\u00e9rone, qui est naturellement s\u00e9cr\u00e9t\u00e9e.\u00a0Il est utilis\u00e9 chez les hommes pour remplacer la testost\u00e9rone pour traiter divers probl\u00e8mes de sant\u00e9 caus\u00e9s par le manque de testost\u00e9rone (hypogonadisme masculin).<\/span><\/p>\n<p><span>Votre m\u00e9decin mesurera p\u00e9riodiquement votre concentration plasmatique de testost\u00e9rone \u00e0 la fin d&rsquo;un intervalle d&rsquo;injection.\u00a0Si le niveau est trop bas, votre m\u00e9decin peut d\u00e9cider de vous faire des injections plus fr\u00e9quemment.\u00a0Des concentrations plasmatiques inf\u00e9rieures \u00e0 la plage normale indiquent la n\u00e9cessit\u00e9 de raccourcir l&rsquo;intervalle entre les injections.\u00a0En cas de concentrations plasmatiques \u00e9lev\u00e9es, votre m\u00e9decin peut envisager une augmentation de l&rsquo;intervalle entre les injections.\u00a0Ne manquez pas le calendrier des injections car cela ne maintiendra pas votre niveau optimal de testost\u00e9rone.<\/span><\/p>\n<p><span>Cipandrol solution injectable en flacon peut \u00eatre utilis\u00e9 plusieurs fois apr\u00e8s la premi\u00e8re injection \u00e0 condition que le bouchon du flacon n&rsquo;ait pas \u00e9t\u00e9 retir\u00e9 et que le contenu restant soit rest\u00e9 herm\u00e9tiquement ferm\u00e9.<\/span><\/p>\n<p><span>Comme tous les m\u00e9dicaments, Cipandrol est susceptible d&rsquo;avoir des effets ind\u00e9sirables, bien que tout le monde n&rsquo;y soit pas sujet.\u00a0Si l&rsquo;un des effets ind\u00e9sirables devient grave ou si vous remarquez un effet ind\u00e9sirable non mentionn\u00e9 dans cette notice, informez-en votre m\u00e9decin ou votre pharmacien.\u00a0Les effets ind\u00e9sirables les plus fr\u00e9quents (pouvant affecter jusqu&rsquo;\u00e0 1 personne sur 10) sont l&rsquo;acn\u00e9, une num\u00e9ration anormale des globules rouges anormalement \u00e9lev\u00e9e, une prise de poids, des bouff\u00e9es de chaleur, une augmentation de l&rsquo;antig\u00e8ne prostatique sp\u00e9cifique (augmentation d&rsquo;un index biochimique dans le sang), une augmentation de la prostate taille et probl\u00e8mes associ\u00e9s, augmentation des \u00e9rections et douleur au site d&rsquo;administration.<\/span><\/p>\n<p><strong><span>DOSAGE<\/span><\/strong><\/p>\n<p><span>Doses pr\u00e9f\u00e9r\u00e9es Testost\u00e9rone Cypionate 200 \u2013 400 mg par semaine.\u00a0La meilleure option est l&rsquo;introduction du Cipandrol 2 fois par semaine.\u00a0Si vous utilisez 800 \u00e0 1000 mg par semaine, la principale prise de poids sera due \u00e0 l&rsquo;eau, et non au d\u00e9triment d&rsquo;une masse s\u00e8che de qualit\u00e9.\u00a0Il convient \u00e9galement de noter que l&rsquo;utilisation de ce m\u00e9dicament supprime rapidement la production de sa propre testost\u00e9rone.\u00a0Ainsi, apr\u00e8s un cours d&rsquo;esters de testost\u00e9rone, une th\u00e9rapie post-cours (gonadotrophine) est n\u00e9cessaire.\u00a0Cela aidera \u00e0 \u00e9viter la perte de r\u00e9sultats apr\u00e8s la fin du cours.<\/span><\/p>","protected":false},"excerpt":{"rendered":"<p>La testost\u00e9rone Cypionate est l&rsquo;un des plus longs esters de testost\u00e9rone actifs connus \u00e0 ce jour. Sa caract\u00e9ristique : le<\/p>\n","protected":false},"featured_media":6353,"comment_status":"open","ping_status":"closed","template":"","meta":[],"product_brand":[],"product_cat":[69],"product_tag":[],"class_list":{"0":"post-6352","1":"product","2":"type-product","3":"status-publish","4":"has-post-thumbnail","6":"product_cat-esteroides_inyectables","8":"first","9":"outofstock","10":"sale","11":"shipping-taxable","12":"purchasable","13":"product-type-simple"},"yoast_head":"<!-- This site is optimized with the Yoast SEO Premium plugin v24.4 (Yoast SEO v27.0) - https:\/\/yoast.com\/product\/yoast-seo-premium-wordpress\/ -->\n<title>SP CYPIONATE - (Espa\u00f1ol) Esteroides en l\u00ednea<\/title>\n<meta name=\"robots\" content=\"index, follow, max-snippet:-1, max-image-preview:large, max-video-preview:-1\" \/>\n<link rel=\"canonical\" href=\"https:\/\/iberoid.com\/fr\/product\/sp-cypionat\/\" \/>\n<meta property=\"og:locale\" content=\"fr_FR\" \/>\n<meta property=\"og:type\" content=\"article\" \/>\n<meta property=\"og:title\" content=\"SP CYPIONATE\" \/>\n<meta property=\"og:description\" content=\"La testost\u00e9rone Cypionate est l&rsquo;un des plus longs esters de testost\u00e9rone actifs connus \u00e0 ce jour. Sa caract\u00e9ristique : le\" \/>\n<meta property=\"og:url\" content=\"https:\/\/iberoid.com\/fr\/product\/sp-cypionat\/\" \/>\n<meta property=\"og:site_name\" content=\"(Espa\u00f1ol) Esteroides en l\u00ednea\" \/>\n<meta property=\"article:modified_time\" content=\"2023-12-15T23:49:42+00:00\" \/>\n<meta property=\"og:image\" content=\"https:\/\/iberoid.com\/wp-content\/uploads\/2021\/06\/cypy.jpg?v=1678119989\" \/>\n\t<meta property=\"og:image:width\" content=\"388\" \/>\n\t<meta property=\"og:image:height\" content=\"388\" \/>\n\t<meta property=\"og:image:type\" content=\"image\/jpeg\" \/>\n<meta name=\"twitter:card\" content=\"summary_large_image\" \/>\n<meta name=\"twitter:label1\" content=\"Prix\" \/>\n\t<meta name=\"twitter:data1\" content=\"&euro;45.00\" \/>\n\t<meta name=\"twitter:label2\" content=\"Disponibilit\u00e9\" \/>\n\t<meta name=\"twitter:data2\" content=\"Rupture de stock\" \/>\n<script type=\"application\/ld+json\" class=\"yoast-schema-graph\">{\"@context\":\"https:\/\/schema.org\",\"@graph\":[{\"@type\":\"WebPage\",\"@id\":\"https:\/\/iberoid.com\/fr\/product\/sp-cypionat\/\",\"url\":\"https:\/\/iberoid.com\/fr\/product\/sp-cypionat\/\",\"name\":\"SP CYPIONATE - (Espa\u00f1ol) Esteroides en l\u00ednea\",\"isPartOf\":{\"@id\":\"https:\/\/iberoid.com\/fr\/#website\"},\"primaryImageOfPage\":{\"@id\":\"https:\/\/iberoid.com\/fr\/product\/sp-cypionat\/#primaryimage\"},\"image\":{\"@id\":\"https:\/\/iberoid.com\/fr\/product\/sp-cypionat\/#primaryimage\"},\"thumbnailUrl\":\"https:\/\/iberoid.com\/wp-content\/uploads\/2021\/06\/cypy.jpg?v=1678119989\",\"datePublished\":\"2021-06-17T09:45:45+00:00\",\"dateModified\":\"2023-12-15T23:49:42+00:00\",\"breadcrumb\":{\"@id\":\"https:\/\/iberoid.com\/fr\/product\/sp-cypionat\/#breadcrumb\"},\"inLanguage\":\"fr-FR\",\"potentialAction\":[{\"@type\":\"ReadAction\",\"target\":[[\"https:\/\/iberoid.com\/fr\/product\/sp-cypionat\/\"]]}]},{\"@type\":\"ImageObject\",\"inLanguage\":\"fr-FR\",\"@id\":\"https:\/\/iberoid.com\/fr\/product\/sp-cypionat\/#primaryimage\",\"url\":\"https:\/\/iberoid.com\/wp-content\/uploads\/2021\/06\/cypy.jpg?v=1678119989\",\"contentUrl\":\"https:\/\/iberoid.com\/wp-content\/uploads\/2021\/06\/cypy.jpg?v=1678119989\",\"width\":388,\"height\":388},{\"@type\":\"BreadcrumbList\",\"@id\":\"https:\/\/iberoid.com\/fr\/product\/sp-cypionat\/#breadcrumb\",\"itemListElement\":[{\"@type\":\"ListItem\",\"position\":1,\"name\":\"Portada\",\"item\":\"https:\/\/iberoid.com\/fr\/\"},{\"@type\":\"ListItem\",\"position\":2,\"name\":\"Magasin\",\"item\":\"https:\/\/iberoid.com\/fr\/shop\/\"},{\"@type\":\"ListItem\",\"position\":3,\"name\":\"SP CYPIONATE\"}]},{\"@type\":\"WebSite\",\"@id\":\"https:\/\/iberoid.com\/fr\/#website\",\"url\":\"https:\/\/iberoid.com\/fr\/\",\"name\":\"(Espa\u00f1ol) Esteroides en l\u00ednea\",\"description\":\"(Espa\u00f1ol) Comprar esteroides en l\u00ednea hoy en Espa\u00f1a y Portugal. Tenemos el mejor servicio al cliente en la industria y los productos de la m\u00e1s alta calidad\",\"potentialAction\":[{\"@type\":\"SearchAction\",\"target\":{\"@type\":\"EntryPoint\",\"urlTemplate\":\"https:\/\/iberoid.com\/fr\/?s={search_term_string}\"},\"query-input\":{\"@type\":\"PropertyValueSpecification\",\"valueRequired\":true,\"valueName\":\"search_term_string\"}}],\"inLanguage\":\"fr-FR\"}]}<\/script>\n<meta property=\"product:brand\" content=\"SP Laboratories\" \/>\n<meta property=\"product:price:amount\" content=\"45.00\" \/>\n<meta property=\"product:price:currency\" content=\"EUR\" \/>\n<meta property=\"og:availability\" content=\"out of stock\" \/>\n<meta property=\"product:availability\" content=\"out of stock\" \/>\n<meta property=\"product:condition\" content=\"new\" \/>\n<!-- \/ Yoast SEO Premium plugin. -->","yoast_head_json":{"title":"SP CYPIONATE - (Espa\u00f1ol) Esteroides en l\u00ednea","robots":{"index":"index","follow":"follow","max-snippet":"max-snippet:-1","max-image-preview":"max-image-preview:large","max-video-preview":"max-video-preview:-1"},"canonical":"https:\/\/iberoid.com\/fr\/product\/sp-cypionat\/","og_locale":"fr_FR","og_type":"article","og_title":"SP CYPIONATE","og_description":"La testost\u00e9rone Cypionate est l&rsquo;un des plus longs esters de testost\u00e9rone actifs connus \u00e0 ce jour. Sa caract\u00e9ristique : le","og_url":"https:\/\/iberoid.com\/fr\/product\/sp-cypionat\/","og_site_name":"(Espa\u00f1ol) Esteroides en l\u00ednea","article_modified_time":"2023-12-15T23:49:42+00:00","og_image":[{"width":388,"height":388,"url":"https:\/\/iberoid.com\/wp-content\/uploads\/2021\/06\/cypy.jpg?v=1678119989","type":"image\/jpeg"}],"twitter_card":"summary_large_image","twitter_misc":{"Prix":"&euro;45.00","Disponibilit\u00e9":"Rupture de stock"},"schema":{"@context":"https:\/\/schema.org","@graph":[{"@type":"WebPage","@id":"https:\/\/iberoid.com\/fr\/product\/sp-cypionat\/","url":"https:\/\/iberoid.com\/fr\/product\/sp-cypionat\/","name":"SP CYPIONATE - (Espa\u00f1ol) Esteroides en l\u00ednea","isPartOf":{"@id":"https:\/\/iberoid.com\/fr\/#website"},"primaryImageOfPage":{"@id":"https:\/\/iberoid.com\/fr\/product\/sp-cypionat\/#primaryimage"},"image":{"@id":"https:\/\/iberoid.com\/fr\/product\/sp-cypionat\/#primaryimage"},"thumbnailUrl":"https:\/\/iberoid.com\/wp-content\/uploads\/2021\/06\/cypy.jpg?v=1678119989","datePublished":"2021-06-17T09:45:45+00:00","dateModified":"2023-12-15T23:49:42+00:00","breadcrumb":{"@id":"https:\/\/iberoid.com\/fr\/product\/sp-cypionat\/#breadcrumb"},"inLanguage":"fr-FR","potentialAction":[{"@type":"ReadAction","target":[["https:\/\/iberoid.com\/fr\/product\/sp-cypionat\/"]]}]},{"@type":"ImageObject","inLanguage":"fr-FR","@id":"https:\/\/iberoid.com\/fr\/product\/sp-cypionat\/#primaryimage","url":"https:\/\/iberoid.com\/wp-content\/uploads\/2021\/06\/cypy.jpg?v=1678119989","contentUrl":"https:\/\/iberoid.com\/wp-content\/uploads\/2021\/06\/cypy.jpg?v=1678119989","width":388,"height":388},{"@type":"BreadcrumbList","@id":"https:\/\/iberoid.com\/fr\/product\/sp-cypionat\/#breadcrumb","itemListElement":[{"@type":"ListItem","position":1,"name":"Portada","item":"https:\/\/iberoid.com\/fr\/"},{"@type":"ListItem","position":2,"name":"Magasin","item":"https:\/\/iberoid.com\/fr\/shop\/"},{"@type":"ListItem","position":3,"name":"SP CYPIONATE"}]},{"@type":"WebSite","@id":"https:\/\/iberoid.com\/fr\/#website","url":"https:\/\/iberoid.com\/fr\/","name":"(Espa\u00f1ol) Esteroides en l\u00ednea","description":"(Espa\u00f1ol) Comprar esteroides en l\u00ednea hoy en Espa\u00f1a y Portugal. Tenemos el mejor servicio al cliente en la industria y los productos de la m\u00e1s alta calidad","potentialAction":[{"@type":"SearchAction","target":{"@type":"EntryPoint","urlTemplate":"https:\/\/iberoid.com\/fr\/?s={search_term_string}"},"query-input":{"@type":"PropertyValueSpecification","valueRequired":true,"valueName":"search_term_string"}}],"inLanguage":"fr-FR"}]},"product_brand":"SP Laboratories","product_price_amount":"45.00","product_price_currency":"EUR","og_availability":"out of stock","product_availability":"out of stock","product_condition":"new"},"_links":{"self":[{"href":"https:\/\/iberoid.com\/fr\/wp-json\/wp\/v2\/product\/6352","targetHints":{"allow":["GET"]}}],"collection":[{"href":"https:\/\/iberoid.com\/fr\/wp-json\/wp\/v2\/product"}],"about":[{"href":"https:\/\/iberoid.com\/fr\/wp-json\/wp\/v2\/types\/product"}],"replies":[{"embeddable":true,"href":"https:\/\/iberoid.com\/fr\/wp-json\/wp\/v2\/comments?post=6352"}],"wp:featuredmedia":[{"embeddable":true,"href":"https:\/\/iberoid.com\/fr\/wp-json\/wp\/v2\/media\/6353"}],"wp:attachment":[{"href":"https:\/\/iberoid.com\/fr\/wp-json\/wp\/v2\/media?parent=6352"}],"wp:term":[{"taxonomy":"product_brand","embeddable":true,"href":"https:\/\/iberoid.com\/fr\/wp-json\/wp\/v2\/product_brand?post=6352"},{"taxonomy":"product_cat","embeddable":true,"href":"https:\/\/iberoid.com\/fr\/wp-json\/wp\/v2\/product_cat?post=6352"},{"taxonomy":"product_tag","embeddable":true,"href":"https:\/\/iberoid.com\/fr\/wp-json\/wp\/v2\/product_tag?post=6352"}],"curies":[{"name":"wp","href":"https:\/\/api.w.org\/{rel}","templated":true}]}}