{"id":6756,"date":"2021-09-19T13:22:46","date_gmt":"2021-09-19T13:22:46","guid":{"rendered":"https:\/\/iberoid.com\/?post_type=product&#038;p=6756"},"modified":"2026-01-25T14:58:42","modified_gmt":"2026-01-25T14:58:42","slug":"pack-3-cajas-humatrope72uix3-216ui","status":"publish","type":"product","link":"https:\/\/iberoid.com\/fr\/product\/pack-3-cajas-humatrope72uix3-216ui\/","title":{"rendered":"PACK3 HUMATROPE\/72IU\/24mg"},"content":{"rendered":"<p>HUMATROPE est indiqu\u00e9 pour le traitement des patients p\u00e9diatriques pr\u00e9sentant :<br \/>\n\u2022 retard de croissance d\u00fb \u00e0 une s\u00e9cr\u00e9tion insuffisante d&rsquo;hormone de croissance endog\u00e8ne (GH),<br \/>\n\u2022 petite taille associ\u00e9e au syndrome de Turner,<br \/>\n\u2022 Petite taille idiopathique (ISS), score d&rsquo;\u00e9cart type de la taille (SDS) &lt;-2,25, et associ\u00e9 \u00e0 des taux de croissance peu susceptibles de permettre d&rsquo;atteindre une taille adulte dans la plage normale,<br \/>\n\u2022 petite taille ou retard de croissance en cas de d\u00e9ficience du g\u00e8ne SHOX (petite taille) contenant l&rsquo;hom\u00e9obox,<br \/>\n\u2022 petite taille n\u00e9e petite pour l&rsquo;\u00e2ge gestationnel (SGA) sans croissance de rattrapage de 2 \u00e0 4 ans.<br \/>\n1.2 Patients adultes<br \/>\nHUMATROPE est indiqu\u00e9 pour le remplacement de la GH endog\u00e8ne chez les adultes pr\u00e9sentant un d\u00e9ficit en GH.<br \/>\n2 POSOLOGIE ET \u200b\u200bADMINISTRATION<br \/>\n2.1 Instructions d&rsquo;administration et d&rsquo;utilisation<br \/>\n\u2022 Le traitement par HUMATROPE doit \u00eatre supervis\u00e9 par un m\u00e9decin exp\u00e9riment\u00e9 dans le diagnostic et la prise en charge des patients atteints des affections pour lesquelles HUMATROPE est indiqu\u00e9 [voir Indications et utilisation<br \/>\n(1)].<br \/>\n\u2022 L&rsquo;examen du fond d&rsquo;\u0153il doit \u00eatre effectu\u00e9 syst\u00e9matiquement avant de commencer le traitement par HUMATROPE pour exclure un \u0153d\u00e8me papillaire pr\u00e9existant, et p\u00e9riodiquement par la suite [voir Avertissements et Pr\u00e9cautions (5.5)].<br \/>\n\u2022 Laisser HUMATROPE \u00e0 temp\u00e9rature ambiante pendant 10 minutes avant l&rsquo;administration.<br \/>\n\u2022 Administrer HUMATROPE par injection sous-cutan\u00e9e \u00e0 l&rsquo;arri\u00e8re de la partie sup\u00e9rieure du bras, de l&rsquo;abdomen, de la fesse ou de la cuisse avec une rotation r\u00e9guli\u00e8re des sites d&rsquo;injection pour \u00e9viter la lipoatrophie.<br \/>\n2.2 Posologie p\u00e9diatrique<br \/>\n\u2022 Individualiser la posologie pour chaque patient en fonction de la r\u00e9ponse de croissance.<br \/>\n\u2022 Divisez la dose hebdomadaire calcul\u00e9e d&rsquo;HUMATROPE en doses \u00e9gales administr\u00e9es 6 ou 7 jours par semaine.<br \/>\n\u2022 La dose hebdomadaire recommand\u00e9e en milligrammes (mg) par kilogramme (kg) de poids corporel pour les patients p\u00e9diatriques est\u00a0:<br \/>\no D\u00e9ficit p\u00e9diatrique en GH : 0,18 mg\/kg\/semaine \u00e0 0,3 mg\/kg\/semaine (0,026 \u00e0 0,043 mg\/kg\/jour)<br \/>\no Syndrome de Turner\u00a0: jusqu&rsquo;\u00e0 0,375\u00a0mg\/kg\/semaine (jusqu&rsquo;\u00e0 0,054\u00a0mg\/kg\/jour)<br \/>\no Petite taille idiopathique\u00a0: jusqu&rsquo;\u00e0 0,37\u00a0mg\/kg\/semaine (jusqu&rsquo;\u00e0 0,053\u00a0mg\/kg\/jour)<br \/>\no Carence en SHOX : 0,35 mg\/kg\/semaine (0,05 mg\/kg\/jour)<br \/>\no Petit pour l&rsquo;\u00e2ge gestationnel (SGA)\u00a0: jusqu&rsquo;\u00e0 0,47\u00a0mg\/kg\/semaine (jusqu&rsquo;\u00e0 0,067\u00a0mg\/kg\/jour)<br \/>\n\uf0a7 Chez les patients p\u00e9diatriques de tr\u00e8s petite taille, de taille SDS inf\u00e9rieure \u00e0 -3, et les patients p\u00e9diatriques pubertaires plus \u00e2g\u00e9s envisagent d&rsquo;initier un traitement avec une dose plus importante d&rsquo;HUMATROPE (jusqu&rsquo;\u00e0 0,067 mg\/kg\/jour). Envisager une r\u00e9duction progressive de la posologie si une croissance de rattrapage importante est observ\u00e9e au cours des premi\u00e8res ann\u00e9es de traitement. Chez les patients p\u00e9diatriques de moins de 4 ans avec une petite taille moins s\u00e9v\u00e8re, des valeurs SDS de taille de base comprises entre -2 et -3, envisager d&rsquo;initier le traitement \u00e0 0,033 mg\/kg\/jour et ajuster la dose si n\u00e9cessaire.<br \/>\n\u2022 \u00c9valuer l&rsquo;observance et \u00e9valuer les autres causes d&rsquo;une mauvaise croissance telles que l&rsquo;hypothyro\u00efdie, la d\u00e9nutrition, l&rsquo;\u00e2ge osseux avanc\u00e9 et les anticorps anti-GH humaine recombinante si les patients ne parviennent pas \u00e0 augmenter la vitesse de croissance, en particulier pendant la premi\u00e8re ann\u00e9e de traitement.<br \/>\n\u2022 Arr\u00eatez HUMATROPE pour la stimulation de la croissance lin\u00e9aire une fois que la fusion \u00e9piphysaire s&rsquo;est produite<br \/>\n2.3 Posologie chez l&rsquo;adulte<br \/>\n\u2022 Patients qui ont \u00e9t\u00e9 trait\u00e9s par la somatropine pour un d\u00e9ficit en GH dans l&rsquo;enfance et dont les \u00e9piphyses sont ferm\u00e9es<br \/>\ndoit \u00eatre r\u00e9\u00e9valu\u00e9 avant la poursuite de la somatropine pour les adultes d\u00e9ficients en GH.<br \/>\n\u2022 Envisagez d&rsquo;utiliser une dose initiale plus faible et des augmentations de dose plus faibles pour les patients g\u00e9riatriques, car ils peuvent pr\u00e9senter un risque accru d&rsquo;effets ind\u00e9sirables avec HUMATROPE par rapport aux personnes plus jeunes.<br \/>\n\u2022 Les femmes peuvent n\u00e9cessiter des doses plus \u00e9lev\u00e9es et les patients recevant des \u0153strog\u00e8nes par voie orale peuvent n\u00e9cessiter des doses plus \u00e9lev\u00e9es<br \/>\n\u2022 Administrez quotidiennement la dose prescrite.<br \/>\n\u2022 L&rsquo;un ou l&rsquo;autre des deux sch\u00e9mas posologiques d&rsquo;HUMATROPE peut \u00eatre utilis\u00e9\u00a0:<br \/>\no Non bas\u00e9 sur le poids\u00a0:<br \/>\n\uf0a7 Initier HUMATROPE \u00e0 une dose d&rsquo;environ 0,2 mg\/jour (intervalle de 0,15 mg\/jour \u00e0 0,3 mg\/jour) et augmenter la dose tous les 1 \u00e0 2 mois par paliers d&rsquo;environ 0,1 mg\/jour \u00e0 0,2 mg\/jour, selon les besoins individuels des patients en fonction de la r\u00e9ponse clinique et des concentrations s\u00e9riques du facteur de croissance analogue \u00e0 l&rsquo;insuline 1 (IGF-1).<br \/>\nUtiliser la r\u00e9ponse clinique du patient, les effets ind\u00e9sirables et la d\u00e9termination des concentrations s\u00e9riques d&rsquo;IGF-1 ajust\u00e9es en fonction de l&rsquo;\u00e2ge et du sexe comme guide pour l&rsquo;ajustement posologique.<br \/>\n4<br \/>\nLes doses d&rsquo;entretien varieront consid\u00e9rablement d&rsquo;une personne \u00e0 l&rsquo;autre et entre les patients masculins et f\u00e9minins.<br \/>\no Bas\u00e9 sur le poids\u00a0:<br \/>\nInitier HUMATROPE \u00e0 raison de 0,006 mg\/kg par jour et augmenter la dose en fonction des besoins de chaque patient jusqu&rsquo;\u00e0 un maximum de 0,0125 mg\/kg par jour.<br \/>\nUtiliser la r\u00e9ponse clinique du patient, les effets ind\u00e9sirables et la d\u00e9termination des concentrations s\u00e9riques d&rsquo;IGF-1 ajust\u00e9es en fonction de l&rsquo;\u00e2ge et du sexe comme guide pour l&rsquo;ajustement posologique.<br \/>\nLes doses d&rsquo;entretien varieront consid\u00e9rablement d&rsquo;une personne \u00e0 l&rsquo;autre et entre les patients masculins et f\u00e9minins<br \/>\n\uf0a7 Non recommand\u00e9 pour les patients ob\u00e8ses car ils sont plus susceptibles de pr\u00e9senter des effets ind\u00e9sirables avec ce r\u00e9gime.<\/p>","protected":false},"excerpt":{"rendered":"<p>HUMATROPE est indiqu\u00e9 pour le traitement des patients p\u00e9diatriques pr\u00e9sentant : \u2022 retard de croissance d\u00fb \u00e0 une s\u00e9cr\u00e9tion insuffisante<\/p>\n","protected":false},"featured_media":5411,"comment_status":"open","ping_status":"closed","template":"","meta":[],"product_brand":[],"product_cat":[76,3474],"product_tag":[],"class_list":{"0":"post-6756","1":"product","2":"type-product","3":"status-publish","4":"has-post-thumbnail","6":"product_cat-hgh_peptido","7":"product_cat-packs","9":"first","10":"outofstock","11":"sale","12":"shipping-taxable","13":"purchasable","14":"product-type-simple"},"yoast_head":"<!-- This site is optimized with the Yoast SEO Premium plugin v24.4 (Yoast SEO v27.3) - https:\/\/yoast.com\/product\/yoast-seo-premium-wordpress\/ -->\n<title>PACK3 HUMATROPE\/72IU\/24mg - (Espa\u00f1ol) Esteroides en l\u00ednea<\/title>\n<meta name=\"description\" content=\"HUMATROPE est une th\u00e9rapie hormonale de croissance pour enfants et adultes pr\u00e9sentant des d\u00e9ficiences de croissance et une petite taille.\" \/>\n<meta name=\"robots\" content=\"index, follow, max-snippet:-1, max-image-preview:large, max-video-preview:-1\" \/>\n<link rel=\"canonical\" href=\"https:\/\/iberoid.com\/fr\/product\/pack-3-cajas-humatrope72uix3-216ui\/\" \/>\n<meta property=\"og:locale\" content=\"fr_FR\" \/>\n<meta property=\"og:type\" content=\"article\" \/>\n<meta property=\"og:title\" content=\"PACK3 HUMATROPE\/72IU\/24mg\" \/>\n<meta property=\"og:description\" content=\"HUMATROPE est une th\u00e9rapie hormonale de croissance pour enfants et adultes pr\u00e9sentant des d\u00e9ficiences de croissance et une petite taille.\" \/>\n<meta property=\"og:url\" content=\"https:\/\/iberoid.com\/fr\/product\/pack-3-cajas-humatrope72uix3-216ui\/\" \/>\n<meta property=\"og:site_name\" content=\"(Espa\u00f1ol) Esteroides en l\u00ednea\" \/>\n<meta property=\"article:modified_time\" content=\"2026-01-25T14:58:42+00:00\" \/>\n<meta property=\"og:image\" content=\"https:\/\/iberoid.com\/wp-content\/uploads\/2020\/10\/humatrope2-768x768-2.jpg?v=1702425761\" \/>\n\t<meta property=\"og:image:width\" content=\"768\" \/>\n\t<meta property=\"og:image:height\" content=\"768\" \/>\n\t<meta property=\"og:image:type\" content=\"image\/jpeg\" \/>\n<meta name=\"twitter:card\" content=\"summary_large_image\" \/>\n<meta name=\"twitter:label1\" content=\"Prix\" \/>\n\t<meta name=\"twitter:data1\" content=\"&euro;450.00\" \/>\n\t<meta name=\"twitter:label2\" content=\"Disponibilit\u00e9\" \/>\n\t<meta name=\"twitter:data2\" content=\"Rupture de stock\" \/>\n<script type=\"application\/ld+json\" class=\"yoast-schema-graph\">{\"@context\":\"https:\\\/\\\/schema.org\",\"@graph\":[{\"@type\":\"WebPage\",\"@id\":\"https:\\\/\\\/iberoid.com\\\/fr\\\/product\\\/pack-3-cajas-humatrope72uix3-216ui\\\/\",\"url\":\"https:\\\/\\\/iberoid.com\\\/fr\\\/product\\\/pack-3-cajas-humatrope72uix3-216ui\\\/\",\"name\":\"PACK3 HUMATROPE\\\/72IU\\\/24mg - (Espa\u00f1ol) Esteroides en l\u00ednea\",\"isPartOf\":{\"@id\":\"https:\\\/\\\/iberoid-shop.com\\\/#website\"},\"primaryImageOfPage\":{\"@id\":\"https:\\\/\\\/iberoid.com\\\/fr\\\/product\\\/pack-3-cajas-humatrope72uix3-216ui\\\/#primaryimage\"},\"image\":{\"@id\":\"https:\\\/\\\/iberoid.com\\\/fr\\\/product\\\/pack-3-cajas-humatrope72uix3-216ui\\\/#primaryimage\"},\"thumbnailUrl\":\"https:\\\/\\\/iberoid.com\\\/wp-content\\\/uploads\\\/2020\\\/10\\\/humatrope2-768x768-2.jpg?v=1702425761\",\"datePublished\":\"2021-09-19T13:22:46+00:00\",\"dateModified\":\"2026-01-25T14:58:42+00:00\",\"description\":\"HUMATROPE est une th\u00e9rapie hormonale de croissance pour enfants et adultes pr\u00e9sentant des d\u00e9ficiences de croissance et une petite taille.\",\"breadcrumb\":{\"@id\":\"https:\\\/\\\/iberoid.com\\\/fr\\\/product\\\/pack-3-cajas-humatrope72uix3-216ui\\\/#breadcrumb\"},\"inLanguage\":\"fr-FR\",\"potentialAction\":[{\"@type\":\"ReadAction\",\"target\":[[\"https:\\\/\\\/iberoid.com\\\/fr\\\/product\\\/pack-3-cajas-humatrope72uix3-216ui\\\/\"]]}]},{\"@type\":\"ImageObject\",\"inLanguage\":\"fr-FR\",\"@id\":\"https:\\\/\\\/iberoid.com\\\/fr\\\/product\\\/pack-3-cajas-humatrope72uix3-216ui\\\/#primaryimage\",\"url\":\"https:\\\/\\\/iberoid.com\\\/wp-content\\\/uploads\\\/2020\\\/10\\\/humatrope2-768x768-2.jpg?v=1702425761\",\"contentUrl\":\"https:\\\/\\\/iberoid.com\\\/wp-content\\\/uploads\\\/2020\\\/10\\\/humatrope2-768x768-2.jpg?v=1702425761\",\"width\":768,\"height\":768},{\"@type\":\"BreadcrumbList\",\"@id\":\"https:\\\/\\\/iberoid.com\\\/fr\\\/product\\\/pack-3-cajas-humatrope72uix3-216ui\\\/#breadcrumb\",\"itemListElement\":[{\"@type\":\"ListItem\",\"position\":1,\"name\":\"Portada\",\"item\":\"https:\\\/\\\/iberoid.com\\\/fr\\\/\"},{\"@type\":\"ListItem\",\"position\":2,\"name\":\"Magasin\",\"item\":\"https:\\\/\\\/iberoid.com\\\/fr\\\/shop\\\/\"},{\"@type\":\"ListItem\",\"position\":3,\"name\":\"PACK3 HUMATROPE\\\/72IU\\\/24mg\"}]},{\"@type\":\"WebSite\",\"@id\":\"https:\\\/\\\/iberoid-shop.com\\\/#website\",\"url\":\"https:\\\/\\\/iberoid-shop.com\\\/\",\"name\":\"(Espa\u00f1ol) Esteroides en l\u00ednea\",\"description\":\"(Espa\u00f1ol) Comprar esteroides en l\u00ednea hoy en Espa\u00f1a y Portugal. Tenemos el mejor servicio al cliente en la industria y los productos de la m\u00e1s alta calidad\",\"potentialAction\":[{\"@type\":\"SearchAction\",\"target\":{\"@type\":\"EntryPoint\",\"urlTemplate\":\"https:\\\/\\\/iberoid-shop.com\\\/?s={search_term_string}\"},\"query-input\":{\"@type\":\"PropertyValueSpecification\",\"valueRequired\":true,\"valueName\":\"search_term_string\"}}],\"inLanguage\":\"fr-FR\"}]}<\/script>\n<meta property=\"product:brand\" content=\"Lilly\" \/>\n<meta property=\"product:price:amount\" content=\"450.00\" \/>\n<meta property=\"product:price:currency\" content=\"EUR\" \/>\n<meta property=\"og:availability\" content=\"out of stock\" \/>\n<meta property=\"product:availability\" content=\"out of stock\" \/>\n<meta property=\"product:condition\" content=\"new\" \/>\n<!-- \/ Yoast SEO Premium plugin. -->","yoast_head_json":{"title":"PACK3 HUMATROPE\/72IU\/24mg - (Espa\u00f1ol) Esteroides en l\u00ednea","description":"HUMATROPE est une th\u00e9rapie hormonale de croissance pour enfants et adultes pr\u00e9sentant des d\u00e9ficiences de croissance et une petite taille.","robots":{"index":"index","follow":"follow","max-snippet":"max-snippet:-1","max-image-preview":"max-image-preview:large","max-video-preview":"max-video-preview:-1"},"canonical":"https:\/\/iberoid.com\/fr\/product\/pack-3-cajas-humatrope72uix3-216ui\/","og_locale":"fr_FR","og_type":"article","og_title":"PACK3 HUMATROPE\/72IU\/24mg","og_description":"HUMATROPE est une th\u00e9rapie hormonale de croissance pour enfants et adultes pr\u00e9sentant des d\u00e9ficiences de croissance et une petite taille.","og_url":"https:\/\/iberoid.com\/fr\/product\/pack-3-cajas-humatrope72uix3-216ui\/","og_site_name":"(Espa\u00f1ol) Esteroides en l\u00ednea","article_modified_time":"2026-01-25T14:58:42+00:00","og_image":[{"width":768,"height":768,"url":"https:\/\/iberoid.com\/wp-content\/uploads\/2020\/10\/humatrope2-768x768-2.jpg?v=1702425761","type":"image\/jpeg"}],"twitter_card":"summary_large_image","twitter_misc":{"Prix":"&euro;450.00","Disponibilit\u00e9":"Rupture de stock"},"schema":{"@context":"https:\/\/schema.org","@graph":[{"@type":"WebPage","@id":"https:\/\/iberoid.com\/fr\/product\/pack-3-cajas-humatrope72uix3-216ui\/","url":"https:\/\/iberoid.com\/fr\/product\/pack-3-cajas-humatrope72uix3-216ui\/","name":"PACK3 HUMATROPE\/72IU\/24mg - (Espa\u00f1ol) Esteroides en l\u00ednea","isPartOf":{"@id":"https:\/\/iberoid-shop.com\/#website"},"primaryImageOfPage":{"@id":"https:\/\/iberoid.com\/fr\/product\/pack-3-cajas-humatrope72uix3-216ui\/#primaryimage"},"image":{"@id":"https:\/\/iberoid.com\/fr\/product\/pack-3-cajas-humatrope72uix3-216ui\/#primaryimage"},"thumbnailUrl":"https:\/\/iberoid.com\/wp-content\/uploads\/2020\/10\/humatrope2-768x768-2.jpg?v=1702425761","datePublished":"2021-09-19T13:22:46+00:00","dateModified":"2026-01-25T14:58:42+00:00","description":"HUMATROPE est une th\u00e9rapie hormonale de croissance pour enfants et adultes pr\u00e9sentant des d\u00e9ficiences de croissance et une petite taille.","breadcrumb":{"@id":"https:\/\/iberoid.com\/fr\/product\/pack-3-cajas-humatrope72uix3-216ui\/#breadcrumb"},"inLanguage":"fr-FR","potentialAction":[{"@type":"ReadAction","target":[["https:\/\/iberoid.com\/fr\/product\/pack-3-cajas-humatrope72uix3-216ui\/"]]}]},{"@type":"ImageObject","inLanguage":"fr-FR","@id":"https:\/\/iberoid.com\/fr\/product\/pack-3-cajas-humatrope72uix3-216ui\/#primaryimage","url":"https:\/\/iberoid.com\/wp-content\/uploads\/2020\/10\/humatrope2-768x768-2.jpg?v=1702425761","contentUrl":"https:\/\/iberoid.com\/wp-content\/uploads\/2020\/10\/humatrope2-768x768-2.jpg?v=1702425761","width":768,"height":768},{"@type":"BreadcrumbList","@id":"https:\/\/iberoid.com\/fr\/product\/pack-3-cajas-humatrope72uix3-216ui\/#breadcrumb","itemListElement":[{"@type":"ListItem","position":1,"name":"Portada","item":"https:\/\/iberoid.com\/fr\/"},{"@type":"ListItem","position":2,"name":"Magasin","item":"https:\/\/iberoid.com\/fr\/shop\/"},{"@type":"ListItem","position":3,"name":"PACK3 HUMATROPE\/72IU\/24mg"}]},{"@type":"WebSite","@id":"https:\/\/iberoid-shop.com\/#website","url":"https:\/\/iberoid-shop.com\/","name":"(Espa\u00f1ol) Esteroides en l\u00ednea","description":"(Espa\u00f1ol) Comprar esteroides en l\u00ednea hoy en Espa\u00f1a y Portugal. Tenemos el mejor servicio al cliente en la industria y los productos de la m\u00e1s alta calidad","potentialAction":[{"@type":"SearchAction","target":{"@type":"EntryPoint","urlTemplate":"https:\/\/iberoid-shop.com\/?s={search_term_string}"},"query-input":{"@type":"PropertyValueSpecification","valueRequired":true,"valueName":"search_term_string"}}],"inLanguage":"fr-FR"}]},"product_brand":"Lilly","product_price_amount":"450.00","product_price_currency":"EUR","og_availability":"out of stock","product_availability":"out of stock","product_condition":"new"},"_links":{"self":[{"href":"https:\/\/iberoid.com\/fr\/wp-json\/wp\/v2\/product\/6756","targetHints":{"allow":["GET"]}}],"collection":[{"href":"https:\/\/iberoid.com\/fr\/wp-json\/wp\/v2\/product"}],"about":[{"href":"https:\/\/iberoid.com\/fr\/wp-json\/wp\/v2\/types\/product"}],"replies":[{"embeddable":true,"href":"https:\/\/iberoid.com\/fr\/wp-json\/wp\/v2\/comments?post=6756"}],"wp:featuredmedia":[{"embeddable":true,"href":"https:\/\/iberoid.com\/fr\/wp-json\/wp\/v2\/media\/5411"}],"wp:attachment":[{"href":"https:\/\/iberoid.com\/fr\/wp-json\/wp\/v2\/media?parent=6756"}],"wp:term":[{"taxonomy":"product_brand","embeddable":true,"href":"https:\/\/iberoid.com\/fr\/wp-json\/wp\/v2\/product_brand?post=6756"},{"taxonomy":"product_cat","embeddable":true,"href":"https:\/\/iberoid.com\/fr\/wp-json\/wp\/v2\/product_cat?post=6756"},{"taxonomy":"product_tag","embeddable":true,"href":"https:\/\/iberoid.com\/fr\/wp-json\/wp\/v2\/product_tag?post=6756"}],"curies":[{"name":"wp","href":"https:\/\/api.w.org\/{rel}","templated":true}]}}