{"id":6759,"date":"2021-09-19T13:42:52","date_gmt":"2021-09-19T13:42:52","guid":{"rendered":"https:\/\/iberoid.com\/?post_type=product&#038;p=6759"},"modified":"2026-03-24T21:11:14","modified_gmt":"2026-03-24T21:11:14","slug":"pack-3-cajas-somatropin100-ui-canada-biotech-300-ui","status":"publish","type":"product","link":"https:\/\/iberoid.com\/fr\/product\/pack-3-cajas-somatropin100-ui-canada-biotech-300-ui\/","title":{"rendered":"PACK 3 Somatropin 191aa 100 UI\/300 ui[:"},"content":{"rendered":"<p>Canada Peptides La somatropine, ou hormone de croissance humaine, est l&rsquo;une des hormones de base de l&rsquo;organisme, sans laquelle de nombreux facteurs ne pourront pas fonctionner correctement. Parmi ceux-ci figurent\u00a0: la r\u00e9duction de la graisse, la taille et la propri\u00e9t\u00e9 de la masse musculaire, la puissance et la r\u00e9cup\u00e9ration du corps, la sant\u00e9, l&rsquo;apparence \u00e9nerg\u00e9tique, l&rsquo;immunit\u00e9, la productivit\u00e9, l&rsquo;endurance, la capacit\u00e9 de survie et autres.<\/p>\n<p>Apr\u00e8s la recombinaison g\u00e9n\u00e9tique, le laboratoire a cr\u00e9\u00e9 la rhGH, similaire \u00e0 la HGH, qui est s\u00e9cr\u00e9t\u00e9e par l&rsquo;organisme et poss\u00e8de 191 acides amin\u00e9s. \u00c0 l&rsquo;int\u00e9rieur du foie, la transformation de HGH en le principal m\u00e9tabolite IGF-1 se d\u00e9roule tr\u00e8s rapidement, ce qui favorise une efficacit\u00e9 accrue et l&rsquo;ajout d&rsquo;avantages.<\/p>\n<p>Chaque personne, approximativement jusqu&rsquo;\u00e0 la limite de trente ans, a suffisamment de HGH dans l&rsquo;organisme. Apr\u00e8s cette limite, la production d&rsquo;hormone de croissance, qui repr\u00e9sente l&rsquo;effet anti-\u00e2ge, diminue. Les recherches ont montr\u00e9 que les caract\u00e9ristiques biologiques du vieillissement (ainsi que les rides) pouvaient \u00eatre retard\u00e9es par le traitement \u00e0 la GH. De plus, Canada Peptides Somatropin 191aa 10 UI en flacon a un fort effet anabolisant. Vous pouvez d\u00e9terminer vous-m\u00eame qu&rsquo;il est capable d&rsquo;acqu\u00e9rir une nouvelle musculature qualifi\u00e9e, apr\u00e8s avoir command\u00e9 le peptide sur steromarket.com.<\/p>\n<p>L&rsquo;utilisation de la rHGH pr\u00e9sente encore plus d&rsquo;avantages\u00a0: elle soutient le d\u00e9veloppement de nouvelles cellules musculaires\u00a0; am\u00e9liorer l&rsquo;indice de cholest\u00e9rol; diminue la possibilit\u00e9 de maladie coronarienne et de maladie cardiovasculaire; soutient la r\u00e9cup\u00e9ration de plusieurs organes internes; renforce les os; \u00e9lev\u00e9 l&rsquo;\u00e9ducabilit\u00e9, en raison de l&rsquo;am\u00e9lioration de l&rsquo;activit\u00e9 c\u00e9r\u00e9brale.<\/p>\n<p>Les gammes de dosage de Somatropin (par jour) : pour l&rsquo;effet anti-vieillissement &#8211; 2 UI ; pour la r\u00e9duction de poids, la musculation et le fitness &#8211; 4-6 UI ; pour le traitement des br\u00fblures graves et la r\u00e9\u00e9ducation des blessures &#8211; 8-16 UI (dans ce cas, il n&rsquo;est pas utilis\u00e9 pendant longtemps). Si vous devez prendre 4UI et plus, il est recommand\u00e9 de diviser cette dose quotidienne en 2 prises (la premi\u00e8re le matin et la seconde en fin d&rsquo;apr\u00e8s-midi). Il est pr\u00e9f\u00e9rable de ne pas prendre le m\u00e9dicament en fin de soir\u00e9e, car il pourrait intervenir avec la s\u00e9cr\u00e9tion endog\u00e8ne de HGH de l&rsquo;organisme pendant que l&rsquo;utilisateur dort. Si vous avez des questions sur l&rsquo;administration des peptides, vous pouvez les poser \u00e0 nos consultants, apr\u00e8s avoir pass\u00e9 une commande sur steromarket.com.<\/p>\n<p>Les effets secondaires possibles de la somatropine 191aa sont\u00a0: une glycosurie, des l\u00e9sions musculaires, une \u00e9l\u00e9vation de la glyc\u00e9mie, des maux de t\u00eate, un raidissement des articulations. Le point d&rsquo;injection peut devenir rouge et provoquer des d\u00e9mangeaisons. En r\u00e8gle g\u00e9n\u00e9rale, en prenant moins de 3 UI par jour, les effets secondaires n&rsquo;appara\u00eetront pas et l&rsquo;\u00e9tat de la peau et du sommeil augmentera. Mais, lors de la prise de 4 UI (un jour) et plus, pendant quelques semaines, certains effets n\u00e9fastes pourraient se manifester. Des cas de l\u00e9g\u00e8re r\u00e9tention d&rsquo;eau dans les orteils, les doigts et le visage peuvent survenir. Il y a un effet secondaire qui apporte beaucoup d&rsquo;inconv\u00e9nients : le syndrome du canal carpien. Cette sensation de piq\u00fbre dans les paumes et les doigts est g\u00e9n\u00e9ralement ignor\u00e9e par les utilisateurs, mais pour \u00e9liminer cet effet, il est recommand\u00e9 de r\u00e9duire la dose ou d&rsquo;arr\u00eater de prendre le m\u00e9dicament pendant environ 2-3 semaines, jusqu&rsquo;\u00e0 ce que les sympt\u00f4mes disparaissent.<\/p>","protected":false},"excerpt":{"rendered":"<p>Canada Peptides La somatropine, ou hormone de croissance humaine, est l&rsquo;une des hormones de base de l&rsquo;organisme, sans laquelle de<\/p>\n","protected":false},"featured_media":8836,"comment_status":"open","ping_status":"closed","template":"","meta":[],"product_brand":[],"product_cat":[76,3474],"product_tag":[3450],"class_list":{"0":"post-6759","1":"product","2":"type-product","3":"status-publish","4":"has-post-thumbnail","6":"product_cat-hgh_peptido","7":"product_cat-packs","8":"product_tag-pack3-cajas","10":"first","11":"instock","12":"sale","13":"shipping-taxable","14":"purchasable","15":"product-type-simple"},"yoast_head":"<!-- This site is optimized with the Yoast SEO Premium plugin v24.4 (Yoast SEO v27.3) - https:\/\/yoast.com\/product\/yoast-seo-premium-wordpress\/ -->\n<title>PACK 3 Somatropin 191aa 100 UI\/300 ui[: - (Espa\u00f1ol) Esteroides en l\u00ednea<\/title>\n<meta name=\"description\" content=\"La Somatropine de Canada Peptides (rhGH 191aa) est une hormone de croissance humaine pour le gain musculaire, la perte de graisse, la r\u00e9cup\u00e9ration et les effets anti-\u00e2ge.\" \/>\n<meta name=\"robots\" content=\"index, follow, max-snippet:-1, max-image-preview:large, max-video-preview:-1\" \/>\n<link rel=\"canonical\" href=\"https:\/\/iberoid.com\/fr\/product\/pack-3-cajas-somatropin100-ui-canada-biotech-300-ui\/\" \/>\n<meta property=\"og:locale\" content=\"fr_FR\" \/>\n<meta property=\"og:type\" content=\"article\" \/>\n<meta property=\"og:title\" content=\"PACK 3 Somatropin 191aa 100 UI\/300 ui[:\" \/>\n<meta property=\"og:description\" content=\"La Somatropine de Canada Peptides (rhGH 191aa) est une hormone de croissance humaine pour le gain musculaire, la perte de graisse, la r\u00e9cup\u00e9ration et les effets anti-\u00e2ge.\" \/>\n<meta property=\"og:url\" content=\"https:\/\/iberoid.com\/fr\/product\/pack-3-cajas-somatropin100-ui-canada-biotech-300-ui\/\" \/>\n<meta property=\"og:site_name\" content=\"(Espa\u00f1ol) Esteroides en l\u00ednea\" \/>\n<meta property=\"article:modified_time\" content=\"2026-03-24T21:11:14+00:00\" \/>\n<meta property=\"og:image\" content=\"https:\/\/iberoid.com\/wp-content\/uploads\/2021\/09\/3-somna.jpg?v=1699083340\" \/>\n\t<meta property=\"og:image:width\" content=\"1024\" \/>\n\t<meta property=\"og:image:height\" content=\"660\" \/>\n\t<meta property=\"og:image:type\" content=\"image\/jpeg\" \/>\n<meta name=\"twitter:card\" content=\"summary_large_image\" \/>\n<meta name=\"twitter:label1\" content=\"Prix\" \/>\n\t<meta name=\"twitter:data1\" content=\"&euro;200.00\" \/>\n\t<meta name=\"twitter:label2\" content=\"Disponibilit\u00e9\" \/>\n\t<meta name=\"twitter:data2\" content=\"En stock\" \/>\n<script type=\"application\/ld+json\" class=\"yoast-schema-graph\">{\"@context\":\"https:\\\/\\\/schema.org\",\"@graph\":[{\"@type\":\"WebPage\",\"@id\":\"https:\\\/\\\/iberoid.com\\\/fr\\\/product\\\/pack-3-cajas-somatropin100-ui-canada-biotech-300-ui\\\/\",\"url\":\"https:\\\/\\\/iberoid.com\\\/fr\\\/product\\\/pack-3-cajas-somatropin100-ui-canada-biotech-300-ui\\\/\",\"name\":\"PACK 3 Somatropin 191aa 100 UI\\\/300 ui[: - (Espa\u00f1ol) Esteroides en l\u00ednea\",\"isPartOf\":{\"@id\":\"https:\\\/\\\/iberoid.com\\\/fr\\\/#website\"},\"primaryImageOfPage\":{\"@id\":\"https:\\\/\\\/iberoid.com\\\/fr\\\/product\\\/pack-3-cajas-somatropin100-ui-canada-biotech-300-ui\\\/#primaryimage\"},\"image\":{\"@id\":\"https:\\\/\\\/iberoid.com\\\/fr\\\/product\\\/pack-3-cajas-somatropin100-ui-canada-biotech-300-ui\\\/#primaryimage\"},\"thumbnailUrl\":\"https:\\\/\\\/iberoid.com\\\/wp-content\\\/uploads\\\/2021\\\/09\\\/3-somna.jpg?v=1699083340\",\"datePublished\":\"2021-09-19T13:42:52+00:00\",\"dateModified\":\"2026-03-24T21:11:14+00:00\",\"description\":\"La Somatropine de Canada Peptides (rhGH 191aa) est une hormone de croissance humaine pour le gain musculaire, la perte de graisse, la r\u00e9cup\u00e9ration et les effets anti-\u00e2ge.\",\"breadcrumb\":{\"@id\":\"https:\\\/\\\/iberoid.com\\\/fr\\\/product\\\/pack-3-cajas-somatropin100-ui-canada-biotech-300-ui\\\/#breadcrumb\"},\"inLanguage\":\"fr-FR\",\"potentialAction\":[{\"@type\":\"ReadAction\",\"target\":[[\"https:\\\/\\\/iberoid.com\\\/fr\\\/product\\\/pack-3-cajas-somatropin100-ui-canada-biotech-300-ui\\\/\"]]}]},{\"@type\":\"ImageObject\",\"inLanguage\":\"fr-FR\",\"@id\":\"https:\\\/\\\/iberoid.com\\\/fr\\\/product\\\/pack-3-cajas-somatropin100-ui-canada-biotech-300-ui\\\/#primaryimage\",\"url\":\"https:\\\/\\\/iberoid.com\\\/wp-content\\\/uploads\\\/2021\\\/09\\\/3-somna.jpg?v=1699083340\",\"contentUrl\":\"https:\\\/\\\/iberoid.com\\\/wp-content\\\/uploads\\\/2021\\\/09\\\/3-somna.jpg?v=1699083340\",\"width\":1024,\"height\":660},{\"@type\":\"BreadcrumbList\",\"@id\":\"https:\\\/\\\/iberoid.com\\\/fr\\\/product\\\/pack-3-cajas-somatropin100-ui-canada-biotech-300-ui\\\/#breadcrumb\",\"itemListElement\":[{\"@type\":\"ListItem\",\"position\":1,\"name\":\"Portada\",\"item\":\"https:\\\/\\\/iberoid.com\\\/fr\\\/\"},{\"@type\":\"ListItem\",\"position\":2,\"name\":\"Magasin\",\"item\":\"https:\\\/\\\/iberoid.com\\\/fr\\\/shop\\\/\"},{\"@type\":\"ListItem\",\"position\":3,\"name\":\"PACK 3 Somatropin 191aa 100 UI\\\/300 ui[:\"}]},{\"@type\":\"WebSite\",\"@id\":\"https:\\\/\\\/iberoid.com\\\/fr\\\/#website\",\"url\":\"https:\\\/\\\/iberoid.com\\\/fr\\\/\",\"name\":\"(Espa\u00f1ol) Esteroides en l\u00ednea\",\"description\":\"(Espa\u00f1ol) Comprar esteroides en l\u00ednea hoy en Espa\u00f1a y Portugal. Tenemos el mejor servicio al cliente en la industria y los productos de la m\u00e1s alta calidad\",\"potentialAction\":[{\"@type\":\"SearchAction\",\"target\":{\"@type\":\"EntryPoint\",\"urlTemplate\":\"https:\\\/\\\/iberoid.com\\\/fr\\\/?s={search_term_string}\"},\"query-input\":{\"@type\":\"PropertyValueSpecification\",\"valueRequired\":true,\"valueName\":\"search_term_string\"}}],\"inLanguage\":\"fr-FR\"}]}<\/script>\n<meta property=\"product:brand\" content=\"Canada Biotech Peptides\" \/>\n<meta property=\"product:price:amount\" content=\"200.00\" \/>\n<meta property=\"product:price:currency\" content=\"EUR\" \/>\n<meta property=\"og:availability\" content=\"instock\" \/>\n<meta property=\"product:availability\" content=\"instock\" \/>\n<meta property=\"product:condition\" content=\"new\" \/>\n<!-- \/ Yoast SEO Premium plugin. -->","yoast_head_json":{"title":"PACK 3 Somatropin 191aa 100 UI\/300 ui[: - (Espa\u00f1ol) Esteroides en l\u00ednea","description":"La Somatropine de Canada Peptides (rhGH 191aa) est une hormone de croissance humaine pour le gain musculaire, la perte de graisse, la r\u00e9cup\u00e9ration et les effets anti-\u00e2ge.","robots":{"index":"index","follow":"follow","max-snippet":"max-snippet:-1","max-image-preview":"max-image-preview:large","max-video-preview":"max-video-preview:-1"},"canonical":"https:\/\/iberoid.com\/fr\/product\/pack-3-cajas-somatropin100-ui-canada-biotech-300-ui\/","og_locale":"fr_FR","og_type":"article","og_title":"PACK 3 Somatropin 191aa 100 UI\/300 ui[:","og_description":"La Somatropine de Canada Peptides (rhGH 191aa) est une hormone de croissance humaine pour le gain musculaire, la perte de graisse, la r\u00e9cup\u00e9ration et les effets anti-\u00e2ge.","og_url":"https:\/\/iberoid.com\/fr\/product\/pack-3-cajas-somatropin100-ui-canada-biotech-300-ui\/","og_site_name":"(Espa\u00f1ol) Esteroides en l\u00ednea","article_modified_time":"2026-03-24T21:11:14+00:00","og_image":[{"width":1024,"height":660,"url":"https:\/\/iberoid.com\/wp-content\/uploads\/2021\/09\/3-somna.jpg?v=1699083340","type":"image\/jpeg"}],"twitter_card":"summary_large_image","twitter_misc":{"Prix":"&euro;200.00","Disponibilit\u00e9":"En stock"},"schema":{"@context":"https:\/\/schema.org","@graph":[{"@type":"WebPage","@id":"https:\/\/iberoid.com\/fr\/product\/pack-3-cajas-somatropin100-ui-canada-biotech-300-ui\/","url":"https:\/\/iberoid.com\/fr\/product\/pack-3-cajas-somatropin100-ui-canada-biotech-300-ui\/","name":"PACK 3 Somatropin 191aa 100 UI\/300 ui[: - (Espa\u00f1ol) Esteroides en l\u00ednea","isPartOf":{"@id":"https:\/\/iberoid.com\/fr\/#website"},"primaryImageOfPage":{"@id":"https:\/\/iberoid.com\/fr\/product\/pack-3-cajas-somatropin100-ui-canada-biotech-300-ui\/#primaryimage"},"image":{"@id":"https:\/\/iberoid.com\/fr\/product\/pack-3-cajas-somatropin100-ui-canada-biotech-300-ui\/#primaryimage"},"thumbnailUrl":"https:\/\/iberoid.com\/wp-content\/uploads\/2021\/09\/3-somna.jpg?v=1699083340","datePublished":"2021-09-19T13:42:52+00:00","dateModified":"2026-03-24T21:11:14+00:00","description":"La Somatropine de Canada Peptides (rhGH 191aa) est une hormone de croissance humaine pour le gain musculaire, la perte de graisse, la r\u00e9cup\u00e9ration et les effets anti-\u00e2ge.","breadcrumb":{"@id":"https:\/\/iberoid.com\/fr\/product\/pack-3-cajas-somatropin100-ui-canada-biotech-300-ui\/#breadcrumb"},"inLanguage":"fr-FR","potentialAction":[{"@type":"ReadAction","target":[["https:\/\/iberoid.com\/fr\/product\/pack-3-cajas-somatropin100-ui-canada-biotech-300-ui\/"]]}]},{"@type":"ImageObject","inLanguage":"fr-FR","@id":"https:\/\/iberoid.com\/fr\/product\/pack-3-cajas-somatropin100-ui-canada-biotech-300-ui\/#primaryimage","url":"https:\/\/iberoid.com\/wp-content\/uploads\/2021\/09\/3-somna.jpg?v=1699083340","contentUrl":"https:\/\/iberoid.com\/wp-content\/uploads\/2021\/09\/3-somna.jpg?v=1699083340","width":1024,"height":660},{"@type":"BreadcrumbList","@id":"https:\/\/iberoid.com\/fr\/product\/pack-3-cajas-somatropin100-ui-canada-biotech-300-ui\/#breadcrumb","itemListElement":[{"@type":"ListItem","position":1,"name":"Portada","item":"https:\/\/iberoid.com\/fr\/"},{"@type":"ListItem","position":2,"name":"Magasin","item":"https:\/\/iberoid.com\/fr\/shop\/"},{"@type":"ListItem","position":3,"name":"PACK 3 Somatropin 191aa 100 UI\/300 ui[:"}]},{"@type":"WebSite","@id":"https:\/\/iberoid.com\/fr\/#website","url":"https:\/\/iberoid.com\/fr\/","name":"(Espa\u00f1ol) Esteroides en l\u00ednea","description":"(Espa\u00f1ol) Comprar esteroides en l\u00ednea hoy en Espa\u00f1a y Portugal. Tenemos el mejor servicio al cliente en la industria y los productos de la m\u00e1s alta calidad","potentialAction":[{"@type":"SearchAction","target":{"@type":"EntryPoint","urlTemplate":"https:\/\/iberoid.com\/fr\/?s={search_term_string}"},"query-input":{"@type":"PropertyValueSpecification","valueRequired":true,"valueName":"search_term_string"}}],"inLanguage":"fr-FR"}]},"product_brand":"Canada Biotech Peptides","product_price_amount":"200.00","product_price_currency":"EUR","og_availability":"instock","product_availability":"instock","product_condition":"new"},"_links":{"self":[{"href":"https:\/\/iberoid.com\/fr\/wp-json\/wp\/v2\/product\/6759","targetHints":{"allow":["GET"]}}],"collection":[{"href":"https:\/\/iberoid.com\/fr\/wp-json\/wp\/v2\/product"}],"about":[{"href":"https:\/\/iberoid.com\/fr\/wp-json\/wp\/v2\/types\/product"}],"replies":[{"embeddable":true,"href":"https:\/\/iberoid.com\/fr\/wp-json\/wp\/v2\/comments?post=6759"}],"wp:featuredmedia":[{"embeddable":true,"href":"https:\/\/iberoid.com\/fr\/wp-json\/wp\/v2\/media\/8836"}],"wp:attachment":[{"href":"https:\/\/iberoid.com\/fr\/wp-json\/wp\/v2\/media?parent=6759"}],"wp:term":[{"taxonomy":"product_brand","embeddable":true,"href":"https:\/\/iberoid.com\/fr\/wp-json\/wp\/v2\/product_brand?post=6759"},{"taxonomy":"product_cat","embeddable":true,"href":"https:\/\/iberoid.com\/fr\/wp-json\/wp\/v2\/product_cat?post=6759"},{"taxonomy":"product_tag","embeddable":true,"href":"https:\/\/iberoid.com\/fr\/wp-json\/wp\/v2\/product_tag?post=6759"}],"curies":[{"name":"wp","href":"https:\/\/api.w.org\/{rel}","templated":true}]}}