{"id":6885,"date":"2021-11-03T13:13:05","date_gmt":"2021-11-03T13:13:05","guid":{"rendered":"https:\/\/iberoid.com\/?post_type=product&#038;p=6885"},"modified":"2026-03-21T10:35:18","modified_gmt":"2026-03-21T10:35:18","slug":"mastoged-masteron-premium-epf","status":"publish","type":"product","link":"https:\/\/iberoid.com\/fr\/product\/mastoged-masteron-premium-epf\/","title":{"rendered":"MASTERON\/MASTOGED\/EPF PREMIUM"},"content":{"rendered":"<p>Mastoged (propionate de drostanolone) est inject\u00e9 dans le corps sous forme d&rsquo;ester (li\u00e9 au propionate ou \u00e0 l&rsquo;\u00e9nanthate). Les enzymes s\u00e9parent l&rsquo;ester de la mol\u00e9cule &#8211; ce qui prend un temps variable selon l&rsquo;ester utilis\u00e9. Ce processus provoque la vitesse de lib\u00e9ration progressive et la demi-vie prolong\u00e9e du st\u00e9ro\u00efde. Le propionate de drostanolone a une demi-vie de 112,5 jours.<\/p>\n<p>Dosage et administration<\/p>\n<p>Les posologies observ\u00e9es sont normalement de 100 mg tous les 4 \u00e0 5 jours.<\/p>","protected":false},"excerpt":{"rendered":"<p>Mastoged (propionate de drostanolone) est inject\u00e9 dans le corps sous forme d&rsquo;ester (li\u00e9 au propionate ou \u00e0 l&rsquo;\u00e9nanthate). Les enzymes<\/p>\n","protected":false},"featured_media":8558,"comment_status":"open","ping_status":"closed","template":"","meta":[],"product_brand":[],"product_cat":[69],"product_tag":[],"class_list":{"0":"post-6885","1":"product","2":"type-product","3":"status-publish","4":"has-post-thumbnail","6":"product_cat-esteroides_inyectables","8":"first","9":"instock","10":"sale","11":"shipping-taxable","12":"purchasable","13":"product-type-simple"},"yoast_head":"<!-- This site is optimized with the Yoast SEO Premium plugin v24.4 (Yoast SEO v27.0) - https:\/\/yoast.com\/product\/yoast-seo-premium-wordpress\/ -->\n<title>MASTERON\/MASTOGED\/EPF PREMIUM - (Espa\u00f1ol) Esteroides en l\u00ednea<\/title>\n<meta name=\"description\" content=\"MASTOGED (Propionate de Drostanolone) est un st\u00e9ro\u00efde injectable \u00e0 lib\u00e9ration progressive, longue demi-vie, efficace pour la masse musculaire.\" \/>\n<meta name=\"robots\" content=\"index, follow, max-snippet:-1, max-image-preview:large, max-video-preview:-1\" \/>\n<link rel=\"canonical\" href=\"https:\/\/iberoid.com\/fr\/product\/mastoged-masteron-premium-epf\/\" \/>\n<meta property=\"og:locale\" content=\"fr_FR\" \/>\n<meta property=\"og:type\" content=\"article\" \/>\n<meta property=\"og:title\" content=\"MASTERON\/MASTOGED\/EPF PREMIUM\" \/>\n<meta property=\"og:description\" content=\"MASTOGED (Propionate de Drostanolone) est un st\u00e9ro\u00efde injectable \u00e0 lib\u00e9ration progressive, longue demi-vie, efficace pour la masse musculaire.\" \/>\n<meta property=\"og:url\" content=\"https:\/\/iberoid.com\/fr\/product\/mastoged-masteron-premium-epf\/\" \/>\n<meta property=\"og:site_name\" content=\"(Espa\u00f1ol) Esteroides en l\u00ednea\" \/>\n<meta property=\"article:modified_time\" content=\"2026-03-21T10:35:18+00:00\" \/>\n<meta property=\"og:image\" content=\"https:\/\/iberoid.com\/wp-content\/uploads\/2021\/11\/mast.jpg?v=1714419112\" \/>\n\t<meta property=\"og:image:width\" content=\"1024\" \/>\n\t<meta property=\"og:image:height\" content=\"768\" \/>\n\t<meta property=\"og:image:type\" content=\"image\/jpeg\" \/>\n<meta name=\"twitter:card\" content=\"summary_large_image\" \/>\n<meta name=\"twitter:label1\" content=\"Prix\" \/>\n\t<meta name=\"twitter:data1\" content=\"&euro;65.00\" \/>\n\t<meta name=\"twitter:label2\" content=\"Disponibilit\u00e9\" \/>\n\t<meta name=\"twitter:data2\" content=\"En stock\" \/>\n<script type=\"application\/ld+json\" class=\"yoast-schema-graph\">{\"@context\":\"https:\/\/schema.org\",\"@graph\":[{\"@type\":\"WebPage\",\"@id\":\"https:\/\/iberoid.com\/fr\/product\/mastoged-masteron-premium-epf\/\",\"url\":\"https:\/\/iberoid.com\/fr\/product\/mastoged-masteron-premium-epf\/\",\"name\":\"MASTERON\/MASTOGED\/EPF PREMIUM - (Espa\u00f1ol) Esteroides en l\u00ednea\",\"isPartOf\":{\"@id\":\"https:\/\/iberoid-shop.com\/#website\"},\"primaryImageOfPage\":{\"@id\":\"https:\/\/iberoid.com\/fr\/product\/mastoged-masteron-premium-epf\/#primaryimage\"},\"image\":{\"@id\":\"https:\/\/iberoid.com\/fr\/product\/mastoged-masteron-premium-epf\/#primaryimage\"},\"thumbnailUrl\":\"https:\/\/iberoid.com\/wp-content\/uploads\/2021\/11\/mast.jpg?v=1714419112\",\"datePublished\":\"2021-11-03T13:13:05+00:00\",\"dateModified\":\"2026-03-21T10:35:18+00:00\",\"description\":\"MASTOGED (Propionate de Drostanolone) est un st\u00e9ro\u00efde injectable \u00e0 lib\u00e9ration progressive, longue demi-vie, efficace pour la masse musculaire.\",\"breadcrumb\":{\"@id\":\"https:\/\/iberoid.com\/fr\/product\/mastoged-masteron-premium-epf\/#breadcrumb\"},\"inLanguage\":\"fr-FR\",\"potentialAction\":[{\"@type\":\"ReadAction\",\"target\":[[\"https:\/\/iberoid.com\/fr\/product\/mastoged-masteron-premium-epf\/\"]]}]},{\"@type\":\"ImageObject\",\"inLanguage\":\"fr-FR\",\"@id\":\"https:\/\/iberoid.com\/fr\/product\/mastoged-masteron-premium-epf\/#primaryimage\",\"url\":\"https:\/\/iberoid.com\/wp-content\/uploads\/2021\/11\/mast.jpg?v=1714419112\",\"contentUrl\":\"https:\/\/iberoid.com\/wp-content\/uploads\/2021\/11\/mast.jpg?v=1714419112\",\"width\":1024,\"height\":768},{\"@type\":\"BreadcrumbList\",\"@id\":\"https:\/\/iberoid.com\/fr\/product\/mastoged-masteron-premium-epf\/#breadcrumb\",\"itemListElement\":[{\"@type\":\"ListItem\",\"position\":1,\"name\":\"Portada\",\"item\":\"https:\/\/iberoid.com\/fr\/\"},{\"@type\":\"ListItem\",\"position\":2,\"name\":\"Magasin\",\"item\":\"https:\/\/iberoid.com\/fr\/shop\/\"},{\"@type\":\"ListItem\",\"position\":3,\"name\":\"MASTERON\/MASTOGED\/EPF PREMIUM\"}]},{\"@type\":\"WebSite\",\"@id\":\"https:\/\/iberoid-shop.com\/#website\",\"url\":\"https:\/\/iberoid-shop.com\/\",\"name\":\"(Espa\u00f1ol) Esteroides en l\u00ednea\",\"description\":\"(Espa\u00f1ol) Comprar esteroides en l\u00ednea hoy en Espa\u00f1a y Portugal. Tenemos el mejor servicio al cliente en la industria y los productos de la m\u00e1s alta calidad\",\"potentialAction\":[{\"@type\":\"SearchAction\",\"target\":{\"@type\":\"EntryPoint\",\"urlTemplate\":\"https:\/\/iberoid-shop.com\/?s={search_term_string}\"},\"query-input\":{\"@type\":\"PropertyValueSpecification\",\"valueRequired\":true,\"valueName\":\"search_term_string\"}}],\"inLanguage\":\"fr-FR\"}]}<\/script>\n<meta property=\"product:brand\" content=\"Euro Prime Pharmaceuticals (EPF)\" \/>\n<meta property=\"product:price:amount\" content=\"65.00\" \/>\n<meta property=\"product:price:currency\" content=\"EUR\" \/>\n<meta property=\"og:availability\" content=\"instock\" \/>\n<meta property=\"product:availability\" content=\"instock\" \/>\n<meta property=\"product:condition\" content=\"new\" \/>\n<!-- \/ Yoast SEO Premium plugin. -->","yoast_head_json":{"title":"MASTERON\/MASTOGED\/EPF PREMIUM - (Espa\u00f1ol) Esteroides en l\u00ednea","description":"MASTOGED (Propionate de Drostanolone) est un st\u00e9ro\u00efde injectable \u00e0 lib\u00e9ration progressive, longue demi-vie, efficace pour la masse musculaire.","robots":{"index":"index","follow":"follow","max-snippet":"max-snippet:-1","max-image-preview":"max-image-preview:large","max-video-preview":"max-video-preview:-1"},"canonical":"https:\/\/iberoid.com\/fr\/product\/mastoged-masteron-premium-epf\/","og_locale":"fr_FR","og_type":"article","og_title":"MASTERON\/MASTOGED\/EPF PREMIUM","og_description":"MASTOGED (Propionate de Drostanolone) est un st\u00e9ro\u00efde injectable \u00e0 lib\u00e9ration progressive, longue demi-vie, efficace pour la masse musculaire.","og_url":"https:\/\/iberoid.com\/fr\/product\/mastoged-masteron-premium-epf\/","og_site_name":"(Espa\u00f1ol) Esteroides en l\u00ednea","article_modified_time":"2026-03-21T10:35:18+00:00","og_image":[{"width":1024,"height":768,"url":"https:\/\/iberoid.com\/wp-content\/uploads\/2021\/11\/mast.jpg?v=1714419112","type":"image\/jpeg"}],"twitter_card":"summary_large_image","twitter_misc":{"Prix":"&euro;65.00","Disponibilit\u00e9":"En stock"},"schema":{"@context":"https:\/\/schema.org","@graph":[{"@type":"WebPage","@id":"https:\/\/iberoid.com\/fr\/product\/mastoged-masteron-premium-epf\/","url":"https:\/\/iberoid.com\/fr\/product\/mastoged-masteron-premium-epf\/","name":"MASTERON\/MASTOGED\/EPF PREMIUM - (Espa\u00f1ol) Esteroides en l\u00ednea","isPartOf":{"@id":"https:\/\/iberoid-shop.com\/#website"},"primaryImageOfPage":{"@id":"https:\/\/iberoid.com\/fr\/product\/mastoged-masteron-premium-epf\/#primaryimage"},"image":{"@id":"https:\/\/iberoid.com\/fr\/product\/mastoged-masteron-premium-epf\/#primaryimage"},"thumbnailUrl":"https:\/\/iberoid.com\/wp-content\/uploads\/2021\/11\/mast.jpg?v=1714419112","datePublished":"2021-11-03T13:13:05+00:00","dateModified":"2026-03-21T10:35:18+00:00","description":"MASTOGED (Propionate de Drostanolone) est un st\u00e9ro\u00efde injectable \u00e0 lib\u00e9ration progressive, longue demi-vie, efficace pour la masse musculaire.","breadcrumb":{"@id":"https:\/\/iberoid.com\/fr\/product\/mastoged-masteron-premium-epf\/#breadcrumb"},"inLanguage":"fr-FR","potentialAction":[{"@type":"ReadAction","target":[["https:\/\/iberoid.com\/fr\/product\/mastoged-masteron-premium-epf\/"]]}]},{"@type":"ImageObject","inLanguage":"fr-FR","@id":"https:\/\/iberoid.com\/fr\/product\/mastoged-masteron-premium-epf\/#primaryimage","url":"https:\/\/iberoid.com\/wp-content\/uploads\/2021\/11\/mast.jpg?v=1714419112","contentUrl":"https:\/\/iberoid.com\/wp-content\/uploads\/2021\/11\/mast.jpg?v=1714419112","width":1024,"height":768},{"@type":"BreadcrumbList","@id":"https:\/\/iberoid.com\/fr\/product\/mastoged-masteron-premium-epf\/#breadcrumb","itemListElement":[{"@type":"ListItem","position":1,"name":"Portada","item":"https:\/\/iberoid.com\/fr\/"},{"@type":"ListItem","position":2,"name":"Magasin","item":"https:\/\/iberoid.com\/fr\/shop\/"},{"@type":"ListItem","position":3,"name":"MASTERON\/MASTOGED\/EPF PREMIUM"}]},{"@type":"WebSite","@id":"https:\/\/iberoid-shop.com\/#website","url":"https:\/\/iberoid-shop.com\/","name":"(Espa\u00f1ol) Esteroides en l\u00ednea","description":"(Espa\u00f1ol) Comprar esteroides en l\u00ednea hoy en Espa\u00f1a y Portugal. Tenemos el mejor servicio al cliente en la industria y los productos de la m\u00e1s alta calidad","potentialAction":[{"@type":"SearchAction","target":{"@type":"EntryPoint","urlTemplate":"https:\/\/iberoid-shop.com\/?s={search_term_string}"},"query-input":{"@type":"PropertyValueSpecification","valueRequired":true,"valueName":"search_term_string"}}],"inLanguage":"fr-FR"}]},"product_brand":"Euro Prime Pharmaceuticals (EPF)","product_price_amount":"65.00","product_price_currency":"EUR","og_availability":"instock","product_availability":"instock","product_condition":"new"},"_links":{"self":[{"href":"https:\/\/iberoid.com\/fr\/wp-json\/wp\/v2\/product\/6885","targetHints":{"allow":["GET"]}}],"collection":[{"href":"https:\/\/iberoid.com\/fr\/wp-json\/wp\/v2\/product"}],"about":[{"href":"https:\/\/iberoid.com\/fr\/wp-json\/wp\/v2\/types\/product"}],"replies":[{"embeddable":true,"href":"https:\/\/iberoid.com\/fr\/wp-json\/wp\/v2\/comments?post=6885"}],"wp:featuredmedia":[{"embeddable":true,"href":"https:\/\/iberoid.com\/fr\/wp-json\/wp\/v2\/media\/8558"}],"wp:attachment":[{"href":"https:\/\/iberoid.com\/fr\/wp-json\/wp\/v2\/media?parent=6885"}],"wp:term":[{"taxonomy":"product_brand","embeddable":true,"href":"https:\/\/iberoid.com\/fr\/wp-json\/wp\/v2\/product_brand?post=6885"},{"taxonomy":"product_cat","embeddable":true,"href":"https:\/\/iberoid.com\/fr\/wp-json\/wp\/v2\/product_cat?post=6885"},{"taxonomy":"product_tag","embeddable":true,"href":"https:\/\/iberoid.com\/fr\/wp-json\/wp\/v2\/product_tag?post=6885"}],"curies":[{"name":"wp","href":"https:\/\/api.w.org\/{rel}","templated":true}]}}