{"id":6980,"date":"2021-12-03T12:44:41","date_gmt":"2021-12-03T12:44:41","guid":{"rendered":"https:\/\/iberoid.com\/?post_type=product&#038;p=6980"},"modified":"2024-03-24T18:22:22","modified_gmt":"2024-03-24T18:22:22","slug":"provitech","status":"publish","type":"product","link":"https:\/\/iberoid.com\/fr\/product\/provitech\/","title":{"rendered":"PACK3 PROVITECH\/PROVIRON\/BIOTECH"},"content":{"rendered":"<p>PACK 3 CAJAS PROVIRON 3 X100 PASTILLAS-TOTAL 300 PASTILLAS- 25 MG<\/p>\n<p>Proviron (mest\u00e9rolone) est essentiellement une pr\u00e9paration de DHT (dihydrotestost\u00e9rone) active par voie orale. \u00c0 titre de comparaison, nous pouvons penser \u00e0 d&rsquo;autres compos\u00e9s DHT pr\u00e9par\u00e9s par voie orale comme Winstrol et Anavar. Ces deux m\u00e9canismes agissent de mani\u00e8re tr\u00e8s similaire \u00e0 Proviron, mais une fa\u00e7on plus pr\u00e9cise de penser \u00e0 ce compos\u00e9 est quelque chose comme \u00ab\u00a0Oral Masteron\u00a0\u00bb. Comme vous l&rsquo;avez s\u00fbrement remarqu\u00e9, leur rapport anabolisant\/androg\u00e8ne est tr\u00e8s similaire. N&rsquo;oubliez pas que la DHT est 3 \u00e0 4 fois plus androg\u00e8ne que la testost\u00e9rone et est, bien s\u00fbr, incapable de former des \u0153strog\u00e8nes. De plus, Proviron est assez unique en ce sens qu&rsquo;un simple regard sur sa structure \u00e0 4 anneaux nous montrera qu&rsquo;il ne sera pas trop toxique pour le foie, car il n&rsquo;est pas c17-alpha-alkyl\u00e9, comme le sont de nombreux oraux et cette modification (manquant dans Proviron) rend les m\u00e9dicaments plus toxiques pour le foie. Proviron a un groupe 1-metyhl ajout\u00e9 \u00e0 la place. \u00c7a a l&rsquo;air plut\u00f4t bien sur le papier, non\u00a0? Eh bien, comme d&rsquo;habitude, les choses ont tendance \u00e0 mieux para\u00eetre sur le papier que dans le corps. Votre corps a une boucle de r\u00e9troaction n\u00e9gative qui emp\u00eache votre corps d&rsquo;avoir trop de DHT flottant (si vous avez fait attention jusqu&rsquo;\u00e0 pr\u00e9sent en lisant mes autres trucs, vous le savez d\u00e9j\u00e0). Un exc\u00e8s de DHT sera \u00e9ventuellement transform\u00e9 en un autre compos\u00e9 (en grande partie non anabolisant).<\/p>\n<p>Et bien s\u00fbr, \u00e9tant un compos\u00e9 \u00e0 base de DHT, Proviron ne sera pas id\u00e9al pour les athl\u00e8tes f\u00e9minines. La virilisation (d\u00e9veloppement des caract\u00e9ristiques sexuelles masculines) va \u00eatre une pr\u00e9occupation pour les femmes assez audacieuses pour essayer ce truc. Mon conseil est qu&rsquo;il existe des compos\u00e9s bien meilleurs et plus s\u00fbrs \u00e0 utiliser pour les athl\u00e8tes f\u00e9minines et les culturistes.<\/p>\n<p>Revenons donc \u00e0 la comparaison avec une sorte de \u00ab\u00a0Masteron oral\u00a0\u00bb essentiellement puisque Proviron est r\u00e9duit en 5-alpha et incapable de former des \u0153strog\u00e8nes, et a \u00e9galement une tr\u00e8s grande affinit\u00e9 pour se lier \u00e0 l&rsquo;enzyme aromatase (l&rsquo;enzyme responsable de la conversion toute cette bonne testost\u00e9rone dans votre corps en tout ce m\u00e9chant \u0153strog\u00e8ne). Cela signifie que si vous choisissez de prendre Proviron avec de la testost\u00e9rone (et je sais que vous ne feriez m\u00eame pas un cycle sans inclure une forme de testost\u00e9rone) et\/ou tout st\u00e9ro\u00efde aromatisable, cela devrait en fait servir \u00e0 emp\u00eacher l&rsquo;accumulation d&rsquo;\u0153strog\u00e8ne par la liaison susmentionn\u00e9e au l&rsquo;enzyme aromatase, qui emp\u00eache l&rsquo;aromatase de faire son sale boulot et de fabriquer un tas d&rsquo;\u0153strog\u00e8nes \u00e0 partir des autres st\u00e9ro\u00efdes que vous prenez. Il convient \u00e9galement de noter que Proviron se lie \u00e9galement tr\u00e8s bien \u00e0 la SHBG (Sex Hormone Binding Globulin : une hormone responsable de la r\u00e9duction de la quantit\u00e9 de testost\u00e9rone libre circulante dans votre corps)(1). En fait, dans la derni\u00e8re \u00e9tude que j&rsquo;ai lue, il s&rsquo;est li\u00e9 \u00e0 la SHBG mieux que tout autre m\u00e9dicament \u00e9tudi\u00e9. En outre, je voudrais noter que Proviron se lie mieux au r\u00e9cepteur anabolique que n&rsquo;importe quel anabolisant oral (\u00e0 l&rsquo;exception de la m\u00e9thyltri\u00e9nolone incroyablement toxique), ayant une capacit\u00e9 \u00e0 se lier \u00e0 l&rsquo;AR mieux que la testost\u00e9rone, mais pas aussi bien que la nandrolone (1). Malheureusement, comme nous le savons, la DHT a \u00e9galement une forte affinit\u00e9 pour se lier aux r\u00e9cepteurs du cuir chevelu et de la prostate, provoquant certains effets secondaires d\u00e9sagr\u00e9ables, comme la calvitie masculine et l&rsquo;\u00e9largissement de la prostate. Il est important de se rappeler que les compos\u00e9s d\u00e9riv\u00e9s de la DHT et de la DHT sont utilis\u00e9s avec succ\u00e8s pour traiter la gyn\u00e9comastie, et dans ce domaine, Proviron n&rsquo;est pas diff\u00e9rent.<\/p>\n<p>Explorons quelques-uns des points positifs de ce m\u00e9dicament avant d&rsquo;aller plus loin. Les r\u00e9cepteurs aux androg\u00e8nes se trouvent dans les cellules adipeuses ainsi que dans les cellules musculaires (5), et bien qu&rsquo;ils agissent sur l&rsquo;AR dans les cellules musculaires pour favoriser la croissance, ils agissent \u00e9galement directement sur l&rsquo;AR dans les cellules adipeuses pour affecter la combustion des graisses. (9) (3 ) Plus l&rsquo;androg\u00e8ne se lie fortement \u00e0 l&rsquo;AR, plus l&rsquo;effet lipolytique (combustion des graisses) sur le tissu adipeux (graisse) est \u00e9lev\u00e9 (6) (2). Comme si cela ne suffisait pas, certains st\u00e9ro\u00efdes (notamment la testost\u00e9rone) augmentent m\u00eame le nombre d&rsquo;A.R. dans les muscles et la graisse (9)(7). Ainsi, si vous prenez une simple pile de Proviron et de testost\u00e9rone, vous aurez plus de test que vous tirez sous forme de testost\u00e9rone libre flottant autour de la construction musculaire (compliments du Proviron), plus de r\u00e9cepteurs d&rsquo;androg\u00e8nes \u00e0 lier (compliments de votre testost\u00e9rone ) par votre Proviron, causant ainsi plus de perte de graisse. La testost\u00e9rone et Proviron sont une tr\u00e8s belle pile synergique, presque une pile \u00ab\u00a0id\u00e9ale\u00a0\u00bb d&rsquo;un oral et d&rsquo;un injectable, car les deux m\u00e9dicaments agiront en fait pour am\u00e9liorer l&rsquo;effet de l&rsquo;autre.<\/p>\n<p>Donc, ce que nous avons ici est un st\u00e9ro\u00efde qui peut essentiellement rendre d&rsquo;autres st\u00e9ro\u00efdes plus efficaces en emp\u00eachant leur conversion en \u0153strog\u00e8ne, ainsi qu&rsquo;en augmentant la quantit\u00e9 de testost\u00e9rone libre circulante dans votre corps. Bien s\u00fbr, tout cela donne un aspect plus durci et de qualit\u00e9 aux muscles. Proviron est vraiment un m\u00e9dicament \u00ab\u00a0synergique\u00a0\u00bb \u00e0 cet \u00e9gard, et son inclusion dans n&rsquo;importe quel cycle rendrait certainement tous les autres st\u00e9ro\u00efdes plus performants et fournirait de meilleurs gains. Tout cela est aggrav\u00e9 par le fait que le proviron est un m\u00e9dicament tr\u00e8s lipolytique (qui br\u00fble les graisses).<\/p>","protected":false},"excerpt":{"rendered":"<p>PACK 3 CAJAS PROVIRON 3 X100 PASTILLAS-TOTAL 300 PASTILLAS- 25 MG Proviron (mest\u00e9rolone) est essentiellement une pr\u00e9paration de DHT (dihydrotestost\u00e9rone)<\/p>\n","protected":false},"featured_media":6774,"comment_status":"open","ping_status":"closed","template":"","meta":[],"product_brand":[],"product_cat":[73,3474],"product_tag":[],"class_list":{"0":"post-6980","1":"product","2":"type-product","3":"status-publish","4":"has-post-thumbnail","6":"product_cat-ssteroides_orales","7":"product_cat-packs","9":"first","10":"outofstock","11":"sale","12":"shipping-taxable","13":"purchasable","14":"product-type-simple"},"yoast_head":"<!-- This site is optimized with the Yoast SEO Premium plugin v24.4 (Yoast SEO v27.0) - https:\/\/yoast.com\/product\/yoast-seo-premium-wordpress\/ -->\n<title>PACK3 PROVITECH\/PROVIRON\/BIOTECH - (Espa\u00f1ol) Esteroides en l\u00ednea<\/title>\n<meta name=\"robots\" content=\"index, follow, max-snippet:-1, max-image-preview:large, max-video-preview:-1\" \/>\n<link rel=\"canonical\" href=\"https:\/\/iberoid.com\/fr\/product\/provitech\/\" \/>\n<meta property=\"og:locale\" content=\"fr_FR\" \/>\n<meta property=\"og:type\" content=\"article\" \/>\n<meta property=\"og:title\" content=\"PACK3 PROVITECH\/PROVIRON\/BIOTECH\" \/>\n<meta property=\"og:description\" content=\"PACK 3 CAJAS PROVIRON 3 X100 PASTILLAS-TOTAL 300 PASTILLAS- 25 MG Proviron (mest\u00e9rolone) est essentiellement une pr\u00e9paration de DHT (dihydrotestost\u00e9rone)\" \/>\n<meta property=\"og:url\" content=\"https:\/\/iberoid.com\/fr\/product\/provitech\/\" \/>\n<meta property=\"og:site_name\" content=\"(Espa\u00f1ol) Esteroides en l\u00ednea\" \/>\n<meta property=\"article:modified_time\" content=\"2024-03-24T18:22:22+00:00\" \/>\n<meta property=\"og:image\" content=\"https:\/\/iberoid.com\/wp-content\/uploads\/2021\/09\/provi.jpg?v=1699084095\" \/>\n\t<meta property=\"og:image:width\" content=\"768\" \/>\n\t<meta property=\"og:image:height\" content=\"1024\" \/>\n\t<meta property=\"og:image:type\" content=\"image\/jpeg\" \/>\n<meta name=\"twitter:card\" content=\"summary_large_image\" \/>\n<meta name=\"twitter:label1\" content=\"Prix\" \/>\n\t<meta name=\"twitter:data1\" content=\"&euro;55.00\" \/>\n\t<meta name=\"twitter:label2\" content=\"Disponibilit\u00e9\" \/>\n\t<meta name=\"twitter:data2\" content=\"Rupture de stock\" \/>\n<script type=\"application\/ld+json\" class=\"yoast-schema-graph\">{\"@context\":\"https:\/\/schema.org\",\"@graph\":[{\"@type\":\"WebPage\",\"@id\":\"https:\/\/iberoid.com\/fr\/product\/provitech\/\",\"url\":\"https:\/\/iberoid.com\/fr\/product\/provitech\/\",\"name\":\"PACK3 PROVITECH\/PROVIRON\/BIOTECH - (Espa\u00f1ol) Esteroides en l\u00ednea\",\"isPartOf\":{\"@id\":\"https:\/\/iberoid-shop.com\/#website\"},\"primaryImageOfPage\":{\"@id\":\"https:\/\/iberoid.com\/fr\/product\/provitech\/#primaryimage\"},\"image\":{\"@id\":\"https:\/\/iberoid.com\/fr\/product\/provitech\/#primaryimage\"},\"thumbnailUrl\":\"https:\/\/iberoid.com\/wp-content\/uploads\/2021\/09\/provi.jpg?v=1699084095\",\"datePublished\":\"2021-12-03T12:44:41+00:00\",\"dateModified\":\"2024-03-24T18:22:22+00:00\",\"breadcrumb\":{\"@id\":\"https:\/\/iberoid.com\/fr\/product\/provitech\/#breadcrumb\"},\"inLanguage\":\"fr-FR\",\"potentialAction\":[{\"@type\":\"ReadAction\",\"target\":[[\"https:\/\/iberoid.com\/fr\/product\/provitech\/\"]]}]},{\"@type\":\"ImageObject\",\"inLanguage\":\"fr-FR\",\"@id\":\"https:\/\/iberoid.com\/fr\/product\/provitech\/#primaryimage\",\"url\":\"https:\/\/iberoid.com\/wp-content\/uploads\/2021\/09\/provi.jpg?v=1699084095\",\"contentUrl\":\"https:\/\/iberoid.com\/wp-content\/uploads\/2021\/09\/provi.jpg?v=1699084095\",\"width\":768,\"height\":1024},{\"@type\":\"BreadcrumbList\",\"@id\":\"https:\/\/iberoid.com\/fr\/product\/provitech\/#breadcrumb\",\"itemListElement\":[{\"@type\":\"ListItem\",\"position\":1,\"name\":\"Portada\",\"item\":\"https:\/\/iberoid.com\/fr\/\"},{\"@type\":\"ListItem\",\"position\":2,\"name\":\"Magasin\",\"item\":\"https:\/\/iberoid.com\/fr\/shop\/\"},{\"@type\":\"ListItem\",\"position\":3,\"name\":\"PACK3 PROVITECH\/PROVIRON\/BIOTECH\"}]},{\"@type\":\"WebSite\",\"@id\":\"https:\/\/iberoid-shop.com\/#website\",\"url\":\"https:\/\/iberoid-shop.com\/\",\"name\":\"(Espa\u00f1ol) Esteroides en l\u00ednea\",\"description\":\"(Espa\u00f1ol) Comprar esteroides en l\u00ednea hoy en Espa\u00f1a y Portugal. Tenemos el mejor servicio al cliente en la industria y los productos de la m\u00e1s alta calidad\",\"potentialAction\":[{\"@type\":\"SearchAction\",\"target\":{\"@type\":\"EntryPoint\",\"urlTemplate\":\"https:\/\/iberoid-shop.com\/?s={search_term_string}\"},\"query-input\":{\"@type\":\"PropertyValueSpecification\",\"valueRequired\":true,\"valueName\":\"search_term_string\"}}],\"inLanguage\":\"fr-FR\"}]}<\/script>\n<meta property=\"product:brand\" content=\"Canada Biotech Peptides\" \/>\n<meta property=\"product:price:amount\" content=\"55.00\" \/>\n<meta property=\"product:price:currency\" content=\"EUR\" \/>\n<meta property=\"og:availability\" content=\"out of stock\" \/>\n<meta property=\"product:availability\" content=\"out of stock\" \/>\n<meta property=\"product:condition\" content=\"new\" \/>\n<!-- \/ Yoast SEO Premium plugin. -->","yoast_head_json":{"title":"PACK3 PROVITECH\/PROVIRON\/BIOTECH - (Espa\u00f1ol) Esteroides en l\u00ednea","robots":{"index":"index","follow":"follow","max-snippet":"max-snippet:-1","max-image-preview":"max-image-preview:large","max-video-preview":"max-video-preview:-1"},"canonical":"https:\/\/iberoid.com\/fr\/product\/provitech\/","og_locale":"fr_FR","og_type":"article","og_title":"PACK3 PROVITECH\/PROVIRON\/BIOTECH","og_description":"PACK 3 CAJAS PROVIRON 3 X100 PASTILLAS-TOTAL 300 PASTILLAS- 25 MG Proviron (mest\u00e9rolone) est essentiellement une pr\u00e9paration de DHT (dihydrotestost\u00e9rone)","og_url":"https:\/\/iberoid.com\/fr\/product\/provitech\/","og_site_name":"(Espa\u00f1ol) Esteroides en l\u00ednea","article_modified_time":"2024-03-24T18:22:22+00:00","og_image":[{"width":768,"height":1024,"url":"https:\/\/iberoid.com\/wp-content\/uploads\/2021\/09\/provi.jpg?v=1699084095","type":"image\/jpeg"}],"twitter_card":"summary_large_image","twitter_misc":{"Prix":"&euro;55.00","Disponibilit\u00e9":"Rupture de stock"},"schema":{"@context":"https:\/\/schema.org","@graph":[{"@type":"WebPage","@id":"https:\/\/iberoid.com\/fr\/product\/provitech\/","url":"https:\/\/iberoid.com\/fr\/product\/provitech\/","name":"PACK3 PROVITECH\/PROVIRON\/BIOTECH - (Espa\u00f1ol) Esteroides en l\u00ednea","isPartOf":{"@id":"https:\/\/iberoid-shop.com\/#website"},"primaryImageOfPage":{"@id":"https:\/\/iberoid.com\/fr\/product\/provitech\/#primaryimage"},"image":{"@id":"https:\/\/iberoid.com\/fr\/product\/provitech\/#primaryimage"},"thumbnailUrl":"https:\/\/iberoid.com\/wp-content\/uploads\/2021\/09\/provi.jpg?v=1699084095","datePublished":"2021-12-03T12:44:41+00:00","dateModified":"2024-03-24T18:22:22+00:00","breadcrumb":{"@id":"https:\/\/iberoid.com\/fr\/product\/provitech\/#breadcrumb"},"inLanguage":"fr-FR","potentialAction":[{"@type":"ReadAction","target":[["https:\/\/iberoid.com\/fr\/product\/provitech\/"]]}]},{"@type":"ImageObject","inLanguage":"fr-FR","@id":"https:\/\/iberoid.com\/fr\/product\/provitech\/#primaryimage","url":"https:\/\/iberoid.com\/wp-content\/uploads\/2021\/09\/provi.jpg?v=1699084095","contentUrl":"https:\/\/iberoid.com\/wp-content\/uploads\/2021\/09\/provi.jpg?v=1699084095","width":768,"height":1024},{"@type":"BreadcrumbList","@id":"https:\/\/iberoid.com\/fr\/product\/provitech\/#breadcrumb","itemListElement":[{"@type":"ListItem","position":1,"name":"Portada","item":"https:\/\/iberoid.com\/fr\/"},{"@type":"ListItem","position":2,"name":"Magasin","item":"https:\/\/iberoid.com\/fr\/shop\/"},{"@type":"ListItem","position":3,"name":"PACK3 PROVITECH\/PROVIRON\/BIOTECH"}]},{"@type":"WebSite","@id":"https:\/\/iberoid-shop.com\/#website","url":"https:\/\/iberoid-shop.com\/","name":"(Espa\u00f1ol) Esteroides en l\u00ednea","description":"(Espa\u00f1ol) Comprar esteroides en l\u00ednea hoy en Espa\u00f1a y Portugal. Tenemos el mejor servicio al cliente en la industria y los productos de la m\u00e1s alta calidad","potentialAction":[{"@type":"SearchAction","target":{"@type":"EntryPoint","urlTemplate":"https:\/\/iberoid-shop.com\/?s={search_term_string}"},"query-input":{"@type":"PropertyValueSpecification","valueRequired":true,"valueName":"search_term_string"}}],"inLanguage":"fr-FR"}]},"product_brand":"Canada Biotech Peptides","product_price_amount":"55.00","product_price_currency":"EUR","og_availability":"out of stock","product_availability":"out of stock","product_condition":"new"},"_links":{"self":[{"href":"https:\/\/iberoid.com\/fr\/wp-json\/wp\/v2\/product\/6980","targetHints":{"allow":["GET"]}}],"collection":[{"href":"https:\/\/iberoid.com\/fr\/wp-json\/wp\/v2\/product"}],"about":[{"href":"https:\/\/iberoid.com\/fr\/wp-json\/wp\/v2\/types\/product"}],"replies":[{"embeddable":true,"href":"https:\/\/iberoid.com\/fr\/wp-json\/wp\/v2\/comments?post=6980"}],"wp:featuredmedia":[{"embeddable":true,"href":"https:\/\/iberoid.com\/fr\/wp-json\/wp\/v2\/media\/6774"}],"wp:attachment":[{"href":"https:\/\/iberoid.com\/fr\/wp-json\/wp\/v2\/media?parent=6980"}],"wp:term":[{"taxonomy":"product_brand","embeddable":true,"href":"https:\/\/iberoid.com\/fr\/wp-json\/wp\/v2\/product_brand?post=6980"},{"taxonomy":"product_cat","embeddable":true,"href":"https:\/\/iberoid.com\/fr\/wp-json\/wp\/v2\/product_cat?post=6980"},{"taxonomy":"product_tag","embeddable":true,"href":"https:\/\/iberoid.com\/fr\/wp-json\/wp\/v2\/product_tag?post=6980"}],"curies":[{"name":"wp","href":"https:\/\/api.w.org\/{rel}","templated":true}]}}