{"id":6994,"date":"2021-12-04T21:32:57","date_gmt":"2021-12-04T21:32:57","guid":{"rendered":"https:\/\/iberoid.com\/?post_type=product&#038;p=6994"},"modified":"2023-10-08T13:09:00","modified_gmt":"2023-10-08T13:09:00","slug":"t3-t4-50mcg-pharmagen","status":"publish","type":"product","link":"https:\/\/iberoid.com\/fr\/product\/t3-t4-50mcg-pharmagen\/","title":{"rendered":"T3 + T4 50mcg"},"content":{"rendered":"<p>Les hormones thyro\u00efdiennes sont des pr\u00e9parations naturelles ou synth\u00e9tiques contenant de la t\u00e9traiodothyronine (T4, l\u00e9vothyroxine) sodique ou de la triiodothyronine (T3, liothyronine) sodique ou les deux. La T4\u00a0et la T3\u00a0sont produites dans la glande thyro\u00efde humaine par l&rsquo;iodation et le couplage de l&rsquo;acide amin\u00e9 tyrosine. T4 contient quatre atomes d&rsquo;iode et est form\u00e9 par le couplage de deux mol\u00e9cules de diiodotyrosine (DIT). T3 contient trois atomes d&rsquo;iode et est form\u00e9 par le couplage d&rsquo;une mol\u00e9cule de DIT avec une mol\u00e9cule de monoiodotyrosine (MIT). Les deux hormones sont stock\u00e9es dans le collo\u00efde thyro\u00efdien sous forme de thyroglobuline et lib\u00e9r\u00e9es dans la circulation. Il a \u00e9t\u00e9 d\u00e9montr\u00e9 que la principale source de T3 est la d\u00e9siodation p\u00e9riph\u00e9rique de la T4. La T3 est li\u00e9e moins fermement que la T4 dans le s\u00e9rum, p\u00e9n\u00e8tre plus facilement dans les tissus p\u00e9riph\u00e9riques et se lie \u00e0 des r\u00e9cepteurs nucl\u00e9aires sp\u00e9cifiques pour initier des effets m\u00e9taboliques hormonaux. La T4 est la prohormone qui est d\u00e9siod\u00e9e en T3 pour l&rsquo;activit\u00e9 hormonale.<\/p>\n<p>Les pr\u00e9parations d&rsquo;hormones thyro\u00efdiennes appartiennent \u00e0 deux cat\u00e9gories : (1) les pr\u00e9parations hormonales naturelles d\u00e9riv\u00e9es de la thyro\u00efde animale et (2) les pr\u00e9parations synth\u00e9tiques. Les pr\u00e9parations naturelles comprennent la thyro\u00efde et la thyroglobuline dess\u00e9ch\u00e9es. La thyro\u00efde dess\u00e9ch\u00e9e est d\u00e9riv\u00e9e d&rsquo;animaux domestiques qui sont utilis\u00e9s comme nourriture par l&rsquo;homme (thyro\u00efde de b\u0153uf ou de porc), et la thyroglobuline est d\u00e9riv\u00e9e des glandes thyro\u00efdiennes du porc.<\/p>\n<p>L&rsquo;injection de liothyronine sodique (T3) contient de la liothyronine (L-triiodothyronine ou L-T3), une forme synth\u00e9tique d&rsquo;une hormone thyro\u00efdienne naturelle, sous forme de sel de sodium.<\/p>","protected":false},"excerpt":{"rendered":"<p>Les hormones thyro\u00efdiennes sont des pr\u00e9parations naturelles ou synth\u00e9tiques contenant de la t\u00e9traiodothyronine (T4, l\u00e9vothyroxine) sodique ou de la triiodothyronine<\/p>\n","protected":false},"featured_media":6995,"comment_status":"open","ping_status":"closed","template":"","meta":[],"product_brand":[],"product_cat":[73],"product_tag":[],"class_list":{"0":"post-6994","1":"product","2":"type-product","3":"status-publish","4":"has-post-thumbnail","6":"product_cat-ssteroides_orales","8":"first","9":"outofstock","10":"sale","11":"shipping-taxable","12":"purchasable","13":"product-type-simple"},"yoast_head":"<!-- This site is optimized with the Yoast SEO Premium plugin v24.4 (Yoast SEO v27.0) - https:\/\/yoast.com\/product\/yoast-seo-premium-wordpress\/ -->\n<title>T3 + T4 50mcg - (Espa\u00f1ol) Esteroides en l\u00ednea<\/title>\n<meta name=\"robots\" content=\"index, follow, max-snippet:-1, max-image-preview:large, max-video-preview:-1\" \/>\n<link rel=\"canonical\" href=\"https:\/\/iberoid.com\/fr\/product\/t3-t4-50mcg-pharmagen\/\" \/>\n<meta property=\"og:locale\" content=\"fr_FR\" \/>\n<meta property=\"og:type\" content=\"article\" \/>\n<meta property=\"og:title\" content=\"T3 + T4 50mcg\" \/>\n<meta property=\"og:description\" content=\"Les hormones thyro\u00efdiennes sont des pr\u00e9parations naturelles ou synth\u00e9tiques contenant de la t\u00e9traiodothyronine (T4, l\u00e9vothyroxine) sodique ou de la triiodothyronine\" \/>\n<meta property=\"og:url\" content=\"https:\/\/iberoid.com\/fr\/product\/t3-t4-50mcg-pharmagen\/\" \/>\n<meta property=\"og:site_name\" content=\"(Espa\u00f1ol) Esteroides en l\u00ednea\" \/>\n<meta property=\"article:modified_time\" content=\"2023-10-08T13:09:00+00:00\" \/>\n<meta property=\"og:image\" content=\"https:\/\/iberoid.com\/wp-content\/uploads\/2021\/12\/T3-T4.jpeg?v=1695687300\" \/>\n\t<meta property=\"og:image:width\" content=\"600\" \/>\n\t<meta property=\"og:image:height\" content=\"400\" \/>\n\t<meta property=\"og:image:type\" content=\"image\/jpeg\" \/>\n<meta name=\"twitter:card\" content=\"summary_large_image\" \/>\n<meta name=\"twitter:label1\" content=\"Prix\" \/>\n\t<meta name=\"twitter:data1\" content=\"&euro;35.00\" \/>\n\t<meta name=\"twitter:label2\" content=\"Disponibilit\u00e9\" \/>\n\t<meta name=\"twitter:data2\" content=\"Rupture de stock\" \/>\n<script type=\"application\/ld+json\" class=\"yoast-schema-graph\">{\"@context\":\"https:\/\/schema.org\",\"@graph\":[{\"@type\":\"WebPage\",\"@id\":\"https:\/\/iberoid.com\/fr\/product\/t3-t4-50mcg-pharmagen\/\",\"url\":\"https:\/\/iberoid.com\/fr\/product\/t3-t4-50mcg-pharmagen\/\",\"name\":\"T3 + T4 50mcg - (Espa\u00f1ol) Esteroides en l\u00ednea\",\"isPartOf\":{\"@id\":\"https:\/\/iberoid.com\/fr\/#website\"},\"primaryImageOfPage\":{\"@id\":\"https:\/\/iberoid.com\/fr\/product\/t3-t4-50mcg-pharmagen\/#primaryimage\"},\"image\":{\"@id\":\"https:\/\/iberoid.com\/fr\/product\/t3-t4-50mcg-pharmagen\/#primaryimage\"},\"thumbnailUrl\":\"https:\/\/iberoid.com\/wp-content\/uploads\/2021\/12\/T3-T4.jpeg?v=1695687300\",\"datePublished\":\"2021-12-04T21:32:57+00:00\",\"dateModified\":\"2023-10-08T13:09:00+00:00\",\"breadcrumb\":{\"@id\":\"https:\/\/iberoid.com\/fr\/product\/t3-t4-50mcg-pharmagen\/#breadcrumb\"},\"inLanguage\":\"fr-FR\",\"potentialAction\":[{\"@type\":\"ReadAction\",\"target\":[[\"https:\/\/iberoid.com\/fr\/product\/t3-t4-50mcg-pharmagen\/\"]]}]},{\"@type\":\"ImageObject\",\"inLanguage\":\"fr-FR\",\"@id\":\"https:\/\/iberoid.com\/fr\/product\/t3-t4-50mcg-pharmagen\/#primaryimage\",\"url\":\"https:\/\/iberoid.com\/wp-content\/uploads\/2021\/12\/T3-T4.jpeg?v=1695687300\",\"contentUrl\":\"https:\/\/iberoid.com\/wp-content\/uploads\/2021\/12\/T3-T4.jpeg?v=1695687300\",\"width\":600,\"height\":400},{\"@type\":\"BreadcrumbList\",\"@id\":\"https:\/\/iberoid.com\/fr\/product\/t3-t4-50mcg-pharmagen\/#breadcrumb\",\"itemListElement\":[{\"@type\":\"ListItem\",\"position\":1,\"name\":\"Portada\",\"item\":\"https:\/\/iberoid.com\/fr\/\"},{\"@type\":\"ListItem\",\"position\":2,\"name\":\"Magasin\",\"item\":\"https:\/\/iberoid.com\/fr\/shop\/\"},{\"@type\":\"ListItem\",\"position\":3,\"name\":\"T3 + T4 50mcg\"}]},{\"@type\":\"WebSite\",\"@id\":\"https:\/\/iberoid.com\/fr\/#website\",\"url\":\"https:\/\/iberoid.com\/fr\/\",\"name\":\"(Espa\u00f1ol) Esteroides en l\u00ednea\",\"description\":\"(Espa\u00f1ol) Comprar esteroides en l\u00ednea hoy en Espa\u00f1a y Portugal. Tenemos el mejor servicio al cliente en la industria y los productos de la m\u00e1s alta calidad\",\"potentialAction\":[{\"@type\":\"SearchAction\",\"target\":{\"@type\":\"EntryPoint\",\"urlTemplate\":\"https:\/\/iberoid.com\/fr\/?s={search_term_string}\"},\"query-input\":{\"@type\":\"PropertyValueSpecification\",\"valueRequired\":true,\"valueName\":\"search_term_string\"}}],\"inLanguage\":\"fr-FR\"}]}<\/script>\n<meta property=\"product:brand\" content=\"Pharma Gen\" \/>\n<meta property=\"product:price:amount\" content=\"35.00\" \/>\n<meta property=\"product:price:currency\" content=\"EUR\" \/>\n<meta property=\"og:availability\" content=\"out of stock\" \/>\n<meta property=\"product:availability\" content=\"out of stock\" \/>\n<meta property=\"product:condition\" content=\"new\" \/>\n<!-- \/ Yoast SEO Premium plugin. -->","yoast_head_json":{"title":"T3 + T4 50mcg - (Espa\u00f1ol) Esteroides en l\u00ednea","robots":{"index":"index","follow":"follow","max-snippet":"max-snippet:-1","max-image-preview":"max-image-preview:large","max-video-preview":"max-video-preview:-1"},"canonical":"https:\/\/iberoid.com\/fr\/product\/t3-t4-50mcg-pharmagen\/","og_locale":"fr_FR","og_type":"article","og_title":"T3 + T4 50mcg","og_description":"Les hormones thyro\u00efdiennes sont des pr\u00e9parations naturelles ou synth\u00e9tiques contenant de la t\u00e9traiodothyronine (T4, l\u00e9vothyroxine) sodique ou de la triiodothyronine","og_url":"https:\/\/iberoid.com\/fr\/product\/t3-t4-50mcg-pharmagen\/","og_site_name":"(Espa\u00f1ol) Esteroides en l\u00ednea","article_modified_time":"2023-10-08T13:09:00+00:00","og_image":[{"width":600,"height":400,"url":"https:\/\/iberoid.com\/wp-content\/uploads\/2021\/12\/T3-T4.jpeg?v=1695687300","type":"image\/jpeg"}],"twitter_card":"summary_large_image","twitter_misc":{"Prix":"&euro;35.00","Disponibilit\u00e9":"Rupture de stock"},"schema":{"@context":"https:\/\/schema.org","@graph":[{"@type":"WebPage","@id":"https:\/\/iberoid.com\/fr\/product\/t3-t4-50mcg-pharmagen\/","url":"https:\/\/iberoid.com\/fr\/product\/t3-t4-50mcg-pharmagen\/","name":"T3 + T4 50mcg - (Espa\u00f1ol) Esteroides en l\u00ednea","isPartOf":{"@id":"https:\/\/iberoid.com\/fr\/#website"},"primaryImageOfPage":{"@id":"https:\/\/iberoid.com\/fr\/product\/t3-t4-50mcg-pharmagen\/#primaryimage"},"image":{"@id":"https:\/\/iberoid.com\/fr\/product\/t3-t4-50mcg-pharmagen\/#primaryimage"},"thumbnailUrl":"https:\/\/iberoid.com\/wp-content\/uploads\/2021\/12\/T3-T4.jpeg?v=1695687300","datePublished":"2021-12-04T21:32:57+00:00","dateModified":"2023-10-08T13:09:00+00:00","breadcrumb":{"@id":"https:\/\/iberoid.com\/fr\/product\/t3-t4-50mcg-pharmagen\/#breadcrumb"},"inLanguage":"fr-FR","potentialAction":[{"@type":"ReadAction","target":[["https:\/\/iberoid.com\/fr\/product\/t3-t4-50mcg-pharmagen\/"]]}]},{"@type":"ImageObject","inLanguage":"fr-FR","@id":"https:\/\/iberoid.com\/fr\/product\/t3-t4-50mcg-pharmagen\/#primaryimage","url":"https:\/\/iberoid.com\/wp-content\/uploads\/2021\/12\/T3-T4.jpeg?v=1695687300","contentUrl":"https:\/\/iberoid.com\/wp-content\/uploads\/2021\/12\/T3-T4.jpeg?v=1695687300","width":600,"height":400},{"@type":"BreadcrumbList","@id":"https:\/\/iberoid.com\/fr\/product\/t3-t4-50mcg-pharmagen\/#breadcrumb","itemListElement":[{"@type":"ListItem","position":1,"name":"Portada","item":"https:\/\/iberoid.com\/fr\/"},{"@type":"ListItem","position":2,"name":"Magasin","item":"https:\/\/iberoid.com\/fr\/shop\/"},{"@type":"ListItem","position":3,"name":"T3 + T4 50mcg"}]},{"@type":"WebSite","@id":"https:\/\/iberoid.com\/fr\/#website","url":"https:\/\/iberoid.com\/fr\/","name":"(Espa\u00f1ol) Esteroides en l\u00ednea","description":"(Espa\u00f1ol) Comprar esteroides en l\u00ednea hoy en Espa\u00f1a y Portugal. Tenemos el mejor servicio al cliente en la industria y los productos de la m\u00e1s alta calidad","potentialAction":[{"@type":"SearchAction","target":{"@type":"EntryPoint","urlTemplate":"https:\/\/iberoid.com\/fr\/?s={search_term_string}"},"query-input":{"@type":"PropertyValueSpecification","valueRequired":true,"valueName":"search_term_string"}}],"inLanguage":"fr-FR"}]},"product_brand":"Pharma Gen","product_price_amount":"35.00","product_price_currency":"EUR","og_availability":"out of stock","product_availability":"out of stock","product_condition":"new"},"_links":{"self":[{"href":"https:\/\/iberoid.com\/fr\/wp-json\/wp\/v2\/product\/6994","targetHints":{"allow":["GET"]}}],"collection":[{"href":"https:\/\/iberoid.com\/fr\/wp-json\/wp\/v2\/product"}],"about":[{"href":"https:\/\/iberoid.com\/fr\/wp-json\/wp\/v2\/types\/product"}],"replies":[{"embeddable":true,"href":"https:\/\/iberoid.com\/fr\/wp-json\/wp\/v2\/comments?post=6994"}],"wp:featuredmedia":[{"embeddable":true,"href":"https:\/\/iberoid.com\/fr\/wp-json\/wp\/v2\/media\/6995"}],"wp:attachment":[{"href":"https:\/\/iberoid.com\/fr\/wp-json\/wp\/v2\/media?parent=6994"}],"wp:term":[{"taxonomy":"product_brand","embeddable":true,"href":"https:\/\/iberoid.com\/fr\/wp-json\/wp\/v2\/product_brand?post=6994"},{"taxonomy":"product_cat","embeddable":true,"href":"https:\/\/iberoid.com\/fr\/wp-json\/wp\/v2\/product_cat?post=6994"},{"taxonomy":"product_tag","embeddable":true,"href":"https:\/\/iberoid.com\/fr\/wp-json\/wp\/v2\/product_tag?post=6994"}],"curies":[{"name":"wp","href":"https:\/\/api.w.org\/{rel}","templated":true}]}}