{"id":7071,"date":"2021-12-24T13:20:16","date_gmt":"2021-12-24T13:20:16","guid":{"rendered":"https:\/\/iberoid.com\/?post_type=product&#038;p=7071"},"modified":"2026-02-18T09:19:56","modified_gmt":"2026-02-18T09:19:56","slug":"pack5-blisters-sildenafil-cenforce-100mg","status":"publish","type":"product","link":"https:\/\/iberoid.com\/fr\/product\/pack5-blisters-sildenafil-cenforce-100mg\/","title":{"rendered":"PACK5 \/BLISTERS Sildenafil &#8211; Cenforce 100mg"},"content":{"rendered":"<p>Les comprim\u00e9s de Cenforce 100 mg conviennent parfaitement \u00e0 de nombreux hommes qui recherchent du viagra pour traiter la dysfonction \u00e9rectile. Un certain nombre de personnes ach\u00e8tent du viagra en ligne pour les meilleures offres et pour des achats faciles, les achats en ligne sont \u00e9galement s\u00e9curis\u00e9s et faciles \u00e0 acheter avec de nombreuses options.<\/p>\n<p>Que sont les comprim\u00e9s Cenforce 100 mg ?<br \/>\nLe m\u00e9dicament Cenforce 100 mg est utile dans le traitement de la dysfonction \u00e9rectile, de la pr\u00e9-\u00e9jaculation et de l&rsquo;impuissance chez les hommes.<br \/>\nIl contient du citrate de sild\u00e9nafil comme ingr\u00e9dient actif. L&rsquo;ingr\u00e9dient actif fait r\u00e9f\u00e9rence au constituant principal du m\u00e9dicament responsable de la r\u00e9action du m\u00e9dicament.<br \/>\nLe m\u00e9dicament est distribu\u00e9 et fabriqu\u00e9 par Centurion Laboratories, dans l&rsquo;\u00c9tat indien du Gujarat.<br \/>\nIl appartient \u00e0 la classe des inhibiteurs de la PDE5, ce qui signifie que le citrate de sild\u00e9nafil ne laisse pas la PDE5 fonctionner car la PDE5 est responsable de la perte d&rsquo;\u00e9rection du p\u00e9nis.<br \/>\nApr\u00e8s avoir utilis\u00e9 ce m\u00e9dicament, l&rsquo;\u00e9rection durera m\u00eame apr\u00e8s le rapport sexuel. Cela vous invitera \u00e0 passer au deuxi\u00e8me tour de plaisir.<br \/>\n\u00c0 ce jour, il a \u00e9rig\u00e9 de nombreux p\u00e9nis et aid\u00e9 \u00e0 atteindre l&rsquo;orgasme pour de nombreux couples, menant \u00e0 une vie conjugale heureuse.<br \/>\nCenforce 100 mg est un m\u00e9dicament tellement connu qu&rsquo;il est disponible dans presque tous les magasins locaux, et si vous pr\u00e9f\u00e9rez la confidentialit\u00e9, il est \u00e9galement disponible sur les sites pharmaceutiques en ligne.<\/p>","protected":false},"excerpt":{"rendered":"<p>Les comprim\u00e9s de Cenforce 100 mg conviennent parfaitement \u00e0 de nombreux hommes qui recherchent du viagra pour traiter la dysfonction<\/p>\n","protected":false},"featured_media":7072,"comment_status":"open","ping_status":"closed","template":"","meta":[],"product_brand":[],"product_cat":[73,3474,3412],"product_tag":[3463],"class_list":{"0":"post-7071","1":"product","2":"type-product","3":"status-publish","4":"has-post-thumbnail","6":"product_cat-ssteroides_orales","7":"product_cat-packs","8":"product_cat-varios","9":"product_tag-pack5blisters-sidenafil-100-mgx10-pastillas","11":"first","12":"instock","13":"sale","14":"shipping-taxable","15":"purchasable","16":"product-type-simple"},"yoast_head":"<!-- This site is optimized with the Yoast SEO Premium plugin v24.4 (Yoast SEO v27.3) - https:\/\/yoast.com\/product\/yoast-seo-premium-wordpress\/ -->\n<title>PACK5 \/BLISTERS Sildenafil - Cenforce 100mg - (Espa\u00f1ol) Esteroides en l\u00ednea<\/title>\n<meta name=\"description\" content=\"Cenforce 100 mg (Sildenafil) aide \u00e0 traiter la dysfonction \u00e9rectile, am\u00e9liorer la performance et maintenir des \u00e9rections durables.\" \/>\n<meta name=\"robots\" content=\"index, follow, max-snippet:-1, max-image-preview:large, max-video-preview:-1\" \/>\n<link rel=\"canonical\" href=\"https:\/\/iberoid.com\/fr\/product\/pack5-blisters-sildenafil-cenforce-100mg\/\" \/>\n<meta property=\"og:locale\" content=\"fr_FR\" \/>\n<meta property=\"og:type\" content=\"article\" \/>\n<meta property=\"og:title\" content=\"PACK5 \/BLISTERS Sildenafil - Cenforce 100mg\" \/>\n<meta property=\"og:description\" content=\"Cenforce 100 mg (Sildenafil) aide \u00e0 traiter la dysfonction \u00e9rectile, am\u00e9liorer la performance et maintenir des \u00e9rections durables.\" \/>\n<meta property=\"og:url\" content=\"https:\/\/iberoid.com\/fr\/product\/pack5-blisters-sildenafil-cenforce-100mg\/\" \/>\n<meta property=\"og:site_name\" content=\"(Espa\u00f1ol) Esteroides en l\u00ednea\" \/>\n<meta property=\"article:modified_time\" content=\"2026-02-18T09:19:56+00:00\" \/>\n<meta property=\"og:image\" content=\"https:\/\/iberoid.com\/wp-content\/uploads\/2021\/12\/cenforce5.png?v=1702425759\" \/>\n\t<meta property=\"og:image:width\" content=\"1000\" \/>\n\t<meta property=\"og:image:height\" content=\"613\" \/>\n\t<meta property=\"og:image:type\" content=\"image\/png\" \/>\n<meta name=\"twitter:card\" content=\"summary_large_image\" \/>\n<meta name=\"twitter:label1\" content=\"Prix\" \/>\n\t<meta name=\"twitter:data1\" content=\"&euro;45.00\" \/>\n\t<meta name=\"twitter:label2\" content=\"Disponibilit\u00e9\" \/>\n\t<meta name=\"twitter:data2\" content=\"En stock\" \/>\n<script type=\"application\/ld+json\" class=\"yoast-schema-graph\">{\"@context\":\"https:\\\/\\\/schema.org\",\"@graph\":[{\"@type\":\"WebPage\",\"@id\":\"https:\\\/\\\/iberoid.com\\\/fr\\\/product\\\/pack5-blisters-sildenafil-cenforce-100mg\\\/\",\"url\":\"https:\\\/\\\/iberoid.com\\\/fr\\\/product\\\/pack5-blisters-sildenafil-cenforce-100mg\\\/\",\"name\":\"PACK5 \\\/BLISTERS Sildenafil - Cenforce 100mg - (Espa\u00f1ol) Esteroides en l\u00ednea\",\"isPartOf\":{\"@id\":\"https:\\\/\\\/iberoid.com\\\/fr\\\/#website\"},\"primaryImageOfPage\":{\"@id\":\"https:\\\/\\\/iberoid.com\\\/fr\\\/product\\\/pack5-blisters-sildenafil-cenforce-100mg\\\/#primaryimage\"},\"image\":{\"@id\":\"https:\\\/\\\/iberoid.com\\\/fr\\\/product\\\/pack5-blisters-sildenafil-cenforce-100mg\\\/#primaryimage\"},\"thumbnailUrl\":\"https:\\\/\\\/iberoid.com\\\/wp-content\\\/uploads\\\/2021\\\/12\\\/cenforce5.png?v=1702425759\",\"datePublished\":\"2021-12-24T13:20:16+00:00\",\"dateModified\":\"2026-02-18T09:19:56+00:00\",\"description\":\"Cenforce 100 mg (Sildenafil) aide \u00e0 traiter la dysfonction \u00e9rectile, am\u00e9liorer la performance et maintenir des \u00e9rections durables.\",\"breadcrumb\":{\"@id\":\"https:\\\/\\\/iberoid.com\\\/fr\\\/product\\\/pack5-blisters-sildenafil-cenforce-100mg\\\/#breadcrumb\"},\"inLanguage\":\"fr-FR\",\"potentialAction\":[{\"@type\":\"ReadAction\",\"target\":[[\"https:\\\/\\\/iberoid.com\\\/fr\\\/product\\\/pack5-blisters-sildenafil-cenforce-100mg\\\/\"]]}]},{\"@type\":\"ImageObject\",\"inLanguage\":\"fr-FR\",\"@id\":\"https:\\\/\\\/iberoid.com\\\/fr\\\/product\\\/pack5-blisters-sildenafil-cenforce-100mg\\\/#primaryimage\",\"url\":\"https:\\\/\\\/iberoid.com\\\/wp-content\\\/uploads\\\/2021\\\/12\\\/cenforce5.png?v=1702425759\",\"contentUrl\":\"https:\\\/\\\/iberoid.com\\\/wp-content\\\/uploads\\\/2021\\\/12\\\/cenforce5.png?v=1702425759\",\"width\":1000,\"height\":613},{\"@type\":\"BreadcrumbList\",\"@id\":\"https:\\\/\\\/iberoid.com\\\/fr\\\/product\\\/pack5-blisters-sildenafil-cenforce-100mg\\\/#breadcrumb\",\"itemListElement\":[{\"@type\":\"ListItem\",\"position\":1,\"name\":\"Portada\",\"item\":\"https:\\\/\\\/iberoid.com\\\/fr\\\/\"},{\"@type\":\"ListItem\",\"position\":2,\"name\":\"Magasin\",\"item\":\"https:\\\/\\\/iberoid.com\\\/fr\\\/shop\\\/\"},{\"@type\":\"ListItem\",\"position\":3,\"name\":\"PACK5 \\\/BLISTERS Sildenafil &#8211; Cenforce 100mg\"}]},{\"@type\":\"WebSite\",\"@id\":\"https:\\\/\\\/iberoid.com\\\/fr\\\/#website\",\"url\":\"https:\\\/\\\/iberoid.com\\\/fr\\\/\",\"name\":\"(Espa\u00f1ol) Esteroides en l\u00ednea\",\"description\":\"(Espa\u00f1ol) Comprar esteroides en l\u00ednea hoy en Espa\u00f1a y Portugal. Tenemos el mejor servicio al cliente en la industria y los productos de la m\u00e1s alta calidad\",\"potentialAction\":[{\"@type\":\"SearchAction\",\"target\":{\"@type\":\"EntryPoint\",\"urlTemplate\":\"https:\\\/\\\/iberoid.com\\\/fr\\\/?s={search_term_string}\"},\"query-input\":{\"@type\":\"PropertyValueSpecification\",\"valueRequired\":true,\"valueName\":\"search_term_string\"}}],\"inLanguage\":\"fr-FR\"}]}<\/script>\n<meta property=\"product:brand\" content=\"Cenforce\" \/>\n<meta property=\"product:price:amount\" content=\"45.00\" \/>\n<meta property=\"product:price:currency\" content=\"EUR\" \/>\n<meta property=\"og:availability\" content=\"instock\" \/>\n<meta property=\"product:availability\" content=\"instock\" \/>\n<meta property=\"product:condition\" content=\"new\" \/>\n<!-- \/ Yoast SEO Premium plugin. -->","yoast_head_json":{"title":"PACK5 \/BLISTERS Sildenafil - Cenforce 100mg - (Espa\u00f1ol) Esteroides en l\u00ednea","description":"Cenforce 100 mg (Sildenafil) aide \u00e0 traiter la dysfonction \u00e9rectile, am\u00e9liorer la performance et maintenir des \u00e9rections durables.","robots":{"index":"index","follow":"follow","max-snippet":"max-snippet:-1","max-image-preview":"max-image-preview:large","max-video-preview":"max-video-preview:-1"},"canonical":"https:\/\/iberoid.com\/fr\/product\/pack5-blisters-sildenafil-cenforce-100mg\/","og_locale":"fr_FR","og_type":"article","og_title":"PACK5 \/BLISTERS Sildenafil - Cenforce 100mg","og_description":"Cenforce 100 mg (Sildenafil) aide \u00e0 traiter la dysfonction \u00e9rectile, am\u00e9liorer la performance et maintenir des \u00e9rections durables.","og_url":"https:\/\/iberoid.com\/fr\/product\/pack5-blisters-sildenafil-cenforce-100mg\/","og_site_name":"(Espa\u00f1ol) Esteroides en l\u00ednea","article_modified_time":"2026-02-18T09:19:56+00:00","og_image":[{"width":1000,"height":613,"url":"https:\/\/iberoid.com\/wp-content\/uploads\/2021\/12\/cenforce5.png?v=1702425759","type":"image\/png"}],"twitter_card":"summary_large_image","twitter_misc":{"Prix":"&euro;45.00","Disponibilit\u00e9":"En stock"},"schema":{"@context":"https:\/\/schema.org","@graph":[{"@type":"WebPage","@id":"https:\/\/iberoid.com\/fr\/product\/pack5-blisters-sildenafil-cenforce-100mg\/","url":"https:\/\/iberoid.com\/fr\/product\/pack5-blisters-sildenafil-cenforce-100mg\/","name":"PACK5 \/BLISTERS Sildenafil - Cenforce 100mg - (Espa\u00f1ol) Esteroides en l\u00ednea","isPartOf":{"@id":"https:\/\/iberoid.com\/fr\/#website"},"primaryImageOfPage":{"@id":"https:\/\/iberoid.com\/fr\/product\/pack5-blisters-sildenafil-cenforce-100mg\/#primaryimage"},"image":{"@id":"https:\/\/iberoid.com\/fr\/product\/pack5-blisters-sildenafil-cenforce-100mg\/#primaryimage"},"thumbnailUrl":"https:\/\/iberoid.com\/wp-content\/uploads\/2021\/12\/cenforce5.png?v=1702425759","datePublished":"2021-12-24T13:20:16+00:00","dateModified":"2026-02-18T09:19:56+00:00","description":"Cenforce 100 mg (Sildenafil) aide \u00e0 traiter la dysfonction \u00e9rectile, am\u00e9liorer la performance et maintenir des \u00e9rections durables.","breadcrumb":{"@id":"https:\/\/iberoid.com\/fr\/product\/pack5-blisters-sildenafil-cenforce-100mg\/#breadcrumb"},"inLanguage":"fr-FR","potentialAction":[{"@type":"ReadAction","target":[["https:\/\/iberoid.com\/fr\/product\/pack5-blisters-sildenafil-cenforce-100mg\/"]]}]},{"@type":"ImageObject","inLanguage":"fr-FR","@id":"https:\/\/iberoid.com\/fr\/product\/pack5-blisters-sildenafil-cenforce-100mg\/#primaryimage","url":"https:\/\/iberoid.com\/wp-content\/uploads\/2021\/12\/cenforce5.png?v=1702425759","contentUrl":"https:\/\/iberoid.com\/wp-content\/uploads\/2021\/12\/cenforce5.png?v=1702425759","width":1000,"height":613},{"@type":"BreadcrumbList","@id":"https:\/\/iberoid.com\/fr\/product\/pack5-blisters-sildenafil-cenforce-100mg\/#breadcrumb","itemListElement":[{"@type":"ListItem","position":1,"name":"Portada","item":"https:\/\/iberoid.com\/fr\/"},{"@type":"ListItem","position":2,"name":"Magasin","item":"https:\/\/iberoid.com\/fr\/shop\/"},{"@type":"ListItem","position":3,"name":"PACK5 \/BLISTERS Sildenafil &#8211; Cenforce 100mg"}]},{"@type":"WebSite","@id":"https:\/\/iberoid.com\/fr\/#website","url":"https:\/\/iberoid.com\/fr\/","name":"(Espa\u00f1ol) Esteroides en l\u00ednea","description":"(Espa\u00f1ol) Comprar esteroides en l\u00ednea hoy en Espa\u00f1a y Portugal. Tenemos el mejor servicio al cliente en la industria y los productos de la m\u00e1s alta calidad","potentialAction":[{"@type":"SearchAction","target":{"@type":"EntryPoint","urlTemplate":"https:\/\/iberoid.com\/fr\/?s={search_term_string}"},"query-input":{"@type":"PropertyValueSpecification","valueRequired":true,"valueName":"search_term_string"}}],"inLanguage":"fr-FR"}]},"product_brand":"Cenforce","product_price_amount":"45.00","product_price_currency":"EUR","og_availability":"instock","product_availability":"instock","product_condition":"new"},"_links":{"self":[{"href":"https:\/\/iberoid.com\/fr\/wp-json\/wp\/v2\/product\/7071","targetHints":{"allow":["GET"]}}],"collection":[{"href":"https:\/\/iberoid.com\/fr\/wp-json\/wp\/v2\/product"}],"about":[{"href":"https:\/\/iberoid.com\/fr\/wp-json\/wp\/v2\/types\/product"}],"replies":[{"embeddable":true,"href":"https:\/\/iberoid.com\/fr\/wp-json\/wp\/v2\/comments?post=7071"}],"wp:featuredmedia":[{"embeddable":true,"href":"https:\/\/iberoid.com\/fr\/wp-json\/wp\/v2\/media\/7072"}],"wp:attachment":[{"href":"https:\/\/iberoid.com\/fr\/wp-json\/wp\/v2\/media?parent=7071"}],"wp:term":[{"taxonomy":"product_brand","embeddable":true,"href":"https:\/\/iberoid.com\/fr\/wp-json\/wp\/v2\/product_brand?post=7071"},{"taxonomy":"product_cat","embeddable":true,"href":"https:\/\/iberoid.com\/fr\/wp-json\/wp\/v2\/product_cat?post=7071"},{"taxonomy":"product_tag","embeddable":true,"href":"https:\/\/iberoid.com\/fr\/wp-json\/wp\/v2\/product_tag?post=7071"}],"curies":[{"name":"wp","href":"https:\/\/api.w.org\/{rel}","templated":true}]}}