{"id":7078,"date":"2021-12-25T13:20:04","date_gmt":"2021-12-25T13:20:04","guid":{"rendered":"https:\/\/iberoid.com\/?post_type=product&#038;p=7078"},"modified":"2026-01-21T10:22:16","modified_gmt":"2026-01-21T10:22:16","slug":"dnp-100mg-pharmagen","status":"publish","type":"product","link":"https:\/\/iberoid.com\/fr\/product\/dnp-100mg-pharmagen\/","title":{"rendered":"DNP 100mg"},"content":{"rendered":"<p>Le DNP exerce ses effets au sein de la cellule, plus pr\u00e9cis\u00e9ment au sein de la membrane des mitochondries. L&rsquo;avantage de tels m\u00e9canismes d&rsquo;action intracellulaires est qu&rsquo;une tol\u00e9rance au DNP ne peut pas se d\u00e9velopper. Pour faire court, DNP rend le processus de formation d&rsquo;ATP tr\u00e8s inefficace. Pourquoi est-ce important? Parce que l&rsquo;ATP est l&rsquo;unit\u00e9 d&rsquo;\u00e9nergie n\u00e9cessaire pour conduire toutes nos r\u00e9actions biochimiques dans notre corps qui est n\u00e9cessaire pour nous maintenir en vie. Les cellules de notre corps ont constamment besoin d&rsquo;\u00e9nergie (ATP) pour rester en vie. La quantit\u00e9 d&rsquo;ATP n\u00e9cessaire pour maintenir une personne en vie d\u00e9pend de son taux m\u00e9tabolique de base. En rendant la formation d&rsquo;ATP inefficace, le taux m\u00e9tabolique de base d&rsquo;une personne peut augmenter ind\u00e9finiment, mais pour des utilisations pratiques, le taux m\u00e9tabolique de base peut augmenter en toute s\u00e9curit\u00e9 de 30 \u00e0 50 % sans mettre sa vie en danger. Il n&rsquo;est pas rare que les gens perdent jusqu&rsquo;\u00e0 une livre de graisse pure par jour pendant qu&rsquo;ils sont sous DNP.<\/p>\n<p>Si vous n&rsquo;\u00eates pas familier avec l&rsquo;ATP, c&rsquo;est en quoi les calories stock\u00e9es dans les glucides, les graisses et les prot\u00e9ines sont finalement transform\u00e9es. En d&rsquo;autres termes, l&rsquo;\u00e9nergie stock\u00e9e dans les macromol\u00e9cules est transf\u00e9r\u00e9e \u00e0 la mol\u00e9cule d&rsquo;ATP, mais le DNP perturbe ce processus. Au lieu de fabriquer de l&rsquo;ATP \u00e0 partir de macromol\u00e9cules en pr\u00e9sence de DNP, l&rsquo;\u00e9nergie potentielle est simplement transform\u00e9e en chaleur. Ceci est tr\u00e8s important car les niveaux d&rsquo;ATP dans le corps vont rapidement diminuer et les cellules veulent reconstituer ce stockage en d\u00e9composant plus de graisses, de glucides, etc. Comme vous pouvez le voir, un sch\u00e9ma se d\u00e9veloppe rapidement o\u00f9 les niveaux d&rsquo;ATP seront constamment inf\u00e9rieurs \u00e0 la normale et le corps essaiera toujours de br\u00fbler plus de graisses, de glucides et de prot\u00e9ines pour aider \u00e0 reconstituer les niveaux d&rsquo;ATP. Ce n&rsquo;est pas diff\u00e9rent de faire des exercices d&rsquo;a\u00e9robie comme le jogging, le v\u00e9lo, etc., sauf que pendant le DNP, le corps fait de l&rsquo;a\u00e9robie. La posologie est de 2 \u00e0 6 mg\/1 kilo de poids corporel. Un m\u00e9dicament anti-allergique doit \u00eatre ajout\u00e9 au cycle.<\/p>","protected":false},"excerpt":{"rendered":"<p>Le DNP exerce ses effets au sein de la cellule, plus pr\u00e9cis\u00e9ment au sein de la membrane des mitochondries. L&rsquo;avantage<\/p>\n","protected":false},"featured_media":7079,"comment_status":"open","ping_status":"closed","template":"","meta":[],"product_brand":[],"product_cat":[73],"product_tag":[],"class_list":{"0":"post-7078","1":"product","2":"type-product","3":"status-publish","4":"has-post-thumbnail","6":"product_cat-ssteroides_orales","8":"first","9":"outofstock","10":"shipping-taxable","11":"purchasable","12":"product-type-simple"},"yoast_head":"<!-- This site is optimized with the Yoast SEO Premium plugin v24.4 (Yoast SEO v27.0) - https:\/\/yoast.com\/product\/yoast-seo-premium-wordpress\/ -->\n<title>DNP 100mg - (Espa\u00f1ol) Esteroides en l\u00ednea<\/title>\n<meta name=\"robots\" content=\"index, follow, max-snippet:-1, max-image-preview:large, max-video-preview:-1\" \/>\n<link rel=\"canonical\" href=\"https:\/\/iberoid.com\/fr\/product\/dnp-100mg-pharmagen\/\" \/>\n<meta property=\"og:locale\" content=\"fr_FR\" \/>\n<meta property=\"og:type\" content=\"article\" \/>\n<meta property=\"og:title\" content=\"DNP 100mg\" \/>\n<meta property=\"og:description\" content=\"Le DNP exerce ses effets au sein de la cellule, plus pr\u00e9cis\u00e9ment au sein de la membrane des mitochondries. L&rsquo;avantage\" \/>\n<meta property=\"og:url\" content=\"https:\/\/iberoid.com\/fr\/product\/dnp-100mg-pharmagen\/\" \/>\n<meta property=\"og:site_name\" content=\"(Espa\u00f1ol) Esteroides en l\u00ednea\" \/>\n<meta property=\"article:modified_time\" content=\"2026-01-21T10:22:16+00:00\" \/>\n<meta property=\"og:image\" content=\"https:\/\/iberoid.com\/wp-content\/uploads\/2021\/12\/DNP.jpeg?v=1678119941\" \/>\n\t<meta property=\"og:image:width\" content=\"1600\" \/>\n\t<meta property=\"og:image:height\" content=\"1066\" \/>\n\t<meta property=\"og:image:type\" content=\"image\/jpeg\" \/>\n<meta name=\"twitter:card\" content=\"summary_large_image\" \/>\n<meta name=\"twitter:label1\" content=\"Prix\" \/>\n\t<meta name=\"twitter:data1\" content=\"&euro;75.00\" \/>\n\t<meta name=\"twitter:label2\" content=\"Disponibilit\u00e9\" \/>\n\t<meta name=\"twitter:data2\" content=\"Rupture de stock\" \/>\n<script type=\"application\/ld+json\" class=\"yoast-schema-graph\">{\"@context\":\"https:\/\/schema.org\",\"@graph\":[{\"@type\":\"WebPage\",\"@id\":\"https:\/\/iberoid.com\/fr\/product\/dnp-100mg-pharmagen\/\",\"url\":\"https:\/\/iberoid.com\/fr\/product\/dnp-100mg-pharmagen\/\",\"name\":\"DNP 100mg - (Espa\u00f1ol) Esteroides en l\u00ednea\",\"isPartOf\":{\"@id\":\"https:\/\/iberoid.com\/fr\/#website\"},\"primaryImageOfPage\":{\"@id\":\"https:\/\/iberoid.com\/fr\/product\/dnp-100mg-pharmagen\/#primaryimage\"},\"image\":{\"@id\":\"https:\/\/iberoid.com\/fr\/product\/dnp-100mg-pharmagen\/#primaryimage\"},\"thumbnailUrl\":\"https:\/\/iberoid.com\/wp-content\/uploads\/2021\/12\/DNP.jpeg?v=1678119941\",\"datePublished\":\"2021-12-25T13:20:04+00:00\",\"dateModified\":\"2026-01-21T10:22:16+00:00\",\"breadcrumb\":{\"@id\":\"https:\/\/iberoid.com\/fr\/product\/dnp-100mg-pharmagen\/#breadcrumb\"},\"inLanguage\":\"fr-FR\",\"potentialAction\":[{\"@type\":\"ReadAction\",\"target\":[[\"https:\/\/iberoid.com\/fr\/product\/dnp-100mg-pharmagen\/\"]]}]},{\"@type\":\"ImageObject\",\"inLanguage\":\"fr-FR\",\"@id\":\"https:\/\/iberoid.com\/fr\/product\/dnp-100mg-pharmagen\/#primaryimage\",\"url\":\"https:\/\/iberoid.com\/wp-content\/uploads\/2021\/12\/DNP.jpeg?v=1678119941\",\"contentUrl\":\"https:\/\/iberoid.com\/wp-content\/uploads\/2021\/12\/DNP.jpeg?v=1678119941\",\"width\":1600,\"height\":1066},{\"@type\":\"BreadcrumbList\",\"@id\":\"https:\/\/iberoid.com\/fr\/product\/dnp-100mg-pharmagen\/#breadcrumb\",\"itemListElement\":[{\"@type\":\"ListItem\",\"position\":1,\"name\":\"Portada\",\"item\":\"https:\/\/iberoid.com\/fr\/\"},{\"@type\":\"ListItem\",\"position\":2,\"name\":\"Magasin\",\"item\":\"https:\/\/iberoid.com\/fr\/shop\/\"},{\"@type\":\"ListItem\",\"position\":3,\"name\":\"DNP 100mg\"}]},{\"@type\":\"WebSite\",\"@id\":\"https:\/\/iberoid.com\/fr\/#website\",\"url\":\"https:\/\/iberoid.com\/fr\/\",\"name\":\"(Espa\u00f1ol) Esteroides en l\u00ednea\",\"description\":\"(Espa\u00f1ol) Comprar esteroides en l\u00ednea hoy en Espa\u00f1a y Portugal. Tenemos el mejor servicio al cliente en la industria y los productos de la m\u00e1s alta calidad\",\"potentialAction\":[{\"@type\":\"SearchAction\",\"target\":{\"@type\":\"EntryPoint\",\"urlTemplate\":\"https:\/\/iberoid.com\/fr\/?s={search_term_string}\"},\"query-input\":{\"@type\":\"PropertyValueSpecification\",\"valueRequired\":true,\"valueName\":\"search_term_string\"}}],\"inLanguage\":\"fr-FR\"}]}<\/script>\n<meta property=\"product:brand\" content=\"Pharma Gen\" \/>\n<meta property=\"product:price:amount\" content=\"75.00\" \/>\n<meta property=\"product:price:currency\" content=\"EUR\" \/>\n<meta property=\"og:availability\" content=\"out of stock\" \/>\n<meta property=\"product:availability\" content=\"out of stock\" \/>\n<meta property=\"product:condition\" content=\"new\" \/>\n<!-- \/ Yoast SEO Premium plugin. -->","yoast_head_json":{"title":"DNP 100mg - (Espa\u00f1ol) Esteroides en l\u00ednea","robots":{"index":"index","follow":"follow","max-snippet":"max-snippet:-1","max-image-preview":"max-image-preview:large","max-video-preview":"max-video-preview:-1"},"canonical":"https:\/\/iberoid.com\/fr\/product\/dnp-100mg-pharmagen\/","og_locale":"fr_FR","og_type":"article","og_title":"DNP 100mg","og_description":"Le DNP exerce ses effets au sein de la cellule, plus pr\u00e9cis\u00e9ment au sein de la membrane des mitochondries. L&rsquo;avantage","og_url":"https:\/\/iberoid.com\/fr\/product\/dnp-100mg-pharmagen\/","og_site_name":"(Espa\u00f1ol) Esteroides en l\u00ednea","article_modified_time":"2026-01-21T10:22:16+00:00","og_image":[{"width":1600,"height":1066,"url":"https:\/\/iberoid.com\/wp-content\/uploads\/2021\/12\/DNP.jpeg?v=1678119941","type":"image\/jpeg"}],"twitter_card":"summary_large_image","twitter_misc":{"Prix":"&euro;75.00","Disponibilit\u00e9":"Rupture de stock"},"schema":{"@context":"https:\/\/schema.org","@graph":[{"@type":"WebPage","@id":"https:\/\/iberoid.com\/fr\/product\/dnp-100mg-pharmagen\/","url":"https:\/\/iberoid.com\/fr\/product\/dnp-100mg-pharmagen\/","name":"DNP 100mg - (Espa\u00f1ol) Esteroides en l\u00ednea","isPartOf":{"@id":"https:\/\/iberoid.com\/fr\/#website"},"primaryImageOfPage":{"@id":"https:\/\/iberoid.com\/fr\/product\/dnp-100mg-pharmagen\/#primaryimage"},"image":{"@id":"https:\/\/iberoid.com\/fr\/product\/dnp-100mg-pharmagen\/#primaryimage"},"thumbnailUrl":"https:\/\/iberoid.com\/wp-content\/uploads\/2021\/12\/DNP.jpeg?v=1678119941","datePublished":"2021-12-25T13:20:04+00:00","dateModified":"2026-01-21T10:22:16+00:00","breadcrumb":{"@id":"https:\/\/iberoid.com\/fr\/product\/dnp-100mg-pharmagen\/#breadcrumb"},"inLanguage":"fr-FR","potentialAction":[{"@type":"ReadAction","target":[["https:\/\/iberoid.com\/fr\/product\/dnp-100mg-pharmagen\/"]]}]},{"@type":"ImageObject","inLanguage":"fr-FR","@id":"https:\/\/iberoid.com\/fr\/product\/dnp-100mg-pharmagen\/#primaryimage","url":"https:\/\/iberoid.com\/wp-content\/uploads\/2021\/12\/DNP.jpeg?v=1678119941","contentUrl":"https:\/\/iberoid.com\/wp-content\/uploads\/2021\/12\/DNP.jpeg?v=1678119941","width":1600,"height":1066},{"@type":"BreadcrumbList","@id":"https:\/\/iberoid.com\/fr\/product\/dnp-100mg-pharmagen\/#breadcrumb","itemListElement":[{"@type":"ListItem","position":1,"name":"Portada","item":"https:\/\/iberoid.com\/fr\/"},{"@type":"ListItem","position":2,"name":"Magasin","item":"https:\/\/iberoid.com\/fr\/shop\/"},{"@type":"ListItem","position":3,"name":"DNP 100mg"}]},{"@type":"WebSite","@id":"https:\/\/iberoid.com\/fr\/#website","url":"https:\/\/iberoid.com\/fr\/","name":"(Espa\u00f1ol) Esteroides en l\u00ednea","description":"(Espa\u00f1ol) Comprar esteroides en l\u00ednea hoy en Espa\u00f1a y Portugal. Tenemos el mejor servicio al cliente en la industria y los productos de la m\u00e1s alta calidad","potentialAction":[{"@type":"SearchAction","target":{"@type":"EntryPoint","urlTemplate":"https:\/\/iberoid.com\/fr\/?s={search_term_string}"},"query-input":{"@type":"PropertyValueSpecification","valueRequired":true,"valueName":"search_term_string"}}],"inLanguage":"fr-FR"}]},"product_brand":"Pharma Gen","product_price_amount":"75.00","product_price_currency":"EUR","og_availability":"out of stock","product_availability":"out of stock","product_condition":"new"},"_links":{"self":[{"href":"https:\/\/iberoid.com\/fr\/wp-json\/wp\/v2\/product\/7078","targetHints":{"allow":["GET"]}}],"collection":[{"href":"https:\/\/iberoid.com\/fr\/wp-json\/wp\/v2\/product"}],"about":[{"href":"https:\/\/iberoid.com\/fr\/wp-json\/wp\/v2\/types\/product"}],"replies":[{"embeddable":true,"href":"https:\/\/iberoid.com\/fr\/wp-json\/wp\/v2\/comments?post=7078"}],"wp:featuredmedia":[{"embeddable":true,"href":"https:\/\/iberoid.com\/fr\/wp-json\/wp\/v2\/media\/7079"}],"wp:attachment":[{"href":"https:\/\/iberoid.com\/fr\/wp-json\/wp\/v2\/media?parent=7078"}],"wp:term":[{"taxonomy":"product_brand","embeddable":true,"href":"https:\/\/iberoid.com\/fr\/wp-json\/wp\/v2\/product_brand?post=7078"},{"taxonomy":"product_cat","embeddable":true,"href":"https:\/\/iberoid.com\/fr\/wp-json\/wp\/v2\/product_cat?post=7078"},{"taxonomy":"product_tag","embeddable":true,"href":"https:\/\/iberoid.com\/fr\/wp-json\/wp\/v2\/product_tag?post=7078"}],"curies":[{"name":"wp","href":"https:\/\/api.w.org\/{rel}","templated":true}]}}