{"id":7101,"date":"2021-12-30T21:01:07","date_gmt":"2021-12-30T21:01:07","guid":{"rendered":"https:\/\/iberoid.com\/?post_type=product&#038;p=7101"},"modified":"2025-08-17T11:42:58","modified_gmt":"2025-08-17T11:42:58","slug":"norditropin-nordiflex-45iu-15-mg-pen","status":"publish","type":"product","link":"https:\/\/iberoid.com\/fr\/product\/norditropin-nordiflex-45iu-15-mg-pen\/","title":{"rendered":"Norditropin NordiFlex 45iu (15 Mg) Pen"},"content":{"rendered":"<p>Norditropin Simplexx est fabriqu\u00e9 par Novo Nordisk, Danemark. Norditropin Simplexx fabriqu\u00e9 \u00e0 l&rsquo;aide de la technologie de l&rsquo;ADN recombinant dans le syst\u00e8me d&rsquo;expression des s\u00e9cr\u00e9tions d&rsquo;E. coli. Norditropin Simplexx est conditionn\u00e9 en cartouches de 15 mg (45 UI)\/1,5 ml de formulation liquide d&rsquo;hormone de croissance \u00e0 utiliser avec un stylo.<\/p>\n<p>La plupart des autres hormones de croissance doivent \u00eatre r\u00e9frig\u00e9r\u00e9es en tout temps, mais pas Norditropin\u00ae. Il peut \u00eatre conserv\u00e9 \u00e0 temp\u00e9rature ambiante (jusqu&rsquo;\u00e0 25 \u00b0C &#8211; 77 \u00b0F) si vous comptez les utiliser dans les 21 jours. (Si vous devez conserver le stylo jusqu&rsquo;\u00e0 4 semaines, conservez-le au r\u00e9frig\u00e9rateur) Cela peut permettre une plus grande flexibilit\u00e9 sans avoir \u00e0 planifier \u00e0 l&rsquo;avance la r\u00e9frig\u00e9ration de Norditropin lors de visites nocturnes, de vacances ou de voyages de derni\u00e8re minute.<\/p>","protected":false},"excerpt":{"rendered":"<p>Norditropin Simplexx est fabriqu\u00e9 par Novo Nordisk, Danemark. Norditropin Simplexx fabriqu\u00e9 \u00e0 l&rsquo;aide de la technologie de l&rsquo;ADN recombinant dans<\/p>\n","protected":false},"featured_media":7102,"comment_status":"open","ping_status":"closed","template":"","meta":[],"product_brand":[],"product_cat":[76,3474],"product_tag":[],"class_list":{"0":"post-7101","1":"product","2":"type-product","3":"status-publish","4":"has-post-thumbnail","6":"product_cat-hgh_peptido","7":"product_cat-packs","9":"first","10":"outofstock","11":"sale","12":"shipping-taxable","13":"purchasable","14":"product-type-simple"},"yoast_head":"<!-- This site is optimized with the Yoast SEO Premium plugin v24.4 (Yoast SEO v27.0) - https:\/\/yoast.com\/product\/yoast-seo-premium-wordpress\/ -->\n<title>Norditropin NordiFlex 45iu (15 Mg) Pen - (Espa\u00f1ol) Esteroides en l\u00ednea<\/title>\n<meta name=\"description\" content=\"Norditropin Simplexx : Hormone de croissance liquide en cartouche pour stylo. Stable \u00e0 temp. ambiante (jusqu&#039;\u00e0 25\u00b0C) pendant 21 jours. Fabriqu\u00e9 par Novo Nordisk.\" \/>\n<meta name=\"robots\" content=\"index, follow, max-snippet:-1, max-image-preview:large, max-video-preview:-1\" \/>\n<link rel=\"canonical\" href=\"https:\/\/iberoid.com\/fr\/product\/norditropin-nordiflex-45iu-15-mg-pen\/\" \/>\n<meta property=\"og:locale\" content=\"fr_FR\" \/>\n<meta property=\"og:type\" content=\"article\" \/>\n<meta property=\"og:title\" content=\"Norditropin NordiFlex 45iu (15 Mg) Pen\" \/>\n<meta property=\"og:description\" content=\"Norditropin Simplexx : Hormone de croissance liquide en cartouche pour stylo. Stable \u00e0 temp. ambiante (jusqu&#039;\u00e0 25\u00b0C) pendant 21 jours. Fabriqu\u00e9 par Novo Nordisk.\" \/>\n<meta property=\"og:url\" content=\"https:\/\/iberoid.com\/fr\/product\/norditropin-nordiflex-45iu-15-mg-pen\/\" \/>\n<meta property=\"og:site_name\" content=\"(Espa\u00f1ol) Esteroides en l\u00ednea\" \/>\n<meta property=\"article:modified_time\" content=\"2025-08-17T11:42:58+00:00\" \/>\n<meta property=\"og:image\" content=\"https:\/\/iberoid.com\/wp-content\/uploads\/2021\/12\/nordi15-1.jpg?v=1678119938\" \/>\n\t<meta property=\"og:image:width\" content=\"1023\" \/>\n\t<meta property=\"og:image:height\" content=\"768\" \/>\n\t<meta property=\"og:image:type\" content=\"image\/jpeg\" \/>\n<meta name=\"twitter:card\" content=\"summary_large_image\" \/>\n<meta name=\"twitter:label1\" content=\"Prix\" \/>\n\t<meta name=\"twitter:data1\" content=\"&euro;80.00\" \/>\n\t<meta name=\"twitter:label2\" content=\"Disponibilit\u00e9\" \/>\n\t<meta name=\"twitter:data2\" content=\"Rupture de stock\" \/>\n<script type=\"application\/ld+json\" class=\"yoast-schema-graph\">{\"@context\":\"https:\/\/schema.org\",\"@graph\":[{\"@type\":\"WebPage\",\"@id\":\"https:\/\/iberoid.com\/fr\/product\/norditropin-nordiflex-45iu-15-mg-pen\/\",\"url\":\"https:\/\/iberoid.com\/fr\/product\/norditropin-nordiflex-45iu-15-mg-pen\/\",\"name\":\"Norditropin NordiFlex 45iu (15 Mg) Pen - (Espa\u00f1ol) Esteroides en l\u00ednea\",\"isPartOf\":{\"@id\":\"https:\/\/iberoid-shop.com\/#website\"},\"primaryImageOfPage\":{\"@id\":\"https:\/\/iberoid.com\/fr\/product\/norditropin-nordiflex-45iu-15-mg-pen\/#primaryimage\"},\"image\":{\"@id\":\"https:\/\/iberoid.com\/fr\/product\/norditropin-nordiflex-45iu-15-mg-pen\/#primaryimage\"},\"thumbnailUrl\":\"https:\/\/iberoid.com\/wp-content\/uploads\/2021\/12\/nordi15-1.jpg?v=1678119938\",\"datePublished\":\"2021-12-30T21:01:07+00:00\",\"dateModified\":\"2025-08-17T11:42:58+00:00\",\"description\":\"Norditropin Simplexx : Hormone de croissance liquide en cartouche pour stylo. Stable \u00e0 temp. ambiante (jusqu'\u00e0 25\u00b0C) pendant 21 jours. Fabriqu\u00e9 par Novo Nordisk.\",\"breadcrumb\":{\"@id\":\"https:\/\/iberoid.com\/fr\/product\/norditropin-nordiflex-45iu-15-mg-pen\/#breadcrumb\"},\"inLanguage\":\"fr-FR\",\"potentialAction\":[{\"@type\":\"ReadAction\",\"target\":[[\"https:\/\/iberoid.com\/fr\/product\/norditropin-nordiflex-45iu-15-mg-pen\/\"]]}]},{\"@type\":\"ImageObject\",\"inLanguage\":\"fr-FR\",\"@id\":\"https:\/\/iberoid.com\/fr\/product\/norditropin-nordiflex-45iu-15-mg-pen\/#primaryimage\",\"url\":\"https:\/\/iberoid.com\/wp-content\/uploads\/2021\/12\/nordi15-1.jpg?v=1678119938\",\"contentUrl\":\"https:\/\/iberoid.com\/wp-content\/uploads\/2021\/12\/nordi15-1.jpg?v=1678119938\",\"width\":1023,\"height\":768},{\"@type\":\"BreadcrumbList\",\"@id\":\"https:\/\/iberoid.com\/fr\/product\/norditropin-nordiflex-45iu-15-mg-pen\/#breadcrumb\",\"itemListElement\":[{\"@type\":\"ListItem\",\"position\":1,\"name\":\"Portada\",\"item\":\"https:\/\/iberoid.com\/fr\/\"},{\"@type\":\"ListItem\",\"position\":2,\"name\":\"Magasin\",\"item\":\"https:\/\/iberoid.com\/fr\/shop\/\"},{\"@type\":\"ListItem\",\"position\":3,\"name\":\"Norditropin NordiFlex 45iu (15 Mg) Pen\"}]},{\"@type\":\"WebSite\",\"@id\":\"https:\/\/iberoid-shop.com\/#website\",\"url\":\"https:\/\/iberoid-shop.com\/\",\"name\":\"(Espa\u00f1ol) Esteroides en l\u00ednea\",\"description\":\"(Espa\u00f1ol) Comprar esteroides en l\u00ednea hoy en Espa\u00f1a y Portugal. Tenemos el mejor servicio al cliente en la industria y los productos de la m\u00e1s alta calidad\",\"potentialAction\":[{\"@type\":\"SearchAction\",\"target\":{\"@type\":\"EntryPoint\",\"urlTemplate\":\"https:\/\/iberoid-shop.com\/?s={search_term_string}\"},\"query-input\":{\"@type\":\"PropertyValueSpecification\",\"valueRequired\":true,\"valueName\":\"search_term_string\"}}],\"inLanguage\":\"fr-FR\"}]}<\/script>\n<meta property=\"product:brand\" content=\"Novo Nordisk\" \/>\n<meta property=\"product:price:amount\" content=\"80.00\" \/>\n<meta property=\"product:price:currency\" content=\"EUR\" \/>\n<meta property=\"og:availability\" content=\"out of stock\" \/>\n<meta property=\"product:availability\" content=\"out of stock\" \/>\n<meta property=\"product:condition\" content=\"new\" \/>\n<!-- \/ Yoast SEO Premium plugin. -->","yoast_head_json":{"title":"Norditropin NordiFlex 45iu (15 Mg) Pen - (Espa\u00f1ol) Esteroides en l\u00ednea","description":"Norditropin Simplexx : Hormone de croissance liquide en cartouche pour stylo. Stable \u00e0 temp. ambiante (jusqu'\u00e0 25\u00b0C) pendant 21 jours. Fabriqu\u00e9 par Novo Nordisk.","robots":{"index":"index","follow":"follow","max-snippet":"max-snippet:-1","max-image-preview":"max-image-preview:large","max-video-preview":"max-video-preview:-1"},"canonical":"https:\/\/iberoid.com\/fr\/product\/norditropin-nordiflex-45iu-15-mg-pen\/","og_locale":"fr_FR","og_type":"article","og_title":"Norditropin NordiFlex 45iu (15 Mg) Pen","og_description":"Norditropin Simplexx : Hormone de croissance liquide en cartouche pour stylo. Stable \u00e0 temp. ambiante (jusqu'\u00e0 25\u00b0C) pendant 21 jours. Fabriqu\u00e9 par Novo Nordisk.","og_url":"https:\/\/iberoid.com\/fr\/product\/norditropin-nordiflex-45iu-15-mg-pen\/","og_site_name":"(Espa\u00f1ol) Esteroides en l\u00ednea","article_modified_time":"2025-08-17T11:42:58+00:00","og_image":[{"width":1023,"height":768,"url":"https:\/\/iberoid.com\/wp-content\/uploads\/2021\/12\/nordi15-1.jpg?v=1678119938","type":"image\/jpeg"}],"twitter_card":"summary_large_image","twitter_misc":{"Prix":"&euro;80.00","Disponibilit\u00e9":"Rupture de stock"},"schema":{"@context":"https:\/\/schema.org","@graph":[{"@type":"WebPage","@id":"https:\/\/iberoid.com\/fr\/product\/norditropin-nordiflex-45iu-15-mg-pen\/","url":"https:\/\/iberoid.com\/fr\/product\/norditropin-nordiflex-45iu-15-mg-pen\/","name":"Norditropin NordiFlex 45iu (15 Mg) Pen - (Espa\u00f1ol) Esteroides en l\u00ednea","isPartOf":{"@id":"https:\/\/iberoid-shop.com\/#website"},"primaryImageOfPage":{"@id":"https:\/\/iberoid.com\/fr\/product\/norditropin-nordiflex-45iu-15-mg-pen\/#primaryimage"},"image":{"@id":"https:\/\/iberoid.com\/fr\/product\/norditropin-nordiflex-45iu-15-mg-pen\/#primaryimage"},"thumbnailUrl":"https:\/\/iberoid.com\/wp-content\/uploads\/2021\/12\/nordi15-1.jpg?v=1678119938","datePublished":"2021-12-30T21:01:07+00:00","dateModified":"2025-08-17T11:42:58+00:00","description":"Norditropin Simplexx : Hormone de croissance liquide en cartouche pour stylo. Stable \u00e0 temp. ambiante (jusqu'\u00e0 25\u00b0C) pendant 21 jours. Fabriqu\u00e9 par Novo Nordisk.","breadcrumb":{"@id":"https:\/\/iberoid.com\/fr\/product\/norditropin-nordiflex-45iu-15-mg-pen\/#breadcrumb"},"inLanguage":"fr-FR","potentialAction":[{"@type":"ReadAction","target":[["https:\/\/iberoid.com\/fr\/product\/norditropin-nordiflex-45iu-15-mg-pen\/"]]}]},{"@type":"ImageObject","inLanguage":"fr-FR","@id":"https:\/\/iberoid.com\/fr\/product\/norditropin-nordiflex-45iu-15-mg-pen\/#primaryimage","url":"https:\/\/iberoid.com\/wp-content\/uploads\/2021\/12\/nordi15-1.jpg?v=1678119938","contentUrl":"https:\/\/iberoid.com\/wp-content\/uploads\/2021\/12\/nordi15-1.jpg?v=1678119938","width":1023,"height":768},{"@type":"BreadcrumbList","@id":"https:\/\/iberoid.com\/fr\/product\/norditropin-nordiflex-45iu-15-mg-pen\/#breadcrumb","itemListElement":[{"@type":"ListItem","position":1,"name":"Portada","item":"https:\/\/iberoid.com\/fr\/"},{"@type":"ListItem","position":2,"name":"Magasin","item":"https:\/\/iberoid.com\/fr\/shop\/"},{"@type":"ListItem","position":3,"name":"Norditropin NordiFlex 45iu (15 Mg) Pen"}]},{"@type":"WebSite","@id":"https:\/\/iberoid-shop.com\/#website","url":"https:\/\/iberoid-shop.com\/","name":"(Espa\u00f1ol) Esteroides en l\u00ednea","description":"(Espa\u00f1ol) Comprar esteroides en l\u00ednea hoy en Espa\u00f1a y Portugal. Tenemos el mejor servicio al cliente en la industria y los productos de la m\u00e1s alta calidad","potentialAction":[{"@type":"SearchAction","target":{"@type":"EntryPoint","urlTemplate":"https:\/\/iberoid-shop.com\/?s={search_term_string}"},"query-input":{"@type":"PropertyValueSpecification","valueRequired":true,"valueName":"search_term_string"}}],"inLanguage":"fr-FR"}]},"product_brand":"Novo Nordisk","product_price_amount":"80.00","product_price_currency":"EUR","og_availability":"out of stock","product_availability":"out of stock","product_condition":"new"},"_links":{"self":[{"href":"https:\/\/iberoid.com\/fr\/wp-json\/wp\/v2\/product\/7101","targetHints":{"allow":["GET"]}}],"collection":[{"href":"https:\/\/iberoid.com\/fr\/wp-json\/wp\/v2\/product"}],"about":[{"href":"https:\/\/iberoid.com\/fr\/wp-json\/wp\/v2\/types\/product"}],"replies":[{"embeddable":true,"href":"https:\/\/iberoid.com\/fr\/wp-json\/wp\/v2\/comments?post=7101"}],"wp:featuredmedia":[{"embeddable":true,"href":"https:\/\/iberoid.com\/fr\/wp-json\/wp\/v2\/media\/7102"}],"wp:attachment":[{"href":"https:\/\/iberoid.com\/fr\/wp-json\/wp\/v2\/media?parent=7101"}],"wp:term":[{"taxonomy":"product_brand","embeddable":true,"href":"https:\/\/iberoid.com\/fr\/wp-json\/wp\/v2\/product_brand?post=7101"},{"taxonomy":"product_cat","embeddable":true,"href":"https:\/\/iberoid.com\/fr\/wp-json\/wp\/v2\/product_cat?post=7101"},{"taxonomy":"product_tag","embeddable":true,"href":"https:\/\/iberoid.com\/fr\/wp-json\/wp\/v2\/product_tag?post=7101"}],"curies":[{"name":"wp","href":"https:\/\/api.w.org\/{rel}","templated":true}]}}