{"id":7106,"date":"2021-12-30T21:07:47","date_gmt":"2021-12-30T21:07:47","guid":{"rendered":"https:\/\/iberoid.com\/?post_type=product&#038;p=7106"},"modified":"2022-03-17T21:41:13","modified_gmt":"2022-03-17T21:41:13","slug":"somatexx-hgh-somatropin-100iu-2x50iu","status":"publish","type":"product","link":"https:\/\/iberoid.com\/fr\/product\/somatexx-hgh-somatropin-100iu-2x50iu\/","title":{"rendered":"Somatexx HGH Somatropin 100iu-2x50iu"},"content":{"rendered":"<p>L&rsquo;hormone de croissance (GH) ou somatotropine, \u00e9galement connue sous le nom d&rsquo;hormones de croissance humaines (hGH ou HGH) sous sa forme humaine, est une hormone peptidique qui stimule la croissance, la reproduction cellulaire et la r\u00e9g\u00e9n\u00e9ration cellulaire chez l&rsquo;homme et d&rsquo;autres animaux. Il est donc important dans le d\u00e9veloppement humain.<\/p>\n<p>L&rsquo;hormone de croissance humaine est une substance naturellement form\u00e9e qui est s\u00e9par\u00e9e par l&rsquo;hypophyse ant\u00e9rieure. Il est essentiel pour une croissance et un d\u00e9veloppement normaux. L&rsquo;hormone de croissance (GH) est s\u00e9cr\u00e9t\u00e9e par l&rsquo;hypophyse depuis la naissance et les niveaux culminent vers la fin de l&rsquo;adolescence.<\/p>\n<p>Les cours normaux de st\u00e9ro\u00efdes sur la force sont essentiellement utilis\u00e9s, c&rsquo;est facile \u00e0 deviner, par les athl\u00e8tes Soma-tex des sports de puissance et des halt\u00e9rophiles. Pour les culturistes et les culturistes, les indicateurs de force ne sont pas si importants, ils ont besoin de masse, de soulagement et de s\u00e9cheresse.<\/p>\n<p>Scilife &#8211;\u00a0Biog\u00e9n\u00e9tique\u00a0Hormone de croissance humaine<\/p>\n<p>Acheter Soma-Tex HGH 120iu pour Stimule la division et la multiplication des chondrocytes du cartilage<\/p>\n<p>Avantages de prendre Soma:<\/p>\n<p>Il augmente la r\u00e9tention de calcium et stabilise la min\u00e9ralisation des os.<\/p>\n<p>Il aide \u00e0 stimuler la croissance cellulaire dans chaque organe d&rsquo;un corps humain<\/p>\n<p>Il augmente le m\u00e9tabolisme dans le corps.<\/p>\n<p>Il aide \u00e0 r\u00e9parer les cellules endommag\u00e9es<\/p>\n<p>Il induit la synth\u00e8se des prot\u00e9ines et g\u00e8re son niveau.<\/p>\n<p>Diminue la d\u00e9gradation des prot\u00e9ines<\/p>\n<p>Aide \u00e0 stimuler le syst\u00e8me immunitaire<\/p>\n<p>Favorise la lipolyse<\/p>\n<p>Augmente le transport du glucose<\/p>\n<p>Augmentation de la perte de graisse<\/p>\n<p>Force accrue<\/p>","protected":false},"excerpt":{"rendered":"<p>L&rsquo;hormone de croissance (GH) ou somatotropine, \u00e9galement connue sous le nom d&rsquo;hormones de croissance humaines (hGH ou HGH) sous sa<\/p>\n","protected":false},"featured_media":7107,"comment_status":"open","ping_status":"closed","template":"","meta":[],"product_brand":[],"product_cat":[76],"product_tag":[],"class_list":{"0":"post-7106","1":"product","2":"type-product","3":"status-publish","4":"has-post-thumbnail","6":"product_cat-hgh_peptido","8":"first","9":"outofstock","10":"sale","11":"shipping-taxable","12":"purchasable","13":"product-type-simple"},"yoast_head":"<!-- This site is optimized with the Yoast SEO Premium plugin v24.4 (Yoast SEO v27.0) - https:\/\/yoast.com\/product\/yoast-seo-premium-wordpress\/ -->\n<title>Somatexx HGH Somatropin 100iu-2x50iu - (Espa\u00f1ol) Esteroides en l\u00ednea<\/title>\n<meta name=\"robots\" content=\"index, follow, max-snippet:-1, max-image-preview:large, max-video-preview:-1\" \/>\n<link rel=\"canonical\" href=\"https:\/\/iberoid.com\/fr\/product\/somatexx-hgh-somatropin-100iu-2x50iu\/\" \/>\n<meta property=\"og:locale\" content=\"fr_FR\" \/>\n<meta property=\"og:type\" content=\"article\" \/>\n<meta property=\"og:title\" content=\"Somatexx HGH Somatropin 100iu-2x50iu\" \/>\n<meta property=\"og:description\" content=\"L&rsquo;hormone de croissance (GH) ou somatotropine, \u00e9galement connue sous le nom d&rsquo;hormones de croissance humaines (hGH ou HGH) sous sa\" \/>\n<meta property=\"og:url\" content=\"https:\/\/iberoid.com\/fr\/product\/somatexx-hgh-somatropin-100iu-2x50iu\/\" \/>\n<meta property=\"og:site_name\" content=\"(Espa\u00f1ol) Esteroides en l\u00ednea\" \/>\n<meta property=\"article:modified_time\" content=\"2022-03-17T21:41:13+00:00\" \/>\n<meta property=\"og:image\" content=\"https:\/\/iberoid.com\/wp-content\/uploads\/2021\/12\/somatexx-1.jpg?v=1678119938\" \/>\n\t<meta property=\"og:image:width\" content=\"348\" \/>\n\t<meta property=\"og:image:height\" content=\"348\" \/>\n\t<meta property=\"og:image:type\" content=\"image\/jpeg\" \/>\n<meta name=\"twitter:card\" content=\"summary_large_image\" \/>\n<meta name=\"twitter:label1\" content=\"Prix\" \/>\n\t<meta name=\"twitter:data1\" content=\"&euro;130.00\" \/>\n\t<meta name=\"twitter:label2\" content=\"Disponibilit\u00e9\" \/>\n\t<meta name=\"twitter:data2\" content=\"Rupture de stock\" \/>\n<script type=\"application\/ld+json\" class=\"yoast-schema-graph\">{\"@context\":\"https:\/\/schema.org\",\"@graph\":[{\"@type\":\"WebPage\",\"@id\":\"https:\/\/iberoid.com\/fr\/product\/somatexx-hgh-somatropin-100iu-2x50iu\/\",\"url\":\"https:\/\/iberoid.com\/fr\/product\/somatexx-hgh-somatropin-100iu-2x50iu\/\",\"name\":\"Somatexx HGH Somatropin 100iu-2x50iu - (Espa\u00f1ol) Esteroides en l\u00ednea\",\"isPartOf\":{\"@id\":\"https:\/\/iberoid-shop.com\/#website\"},\"primaryImageOfPage\":{\"@id\":\"https:\/\/iberoid.com\/fr\/product\/somatexx-hgh-somatropin-100iu-2x50iu\/#primaryimage\"},\"image\":{\"@id\":\"https:\/\/iberoid.com\/fr\/product\/somatexx-hgh-somatropin-100iu-2x50iu\/#primaryimage\"},\"thumbnailUrl\":\"https:\/\/iberoid.com\/wp-content\/uploads\/2021\/12\/somatexx-1.jpg?v=1678119938\",\"datePublished\":\"2021-12-30T21:07:47+00:00\",\"dateModified\":\"2022-03-17T21:41:13+00:00\",\"breadcrumb\":{\"@id\":\"https:\/\/iberoid.com\/fr\/product\/somatexx-hgh-somatropin-100iu-2x50iu\/#breadcrumb\"},\"inLanguage\":\"fr-FR\",\"potentialAction\":[{\"@type\":\"ReadAction\",\"target\":[[\"https:\/\/iberoid.com\/fr\/product\/somatexx-hgh-somatropin-100iu-2x50iu\/\"]]}]},{\"@type\":\"ImageObject\",\"inLanguage\":\"fr-FR\",\"@id\":\"https:\/\/iberoid.com\/fr\/product\/somatexx-hgh-somatropin-100iu-2x50iu\/#primaryimage\",\"url\":\"https:\/\/iberoid.com\/wp-content\/uploads\/2021\/12\/somatexx-1.jpg?v=1678119938\",\"contentUrl\":\"https:\/\/iberoid.com\/wp-content\/uploads\/2021\/12\/somatexx-1.jpg?v=1678119938\",\"width\":348,\"height\":348},{\"@type\":\"BreadcrumbList\",\"@id\":\"https:\/\/iberoid.com\/fr\/product\/somatexx-hgh-somatropin-100iu-2x50iu\/#breadcrumb\",\"itemListElement\":[{\"@type\":\"ListItem\",\"position\":1,\"name\":\"Portada\",\"item\":\"https:\/\/iberoid.com\/fr\/\"},{\"@type\":\"ListItem\",\"position\":2,\"name\":\"Magasin\",\"item\":\"https:\/\/iberoid.com\/fr\/shop\/\"},{\"@type\":\"ListItem\",\"position\":3,\"name\":\"Somatexx HGH Somatropin 100iu-2x50iu\"}]},{\"@type\":\"WebSite\",\"@id\":\"https:\/\/iberoid-shop.com\/#website\",\"url\":\"https:\/\/iberoid-shop.com\/\",\"name\":\"(Espa\u00f1ol) Esteroides en l\u00ednea\",\"description\":\"(Espa\u00f1ol) Comprar esteroides en l\u00ednea hoy en Espa\u00f1a y Portugal. Tenemos el mejor servicio al cliente en la industria y los productos de la m\u00e1s alta calidad\",\"potentialAction\":[{\"@type\":\"SearchAction\",\"target\":{\"@type\":\"EntryPoint\",\"urlTemplate\":\"https:\/\/iberoid-shop.com\/?s={search_term_string}\"},\"query-input\":{\"@type\":\"PropertyValueSpecification\",\"valueRequired\":true,\"valueName\":\"search_term_string\"}}],\"inLanguage\":\"fr-FR\"}]}<\/script>\n<meta property=\"product:brand\" content=\"Somatexx\" \/>\n<meta property=\"product:price:amount\" content=\"130.00\" \/>\n<meta property=\"product:price:currency\" content=\"EUR\" \/>\n<meta property=\"og:availability\" content=\"out of stock\" \/>\n<meta property=\"product:availability\" content=\"out of stock\" \/>\n<meta property=\"product:condition\" content=\"new\" \/>\n<!-- \/ Yoast SEO Premium plugin. -->","yoast_head_json":{"title":"Somatexx HGH Somatropin 100iu-2x50iu - (Espa\u00f1ol) Esteroides en l\u00ednea","robots":{"index":"index","follow":"follow","max-snippet":"max-snippet:-1","max-image-preview":"max-image-preview:large","max-video-preview":"max-video-preview:-1"},"canonical":"https:\/\/iberoid.com\/fr\/product\/somatexx-hgh-somatropin-100iu-2x50iu\/","og_locale":"fr_FR","og_type":"article","og_title":"Somatexx HGH Somatropin 100iu-2x50iu","og_description":"L&rsquo;hormone de croissance (GH) ou somatotropine, \u00e9galement connue sous le nom d&rsquo;hormones de croissance humaines (hGH ou HGH) sous sa","og_url":"https:\/\/iberoid.com\/fr\/product\/somatexx-hgh-somatropin-100iu-2x50iu\/","og_site_name":"(Espa\u00f1ol) Esteroides en l\u00ednea","article_modified_time":"2022-03-17T21:41:13+00:00","og_image":[{"width":348,"height":348,"url":"https:\/\/iberoid.com\/wp-content\/uploads\/2021\/12\/somatexx-1.jpg?v=1678119938","type":"image\/jpeg"}],"twitter_card":"summary_large_image","twitter_misc":{"Prix":"&euro;130.00","Disponibilit\u00e9":"Rupture de stock"},"schema":{"@context":"https:\/\/schema.org","@graph":[{"@type":"WebPage","@id":"https:\/\/iberoid.com\/fr\/product\/somatexx-hgh-somatropin-100iu-2x50iu\/","url":"https:\/\/iberoid.com\/fr\/product\/somatexx-hgh-somatropin-100iu-2x50iu\/","name":"Somatexx HGH Somatropin 100iu-2x50iu - (Espa\u00f1ol) Esteroides en l\u00ednea","isPartOf":{"@id":"https:\/\/iberoid-shop.com\/#website"},"primaryImageOfPage":{"@id":"https:\/\/iberoid.com\/fr\/product\/somatexx-hgh-somatropin-100iu-2x50iu\/#primaryimage"},"image":{"@id":"https:\/\/iberoid.com\/fr\/product\/somatexx-hgh-somatropin-100iu-2x50iu\/#primaryimage"},"thumbnailUrl":"https:\/\/iberoid.com\/wp-content\/uploads\/2021\/12\/somatexx-1.jpg?v=1678119938","datePublished":"2021-12-30T21:07:47+00:00","dateModified":"2022-03-17T21:41:13+00:00","breadcrumb":{"@id":"https:\/\/iberoid.com\/fr\/product\/somatexx-hgh-somatropin-100iu-2x50iu\/#breadcrumb"},"inLanguage":"fr-FR","potentialAction":[{"@type":"ReadAction","target":[["https:\/\/iberoid.com\/fr\/product\/somatexx-hgh-somatropin-100iu-2x50iu\/"]]}]},{"@type":"ImageObject","inLanguage":"fr-FR","@id":"https:\/\/iberoid.com\/fr\/product\/somatexx-hgh-somatropin-100iu-2x50iu\/#primaryimage","url":"https:\/\/iberoid.com\/wp-content\/uploads\/2021\/12\/somatexx-1.jpg?v=1678119938","contentUrl":"https:\/\/iberoid.com\/wp-content\/uploads\/2021\/12\/somatexx-1.jpg?v=1678119938","width":348,"height":348},{"@type":"BreadcrumbList","@id":"https:\/\/iberoid.com\/fr\/product\/somatexx-hgh-somatropin-100iu-2x50iu\/#breadcrumb","itemListElement":[{"@type":"ListItem","position":1,"name":"Portada","item":"https:\/\/iberoid.com\/fr\/"},{"@type":"ListItem","position":2,"name":"Magasin","item":"https:\/\/iberoid.com\/fr\/shop\/"},{"@type":"ListItem","position":3,"name":"Somatexx HGH Somatropin 100iu-2x50iu"}]},{"@type":"WebSite","@id":"https:\/\/iberoid-shop.com\/#website","url":"https:\/\/iberoid-shop.com\/","name":"(Espa\u00f1ol) Esteroides en l\u00ednea","description":"(Espa\u00f1ol) Comprar esteroides en l\u00ednea hoy en Espa\u00f1a y Portugal. Tenemos el mejor servicio al cliente en la industria y los productos de la m\u00e1s alta calidad","potentialAction":[{"@type":"SearchAction","target":{"@type":"EntryPoint","urlTemplate":"https:\/\/iberoid-shop.com\/?s={search_term_string}"},"query-input":{"@type":"PropertyValueSpecification","valueRequired":true,"valueName":"search_term_string"}}],"inLanguage":"fr-FR"}]},"product_brand":"Somatexx","product_price_amount":"130.00","product_price_currency":"EUR","og_availability":"out of stock","product_availability":"out of stock","product_condition":"new"},"_links":{"self":[{"href":"https:\/\/iberoid.com\/fr\/wp-json\/wp\/v2\/product\/7106","targetHints":{"allow":["GET"]}}],"collection":[{"href":"https:\/\/iberoid.com\/fr\/wp-json\/wp\/v2\/product"}],"about":[{"href":"https:\/\/iberoid.com\/fr\/wp-json\/wp\/v2\/types\/product"}],"replies":[{"embeddable":true,"href":"https:\/\/iberoid.com\/fr\/wp-json\/wp\/v2\/comments?post=7106"}],"wp:featuredmedia":[{"embeddable":true,"href":"https:\/\/iberoid.com\/fr\/wp-json\/wp\/v2\/media\/7107"}],"wp:attachment":[{"href":"https:\/\/iberoid.com\/fr\/wp-json\/wp\/v2\/media?parent=7106"}],"wp:term":[{"taxonomy":"product_brand","embeddable":true,"href":"https:\/\/iberoid.com\/fr\/wp-json\/wp\/v2\/product_brand?post=7106"},{"taxonomy":"product_cat","embeddable":true,"href":"https:\/\/iberoid.com\/fr\/wp-json\/wp\/v2\/product_cat?post=7106"},{"taxonomy":"product_tag","embeddable":true,"href":"https:\/\/iberoid.com\/fr\/wp-json\/wp\/v2\/product_tag?post=7106"}],"curies":[{"name":"wp","href":"https:\/\/api.w.org\/{rel}","templated":true}]}}