{"id":7120,"date":"2022-01-04T12:44:43","date_gmt":"2022-01-04T12:44:43","guid":{"rendered":"https:\/\/iberoid.com\/?post_type=product&#038;p=7120"},"modified":"2026-03-19T12:24:51","modified_gmt":"2026-03-19T12:24:51","slug":"cenforce-200-mg-sidenafil-200-mg-1-blister-10-pastillas","status":"publish","type":"product","link":"https:\/\/iberoid.com\/fr\/product\/cenforce-200-mg-sidenafil-200-mg-1-blister-10-pastillas\/","title":{"rendered":"CENFORCE 200 MG &#8211; SIDENAFIL 200 MG &#8211; 1 BILISTER(10 PASTILLAS)"},"content":{"rendered":"<p>Comment prendre Cenforce 200 mg ?<br \/>\nLe m\u00e9dicament doit \u00eatre aval\u00e9 avec de l&rsquo;eau normale.<br \/>\nPrenez le m\u00e9dicament en quantit\u00e9s prescrites par les m\u00e9decins.<br \/>\nNe d\u00e9sint\u00e9grez pas les pilules en morceaux, avalez-les dans leur taille r\u00e9elle.<br \/>\nPrenez le m\u00e9dicament 30 \u00e0 40 minutes avant de commencer \u00e0 faire l&rsquo;amour.<br \/>\n\u00c9vitez de prendre le m\u00e9dicament si vous \u00eates d\u00e9j\u00e0 sous la direction de certains autres m\u00e9dicaments.<br \/>\n\u2013\u00a0\u00a0\u00a0\u00a0\u00a0\u00a0\u00a0\u00a0\u00a0 Combien de temps Cenforce 200\u00a0Mg doit-il \u00eatre poursuivi\u00a0?<\/p>\n<p>Le m\u00e9dicament doit non seulement \u00eatre pris mais suivi strictement jusqu&rsquo;\u00e0 ce qu&rsquo;il soit mentionn\u00e9 dans la prescription. Le raccourcissement ou la prolongation de la p\u00e9riode doit \u00eatre r\u00e9dig\u00e9 par le m\u00e9decin.<\/p>\n<p>Comment Cenforce 200 Mg gu\u00e9rit la dysfonction \u00e9rectile ?<br \/>\nDerri\u00e8re l&rsquo;\u00e9rection ou la non-\u00e9rection du p\u00e9nis, tout un processus est ex\u00e9cut\u00e9.<br \/>\nL&rsquo;\u00e9rection du p\u00e9nis est le flux de sang dans le p\u00e9nis pendant l&rsquo;excitation.<br \/>\nSi le p\u00e9nis re\u00e7oit un bon approvisionnement en sang, le p\u00e9nis deviendrait dur et \u00e9rig\u00e9 ou bien, peu importe \u00e0 quel point vous \u00eates excit\u00e9, le p\u00e9nis reste l\u00e2che. Cette situation s&rsquo;appelle la dysfonction \u00e9rectile.<br \/>\nLorsque Cenforce 200\u00a0mg ou plus pr\u00e9cis\u00e9ment\u00a0le citrate de sild\u00e9nafil\u00a0se dissout dans le sang, il soulage les tissus de la r\u00e9gion du p\u00e9nis et les parois des vaisseaux sanguins du p\u00e9nis.<br \/>\nDans l&rsquo;ensemble, une situation se produit o\u00f9 le sang ne fait face \u00e0 aucune obstruction pour atteindre le p\u00e9nis.<br \/>\nEt avec tout cela\u00a0PDE5\u00a0(la phosphodiest\u00e9rase de type 5 est rendue non fonctionnelle. Habituellement, la PDE5 ralentit l&rsquo;\u00e9rection en laissant le sang sortir du p\u00e9nis, c&rsquo;est un processus normal apr\u00e8s l&rsquo;\u00e9jaculation.<br \/>\nMaintenant, lorsque les niveaux de PDE5 sont inf\u00e9rieurs aux situations normales. Cette fois, le p\u00e9nis devient non seulement en \u00e9rection mais reste \u00e9galement en \u00e9rection pendant 3 \u00e0 4 heures.<\/p>","protected":false},"excerpt":{"rendered":"<p>Comment prendre Cenforce 200 mg ? Le m\u00e9dicament doit \u00eatre aval\u00e9 avec de l&rsquo;eau normale. Prenez le m\u00e9dicament en quantit\u00e9s<\/p>\n","protected":false},"featured_media":7121,"comment_status":"open","ping_status":"closed","template":"","meta":[],"product_brand":[],"product_cat":[73,3412],"product_tag":[3465],"class_list":{"0":"post-7120","1":"product","2":"type-product","3":"status-publish","4":"has-post-thumbnail","6":"product_cat-ssteroides_orales","7":"product_cat-varios","8":"product_tag-cenforce-200-mg-sidenafil-200-mg-1-blister-10-pastillas","10":"first","11":"instock","12":"sale","13":"shipping-taxable","14":"purchasable","15":"product-type-simple"},"yoast_head":"<!-- This site is optimized with the Yoast SEO Premium plugin v24.4 (Yoast SEO v27.0) - https:\/\/yoast.com\/product\/yoast-seo-premium-wordpress\/ -->\n<title>CENFORCE 200 MG - SIDENAFIL 200 MG - 1 BILISTER(10 PASTILLAS) - (Espa\u00f1ol) Esteroides en l\u00ednea<\/title>\n<meta name=\"description\" content=\"Les comprim\u00e9s Cenforce 100 mg aident \u00e0 traiter la dysfonction \u00e9rectile en am\u00e9liorant le flux sanguin et en maintenant des \u00e9rections fortes pendant des heures.\" \/>\n<meta name=\"robots\" content=\"index, follow, max-snippet:-1, max-image-preview:large, max-video-preview:-1\" \/>\n<link rel=\"canonical\" href=\"https:\/\/iberoid.com\/fr\/product\/cenforce-200-mg-sidenafil-200-mg-1-blister-10-pastillas\/\" \/>\n<meta property=\"og:locale\" content=\"fr_FR\" \/>\n<meta property=\"og:type\" content=\"article\" \/>\n<meta property=\"og:title\" content=\"CENFORCE 200 MG - SIDENAFIL 200 MG - 1 BILISTER(10 PASTILLAS)\" \/>\n<meta property=\"og:description\" content=\"Les comprim\u00e9s Cenforce 100 mg aident \u00e0 traiter la dysfonction \u00e9rectile en am\u00e9liorant le flux sanguin et en maintenant des \u00e9rections fortes pendant des heures.\" \/>\n<meta property=\"og:url\" content=\"https:\/\/iberoid.com\/fr\/product\/cenforce-200-mg-sidenafil-200-mg-1-blister-10-pastillas\/\" \/>\n<meta property=\"og:site_name\" content=\"(Espa\u00f1ol) Esteroides en l\u00ednea\" \/>\n<meta property=\"article:modified_time\" content=\"2026-03-19T12:24:51+00:00\" \/>\n<meta property=\"og:image\" content=\"https:\/\/iberoid.com\/wp-content\/uploads\/2022\/01\/cen-1-scaled.jpg?v=1699330985\" \/>\n\t<meta property=\"og:image:width\" content=\"2280\" \/>\n\t<meta property=\"og:image:height\" content=\"2560\" \/>\n\t<meta property=\"og:image:type\" content=\"image\/jpeg\" \/>\n<meta name=\"twitter:card\" content=\"summary_large_image\" \/>\n<meta name=\"twitter:label1\" content=\"Prix\" \/>\n\t<meta name=\"twitter:data1\" content=\"&euro;20.00\" \/>\n\t<meta name=\"twitter:label2\" content=\"Disponibilit\u00e9\" \/>\n\t<meta name=\"twitter:data2\" content=\"En stock\" \/>\n<script type=\"application\/ld+json\" class=\"yoast-schema-graph\">{\"@context\":\"https:\/\/schema.org\",\"@graph\":[{\"@type\":\"WebPage\",\"@id\":\"https:\/\/iberoid.com\/fr\/product\/cenforce-200-mg-sidenafil-200-mg-1-blister-10-pastillas\/\",\"url\":\"https:\/\/iberoid.com\/fr\/product\/cenforce-200-mg-sidenafil-200-mg-1-blister-10-pastillas\/\",\"name\":\"CENFORCE 200 MG - SIDENAFIL 200 MG - 1 BILISTER(10 PASTILLAS) - (Espa\u00f1ol) Esteroides en l\u00ednea\",\"isPartOf\":{\"@id\":\"https:\/\/iberoid.com\/fr\/#website\"},\"primaryImageOfPage\":{\"@id\":\"https:\/\/iberoid.com\/fr\/product\/cenforce-200-mg-sidenafil-200-mg-1-blister-10-pastillas\/#primaryimage\"},\"image\":{\"@id\":\"https:\/\/iberoid.com\/fr\/product\/cenforce-200-mg-sidenafil-200-mg-1-blister-10-pastillas\/#primaryimage\"},\"thumbnailUrl\":\"https:\/\/iberoid.com\/wp-content\/uploads\/2022\/01\/cen-1-scaled.jpg?v=1699330985\",\"datePublished\":\"2022-01-04T12:44:43+00:00\",\"dateModified\":\"2026-03-19T12:24:51+00:00\",\"description\":\"Les comprim\u00e9s Cenforce 100 mg aident \u00e0 traiter la dysfonction \u00e9rectile en am\u00e9liorant le flux sanguin et en maintenant des \u00e9rections fortes pendant des heures.\",\"breadcrumb\":{\"@id\":\"https:\/\/iberoid.com\/fr\/product\/cenforce-200-mg-sidenafil-200-mg-1-blister-10-pastillas\/#breadcrumb\"},\"inLanguage\":\"fr-FR\",\"potentialAction\":[{\"@type\":\"ReadAction\",\"target\":[[\"https:\/\/iberoid.com\/fr\/product\/cenforce-200-mg-sidenafil-200-mg-1-blister-10-pastillas\/\"]]}]},{\"@type\":\"ImageObject\",\"inLanguage\":\"fr-FR\",\"@id\":\"https:\/\/iberoid.com\/fr\/product\/cenforce-200-mg-sidenafil-200-mg-1-blister-10-pastillas\/#primaryimage\",\"url\":\"https:\/\/iberoid.com\/wp-content\/uploads\/2022\/01\/cen-1-scaled.jpg?v=1699330985\",\"contentUrl\":\"https:\/\/iberoid.com\/wp-content\/uploads\/2022\/01\/cen-1-scaled.jpg?v=1699330985\",\"width\":2280,\"height\":2560},{\"@type\":\"BreadcrumbList\",\"@id\":\"https:\/\/iberoid.com\/fr\/product\/cenforce-200-mg-sidenafil-200-mg-1-blister-10-pastillas\/#breadcrumb\",\"itemListElement\":[{\"@type\":\"ListItem\",\"position\":1,\"name\":\"Portada\",\"item\":\"https:\/\/iberoid.com\/fr\/\"},{\"@type\":\"ListItem\",\"position\":2,\"name\":\"Magasin\",\"item\":\"https:\/\/iberoid.com\/fr\/shop\/\"},{\"@type\":\"ListItem\",\"position\":3,\"name\":\"CENFORCE 200 MG &#8211; SIDENAFIL 200 MG &#8211; 1 BILISTER(10 PASTILLAS)\"}]},{\"@type\":\"WebSite\",\"@id\":\"https:\/\/iberoid.com\/fr\/#website\",\"url\":\"https:\/\/iberoid.com\/fr\/\",\"name\":\"(Espa\u00f1ol) Esteroides en l\u00ednea\",\"description\":\"(Espa\u00f1ol) Comprar esteroides en l\u00ednea hoy en Espa\u00f1a y Portugal. Tenemos el mejor servicio al cliente en la industria y los productos de la m\u00e1s alta calidad\",\"potentialAction\":[{\"@type\":\"SearchAction\",\"target\":{\"@type\":\"EntryPoint\",\"urlTemplate\":\"https:\/\/iberoid.com\/fr\/?s={search_term_string}\"},\"query-input\":{\"@type\":\"PropertyValueSpecification\",\"valueRequired\":true,\"valueName\":\"search_term_string\"}}],\"inLanguage\":\"fr-FR\"}]}<\/script>\n<meta property=\"product:brand\" content=\"Cenforce\" \/>\n<meta property=\"product:price:amount\" content=\"20.00\" \/>\n<meta property=\"product:price:currency\" content=\"EUR\" \/>\n<meta property=\"og:availability\" content=\"instock\" \/>\n<meta property=\"product:availability\" content=\"instock\" \/>\n<meta property=\"product:condition\" content=\"new\" \/>\n<!-- \/ Yoast SEO Premium plugin. -->","yoast_head_json":{"title":"CENFORCE 200 MG - SIDENAFIL 200 MG - 1 BILISTER(10 PASTILLAS) - (Espa\u00f1ol) Esteroides en l\u00ednea","description":"Les comprim\u00e9s Cenforce 100 mg aident \u00e0 traiter la dysfonction \u00e9rectile en am\u00e9liorant le flux sanguin et en maintenant des \u00e9rections fortes pendant des heures.","robots":{"index":"index","follow":"follow","max-snippet":"max-snippet:-1","max-image-preview":"max-image-preview:large","max-video-preview":"max-video-preview:-1"},"canonical":"https:\/\/iberoid.com\/fr\/product\/cenforce-200-mg-sidenafil-200-mg-1-blister-10-pastillas\/","og_locale":"fr_FR","og_type":"article","og_title":"CENFORCE 200 MG - SIDENAFIL 200 MG - 1 BILISTER(10 PASTILLAS)","og_description":"Les comprim\u00e9s Cenforce 100 mg aident \u00e0 traiter la dysfonction \u00e9rectile en am\u00e9liorant le flux sanguin et en maintenant des \u00e9rections fortes pendant des heures.","og_url":"https:\/\/iberoid.com\/fr\/product\/cenforce-200-mg-sidenafil-200-mg-1-blister-10-pastillas\/","og_site_name":"(Espa\u00f1ol) Esteroides en l\u00ednea","article_modified_time":"2026-03-19T12:24:51+00:00","og_image":[{"width":2280,"height":2560,"url":"https:\/\/iberoid.com\/wp-content\/uploads\/2022\/01\/cen-1-scaled.jpg?v=1699330985","type":"image\/jpeg"}],"twitter_card":"summary_large_image","twitter_misc":{"Prix":"&euro;20.00","Disponibilit\u00e9":"En stock"},"schema":{"@context":"https:\/\/schema.org","@graph":[{"@type":"WebPage","@id":"https:\/\/iberoid.com\/fr\/product\/cenforce-200-mg-sidenafil-200-mg-1-blister-10-pastillas\/","url":"https:\/\/iberoid.com\/fr\/product\/cenforce-200-mg-sidenafil-200-mg-1-blister-10-pastillas\/","name":"CENFORCE 200 MG - SIDENAFIL 200 MG - 1 BILISTER(10 PASTILLAS) - (Espa\u00f1ol) Esteroides en l\u00ednea","isPartOf":{"@id":"https:\/\/iberoid.com\/fr\/#website"},"primaryImageOfPage":{"@id":"https:\/\/iberoid.com\/fr\/product\/cenforce-200-mg-sidenafil-200-mg-1-blister-10-pastillas\/#primaryimage"},"image":{"@id":"https:\/\/iberoid.com\/fr\/product\/cenforce-200-mg-sidenafil-200-mg-1-blister-10-pastillas\/#primaryimage"},"thumbnailUrl":"https:\/\/iberoid.com\/wp-content\/uploads\/2022\/01\/cen-1-scaled.jpg?v=1699330985","datePublished":"2022-01-04T12:44:43+00:00","dateModified":"2026-03-19T12:24:51+00:00","description":"Les comprim\u00e9s Cenforce 100 mg aident \u00e0 traiter la dysfonction \u00e9rectile en am\u00e9liorant le flux sanguin et en maintenant des \u00e9rections fortes pendant des heures.","breadcrumb":{"@id":"https:\/\/iberoid.com\/fr\/product\/cenforce-200-mg-sidenafil-200-mg-1-blister-10-pastillas\/#breadcrumb"},"inLanguage":"fr-FR","potentialAction":[{"@type":"ReadAction","target":[["https:\/\/iberoid.com\/fr\/product\/cenforce-200-mg-sidenafil-200-mg-1-blister-10-pastillas\/"]]}]},{"@type":"ImageObject","inLanguage":"fr-FR","@id":"https:\/\/iberoid.com\/fr\/product\/cenforce-200-mg-sidenafil-200-mg-1-blister-10-pastillas\/#primaryimage","url":"https:\/\/iberoid.com\/wp-content\/uploads\/2022\/01\/cen-1-scaled.jpg?v=1699330985","contentUrl":"https:\/\/iberoid.com\/wp-content\/uploads\/2022\/01\/cen-1-scaled.jpg?v=1699330985","width":2280,"height":2560},{"@type":"BreadcrumbList","@id":"https:\/\/iberoid.com\/fr\/product\/cenforce-200-mg-sidenafil-200-mg-1-blister-10-pastillas\/#breadcrumb","itemListElement":[{"@type":"ListItem","position":1,"name":"Portada","item":"https:\/\/iberoid.com\/fr\/"},{"@type":"ListItem","position":2,"name":"Magasin","item":"https:\/\/iberoid.com\/fr\/shop\/"},{"@type":"ListItem","position":3,"name":"CENFORCE 200 MG &#8211; SIDENAFIL 200 MG &#8211; 1 BILISTER(10 PASTILLAS)"}]},{"@type":"WebSite","@id":"https:\/\/iberoid.com\/fr\/#website","url":"https:\/\/iberoid.com\/fr\/","name":"(Espa\u00f1ol) Esteroides en l\u00ednea","description":"(Espa\u00f1ol) Comprar esteroides en l\u00ednea hoy en Espa\u00f1a y Portugal. Tenemos el mejor servicio al cliente en la industria y los productos de la m\u00e1s alta calidad","potentialAction":[{"@type":"SearchAction","target":{"@type":"EntryPoint","urlTemplate":"https:\/\/iberoid.com\/fr\/?s={search_term_string}"},"query-input":{"@type":"PropertyValueSpecification","valueRequired":true,"valueName":"search_term_string"}}],"inLanguage":"fr-FR"}]},"product_brand":"Cenforce","product_price_amount":"20.00","product_price_currency":"EUR","og_availability":"instock","product_availability":"instock","product_condition":"new"},"_links":{"self":[{"href":"https:\/\/iberoid.com\/fr\/wp-json\/wp\/v2\/product\/7120","targetHints":{"allow":["GET"]}}],"collection":[{"href":"https:\/\/iberoid.com\/fr\/wp-json\/wp\/v2\/product"}],"about":[{"href":"https:\/\/iberoid.com\/fr\/wp-json\/wp\/v2\/types\/product"}],"replies":[{"embeddable":true,"href":"https:\/\/iberoid.com\/fr\/wp-json\/wp\/v2\/comments?post=7120"}],"wp:featuredmedia":[{"embeddable":true,"href":"https:\/\/iberoid.com\/fr\/wp-json\/wp\/v2\/media\/7121"}],"wp:attachment":[{"href":"https:\/\/iberoid.com\/fr\/wp-json\/wp\/v2\/media?parent=7120"}],"wp:term":[{"taxonomy":"product_brand","embeddable":true,"href":"https:\/\/iberoid.com\/fr\/wp-json\/wp\/v2\/product_brand?post=7120"},{"taxonomy":"product_cat","embeddable":true,"href":"https:\/\/iberoid.com\/fr\/wp-json\/wp\/v2\/product_cat?post=7120"},{"taxonomy":"product_tag","embeddable":true,"href":"https:\/\/iberoid.com\/fr\/wp-json\/wp\/v2\/product_tag?post=7120"}],"curies":[{"name":"wp","href":"https:\/\/api.w.org\/{rel}","templated":true}]}}