{"id":7124,"date":"2022-01-04T12:54:47","date_gmt":"2022-01-04T12:54:47","guid":{"rendered":"https:\/\/iberoid.com\/?post_type=product&#038;p=7124"},"modified":"2025-12-08T08:57:15","modified_gmt":"2025-12-08T08:57:15","slug":"pack-5-blisters-cenforce-200-mg-sidenafil-200mg","status":"publish","type":"product","link":"https:\/\/iberoid.com\/fr\/product\/pack-5-blisters-cenforce-200-mg-sidenafil-200mg\/","title":{"rendered":"PACK 5 BLISTERS CENFORCE 200 MG &#8211; SIDENAFIL 200MG"},"content":{"rendered":"<p>Cenforce 200 comprim\u00e9s ce m\u00e9dicament am\u00e9liore la dysfonction \u00e9rectile chez les hommes. C&rsquo;est collectivement l&rsquo;un des nombreux m\u00e9dicaments ED r\u00e9guliers produits jusqu&rsquo;\u00e0 pr\u00e9sent. La m\u00e9thode est d\u00e9crite comme un conseil, en particulier pour le patient souffrant de troubles de la dysfonction \u00e9rectile et estime qu&rsquo;il est difficile de maintenir une \u00e9rection dure malgr\u00e9 la br\u00fblure caus\u00e9e par de nombreux dysfonctionnements \u00e9rectiles. Vous pouvez obtenir\u00a0Cenforce 200\u00a0mg en ligne en utilisant une carte de paiement\/un relev\u00e9 PayPal. Les comprim\u00e9s sont disponibles au supermarch\u00e9 avec diff\u00e9rentes forces et attributs.<\/p>\n<p>La dysfonction \u00e9rectile est \u00e9galement caus\u00e9e par des troubles graves tels que le diab\u00e8te, l&rsquo;hypertension ou l&rsquo;hypotension art\u00e9rielle, l&rsquo;an\u00e9mie falciforme, les probl\u00e8mes cardiaques et plusieurs autres. Certains m\u00e9dicaments peuvent \u00eatre utilis\u00e9s pour le traitement de la dysfonction \u00e9rectile chez les hommes. Cenforce 200 est l&rsquo;un des rem\u00e8des tr\u00e8s efficaces qui aident \u00e0 arr\u00eater l&rsquo;impuissance chez les hommes.<\/p>\n<p>Comment Cenforce 200 fonctionne?<\/p>\n<p>Cenforce 200, form\u00e9 d&rsquo;un ingr\u00e9dient citrate de sild\u00e9nafil, fait r\u00e9f\u00e9rence \u00e0 une classe de m\u00e9dicaments appel\u00e9s inhibiteurs de la phosphodiest\u00e9rase. L&rsquo;\u00e9rection du p\u00e9nis chez les hommes se produit lorsque le flux sanguin vers le p\u00e9nis am\u00e9liore les veines sanguines et que le volume de sang \u00e9loign\u00e9 du p\u00e9nis diminue.<\/p>\n<p>Les m\u00e9dicaments populaires agissent en inhibant une enzyme identifi\u00e9e comme (PDE5) phosphodiest\u00e9rase-5, arr\u00eatant efficacement le cGMP. Les m\u00e9dicaments aident \u00e0 arr\u00eater la perte de cGMP et permettent au cGMP de cro\u00eetre et de continuer \u00e0 augmenter\u00a0; plus cGMP continue\u00a0; plus l&rsquo;\u00e9rection du p\u00e9nis est longue.<\/p>\n<p>Comment utilisez-vous Cenforce 200mg?<\/p>\n<p>Cenforce 200 appartient \u00e0 la classe des inhibiteurs de la phosphodiest\u00e9rase (PDE5). Il contr\u00f4le la dysfonction \u00e9rectile en am\u00e9liorant le flux sanguin vers le p\u00e9nis pendant l&rsquo;activit\u00e9 sexuelle.<\/p>\n<p>Ce flux sanguin \u00e9lev\u00e9 peut provoquer une \u00e9rection. Le citrate de sild\u00e9nafil traite (HAP) l&rsquo;hypertension art\u00e9rielle pulmonaire en r\u00e9duisant les vaisseaux sanguins dans l&rsquo;organe pour fournir un flux sanguin r\u00e9gulier. Si vous prenez des pilules Cenforce 200 Black pour traiter l&rsquo;impuissance masculine, sachez qu&rsquo;elles ne gu\u00e9rissent pas l&rsquo;impuissance masculine ou la dysfonction \u00e9rectile.<\/p>\n<p>Comment prendre Cenforce 200 pilules ?<\/p>\n<p>Prenez ce comprim\u00e9 \u00e0 la dose et \u00e0 la dur\u00e9e prescrites par votre m\u00e9decin. Consommez-le dans son ensemble. Ne le m\u00e2chez pas, ne le cassez pas et ne l&rsquo;\u00e9crasez pas. Cenforce 200 Tablet doit \u00eatre pris avec de la nourriture.<\/p>\n<p>Combien de temps dure le Cenforce 200 ?<\/p>\n<p>Naturellement, vous avez rencontr\u00e9 certains des moments furieux sur le lit apr\u00e8s avoir pris Cenforce 200, mais vous n&rsquo;avez pas besoin que votre romance orgasmique dure \u00e9ternellement.<\/p>\n<p>Comme un autre m\u00e9dicament, il diminuera \u00e9galement apr\u00e8s un volume de temps d\u00e9fini. Et ce temps est g\u00e9n\u00e9ralement de 6 \u00e0 8 heures.<\/p>","protected":false},"excerpt":{"rendered":"<p>Cenforce 200 comprim\u00e9s ce m\u00e9dicament am\u00e9liore la dysfonction \u00e9rectile chez les hommes. C&rsquo;est collectivement l&rsquo;un des nombreux m\u00e9dicaments ED r\u00e9guliers<\/p>\n","protected":false},"featured_media":7125,"comment_status":"open","ping_status":"closed","template":"","meta":[],"product_brand":[],"product_cat":[73,3474],"product_tag":[3496],"class_list":{"0":"post-7124","1":"product","2":"type-product","3":"status-publish","4":"has-post-thumbnail","6":"product_cat-ssteroides_orales","7":"product_cat-packs","8":"product_tag-sidenafil-200-mg-pack-5-blisters-x-10-pastillas","10":"first","11":"instock","12":"sale","13":"shipping-taxable","14":"purchasable","15":"product-type-simple"},"yoast_head":"<!-- This site is optimized with the Yoast SEO Premium plugin v24.4 (Yoast SEO v27.0) - https:\/\/yoast.com\/product\/yoast-seo-premium-wordpress\/ -->\n<title>PACK 5 BLISTERS CENFORCE 200 MG - SIDENAFIL 200MG - (Espa\u00f1ol) Esteroides en l\u00ednea<\/title>\n<meta name=\"description\" content=\"Cenforce 200 (Citrate de Sild\u00e9nafil) traite la dysfonction \u00e9rectile masculine en augmentant le flux sanguin vers le p\u00e9nis, d&#039;une dur\u00e9e de 6 \u00e0 8 heures.\" \/>\n<meta name=\"robots\" content=\"index, follow, max-snippet:-1, max-image-preview:large, max-video-preview:-1\" \/>\n<link rel=\"canonical\" href=\"https:\/\/iberoid.com\/fr\/product\/pack-5-blisters-cenforce-200-mg-sidenafil-200mg\/\" \/>\n<meta property=\"og:locale\" content=\"fr_FR\" \/>\n<meta property=\"og:type\" content=\"article\" \/>\n<meta property=\"og:title\" content=\"PACK 5 BLISTERS CENFORCE 200 MG - SIDENAFIL 200MG\" \/>\n<meta property=\"og:description\" content=\"Cenforce 200 (Citrate de Sild\u00e9nafil) traite la dysfonction \u00e9rectile masculine en augmentant le flux sanguin vers le p\u00e9nis, d&#039;une dur\u00e9e de 6 \u00e0 8 heures.\" \/>\n<meta property=\"og:url\" content=\"https:\/\/iberoid.com\/fr\/product\/pack-5-blisters-cenforce-200-mg-sidenafil-200mg\/\" \/>\n<meta property=\"og:site_name\" content=\"(Espa\u00f1ol) Esteroides en l\u00ednea\" \/>\n<meta property=\"article:modified_time\" content=\"2025-12-08T08:57:15+00:00\" \/>\n<meta property=\"og:image\" content=\"https:\/\/iberoid.com\/wp-content\/uploads\/2022\/01\/cen2-scaled-1024x723.jpg\" \/>\n\t<meta property=\"og:image:width\" content=\"1024\" \/>\n\t<meta property=\"og:image:height\" content=\"723\" \/>\n\t<meta property=\"og:image:type\" content=\"image\/jpeg\" \/>\n<meta name=\"twitter:card\" content=\"summary_large_image\" \/>\n<meta name=\"twitter:label1\" content=\"Prix\" \/>\n\t<meta name=\"twitter:data1\" content=\"&euro;60.00\" \/>\n\t<meta name=\"twitter:label2\" content=\"Disponibilit\u00e9\" \/>\n\t<meta name=\"twitter:data2\" content=\"En stock\" \/>\n<script type=\"application\/ld+json\" class=\"yoast-schema-graph\">{\"@context\":\"https:\/\/schema.org\",\"@graph\":[{\"@type\":\"WebPage\",\"@id\":\"https:\/\/iberoid.com\/fr\/product\/pack-5-blisters-cenforce-200-mg-sidenafil-200mg\/\",\"url\":\"https:\/\/iberoid.com\/fr\/product\/pack-5-blisters-cenforce-200-mg-sidenafil-200mg\/\",\"name\":\"PACK 5 BLISTERS CENFORCE 200 MG - SIDENAFIL 200MG - (Espa\u00f1ol) Esteroides en l\u00ednea\",\"isPartOf\":{\"@id\":\"https:\/\/iberoid.com\/fr\/#website\"},\"primaryImageOfPage\":{\"@id\":\"https:\/\/iberoid.com\/fr\/product\/pack-5-blisters-cenforce-200-mg-sidenafil-200mg\/#primaryimage\"},\"image\":{\"@id\":\"https:\/\/iberoid.com\/fr\/product\/pack-5-blisters-cenforce-200-mg-sidenafil-200mg\/#primaryimage\"},\"thumbnailUrl\":\"https:\/\/iberoid.com\/wp-content\/uploads\/2022\/01\/cen2-scaled.jpg?v=1708468427\",\"datePublished\":\"2022-01-04T12:54:47+00:00\",\"dateModified\":\"2025-12-08T08:57:15+00:00\",\"description\":\"Cenforce 200 (Citrate de Sild\u00e9nafil) traite la dysfonction \u00e9rectile masculine en augmentant le flux sanguin vers le p\u00e9nis, d'une dur\u00e9e de 6 \u00e0 8 heures.\",\"breadcrumb\":{\"@id\":\"https:\/\/iberoid.com\/fr\/product\/pack-5-blisters-cenforce-200-mg-sidenafil-200mg\/#breadcrumb\"},\"inLanguage\":\"fr-FR\",\"potentialAction\":[{\"@type\":\"ReadAction\",\"target\":[[\"https:\/\/iberoid.com\/fr\/product\/pack-5-blisters-cenforce-200-mg-sidenafil-200mg\/\"]]}]},{\"@type\":\"ImageObject\",\"inLanguage\":\"fr-FR\",\"@id\":\"https:\/\/iberoid.com\/fr\/product\/pack-5-blisters-cenforce-200-mg-sidenafil-200mg\/#primaryimage\",\"url\":\"https:\/\/iberoid.com\/wp-content\/uploads\/2022\/01\/cen2-scaled.jpg?v=1708468427\",\"contentUrl\":\"https:\/\/iberoid.com\/wp-content\/uploads\/2022\/01\/cen2-scaled.jpg?v=1708468427\",\"width\":2560,\"height\":1808},{\"@type\":\"BreadcrumbList\",\"@id\":\"https:\/\/iberoid.com\/fr\/product\/pack-5-blisters-cenforce-200-mg-sidenafil-200mg\/#breadcrumb\",\"itemListElement\":[{\"@type\":\"ListItem\",\"position\":1,\"name\":\"Portada\",\"item\":\"https:\/\/iberoid.com\/fr\/\"},{\"@type\":\"ListItem\",\"position\":2,\"name\":\"Magasin\",\"item\":\"https:\/\/iberoid.com\/fr\/shop\/\"},{\"@type\":\"ListItem\",\"position\":3,\"name\":\"PACK 5 BLISTERS CENFORCE 200 MG &#8211; SIDENAFIL 200MG\"}]},{\"@type\":\"WebSite\",\"@id\":\"https:\/\/iberoid.com\/fr\/#website\",\"url\":\"https:\/\/iberoid.com\/fr\/\",\"name\":\"(Espa\u00f1ol) Esteroides en l\u00ednea\",\"description\":\"(Espa\u00f1ol) Comprar esteroides en l\u00ednea hoy en Espa\u00f1a y Portugal. Tenemos el mejor servicio al cliente en la industria y los productos de la m\u00e1s alta calidad\",\"potentialAction\":[{\"@type\":\"SearchAction\",\"target\":{\"@type\":\"EntryPoint\",\"urlTemplate\":\"https:\/\/iberoid.com\/fr\/?s={search_term_string}\"},\"query-input\":{\"@type\":\"PropertyValueSpecification\",\"valueRequired\":true,\"valueName\":\"search_term_string\"}}],\"inLanguage\":\"fr-FR\"}]}<\/script>\n<meta property=\"product:brand\" content=\"Cenforce\" \/>\n<meta property=\"product:price:amount\" content=\"60.00\" \/>\n<meta property=\"product:price:currency\" content=\"EUR\" \/>\n<meta property=\"og:availability\" content=\"instock\" \/>\n<meta property=\"product:availability\" content=\"instock\" \/>\n<meta property=\"product:condition\" content=\"new\" \/>\n<!-- \/ Yoast SEO Premium plugin. -->","yoast_head_json":{"title":"PACK 5 BLISTERS CENFORCE 200 MG - SIDENAFIL 200MG - (Espa\u00f1ol) Esteroides en l\u00ednea","description":"Cenforce 200 (Citrate de Sild\u00e9nafil) traite la dysfonction \u00e9rectile masculine en augmentant le flux sanguin vers le p\u00e9nis, d'une dur\u00e9e de 6 \u00e0 8 heures.","robots":{"index":"index","follow":"follow","max-snippet":"max-snippet:-1","max-image-preview":"max-image-preview:large","max-video-preview":"max-video-preview:-1"},"canonical":"https:\/\/iberoid.com\/fr\/product\/pack-5-blisters-cenforce-200-mg-sidenafil-200mg\/","og_locale":"fr_FR","og_type":"article","og_title":"PACK 5 BLISTERS CENFORCE 200 MG - SIDENAFIL 200MG","og_description":"Cenforce 200 (Citrate de Sild\u00e9nafil) traite la dysfonction \u00e9rectile masculine en augmentant le flux sanguin vers le p\u00e9nis, d'une dur\u00e9e de 6 \u00e0 8 heures.","og_url":"https:\/\/iberoid.com\/fr\/product\/pack-5-blisters-cenforce-200-mg-sidenafil-200mg\/","og_site_name":"(Espa\u00f1ol) Esteroides en l\u00ednea","article_modified_time":"2025-12-08T08:57:15+00:00","og_image":[{"width":1024,"height":723,"url":"https:\/\/iberoid.com\/wp-content\/uploads\/2022\/01\/cen2-scaled-1024x723.jpg","type":"image\/jpeg"}],"twitter_card":"summary_large_image","twitter_misc":{"Prix":"&euro;60.00","Disponibilit\u00e9":"En stock"},"schema":{"@context":"https:\/\/schema.org","@graph":[{"@type":"WebPage","@id":"https:\/\/iberoid.com\/fr\/product\/pack-5-blisters-cenforce-200-mg-sidenafil-200mg\/","url":"https:\/\/iberoid.com\/fr\/product\/pack-5-blisters-cenforce-200-mg-sidenafil-200mg\/","name":"PACK 5 BLISTERS CENFORCE 200 MG - SIDENAFIL 200MG - (Espa\u00f1ol) Esteroides en l\u00ednea","isPartOf":{"@id":"https:\/\/iberoid.com\/fr\/#website"},"primaryImageOfPage":{"@id":"https:\/\/iberoid.com\/fr\/product\/pack-5-blisters-cenforce-200-mg-sidenafil-200mg\/#primaryimage"},"image":{"@id":"https:\/\/iberoid.com\/fr\/product\/pack-5-blisters-cenforce-200-mg-sidenafil-200mg\/#primaryimage"},"thumbnailUrl":"https:\/\/iberoid.com\/wp-content\/uploads\/2022\/01\/cen2-scaled.jpg?v=1708468427","datePublished":"2022-01-04T12:54:47+00:00","dateModified":"2025-12-08T08:57:15+00:00","description":"Cenforce 200 (Citrate de Sild\u00e9nafil) traite la dysfonction \u00e9rectile masculine en augmentant le flux sanguin vers le p\u00e9nis, d'une dur\u00e9e de 6 \u00e0 8 heures.","breadcrumb":{"@id":"https:\/\/iberoid.com\/fr\/product\/pack-5-blisters-cenforce-200-mg-sidenafil-200mg\/#breadcrumb"},"inLanguage":"fr-FR","potentialAction":[{"@type":"ReadAction","target":[["https:\/\/iberoid.com\/fr\/product\/pack-5-blisters-cenforce-200-mg-sidenafil-200mg\/"]]}]},{"@type":"ImageObject","inLanguage":"fr-FR","@id":"https:\/\/iberoid.com\/fr\/product\/pack-5-blisters-cenforce-200-mg-sidenafil-200mg\/#primaryimage","url":"https:\/\/iberoid.com\/wp-content\/uploads\/2022\/01\/cen2-scaled.jpg?v=1708468427","contentUrl":"https:\/\/iberoid.com\/wp-content\/uploads\/2022\/01\/cen2-scaled.jpg?v=1708468427","width":2560,"height":1808},{"@type":"BreadcrumbList","@id":"https:\/\/iberoid.com\/fr\/product\/pack-5-blisters-cenforce-200-mg-sidenafil-200mg\/#breadcrumb","itemListElement":[{"@type":"ListItem","position":1,"name":"Portada","item":"https:\/\/iberoid.com\/fr\/"},{"@type":"ListItem","position":2,"name":"Magasin","item":"https:\/\/iberoid.com\/fr\/shop\/"},{"@type":"ListItem","position":3,"name":"PACK 5 BLISTERS CENFORCE 200 MG &#8211; SIDENAFIL 200MG"}]},{"@type":"WebSite","@id":"https:\/\/iberoid.com\/fr\/#website","url":"https:\/\/iberoid.com\/fr\/","name":"(Espa\u00f1ol) Esteroides en l\u00ednea","description":"(Espa\u00f1ol) Comprar esteroides en l\u00ednea hoy en Espa\u00f1a y Portugal. Tenemos el mejor servicio al cliente en la industria y los productos de la m\u00e1s alta calidad","potentialAction":[{"@type":"SearchAction","target":{"@type":"EntryPoint","urlTemplate":"https:\/\/iberoid.com\/fr\/?s={search_term_string}"},"query-input":{"@type":"PropertyValueSpecification","valueRequired":true,"valueName":"search_term_string"}}],"inLanguage":"fr-FR"}]},"product_brand":"Cenforce","product_price_amount":"60.00","product_price_currency":"EUR","og_availability":"instock","product_availability":"instock","product_condition":"new"},"_links":{"self":[{"href":"https:\/\/iberoid.com\/fr\/wp-json\/wp\/v2\/product\/7124","targetHints":{"allow":["GET"]}}],"collection":[{"href":"https:\/\/iberoid.com\/fr\/wp-json\/wp\/v2\/product"}],"about":[{"href":"https:\/\/iberoid.com\/fr\/wp-json\/wp\/v2\/types\/product"}],"replies":[{"embeddable":true,"href":"https:\/\/iberoid.com\/fr\/wp-json\/wp\/v2\/comments?post=7124"}],"wp:featuredmedia":[{"embeddable":true,"href":"https:\/\/iberoid.com\/fr\/wp-json\/wp\/v2\/media\/7125"}],"wp:attachment":[{"href":"https:\/\/iberoid.com\/fr\/wp-json\/wp\/v2\/media?parent=7124"}],"wp:term":[{"taxonomy":"product_brand","embeddable":true,"href":"https:\/\/iberoid.com\/fr\/wp-json\/wp\/v2\/product_brand?post=7124"},{"taxonomy":"product_cat","embeddable":true,"href":"https:\/\/iberoid.com\/fr\/wp-json\/wp\/v2\/product_cat?post=7124"},{"taxonomy":"product_tag","embeddable":true,"href":"https:\/\/iberoid.com\/fr\/wp-json\/wp\/v2\/product_tag?post=7124"}],"curies":[{"name":"wp","href":"https:\/\/api.w.org\/{rel}","templated":true}]}}