{"id":7154,"date":"2022-01-09T18:55:43","date_gmt":"2022-01-09T18:55:43","guid":{"rendered":"https:\/\/iberoid.com\/?post_type=product&#038;p=7154"},"modified":"2022-02-08T22:30:48","modified_gmt":"2022-02-08T22:30:48","slug":"clenbuterol-adam-labs","status":"publish","type":"product","link":"https:\/\/iberoid.com\/fr\/product\/clenbuterol-adam-labs\/","title":{"rendered":"CLENBUTEROL"},"content":{"rendered":"<p>Acheter Clenbuterol &#8211; Un bronchodilatateur tr\u00e8s puissant traditionnellement utilis\u00e9 pour traiter les probl\u00e8mes respiratoires tels que l&rsquo;asthme. En dehors de cela, le clenbut\u00e9rol est principalement utilis\u00e9 comme compos\u00e9 thermog\u00e9nique. Avec de grandes quantit\u00e9s de propri\u00e9t\u00e9s de combustion des graisses.<\/p>\n<p>Effets et avantages\u00a0:<\/p>\n<p>Le clenbut\u00e9rol est utilis\u00e9 dans le cadre d&rsquo;un cycle pour ses propri\u00e9t\u00e9s de combustion des graisses et est couramment utilis\u00e9 vers la fin d&rsquo;un cycle en raison de sa capacit\u00e9 \u00e0 relancer le m\u00e9tabolisme en vous aidant \u00e0 br\u00fbler les graisses \u00e0 un rythme beaucoup plus efficace. Ce produit vous aidera \u00e0 br\u00fbler beaucoup de graisse, mais n&rsquo;oubliez pas qu&rsquo;il ne s&rsquo;agit pas d&rsquo;une pilule magique pour perdre du poids. Les utilisateurs devront toujours maintenir une alimentation saine et faire de l&rsquo;exercice r\u00e9guli\u00e8rement. Bien que ce st\u00e9ro\u00efde oral aidera la vitesse \u00e0 laquelle les calories sont br\u00fbl\u00e9es.<\/p>\n<p>Dosage:<\/p>\n<p>De nombreux utilisateurs r\u00e9guliers de ce produit ont indiqu\u00e9 qu&rsquo;une rotation de deux semaines est le moyen le plus efficace et le plus simple de prendre ce produit. Avec une m\u00e9thode simple de deux semaines, deux semaines de repos. Bien que le corps humain ait la capacit\u00e9 de maintenir une utilisation continue, nous le recommandons aux utilisateurs plus avanc\u00e9s.<\/p>\n<p>Au-del\u00e0 du traitement des probl\u00e8mes respiratoires, le clenbut\u00e9rol est g\u00e9n\u00e9ralement utilis\u00e9 comme thermog\u00e9nique. Vous trouverez certainement plus que probablement encore plus d&rsquo;utilisation de clenbut\u00e9rol dans les plans de perte de graisse que partout ailleurs. Vous n&rsquo;\u00eates pas oblig\u00e9 d&rsquo;utiliser des st\u00e9ro\u00efdes anabolisants pour utiliser cette substance pour la perte de graisse.<br \/>\nFonctions et caract\u00e9ristiques du clenbut\u00e9rol\u00a0:<\/p>\n<p>Le chlorhydrate de clenbut\u00e9rol est un sympathomim\u00e9tique qui s&rsquo;occupe du syst\u00e8me nerveux sympathomim\u00e9tique. Il existe un certain nombre de r\u00e9cepteurs dans le corps sur lesquels un sympathomim\u00e9tique peut agir. Dans le cas du clenbut\u00e9rol, le r\u00e9cepteur b\u00eata-2 est la zone de taux d&rsquo;int\u00e9r\u00eat et d&rsquo;activit\u00e9. Clen, comme on le comprend g\u00e9n\u00e9ralement, stimule activement le r\u00e9cepteur b\u00eata-2. Gr\u00e2ce \u00e0 une telle excitation, cela contourne activement les blocages des voies respiratoires et stimule la respiration de ceux qui en ont besoin. Cette m\u00eame excitation peut \u00e9galement \u00eatre utilis\u00e9e pour am\u00e9liorer le taux m\u00e9tabolique de l&rsquo;individu. Le clenbut\u00e9rol ne br\u00fble pas les graisses de mani\u00e8re proactive en attaquant les cellules graisseuses, mais favorise plut\u00f4t le processus m\u00e9tabolique en augmentant la temp\u00e9rature du corps. Cela se produit en raison de la stimulation b\u00eata-2 favorisant les mitochondries des cellules pour cr\u00e9er et lib\u00e9rer encore plus de chaleur. Par la suite, cela r\u00e9chauffe le niveau de temp\u00e9rature du corps (l\u00e9g\u00e8rement), stimule le processus m\u00e9tabolique et d\u00e9clenche le sp\u00e9cifique pour faire fondre la graisse corporelle \u00e0 un meilleur prix. En fait, les caract\u00e9ristiques et les qualit\u00e9s du clenbut\u00e9rol sont tr\u00e8s simples et aussi tr\u00e8s simples.<\/p>\n<p>Le clenbut\u00e9rol a \u00e9galement \u00e9t\u00e9 not\u00e9 pour avoir un effet anabolisant solide ; n\u00e9anmoins, les choses ne sont pas tout \u00e0 fait comme elles apparaissent. En raison de l&rsquo;effet anabolisant potentiel, cela a incit\u00e9 de nombreuses personnes \u00e0 utiliser le compos\u00e9 dans l&rsquo;espoir d&rsquo;obtenir des cellules maigres. G\u00e9n\u00e9ralement, de nombreux utilisateurs de st\u00e9ro\u00efdes l&rsquo;ont utilis\u00e9 comme agent de protection anabolique tout au long de leur traitement post-cycle (PCT). Il y a n\u00e9anmoins un probl\u00e8me avec ce type d&rsquo;utilisation ; \u00e7a ne fonctionne pas. Des \u00e9tudes de recherche ont montr\u00e9 que le clenbut\u00e9rol a la capacit\u00e9 d&rsquo;annoncer la t\u00e2che anabolique chez les animaux. Il y a eu un certain nombre d&rsquo;\u00e9tudes de recherche qui ont r\u00e9v\u00e9l\u00e9 que l&rsquo;activit\u00e9 anabolique des rats augmentait lorsque Clen \u00e9tait administr\u00e9. N\u00e9anmoins, il n&rsquo;y a pas de donn\u00e9es qui soutiennent une telle t\u00e2che anabolique donn\u00e9e lorsqu&rsquo;elle est utilis\u00e9e par les gens. Il s&rsquo;est en fait av\u00e9r\u00e9 normalement inutile \u00e0 cet \u00e9gard en ce qui concerne les \u00eatres humains. En ce qui concerne l&rsquo;utilisation humaine du clenbut\u00e9rol, l&rsquo;utilisation comme bronchodilatateur ainsi que thermog\u00e9nique sont les seules fins appropri\u00e9es.<br \/>\nR\u00e9sultats du Clenbut\u00e9rol :<\/p>\n<p>L&rsquo;utilisation du bronchodilatateur ouvre les voies respiratoires et permet au priv\u00e9 de respirer. Il existe divers autres troubles respiratoires qui peuvent b\u00e9n\u00e9ficier de l&rsquo;utilisation du clenbut\u00e9rol, mais l&rsquo;asthme bronchique appara\u00eet comme primaire, et c&rsquo;est aussi souvent un m\u00e9dicament invit\u00e9 pour ceux qui en souffrent.<\/p>\n<p>En tant que thermog\u00e9nique, les r\u00e9sultats du clenbut\u00e9rol sont \u00e0 nouveau tr\u00e8s faciles. La temp\u00e9rature corporelle augmente, le m\u00e9tabolisme est am\u00e9lior\u00e9, les cellules graisseuses sont stimul\u00e9es en raison de l&rsquo;augmentation du niveau de temp\u00e9rature due au taux m\u00e9tabolique actuellement am\u00e9lior\u00e9, le dysfonctionnement des triglyc\u00e9rides est maintenant stimul\u00e9 et la perte de graisse se produit.<\/p>\n<p>M\u00eame si vous utilisez du clenbut\u00e9rol, vous trouverez toujours que vous devez suivre un r\u00e9gime aussi dur que vous le feriez sans lui si vous voulez perdre de la graisse corporelle. L&rsquo;id\u00e9e derri\u00e8re Clenbuterol utilise comme thermog\u00e9nique en termes simples pour prendre ce que vous faites actuellement id\u00e9al et aussi simplement pour le faire un peu mieux. Lorsque nous nous plongerons dans les effets secondaires de Clenbuterol, nous d\u00e9couvrirons que Clen peut et doit simplement \u00eatre utilis\u00e9 pendant une p\u00e9riode de temps d\u00e9finie, et il est tout simplement agr\u00e9able de l&rsquo;utiliser lorsqu&rsquo;il sera certainement le plus utile.<\/p>\n<p>\u00c9tant donn\u00e9 que le clenbut\u00e9rol est mieux servi pour la touche finale dans une strat\u00e9gie de perte de graisse, c&rsquo;est pourquoi vous le verrez dans de nombreux plans bas\u00e9s sur le physique tels que la musculation, le nombre, la forme physique ou divers autres efforts pertinents.<\/p>","protected":false},"excerpt":{"rendered":"<p>Acheter Clenbuterol &#8211; Un bronchodilatateur tr\u00e8s puissant traditionnellement utilis\u00e9 pour traiter les probl\u00e8mes respiratoires tels que l&rsquo;asthme. En dehors de<\/p>\n","protected":false},"featured_media":7155,"comment_status":"open","ping_status":"closed","template":"","meta":[],"product_brand":[],"product_cat":[73],"product_tag":[],"class_list":{"0":"post-7154","1":"product","2":"type-product","3":"status-publish","4":"has-post-thumbnail","6":"product_cat-ssteroides_orales","8":"first","9":"outofstock","10":"sale","11":"shipping-taxable","12":"purchasable","13":"product-type-simple"},"yoast_head":"<!-- This site is optimized with the Yoast SEO Premium plugin v24.4 (Yoast SEO v27.0) - https:\/\/yoast.com\/product\/yoast-seo-premium-wordpress\/ -->\n<title>CLENBUTEROL - (Espa\u00f1ol) Esteroides en l\u00ednea<\/title>\n<meta name=\"robots\" content=\"index, follow, max-snippet:-1, max-image-preview:large, max-video-preview:-1\" \/>\n<link rel=\"canonical\" href=\"https:\/\/iberoid.com\/fr\/product\/clenbuterol-adam-labs\/\" \/>\n<meta property=\"og:locale\" content=\"fr_FR\" \/>\n<meta property=\"og:type\" content=\"article\" \/>\n<meta property=\"og:title\" content=\"CLENBUTEROL\" \/>\n<meta property=\"og:description\" content=\"Acheter Clenbuterol &#8211; Un bronchodilatateur tr\u00e8s puissant traditionnellement utilis\u00e9 pour traiter les probl\u00e8mes respiratoires tels que l&rsquo;asthme. En dehors de\" \/>\n<meta property=\"og:url\" content=\"https:\/\/iberoid.com\/fr\/product\/clenbuterol-adam-labs\/\" \/>\n<meta property=\"og:site_name\" content=\"(Espa\u00f1ol) Esteroides en l\u00ednea\" \/>\n<meta property=\"article:modified_time\" content=\"2022-02-08T22:30:48+00:00\" \/>\n<meta property=\"og:image\" content=\"https:\/\/iberoid.com\/wp-content\/uploads\/2022\/01\/CLEN-ADAM.jpg?v=1678119932\" \/>\n\t<meta property=\"og:image:width\" content=\"1280\" \/>\n\t<meta property=\"og:image:height\" content=\"876\" \/>\n\t<meta property=\"og:image:type\" content=\"image\/jpeg\" \/>\n<meta name=\"twitter:card\" content=\"summary_large_image\" \/>\n<meta name=\"twitter:label1\" content=\"Prix\" \/>\n\t<meta name=\"twitter:data1\" content=\"&euro;20.00\" \/>\n\t<meta name=\"twitter:label2\" content=\"Disponibilit\u00e9\" \/>\n\t<meta name=\"twitter:data2\" content=\"Rupture de stock\" \/>\n<script type=\"application\/ld+json\" class=\"yoast-schema-graph\">{\"@context\":\"https:\/\/schema.org\",\"@graph\":[{\"@type\":\"WebPage\",\"@id\":\"https:\/\/iberoid.com\/fr\/product\/clenbuterol-adam-labs\/\",\"url\":\"https:\/\/iberoid.com\/fr\/product\/clenbuterol-adam-labs\/\",\"name\":\"CLENBUTEROL - (Espa\u00f1ol) Esteroides en l\u00ednea\",\"isPartOf\":{\"@id\":\"https:\/\/iberoid.com\/fr\/#website\"},\"primaryImageOfPage\":{\"@id\":\"https:\/\/iberoid.com\/fr\/product\/clenbuterol-adam-labs\/#primaryimage\"},\"image\":{\"@id\":\"https:\/\/iberoid.com\/fr\/product\/clenbuterol-adam-labs\/#primaryimage\"},\"thumbnailUrl\":\"https:\/\/iberoid.com\/wp-content\/uploads\/2022\/01\/CLEN-ADAM.jpg?v=1678119932\",\"datePublished\":\"2022-01-09T18:55:43+00:00\",\"dateModified\":\"2022-02-08T22:30:48+00:00\",\"breadcrumb\":{\"@id\":\"https:\/\/iberoid.com\/fr\/product\/clenbuterol-adam-labs\/#breadcrumb\"},\"inLanguage\":\"fr-FR\",\"potentialAction\":[{\"@type\":\"ReadAction\",\"target\":[[\"https:\/\/iberoid.com\/fr\/product\/clenbuterol-adam-labs\/\"]]}]},{\"@type\":\"ImageObject\",\"inLanguage\":\"fr-FR\",\"@id\":\"https:\/\/iberoid.com\/fr\/product\/clenbuterol-adam-labs\/#primaryimage\",\"url\":\"https:\/\/iberoid.com\/wp-content\/uploads\/2022\/01\/CLEN-ADAM.jpg?v=1678119932\",\"contentUrl\":\"https:\/\/iberoid.com\/wp-content\/uploads\/2022\/01\/CLEN-ADAM.jpg?v=1678119932\",\"width\":1280,\"height\":876},{\"@type\":\"BreadcrumbList\",\"@id\":\"https:\/\/iberoid.com\/fr\/product\/clenbuterol-adam-labs\/#breadcrumb\",\"itemListElement\":[{\"@type\":\"ListItem\",\"position\":1,\"name\":\"Portada\",\"item\":\"https:\/\/iberoid.com\/fr\/\"},{\"@type\":\"ListItem\",\"position\":2,\"name\":\"Magasin\",\"item\":\"https:\/\/iberoid.com\/fr\/shop\/\"},{\"@type\":\"ListItem\",\"position\":3,\"name\":\"CLENBUTEROL\"}]},{\"@type\":\"WebSite\",\"@id\":\"https:\/\/iberoid.com\/fr\/#website\",\"url\":\"https:\/\/iberoid.com\/fr\/\",\"name\":\"(Espa\u00f1ol) Esteroides en l\u00ednea\",\"description\":\"(Espa\u00f1ol) Comprar esteroides en l\u00ednea hoy en Espa\u00f1a y Portugal. Tenemos el mejor servicio al cliente en la industria y los productos de la m\u00e1s alta calidad\",\"potentialAction\":[{\"@type\":\"SearchAction\",\"target\":{\"@type\":\"EntryPoint\",\"urlTemplate\":\"https:\/\/iberoid.com\/fr\/?s={search_term_string}\"},\"query-input\":{\"@type\":\"PropertyValueSpecification\",\"valueRequired\":true,\"valueName\":\"search_term_string\"}}],\"inLanguage\":\"fr-FR\"}]}<\/script>\n<meta property=\"product:brand\" content=\"AdamLabs\" \/>\n<meta property=\"product:price:amount\" content=\"20.00\" \/>\n<meta property=\"product:price:currency\" content=\"EUR\" \/>\n<meta property=\"og:availability\" content=\"out of stock\" \/>\n<meta property=\"product:availability\" content=\"out of stock\" \/>\n<meta property=\"product:condition\" content=\"new\" \/>\n<!-- \/ Yoast SEO Premium plugin. -->","yoast_head_json":{"title":"CLENBUTEROL - (Espa\u00f1ol) Esteroides en l\u00ednea","robots":{"index":"index","follow":"follow","max-snippet":"max-snippet:-1","max-image-preview":"max-image-preview:large","max-video-preview":"max-video-preview:-1"},"canonical":"https:\/\/iberoid.com\/fr\/product\/clenbuterol-adam-labs\/","og_locale":"fr_FR","og_type":"article","og_title":"CLENBUTEROL","og_description":"Acheter Clenbuterol &#8211; Un bronchodilatateur tr\u00e8s puissant traditionnellement utilis\u00e9 pour traiter les probl\u00e8mes respiratoires tels que l&rsquo;asthme. En dehors de","og_url":"https:\/\/iberoid.com\/fr\/product\/clenbuterol-adam-labs\/","og_site_name":"(Espa\u00f1ol) Esteroides en l\u00ednea","article_modified_time":"2022-02-08T22:30:48+00:00","og_image":[{"width":1280,"height":876,"url":"https:\/\/iberoid.com\/wp-content\/uploads\/2022\/01\/CLEN-ADAM.jpg?v=1678119932","type":"image\/jpeg"}],"twitter_card":"summary_large_image","twitter_misc":{"Prix":"&euro;20.00","Disponibilit\u00e9":"Rupture de stock"},"schema":{"@context":"https:\/\/schema.org","@graph":[{"@type":"WebPage","@id":"https:\/\/iberoid.com\/fr\/product\/clenbuterol-adam-labs\/","url":"https:\/\/iberoid.com\/fr\/product\/clenbuterol-adam-labs\/","name":"CLENBUTEROL - (Espa\u00f1ol) Esteroides en l\u00ednea","isPartOf":{"@id":"https:\/\/iberoid.com\/fr\/#website"},"primaryImageOfPage":{"@id":"https:\/\/iberoid.com\/fr\/product\/clenbuterol-adam-labs\/#primaryimage"},"image":{"@id":"https:\/\/iberoid.com\/fr\/product\/clenbuterol-adam-labs\/#primaryimage"},"thumbnailUrl":"https:\/\/iberoid.com\/wp-content\/uploads\/2022\/01\/CLEN-ADAM.jpg?v=1678119932","datePublished":"2022-01-09T18:55:43+00:00","dateModified":"2022-02-08T22:30:48+00:00","breadcrumb":{"@id":"https:\/\/iberoid.com\/fr\/product\/clenbuterol-adam-labs\/#breadcrumb"},"inLanguage":"fr-FR","potentialAction":[{"@type":"ReadAction","target":[["https:\/\/iberoid.com\/fr\/product\/clenbuterol-adam-labs\/"]]}]},{"@type":"ImageObject","inLanguage":"fr-FR","@id":"https:\/\/iberoid.com\/fr\/product\/clenbuterol-adam-labs\/#primaryimage","url":"https:\/\/iberoid.com\/wp-content\/uploads\/2022\/01\/CLEN-ADAM.jpg?v=1678119932","contentUrl":"https:\/\/iberoid.com\/wp-content\/uploads\/2022\/01\/CLEN-ADAM.jpg?v=1678119932","width":1280,"height":876},{"@type":"BreadcrumbList","@id":"https:\/\/iberoid.com\/fr\/product\/clenbuterol-adam-labs\/#breadcrumb","itemListElement":[{"@type":"ListItem","position":1,"name":"Portada","item":"https:\/\/iberoid.com\/fr\/"},{"@type":"ListItem","position":2,"name":"Magasin","item":"https:\/\/iberoid.com\/fr\/shop\/"},{"@type":"ListItem","position":3,"name":"CLENBUTEROL"}]},{"@type":"WebSite","@id":"https:\/\/iberoid.com\/fr\/#website","url":"https:\/\/iberoid.com\/fr\/","name":"(Espa\u00f1ol) Esteroides en l\u00ednea","description":"(Espa\u00f1ol) Comprar esteroides en l\u00ednea hoy en Espa\u00f1a y Portugal. Tenemos el mejor servicio al cliente en la industria y los productos de la m\u00e1s alta calidad","potentialAction":[{"@type":"SearchAction","target":{"@type":"EntryPoint","urlTemplate":"https:\/\/iberoid.com\/fr\/?s={search_term_string}"},"query-input":{"@type":"PropertyValueSpecification","valueRequired":true,"valueName":"search_term_string"}}],"inLanguage":"fr-FR"}]},"product_brand":"AdamLabs","product_price_amount":"20.00","product_price_currency":"EUR","og_availability":"out of stock","product_availability":"out of stock","product_condition":"new"},"_links":{"self":[{"href":"https:\/\/iberoid.com\/fr\/wp-json\/wp\/v2\/product\/7154","targetHints":{"allow":["GET"]}}],"collection":[{"href":"https:\/\/iberoid.com\/fr\/wp-json\/wp\/v2\/product"}],"about":[{"href":"https:\/\/iberoid.com\/fr\/wp-json\/wp\/v2\/types\/product"}],"replies":[{"embeddable":true,"href":"https:\/\/iberoid.com\/fr\/wp-json\/wp\/v2\/comments?post=7154"}],"wp:featuredmedia":[{"embeddable":true,"href":"https:\/\/iberoid.com\/fr\/wp-json\/wp\/v2\/media\/7155"}],"wp:attachment":[{"href":"https:\/\/iberoid.com\/fr\/wp-json\/wp\/v2\/media?parent=7154"}],"wp:term":[{"taxonomy":"product_brand","embeddable":true,"href":"https:\/\/iberoid.com\/fr\/wp-json\/wp\/v2\/product_brand?post=7154"},{"taxonomy":"product_cat","embeddable":true,"href":"https:\/\/iberoid.com\/fr\/wp-json\/wp\/v2\/product_cat?post=7154"},{"taxonomy":"product_tag","embeddable":true,"href":"https:\/\/iberoid.com\/fr\/wp-json\/wp\/v2\/product_tag?post=7154"}],"curies":[{"name":"wp","href":"https:\/\/api.w.org\/{rel}","templated":true}]}}