{"id":7231,"date":"2022-01-31T21:12:22","date_gmt":"2022-01-31T21:12:22","guid":{"rendered":"https:\/\/iberoid.com\/?post_type=product&#038;p=7231"},"modified":"2026-04-30T16:22:57","modified_gmt":"2026-04-30T16:22:57","slug":"pack-3-sustanon-pharmabol","status":"publish","type":"product","link":"https:\/\/iberoid.com\/fr\/product\/pack-3-sustanon-pharmabol\/","title":{"rendered":"PACK 3 SUSTANON\/SUSTABOL250"},"content":{"rendered":"<p>Sustanon\u00a0est un st\u00e9ro\u00efde anabolisant tr\u00e8s populaire, qui est un m\u00e9lange de quatre types de testost\u00e9rone\u00a0:\u00a0propionate, d\u00e9canoate, ph\u00e9nylpropionate et isocaproate. Le m\u00e9dicament a trouv\u00e9 sa place dans l&rsquo;industrie de la musculation pour d\u00e9velopper et augmenter efficacement la force. Ce st\u00e9ro\u00efde est un favori incontestable parmi les bodybuilders plus \u00e2g\u00e9s, car c&rsquo;est l&rsquo;un des st\u00e9ro\u00efdes les plus s\u00fbrs \u00e0 ce jour. Il convient de noter que Sustanon r\u00e9duit \u00e9galement la graisse corporelle, am\u00e9liore le temps de r\u00e9cup\u00e9ration apr\u00e8s l&rsquo;entra\u00eenement et augmente la libido.<\/p>\n<p>Posologie : La posologie recommand\u00e9e de Sustanon pour les culturistes est de 500 mg par semaine. Les athl\u00e8tes professionnels peuvent utiliser jusqu&rsquo;\u00e0 1000 mg par semaine, mais ces doses plus \u00e9lev\u00e9es sont r\u00e9alis\u00e9es en utilisant l&rsquo;exp\u00e9rience et le cation.<\/p>\n<p>Cycle de prise de masse\u00a0:\u00a0si votre objectif principal est d&rsquo;augmenter la masse musculaire et la force, alors pour un plus grand effet, vous pouvez ajouter des st\u00e9ro\u00efdes oraux tels que\u00a0Anadrol\u00a0ou\u00a0Dianabol \u00e0 votre cycle Sustanon.<\/p>\n<p>Cycle de coupe\u00a0: pour le s\u00e9chage, Sustanon peut \u00eatre combin\u00e9 avec Masteron,\u00a0Primobolan Depot,\u00a0Winstrol Depot\u00a0et\u00a0Equipoise.<\/p>\n<p>PCT apr\u00e8s Sustanon<\/p>\n<p>Les caract\u00e9ristiques de la th\u00e9rapie post-cycle apr\u00e8s l&rsquo;ach\u00e8vement de l&rsquo;administration du\u00a0sustanon \u00e0 vendre d\u00e9pendent de la dur\u00e9e du cycle et \u00e9galement de la posologie utilis\u00e9e. Avec un cycle qui ne d\u00e9passe pas 10 semaines et ne d\u00e9passe pas une dose de 250 mg par semaine. Un r\u00e9gime \u00ab\u00a0moyen\u00a0\u00bb, de 50\u00a0mg de citrate de clomif\u00e8ne pendant quatorze jours, puis de 25\u00a0mg pendant quatorze jours suppl\u00e9mentaires est recommand\u00e9. Si la cure a d\u00e9pass\u00e9 les param\u00e8tres que nous venons d&rsquo;\u00e9voquer, alors Clomid est utilis\u00e9 les quatorze premiers jours \u00e0 la posologie de 100 mg par jour, 50 mg par jour les quatorze jours suivants puis 14 jours suppl\u00e9mentaires \u00e0 25 mg par jour. Cette p\u00e9riode plus longue de PCT ainsi que les doses plus \u00e9lev\u00e9es de Clomid seront n\u00e9cessaires pour r\u00e9cup\u00e9rer les niveaux naturels de testost\u00e9rone qui auront \u00e9t\u00e9 encore plus supprim\u00e9s \u00e0 cause des doses plus \u00e9lev\u00e9es utilis\u00e9es et de la dur\u00e9e plus longue du cycle.<\/p>\n<p>Sustanon est le nom de marque d&rsquo;un arrangement \u00e0 base d&rsquo;huile qui est un m\u00e9lange de quatre esters de testost\u00e9rone distincts.<\/p>\n<p>Les quatre esters de testost\u00e9rone diff\u00e9rents trouv\u00e9s dans Sustanon sont :<\/p>\n<p>Propionate de testost\u00e9rone &#8211; 30 mg (ester court)<br \/>\nPh\u00e9nylpropionate de testost\u00e9rone \u2013 60 mg (ester court)<br \/>\nIsocaproate de testost\u00e9rone \u2013 60mg (Ester moyen)<br \/>\nD\u00e9canoate de testost\u00e9rone \u2013 100 mg (ester long)<br \/>\nUtilisations de Sustanon<\/p>\n<p>Sustanon est utilis\u00e9 pour traiter l&rsquo;insuffisance confirm\u00e9e de testost\u00e9rone chez les hommes. Les substances dynamiques de Sustanon sont transform\u00e9es en testost\u00e9rone par votre corps.<\/p>\n<p>La testost\u00e9rone est l&rsquo;hormone m\u00e2le caract\u00e9ristique connue sous le nom d&rsquo;androg\u00e8ne. Chez les hommes, la testost\u00e9rone est principalement cr\u00e9\u00e9e et lib\u00e9r\u00e9e par les testicules. Il est essentiel pour le d\u00e9veloppement, l&rsquo;am\u00e9lioration et la capacit\u00e9 des organes sexuels masculins et pour les attributs sexuels masculins auxiliaires. Il est fondamental pour le d\u00e9veloppement de la pilosit\u00e9 corporelle, l&rsquo;avancement des os et des muscles, et il anime la production de globules rouges. Il fait \u00e9galement se d\u00e9velopper la voix des hommes. Des arrangements contenant de la testost\u00e9rone sont utilis\u00e9s pour supplanter la testost\u00e9rone chez un individu qui a une production naturelle faible ou nulle de testost\u00e9rone (une condition connue sous le nom d&rsquo;hypogonadisme).<\/p>\n<p>Meilleur dosage pour Sustanon<\/p>\n<p>Une dose efficace pour les hommes qui utilisent Sustanon peut commencer \u00e0 500 mg par semaine et aller jusqu&rsquo;\u00e0 2000 mg par semaine pour les clients de pointe qui ont une vaste exp\u00e9rience avec ce compos\u00e9. Les novices sont constamment encourag\u00e9s \u00e0 commencer avec la dose efficace la plus r\u00e9duite et pour quelques-uns, cela peut m\u00eame descendre jusqu&rsquo;\u00e0 300 mg par semaine. En le combinant avec diff\u00e9rents m\u00e9langes, 500 mg par semaine suffisent assez souvent \u00e0 Sustanon pour avoir un r\u00e9sultat b\u00e9n\u00e9fique et voir d&rsquo;excellents r\u00e9sultats.<\/p>\n<p>Les clients propuls\u00e9s sont connus pour augmenter la mesure n&rsquo;importe o\u00f9 entre 1000 mg et 2000 mg par semaine, mais c&rsquo;est de temps en temps lorsque la situation lors de l&rsquo;utilisation de diff\u00e9rents m\u00e9langes est utilis\u00e9e, et de telles doses \u00e9lev\u00e9es par des clients de pointe sont assez souvent faites quand Sustanon est utilis\u00e9 seul. Ces doses plus \u00e9lev\u00e9es augmenteront consid\u00e9rablement votre risque de r\u00e9actions graves.<\/p>","protected":false},"excerpt":{"rendered":"<p>Sustanon\u00a0est un st\u00e9ro\u00efde anabolisant tr\u00e8s populaire, qui est un m\u00e9lange de quatre types de testost\u00e9rone\u00a0:\u00a0propionate, d\u00e9canoate, ph\u00e9nylpropionate et isocaproate. Le<\/p>\n","protected":false},"featured_media":7232,"comment_status":"open","ping_status":"closed","template":"","meta":[],"product_brand":[3526],"product_cat":[69,3474],"product_tag":[],"class_list":{"0":"post-7231","1":"product","2":"type-product","3":"status-publish","4":"has-post-thumbnail","6":"product_brand-pharmabol","7":"product_cat-esteroides_inyectables","8":"product_cat-packs","10":"first","11":"instock","12":"shipping-taxable","13":"purchasable","14":"product-type-simple"},"yoast_head":"<!-- This site is optimized with the Yoast SEO Premium plugin v24.4 (Yoast SEO v27.3) - https:\/\/yoast.com\/product\/yoast-seo-premium-wordpress\/ -->\n<title>PACK 3 SUSTANON\/SUSTABOL250 - (Espa\u00f1ol) Esteroides en l\u00ednea<\/title>\n<meta name=\"description\" content=\"Sustanon : St\u00e9ro\u00efde anabolisant populaire, m\u00e9lange de 4 esters de testost\u00e9rone pour la croissance musculaire, la force, la perte de graisse et l&#039;augmentation de la libido.\" \/>\n<meta name=\"robots\" content=\"index, follow, max-snippet:-1, max-image-preview:large, max-video-preview:-1\" \/>\n<link rel=\"canonical\" href=\"https:\/\/iberoid.com\/fr\/product\/pack-3-sustanon-pharmabol\/\" \/>\n<meta property=\"og:locale\" content=\"fr_FR\" \/>\n<meta property=\"og:type\" content=\"article\" \/>\n<meta property=\"og:title\" content=\"PACK 3 SUSTANON\/SUSTABOL250\" \/>\n<meta property=\"og:description\" content=\"Sustanon : St\u00e9ro\u00efde anabolisant populaire, m\u00e9lange de 4 esters de testost\u00e9rone pour la croissance musculaire, la force, la perte de graisse et l&#039;augmentation de la libido.\" \/>\n<meta property=\"og:url\" content=\"https:\/\/iberoid.com\/fr\/product\/pack-3-sustanon-pharmabol\/\" \/>\n<meta property=\"og:site_name\" content=\"(Espa\u00f1ol) Esteroides en l\u00ednea\" \/>\n<meta property=\"article:modified_time\" content=\"2026-04-30T16:22:57+00:00\" \/>\n<meta property=\"og:image\" content=\"https:\/\/iberoid.com\/wp-content\/uploads\/2022\/01\/3-sust-pb.jpg?v=1698649054\" \/>\n\t<meta property=\"og:image:width\" content=\"1080\" \/>\n\t<meta property=\"og:image:height\" content=\"1027\" \/>\n\t<meta property=\"og:image:type\" content=\"image\/jpeg\" \/>\n<meta name=\"twitter:card\" content=\"summary_large_image\" \/>\n<meta name=\"twitter:label1\" content=\"Prix\" \/>\n\t<meta name=\"twitter:data1\" content=\"&euro;65.00\" \/>\n\t<meta name=\"twitter:label2\" content=\"Disponibilit\u00e9\" \/>\n\t<meta name=\"twitter:data2\" content=\"En stock\" \/>\n<script type=\"application\/ld+json\" class=\"yoast-schema-graph\">{\"@context\":\"https:\\\/\\\/schema.org\",\"@graph\":[{\"@type\":\"WebPage\",\"@id\":\"https:\\\/\\\/iberoid.com\\\/fr\\\/product\\\/pack-3-sustanon-pharmabol\\\/\",\"url\":\"https:\\\/\\\/iberoid.com\\\/fr\\\/product\\\/pack-3-sustanon-pharmabol\\\/\",\"name\":\"PACK 3 SUSTANON\\\/SUSTABOL250 - (Espa\u00f1ol) Esteroides en l\u00ednea\",\"isPartOf\":{\"@id\":\"https:\\\/\\\/iberoid-shop.com\\\/#website\"},\"primaryImageOfPage\":{\"@id\":\"https:\\\/\\\/iberoid.com\\\/fr\\\/product\\\/pack-3-sustanon-pharmabol\\\/#primaryimage\"},\"image\":{\"@id\":\"https:\\\/\\\/iberoid.com\\\/fr\\\/product\\\/pack-3-sustanon-pharmabol\\\/#primaryimage\"},\"thumbnailUrl\":\"https:\\\/\\\/iberoid.com\\\/wp-content\\\/uploads\\\/2022\\\/01\\\/3-sust-pb.jpg?v=1698649054\",\"datePublished\":\"2022-01-31T21:12:22+00:00\",\"dateModified\":\"2026-04-30T16:22:57+00:00\",\"description\":\"Sustanon : St\u00e9ro\u00efde anabolisant populaire, m\u00e9lange de 4 esters de testost\u00e9rone pour la croissance musculaire, la force, la perte de graisse et l'augmentation de la libido.\",\"breadcrumb\":{\"@id\":\"https:\\\/\\\/iberoid.com\\\/fr\\\/product\\\/pack-3-sustanon-pharmabol\\\/#breadcrumb\"},\"inLanguage\":\"fr-FR\",\"potentialAction\":[{\"@type\":\"ReadAction\",\"target\":[[\"https:\\\/\\\/iberoid.com\\\/fr\\\/product\\\/pack-3-sustanon-pharmabol\\\/\"]]}]},{\"@type\":\"ImageObject\",\"inLanguage\":\"fr-FR\",\"@id\":\"https:\\\/\\\/iberoid.com\\\/fr\\\/product\\\/pack-3-sustanon-pharmabol\\\/#primaryimage\",\"url\":\"https:\\\/\\\/iberoid.com\\\/wp-content\\\/uploads\\\/2022\\\/01\\\/3-sust-pb.jpg?v=1698649054\",\"contentUrl\":\"https:\\\/\\\/iberoid.com\\\/wp-content\\\/uploads\\\/2022\\\/01\\\/3-sust-pb.jpg?v=1698649054\",\"width\":1080,\"height\":1027},{\"@type\":\"BreadcrumbList\",\"@id\":\"https:\\\/\\\/iberoid.com\\\/fr\\\/product\\\/pack-3-sustanon-pharmabol\\\/#breadcrumb\",\"itemListElement\":[{\"@type\":\"ListItem\",\"position\":1,\"name\":\"Portada\",\"item\":\"https:\\\/\\\/iberoid.com\\\/fr\\\/\"},{\"@type\":\"ListItem\",\"position\":2,\"name\":\"Magasin\",\"item\":\"https:\\\/\\\/iberoid.com\\\/fr\\\/shop\\\/\"},{\"@type\":\"ListItem\",\"position\":3,\"name\":\"PACK 3 SUSTANON\\\/SUSTABOL250\"}]},{\"@type\":\"WebSite\",\"@id\":\"https:\\\/\\\/iberoid-shop.com\\\/#website\",\"url\":\"https:\\\/\\\/iberoid-shop.com\\\/\",\"name\":\"(Espa\u00f1ol) Esteroides en l\u00ednea\",\"description\":\"(Espa\u00f1ol) Comprar esteroides en l\u00ednea hoy en Espa\u00f1a y Portugal. Tenemos el mejor servicio al cliente en la industria y los productos de la m\u00e1s alta calidad\",\"potentialAction\":[{\"@type\":\"SearchAction\",\"target\":{\"@type\":\"EntryPoint\",\"urlTemplate\":\"https:\\\/\\\/iberoid-shop.com\\\/?s={search_term_string}\"},\"query-input\":{\"@type\":\"PropertyValueSpecification\",\"valueRequired\":true,\"valueName\":\"search_term_string\"}}],\"inLanguage\":\"fr-FR\"}]}<\/script>\n<meta property=\"product:brand\" content=\"Pharmabol\" \/>\n<meta property=\"product:price:amount\" content=\"65.00\" \/>\n<meta property=\"product:price:currency\" content=\"EUR\" \/>\n<meta property=\"og:availability\" content=\"instock\" \/>\n<meta property=\"product:availability\" content=\"instock\" \/>\n<meta property=\"product:condition\" content=\"new\" \/>\n<!-- \/ Yoast SEO Premium plugin. -->","yoast_head_json":{"title":"PACK 3 SUSTANON\/SUSTABOL250 - (Espa\u00f1ol) Esteroides en l\u00ednea","description":"Sustanon : St\u00e9ro\u00efde anabolisant populaire, m\u00e9lange de 4 esters de testost\u00e9rone pour la croissance musculaire, la force, la perte de graisse et l'augmentation de la libido.","robots":{"index":"index","follow":"follow","max-snippet":"max-snippet:-1","max-image-preview":"max-image-preview:large","max-video-preview":"max-video-preview:-1"},"canonical":"https:\/\/iberoid.com\/fr\/product\/pack-3-sustanon-pharmabol\/","og_locale":"fr_FR","og_type":"article","og_title":"PACK 3 SUSTANON\/SUSTABOL250","og_description":"Sustanon : St\u00e9ro\u00efde anabolisant populaire, m\u00e9lange de 4 esters de testost\u00e9rone pour la croissance musculaire, la force, la perte de graisse et l'augmentation de la libido.","og_url":"https:\/\/iberoid.com\/fr\/product\/pack-3-sustanon-pharmabol\/","og_site_name":"(Espa\u00f1ol) Esteroides en l\u00ednea","article_modified_time":"2026-04-30T16:22:57+00:00","og_image":[{"width":1080,"height":1027,"url":"https:\/\/iberoid.com\/wp-content\/uploads\/2022\/01\/3-sust-pb.jpg?v=1698649054","type":"image\/jpeg"}],"twitter_card":"summary_large_image","twitter_misc":{"Prix":"&euro;65.00","Disponibilit\u00e9":"En stock"},"schema":{"@context":"https:\/\/schema.org","@graph":[{"@type":"WebPage","@id":"https:\/\/iberoid.com\/fr\/product\/pack-3-sustanon-pharmabol\/","url":"https:\/\/iberoid.com\/fr\/product\/pack-3-sustanon-pharmabol\/","name":"PACK 3 SUSTANON\/SUSTABOL250 - (Espa\u00f1ol) Esteroides en l\u00ednea","isPartOf":{"@id":"https:\/\/iberoid-shop.com\/#website"},"primaryImageOfPage":{"@id":"https:\/\/iberoid.com\/fr\/product\/pack-3-sustanon-pharmabol\/#primaryimage"},"image":{"@id":"https:\/\/iberoid.com\/fr\/product\/pack-3-sustanon-pharmabol\/#primaryimage"},"thumbnailUrl":"https:\/\/iberoid.com\/wp-content\/uploads\/2022\/01\/3-sust-pb.jpg?v=1698649054","datePublished":"2022-01-31T21:12:22+00:00","dateModified":"2026-04-30T16:22:57+00:00","description":"Sustanon : St\u00e9ro\u00efde anabolisant populaire, m\u00e9lange de 4 esters de testost\u00e9rone pour la croissance musculaire, la force, la perte de graisse et l'augmentation de la libido.","breadcrumb":{"@id":"https:\/\/iberoid.com\/fr\/product\/pack-3-sustanon-pharmabol\/#breadcrumb"},"inLanguage":"fr-FR","potentialAction":[{"@type":"ReadAction","target":[["https:\/\/iberoid.com\/fr\/product\/pack-3-sustanon-pharmabol\/"]]}]},{"@type":"ImageObject","inLanguage":"fr-FR","@id":"https:\/\/iberoid.com\/fr\/product\/pack-3-sustanon-pharmabol\/#primaryimage","url":"https:\/\/iberoid.com\/wp-content\/uploads\/2022\/01\/3-sust-pb.jpg?v=1698649054","contentUrl":"https:\/\/iberoid.com\/wp-content\/uploads\/2022\/01\/3-sust-pb.jpg?v=1698649054","width":1080,"height":1027},{"@type":"BreadcrumbList","@id":"https:\/\/iberoid.com\/fr\/product\/pack-3-sustanon-pharmabol\/#breadcrumb","itemListElement":[{"@type":"ListItem","position":1,"name":"Portada","item":"https:\/\/iberoid.com\/fr\/"},{"@type":"ListItem","position":2,"name":"Magasin","item":"https:\/\/iberoid.com\/fr\/shop\/"},{"@type":"ListItem","position":3,"name":"PACK 3 SUSTANON\/SUSTABOL250"}]},{"@type":"WebSite","@id":"https:\/\/iberoid-shop.com\/#website","url":"https:\/\/iberoid-shop.com\/","name":"(Espa\u00f1ol) Esteroides en l\u00ednea","description":"(Espa\u00f1ol) Comprar esteroides en l\u00ednea hoy en Espa\u00f1a y Portugal. Tenemos el mejor servicio al cliente en la industria y los productos de la m\u00e1s alta calidad","potentialAction":[{"@type":"SearchAction","target":{"@type":"EntryPoint","urlTemplate":"https:\/\/iberoid-shop.com\/?s={search_term_string}"},"query-input":{"@type":"PropertyValueSpecification","valueRequired":true,"valueName":"search_term_string"}}],"inLanguage":"fr-FR"}]},"product_brand":"Pharmabol","product_price_amount":"65.00","product_price_currency":"EUR","og_availability":"instock","product_availability":"instock","product_condition":"new"},"_links":{"self":[{"href":"https:\/\/iberoid.com\/fr\/wp-json\/wp\/v2\/product\/7231","targetHints":{"allow":["GET"]}}],"collection":[{"href":"https:\/\/iberoid.com\/fr\/wp-json\/wp\/v2\/product"}],"about":[{"href":"https:\/\/iberoid.com\/fr\/wp-json\/wp\/v2\/types\/product"}],"replies":[{"embeddable":true,"href":"https:\/\/iberoid.com\/fr\/wp-json\/wp\/v2\/comments?post=7231"}],"wp:featuredmedia":[{"embeddable":true,"href":"https:\/\/iberoid.com\/fr\/wp-json\/wp\/v2\/media\/7232"}],"wp:attachment":[{"href":"https:\/\/iberoid.com\/fr\/wp-json\/wp\/v2\/media?parent=7231"}],"wp:term":[{"taxonomy":"product_brand","embeddable":true,"href":"https:\/\/iberoid.com\/fr\/wp-json\/wp\/v2\/product_brand?post=7231"},{"taxonomy":"product_cat","embeddable":true,"href":"https:\/\/iberoid.com\/fr\/wp-json\/wp\/v2\/product_cat?post=7231"},{"taxonomy":"product_tag","embeddable":true,"href":"https:\/\/iberoid.com\/fr\/wp-json\/wp\/v2\/product_tag?post=7231"}],"curies":[{"name":"wp","href":"https:\/\/api.w.org\/{rel}","templated":true}]}}