{"id":7243,"date":"2022-01-31T21:34:04","date_gmt":"2022-01-31T21:34:04","guid":{"rendered":"https:\/\/iberoid.com\/?post_type=product&#038;p=7243"},"modified":"2026-04-01T12:04:31","modified_gmt":"2026-04-01T12:04:31","slug":"pack3testo-gen-testosterone-enanhate-gold-dragon-ltd","status":"publish","type":"product","link":"https:\/\/iberoid.com\/fr\/product\/pack3testo-gen-testosterone-enanhate-gold-dragon-ltd\/","title":{"rendered":"testoged E \/ TESTOSTERONE enanthate- 3 Pack"},"content":{"rendered":"<p>L&rsquo;\u00e9nanthate de testost\u00e9rone est un seul compos\u00e9 de testost\u00e9rone \u00e0 base d&rsquo;ester. Il s&rsquo;agit d&rsquo;une hormone de testost\u00e9rone synth\u00e9tique pure qui contient un ester d&rsquo;acide carboxylique attach\u00e9 \u00e0 l&rsquo;\u00e9nanthate (acide \u00e9nantho\u00efque). L&rsquo;ester lui-m\u00eame est attach\u00e9 \u00e0 l&rsquo;hormone au niveau du groupe hydroxyle 17-b\u00eata. En fixant l&rsquo;ester d&rsquo;\u00e9nanthate, cela permet un contr\u00f4le de la dur\u00e9e active des hormones et du temps de lib\u00e9ration total. Une fois inject\u00e9e, la testost\u00e9rone ne devient active que lorsque l&rsquo;ester commence \u00e0 se d\u00e9tacher de l&rsquo;hormone. Le d\u00e9tachement total ne se produit pas d&rsquo;un seul coup, mais permet une lib\u00e9ration lente et r\u00e9guli\u00e8re de l&rsquo;hormone active dans le corps. Une fois inject\u00e9, il y aura une forte augmentation de la testost\u00e9rone dans les premi\u00e8res 24 \u00e0 48 heures apr\u00e8s l&rsquo;injection. \u00c0 partir de l\u00e0, l&rsquo;hormone se s\u00e9parera et se dissipera continuellement dans le corps. \u00c0 son \u00e9poque, la testost\u00e9rone \u00e9nanthate a une demi-vie d&rsquo;environ 8 jours, ce qui permettra une injection toutes les 2 semaines dans un cadre th\u00e9rapeutique. Cependant, tous les 7 \u00e0 10 jours s&rsquo;av\u00e9reront beaucoup plus efficaces pour maintenir la stabilit\u00e9.<\/p>\n<p>Comme pour toutes les hormones de testost\u00e9rone, la testost\u00e9rone \u00e9nanthate a une note anabolique de 100 et une note androg\u00e8ne de 100. L&rsquo;hormone de testost\u00e9rone est la base par laquelle toutes les notes de tous les st\u00e9ro\u00efdes anabolisants sont mesur\u00e9es. Et contrairement aux notes de certains st\u00e9ro\u00efdes, la testost\u00e9rone se traduit parfaitement de sa nature structurelle \u00e0 sa base fonctionnelle. Cette hormone pr\u00e9sentera des niveaux \u00e9lev\u00e9s d&rsquo;activit\u00e9 anabolique et androg\u00e8ne.<\/p>\n<p>Sur une base fonctionnelle, Testosterone Enanthate est le rem\u00e8de parfait pour traiter le faible taux de testost\u00e9rone. Si vous souffrez d&rsquo;un faible taux de testost\u00e9rone, cela signifie simplement que votre corps ne produit plus suffisamment de cet androg\u00e8ne primaire par lui-m\u00eame. Comme la testost\u00e9rone \u00e9nanthate est simplement cela, la testost\u00e9rone, elle rem\u00e9diera \u00e0 la condition de faible niveau. Des millions et des millions d&rsquo;hommes dans le monde souffrent d&rsquo;un certain type de d\u00e9ficit en androg\u00e8nes de faible niveau. Aux \u00c9tats-Unis seulement, on estime que plus de 20 millions d&rsquo;hommes souffrent d&rsquo;une carence en androg\u00e8nes. Les femmes peuvent \u00e9galement souffrir d&rsquo;un faible taux de testost\u00e9rone et l&rsquo;\u00e9nanthate de testost\u00e9rone peut le traiter. Cependant, la plupart des femmes seront mieux servies avec des formes alternatives de traitement \u00e0 la testost\u00e9rone telles que des gels contenant un m\u00e9lange de testost\u00e9rone et de progest\u00e9rone ou de petites pastilles d&rsquo;implant de testost\u00e9rone comme Testopel.<\/p>","protected":false},"excerpt":{"rendered":"<p>L&rsquo;\u00e9nanthate de testost\u00e9rone est un seul compos\u00e9 de testost\u00e9rone \u00e0 base d&rsquo;ester. Il s&rsquo;agit d&rsquo;une hormone de testost\u00e9rone synth\u00e9tique pure<\/p>\n","protected":false},"featured_media":10367,"comment_status":"open","ping_status":"closed","template":"","meta":[],"product_brand":[3527],"product_cat":[69,3474],"product_tag":[],"class_list":{"0":"post-7243","1":"product","2":"type-product","3":"status-publish","4":"has-post-thumbnail","6":"product_brand-gd-gold-dragon","7":"product_cat-esteroides_inyectables","8":"product_cat-packs","10":"first","11":"instock","12":"sale","13":"shipping-taxable","14":"purchasable","15":"product-type-simple"},"yoast_head":"<!-- This site is optimized with the Yoast SEO Premium plugin v24.4 (Yoast SEO v27.0) - https:\/\/yoast.com\/product\/yoast-seo-premium-wordpress\/ -->\n<title>testoged E \/ TESTOSTERONE enanthate- 3 Pack - (Espa\u00f1ol) Esteroides en l\u00ednea<\/title>\n<meta name=\"description\" content=\"Testost\u00e9rone \u00c9nanthate est une puissante hormone synth\u00e9tique avec une demi-vie de 8 jours, parfaite pour traiter le faible taux de testost\u00e9rone et augmenter la masse musculaire.\" \/>\n<meta name=\"robots\" content=\"index, follow, max-snippet:-1, max-image-preview:large, max-video-preview:-1\" \/>\n<link rel=\"canonical\" href=\"https:\/\/iberoid.com\/fr\/product\/pack3testo-gen-testosterone-enanhate-gold-dragon-ltd\/\" \/>\n<meta property=\"og:locale\" content=\"fr_FR\" \/>\n<meta property=\"og:type\" content=\"article\" \/>\n<meta property=\"og:title\" content=\"testoged E \/ TESTOSTERONE enanthate- 3 Pack\" \/>\n<meta property=\"og:description\" content=\"Testost\u00e9rone \u00c9nanthate est une puissante hormone synth\u00e9tique avec une demi-vie de 8 jours, parfaite pour traiter le faible taux de testost\u00e9rone et augmenter la masse musculaire.\" \/>\n<meta property=\"og:url\" content=\"https:\/\/iberoid.com\/fr\/product\/pack3testo-gen-testosterone-enanhate-gold-dragon-ltd\/\" \/>\n<meta property=\"og:site_name\" content=\"(Espa\u00f1ol) Esteroides en l\u00ednea\" \/>\n<meta property=\"article:modified_time\" content=\"2026-04-01T12:04:31+00:00\" \/>\n<meta property=\"og:image\" content=\"https:\/\/iberoid.com\/wp-content\/uploads\/2022\/01\/3TESTOGEN.jpg?v=1760266547\" \/>\n\t<meta property=\"og:image:width\" content=\"1600\" \/>\n\t<meta property=\"og:image:height\" content=\"1552\" \/>\n\t<meta property=\"og:image:type\" content=\"image\/jpeg\" \/>\n<meta name=\"twitter:card\" content=\"summary_large_image\" \/>\n<meta name=\"twitter:label1\" content=\"Prix\" \/>\n\t<meta name=\"twitter:data1\" content=\"&euro;65.00\" \/>\n\t<meta name=\"twitter:label2\" content=\"Disponibilit\u00e9\" \/>\n\t<meta name=\"twitter:data2\" content=\"En stock\" \/>\n<script type=\"application\/ld+json\" class=\"yoast-schema-graph\">{\"@context\":\"https:\/\/schema.org\",\"@graph\":[{\"@type\":\"WebPage\",\"@id\":\"https:\/\/iberoid.com\/fr\/product\/pack3testo-gen-testosterone-enanhate-gold-dragon-ltd\/\",\"url\":\"https:\/\/iberoid.com\/fr\/product\/pack3testo-gen-testosterone-enanhate-gold-dragon-ltd\/\",\"name\":\"testoged E \/ TESTOSTERONE enanthate- 3 Pack - (Espa\u00f1ol) Esteroides en l\u00ednea\",\"isPartOf\":{\"@id\":\"https:\/\/iberoid.com\/fr\/#website\"},\"primaryImageOfPage\":{\"@id\":\"https:\/\/iberoid.com\/fr\/product\/pack3testo-gen-testosterone-enanhate-gold-dragon-ltd\/#primaryimage\"},\"image\":{\"@id\":\"https:\/\/iberoid.com\/fr\/product\/pack3testo-gen-testosterone-enanhate-gold-dragon-ltd\/#primaryimage\"},\"thumbnailUrl\":\"https:\/\/iberoid.com\/wp-content\/uploads\/2022\/01\/3TESTOGEN.jpg?v=1760266547\",\"datePublished\":\"2022-01-31T21:34:04+00:00\",\"dateModified\":\"2026-04-01T12:04:31+00:00\",\"description\":\"Testost\u00e9rone \u00c9nanthate est une puissante hormone synth\u00e9tique avec une demi-vie de 8 jours, parfaite pour traiter le faible taux de testost\u00e9rone et augmenter la masse musculaire.\",\"breadcrumb\":{\"@id\":\"https:\/\/iberoid.com\/fr\/product\/pack3testo-gen-testosterone-enanhate-gold-dragon-ltd\/#breadcrumb\"},\"inLanguage\":\"fr-FR\",\"potentialAction\":[{\"@type\":\"ReadAction\",\"target\":[[\"https:\/\/iberoid.com\/fr\/product\/pack3testo-gen-testosterone-enanhate-gold-dragon-ltd\/\"]]}]},{\"@type\":\"ImageObject\",\"inLanguage\":\"fr-FR\",\"@id\":\"https:\/\/iberoid.com\/fr\/product\/pack3testo-gen-testosterone-enanhate-gold-dragon-ltd\/#primaryimage\",\"url\":\"https:\/\/iberoid.com\/wp-content\/uploads\/2022\/01\/3TESTOGEN.jpg?v=1760266547\",\"contentUrl\":\"https:\/\/iberoid.com\/wp-content\/uploads\/2022\/01\/3TESTOGEN.jpg?v=1760266547\",\"width\":1600,\"height\":1552},{\"@type\":\"BreadcrumbList\",\"@id\":\"https:\/\/iberoid.com\/fr\/product\/pack3testo-gen-testosterone-enanhate-gold-dragon-ltd\/#breadcrumb\",\"itemListElement\":[{\"@type\":\"ListItem\",\"position\":1,\"name\":\"Portada\",\"item\":\"https:\/\/iberoid.com\/fr\/\"},{\"@type\":\"ListItem\",\"position\":2,\"name\":\"Magasin\",\"item\":\"https:\/\/iberoid.com\/fr\/shop\/\"},{\"@type\":\"ListItem\",\"position\":3,\"name\":\"testoged E \/ TESTOSTERONE enanthate- 3 Pack\"}]},{\"@type\":\"WebSite\",\"@id\":\"https:\/\/iberoid.com\/fr\/#website\",\"url\":\"https:\/\/iberoid.com\/fr\/\",\"name\":\"(Espa\u00f1ol) Esteroides en l\u00ednea\",\"description\":\"(Espa\u00f1ol) Comprar esteroides en l\u00ednea hoy en Espa\u00f1a y Portugal. Tenemos el mejor servicio al cliente en la industria y los productos de la m\u00e1s alta calidad\",\"potentialAction\":[{\"@type\":\"SearchAction\",\"target\":{\"@type\":\"EntryPoint\",\"urlTemplate\":\"https:\/\/iberoid.com\/fr\/?s={search_term_string}\"},\"query-input\":{\"@type\":\"PropertyValueSpecification\",\"valueRequired\":true,\"valueName\":\"search_term_string\"}}],\"inLanguage\":\"fr-FR\"}]}<\/script>\n<meta property=\"product:brand\" content=\"Golden Dragon\" \/>\n<meta property=\"product:price:amount\" content=\"65.00\" \/>\n<meta property=\"product:price:currency\" content=\"EUR\" \/>\n<meta property=\"og:availability\" content=\"instock\" \/>\n<meta property=\"product:availability\" content=\"instock\" \/>\n<meta property=\"product:condition\" content=\"new\" \/>\n<!-- \/ Yoast SEO Premium plugin. -->","yoast_head_json":{"title":"testoged E \/ TESTOSTERONE enanthate- 3 Pack - (Espa\u00f1ol) Esteroides en l\u00ednea","description":"Testost\u00e9rone \u00c9nanthate est une puissante hormone synth\u00e9tique avec une demi-vie de 8 jours, parfaite pour traiter le faible taux de testost\u00e9rone et augmenter la masse musculaire.","robots":{"index":"index","follow":"follow","max-snippet":"max-snippet:-1","max-image-preview":"max-image-preview:large","max-video-preview":"max-video-preview:-1"},"canonical":"https:\/\/iberoid.com\/fr\/product\/pack3testo-gen-testosterone-enanhate-gold-dragon-ltd\/","og_locale":"fr_FR","og_type":"article","og_title":"testoged E \/ TESTOSTERONE enanthate- 3 Pack","og_description":"Testost\u00e9rone \u00c9nanthate est une puissante hormone synth\u00e9tique avec une demi-vie de 8 jours, parfaite pour traiter le faible taux de testost\u00e9rone et augmenter la masse musculaire.","og_url":"https:\/\/iberoid.com\/fr\/product\/pack3testo-gen-testosterone-enanhate-gold-dragon-ltd\/","og_site_name":"(Espa\u00f1ol) Esteroides en l\u00ednea","article_modified_time":"2026-04-01T12:04:31+00:00","og_image":[{"width":1600,"height":1552,"url":"https:\/\/iberoid.com\/wp-content\/uploads\/2022\/01\/3TESTOGEN.jpg?v=1760266547","type":"image\/jpeg"}],"twitter_card":"summary_large_image","twitter_misc":{"Prix":"&euro;65.00","Disponibilit\u00e9":"En stock"},"schema":{"@context":"https:\/\/schema.org","@graph":[{"@type":"WebPage","@id":"https:\/\/iberoid.com\/fr\/product\/pack3testo-gen-testosterone-enanhate-gold-dragon-ltd\/","url":"https:\/\/iberoid.com\/fr\/product\/pack3testo-gen-testosterone-enanhate-gold-dragon-ltd\/","name":"testoged E \/ TESTOSTERONE enanthate- 3 Pack - (Espa\u00f1ol) Esteroides en l\u00ednea","isPartOf":{"@id":"https:\/\/iberoid.com\/fr\/#website"},"primaryImageOfPage":{"@id":"https:\/\/iberoid.com\/fr\/product\/pack3testo-gen-testosterone-enanhate-gold-dragon-ltd\/#primaryimage"},"image":{"@id":"https:\/\/iberoid.com\/fr\/product\/pack3testo-gen-testosterone-enanhate-gold-dragon-ltd\/#primaryimage"},"thumbnailUrl":"https:\/\/iberoid.com\/wp-content\/uploads\/2022\/01\/3TESTOGEN.jpg?v=1760266547","datePublished":"2022-01-31T21:34:04+00:00","dateModified":"2026-04-01T12:04:31+00:00","description":"Testost\u00e9rone \u00c9nanthate est une puissante hormone synth\u00e9tique avec une demi-vie de 8 jours, parfaite pour traiter le faible taux de testost\u00e9rone et augmenter la masse musculaire.","breadcrumb":{"@id":"https:\/\/iberoid.com\/fr\/product\/pack3testo-gen-testosterone-enanhate-gold-dragon-ltd\/#breadcrumb"},"inLanguage":"fr-FR","potentialAction":[{"@type":"ReadAction","target":[["https:\/\/iberoid.com\/fr\/product\/pack3testo-gen-testosterone-enanhate-gold-dragon-ltd\/"]]}]},{"@type":"ImageObject","inLanguage":"fr-FR","@id":"https:\/\/iberoid.com\/fr\/product\/pack3testo-gen-testosterone-enanhate-gold-dragon-ltd\/#primaryimage","url":"https:\/\/iberoid.com\/wp-content\/uploads\/2022\/01\/3TESTOGEN.jpg?v=1760266547","contentUrl":"https:\/\/iberoid.com\/wp-content\/uploads\/2022\/01\/3TESTOGEN.jpg?v=1760266547","width":1600,"height":1552},{"@type":"BreadcrumbList","@id":"https:\/\/iberoid.com\/fr\/product\/pack3testo-gen-testosterone-enanhate-gold-dragon-ltd\/#breadcrumb","itemListElement":[{"@type":"ListItem","position":1,"name":"Portada","item":"https:\/\/iberoid.com\/fr\/"},{"@type":"ListItem","position":2,"name":"Magasin","item":"https:\/\/iberoid.com\/fr\/shop\/"},{"@type":"ListItem","position":3,"name":"testoged E \/ TESTOSTERONE enanthate- 3 Pack"}]},{"@type":"WebSite","@id":"https:\/\/iberoid.com\/fr\/#website","url":"https:\/\/iberoid.com\/fr\/","name":"(Espa\u00f1ol) Esteroides en l\u00ednea","description":"(Espa\u00f1ol) Comprar esteroides en l\u00ednea hoy en Espa\u00f1a y Portugal. Tenemos el mejor servicio al cliente en la industria y los productos de la m\u00e1s alta calidad","potentialAction":[{"@type":"SearchAction","target":{"@type":"EntryPoint","urlTemplate":"https:\/\/iberoid.com\/fr\/?s={search_term_string}"},"query-input":{"@type":"PropertyValueSpecification","valueRequired":true,"valueName":"search_term_string"}}],"inLanguage":"fr-FR"}]},"product_brand":"Golden Dragon","product_price_amount":"65.00","product_price_currency":"EUR","og_availability":"instock","product_availability":"instock","product_condition":"new"},"_links":{"self":[{"href":"https:\/\/iberoid.com\/fr\/wp-json\/wp\/v2\/product\/7243","targetHints":{"allow":["GET"]}}],"collection":[{"href":"https:\/\/iberoid.com\/fr\/wp-json\/wp\/v2\/product"}],"about":[{"href":"https:\/\/iberoid.com\/fr\/wp-json\/wp\/v2\/types\/product"}],"replies":[{"embeddable":true,"href":"https:\/\/iberoid.com\/fr\/wp-json\/wp\/v2\/comments?post=7243"}],"wp:featuredmedia":[{"embeddable":true,"href":"https:\/\/iberoid.com\/fr\/wp-json\/wp\/v2\/media\/10367"}],"wp:attachment":[{"href":"https:\/\/iberoid.com\/fr\/wp-json\/wp\/v2\/media?parent=7243"}],"wp:term":[{"taxonomy":"product_brand","embeddable":true,"href":"https:\/\/iberoid.com\/fr\/wp-json\/wp\/v2\/product_brand?post=7243"},{"taxonomy":"product_cat","embeddable":true,"href":"https:\/\/iberoid.com\/fr\/wp-json\/wp\/v2\/product_cat?post=7243"},{"taxonomy":"product_tag","embeddable":true,"href":"https:\/\/iberoid.com\/fr\/wp-json\/wp\/v2\/product_tag?post=7243"}],"curies":[{"name":"wp","href":"https:\/\/api.w.org\/{rel}","templated":true}]}}