{"id":7262,"date":"2022-01-31T22:02:15","date_gmt":"2022-01-31T22:02:15","guid":{"rendered":"https:\/\/iberoid.com\/?post_type=product&#038;p=7262"},"modified":"2022-04-28T14:28:27","modified_gmt":"2022-04-28T14:28:27","slug":"pack3-proviron-25mg-100-tabletas-pharmagen","status":"publish","type":"product","link":"https:\/\/iberoid.com\/fr\/product\/pack3-proviron-25mg-100-tabletas-pharmagen\/","title":{"rendered":"Proviron 25mg \u2013 100 TABLETAS 3 Pack"},"content":{"rendered":"<p>\u2666 Nom chimique \u2666<br \/>\nMest\u00e9rolone \u2013 Qualit\u00e9 pharmaceutique\u00a0!<\/p>\n<p>\u2666 \u00c0 propos \u2666<br \/>\nExcellent compos\u00e9 \u00e0 utiliser en particulier en conjonction avec Anavar. \u00c9l\u00e8vera l&rsquo;humeur, augmentera la libido et le sentiment g\u00e9n\u00e9ral de bien-\u00eatre. Proviron a de l\u00e9g\u00e8res propri\u00e9t\u00e9s anti-\u0153strog\u00e8nes qui peuvent aider \u00e0 combattre les taux \u00e9lev\u00e9s d&rsquo;\u0153strog\u00e8nes pendant le cycle (ce qui peut causer le tissu mammaire). Excellent ajout au protocole PCT \u00e9galement bien que non vital. Proviron \u00e0 ses d\u00e9buts \u00e9tait destin\u00e9 \u00e0 \u00eatre utilis\u00e9 comme un antid\u00e9presseur tr\u00e8s doux avant de devenir de plus en plus utile aux culturistes.<\/p>\n<p>\u2666 Vie active \u2666<br \/>\n12 heures.<\/p>\n<p>\u2666 Temps de d\u00e9tection \u2666<br \/>\nApr\u00e8s une p\u00e9riode de 5 \u00e0 6 semaines, toute trace de Proviron sera \u00e9limin\u00e9e de votre syst\u00e8me \u00e0 des fins de d\u00e9pistage de drogue \u2013 \u00e9chantillons d&rsquo;urine\/de sang.<\/p>\n<p>\u2666 Dose moyenne \u2666<br \/>\n25-200mg par jour.<\/p>\n<p>\u2666 Va bien avec \u2666<br \/>\nAnavar, Test, Winstrol, Anadrol, Dianabol, la plupart des compos\u00e9s ainsi qu&rsquo;\u00e0 fortes doses maintiennent les \u0153strog\u00e8nes \u00e9lev\u00e9s sous contr\u00f4le et am\u00e9liorent l&rsquo;humeur \/ la libido \/ le sentiment de bien-\u00eatre.<\/p>\n<p>\u2666 Gain de poids\/muscle attendu \u2666<br \/>\nNe doit pas \u00eatre utilis\u00e9 pour compter sur la construction musculaire, mais un excellent compos\u00e9 de soutien pour les st\u00e9ro\u00efdes anabolisants\/androg\u00e8nes.<\/p>\n<p>\u2666 \u00c0 quelle vitesse remarquer les changements \u2666<br \/>\nAugmentation de la libido et du sentiment de bien-\u00eatre d\u00e8s la premi\u00e8re semaine.<\/p>\n<p>\u2666 Effets secondaires \u2666<br \/>\nAugmentation de la libido, sentiment de bien-\u00eatre.<\/p>","protected":false},"excerpt":{"rendered":"<p>\u2666 Nom chimique \u2666 Mest\u00e9rolone \u2013 Qualit\u00e9 pharmaceutique\u00a0! \u2666 \u00c0 propos \u2666 Excellent compos\u00e9 \u00e0 utiliser en particulier en conjonction<\/p>\n","protected":false},"featured_media":6598,"comment_status":"open","ping_status":"closed","template":"","meta":[],"product_brand":[],"product_cat":[73,3474],"product_tag":[],"class_list":{"0":"post-7262","1":"product","2":"type-product","3":"status-publish","4":"has-post-thumbnail","6":"product_cat-ssteroides_orales","7":"product_cat-packs","9":"first","10":"outofstock","11":"sale","12":"shipping-taxable","13":"purchasable","14":"product-type-simple"},"yoast_head":"<!-- This site is optimized with the Yoast SEO Premium plugin v24.4 (Yoast SEO v27.3) - https:\/\/yoast.com\/product\/yoast-seo-premium-wordpress\/ -->\n<title>Proviron 25mg \u2013 100 TABLETAS 3 Pack - (Espa\u00f1ol) Esteroides en l\u00ednea<\/title>\n<meta name=\"robots\" content=\"index, follow, max-snippet:-1, max-image-preview:large, max-video-preview:-1\" \/>\n<link rel=\"canonical\" href=\"https:\/\/iberoid.com\/fr\/product\/pack3-proviron-25mg-100-tabletas-pharmagen\/\" \/>\n<meta property=\"og:locale\" content=\"fr_FR\" \/>\n<meta property=\"og:type\" content=\"article\" \/>\n<meta property=\"og:title\" content=\"Proviron 25mg \u2013 100 TABLETAS 3 Pack\" \/>\n<meta property=\"og:description\" content=\"\u2666 Nom chimique \u2666 Mest\u00e9rolone \u2013 Qualit\u00e9 pharmaceutique\u00a0! \u2666 \u00c0 propos \u2666 Excellent compos\u00e9 \u00e0 utiliser en particulier en conjonction\" \/>\n<meta property=\"og:url\" content=\"https:\/\/iberoid.com\/fr\/product\/pack3-proviron-25mg-100-tabletas-pharmagen\/\" \/>\n<meta property=\"og:site_name\" content=\"(Espa\u00f1ol) Esteroides en l\u00ednea\" \/>\n<meta property=\"article:modified_time\" content=\"2022-04-28T14:28:27+00:00\" \/>\n<meta property=\"og:image\" content=\"https:\/\/iberoid.com\/wp-content\/uploads\/2021\/08\/Proviron-25mg-1.jpg?v=1678119966\" \/>\n\t<meta property=\"og:image:width\" content=\"2000\" \/>\n\t<meta property=\"og:image:height\" content=\"1334\" \/>\n\t<meta property=\"og:image:type\" content=\"image\/jpeg\" \/>\n<meta name=\"twitter:card\" content=\"summary_large_image\" \/>\n<meta name=\"twitter:label1\" content=\"Prix\" \/>\n\t<meta name=\"twitter:data1\" content=\"&euro;60.00\" \/>\n\t<meta name=\"twitter:label2\" content=\"Disponibilit\u00e9\" \/>\n\t<meta name=\"twitter:data2\" content=\"Rupture de stock\" \/>\n<script type=\"application\/ld+json\" class=\"yoast-schema-graph\">{\"@context\":\"https:\\\/\\\/schema.org\",\"@graph\":[{\"@type\":\"WebPage\",\"@id\":\"https:\\\/\\\/iberoid.com\\\/fr\\\/product\\\/pack3-proviron-25mg-100-tabletas-pharmagen\\\/\",\"url\":\"https:\\\/\\\/iberoid.com\\\/fr\\\/product\\\/pack3-proviron-25mg-100-tabletas-pharmagen\\\/\",\"name\":\"Proviron 25mg \u2013 100 TABLETAS 3 Pack - (Espa\u00f1ol) Esteroides en l\u00ednea\",\"isPartOf\":{\"@id\":\"https:\\\/\\\/iberoid-shop.com\\\/#website\"},\"primaryImageOfPage\":{\"@id\":\"https:\\\/\\\/iberoid.com\\\/fr\\\/product\\\/pack3-proviron-25mg-100-tabletas-pharmagen\\\/#primaryimage\"},\"image\":{\"@id\":\"https:\\\/\\\/iberoid.com\\\/fr\\\/product\\\/pack3-proviron-25mg-100-tabletas-pharmagen\\\/#primaryimage\"},\"thumbnailUrl\":\"https:\\\/\\\/iberoid.com\\\/wp-content\\\/uploads\\\/2021\\\/08\\\/Proviron-25mg-1.jpg?v=1678119966\",\"datePublished\":\"2022-01-31T22:02:15+00:00\",\"dateModified\":\"2022-04-28T14:28:27+00:00\",\"breadcrumb\":{\"@id\":\"https:\\\/\\\/iberoid.com\\\/fr\\\/product\\\/pack3-proviron-25mg-100-tabletas-pharmagen\\\/#breadcrumb\"},\"inLanguage\":\"fr-FR\",\"potentialAction\":[{\"@type\":\"ReadAction\",\"target\":[[\"https:\\\/\\\/iberoid.com\\\/fr\\\/product\\\/pack3-proviron-25mg-100-tabletas-pharmagen\\\/\"]]}]},{\"@type\":\"ImageObject\",\"inLanguage\":\"fr-FR\",\"@id\":\"https:\\\/\\\/iberoid.com\\\/fr\\\/product\\\/pack3-proviron-25mg-100-tabletas-pharmagen\\\/#primaryimage\",\"url\":\"https:\\\/\\\/iberoid.com\\\/wp-content\\\/uploads\\\/2021\\\/08\\\/Proviron-25mg-1.jpg?v=1678119966\",\"contentUrl\":\"https:\\\/\\\/iberoid.com\\\/wp-content\\\/uploads\\\/2021\\\/08\\\/Proviron-25mg-1.jpg?v=1678119966\",\"width\":2000,\"height\":1334},{\"@type\":\"BreadcrumbList\",\"@id\":\"https:\\\/\\\/iberoid.com\\\/fr\\\/product\\\/pack3-proviron-25mg-100-tabletas-pharmagen\\\/#breadcrumb\",\"itemListElement\":[{\"@type\":\"ListItem\",\"position\":1,\"name\":\"Portada\",\"item\":\"https:\\\/\\\/iberoid.com\\\/fr\\\/\"},{\"@type\":\"ListItem\",\"position\":2,\"name\":\"Magasin\",\"item\":\"https:\\\/\\\/iberoid.com\\\/fr\\\/shop\\\/\"},{\"@type\":\"ListItem\",\"position\":3,\"name\":\"Proviron 25mg \u2013 100 TABLETAS 3 Pack\"}]},{\"@type\":\"WebSite\",\"@id\":\"https:\\\/\\\/iberoid-shop.com\\\/#website\",\"url\":\"https:\\\/\\\/iberoid-shop.com\\\/\",\"name\":\"(Espa\u00f1ol) Esteroides en l\u00ednea\",\"description\":\"(Espa\u00f1ol) Comprar esteroides en l\u00ednea hoy en Espa\u00f1a y Portugal. Tenemos el mejor servicio al cliente en la industria y los productos de la m\u00e1s alta calidad\",\"potentialAction\":[{\"@type\":\"SearchAction\",\"target\":{\"@type\":\"EntryPoint\",\"urlTemplate\":\"https:\\\/\\\/iberoid-shop.com\\\/?s={search_term_string}\"},\"query-input\":{\"@type\":\"PropertyValueSpecification\",\"valueRequired\":true,\"valueName\":\"search_term_string\"}}],\"inLanguage\":\"fr-FR\"}]}<\/script>\n<meta property=\"product:brand\" content=\"Pharma Gen\" \/>\n<meta property=\"product:price:amount\" content=\"60.00\" \/>\n<meta property=\"product:price:currency\" content=\"EUR\" \/>\n<meta property=\"og:availability\" content=\"out of stock\" \/>\n<meta property=\"product:availability\" content=\"out of stock\" \/>\n<meta property=\"product:condition\" content=\"new\" \/>\n<!-- \/ Yoast SEO Premium plugin. -->","yoast_head_json":{"title":"Proviron 25mg \u2013 100 TABLETAS 3 Pack - (Espa\u00f1ol) Esteroides en l\u00ednea","robots":{"index":"index","follow":"follow","max-snippet":"max-snippet:-1","max-image-preview":"max-image-preview:large","max-video-preview":"max-video-preview:-1"},"canonical":"https:\/\/iberoid.com\/fr\/product\/pack3-proviron-25mg-100-tabletas-pharmagen\/","og_locale":"fr_FR","og_type":"article","og_title":"Proviron 25mg \u2013 100 TABLETAS 3 Pack","og_description":"\u2666 Nom chimique \u2666 Mest\u00e9rolone \u2013 Qualit\u00e9 pharmaceutique\u00a0! \u2666 \u00c0 propos \u2666 Excellent compos\u00e9 \u00e0 utiliser en particulier en conjonction","og_url":"https:\/\/iberoid.com\/fr\/product\/pack3-proviron-25mg-100-tabletas-pharmagen\/","og_site_name":"(Espa\u00f1ol) Esteroides en l\u00ednea","article_modified_time":"2022-04-28T14:28:27+00:00","og_image":[{"width":2000,"height":1334,"url":"https:\/\/iberoid.com\/wp-content\/uploads\/2021\/08\/Proviron-25mg-1.jpg?v=1678119966","type":"image\/jpeg"}],"twitter_card":"summary_large_image","twitter_misc":{"Prix":"&euro;60.00","Disponibilit\u00e9":"Rupture de stock"},"schema":{"@context":"https:\/\/schema.org","@graph":[{"@type":"WebPage","@id":"https:\/\/iberoid.com\/fr\/product\/pack3-proviron-25mg-100-tabletas-pharmagen\/","url":"https:\/\/iberoid.com\/fr\/product\/pack3-proviron-25mg-100-tabletas-pharmagen\/","name":"Proviron 25mg \u2013 100 TABLETAS 3 Pack - (Espa\u00f1ol) Esteroides en l\u00ednea","isPartOf":{"@id":"https:\/\/iberoid-shop.com\/#website"},"primaryImageOfPage":{"@id":"https:\/\/iberoid.com\/fr\/product\/pack3-proviron-25mg-100-tabletas-pharmagen\/#primaryimage"},"image":{"@id":"https:\/\/iberoid.com\/fr\/product\/pack3-proviron-25mg-100-tabletas-pharmagen\/#primaryimage"},"thumbnailUrl":"https:\/\/iberoid.com\/wp-content\/uploads\/2021\/08\/Proviron-25mg-1.jpg?v=1678119966","datePublished":"2022-01-31T22:02:15+00:00","dateModified":"2022-04-28T14:28:27+00:00","breadcrumb":{"@id":"https:\/\/iberoid.com\/fr\/product\/pack3-proviron-25mg-100-tabletas-pharmagen\/#breadcrumb"},"inLanguage":"fr-FR","potentialAction":[{"@type":"ReadAction","target":[["https:\/\/iberoid.com\/fr\/product\/pack3-proviron-25mg-100-tabletas-pharmagen\/"]]}]},{"@type":"ImageObject","inLanguage":"fr-FR","@id":"https:\/\/iberoid.com\/fr\/product\/pack3-proviron-25mg-100-tabletas-pharmagen\/#primaryimage","url":"https:\/\/iberoid.com\/wp-content\/uploads\/2021\/08\/Proviron-25mg-1.jpg?v=1678119966","contentUrl":"https:\/\/iberoid.com\/wp-content\/uploads\/2021\/08\/Proviron-25mg-1.jpg?v=1678119966","width":2000,"height":1334},{"@type":"BreadcrumbList","@id":"https:\/\/iberoid.com\/fr\/product\/pack3-proviron-25mg-100-tabletas-pharmagen\/#breadcrumb","itemListElement":[{"@type":"ListItem","position":1,"name":"Portada","item":"https:\/\/iberoid.com\/fr\/"},{"@type":"ListItem","position":2,"name":"Magasin","item":"https:\/\/iberoid.com\/fr\/shop\/"},{"@type":"ListItem","position":3,"name":"Proviron 25mg \u2013 100 TABLETAS 3 Pack"}]},{"@type":"WebSite","@id":"https:\/\/iberoid-shop.com\/#website","url":"https:\/\/iberoid-shop.com\/","name":"(Espa\u00f1ol) Esteroides en l\u00ednea","description":"(Espa\u00f1ol) Comprar esteroides en l\u00ednea hoy en Espa\u00f1a y Portugal. Tenemos el mejor servicio al cliente en la industria y los productos de la m\u00e1s alta calidad","potentialAction":[{"@type":"SearchAction","target":{"@type":"EntryPoint","urlTemplate":"https:\/\/iberoid-shop.com\/?s={search_term_string}"},"query-input":{"@type":"PropertyValueSpecification","valueRequired":true,"valueName":"search_term_string"}}],"inLanguage":"fr-FR"}]},"product_brand":"Pharma Gen","product_price_amount":"60.00","product_price_currency":"EUR","og_availability":"out of stock","product_availability":"out of stock","product_condition":"new"},"_links":{"self":[{"href":"https:\/\/iberoid.com\/fr\/wp-json\/wp\/v2\/product\/7262","targetHints":{"allow":["GET"]}}],"collection":[{"href":"https:\/\/iberoid.com\/fr\/wp-json\/wp\/v2\/product"}],"about":[{"href":"https:\/\/iberoid.com\/fr\/wp-json\/wp\/v2\/types\/product"}],"replies":[{"embeddable":true,"href":"https:\/\/iberoid.com\/fr\/wp-json\/wp\/v2\/comments?post=7262"}],"wp:featuredmedia":[{"embeddable":true,"href":"https:\/\/iberoid.com\/fr\/wp-json\/wp\/v2\/media\/6598"}],"wp:attachment":[{"href":"https:\/\/iberoid.com\/fr\/wp-json\/wp\/v2\/media?parent=7262"}],"wp:term":[{"taxonomy":"product_brand","embeddable":true,"href":"https:\/\/iberoid.com\/fr\/wp-json\/wp\/v2\/product_brand?post=7262"},{"taxonomy":"product_cat","embeddable":true,"href":"https:\/\/iberoid.com\/fr\/wp-json\/wp\/v2\/product_cat?post=7262"},{"taxonomy":"product_tag","embeddable":true,"href":"https:\/\/iberoid.com\/fr\/wp-json\/wp\/v2\/product_tag?post=7262"}],"curies":[{"name":"wp","href":"https:\/\/api.w.org\/{rel}","templated":true}]}}