{"id":7377,"date":"2022-03-04T20:08:45","date_gmt":"2022-03-04T20:08:45","guid":{"rendered":"https:\/\/iberoid.com\/?post_type=product&#038;p=7377"},"modified":"2023-08-12T15:27:59","modified_gmt":"2023-08-12T15:27:59","slug":"methandriol-dipropionate-75-mg-ml-10-ml-sp-laboratories","status":"publish","type":"product","link":"https:\/\/iberoid.com\/fr\/product\/methandriol-dipropionate-75-mg-ml-10-ml-sp-laboratories\/","title":{"rendered":"SP Methandriol 75mg"},"content":{"rendered":"<p>Le m\u00e9thandriol 75 mg\/ml (dipropionate de m\u00e9thandriol) est une forme de m\u00e9thandriol dissous dans l&rsquo;eau, mais le dipropionate de m\u00e9thandriol reste efficace plus longtemps. D&rsquo;une part, le dipropionate de m\u00e9thandriol peut \u00eatre dissous dans de l&rsquo;huile \u00e0 des fins d&rsquo;injection et, d&rsquo;autre part, le dipropionate de m\u00e9thandriol est produit sous forme de comprim\u00e9s car il est \u00e9galement efficace lorsqu&rsquo;il est pris par voie orale. et composant androg\u00e8ne afin qu&rsquo;il soit adapt\u00e9 \u00e0 l&rsquo;accumulation de force et de masse musculaire. L&rsquo;effet peut \u00eatre compar\u00e9 \u00e0 un croisement entre Deca-Durabolin et l&rsquo;\u00e9nanthate de testost\u00e9rone. Comme la testost\u00e9rone, il contribue \u00e0 un gain de force et de muscle mais ne retient pas plus d&rsquo;eau que Deca-Durabolin.<\/p>\n<p>Cependant, les meilleurs r\u00e9sultats peuvent \u00eatre obtenus si Methandriol 75mg\/ml n&rsquo;est pas pris seul mais en association avec un autre st\u00e9ro\u00efde. En effet, SP Methandriol 75mg\/ml est capable d&rsquo;amplifier les effets d&rsquo;autres compos\u00e9s st\u00e9ro\u00efdiens. Pour ce faire, il sensibilise de plus en plus les r\u00e9cepteurs androg\u00e8nes de la cellule musculaire, permettant \u00e0 une plus grande quantit\u00e9 de mol\u00e9cules st\u00e9ro\u00efdiennes des st\u00e9ro\u00efdes pris en plus d&rsquo;\u00eatre absorb\u00e9es par les r\u00e9cepteurs. Cela explique \u00e9galement pourquoi le SP injectable Methandriol 75\u00a0mg\/ml (Methandriol Dipropionate) n&rsquo;est disponible aujourd&rsquo;hui qu&rsquo;en tant que compos\u00e9 combin\u00e9 avec une substance st\u00e9ro\u00efde suppl\u00e9mentaire. Le Methandriol 75\u00a0mg\/ml (Methandriol Dipropionate) n&rsquo;est disponible que dans les st\u00e9ro\u00efdes v\u00e9t\u00e9rinaires australiens\u00a0Drive, Spectriol, Geldabol et Filibol. Forte pour que l&rsquo;approvisionnement du compos\u00e9 soit difficile.<\/p>\n<p>Les quelques athl\u00e8tes utilisant ce m\u00e9dicament rapportent de bons gains de force, un gain musculaire solide et une faible r\u00e9tention d&rsquo;eau. Les st\u00e9ro\u00efdes combin\u00e9s ne aromatisent que l\u00e9g\u00e8rement donc, lors de la prise uniquement de SP Methandriol 75mg\/ml (Methandriol Dipropionate), l&rsquo;utilisation d&rsquo;anti-\u0153strog\u00e8nes est peut-\u00eatre appropri\u00e9e. La forme injectable n&rsquo;est que peu toxique.<\/p>\n<p>La posologie habituelle pour les athl\u00e8tes est de 100 mg tous les 2-3 jours. En Europe, seule la forme orale de SP Methandriol 75mg\/ml (Methandriol Dipropionate) est disponible. Dans ce cas \u00e9galement, il est avantageux de combiner M.D. avec un autre st\u00e9ro\u00efde, de pr\u00e9f\u00e9rence injectable. La dose quotidienne normale est de 40 \u00e0 60 mg et est g\u00e9n\u00e9ralement prise en 2 \u00e0 3 doses individuelles r\u00e9parties sur une journ\u00e9e. Les comprim\u00e9s ne sont g\u00e9n\u00e9ralement pris que pendant 4 \u00e0 6 semaines car l&rsquo;effet diminue rapidement, n\u00e9cessitant ainsi des doses plus \u00e9lev\u00e9es. Ils sont \u00e9galement I 7-alpha alkyl\u00e9s, de sorte que m\u00eame un faible dosage et une courte consommation peuvent endommager le foie. En raison de son effet androg\u00e8ne, les femmes utilisent rarement SP Methandriol 75 mg\/ml (dipropionate de m\u00e9thandriol). Les effets secondaires possibles de la forme comprim\u00e9 peuvent \u00eatre des niveaux \u00e9lev\u00e9s de toxines h\u00e9patiques, des douleurs gastro-intestinales, de l&rsquo;acn\u00e9, de la gyn\u00e9comastie,<\/p>","protected":false},"excerpt":{"rendered":"<p>Le m\u00e9thandriol 75 mg\/ml (dipropionate de m\u00e9thandriol) est une forme de m\u00e9thandriol dissous dans l&rsquo;eau, mais le dipropionate de m\u00e9thandriol<\/p>\n","protected":false},"featured_media":7378,"comment_status":"open","ping_status":"closed","template":"","meta":[],"product_brand":[],"product_cat":[69],"product_tag":[],"class_list":{"0":"post-7377","1":"product","2":"type-product","3":"status-publish","4":"has-post-thumbnail","6":"product_cat-esteroides_inyectables","8":"first","9":"outofstock","10":"sale","11":"shipping-taxable","12":"purchasable","13":"product-type-simple"},"yoast_head":"<!-- This site is optimized with the Yoast SEO Premium plugin v24.4 (Yoast SEO v27.3) - https:\/\/yoast.com\/product\/yoast-seo-premium-wordpress\/ -->\n<title>SP Methandriol 75mg - (Espa\u00f1ol) Esteroides en l\u00ednea<\/title>\n<meta name=\"robots\" content=\"index, follow, max-snippet:-1, max-image-preview:large, max-video-preview:-1\" \/>\n<link rel=\"canonical\" href=\"https:\/\/iberoid.com\/fr\/product\/methandriol-dipropionate-75-mg-ml-10-ml-sp-laboratories\/\" \/>\n<meta property=\"og:locale\" content=\"fr_FR\" \/>\n<meta property=\"og:type\" content=\"article\" \/>\n<meta property=\"og:title\" content=\"SP Methandriol 75mg\" \/>\n<meta property=\"og:description\" content=\"Le m\u00e9thandriol 75 mg\/ml (dipropionate de m\u00e9thandriol) est une forme de m\u00e9thandriol dissous dans l&rsquo;eau, mais le dipropionate de m\u00e9thandriol\" \/>\n<meta property=\"og:url\" content=\"https:\/\/iberoid.com\/fr\/product\/methandriol-dipropionate-75-mg-ml-10-ml-sp-laboratories\/\" \/>\n<meta property=\"og:site_name\" content=\"(Espa\u00f1ol) Esteroides en l\u00ednea\" \/>\n<meta property=\"article:modified_time\" content=\"2023-08-12T15:27:59+00:00\" \/>\n<meta property=\"og:image\" content=\"https:\/\/iberoid.com\/wp-content\/uploads\/2022\/03\/Methandriol_Dipropionate_sp_lab-500x500-1.jpg?v=1690929355\" \/>\n\t<meta property=\"og:image:width\" content=\"500\" \/>\n\t<meta property=\"og:image:height\" content=\"500\" \/>\n\t<meta property=\"og:image:type\" content=\"image\/jpeg\" \/>\n<meta name=\"twitter:card\" content=\"summary_large_image\" \/>\n<meta name=\"twitter:label1\" content=\"Prix\" \/>\n\t<meta name=\"twitter:data1\" content=\"&euro;30.00\" \/>\n\t<meta name=\"twitter:label2\" content=\"Disponibilit\u00e9\" \/>\n\t<meta name=\"twitter:data2\" content=\"Rupture de stock\" \/>\n<script type=\"application\/ld+json\" class=\"yoast-schema-graph\">{\"@context\":\"https:\\\/\\\/schema.org\",\"@graph\":[{\"@type\":\"WebPage\",\"@id\":\"https:\\\/\\\/iberoid.com\\\/fr\\\/product\\\/methandriol-dipropionate-75-mg-ml-10-ml-sp-laboratories\\\/\",\"url\":\"https:\\\/\\\/iberoid.com\\\/fr\\\/product\\\/methandriol-dipropionate-75-mg-ml-10-ml-sp-laboratories\\\/\",\"name\":\"SP Methandriol 75mg - (Espa\u00f1ol) Esteroides en l\u00ednea\",\"isPartOf\":{\"@id\":\"https:\\\/\\\/iberoid.com\\\/fr\\\/#website\"},\"primaryImageOfPage\":{\"@id\":\"https:\\\/\\\/iberoid.com\\\/fr\\\/product\\\/methandriol-dipropionate-75-mg-ml-10-ml-sp-laboratories\\\/#primaryimage\"},\"image\":{\"@id\":\"https:\\\/\\\/iberoid.com\\\/fr\\\/product\\\/methandriol-dipropionate-75-mg-ml-10-ml-sp-laboratories\\\/#primaryimage\"},\"thumbnailUrl\":\"https:\\\/\\\/iberoid.com\\\/wp-content\\\/uploads\\\/2022\\\/03\\\/Methandriol_Dipropionate_sp_lab-500x500-1.jpg?v=1690929355\",\"datePublished\":\"2022-03-04T20:08:45+00:00\",\"dateModified\":\"2023-08-12T15:27:59+00:00\",\"breadcrumb\":{\"@id\":\"https:\\\/\\\/iberoid.com\\\/fr\\\/product\\\/methandriol-dipropionate-75-mg-ml-10-ml-sp-laboratories\\\/#breadcrumb\"},\"inLanguage\":\"fr-FR\",\"potentialAction\":[{\"@type\":\"ReadAction\",\"target\":[[\"https:\\\/\\\/iberoid.com\\\/fr\\\/product\\\/methandriol-dipropionate-75-mg-ml-10-ml-sp-laboratories\\\/\"]]}]},{\"@type\":\"ImageObject\",\"inLanguage\":\"fr-FR\",\"@id\":\"https:\\\/\\\/iberoid.com\\\/fr\\\/product\\\/methandriol-dipropionate-75-mg-ml-10-ml-sp-laboratories\\\/#primaryimage\",\"url\":\"https:\\\/\\\/iberoid.com\\\/wp-content\\\/uploads\\\/2022\\\/03\\\/Methandriol_Dipropionate_sp_lab-500x500-1.jpg?v=1690929355\",\"contentUrl\":\"https:\\\/\\\/iberoid.com\\\/wp-content\\\/uploads\\\/2022\\\/03\\\/Methandriol_Dipropionate_sp_lab-500x500-1.jpg?v=1690929355\",\"width\":500,\"height\":500},{\"@type\":\"BreadcrumbList\",\"@id\":\"https:\\\/\\\/iberoid.com\\\/fr\\\/product\\\/methandriol-dipropionate-75-mg-ml-10-ml-sp-laboratories\\\/#breadcrumb\",\"itemListElement\":[{\"@type\":\"ListItem\",\"position\":1,\"name\":\"Portada\",\"item\":\"https:\\\/\\\/iberoid.com\\\/fr\\\/\"},{\"@type\":\"ListItem\",\"position\":2,\"name\":\"Magasin\",\"item\":\"https:\\\/\\\/iberoid.com\\\/fr\\\/shop\\\/\"},{\"@type\":\"ListItem\",\"position\":3,\"name\":\"SP Methandriol 75mg\"}]},{\"@type\":\"WebSite\",\"@id\":\"https:\\\/\\\/iberoid.com\\\/fr\\\/#website\",\"url\":\"https:\\\/\\\/iberoid.com\\\/fr\\\/\",\"name\":\"(Espa\u00f1ol) Esteroides en l\u00ednea\",\"description\":\"(Espa\u00f1ol) Comprar esteroides en l\u00ednea hoy en Espa\u00f1a y Portugal. Tenemos el mejor servicio al cliente en la industria y los productos de la m\u00e1s alta calidad\",\"potentialAction\":[{\"@type\":\"SearchAction\",\"target\":{\"@type\":\"EntryPoint\",\"urlTemplate\":\"https:\\\/\\\/iberoid.com\\\/fr\\\/?s={search_term_string}\"},\"query-input\":{\"@type\":\"PropertyValueSpecification\",\"valueRequired\":true,\"valueName\":\"search_term_string\"}}],\"inLanguage\":\"fr-FR\"}]}<\/script>\n<meta property=\"product:brand\" content=\"SP Laboratories\" \/>\n<meta property=\"product:price:amount\" content=\"30.00\" \/>\n<meta property=\"product:price:currency\" content=\"EUR\" \/>\n<meta property=\"og:availability\" content=\"out of stock\" \/>\n<meta property=\"product:availability\" content=\"out of stock\" \/>\n<meta property=\"product:condition\" content=\"new\" \/>\n<!-- \/ Yoast SEO Premium plugin. -->","yoast_head_json":{"title":"SP Methandriol 75mg - (Espa\u00f1ol) Esteroides en l\u00ednea","robots":{"index":"index","follow":"follow","max-snippet":"max-snippet:-1","max-image-preview":"max-image-preview:large","max-video-preview":"max-video-preview:-1"},"canonical":"https:\/\/iberoid.com\/fr\/product\/methandriol-dipropionate-75-mg-ml-10-ml-sp-laboratories\/","og_locale":"fr_FR","og_type":"article","og_title":"SP Methandriol 75mg","og_description":"Le m\u00e9thandriol 75 mg\/ml (dipropionate de m\u00e9thandriol) est une forme de m\u00e9thandriol dissous dans l&rsquo;eau, mais le dipropionate de m\u00e9thandriol","og_url":"https:\/\/iberoid.com\/fr\/product\/methandriol-dipropionate-75-mg-ml-10-ml-sp-laboratories\/","og_site_name":"(Espa\u00f1ol) Esteroides en l\u00ednea","article_modified_time":"2023-08-12T15:27:59+00:00","og_image":[{"width":500,"height":500,"url":"https:\/\/iberoid.com\/wp-content\/uploads\/2022\/03\/Methandriol_Dipropionate_sp_lab-500x500-1.jpg?v=1690929355","type":"image\/jpeg"}],"twitter_card":"summary_large_image","twitter_misc":{"Prix":"&euro;30.00","Disponibilit\u00e9":"Rupture de stock"},"schema":{"@context":"https:\/\/schema.org","@graph":[{"@type":"WebPage","@id":"https:\/\/iberoid.com\/fr\/product\/methandriol-dipropionate-75-mg-ml-10-ml-sp-laboratories\/","url":"https:\/\/iberoid.com\/fr\/product\/methandriol-dipropionate-75-mg-ml-10-ml-sp-laboratories\/","name":"SP Methandriol 75mg - (Espa\u00f1ol) Esteroides en l\u00ednea","isPartOf":{"@id":"https:\/\/iberoid.com\/fr\/#website"},"primaryImageOfPage":{"@id":"https:\/\/iberoid.com\/fr\/product\/methandriol-dipropionate-75-mg-ml-10-ml-sp-laboratories\/#primaryimage"},"image":{"@id":"https:\/\/iberoid.com\/fr\/product\/methandriol-dipropionate-75-mg-ml-10-ml-sp-laboratories\/#primaryimage"},"thumbnailUrl":"https:\/\/iberoid.com\/wp-content\/uploads\/2022\/03\/Methandriol_Dipropionate_sp_lab-500x500-1.jpg?v=1690929355","datePublished":"2022-03-04T20:08:45+00:00","dateModified":"2023-08-12T15:27:59+00:00","breadcrumb":{"@id":"https:\/\/iberoid.com\/fr\/product\/methandriol-dipropionate-75-mg-ml-10-ml-sp-laboratories\/#breadcrumb"},"inLanguage":"fr-FR","potentialAction":[{"@type":"ReadAction","target":[["https:\/\/iberoid.com\/fr\/product\/methandriol-dipropionate-75-mg-ml-10-ml-sp-laboratories\/"]]}]},{"@type":"ImageObject","inLanguage":"fr-FR","@id":"https:\/\/iberoid.com\/fr\/product\/methandriol-dipropionate-75-mg-ml-10-ml-sp-laboratories\/#primaryimage","url":"https:\/\/iberoid.com\/wp-content\/uploads\/2022\/03\/Methandriol_Dipropionate_sp_lab-500x500-1.jpg?v=1690929355","contentUrl":"https:\/\/iberoid.com\/wp-content\/uploads\/2022\/03\/Methandriol_Dipropionate_sp_lab-500x500-1.jpg?v=1690929355","width":500,"height":500},{"@type":"BreadcrumbList","@id":"https:\/\/iberoid.com\/fr\/product\/methandriol-dipropionate-75-mg-ml-10-ml-sp-laboratories\/#breadcrumb","itemListElement":[{"@type":"ListItem","position":1,"name":"Portada","item":"https:\/\/iberoid.com\/fr\/"},{"@type":"ListItem","position":2,"name":"Magasin","item":"https:\/\/iberoid.com\/fr\/shop\/"},{"@type":"ListItem","position":3,"name":"SP Methandriol 75mg"}]},{"@type":"WebSite","@id":"https:\/\/iberoid.com\/fr\/#website","url":"https:\/\/iberoid.com\/fr\/","name":"(Espa\u00f1ol) Esteroides en l\u00ednea","description":"(Espa\u00f1ol) Comprar esteroides en l\u00ednea hoy en Espa\u00f1a y Portugal. Tenemos el mejor servicio al cliente en la industria y los productos de la m\u00e1s alta calidad","potentialAction":[{"@type":"SearchAction","target":{"@type":"EntryPoint","urlTemplate":"https:\/\/iberoid.com\/fr\/?s={search_term_string}"},"query-input":{"@type":"PropertyValueSpecification","valueRequired":true,"valueName":"search_term_string"}}],"inLanguage":"fr-FR"}]},"product_brand":"SP Laboratories","product_price_amount":"30.00","product_price_currency":"EUR","og_availability":"out of stock","product_availability":"out of stock","product_condition":"new"},"_links":{"self":[{"href":"https:\/\/iberoid.com\/fr\/wp-json\/wp\/v2\/product\/7377","targetHints":{"allow":["GET"]}}],"collection":[{"href":"https:\/\/iberoid.com\/fr\/wp-json\/wp\/v2\/product"}],"about":[{"href":"https:\/\/iberoid.com\/fr\/wp-json\/wp\/v2\/types\/product"}],"replies":[{"embeddable":true,"href":"https:\/\/iberoid.com\/fr\/wp-json\/wp\/v2\/comments?post=7377"}],"wp:featuredmedia":[{"embeddable":true,"href":"https:\/\/iberoid.com\/fr\/wp-json\/wp\/v2\/media\/7378"}],"wp:attachment":[{"href":"https:\/\/iberoid.com\/fr\/wp-json\/wp\/v2\/media?parent=7377"}],"wp:term":[{"taxonomy":"product_brand","embeddable":true,"href":"https:\/\/iberoid.com\/fr\/wp-json\/wp\/v2\/product_brand?post=7377"},{"taxonomy":"product_cat","embeddable":true,"href":"https:\/\/iberoid.com\/fr\/wp-json\/wp\/v2\/product_cat?post=7377"},{"taxonomy":"product_tag","embeddable":true,"href":"https:\/\/iberoid.com\/fr\/wp-json\/wp\/v2\/product_tag?post=7377"}],"curies":[{"name":"wp","href":"https:\/\/api.w.org\/{rel}","templated":true}]}}