{"id":7381,"date":"2022-03-04T20:16:49","date_gmt":"2022-03-04T20:16:49","guid":{"rendered":"https:\/\/iberoid.com\/?post_type=product&#038;p=7381"},"modified":"2022-05-27T13:39:00","modified_gmt":"2022-05-27T13:39:00","slug":"sp-masteron-1ml-5-ampollas-caja","status":"publish","type":"product","link":"https:\/\/iberoid.com\/fr\/product\/sp-masteron-1ml-5-ampollas-caja\/","title":{"rendered":"Sp Masteron 100mg 10x1ml"},"content":{"rendered":"<p><strong>SP LABS MASTERON 100mg 10x1ml<\/strong><\/p>\n<p><strong>MASTERON, PROPIONATE DE DROSTANOLON<\/strong><\/p>\n<p>Masteron sera affich\u00e9 de la mani\u00e8re la plus efficace pendant un cycle de coupe. Cependant, pour que les effets soient vraiment appr\u00e9ci\u00e9s, l&rsquo;individu devra \u00eatre extr\u00eamement maigre. C&rsquo;est pourquoi l&rsquo;hormone se trouvera le plus souvent \u00e0 la fin des cycles de pr\u00e9paration aux concours de musculation, car l&rsquo;individu devrait d\u00e9j\u00e0 \u00eatre assez maigre \u00e0 ce stade. Le Masteron ajout\u00e9 l&rsquo;aidera \u00e0 perdre ce dernier morceau de graisse qui s&rsquo;accroche souvent \u00e0 une vie ch\u00e8re \u00e0 la fin d&rsquo;un cycle. Cela garantira \u00e9galement que son physique appara\u00eet aussi dur que possible. Bien s\u00fbr, l&rsquo;effet anti-\u0153strog\u00e9nique ne fera que rehausser cet aspect g\u00e9n\u00e9ral. Pour ceux qui ne sont pas des bodybuilders comp\u00e9titifs, il est possible que les effets de Masteron ne soient pas si perceptibles. La personne qui a moins de 10% de graisse corporelle devrait \u00eatre en mesure de remarquer certains r\u00e9sultats et de produire un aspect plus dur et plus sec, mais bien au-dessus de 10% et les effets peuvent ne pas \u00eatre si prononc\u00e9s.<\/p>\n<p>En tant qu&rsquo;androg\u00e8ne puissant, Masteron peut b\u00e9n\u00e9ficier \u00e0 l&rsquo;athl\u00e8te \u00e0 la recherche d&rsquo;un regain de force. Cela peut \u00eatre un st\u00e9ro\u00efde tr\u00e8s b\u00e9n\u00e9fique pour un athl\u00e8te qui suit un r\u00e9gime hypocalorique dans le but de maintenir un poids corporel sp\u00e9cifique n\u00e9cessaire \u00e0 sa poursuite. L&rsquo;individu pourrait facilement profiter d&rsquo;augmentations mod\u00e9r\u00e9es de sa force et d&rsquo;une l\u00e9g\u00e8re am\u00e9lioration de sa r\u00e9cup\u00e9ration et de son endurance musculaire sans gain de poids corporel ind\u00e9sirable.<\/p>\n<p>En tant qu&rsquo;agent de charge, les effets de Masteron s&rsquo;av\u00e9reront plut\u00f4t faibles. Il est possible que l&rsquo;hormone puisse fournir des gains de masse similaires \u00e0 Primobolan Depot, qui ne sera pas aussi fort non plus, si la dose totale \u00e9tait suffisamment \u00e9lev\u00e9e. Cependant, le gain relatif de taille sera tr\u00e8s mod\u00e9r\u00e9, de nombreux st\u00e9ro\u00efdes anabolisants \u00e9tant bien plus adapt\u00e9s \u00e0 cette p\u00e9riode de suppl\u00e9mentation en st\u00e9ro\u00efdes. Il y a ceux qui souhaitent inclure Masteron dans un plan de gonflement pour ses effets anti-\u0153strog\u00e9niques et de perte de graisse. Ce dernier garantirait qu&rsquo;ils minimisent leur gain de graisse corporelle pendant les phases de gonflement hors saison, mais ce n&rsquo;est pas une raison suffisante pour l&rsquo;utiliser dans cette phase. La graisse corporelle devrait \u00eatre contr\u00f4lable sans elle. En ce qui concerne les effets anti-oestrog\u00e9niques, les cycles hors saison sont normalement compos\u00e9s de grandes quantit\u00e9s d&rsquo;activit\u00e9 aromatase en raison de fortes doses de testost\u00e9rone. L&rsquo;activit\u00e9 de la progest\u00e9rone est \u00e9galement g\u00e9n\u00e9ralement \u00e9lev\u00e9e avec l&rsquo;ajout de compos\u00e9s de nandrolone et \u00e9ventuellement de trenbolone. Envisagez d&rsquo;ajouter Anadrol ou Dianabol et cette activit\u00e9 \u0153strog\u00e9nique peut devenir tr\u00e8s prononc\u00e9e. Malheureusement, tout en poss\u00e9dant des effets anti-\u0153strog\u00e9niques, Masteron ne sera pas assez puissant pour combattre ce niveau d&rsquo;activit\u00e9 \u0153strog\u00e9nique.<\/p>","protected":false},"excerpt":{"rendered":"<p>SP LABS MASTERON 100mg 10x1ml MASTERON, PROPIONATE DE DROSTANOLON Masteron sera affich\u00e9 de la mani\u00e8re la plus efficace pendant un<\/p>\n","protected":false},"featured_media":7382,"comment_status":"open","ping_status":"closed","template":"","meta":[],"product_brand":[],"product_cat":[69],"product_tag":[],"class_list":{"0":"post-7381","1":"product","2":"type-product","3":"status-publish","4":"has-post-thumbnail","6":"product_cat-esteroides_inyectables","8":"first","9":"outofstock","10":"sale","11":"shipping-taxable","12":"purchasable","13":"product-type-simple"},"yoast_head":"<!-- This site is optimized with the Yoast SEO Premium plugin v24.4 (Yoast SEO v27.3) - https:\/\/yoast.com\/product\/yoast-seo-premium-wordpress\/ -->\n<title>Sp Masteron 100mg 10x1ml - (Espa\u00f1ol) Esteroides en l\u00ednea<\/title>\n<meta name=\"robots\" content=\"index, follow, max-snippet:-1, max-image-preview:large, max-video-preview:-1\" \/>\n<link rel=\"canonical\" href=\"https:\/\/iberoid.com\/fr\/product\/sp-masteron-1ml-5-ampollas-caja\/\" \/>\n<meta property=\"og:locale\" content=\"fr_FR\" \/>\n<meta property=\"og:type\" content=\"article\" \/>\n<meta property=\"og:title\" content=\"Sp Masteron 100mg 10x1ml\" \/>\n<meta property=\"og:description\" content=\"SP LABS MASTERON 100mg 10x1ml MASTERON, PROPIONATE DE DROSTANOLON Masteron sera affich\u00e9 de la mani\u00e8re la plus efficace pendant un\" \/>\n<meta property=\"og:url\" content=\"https:\/\/iberoid.com\/fr\/product\/sp-masteron-1ml-5-ampollas-caja\/\" \/>\n<meta property=\"og:site_name\" content=\"(Espa\u00f1ol) Esteroides en l\u00ednea\" \/>\n<meta property=\"article:modified_time\" content=\"2022-05-27T13:39:00+00:00\" \/>\n<meta property=\"og:image\" content=\"https:\/\/iberoid.com\/wp-content\/uploads\/2022\/03\/SP-MASTERON-1ML-500x500-1.jpg?v=1678119914\" \/>\n\t<meta property=\"og:image:width\" content=\"500\" \/>\n\t<meta property=\"og:image:height\" content=\"500\" \/>\n\t<meta property=\"og:image:type\" content=\"image\/jpeg\" \/>\n<meta name=\"twitter:card\" content=\"summary_large_image\" \/>\n<meta name=\"twitter:label1\" content=\"Prix\" \/>\n\t<meta name=\"twitter:data1\" content=\"&euro;30.00\" \/>\n\t<meta name=\"twitter:label2\" content=\"Disponibilit\u00e9\" \/>\n\t<meta name=\"twitter:data2\" content=\"Rupture de stock\" \/>\n<script type=\"application\/ld+json\" class=\"yoast-schema-graph\">{\"@context\":\"https:\\\/\\\/schema.org\",\"@graph\":[{\"@type\":\"WebPage\",\"@id\":\"https:\\\/\\\/iberoid.com\\\/fr\\\/product\\\/sp-masteron-1ml-5-ampollas-caja\\\/\",\"url\":\"https:\\\/\\\/iberoid.com\\\/fr\\\/product\\\/sp-masteron-1ml-5-ampollas-caja\\\/\",\"name\":\"Sp Masteron 100mg 10x1ml - (Espa\u00f1ol) Esteroides en l\u00ednea\",\"isPartOf\":{\"@id\":\"https:\\\/\\\/iberoid.com\\\/fr\\\/#website\"},\"primaryImageOfPage\":{\"@id\":\"https:\\\/\\\/iberoid.com\\\/fr\\\/product\\\/sp-masteron-1ml-5-ampollas-caja\\\/#primaryimage\"},\"image\":{\"@id\":\"https:\\\/\\\/iberoid.com\\\/fr\\\/product\\\/sp-masteron-1ml-5-ampollas-caja\\\/#primaryimage\"},\"thumbnailUrl\":\"https:\\\/\\\/iberoid.com\\\/wp-content\\\/uploads\\\/2022\\\/03\\\/SP-MASTERON-1ML-500x500-1.jpg?v=1678119914\",\"datePublished\":\"2022-03-04T20:16:49+00:00\",\"dateModified\":\"2022-05-27T13:39:00+00:00\",\"breadcrumb\":{\"@id\":\"https:\\\/\\\/iberoid.com\\\/fr\\\/product\\\/sp-masteron-1ml-5-ampollas-caja\\\/#breadcrumb\"},\"inLanguage\":\"fr-FR\",\"potentialAction\":[{\"@type\":\"ReadAction\",\"target\":[[\"https:\\\/\\\/iberoid.com\\\/fr\\\/product\\\/sp-masteron-1ml-5-ampollas-caja\\\/\"]]}]},{\"@type\":\"ImageObject\",\"inLanguage\":\"fr-FR\",\"@id\":\"https:\\\/\\\/iberoid.com\\\/fr\\\/product\\\/sp-masteron-1ml-5-ampollas-caja\\\/#primaryimage\",\"url\":\"https:\\\/\\\/iberoid.com\\\/wp-content\\\/uploads\\\/2022\\\/03\\\/SP-MASTERON-1ML-500x500-1.jpg?v=1678119914\",\"contentUrl\":\"https:\\\/\\\/iberoid.com\\\/wp-content\\\/uploads\\\/2022\\\/03\\\/SP-MASTERON-1ML-500x500-1.jpg?v=1678119914\",\"width\":500,\"height\":500},{\"@type\":\"BreadcrumbList\",\"@id\":\"https:\\\/\\\/iberoid.com\\\/fr\\\/product\\\/sp-masteron-1ml-5-ampollas-caja\\\/#breadcrumb\",\"itemListElement\":[{\"@type\":\"ListItem\",\"position\":1,\"name\":\"Portada\",\"item\":\"https:\\\/\\\/iberoid.com\\\/fr\\\/\"},{\"@type\":\"ListItem\",\"position\":2,\"name\":\"Magasin\",\"item\":\"https:\\\/\\\/iberoid.com\\\/fr\\\/shop\\\/\"},{\"@type\":\"ListItem\",\"position\":3,\"name\":\"Sp Masteron 100mg 10x1ml\"}]},{\"@type\":\"WebSite\",\"@id\":\"https:\\\/\\\/iberoid.com\\\/fr\\\/#website\",\"url\":\"https:\\\/\\\/iberoid.com\\\/fr\\\/\",\"name\":\"(Espa\u00f1ol) Esteroides en l\u00ednea\",\"description\":\"(Espa\u00f1ol) Comprar esteroides en l\u00ednea hoy en Espa\u00f1a y Portugal. Tenemos el mejor servicio al cliente en la industria y los productos de la m\u00e1s alta calidad\",\"potentialAction\":[{\"@type\":\"SearchAction\",\"target\":{\"@type\":\"EntryPoint\",\"urlTemplate\":\"https:\\\/\\\/iberoid.com\\\/fr\\\/?s={search_term_string}\"},\"query-input\":{\"@type\":\"PropertyValueSpecification\",\"valueRequired\":true,\"valueName\":\"search_term_string\"}}],\"inLanguage\":\"fr-FR\"}]}<\/script>\n<meta property=\"product:brand\" content=\"SP Laboratories\" \/>\n<meta property=\"product:price:amount\" content=\"30.00\" \/>\n<meta property=\"product:price:currency\" content=\"EUR\" \/>\n<meta property=\"og:availability\" content=\"out of stock\" \/>\n<meta property=\"product:availability\" content=\"out of stock\" \/>\n<meta property=\"product:condition\" content=\"new\" \/>\n<!-- \/ Yoast SEO Premium plugin. -->","yoast_head_json":{"title":"Sp Masteron 100mg 10x1ml - (Espa\u00f1ol) Esteroides en l\u00ednea","robots":{"index":"index","follow":"follow","max-snippet":"max-snippet:-1","max-image-preview":"max-image-preview:large","max-video-preview":"max-video-preview:-1"},"canonical":"https:\/\/iberoid.com\/fr\/product\/sp-masteron-1ml-5-ampollas-caja\/","og_locale":"fr_FR","og_type":"article","og_title":"Sp Masteron 100mg 10x1ml","og_description":"SP LABS MASTERON 100mg 10x1ml MASTERON, PROPIONATE DE DROSTANOLON Masteron sera affich\u00e9 de la mani\u00e8re la plus efficace pendant un","og_url":"https:\/\/iberoid.com\/fr\/product\/sp-masteron-1ml-5-ampollas-caja\/","og_site_name":"(Espa\u00f1ol) Esteroides en l\u00ednea","article_modified_time":"2022-05-27T13:39:00+00:00","og_image":[{"width":500,"height":500,"url":"https:\/\/iberoid.com\/wp-content\/uploads\/2022\/03\/SP-MASTERON-1ML-500x500-1.jpg?v=1678119914","type":"image\/jpeg"}],"twitter_card":"summary_large_image","twitter_misc":{"Prix":"&euro;30.00","Disponibilit\u00e9":"Rupture de stock"},"schema":{"@context":"https:\/\/schema.org","@graph":[{"@type":"WebPage","@id":"https:\/\/iberoid.com\/fr\/product\/sp-masteron-1ml-5-ampollas-caja\/","url":"https:\/\/iberoid.com\/fr\/product\/sp-masteron-1ml-5-ampollas-caja\/","name":"Sp Masteron 100mg 10x1ml - (Espa\u00f1ol) Esteroides en l\u00ednea","isPartOf":{"@id":"https:\/\/iberoid.com\/fr\/#website"},"primaryImageOfPage":{"@id":"https:\/\/iberoid.com\/fr\/product\/sp-masteron-1ml-5-ampollas-caja\/#primaryimage"},"image":{"@id":"https:\/\/iberoid.com\/fr\/product\/sp-masteron-1ml-5-ampollas-caja\/#primaryimage"},"thumbnailUrl":"https:\/\/iberoid.com\/wp-content\/uploads\/2022\/03\/SP-MASTERON-1ML-500x500-1.jpg?v=1678119914","datePublished":"2022-03-04T20:16:49+00:00","dateModified":"2022-05-27T13:39:00+00:00","breadcrumb":{"@id":"https:\/\/iberoid.com\/fr\/product\/sp-masteron-1ml-5-ampollas-caja\/#breadcrumb"},"inLanguage":"fr-FR","potentialAction":[{"@type":"ReadAction","target":[["https:\/\/iberoid.com\/fr\/product\/sp-masteron-1ml-5-ampollas-caja\/"]]}]},{"@type":"ImageObject","inLanguage":"fr-FR","@id":"https:\/\/iberoid.com\/fr\/product\/sp-masteron-1ml-5-ampollas-caja\/#primaryimage","url":"https:\/\/iberoid.com\/wp-content\/uploads\/2022\/03\/SP-MASTERON-1ML-500x500-1.jpg?v=1678119914","contentUrl":"https:\/\/iberoid.com\/wp-content\/uploads\/2022\/03\/SP-MASTERON-1ML-500x500-1.jpg?v=1678119914","width":500,"height":500},{"@type":"BreadcrumbList","@id":"https:\/\/iberoid.com\/fr\/product\/sp-masteron-1ml-5-ampollas-caja\/#breadcrumb","itemListElement":[{"@type":"ListItem","position":1,"name":"Portada","item":"https:\/\/iberoid.com\/fr\/"},{"@type":"ListItem","position":2,"name":"Magasin","item":"https:\/\/iberoid.com\/fr\/shop\/"},{"@type":"ListItem","position":3,"name":"Sp Masteron 100mg 10x1ml"}]},{"@type":"WebSite","@id":"https:\/\/iberoid.com\/fr\/#website","url":"https:\/\/iberoid.com\/fr\/","name":"(Espa\u00f1ol) Esteroides en l\u00ednea","description":"(Espa\u00f1ol) Comprar esteroides en l\u00ednea hoy en Espa\u00f1a y Portugal. Tenemos el mejor servicio al cliente en la industria y los productos de la m\u00e1s alta calidad","potentialAction":[{"@type":"SearchAction","target":{"@type":"EntryPoint","urlTemplate":"https:\/\/iberoid.com\/fr\/?s={search_term_string}"},"query-input":{"@type":"PropertyValueSpecification","valueRequired":true,"valueName":"search_term_string"}}],"inLanguage":"fr-FR"}]},"product_brand":"SP Laboratories","product_price_amount":"30.00","product_price_currency":"EUR","og_availability":"out of stock","product_availability":"out of stock","product_condition":"new"},"_links":{"self":[{"href":"https:\/\/iberoid.com\/fr\/wp-json\/wp\/v2\/product\/7381","targetHints":{"allow":["GET"]}}],"collection":[{"href":"https:\/\/iberoid.com\/fr\/wp-json\/wp\/v2\/product"}],"about":[{"href":"https:\/\/iberoid.com\/fr\/wp-json\/wp\/v2\/types\/product"}],"replies":[{"embeddable":true,"href":"https:\/\/iberoid.com\/fr\/wp-json\/wp\/v2\/comments?post=7381"}],"wp:featuredmedia":[{"embeddable":true,"href":"https:\/\/iberoid.com\/fr\/wp-json\/wp\/v2\/media\/7382"}],"wp:attachment":[{"href":"https:\/\/iberoid.com\/fr\/wp-json\/wp\/v2\/media?parent=7381"}],"wp:term":[{"taxonomy":"product_brand","embeddable":true,"href":"https:\/\/iberoid.com\/fr\/wp-json\/wp\/v2\/product_brand?post=7381"},{"taxonomy":"product_cat","embeddable":true,"href":"https:\/\/iberoid.com\/fr\/wp-json\/wp\/v2\/product_cat?post=7381"},{"taxonomy":"product_tag","embeddable":true,"href":"https:\/\/iberoid.com\/fr\/wp-json\/wp\/v2\/product_tag?post=7381"}],"curies":[{"name":"wp","href":"https:\/\/api.w.org\/{rel}","templated":true}]}}