{"id":7383,"date":"2022-03-04T20:20:26","date_gmt":"2022-03-04T20:20:26","guid":{"rendered":"https:\/\/iberoid.com\/?post_type=product&#038;p=7383"},"modified":"2022-08-17T12:18:31","modified_gmt":"2022-08-17T12:18:31","slug":"sustandrol-10-ml-by-balkan-pharmaceuticals","status":"publish","type":"product","link":"https:\/\/iberoid.com\/fr\/product\/sustandrol-10-ml-by-balkan-pharmaceuticals\/","title":{"rendered":"Sustandrol 10 mL"},"content":{"rendered":"<p><strong>BALKAN PHARMA SUSTAMED 250MG 10ml<\/strong><\/p>\n<p>Sustanon, avec l&rsquo;autre nom, on l&rsquo;appelle m\u00e9lange de testost\u00e9rone. Pour les athl\u00e8tes, la testost\u00e9rone est une hormone tr\u00e8s importante pour le d\u00e9veloppement et l&rsquo;aspect musculaire. Avec ses activit\u00e9s anabolisantes et cataboliques, perdre de la graisse est tr\u00e8s facile et c&rsquo;est pourquoi il est pr\u00e9f\u00e9r\u00e9 par les athl\u00e8tes et les culturistes. Ce st\u00e9ro\u00efde injectable qui augmente les niveaux d&rsquo;oxyg\u00e8ne dans les muscles est utilis\u00e9 pour augmenter l&rsquo;agressivit\u00e9 en comp\u00e9tition par les culturistes et par les athl\u00e8tes en entra\u00eenement intensif.<\/p>\n<p>\u00c9tant donn\u00e9 que Sustanon a des effets secondaires \u0153strog\u00e9niques m\u00eame \u00e0 faible dose, les utilisateurs doivent combiner Sustanon avec un st\u00e9ro\u00efde anti-\u0153strog\u00e9nique tel que Nolvadex, Arimidex ou Proviron dans leurs cycles. Ces produits bloqueront les effets de l&rsquo;aromatisation de Sustanon.<\/p>\n<p>Un autre cycle qui est propos\u00e9, c&rsquo;est par semaine 500 mg de Sustanon et 300 mg de Primobolan pendant 12 semaines. A partir de 3. &#8211; 4. semaines, les effets de ce cycle commencent. Avec la prise de prot\u00e9ines, une bonne alimentation et un rythme de sommeil r\u00e9gulier sont obtenus plus ou moins 6-7 kg de masse musculaire, mais cette proportion peut changer en fonction des conditions personnelles.<\/p>\n<p>Alors que certains bodybuilders empilent Sustanon avec de l&rsquo;hormone de croissance ou de la thyroxine, certains d&rsquo;entre eux se combinent avec Boldenone ou Deca Durabolin qui est une formule efficace pour un cycle de gonflement. Pour un cycle de coupe, on pense \u00e0 un compos\u00e9 de trenbolone et \u00e0 un st\u00e9ro\u00efde oral comme les comprim\u00e9s Anavar ou Winstrol.<\/p>\n<p>Posologie soutenue\u00a0; 250-1000 mg par semaine.<\/p>\n<p><strong>Composition:<\/strong><\/p>\n<p>Chaque ml de Sustamed contient :<\/p>\n<p>Propionate de testost\u00e9rone : 30mg<br \/>\nPh\u00e9nylpropionate de testost\u00e9rone : 60mg<br \/>\nIsocaproate de Testost\u00e9rone : 60mg<br \/>\nD\u00e9canoate de testost\u00e9rone : 100mg<\/p>\n<p>250mg\/ml<\/p>","protected":false},"excerpt":{"rendered":"<p>BALKAN PHARMA SUSTAMED 250MG 10ml Sustanon, avec l&rsquo;autre nom, on l&rsquo;appelle m\u00e9lange de testost\u00e9rone. Pour les athl\u00e8tes, la testost\u00e9rone est<\/p>\n","protected":false},"featured_media":7384,"comment_status":"open","ping_status":"closed","template":"","meta":[],"product_brand":[],"product_cat":[69],"product_tag":[],"class_list":{"0":"post-7383","1":"product","2":"type-product","3":"status-publish","4":"has-post-thumbnail","6":"product_cat-esteroides_inyectables","8":"first","9":"outofstock","10":"sale","11":"shipping-taxable","12":"purchasable","13":"product-type-simple"},"yoast_head":"<!-- This site is optimized with the Yoast SEO Premium plugin v24.4 (Yoast SEO v27.3) - https:\/\/yoast.com\/product\/yoast-seo-premium-wordpress\/ -->\n<title>Sustandrol 10 mL - (Espa\u00f1ol) Esteroides en l\u00ednea<\/title>\n<meta name=\"robots\" content=\"index, follow, max-snippet:-1, max-image-preview:large, max-video-preview:-1\" \/>\n<link rel=\"canonical\" href=\"https:\/\/iberoid.com\/fr\/product\/sustandrol-10-ml-by-balkan-pharmaceuticals\/\" \/>\n<meta property=\"og:locale\" content=\"fr_FR\" \/>\n<meta property=\"og:type\" content=\"article\" \/>\n<meta property=\"og:title\" content=\"Sustandrol 10 mL\" \/>\n<meta property=\"og:description\" content=\"BALKAN PHARMA SUSTAMED 250MG 10ml Sustanon, avec l&rsquo;autre nom, on l&rsquo;appelle m\u00e9lange de testost\u00e9rone. Pour les athl\u00e8tes, la testost\u00e9rone est\" \/>\n<meta property=\"og:url\" content=\"https:\/\/iberoid.com\/fr\/product\/sustandrol-10-ml-by-balkan-pharmaceuticals\/\" \/>\n<meta property=\"og:site_name\" content=\"(Espa\u00f1ol) Esteroides en l\u00ednea\" \/>\n<meta property=\"article:modified_time\" content=\"2022-08-17T12:18:31+00:00\" \/>\n<meta property=\"og:image\" content=\"https:\/\/iberoid.com\/wp-content\/uploads\/2022\/03\/SUS-BLK.jpg?v=1678119913\" \/>\n\t<meta property=\"og:image:width\" content=\"1024\" \/>\n\t<meta property=\"og:image:height\" content=\"1024\" \/>\n\t<meta property=\"og:image:type\" content=\"image\/jpeg\" \/>\n<meta name=\"twitter:card\" content=\"summary_large_image\" \/>\n<meta name=\"twitter:label1\" content=\"Prix\" \/>\n\t<meta name=\"twitter:data1\" content=\"&euro;40.00\" \/>\n\t<meta name=\"twitter:label2\" content=\"Disponibilit\u00e9\" \/>\n\t<meta name=\"twitter:data2\" content=\"Rupture de stock\" \/>\n<script type=\"application\/ld+json\" class=\"yoast-schema-graph\">{\"@context\":\"https:\\\/\\\/schema.org\",\"@graph\":[{\"@type\":\"WebPage\",\"@id\":\"https:\\\/\\\/iberoid.com\\\/fr\\\/product\\\/sustandrol-10-ml-by-balkan-pharmaceuticals\\\/\",\"url\":\"https:\\\/\\\/iberoid.com\\\/fr\\\/product\\\/sustandrol-10-ml-by-balkan-pharmaceuticals\\\/\",\"name\":\"Sustandrol 10 mL - (Espa\u00f1ol) Esteroides en l\u00ednea\",\"isPartOf\":{\"@id\":\"https:\\\/\\\/iberoid-shop.com\\\/#website\"},\"primaryImageOfPage\":{\"@id\":\"https:\\\/\\\/iberoid.com\\\/fr\\\/product\\\/sustandrol-10-ml-by-balkan-pharmaceuticals\\\/#primaryimage\"},\"image\":{\"@id\":\"https:\\\/\\\/iberoid.com\\\/fr\\\/product\\\/sustandrol-10-ml-by-balkan-pharmaceuticals\\\/#primaryimage\"},\"thumbnailUrl\":\"https:\\\/\\\/iberoid.com\\\/wp-content\\\/uploads\\\/2022\\\/03\\\/SUS-BLK.jpg?v=1678119913\",\"datePublished\":\"2022-03-04T20:20:26+00:00\",\"dateModified\":\"2022-08-17T12:18:31+00:00\",\"breadcrumb\":{\"@id\":\"https:\\\/\\\/iberoid.com\\\/fr\\\/product\\\/sustandrol-10-ml-by-balkan-pharmaceuticals\\\/#breadcrumb\"},\"inLanguage\":\"fr-FR\",\"potentialAction\":[{\"@type\":\"ReadAction\",\"target\":[[\"https:\\\/\\\/iberoid.com\\\/fr\\\/product\\\/sustandrol-10-ml-by-balkan-pharmaceuticals\\\/\"]]}]},{\"@type\":\"ImageObject\",\"inLanguage\":\"fr-FR\",\"@id\":\"https:\\\/\\\/iberoid.com\\\/fr\\\/product\\\/sustandrol-10-ml-by-balkan-pharmaceuticals\\\/#primaryimage\",\"url\":\"https:\\\/\\\/iberoid.com\\\/wp-content\\\/uploads\\\/2022\\\/03\\\/SUS-BLK.jpg?v=1678119913\",\"contentUrl\":\"https:\\\/\\\/iberoid.com\\\/wp-content\\\/uploads\\\/2022\\\/03\\\/SUS-BLK.jpg?v=1678119913\",\"width\":1024,\"height\":1024},{\"@type\":\"BreadcrumbList\",\"@id\":\"https:\\\/\\\/iberoid.com\\\/fr\\\/product\\\/sustandrol-10-ml-by-balkan-pharmaceuticals\\\/#breadcrumb\",\"itemListElement\":[{\"@type\":\"ListItem\",\"position\":1,\"name\":\"Portada\",\"item\":\"https:\\\/\\\/iberoid.com\\\/fr\\\/\"},{\"@type\":\"ListItem\",\"position\":2,\"name\":\"Magasin\",\"item\":\"https:\\\/\\\/iberoid.com\\\/fr\\\/shop\\\/\"},{\"@type\":\"ListItem\",\"position\":3,\"name\":\"Sustandrol 10 mL\"}]},{\"@type\":\"WebSite\",\"@id\":\"https:\\\/\\\/iberoid-shop.com\\\/#website\",\"url\":\"https:\\\/\\\/iberoid-shop.com\\\/\",\"name\":\"(Espa\u00f1ol) Esteroides en l\u00ednea\",\"description\":\"(Espa\u00f1ol) Comprar esteroides en l\u00ednea hoy en Espa\u00f1a y Portugal. Tenemos el mejor servicio al cliente en la industria y los productos de la m\u00e1s alta calidad\",\"potentialAction\":[{\"@type\":\"SearchAction\",\"target\":{\"@type\":\"EntryPoint\",\"urlTemplate\":\"https:\\\/\\\/iberoid-shop.com\\\/?s={search_term_string}\"},\"query-input\":{\"@type\":\"PropertyValueSpecification\",\"valueRequired\":true,\"valueName\":\"search_term_string\"}}],\"inLanguage\":\"fr-FR\"}]}<\/script>\n<meta property=\"product:brand\" content=\"Balkan Pharmaceuticals\" \/>\n<meta property=\"product:price:amount\" content=\"40.00\" \/>\n<meta property=\"product:price:currency\" content=\"EUR\" \/>\n<meta property=\"og:availability\" content=\"out of stock\" \/>\n<meta property=\"product:availability\" content=\"out of stock\" \/>\n<meta property=\"product:condition\" content=\"new\" \/>\n<!-- \/ Yoast SEO Premium plugin. -->","yoast_head_json":{"title":"Sustandrol 10 mL - (Espa\u00f1ol) Esteroides en l\u00ednea","robots":{"index":"index","follow":"follow","max-snippet":"max-snippet:-1","max-image-preview":"max-image-preview:large","max-video-preview":"max-video-preview:-1"},"canonical":"https:\/\/iberoid.com\/fr\/product\/sustandrol-10-ml-by-balkan-pharmaceuticals\/","og_locale":"fr_FR","og_type":"article","og_title":"Sustandrol 10 mL","og_description":"BALKAN PHARMA SUSTAMED 250MG 10ml Sustanon, avec l&rsquo;autre nom, on l&rsquo;appelle m\u00e9lange de testost\u00e9rone. Pour les athl\u00e8tes, la testost\u00e9rone est","og_url":"https:\/\/iberoid.com\/fr\/product\/sustandrol-10-ml-by-balkan-pharmaceuticals\/","og_site_name":"(Espa\u00f1ol) Esteroides en l\u00ednea","article_modified_time":"2022-08-17T12:18:31+00:00","og_image":[{"width":1024,"height":1024,"url":"https:\/\/iberoid.com\/wp-content\/uploads\/2022\/03\/SUS-BLK.jpg?v=1678119913","type":"image\/jpeg"}],"twitter_card":"summary_large_image","twitter_misc":{"Prix":"&euro;40.00","Disponibilit\u00e9":"Rupture de stock"},"schema":{"@context":"https:\/\/schema.org","@graph":[{"@type":"WebPage","@id":"https:\/\/iberoid.com\/fr\/product\/sustandrol-10-ml-by-balkan-pharmaceuticals\/","url":"https:\/\/iberoid.com\/fr\/product\/sustandrol-10-ml-by-balkan-pharmaceuticals\/","name":"Sustandrol 10 mL - (Espa\u00f1ol) Esteroides en l\u00ednea","isPartOf":{"@id":"https:\/\/iberoid-shop.com\/#website"},"primaryImageOfPage":{"@id":"https:\/\/iberoid.com\/fr\/product\/sustandrol-10-ml-by-balkan-pharmaceuticals\/#primaryimage"},"image":{"@id":"https:\/\/iberoid.com\/fr\/product\/sustandrol-10-ml-by-balkan-pharmaceuticals\/#primaryimage"},"thumbnailUrl":"https:\/\/iberoid.com\/wp-content\/uploads\/2022\/03\/SUS-BLK.jpg?v=1678119913","datePublished":"2022-03-04T20:20:26+00:00","dateModified":"2022-08-17T12:18:31+00:00","breadcrumb":{"@id":"https:\/\/iberoid.com\/fr\/product\/sustandrol-10-ml-by-balkan-pharmaceuticals\/#breadcrumb"},"inLanguage":"fr-FR","potentialAction":[{"@type":"ReadAction","target":[["https:\/\/iberoid.com\/fr\/product\/sustandrol-10-ml-by-balkan-pharmaceuticals\/"]]}]},{"@type":"ImageObject","inLanguage":"fr-FR","@id":"https:\/\/iberoid.com\/fr\/product\/sustandrol-10-ml-by-balkan-pharmaceuticals\/#primaryimage","url":"https:\/\/iberoid.com\/wp-content\/uploads\/2022\/03\/SUS-BLK.jpg?v=1678119913","contentUrl":"https:\/\/iberoid.com\/wp-content\/uploads\/2022\/03\/SUS-BLK.jpg?v=1678119913","width":1024,"height":1024},{"@type":"BreadcrumbList","@id":"https:\/\/iberoid.com\/fr\/product\/sustandrol-10-ml-by-balkan-pharmaceuticals\/#breadcrumb","itemListElement":[{"@type":"ListItem","position":1,"name":"Portada","item":"https:\/\/iberoid.com\/fr\/"},{"@type":"ListItem","position":2,"name":"Magasin","item":"https:\/\/iberoid.com\/fr\/shop\/"},{"@type":"ListItem","position":3,"name":"Sustandrol 10 mL"}]},{"@type":"WebSite","@id":"https:\/\/iberoid-shop.com\/#website","url":"https:\/\/iberoid-shop.com\/","name":"(Espa\u00f1ol) Esteroides en l\u00ednea","description":"(Espa\u00f1ol) Comprar esteroides en l\u00ednea hoy en Espa\u00f1a y Portugal. Tenemos el mejor servicio al cliente en la industria y los productos de la m\u00e1s alta calidad","potentialAction":[{"@type":"SearchAction","target":{"@type":"EntryPoint","urlTemplate":"https:\/\/iberoid-shop.com\/?s={search_term_string}"},"query-input":{"@type":"PropertyValueSpecification","valueRequired":true,"valueName":"search_term_string"}}],"inLanguage":"fr-FR"}]},"product_brand":"Balkan Pharmaceuticals","product_price_amount":"40.00","product_price_currency":"EUR","og_availability":"out of stock","product_availability":"out of stock","product_condition":"new"},"_links":{"self":[{"href":"https:\/\/iberoid.com\/fr\/wp-json\/wp\/v2\/product\/7383","targetHints":{"allow":["GET"]}}],"collection":[{"href":"https:\/\/iberoid.com\/fr\/wp-json\/wp\/v2\/product"}],"about":[{"href":"https:\/\/iberoid.com\/fr\/wp-json\/wp\/v2\/types\/product"}],"replies":[{"embeddable":true,"href":"https:\/\/iberoid.com\/fr\/wp-json\/wp\/v2\/comments?post=7383"}],"wp:featuredmedia":[{"embeddable":true,"href":"https:\/\/iberoid.com\/fr\/wp-json\/wp\/v2\/media\/7384"}],"wp:attachment":[{"href":"https:\/\/iberoid.com\/fr\/wp-json\/wp\/v2\/media?parent=7383"}],"wp:term":[{"taxonomy":"product_brand","embeddable":true,"href":"https:\/\/iberoid.com\/fr\/wp-json\/wp\/v2\/product_brand?post=7383"},{"taxonomy":"product_cat","embeddable":true,"href":"https:\/\/iberoid.com\/fr\/wp-json\/wp\/v2\/product_cat?post=7383"},{"taxonomy":"product_tag","embeddable":true,"href":"https:\/\/iberoid.com\/fr\/wp-json\/wp\/v2\/product_tag?post=7383"}],"curies":[{"name":"wp","href":"https:\/\/api.w.org\/{rel}","templated":true}]}}