{"id":7385,"date":"2022-03-04T20:27:48","date_gmt":"2022-03-04T20:27:48","guid":{"rendered":"https:\/\/iberoid.com\/?post_type=product&#038;p=7385"},"modified":"2022-09-02T00:44:03","modified_gmt":"2022-09-02T00:44:03","slug":"sp-laboratories-enanthate-forte-10ml-500mg-ml","status":"publish","type":"product","link":"https:\/\/iberoid.com\/fr\/product\/sp-laboratories-enanthate-forte-10ml-500mg-ml\/","title":{"rendered":"SP ENANTHATE FORTE-"},"content":{"rendered":"<p><strong>SP ENANTHATE FORTE<\/strong><\/p>\n<p>L&rsquo;\u00e9nanthate de testost\u00e9rone est utilis\u00e9 pour traiter les troubles hormonaux caus\u00e9s par une carence en testost\u00e9rone<br \/>\n<strong>La description<\/strong><\/p>\n<p>1 flacon contient 10 ml de solution injectable ;<\/p>\n<p><strong>Substances actives<\/strong><\/p>\n<p>Chaque 10 ml de m\u00e9dicament contient 500 mg d&rsquo;\u00e9nanthate de testost\u00e9rone;<\/p>\n<p><strong>Voie d&rsquo;administration<\/strong><\/p>\n<p>Pour usage intramusculaire uniquement ;<\/p>\n<p><strong>Indication:<\/strong><\/p>\n<p>Testosterone Enanthate est utilis\u00e9 pour traiter les troubles hormonaux caus\u00e9s par un d\u00e9ficit en testost\u00e9rone :<\/p>\n<p>\u2022\u00a0hypopituitarisme\u00a0;<\/p>\n<p>\u2022\u00a0Sympt\u00f4mes de l&rsquo;orgasme masculin (diminution de la libido et de l&rsquo;activit\u00e9 physique et intellectuelle)\u00a0;<\/p>\n<p>\u2022\u00a0D\u00e9ficit androg\u00e9nique apr\u00e8s castration\u00a0;<\/p>\n<p>\u2022\u00a0L&rsquo;ost\u00e9oporose caus\u00e9e par une insuffisance androg\u00e9nique.<\/p>\n<p>\u2022\u00a0conserver la maturation sexuelle\u00a0;<\/p>\n<p>\u2022\u00a0Eunucho\u00efdisme, organes g\u00e9nitaux non d\u00e9velopp\u00e9s\u00a0;<\/p>\n<p>\u2022\u00a0Impuissance d&rsquo;origine hormonale\u00a0;<\/p>\n<p>Chez les femmes :<\/p>\n<p>\u2022\u00a0Endom\u00e9triose\u00a0;<\/p>\n<p>\u2022\u00a0La m\u00e9nopause (en association avec les \u0153strog\u00e8nes)\u00a0;<\/p>\n<p>\u2022 Cancer du sein;<\/p>\n<p>\u2022\u00a0L&rsquo;ost\u00e9oporose.<\/p>\n<p>\u2022\u00a0Hyperestrog\u00e9n\u00e9mie, h\u00e9morragie fonctionnelle\u00a0;<\/p>\n<p>\u2022 Myome ut\u00e9rin;<\/p>\n<p>Contre-indications :<\/p>\n<p>Les personnes qui ont une hypersensibilit\u00e9 au m\u00e9dicament, avec la prostate ou peut-\u00eatre un cancer du sein, une hypertrophie de la prostate avec des signes de troubles du syst\u00e8me urinaire, un syndrome ou m\u00eame la p\u00e9riode n\u00e9phrotique associ\u00e9e \u00e0 une n\u00e9phrite, un \u0153d\u00e8me, une hypercalc\u00e9mie, un trouble h\u00e9patique, un diab\u00e8te sucr\u00e9 et une maladie cardiaque, l&rsquo;infarctus du myocarde au cours des ant\u00e9c\u00e9dents m\u00e9dicaux, les maladies vasculaires chez les hommes plus \u00e2g\u00e9s, la grossesse, l&rsquo;allaitement ne sont pas indiqu\u00e9s pour utiliser ce m\u00e9dicament.<\/p>\n<p><strong>Administration:<\/strong><\/p>\n<p>L&rsquo;\u00e9nanthate de testost\u00e9rone est administr\u00e9 par voie intramusculaire. L&rsquo;\u00e9nanthate de testost\u00e9rone est administr\u00e9 individuellement en fonction de la maladie, du sexe, de l&rsquo;\u00e2ge et de l&rsquo;efficacit\u00e9 clinique.<\/p>\n<p>La posologie courante pour les adultes est de 50 \u00e0 200 mg administr\u00e9s par voie intramusculaire une fois par semaine. Il n&rsquo;est pas recommand\u00e9 de d\u00e9passer 400 mg par mois. La dur\u00e9e du traitement est d\u00e9termin\u00e9e individuellement.<\/p>\n<p>Chez les hommes hypogonadiques atteints d&rsquo;eunucho\u00efdisme, les doses recommand\u00e9es sont de 50 \u00e0 400 mg toutes les 2 \u00e0 4 semaines.<\/p>\n<p>En cas de r\u00e9tention de la croissance sexuelle, on administre 50 \u00e0 200 mg toutes les 2 \u00e0 4 semaines pendant 4 \u00e0 6 mois.<\/p>\n<p>Le cancer du sein inop\u00e9rable chez la femme n\u00e9cessite une dose de 200 \u00e0 400 mg toutes les 2 \u00e0 4 semaines.<\/p>\n<p>Action m\u00e9dicale :<\/p>\n<p>La testost\u00e9rone est la principale hormone androg\u00e8ne produite dans les testicules. Il est tr\u00e8s important pour la croissance et le d\u00e9veloppement des organes sexuels masculins ainsi que des caract\u00e9ristiques sexuelles secondaires (\u00e9tat de pr\u00e9paration de la prostate, des kystes s\u00e9minaux, des organes masculins ainsi que du scrotum), de la syndication des cheveux masculins (confrontation, os pubien, poitrine), de l&rsquo;organe de la parole, des groupes musculaires et soumission de graisse corporelle. Retient l&rsquo;azote, le sel, le potassium, ainsi que le phosphore dans le corps, augmente le m\u00e9tabolisme constructif des prot\u00e9ines de sant\u00e9 n\u00e9cessaires en minimisant le catabolisme. L&rsquo;augmentation pr\u00e9coce des concentrations LCD de testost\u00e9rone dans la p\u00e9riode pr\u00e9pub\u00e8re entra\u00eene une croissance \u00e9tourdie ainsi qu&rsquo;une fermeture \u00e9piphysaire. La testost\u00e9rone provoque la production de glycoprot\u00e9ine ainsi que des \u00e9rythrocytes. En raison du m\u00e9canisme de r\u00e9troaction, il inhibe la s\u00e9cr\u00e9tion hypophysaire de l&rsquo;hormone lut\u00e9inisante et folliculaire et provoque la suppression de la spermatogen\u00e8se.<\/p>\n<p>Chez les femmes, la testost\u00e9rone \u00e9nanthate inhibe la fonction gonadotrophique hypophysaire, la fonction ovarienne, les glandes mammaires, l&rsquo;atrophie endom\u00e9triale. En raison de l&rsquo;action antagoniste des \u0153strog\u00e8nes, il est utilis\u00e9 dans le traitement du myome ut\u00e9rin, de l&rsquo;endom\u00e9triose et du cancer du sein. Il est tr\u00e8s efficace en p\u00e9riode climat\u00e9rique.<\/p>\n<p>Pr\u00e9cautions:<\/p>\n<p>En cas d&rsquo;effets ind\u00e9sirables androg\u00e9no-d\u00e9pendants, il est n\u00e9cessaire d&rsquo;arr\u00eater de prendre le m\u00e9dicament. Lorsque les effets secondaires disparaissent, le traitement peut \u00eatre r\u00e9p\u00e9t\u00e9 \u00e0 des doses plus faibles.<\/p>\n<p>Les personnes qui souffrent d&rsquo;insuffisance cardiaque latente ou manifeste, de troubles de la fonction r\u00e9nale, d&rsquo;hypertension, d&rsquo;\u00e9pilepsie ou de migraine (ou d&rsquo;ant\u00e9c\u00e9dents de pr\u00e9sence de ces \u00e9tats) seront sous surveillance constante car les androg\u00e8nes peuvent provoquer une r\u00e9tention de sodium et dans certains cas une r\u00e9tention d&rsquo;eau. Pendant le traitement, la p\u00e9riode doit \u00eatre surveill\u00e9e les fonctions h\u00e9patiques. Les patients qui souffrent de cancer du sein, d&rsquo;hypern\u00e9phrome, de cancer du poumon, de m\u00e9tastases osseuses doivent contr\u00f4ler le niveau de calcium dans le sang et l&rsquo;urine. La testost\u00e9rone chez les patients pr\u00e9pub\u00e8res doit \u00eatre administr\u00e9e avec prudence pour emp\u00eacher l&rsquo;arr\u00eat pr\u00e9coce de la croissance et de la pubert\u00e9.<\/p>\n<p>Effets secondaires:<\/p>\n<p>\u2022\u00a0Sympt\u00f4mes d&rsquo;hypercalc\u00e9mie\u00a0;<\/p>\n<p>\u2022\u00a0Thrombophl\u00e9bite\u00a0;<\/p>\n<p>\u2022\u00a0Naus\u00e9es, ict\u00e8re cholestatique, augmentation des taux de transaminases h\u00e9patiques (normalis\u00e9 \u00e0 l&rsquo;arr\u00eat\u00a0);<\/p>\n<p>\u2022\u00a0Maux de t\u00eate, d\u00e9pression, agressivit\u00e9, anxi\u00e9t\u00e9, troubles du sommeil, engourdissements.<\/p>\n<p>\u2022\u00a0Priapisme et autres sympt\u00f4mes d&rsquo;hyperstimulation sexuelle (\u00e9rection fr\u00e9quente)\u00a0;<\/p>\n<p>\u2022\u00a0Adolescents d&rsquo;\u00e2ge pr\u00e9pub\u00e8re\u00a0: acc\u00e9l\u00e9ration du d\u00e9veloppement sexuel, augmentation de la fr\u00e9quence des \u00e9rections, augmentation de la taille de l&rsquo;organe sexuel, fermeture pr\u00e9matur\u00e9e de l&rsquo;\u00e9piphyse<\/p>\n<p>\u2022 alt\u00e9ration de la spermatogen\u00e8se et trouble de la maturation des spermatozo\u00efdes, oligospermie et r\u00e9duction du volume de l&rsquo;\u00e9jaculat\u00a0;<\/p>\n<p>\u2022\u00a0Anomalies de la prostate\u00a0;<\/p>\n<p>\u2022\u00a0Femmes\u00a0: des saignements des voies g\u00e9nitales, une augmentation de la libido, une administration prolong\u00e9e de sympt\u00f4mes de virilisation sont possibles\u00a0;<\/p>\n<p>\u2022\u00a0Hirsutisme, gyn\u00e9comastie\u00a0;<\/p>\n<p>\u2022\u00a0S\u00e9borrh\u00e9e, acn\u00e9, peau grasse, cheveux\u00a0;<\/p>\n<p>\u2022\u00a0R\u00e9tention de sodium et d&rsquo;eau, \u0153d\u00e8me\u00a0;<\/p>\n<p>Douleurs, d\u00e9mangeaisons et rougeurs possibles au site d&rsquo;injection.<\/p>\n<p>Surdosage\u00a0:<\/p>\n<p>En cas de surdosage, consultez un m\u00e9decin.<\/p>","protected":false},"excerpt":{"rendered":"<p>SP ENANTHATE FORTE L&rsquo;\u00e9nanthate de testost\u00e9rone est utilis\u00e9 pour traiter les troubles hormonaux caus\u00e9s par une carence en testost\u00e9rone La<\/p>\n","protected":false},"featured_media":7646,"comment_status":"open","ping_status":"closed","template":"","meta":[],"product_brand":[],"product_cat":[69],"product_tag":[],"class_list":{"0":"post-7385","1":"product","2":"type-product","3":"status-publish","4":"has-post-thumbnail","6":"product_cat-esteroides_inyectables","8":"first","9":"outofstock","10":"sale","11":"shipping-taxable","12":"purchasable","13":"product-type-simple"},"yoast_head":"<!-- This site is optimized with the Yoast SEO Premium plugin v24.4 (Yoast SEO v27.3) - https:\/\/yoast.com\/product\/yoast-seo-premium-wordpress\/ -->\n<title>SP ENANTHATE FORTE- - (Espa\u00f1ol) Esteroides en l\u00ednea<\/title>\n<meta name=\"robots\" content=\"index, follow, max-snippet:-1, max-image-preview:large, max-video-preview:-1\" \/>\n<link rel=\"canonical\" href=\"https:\/\/iberoid.com\/fr\/product\/sp-laboratories-enanthate-forte-10ml-500mg-ml\/\" \/>\n<meta property=\"og:locale\" content=\"fr_FR\" \/>\n<meta property=\"og:type\" content=\"article\" \/>\n<meta property=\"og:title\" content=\"SP ENANTHATE FORTE-\" \/>\n<meta property=\"og:description\" content=\"SP ENANTHATE FORTE L&rsquo;\u00e9nanthate de testost\u00e9rone est utilis\u00e9 pour traiter les troubles hormonaux caus\u00e9s par une carence en testost\u00e9rone La\" \/>\n<meta property=\"og:url\" content=\"https:\/\/iberoid.com\/fr\/product\/sp-laboratories-enanthate-forte-10ml-500mg-ml\/\" \/>\n<meta property=\"og:site_name\" content=\"(Espa\u00f1ol) Esteroides en l\u00ednea\" \/>\n<meta property=\"article:modified_time\" content=\"2022-09-02T00:44:03+00:00\" \/>\n<meta property=\"og:image\" content=\"https:\/\/iberoid.com\/wp-content\/uploads\/2022\/03\/SP-Laboratories-Enanthate-Forte.png?v=1678119894\" \/>\n\t<meta property=\"og:image:width\" content=\"360\" \/>\n\t<meta property=\"og:image:height\" content=\"400\" \/>\n\t<meta property=\"og:image:type\" content=\"image\/png\" \/>\n<meta name=\"twitter:card\" content=\"summary_large_image\" \/>\n<meta name=\"twitter:label1\" content=\"Prix\" \/>\n\t<meta name=\"twitter:data1\" content=\"&euro;55.00\" \/>\n\t<meta name=\"twitter:label2\" content=\"Disponibilit\u00e9\" \/>\n\t<meta name=\"twitter:data2\" content=\"Rupture de stock\" \/>\n<script type=\"application\/ld+json\" class=\"yoast-schema-graph\">{\"@context\":\"https:\\\/\\\/schema.org\",\"@graph\":[{\"@type\":\"WebPage\",\"@id\":\"https:\\\/\\\/iberoid.com\\\/fr\\\/product\\\/sp-laboratories-enanthate-forte-10ml-500mg-ml\\\/\",\"url\":\"https:\\\/\\\/iberoid.com\\\/fr\\\/product\\\/sp-laboratories-enanthate-forte-10ml-500mg-ml\\\/\",\"name\":\"SP ENANTHATE FORTE- - (Espa\u00f1ol) Esteroides en l\u00ednea\",\"isPartOf\":{\"@id\":\"https:\\\/\\\/iberoid.com\\\/fr\\\/#website\"},\"primaryImageOfPage\":{\"@id\":\"https:\\\/\\\/iberoid.com\\\/fr\\\/product\\\/sp-laboratories-enanthate-forte-10ml-500mg-ml\\\/#primaryimage\"},\"image\":{\"@id\":\"https:\\\/\\\/iberoid.com\\\/fr\\\/product\\\/sp-laboratories-enanthate-forte-10ml-500mg-ml\\\/#primaryimage\"},\"thumbnailUrl\":\"https:\\\/\\\/iberoid.com\\\/wp-content\\\/uploads\\\/2022\\\/03\\\/SP-Laboratories-Enanthate-Forte.png?v=1678119894\",\"datePublished\":\"2022-03-04T20:27:48+00:00\",\"dateModified\":\"2022-09-02T00:44:03+00:00\",\"breadcrumb\":{\"@id\":\"https:\\\/\\\/iberoid.com\\\/fr\\\/product\\\/sp-laboratories-enanthate-forte-10ml-500mg-ml\\\/#breadcrumb\"},\"inLanguage\":\"fr-FR\",\"potentialAction\":[{\"@type\":\"ReadAction\",\"target\":[[\"https:\\\/\\\/iberoid.com\\\/fr\\\/product\\\/sp-laboratories-enanthate-forte-10ml-500mg-ml\\\/\"]]}]},{\"@type\":\"ImageObject\",\"inLanguage\":\"fr-FR\",\"@id\":\"https:\\\/\\\/iberoid.com\\\/fr\\\/product\\\/sp-laboratories-enanthate-forte-10ml-500mg-ml\\\/#primaryimage\",\"url\":\"https:\\\/\\\/iberoid.com\\\/wp-content\\\/uploads\\\/2022\\\/03\\\/SP-Laboratories-Enanthate-Forte.png?v=1678119894\",\"contentUrl\":\"https:\\\/\\\/iberoid.com\\\/wp-content\\\/uploads\\\/2022\\\/03\\\/SP-Laboratories-Enanthate-Forte.png?v=1678119894\",\"width\":360,\"height\":400},{\"@type\":\"BreadcrumbList\",\"@id\":\"https:\\\/\\\/iberoid.com\\\/fr\\\/product\\\/sp-laboratories-enanthate-forte-10ml-500mg-ml\\\/#breadcrumb\",\"itemListElement\":[{\"@type\":\"ListItem\",\"position\":1,\"name\":\"Portada\",\"item\":\"https:\\\/\\\/iberoid.com\\\/fr\\\/\"},{\"@type\":\"ListItem\",\"position\":2,\"name\":\"Magasin\",\"item\":\"https:\\\/\\\/iberoid.com\\\/fr\\\/shop\\\/\"},{\"@type\":\"ListItem\",\"position\":3,\"name\":\"SP ENANTHATE FORTE-\"}]},{\"@type\":\"WebSite\",\"@id\":\"https:\\\/\\\/iberoid.com\\\/fr\\\/#website\",\"url\":\"https:\\\/\\\/iberoid.com\\\/fr\\\/\",\"name\":\"(Espa\u00f1ol) Esteroides en l\u00ednea\",\"description\":\"(Espa\u00f1ol) Comprar esteroides en l\u00ednea hoy en Espa\u00f1a y Portugal. Tenemos el mejor servicio al cliente en la industria y los productos de la m\u00e1s alta calidad\",\"potentialAction\":[{\"@type\":\"SearchAction\",\"target\":{\"@type\":\"EntryPoint\",\"urlTemplate\":\"https:\\\/\\\/iberoid.com\\\/fr\\\/?s={search_term_string}\"},\"query-input\":{\"@type\":\"PropertyValueSpecification\",\"valueRequired\":true,\"valueName\":\"search_term_string\"}}],\"inLanguage\":\"fr-FR\"}]}<\/script>\n<meta property=\"product:brand\" content=\"SP Laboratories\" \/>\n<meta property=\"product:price:amount\" content=\"55.00\" \/>\n<meta property=\"product:price:currency\" content=\"EUR\" \/>\n<meta property=\"og:availability\" content=\"out of stock\" \/>\n<meta property=\"product:availability\" content=\"out of stock\" \/>\n<meta property=\"product:condition\" content=\"new\" \/>\n<!-- \/ Yoast SEO Premium plugin. -->","yoast_head_json":{"title":"SP ENANTHATE FORTE- - (Espa\u00f1ol) Esteroides en l\u00ednea","robots":{"index":"index","follow":"follow","max-snippet":"max-snippet:-1","max-image-preview":"max-image-preview:large","max-video-preview":"max-video-preview:-1"},"canonical":"https:\/\/iberoid.com\/fr\/product\/sp-laboratories-enanthate-forte-10ml-500mg-ml\/","og_locale":"fr_FR","og_type":"article","og_title":"SP ENANTHATE FORTE-","og_description":"SP ENANTHATE FORTE L&rsquo;\u00e9nanthate de testost\u00e9rone est utilis\u00e9 pour traiter les troubles hormonaux caus\u00e9s par une carence en testost\u00e9rone La","og_url":"https:\/\/iberoid.com\/fr\/product\/sp-laboratories-enanthate-forte-10ml-500mg-ml\/","og_site_name":"(Espa\u00f1ol) Esteroides en l\u00ednea","article_modified_time":"2022-09-02T00:44:03+00:00","og_image":[{"width":360,"height":400,"url":"https:\/\/iberoid.com\/wp-content\/uploads\/2022\/03\/SP-Laboratories-Enanthate-Forte.png?v=1678119894","type":"image\/png"}],"twitter_card":"summary_large_image","twitter_misc":{"Prix":"&euro;55.00","Disponibilit\u00e9":"Rupture de stock"},"schema":{"@context":"https:\/\/schema.org","@graph":[{"@type":"WebPage","@id":"https:\/\/iberoid.com\/fr\/product\/sp-laboratories-enanthate-forte-10ml-500mg-ml\/","url":"https:\/\/iberoid.com\/fr\/product\/sp-laboratories-enanthate-forte-10ml-500mg-ml\/","name":"SP ENANTHATE FORTE- - (Espa\u00f1ol) Esteroides en l\u00ednea","isPartOf":{"@id":"https:\/\/iberoid.com\/fr\/#website"},"primaryImageOfPage":{"@id":"https:\/\/iberoid.com\/fr\/product\/sp-laboratories-enanthate-forte-10ml-500mg-ml\/#primaryimage"},"image":{"@id":"https:\/\/iberoid.com\/fr\/product\/sp-laboratories-enanthate-forte-10ml-500mg-ml\/#primaryimage"},"thumbnailUrl":"https:\/\/iberoid.com\/wp-content\/uploads\/2022\/03\/SP-Laboratories-Enanthate-Forte.png?v=1678119894","datePublished":"2022-03-04T20:27:48+00:00","dateModified":"2022-09-02T00:44:03+00:00","breadcrumb":{"@id":"https:\/\/iberoid.com\/fr\/product\/sp-laboratories-enanthate-forte-10ml-500mg-ml\/#breadcrumb"},"inLanguage":"fr-FR","potentialAction":[{"@type":"ReadAction","target":[["https:\/\/iberoid.com\/fr\/product\/sp-laboratories-enanthate-forte-10ml-500mg-ml\/"]]}]},{"@type":"ImageObject","inLanguage":"fr-FR","@id":"https:\/\/iberoid.com\/fr\/product\/sp-laboratories-enanthate-forte-10ml-500mg-ml\/#primaryimage","url":"https:\/\/iberoid.com\/wp-content\/uploads\/2022\/03\/SP-Laboratories-Enanthate-Forte.png?v=1678119894","contentUrl":"https:\/\/iberoid.com\/wp-content\/uploads\/2022\/03\/SP-Laboratories-Enanthate-Forte.png?v=1678119894","width":360,"height":400},{"@type":"BreadcrumbList","@id":"https:\/\/iberoid.com\/fr\/product\/sp-laboratories-enanthate-forte-10ml-500mg-ml\/#breadcrumb","itemListElement":[{"@type":"ListItem","position":1,"name":"Portada","item":"https:\/\/iberoid.com\/fr\/"},{"@type":"ListItem","position":2,"name":"Magasin","item":"https:\/\/iberoid.com\/fr\/shop\/"},{"@type":"ListItem","position":3,"name":"SP ENANTHATE FORTE-"}]},{"@type":"WebSite","@id":"https:\/\/iberoid.com\/fr\/#website","url":"https:\/\/iberoid.com\/fr\/","name":"(Espa\u00f1ol) Esteroides en l\u00ednea","description":"(Espa\u00f1ol) Comprar esteroides en l\u00ednea hoy en Espa\u00f1a y Portugal. Tenemos el mejor servicio al cliente en la industria y los productos de la m\u00e1s alta calidad","potentialAction":[{"@type":"SearchAction","target":{"@type":"EntryPoint","urlTemplate":"https:\/\/iberoid.com\/fr\/?s={search_term_string}"},"query-input":{"@type":"PropertyValueSpecification","valueRequired":true,"valueName":"search_term_string"}}],"inLanguage":"fr-FR"}]},"product_brand":"SP Laboratories","product_price_amount":"55.00","product_price_currency":"EUR","og_availability":"out of stock","product_availability":"out of stock","product_condition":"new"},"_links":{"self":[{"href":"https:\/\/iberoid.com\/fr\/wp-json\/wp\/v2\/product\/7385","targetHints":{"allow":["GET"]}}],"collection":[{"href":"https:\/\/iberoid.com\/fr\/wp-json\/wp\/v2\/product"}],"about":[{"href":"https:\/\/iberoid.com\/fr\/wp-json\/wp\/v2\/types\/product"}],"replies":[{"embeddable":true,"href":"https:\/\/iberoid.com\/fr\/wp-json\/wp\/v2\/comments?post=7385"}],"wp:featuredmedia":[{"embeddable":true,"href":"https:\/\/iberoid.com\/fr\/wp-json\/wp\/v2\/media\/7646"}],"wp:attachment":[{"href":"https:\/\/iberoid.com\/fr\/wp-json\/wp\/v2\/media?parent=7385"}],"wp:term":[{"taxonomy":"product_brand","embeddable":true,"href":"https:\/\/iberoid.com\/fr\/wp-json\/wp\/v2\/product_brand?post=7385"},{"taxonomy":"product_cat","embeddable":true,"href":"https:\/\/iberoid.com\/fr\/wp-json\/wp\/v2\/product_cat?post=7385"},{"taxonomy":"product_tag","embeddable":true,"href":"https:\/\/iberoid.com\/fr\/wp-json\/wp\/v2\/product_tag?post=7385"}],"curies":[{"name":"wp","href":"https:\/\/api.w.org\/{rel}","templated":true}]}}