{"id":7412,"date":"2022-03-12T13:50:20","date_gmt":"2022-03-12T13:50:20","guid":{"rendered":"https:\/\/iberoid.com\/?post_type=product&#038;p=7412"},"modified":"2023-02-13T11:02:38","modified_gmt":"2023-02-13T11:02:38","slug":"ghrp6-pharmagen","status":"publish","type":"product","link":"https:\/\/iberoid.com\/fr\/product\/ghrp6-pharmagen\/","title":{"rendered":"GHRP6 -PHARMA GEN"},"content":{"rendered":"<p>Le GHRP-6 (Growth Hormone Releasing Hexapeptide) est une hormone peptidique de la classe des Hormones de Croissance. Le but de GHRP-6 est d&rsquo;augmenter la quantit\u00e9 de production naturelle d&rsquo;hormone de croissance dans le corps. L&rsquo;augmentation de l&rsquo;hormone de croissance peut \u00eatre b\u00e9n\u00e9fique pour l&rsquo;anabolisme, la perte de graisse, la r\u00e9cup\u00e9ration et le bien-\u00eatre g\u00e9n\u00e9ral, ainsi que pour d&rsquo;\u00e9ventuels objectifs anti-\u00e2ge.<\/p>\n<p>Le GHRP-6 peut fournir des avantages d&rsquo;am\u00e9lioration des performances, mais il montrera des avantages bien plus importants lorsqu&rsquo;il est utilis\u00e9 dans le cadre d&rsquo;un plan anti-\u00e2ge \u00e0 long terme (traitement hormonal substitutif (THS)) ou en conjonction avec d&rsquo;autres m\u00e9dicaments utilis\u00e9s pour am\u00e9liorer les performances.<\/p>\n<p><strong>Effets secondaires<\/strong><br \/>\nLes effets secondaires du GHRP-6 devraient \u00eatre similaires, voire identiques, \u00e0 tout peptide ou hormone li\u00e9 \u00e0 l&rsquo;hormone de croissance et, dans la plupart des cas, devraient \u00eatre \u00e9vitables ou adaptables, sauf dans de rares cas.<\/p>\n<p>Certains utilisateurs peuvent constater de l\u00e9g\u00e8res irritations au niveau de la zone inject\u00e9e (vue d&rsquo;injection). Dans la plupart des cas, le d\u00e9placement des sites d&rsquo;injection vers d&rsquo;autres zones du corps r\u00e9soudra le probl\u00e8me.<\/p>\n<p>Certains utilisateurs de produits \u00e0 base d&rsquo;hormone de croissance peuvent ressentir une sensation de picotement dans les mains et\/ou les pieds. Ceci est le plus souvent associ\u00e9 \u00e0 des doses \u00e9lev\u00e9es et \u00e0 des doses tr\u00e8s \u00e9lev\u00e9es d&rsquo;hormones de croissance dans le corps, mais cela peut se produire m\u00eame avec des doses faibles \u00e0 mod\u00e9r\u00e9es dans certains cas. La plupart des utilisateurs devraient constater que cela s&rsquo;estompe au fur et \u00e0 mesure de l&rsquo;utilisation, mais cela peut ne pas arriver dans de rares cas.<\/p>\n<p>Les effets secondaires du GHRP-6 peuvent inclure un mal de t\u00eate d\u00e9cent chez certains utilisateurs en raison d&rsquo;une forte baisse de la glyc\u00e9mie. Les ajustements alimentaires r\u00e9soudront souvent le probl\u00e8me, mais il est important de se rappeler que l&rsquo;utilisation \u00e0 jeun est la seule v\u00e9ritable utilisation b\u00e9n\u00e9fique. Les effets secondaires du GHRP-6 peuvent inclure la gyn\u00e9comastie dans de tr\u00e8s rares cas en raison de l&rsquo;augmentation possible des taux de prolactine par le peptide.<\/p>\n<p><strong>Administration<\/strong><br \/>\nLe GHRP-6 se pr\u00e9sente sous forme de poudre s\u00e8che et devra \u00eatre m\u00e9lang\u00e9 avec de l&rsquo;eau bact\u00e9riostatique. Le GHRP-6 doit \u00eatre conserv\u00e9 au r\u00e9frig\u00e9rateur apr\u00e8s avoir \u00e9t\u00e9 m\u00e9lang\u00e9. Le GHRP-6 perdra de sa puissance en moins de quatre semaines apr\u00e8s le m\u00e9lange.<\/p>\n<p>Les injections de GHRP-6 peuvent \u00eatre administr\u00e9es par voie intramusculaire (dans le muscle) ou sous-cutan\u00e9e (sous la peau).<\/p>\n<p>Les doses doivent \u00eatre administr\u00e9es quotidiennement au minimum, 2 \u00e0 3 doses \u00e9tant beaucoup plus optimales. Les doses quotidiennes totales peuvent varier de 50 \u00e0 500 mcg par injection en fonction des besoins individuels. Si une autre hormone de lib\u00e9ration de l&rsquo;hormone de croissance (GHRH) est utilis\u00e9e, telle que Mod GRF 1-29, la quantit\u00e9 totale de GHRP-6 n\u00e9cessaire sera r\u00e9duite, une plage de 50 \u00e0 150 mcg par dose \u00e9tant optimale.<\/p>\n<p>Le GHRP-6 doit \u00eatre administr\u00e9 lorsque la glyc\u00e9mie est basse. Les aliments ne doivent pas \u00eatre consomm\u00e9s pendant 30 \u00e0 60 minutes apr\u00e8s l&rsquo;administration de GHRP-6.<\/p>","protected":false},"excerpt":{"rendered":"<p>Le GHRP-6 (Growth Hormone Releasing Hexapeptide) est une hormone peptidique de la classe des Hormones de Croissance. Le but de<\/p>\n","protected":false},"featured_media":7413,"comment_status":"open","ping_status":"closed","template":"","meta":[],"product_brand":[],"product_cat":[76],"product_tag":[],"class_list":{"0":"post-7412","1":"product","2":"type-product","3":"status-publish","4":"has-post-thumbnail","6":"product_cat-hgh_peptido","8":"first","9":"outofstock","10":"shipping-taxable","11":"purchasable","12":"product-type-simple"},"yoast_head":"<!-- This site is optimized with the Yoast SEO Premium plugin v24.4 (Yoast SEO v27.0) - https:\/\/yoast.com\/product\/yoast-seo-premium-wordpress\/ -->\n<title>GHRP6 -PHARMA GEN - (Espa\u00f1ol) Esteroides en l\u00ednea<\/title>\n<meta name=\"robots\" content=\"index, follow, max-snippet:-1, max-image-preview:large, max-video-preview:-1\" \/>\n<link rel=\"canonical\" href=\"https:\/\/iberoid.com\/fr\/product\/ghrp6-pharmagen\/\" \/>\n<meta property=\"og:locale\" content=\"fr_FR\" \/>\n<meta property=\"og:type\" content=\"article\" \/>\n<meta property=\"og:title\" content=\"GHRP6 -PHARMA GEN\" \/>\n<meta property=\"og:description\" content=\"Le GHRP-6 (Growth Hormone Releasing Hexapeptide) est une hormone peptidique de la classe des Hormones de Croissance. Le but de\" \/>\n<meta property=\"og:url\" content=\"https:\/\/iberoid.com\/fr\/product\/ghrp6-pharmagen\/\" \/>\n<meta property=\"og:site_name\" content=\"(Espa\u00f1ol) Esteroides en l\u00ednea\" \/>\n<meta property=\"article:modified_time\" content=\"2023-02-13T11:02:38+00:00\" \/>\n<meta property=\"og:image\" content=\"https:\/\/iberoid.com\/wp-content\/uploads\/2022\/03\/GHRP-6-pgen.jpg?v=1678119912\" \/>\n\t<meta property=\"og:image:width\" content=\"2000\" \/>\n\t<meta property=\"og:image:height\" content=\"1334\" \/>\n\t<meta property=\"og:image:type\" content=\"image\/jpeg\" \/>\n<meta name=\"twitter:card\" content=\"summary_large_image\" \/>\n<meta name=\"twitter:label1\" content=\"Prix\" \/>\n\t<meta name=\"twitter:data1\" content=\"&euro;30.00\" \/>\n\t<meta name=\"twitter:label2\" content=\"Disponibilit\u00e9\" \/>\n\t<meta name=\"twitter:data2\" content=\"Rupture de stock\" \/>\n<script type=\"application\/ld+json\" class=\"yoast-schema-graph\">{\"@context\":\"https:\/\/schema.org\",\"@graph\":[{\"@type\":\"WebPage\",\"@id\":\"https:\/\/iberoid.com\/fr\/product\/ghrp6-pharmagen\/\",\"url\":\"https:\/\/iberoid.com\/fr\/product\/ghrp6-pharmagen\/\",\"name\":\"GHRP6 -PHARMA GEN - (Espa\u00f1ol) Esteroides en l\u00ednea\",\"isPartOf\":{\"@id\":\"https:\/\/iberoid-shop.com\/#website\"},\"primaryImageOfPage\":{\"@id\":\"https:\/\/iberoid.com\/fr\/product\/ghrp6-pharmagen\/#primaryimage\"},\"image\":{\"@id\":\"https:\/\/iberoid.com\/fr\/product\/ghrp6-pharmagen\/#primaryimage\"},\"thumbnailUrl\":\"https:\/\/iberoid.com\/wp-content\/uploads\/2022\/03\/GHRP-6-pgen.jpg?v=1678119912\",\"datePublished\":\"2022-03-12T13:50:20+00:00\",\"dateModified\":\"2023-02-13T11:02:38+00:00\",\"breadcrumb\":{\"@id\":\"https:\/\/iberoid.com\/fr\/product\/ghrp6-pharmagen\/#breadcrumb\"},\"inLanguage\":\"fr-FR\",\"potentialAction\":[{\"@type\":\"ReadAction\",\"target\":[[\"https:\/\/iberoid.com\/fr\/product\/ghrp6-pharmagen\/\"]]}]},{\"@type\":\"ImageObject\",\"inLanguage\":\"fr-FR\",\"@id\":\"https:\/\/iberoid.com\/fr\/product\/ghrp6-pharmagen\/#primaryimage\",\"url\":\"https:\/\/iberoid.com\/wp-content\/uploads\/2022\/03\/GHRP-6-pgen.jpg?v=1678119912\",\"contentUrl\":\"https:\/\/iberoid.com\/wp-content\/uploads\/2022\/03\/GHRP-6-pgen.jpg?v=1678119912\",\"width\":2000,\"height\":1334},{\"@type\":\"BreadcrumbList\",\"@id\":\"https:\/\/iberoid.com\/fr\/product\/ghrp6-pharmagen\/#breadcrumb\",\"itemListElement\":[{\"@type\":\"ListItem\",\"position\":1,\"name\":\"Portada\",\"item\":\"https:\/\/iberoid.com\/fr\/\"},{\"@type\":\"ListItem\",\"position\":2,\"name\":\"Magasin\",\"item\":\"https:\/\/iberoid.com\/fr\/shop\/\"},{\"@type\":\"ListItem\",\"position\":3,\"name\":\"GHRP6 -PHARMA GEN\"}]},{\"@type\":\"WebSite\",\"@id\":\"https:\/\/iberoid-shop.com\/#website\",\"url\":\"https:\/\/iberoid-shop.com\/\",\"name\":\"(Espa\u00f1ol) Esteroides en l\u00ednea\",\"description\":\"(Espa\u00f1ol) Comprar esteroides en l\u00ednea hoy en Espa\u00f1a y Portugal. Tenemos el mejor servicio al cliente en la industria y los productos de la m\u00e1s alta calidad\",\"potentialAction\":[{\"@type\":\"SearchAction\",\"target\":{\"@type\":\"EntryPoint\",\"urlTemplate\":\"https:\/\/iberoid-shop.com\/?s={search_term_string}\"},\"query-input\":{\"@type\":\"PropertyValueSpecification\",\"valueRequired\":true,\"valueName\":\"search_term_string\"}}],\"inLanguage\":\"fr-FR\"}]}<\/script>\n<meta property=\"product:brand\" content=\"Pharma Gen\" \/>\n<meta property=\"product:price:amount\" content=\"30.00\" \/>\n<meta property=\"product:price:currency\" content=\"EUR\" \/>\n<meta property=\"og:availability\" content=\"out of stock\" \/>\n<meta property=\"product:availability\" content=\"out of stock\" \/>\n<meta property=\"product:condition\" content=\"new\" \/>\n<!-- \/ Yoast SEO Premium plugin. -->","yoast_head_json":{"title":"GHRP6 -PHARMA GEN - (Espa\u00f1ol) Esteroides en l\u00ednea","robots":{"index":"index","follow":"follow","max-snippet":"max-snippet:-1","max-image-preview":"max-image-preview:large","max-video-preview":"max-video-preview:-1"},"canonical":"https:\/\/iberoid.com\/fr\/product\/ghrp6-pharmagen\/","og_locale":"fr_FR","og_type":"article","og_title":"GHRP6 -PHARMA GEN","og_description":"Le GHRP-6 (Growth Hormone Releasing Hexapeptide) est une hormone peptidique de la classe des Hormones de Croissance. Le but de","og_url":"https:\/\/iberoid.com\/fr\/product\/ghrp6-pharmagen\/","og_site_name":"(Espa\u00f1ol) Esteroides en l\u00ednea","article_modified_time":"2023-02-13T11:02:38+00:00","og_image":[{"width":2000,"height":1334,"url":"https:\/\/iberoid.com\/wp-content\/uploads\/2022\/03\/GHRP-6-pgen.jpg?v=1678119912","type":"image\/jpeg"}],"twitter_card":"summary_large_image","twitter_misc":{"Prix":"&euro;30.00","Disponibilit\u00e9":"Rupture de stock"},"schema":{"@context":"https:\/\/schema.org","@graph":[{"@type":"WebPage","@id":"https:\/\/iberoid.com\/fr\/product\/ghrp6-pharmagen\/","url":"https:\/\/iberoid.com\/fr\/product\/ghrp6-pharmagen\/","name":"GHRP6 -PHARMA GEN - (Espa\u00f1ol) Esteroides en l\u00ednea","isPartOf":{"@id":"https:\/\/iberoid-shop.com\/#website"},"primaryImageOfPage":{"@id":"https:\/\/iberoid.com\/fr\/product\/ghrp6-pharmagen\/#primaryimage"},"image":{"@id":"https:\/\/iberoid.com\/fr\/product\/ghrp6-pharmagen\/#primaryimage"},"thumbnailUrl":"https:\/\/iberoid.com\/wp-content\/uploads\/2022\/03\/GHRP-6-pgen.jpg?v=1678119912","datePublished":"2022-03-12T13:50:20+00:00","dateModified":"2023-02-13T11:02:38+00:00","breadcrumb":{"@id":"https:\/\/iberoid.com\/fr\/product\/ghrp6-pharmagen\/#breadcrumb"},"inLanguage":"fr-FR","potentialAction":[{"@type":"ReadAction","target":[["https:\/\/iberoid.com\/fr\/product\/ghrp6-pharmagen\/"]]}]},{"@type":"ImageObject","inLanguage":"fr-FR","@id":"https:\/\/iberoid.com\/fr\/product\/ghrp6-pharmagen\/#primaryimage","url":"https:\/\/iberoid.com\/wp-content\/uploads\/2022\/03\/GHRP-6-pgen.jpg?v=1678119912","contentUrl":"https:\/\/iberoid.com\/wp-content\/uploads\/2022\/03\/GHRP-6-pgen.jpg?v=1678119912","width":2000,"height":1334},{"@type":"BreadcrumbList","@id":"https:\/\/iberoid.com\/fr\/product\/ghrp6-pharmagen\/#breadcrumb","itemListElement":[{"@type":"ListItem","position":1,"name":"Portada","item":"https:\/\/iberoid.com\/fr\/"},{"@type":"ListItem","position":2,"name":"Magasin","item":"https:\/\/iberoid.com\/fr\/shop\/"},{"@type":"ListItem","position":3,"name":"GHRP6 -PHARMA GEN"}]},{"@type":"WebSite","@id":"https:\/\/iberoid-shop.com\/#website","url":"https:\/\/iberoid-shop.com\/","name":"(Espa\u00f1ol) Esteroides en l\u00ednea","description":"(Espa\u00f1ol) Comprar esteroides en l\u00ednea hoy en Espa\u00f1a y Portugal. Tenemos el mejor servicio al cliente en la industria y los productos de la m\u00e1s alta calidad","potentialAction":[{"@type":"SearchAction","target":{"@type":"EntryPoint","urlTemplate":"https:\/\/iberoid-shop.com\/?s={search_term_string}"},"query-input":{"@type":"PropertyValueSpecification","valueRequired":true,"valueName":"search_term_string"}}],"inLanguage":"fr-FR"}]},"product_brand":"Pharma Gen","product_price_amount":"30.00","product_price_currency":"EUR","og_availability":"out of stock","product_availability":"out of stock","product_condition":"new"},"_links":{"self":[{"href":"https:\/\/iberoid.com\/fr\/wp-json\/wp\/v2\/product\/7412","targetHints":{"allow":["GET"]}}],"collection":[{"href":"https:\/\/iberoid.com\/fr\/wp-json\/wp\/v2\/product"}],"about":[{"href":"https:\/\/iberoid.com\/fr\/wp-json\/wp\/v2\/types\/product"}],"replies":[{"embeddable":true,"href":"https:\/\/iberoid.com\/fr\/wp-json\/wp\/v2\/comments?post=7412"}],"wp:featuredmedia":[{"embeddable":true,"href":"https:\/\/iberoid.com\/fr\/wp-json\/wp\/v2\/media\/7413"}],"wp:attachment":[{"href":"https:\/\/iberoid.com\/fr\/wp-json\/wp\/v2\/media?parent=7412"}],"wp:term":[{"taxonomy":"product_brand","embeddable":true,"href":"https:\/\/iberoid.com\/fr\/wp-json\/wp\/v2\/product_brand?post=7412"},{"taxonomy":"product_cat","embeddable":true,"href":"https:\/\/iberoid.com\/fr\/wp-json\/wp\/v2\/product_cat?post=7412"},{"taxonomy":"product_tag","embeddable":true,"href":"https:\/\/iberoid.com\/fr\/wp-json\/wp\/v2\/product_tag?post=7412"}],"curies":[{"name":"wp","href":"https:\/\/api.w.org\/{rel}","templated":true}]}}