{"id":7414,"date":"2022-03-12T13:52:56","date_gmt":"2022-03-12T13:52:56","guid":{"rendered":"https:\/\/iberoid.com\/?post_type=product&#038;p=7414"},"modified":"2022-11-23T21:17:08","modified_gmt":"2022-11-23T21:17:08","slug":"igf-1-des-1-mg-pharmagen","status":"publish","type":"product","link":"https:\/\/iberoid.com\/fr\/product\/igf-1-des-1-mg-pharmagen\/","title":{"rendered":"IGF 1 DES- 1 MG"},"content":{"rendered":"<p>IGF 1 DES- 1 MG est une hormone hautement anabolisante qui affecte de nombreuses zones du corps humain. Il partage \u00e9galement une relation importante avec l&rsquo;hormone de croissance humaine (HGH) et, sur une base structurelle, est similaire \u00e0 l&rsquo;insuline.<\/p>\n<p>Il a \u00e9t\u00e9 d\u00e9montr\u00e9 que l&rsquo;IGF 1 DES-1 MG augmente consid\u00e9rablement le nombre de cellules dans le muscle squelettique, ce qui peut \u00e0 son tour entra\u00eener une am\u00e9lioration de la croissance des tissus maigres. Non seulement peut-il favoriser la croissance musculaire, mais par ce mode d&rsquo;action, il peut \u00e9galement favoriser la croissance osseuse et, dans une certaine mesure, la croissance de nos organes internes.<\/p>\n<p>IGF 1 DES- 1 MG est \u00e9galement connu comme neuroprotecteur et neuropromoteur, ce qui pourrait potentiellement conduire \u00e0 une am\u00e9lioration de la fonction mentale.<\/p>\n<p>Effets secondaires<\/p>\n<p>Les donn\u00e9es cliniques ont montr\u00e9 que plus de 40 % de tous ceux qui re\u00e7oivent un traitement \u00e0 l&rsquo;IGF-1 ont souffert d&rsquo;hypoglyc\u00e9mie \u00e0 un niveau ou \u00e0 un autre. Heureusement, il est facile d&rsquo;\u00e9viter un \u00e9tat hypoglyc\u00e9mique lors de l&rsquo;utilisation d&rsquo;IGF-1. Avant d&rsquo;administrer votre IGF-1, vous devez consommer des sucres simples \u00e0 chaque fois avec une quantit\u00e9 ad\u00e9quate de nourriture, en particulier des prot\u00e9ines et un m\u00e9lange de glucides simples et complexes. Cela devrait se produire environ 15 \u00e0 20 minutes avant d&rsquo;administrer votre IGF-1. Une fois inject\u00e9, si les sympt\u00f4mes d&rsquo;hypoglyc\u00e9mie commencent \u00e0 appara\u00eetre, consommez imm\u00e9diatement plus de sucres simples et continuez \u00e0 les consommer jusqu&rsquo;\u00e0 ce que les sympt\u00f4mes disparaissent.<\/p>\n<p>Si les sympt\u00f4mes de l&rsquo;hypoglyc\u00e9mie commencent \u00e0 appara\u00eetre, consommez imm\u00e9diatement des glucides \u00e0 action rapide tels que des barres chocolat\u00e9es ou tout type d&rsquo;aliment sucr\u00e9 ou une boisson ou un jus de glucides\u00a0; le jus de raisin est un choix fantastique. S&rsquo;il est ignor\u00e9, cela peut entra\u00eener et, dans de nombreux cas, entra\u00eenera une hypoglyc\u00e9mie grave, qui peut \u00eatre fatale. Une hypoglyc\u00e9mie s\u00e9v\u00e8re \u00e0 part enti\u00e8re peut entra\u00eener une d\u00e9sorientation, des convulsions et une perte de conscience graves, mais comme nous l&rsquo;avons vu, il n&rsquo;y a aucune raison pour que cela se produise si l&rsquo;IGF-1 est utilis\u00e9 correctement.<\/p>\n<p>Certains utilisateurs d&rsquo;IGF-1 peuvent ressentir des douleurs ou des malaises articulaires bien qu&rsquo;ils aient g\u00e9n\u00e9ralement un impact positif sur les articulations. Certains rapports ont indiqu\u00e9 une croissance des amygdales, ce qui peut conduire l&rsquo;individu \u00e0 devenir un ronfleur extr\u00eame. Une croissance prononc\u00e9e des organes a \u00e9galement \u00e9t\u00e9 not\u00e9e chez certains patients, en particulier les reins et la rate.<\/p>\n<p>L&rsquo;IGF-1 peut augmenter le taux de cholest\u00e9rol\u00a0; cependant, cela est tr\u00e8s g\u00e9rable avec une alimentation saine. Le r\u00e9gime alimentaire de l&rsquo;individu doit \u00eatre riche en acides gras om\u00e9ga. Une suppl\u00e9mentation quotidienne en huile de poisson est conseill\u00e9e. Il est \u00e9galement conseill\u00e9 d&rsquo;int\u00e9grer de nombreuses activit\u00e9s cardiovasculaires dans votre routine quotidienne. Certains peuvent \u00e9galement trouver un suppl\u00e9ment antioxydant anti-cholest\u00e9rol b\u00e9n\u00e9fique.<\/p>\n<p>IGF-1 peut \u00e9galement \u00e9paissir les tissus mous du visage. Des doses \u00e9lev\u00e9es de l&rsquo;hormone ont \u00e9t\u00e9 li\u00e9es \u00e0 la croissance de la structure faciale, en particulier au niveau de la m\u00e2choire et du front, avec une croissance possible des mains, des pieds et des coudes.<\/p>","protected":false},"excerpt":{"rendered":"<p>IGF 1 DES- 1 MG est une hormone hautement anabolisante qui affecte de nombreuses zones du corps humain. Il partage<\/p>\n","protected":false},"featured_media":7415,"comment_status":"open","ping_status":"closed","template":"","meta":[],"product_brand":[],"product_cat":[69],"product_tag":[],"class_list":{"0":"post-7414","1":"product","2":"type-product","3":"status-publish","4":"has-post-thumbnail","6":"product_cat-esteroides_inyectables","8":"first","9":"outofstock","10":"sale","11":"shipping-taxable","12":"purchasable","13":"product-type-simple"},"yoast_head":"<!-- This site is optimized with the Yoast SEO Premium plugin v24.4 (Yoast SEO v27.0) - https:\/\/yoast.com\/product\/yoast-seo-premium-wordpress\/ -->\n<title>IGF 1 DES- 1 MG - (Espa\u00f1ol) Esteroides en l\u00ednea<\/title>\n<meta name=\"robots\" content=\"index, follow, max-snippet:-1, max-image-preview:large, max-video-preview:-1\" \/>\n<link rel=\"canonical\" href=\"https:\/\/iberoid.com\/fr\/product\/igf-1-des-1-mg-pharmagen\/\" \/>\n<meta property=\"og:locale\" content=\"fr_FR\" \/>\n<meta property=\"og:type\" content=\"article\" \/>\n<meta property=\"og:title\" content=\"IGF 1 DES- 1 MG\" \/>\n<meta property=\"og:description\" content=\"IGF 1 DES- 1 MG est une hormone hautement anabolisante qui affecte de nombreuses zones du corps humain. Il partage\" \/>\n<meta property=\"og:url\" content=\"https:\/\/iberoid.com\/fr\/product\/igf-1-des-1-mg-pharmagen\/\" \/>\n<meta property=\"og:site_name\" content=\"(Espa\u00f1ol) Esteroides en l\u00ednea\" \/>\n<meta property=\"article:modified_time\" content=\"2022-11-23T21:17:08+00:00\" \/>\n<meta property=\"og:image\" content=\"https:\/\/iberoid.com\/wp-content\/uploads\/2022\/03\/IGF-1-DES.jpg?v=1678119911\" \/>\n\t<meta property=\"og:image:width\" content=\"2000\" \/>\n\t<meta property=\"og:image:height\" content=\"1334\" \/>\n\t<meta property=\"og:image:type\" content=\"image\/jpeg\" \/>\n<meta name=\"twitter:card\" content=\"summary_large_image\" \/>\n<meta name=\"twitter:label1\" content=\"Prix\" \/>\n\t<meta name=\"twitter:data1\" content=\"&euro;30.00\" \/>\n\t<meta name=\"twitter:label2\" content=\"Disponibilit\u00e9\" \/>\n\t<meta name=\"twitter:data2\" content=\"Rupture de stock\" \/>\n<script type=\"application\/ld+json\" class=\"yoast-schema-graph\">{\"@context\":\"https:\/\/schema.org\",\"@graph\":[{\"@type\":\"WebPage\",\"@id\":\"https:\/\/iberoid.com\/fr\/product\/igf-1-des-1-mg-pharmagen\/\",\"url\":\"https:\/\/iberoid.com\/fr\/product\/igf-1-des-1-mg-pharmagen\/\",\"name\":\"IGF 1 DES- 1 MG - (Espa\u00f1ol) Esteroides en l\u00ednea\",\"isPartOf\":{\"@id\":\"https:\/\/iberoid-shop.com\/#website\"},\"primaryImageOfPage\":{\"@id\":\"https:\/\/iberoid.com\/fr\/product\/igf-1-des-1-mg-pharmagen\/#primaryimage\"},\"image\":{\"@id\":\"https:\/\/iberoid.com\/fr\/product\/igf-1-des-1-mg-pharmagen\/#primaryimage\"},\"thumbnailUrl\":\"https:\/\/iberoid.com\/wp-content\/uploads\/2022\/03\/IGF-1-DES.jpg?v=1678119911\",\"datePublished\":\"2022-03-12T13:52:56+00:00\",\"dateModified\":\"2022-11-23T21:17:08+00:00\",\"breadcrumb\":{\"@id\":\"https:\/\/iberoid.com\/fr\/product\/igf-1-des-1-mg-pharmagen\/#breadcrumb\"},\"inLanguage\":\"fr-FR\",\"potentialAction\":[{\"@type\":\"ReadAction\",\"target\":[[\"https:\/\/iberoid.com\/fr\/product\/igf-1-des-1-mg-pharmagen\/\"]]}]},{\"@type\":\"ImageObject\",\"inLanguage\":\"fr-FR\",\"@id\":\"https:\/\/iberoid.com\/fr\/product\/igf-1-des-1-mg-pharmagen\/#primaryimage\",\"url\":\"https:\/\/iberoid.com\/wp-content\/uploads\/2022\/03\/IGF-1-DES.jpg?v=1678119911\",\"contentUrl\":\"https:\/\/iberoid.com\/wp-content\/uploads\/2022\/03\/IGF-1-DES.jpg?v=1678119911\",\"width\":2000,\"height\":1334},{\"@type\":\"BreadcrumbList\",\"@id\":\"https:\/\/iberoid.com\/fr\/product\/igf-1-des-1-mg-pharmagen\/#breadcrumb\",\"itemListElement\":[{\"@type\":\"ListItem\",\"position\":1,\"name\":\"Portada\",\"item\":\"https:\/\/iberoid.com\/fr\/\"},{\"@type\":\"ListItem\",\"position\":2,\"name\":\"Magasin\",\"item\":\"https:\/\/iberoid.com\/fr\/shop\/\"},{\"@type\":\"ListItem\",\"position\":3,\"name\":\"IGF 1 DES- 1 MG\"}]},{\"@type\":\"WebSite\",\"@id\":\"https:\/\/iberoid-shop.com\/#website\",\"url\":\"https:\/\/iberoid-shop.com\/\",\"name\":\"(Espa\u00f1ol) Esteroides en l\u00ednea\",\"description\":\"(Espa\u00f1ol) Comprar esteroides en l\u00ednea hoy en Espa\u00f1a y Portugal. Tenemos el mejor servicio al cliente en la industria y los productos de la m\u00e1s alta calidad\",\"potentialAction\":[{\"@type\":\"SearchAction\",\"target\":{\"@type\":\"EntryPoint\",\"urlTemplate\":\"https:\/\/iberoid-shop.com\/?s={search_term_string}\"},\"query-input\":{\"@type\":\"PropertyValueSpecification\",\"valueRequired\":true,\"valueName\":\"search_term_string\"}}],\"inLanguage\":\"fr-FR\"}]}<\/script>\n<meta property=\"product:brand\" content=\"Pharma Gen\" \/>\n<meta property=\"product:price:amount\" content=\"30.00\" \/>\n<meta property=\"product:price:currency\" content=\"EUR\" \/>\n<meta property=\"og:availability\" content=\"out of stock\" \/>\n<meta property=\"product:availability\" content=\"out of stock\" \/>\n<meta property=\"product:condition\" content=\"new\" \/>\n<!-- \/ Yoast SEO Premium plugin. -->","yoast_head_json":{"title":"IGF 1 DES- 1 MG - (Espa\u00f1ol) Esteroides en l\u00ednea","robots":{"index":"index","follow":"follow","max-snippet":"max-snippet:-1","max-image-preview":"max-image-preview:large","max-video-preview":"max-video-preview:-1"},"canonical":"https:\/\/iberoid.com\/fr\/product\/igf-1-des-1-mg-pharmagen\/","og_locale":"fr_FR","og_type":"article","og_title":"IGF 1 DES- 1 MG","og_description":"IGF 1 DES- 1 MG est une hormone hautement anabolisante qui affecte de nombreuses zones du corps humain. Il partage","og_url":"https:\/\/iberoid.com\/fr\/product\/igf-1-des-1-mg-pharmagen\/","og_site_name":"(Espa\u00f1ol) Esteroides en l\u00ednea","article_modified_time":"2022-11-23T21:17:08+00:00","og_image":[{"width":2000,"height":1334,"url":"https:\/\/iberoid.com\/wp-content\/uploads\/2022\/03\/IGF-1-DES.jpg?v=1678119911","type":"image\/jpeg"}],"twitter_card":"summary_large_image","twitter_misc":{"Prix":"&euro;30.00","Disponibilit\u00e9":"Rupture de stock"},"schema":{"@context":"https:\/\/schema.org","@graph":[{"@type":"WebPage","@id":"https:\/\/iberoid.com\/fr\/product\/igf-1-des-1-mg-pharmagen\/","url":"https:\/\/iberoid.com\/fr\/product\/igf-1-des-1-mg-pharmagen\/","name":"IGF 1 DES- 1 MG - (Espa\u00f1ol) Esteroides en l\u00ednea","isPartOf":{"@id":"https:\/\/iberoid-shop.com\/#website"},"primaryImageOfPage":{"@id":"https:\/\/iberoid.com\/fr\/product\/igf-1-des-1-mg-pharmagen\/#primaryimage"},"image":{"@id":"https:\/\/iberoid.com\/fr\/product\/igf-1-des-1-mg-pharmagen\/#primaryimage"},"thumbnailUrl":"https:\/\/iberoid.com\/wp-content\/uploads\/2022\/03\/IGF-1-DES.jpg?v=1678119911","datePublished":"2022-03-12T13:52:56+00:00","dateModified":"2022-11-23T21:17:08+00:00","breadcrumb":{"@id":"https:\/\/iberoid.com\/fr\/product\/igf-1-des-1-mg-pharmagen\/#breadcrumb"},"inLanguage":"fr-FR","potentialAction":[{"@type":"ReadAction","target":[["https:\/\/iberoid.com\/fr\/product\/igf-1-des-1-mg-pharmagen\/"]]}]},{"@type":"ImageObject","inLanguage":"fr-FR","@id":"https:\/\/iberoid.com\/fr\/product\/igf-1-des-1-mg-pharmagen\/#primaryimage","url":"https:\/\/iberoid.com\/wp-content\/uploads\/2022\/03\/IGF-1-DES.jpg?v=1678119911","contentUrl":"https:\/\/iberoid.com\/wp-content\/uploads\/2022\/03\/IGF-1-DES.jpg?v=1678119911","width":2000,"height":1334},{"@type":"BreadcrumbList","@id":"https:\/\/iberoid.com\/fr\/product\/igf-1-des-1-mg-pharmagen\/#breadcrumb","itemListElement":[{"@type":"ListItem","position":1,"name":"Portada","item":"https:\/\/iberoid.com\/fr\/"},{"@type":"ListItem","position":2,"name":"Magasin","item":"https:\/\/iberoid.com\/fr\/shop\/"},{"@type":"ListItem","position":3,"name":"IGF 1 DES- 1 MG"}]},{"@type":"WebSite","@id":"https:\/\/iberoid-shop.com\/#website","url":"https:\/\/iberoid-shop.com\/","name":"(Espa\u00f1ol) Esteroides en l\u00ednea","description":"(Espa\u00f1ol) Comprar esteroides en l\u00ednea hoy en Espa\u00f1a y Portugal. Tenemos el mejor servicio al cliente en la industria y los productos de la m\u00e1s alta calidad","potentialAction":[{"@type":"SearchAction","target":{"@type":"EntryPoint","urlTemplate":"https:\/\/iberoid-shop.com\/?s={search_term_string}"},"query-input":{"@type":"PropertyValueSpecification","valueRequired":true,"valueName":"search_term_string"}}],"inLanguage":"fr-FR"}]},"product_brand":"Pharma Gen","product_price_amount":"30.00","product_price_currency":"EUR","og_availability":"out of stock","product_availability":"out of stock","product_condition":"new"},"_links":{"self":[{"href":"https:\/\/iberoid.com\/fr\/wp-json\/wp\/v2\/product\/7414","targetHints":{"allow":["GET"]}}],"collection":[{"href":"https:\/\/iberoid.com\/fr\/wp-json\/wp\/v2\/product"}],"about":[{"href":"https:\/\/iberoid.com\/fr\/wp-json\/wp\/v2\/types\/product"}],"replies":[{"embeddable":true,"href":"https:\/\/iberoid.com\/fr\/wp-json\/wp\/v2\/comments?post=7414"}],"wp:featuredmedia":[{"embeddable":true,"href":"https:\/\/iberoid.com\/fr\/wp-json\/wp\/v2\/media\/7415"}],"wp:attachment":[{"href":"https:\/\/iberoid.com\/fr\/wp-json\/wp\/v2\/media?parent=7414"}],"wp:term":[{"taxonomy":"product_brand","embeddable":true,"href":"https:\/\/iberoid.com\/fr\/wp-json\/wp\/v2\/product_brand?post=7414"},{"taxonomy":"product_cat","embeddable":true,"href":"https:\/\/iberoid.com\/fr\/wp-json\/wp\/v2\/product_cat?post=7414"},{"taxonomy":"product_tag","embeddable":true,"href":"https:\/\/iberoid.com\/fr\/wp-json\/wp\/v2\/product_tag?post=7414"}],"curies":[{"name":"wp","href":"https:\/\/api.w.org\/{rel}","templated":true}]}}