{"id":7416,"date":"2022-03-12T13:55:01","date_gmt":"2022-03-12T13:55:01","guid":{"rendered":"https:\/\/iberoid.com\/?post_type=product&#038;p=7416"},"modified":"2023-02-02T16:30:53","modified_gmt":"2023-02-02T16:30:53","slug":"7416","status":"publish","type":"product","link":"https:\/\/iberoid.com\/fr\/product\/7416\/","title":{"rendered":"IGF-1 LR3"},"content":{"rendered":"<p>IGF-1 est un peptide biologiquement actif principalement produit dans le foie et les muscles ; c&rsquo;est un m\u00e9diateur majeur de l&rsquo;hormone de croissance. Il a un effet anabolisant et d\u00e9clenche une hyperplasie musculaire. La mol\u00e9cule IGF-1 se compose de 70 acides amin\u00e9s et a une courte demi-vie dans le corps (environ 10 \u00e0 20 minutes) ; c&rsquo;est pourquoi il a une courte p\u00e9riode d&rsquo;action.<\/p>\n<p>Comme l&rsquo;IGF-1 a une courte demi-vie, sa mol\u00e9cule a \u00e9t\u00e9 modifi\u00e9e et une forme \u00e0 longue dur\u00e9e d&rsquo;action (IGF-1 LR3), avec une demi-vie de 20 \u00e0 30 heures et plus de deux fois l&rsquo;activit\u00e9, a \u00e9t\u00e9 re\u00e7ue. IGF-1 LR3 inhibe plus efficacement l&rsquo;absorption cellulaire du glucose, obligeant ainsi le corps \u00e0 br\u00fbler les graisses pour produire de l&rsquo;\u00e9nergie.<\/p>\n<p>IGF-1 LR3 est id\u00e9al pour ceux qui souhaitent augmenter leur masse musculaire maigre. Ce peptide fonctionne incroyablement rapidement, vous verrez donc les r\u00e9sultats imm\u00e9diatement.<\/p>\n<p>IGF-1 LR3 a un indice anabolique \u00e9lev\u00e9. L&rsquo;effet principal se traduit par une hyperplasie musculaire (augmentation des fibres musculaires). Comme des \u00e9tudes l&rsquo;ont montr\u00e9, l&rsquo;hyperplasie se manifeste m\u00eame chez les athl\u00e8tes plus \u00e2g\u00e9s.<\/p>\n<p>L&rsquo;effet du m\u00e9dicament sur le corps humain est similaire \u00e0 celui de l&rsquo;hormone de croissance; 100 microgrammes d&rsquo;IGF-1 LR3 \u00e9quivalent \u00e0 16,25-25 UI d&rsquo;hormone de croissance.<\/p>\n<p>Les principaux effets de l&rsquo;utilisation d&rsquo;IGF-1 LR3 sont les suivants\u00a0:<\/p>\n<p>Stimule l&rsquo;hyperplasie des fibres musculaires;<br \/>\nR\u00e9duit les d\u00e9p\u00f4ts de graisse\u00a0;<br \/>\nAugmente les r\u00e9serves \u00e9nerg\u00e9tiques du corps;<br \/>\nAm\u00e9liore le transport du glucose et des acides amin\u00e9s.<br \/>\nIGF-1 LR3 l&#8217;emporte sur l&rsquo;action de l&rsquo;hormone de croissance artificielle dans les propri\u00e9t\u00e9s de combustion des graisses.<\/p>","protected":false},"excerpt":{"rendered":"<p>IGF-1 est un peptide biologiquement actif principalement produit dans le foie et les muscles ; c&rsquo;est un m\u00e9diateur majeur de<\/p>\n","protected":false},"featured_media":7417,"comment_status":"open","ping_status":"closed","template":"","meta":[],"product_brand":[],"product_cat":[76],"product_tag":[],"class_list":{"0":"post-7416","1":"product","2":"type-product","3":"status-publish","4":"has-post-thumbnail","6":"product_cat-hgh_peptido","8":"first","9":"outofstock","10":"shipping-taxable","11":"purchasable","12":"product-type-simple"},"yoast_head":"<!-- This site is optimized with the Yoast SEO Premium plugin v24.4 (Yoast SEO v27.0) - https:\/\/yoast.com\/product\/yoast-seo-premium-wordpress\/ -->\n<title>IGF-1 LR3 - (Espa\u00f1ol) Esteroides en l\u00ednea<\/title>\n<meta name=\"robots\" content=\"index, follow, max-snippet:-1, max-image-preview:large, max-video-preview:-1\" \/>\n<link rel=\"canonical\" href=\"https:\/\/iberoid.com\/fr\/product\/7416\/\" \/>\n<meta property=\"og:locale\" content=\"fr_FR\" \/>\n<meta property=\"og:type\" content=\"article\" \/>\n<meta property=\"og:title\" content=\"IGF-1 LR3\" \/>\n<meta property=\"og:description\" content=\"IGF-1 est un peptide biologiquement actif principalement produit dans le foie et les muscles ; c&rsquo;est un m\u00e9diateur majeur de\" \/>\n<meta property=\"og:url\" content=\"https:\/\/iberoid.com\/fr\/product\/7416\/\" \/>\n<meta property=\"og:site_name\" content=\"(Espa\u00f1ol) Esteroides en l\u00ednea\" \/>\n<meta property=\"article:modified_time\" content=\"2023-02-02T16:30:53+00:00\" \/>\n<meta property=\"og:image\" content=\"https:\/\/iberoid.com\/wp-content\/uploads\/2022\/03\/IGF-1-LR3.jpg?v=1678119910\" \/>\n\t<meta property=\"og:image:width\" content=\"2000\" \/>\n\t<meta property=\"og:image:height\" content=\"1334\" \/>\n\t<meta property=\"og:image:type\" content=\"image\/jpeg\" \/>\n<meta name=\"twitter:card\" content=\"summary_large_image\" \/>\n<meta name=\"twitter:label1\" content=\"Prix\" \/>\n\t<meta name=\"twitter:data1\" content=\"&euro;50.00\" \/>\n\t<meta name=\"twitter:label2\" content=\"Disponibilit\u00e9\" \/>\n\t<meta name=\"twitter:data2\" content=\"Rupture de stock\" \/>\n<script type=\"application\/ld+json\" class=\"yoast-schema-graph\">{\"@context\":\"https:\/\/schema.org\",\"@graph\":[{\"@type\":\"WebPage\",\"@id\":\"https:\/\/iberoid.com\/fr\/product\/7416\/\",\"url\":\"https:\/\/iberoid.com\/fr\/product\/7416\/\",\"name\":\"IGF-1 LR3 - (Espa\u00f1ol) Esteroides en l\u00ednea\",\"isPartOf\":{\"@id\":\"https:\/\/iberoid.com\/fr\/#website\"},\"primaryImageOfPage\":{\"@id\":\"https:\/\/iberoid.com\/fr\/product\/7416\/#primaryimage\"},\"image\":{\"@id\":\"https:\/\/iberoid.com\/fr\/product\/7416\/#primaryimage\"},\"thumbnailUrl\":\"https:\/\/iberoid.com\/wp-content\/uploads\/2022\/03\/IGF-1-LR3.jpg?v=1678119910\",\"datePublished\":\"2022-03-12T13:55:01+00:00\",\"dateModified\":\"2023-02-02T16:30:53+00:00\",\"breadcrumb\":{\"@id\":\"https:\/\/iberoid.com\/fr\/product\/7416\/#breadcrumb\"},\"inLanguage\":\"fr-FR\",\"potentialAction\":[{\"@type\":\"ReadAction\",\"target\":[[\"https:\/\/iberoid.com\/fr\/product\/7416\/\"]]}]},{\"@type\":\"ImageObject\",\"inLanguage\":\"fr-FR\",\"@id\":\"https:\/\/iberoid.com\/fr\/product\/7416\/#primaryimage\",\"url\":\"https:\/\/iberoid.com\/wp-content\/uploads\/2022\/03\/IGF-1-LR3.jpg?v=1678119910\",\"contentUrl\":\"https:\/\/iberoid.com\/wp-content\/uploads\/2022\/03\/IGF-1-LR3.jpg?v=1678119910\",\"width\":2000,\"height\":1334},{\"@type\":\"BreadcrumbList\",\"@id\":\"https:\/\/iberoid.com\/fr\/product\/7416\/#breadcrumb\",\"itemListElement\":[{\"@type\":\"ListItem\",\"position\":1,\"name\":\"Portada\",\"item\":\"https:\/\/iberoid.com\/fr\/\"},{\"@type\":\"ListItem\",\"position\":2,\"name\":\"Magasin\",\"item\":\"https:\/\/iberoid.com\/fr\/shop\/\"},{\"@type\":\"ListItem\",\"position\":3,\"name\":\"IGF-1 LR3\"}]},{\"@type\":\"WebSite\",\"@id\":\"https:\/\/iberoid.com\/fr\/#website\",\"url\":\"https:\/\/iberoid.com\/fr\/\",\"name\":\"(Espa\u00f1ol) Esteroides en l\u00ednea\",\"description\":\"(Espa\u00f1ol) Comprar esteroides en l\u00ednea hoy en Espa\u00f1a y Portugal. Tenemos el mejor servicio al cliente en la industria y los productos de la m\u00e1s alta calidad\",\"potentialAction\":[{\"@type\":\"SearchAction\",\"target\":{\"@type\":\"EntryPoint\",\"urlTemplate\":\"https:\/\/iberoid.com\/fr\/?s={search_term_string}\"},\"query-input\":{\"@type\":\"PropertyValueSpecification\",\"valueRequired\":true,\"valueName\":\"search_term_string\"}}],\"inLanguage\":\"fr-FR\"}]}<\/script>\n<meta property=\"product:brand\" content=\"Pharma Gen\" \/>\n<meta property=\"product:price:amount\" content=\"50.00\" \/>\n<meta property=\"product:price:currency\" content=\"EUR\" \/>\n<meta property=\"og:availability\" content=\"out of stock\" \/>\n<meta property=\"product:availability\" content=\"out of stock\" \/>\n<meta property=\"product:condition\" content=\"new\" \/>\n<!-- \/ Yoast SEO Premium plugin. -->","yoast_head_json":{"title":"IGF-1 LR3 - (Espa\u00f1ol) Esteroides en l\u00ednea","robots":{"index":"index","follow":"follow","max-snippet":"max-snippet:-1","max-image-preview":"max-image-preview:large","max-video-preview":"max-video-preview:-1"},"canonical":"https:\/\/iberoid.com\/fr\/product\/7416\/","og_locale":"fr_FR","og_type":"article","og_title":"IGF-1 LR3","og_description":"IGF-1 est un peptide biologiquement actif principalement produit dans le foie et les muscles ; c&rsquo;est un m\u00e9diateur majeur de","og_url":"https:\/\/iberoid.com\/fr\/product\/7416\/","og_site_name":"(Espa\u00f1ol) Esteroides en l\u00ednea","article_modified_time":"2023-02-02T16:30:53+00:00","og_image":[{"width":2000,"height":1334,"url":"https:\/\/iberoid.com\/wp-content\/uploads\/2022\/03\/IGF-1-LR3.jpg?v=1678119910","type":"image\/jpeg"}],"twitter_card":"summary_large_image","twitter_misc":{"Prix":"&euro;50.00","Disponibilit\u00e9":"Rupture de stock"},"schema":{"@context":"https:\/\/schema.org","@graph":[{"@type":"WebPage","@id":"https:\/\/iberoid.com\/fr\/product\/7416\/","url":"https:\/\/iberoid.com\/fr\/product\/7416\/","name":"IGF-1 LR3 - (Espa\u00f1ol) Esteroides en l\u00ednea","isPartOf":{"@id":"https:\/\/iberoid.com\/fr\/#website"},"primaryImageOfPage":{"@id":"https:\/\/iberoid.com\/fr\/product\/7416\/#primaryimage"},"image":{"@id":"https:\/\/iberoid.com\/fr\/product\/7416\/#primaryimage"},"thumbnailUrl":"https:\/\/iberoid.com\/wp-content\/uploads\/2022\/03\/IGF-1-LR3.jpg?v=1678119910","datePublished":"2022-03-12T13:55:01+00:00","dateModified":"2023-02-02T16:30:53+00:00","breadcrumb":{"@id":"https:\/\/iberoid.com\/fr\/product\/7416\/#breadcrumb"},"inLanguage":"fr-FR","potentialAction":[{"@type":"ReadAction","target":[["https:\/\/iberoid.com\/fr\/product\/7416\/"]]}]},{"@type":"ImageObject","inLanguage":"fr-FR","@id":"https:\/\/iberoid.com\/fr\/product\/7416\/#primaryimage","url":"https:\/\/iberoid.com\/wp-content\/uploads\/2022\/03\/IGF-1-LR3.jpg?v=1678119910","contentUrl":"https:\/\/iberoid.com\/wp-content\/uploads\/2022\/03\/IGF-1-LR3.jpg?v=1678119910","width":2000,"height":1334},{"@type":"BreadcrumbList","@id":"https:\/\/iberoid.com\/fr\/product\/7416\/#breadcrumb","itemListElement":[{"@type":"ListItem","position":1,"name":"Portada","item":"https:\/\/iberoid.com\/fr\/"},{"@type":"ListItem","position":2,"name":"Magasin","item":"https:\/\/iberoid.com\/fr\/shop\/"},{"@type":"ListItem","position":3,"name":"IGF-1 LR3"}]},{"@type":"WebSite","@id":"https:\/\/iberoid.com\/fr\/#website","url":"https:\/\/iberoid.com\/fr\/","name":"(Espa\u00f1ol) Esteroides en l\u00ednea","description":"(Espa\u00f1ol) Comprar esteroides en l\u00ednea hoy en Espa\u00f1a y Portugal. Tenemos el mejor servicio al cliente en la industria y los productos de la m\u00e1s alta calidad","potentialAction":[{"@type":"SearchAction","target":{"@type":"EntryPoint","urlTemplate":"https:\/\/iberoid.com\/fr\/?s={search_term_string}"},"query-input":{"@type":"PropertyValueSpecification","valueRequired":true,"valueName":"search_term_string"}}],"inLanguage":"fr-FR"}]},"product_brand":"Pharma Gen","product_price_amount":"50.00","product_price_currency":"EUR","og_availability":"out of stock","product_availability":"out of stock","product_condition":"new"},"_links":{"self":[{"href":"https:\/\/iberoid.com\/fr\/wp-json\/wp\/v2\/product\/7416","targetHints":{"allow":["GET"]}}],"collection":[{"href":"https:\/\/iberoid.com\/fr\/wp-json\/wp\/v2\/product"}],"about":[{"href":"https:\/\/iberoid.com\/fr\/wp-json\/wp\/v2\/types\/product"}],"replies":[{"embeddable":true,"href":"https:\/\/iberoid.com\/fr\/wp-json\/wp\/v2\/comments?post=7416"}],"wp:featuredmedia":[{"embeddable":true,"href":"https:\/\/iberoid.com\/fr\/wp-json\/wp\/v2\/media\/7417"}],"wp:attachment":[{"href":"https:\/\/iberoid.com\/fr\/wp-json\/wp\/v2\/media?parent=7416"}],"wp:term":[{"taxonomy":"product_brand","embeddable":true,"href":"https:\/\/iberoid.com\/fr\/wp-json\/wp\/v2\/product_brand?post=7416"},{"taxonomy":"product_cat","embeddable":true,"href":"https:\/\/iberoid.com\/fr\/wp-json\/wp\/v2\/product_cat?post=7416"},{"taxonomy":"product_tag","embeddable":true,"href":"https:\/\/iberoid.com\/fr\/wp-json\/wp\/v2\/product_tag?post=7416"}],"curies":[{"name":"wp","href":"https:\/\/api.w.org\/{rel}","templated":true}]}}