{"id":7419,"date":"2022-03-12T14:08:39","date_gmt":"2022-03-12T14:08:39","guid":{"rendered":"https:\/\/iberoid.com\/?post_type=product&#038;p=7419"},"modified":"2024-04-16T18:46:21","modified_gmt":"2024-04-16T18:46:21","slug":"pack3-cajas-testosterone-enanthate-250mg-pharmagen","status":"publish","type":"product","link":"https:\/\/iberoid.com\/fr\/product\/pack3-cajas-testosterone-enanthate-250mg-pharmagen\/","title":{"rendered":"PACK3 CAJAS Testosterone Enanthate &#8211; 250mg\/30 ampollas"},"content":{"rendered":"<p>Acheter de l&rsquo;\u00e9nanthate de testost\u00e9rone &#8211; Consid\u00e9r\u00e9 comme le plus ancien de tous les produits producteurs de testost\u00e9rone. De plus, ce produit est l&rsquo;un des premiers \u00e0 avoir une longue cha\u00eene d&rsquo;ester li\u00e9e \u00e0 lui. De plus, il est tr\u00e8s couramment utilis\u00e9 pour le traitement des faibles niveaux de testost\u00e9rone.<\/p>\n<p>Effets:<\/p>\n<p>Les effets de la testost\u00e9rone \u00e9nanthate d\u00e9pendent de chaque personne. Lorsqu&rsquo;il est utilis\u00e9 par une personne ayant un faible taux de testost\u00e9rone, ce produit se comporte bien. La fonction principale du produit est \u00e9galement d&rsquo;augmenter le niveau de testost\u00e9rone. Propri\u00e9t\u00e9s am\u00e9liorant la performance utilis\u00e9es par les athl\u00e8tes.<\/p>\n<p>Avantages:<\/p>\n<p>Acc\u00e9l\u00e8re la synth\u00e8se des prot\u00e9ines<\/p>\n<p>La testost\u00e9rone est l&rsquo;un des principaux androg\u00e8nes du corps masculin. Ainsi, une diminution de son niveau peut provoquer diverses anomalies, tant physiques que mentales, dans le corps masculin. La synth\u00e8se des prot\u00e9ines est \u00e9galement tr\u00e8s importante pour la construction des tissus musculaires et la r\u00e9paration des tissus endommag\u00e9s.<\/p>\n<p>Booste la prise de masse musculaire :<\/p>\n<p>Le produit a des propri\u00e9t\u00e9s de r\u00e9tention d&rsquo;azote, ce qui cr\u00e9e un environnement propice \u00e0 la construction des tissus. Nous savons \u00e9galement que 16% de l&rsquo;azote se trouve dans toute la masse musculaire maigre. La r\u00e9tention d&rsquo;azote conduit \u00e0 la protection de la masse musculaire.<\/p>\n<p>Am\u00e9liore la production de RBC<\/p>\n<p>Le produit a des propri\u00e9t\u00e9s d&rsquo;augmentation du nombre de globules rouges. Les globules rouges transportent l&rsquo;oxyg\u00e8ne. Et une oxyg\u00e9nation accrue renforce l&rsquo;endurance et la force. Ce produit contr\u00f4le \u00e9galement les hormones productrices de stress et conduit \u00e0 un environnement stable. Si les hormones de stress augmentent au-del\u00e0 d&rsquo;un certain niveau, elles peuvent causer des probl\u00e8mes cardiaques et d&rsquo;autres probl\u00e8mes de sant\u00e9.<\/p>\n<p>Dosage:<\/p>\n<p>Pour commencer, nous recommandons entre\u00a0100 et 200\u00a0mg par semaine.<\/p>\n<p>Pour am\u00e9liorer les performances, nous recommandons des doses de\u00a0200 \u00e0 250\u00a0mg. Cette posologie est par semaine.<\/p>\n<p>La dur\u00e9e moyenne d&rsquo;administration est de 8 \u00e0 12 semaines.<\/p>\n<p>La testost\u00e9rone E ou testost\u00e9rone \u00e9nanthate est un apport artificiel de l&rsquo;hormone testost\u00e9rone.<\/p>\n<p>Le m\u00e9dicament est pris normalement pour augmenter le niveau de testost\u00e9rone dans le corps et est g\u00e9n\u00e9ralement le premier st\u00e9ro\u00efde prescrit par les m\u00e9decins pour ceux qui ont de faibles niveaux de test E.<\/p>\n<p>La testost\u00e9rone E modifie l&rsquo;apparence et la taille des tissus musculaires. Ayant des propri\u00e9t\u00e9s androg\u00e8nes, il prot\u00e8ge la construction maintenue de se d\u00e9composer par le processus de catabolisme.<\/p>\n<p>La testost\u00e9rone agit en stimulant les cellules musculaires pour stocker plus de prot\u00e9ines dans le corps. Cette prot\u00e9ine est ensuite utilis\u00e9e pour l&rsquo;am\u00e9lioration des fibres musculaires.<\/p>\n<p>L&rsquo;effet de la testost\u00e9rone est en outre observ\u00e9 en provoquant une augmentation de la production de globules rouges dans le foie. Cette augmentation des globules rouges augmente l&rsquo;endurance du corps et l&rsquo;aide \u00e0 r\u00e9cup\u00e9rer plus rapidement de tout effort physique.<\/p>\n<p>En raison des effets puissants de cette hormone, elle doit \u00eatre prise une fois ou au maximum deux fois par mois.<\/p>\n<p>Les culturistes profitent des caract\u00e9ristiques anabolisantes de la testost\u00e9rone E et injectent g\u00e9n\u00e9ralement une dose suffisante d&rsquo;environ 200 \u00e0 400 mg\/mois.<\/p>\n<p>Le m\u00e9dicament est g\u00e9n\u00e9ralement pris hors saison car sa demi-vie est plus courte que celle des autres m\u00e9dicaments anabolisants. Le m\u00e9dicament lui-m\u00eame a une r\u00e9ponse lente. Il est souvent pris en association avec d&rsquo;autres m\u00e9dicaments pour renforcer ses effets et r\u00e9duire les effets secondaires possibles.<\/p>\n<p>Un certain nombre d&rsquo;avantages de la testost\u00e9rone E sont:<\/p>\n<p>\u2981 Rend la personne saine et fra\u00eeche<br \/>\n\u2981 Permet \u00e0 l&rsquo;utilisateur de faire plus d&rsquo;exercice<br \/>\n\u2981 Fournit un \u00e9quilibre nutritionnel<br \/>\n\u2981 Augmente la masse musculaire et entra\u00eene une perte de graisse<br \/>\n\u2981 Augmente le niveau d&rsquo;endurance, la force corporelle et la patience<br \/>\n\u2981 Utilis\u00e9 pour traiter le cancer du sein chez la femme<\/p>","protected":false},"excerpt":{"rendered":"<p>Acheter de l&rsquo;\u00e9nanthate de testost\u00e9rone &#8211; Consid\u00e9r\u00e9 comme le plus ancien de tous les produits producteurs de testost\u00e9rone. De plus,<\/p>\n","protected":false},"featured_media":6140,"comment_status":"open","ping_status":"closed","template":"","meta":[],"product_brand":[],"product_cat":[69,3474],"product_tag":[],"class_list":{"0":"post-7419","1":"product","2":"type-product","3":"status-publish","4":"has-post-thumbnail","6":"product_cat-esteroides_inyectables","7":"product_cat-packs","9":"first","10":"outofstock","11":"shipping-taxable","12":"purchasable","13":"product-type-simple"},"yoast_head":"<!-- This site is optimized with the Yoast SEO Premium plugin v24.4 (Yoast SEO v27.3) - https:\/\/yoast.com\/product\/yoast-seo-premium-wordpress\/ -->\n<title>PACK3 CAJAS Testosterone Enanthate - 250mg\/30 ampollas - (Espa\u00f1ol) Esteroides en l\u00ednea<\/title>\n<meta name=\"robots\" content=\"index, follow, max-snippet:-1, max-image-preview:large, max-video-preview:-1\" \/>\n<link rel=\"canonical\" href=\"https:\/\/iberoid.com\/fr\/product\/pack3-cajas-testosterone-enanthate-250mg-pharmagen\/\" \/>\n<meta property=\"og:locale\" content=\"fr_FR\" \/>\n<meta property=\"og:type\" content=\"article\" \/>\n<meta property=\"og:title\" content=\"PACK3 CAJAS Testosterone Enanthate - 250mg\/30 ampollas\" \/>\n<meta property=\"og:description\" content=\"Acheter de l&rsquo;\u00e9nanthate de testost\u00e9rone &#8211; Consid\u00e9r\u00e9 comme le plus ancien de tous les produits producteurs de testost\u00e9rone. De plus,\" \/>\n<meta property=\"og:url\" content=\"https:\/\/iberoid.com\/fr\/product\/pack3-cajas-testosterone-enanthate-250mg-pharmagen\/\" \/>\n<meta property=\"og:site_name\" content=\"(Espa\u00f1ol) Esteroides en l\u00ednea\" \/>\n<meta property=\"article:modified_time\" content=\"2024-04-16T18:46:21+00:00\" \/>\n<meta property=\"og:image\" content=\"https:\/\/iberoid.com\/wp-content\/uploads\/2021\/05\/Testosterone-E-2PG.jpg?v=1698142115\" \/>\n\t<meta property=\"og:image:width\" content=\"1000\" \/>\n\t<meta property=\"og:image:height\" content=\"1000\" \/>\n\t<meta property=\"og:image:type\" content=\"image\/jpeg\" \/>\n<meta name=\"twitter:card\" content=\"summary_large_image\" \/>\n<meta name=\"twitter:label1\" content=\"Prix\" \/>\n\t<meta name=\"twitter:data1\" content=\"&euro;100.00\" \/>\n\t<meta name=\"twitter:label2\" content=\"Disponibilit\u00e9\" \/>\n\t<meta name=\"twitter:data2\" content=\"Rupture de stock\" \/>\n<script type=\"application\/ld+json\" class=\"yoast-schema-graph\">{\"@context\":\"https:\\\/\\\/schema.org\",\"@graph\":[{\"@type\":\"WebPage\",\"@id\":\"https:\\\/\\\/iberoid.com\\\/fr\\\/product\\\/pack3-cajas-testosterone-enanthate-250mg-pharmagen\\\/\",\"url\":\"https:\\\/\\\/iberoid.com\\\/fr\\\/product\\\/pack3-cajas-testosterone-enanthate-250mg-pharmagen\\\/\",\"name\":\"PACK3 CAJAS Testosterone Enanthate - 250mg\\\/30 ampollas - (Espa\u00f1ol) Esteroides en l\u00ednea\",\"isPartOf\":{\"@id\":\"https:\\\/\\\/iberoid-shop.com\\\/#website\"},\"primaryImageOfPage\":{\"@id\":\"https:\\\/\\\/iberoid.com\\\/fr\\\/product\\\/pack3-cajas-testosterone-enanthate-250mg-pharmagen\\\/#primaryimage\"},\"image\":{\"@id\":\"https:\\\/\\\/iberoid.com\\\/fr\\\/product\\\/pack3-cajas-testosterone-enanthate-250mg-pharmagen\\\/#primaryimage\"},\"thumbnailUrl\":\"https:\\\/\\\/iberoid.com\\\/wp-content\\\/uploads\\\/2021\\\/05\\\/Testosterone-E-2PG.jpg?v=1698142115\",\"datePublished\":\"2022-03-12T14:08:39+00:00\",\"dateModified\":\"2024-04-16T18:46:21+00:00\",\"breadcrumb\":{\"@id\":\"https:\\\/\\\/iberoid.com\\\/fr\\\/product\\\/pack3-cajas-testosterone-enanthate-250mg-pharmagen\\\/#breadcrumb\"},\"inLanguage\":\"fr-FR\",\"potentialAction\":[{\"@type\":\"ReadAction\",\"target\":[[\"https:\\\/\\\/iberoid.com\\\/fr\\\/product\\\/pack3-cajas-testosterone-enanthate-250mg-pharmagen\\\/\"]]}]},{\"@type\":\"ImageObject\",\"inLanguage\":\"fr-FR\",\"@id\":\"https:\\\/\\\/iberoid.com\\\/fr\\\/product\\\/pack3-cajas-testosterone-enanthate-250mg-pharmagen\\\/#primaryimage\",\"url\":\"https:\\\/\\\/iberoid.com\\\/wp-content\\\/uploads\\\/2021\\\/05\\\/Testosterone-E-2PG.jpg?v=1698142115\",\"contentUrl\":\"https:\\\/\\\/iberoid.com\\\/wp-content\\\/uploads\\\/2021\\\/05\\\/Testosterone-E-2PG.jpg?v=1698142115\",\"width\":1000,\"height\":1000},{\"@type\":\"BreadcrumbList\",\"@id\":\"https:\\\/\\\/iberoid.com\\\/fr\\\/product\\\/pack3-cajas-testosterone-enanthate-250mg-pharmagen\\\/#breadcrumb\",\"itemListElement\":[{\"@type\":\"ListItem\",\"position\":1,\"name\":\"Portada\",\"item\":\"https:\\\/\\\/iberoid.com\\\/fr\\\/\"},{\"@type\":\"ListItem\",\"position\":2,\"name\":\"Magasin\",\"item\":\"https:\\\/\\\/iberoid.com\\\/fr\\\/shop\\\/\"},{\"@type\":\"ListItem\",\"position\":3,\"name\":\"PACK3 CAJAS Testosterone Enanthate &#8211; 250mg\\\/30 ampollas\"}]},{\"@type\":\"WebSite\",\"@id\":\"https:\\\/\\\/iberoid-shop.com\\\/#website\",\"url\":\"https:\\\/\\\/iberoid-shop.com\\\/\",\"name\":\"(Espa\u00f1ol) Esteroides en l\u00ednea\",\"description\":\"(Espa\u00f1ol) Comprar esteroides en l\u00ednea hoy en Espa\u00f1a y Portugal. Tenemos el mejor servicio al cliente en la industria y los productos de la m\u00e1s alta calidad\",\"potentialAction\":[{\"@type\":\"SearchAction\",\"target\":{\"@type\":\"EntryPoint\",\"urlTemplate\":\"https:\\\/\\\/iberoid-shop.com\\\/?s={search_term_string}\"},\"query-input\":{\"@type\":\"PropertyValueSpecification\",\"valueRequired\":true,\"valueName\":\"search_term_string\"}}],\"inLanguage\":\"fr-FR\"}]}<\/script>\n<meta property=\"product:brand\" content=\"Pharma Gen\" \/>\n<meta property=\"product:price:amount\" content=\"100.00\" \/>\n<meta property=\"product:price:currency\" content=\"EUR\" \/>\n<meta property=\"og:availability\" content=\"out of stock\" \/>\n<meta property=\"product:availability\" content=\"out of stock\" \/>\n<meta property=\"product:condition\" content=\"new\" \/>\n<!-- \/ Yoast SEO Premium plugin. -->","yoast_head_json":{"title":"PACK3 CAJAS Testosterone Enanthate - 250mg\/30 ampollas - (Espa\u00f1ol) Esteroides en l\u00ednea","robots":{"index":"index","follow":"follow","max-snippet":"max-snippet:-1","max-image-preview":"max-image-preview:large","max-video-preview":"max-video-preview:-1"},"canonical":"https:\/\/iberoid.com\/fr\/product\/pack3-cajas-testosterone-enanthate-250mg-pharmagen\/","og_locale":"fr_FR","og_type":"article","og_title":"PACK3 CAJAS Testosterone Enanthate - 250mg\/30 ampollas","og_description":"Acheter de l&rsquo;\u00e9nanthate de testost\u00e9rone &#8211; Consid\u00e9r\u00e9 comme le plus ancien de tous les produits producteurs de testost\u00e9rone. De plus,","og_url":"https:\/\/iberoid.com\/fr\/product\/pack3-cajas-testosterone-enanthate-250mg-pharmagen\/","og_site_name":"(Espa\u00f1ol) Esteroides en l\u00ednea","article_modified_time":"2024-04-16T18:46:21+00:00","og_image":[{"width":1000,"height":1000,"url":"https:\/\/iberoid.com\/wp-content\/uploads\/2021\/05\/Testosterone-E-2PG.jpg?v=1698142115","type":"image\/jpeg"}],"twitter_card":"summary_large_image","twitter_misc":{"Prix":"&euro;100.00","Disponibilit\u00e9":"Rupture de stock"},"schema":{"@context":"https:\/\/schema.org","@graph":[{"@type":"WebPage","@id":"https:\/\/iberoid.com\/fr\/product\/pack3-cajas-testosterone-enanthate-250mg-pharmagen\/","url":"https:\/\/iberoid.com\/fr\/product\/pack3-cajas-testosterone-enanthate-250mg-pharmagen\/","name":"PACK3 CAJAS Testosterone Enanthate - 250mg\/30 ampollas - (Espa\u00f1ol) Esteroides en l\u00ednea","isPartOf":{"@id":"https:\/\/iberoid-shop.com\/#website"},"primaryImageOfPage":{"@id":"https:\/\/iberoid.com\/fr\/product\/pack3-cajas-testosterone-enanthate-250mg-pharmagen\/#primaryimage"},"image":{"@id":"https:\/\/iberoid.com\/fr\/product\/pack3-cajas-testosterone-enanthate-250mg-pharmagen\/#primaryimage"},"thumbnailUrl":"https:\/\/iberoid.com\/wp-content\/uploads\/2021\/05\/Testosterone-E-2PG.jpg?v=1698142115","datePublished":"2022-03-12T14:08:39+00:00","dateModified":"2024-04-16T18:46:21+00:00","breadcrumb":{"@id":"https:\/\/iberoid.com\/fr\/product\/pack3-cajas-testosterone-enanthate-250mg-pharmagen\/#breadcrumb"},"inLanguage":"fr-FR","potentialAction":[{"@type":"ReadAction","target":[["https:\/\/iberoid.com\/fr\/product\/pack3-cajas-testosterone-enanthate-250mg-pharmagen\/"]]}]},{"@type":"ImageObject","inLanguage":"fr-FR","@id":"https:\/\/iberoid.com\/fr\/product\/pack3-cajas-testosterone-enanthate-250mg-pharmagen\/#primaryimage","url":"https:\/\/iberoid.com\/wp-content\/uploads\/2021\/05\/Testosterone-E-2PG.jpg?v=1698142115","contentUrl":"https:\/\/iberoid.com\/wp-content\/uploads\/2021\/05\/Testosterone-E-2PG.jpg?v=1698142115","width":1000,"height":1000},{"@type":"BreadcrumbList","@id":"https:\/\/iberoid.com\/fr\/product\/pack3-cajas-testosterone-enanthate-250mg-pharmagen\/#breadcrumb","itemListElement":[{"@type":"ListItem","position":1,"name":"Portada","item":"https:\/\/iberoid.com\/fr\/"},{"@type":"ListItem","position":2,"name":"Magasin","item":"https:\/\/iberoid.com\/fr\/shop\/"},{"@type":"ListItem","position":3,"name":"PACK3 CAJAS Testosterone Enanthate &#8211; 250mg\/30 ampollas"}]},{"@type":"WebSite","@id":"https:\/\/iberoid-shop.com\/#website","url":"https:\/\/iberoid-shop.com\/","name":"(Espa\u00f1ol) Esteroides en l\u00ednea","description":"(Espa\u00f1ol) Comprar esteroides en l\u00ednea hoy en Espa\u00f1a y Portugal. Tenemos el mejor servicio al cliente en la industria y los productos de la m\u00e1s alta calidad","potentialAction":[{"@type":"SearchAction","target":{"@type":"EntryPoint","urlTemplate":"https:\/\/iberoid-shop.com\/?s={search_term_string}"},"query-input":{"@type":"PropertyValueSpecification","valueRequired":true,"valueName":"search_term_string"}}],"inLanguage":"fr-FR"}]},"product_brand":"Pharma Gen","product_price_amount":"100.00","product_price_currency":"EUR","og_availability":"out of stock","product_availability":"out of stock","product_condition":"new"},"_links":{"self":[{"href":"https:\/\/iberoid.com\/fr\/wp-json\/wp\/v2\/product\/7419","targetHints":{"allow":["GET"]}}],"collection":[{"href":"https:\/\/iberoid.com\/fr\/wp-json\/wp\/v2\/product"}],"about":[{"href":"https:\/\/iberoid.com\/fr\/wp-json\/wp\/v2\/types\/product"}],"replies":[{"embeddable":true,"href":"https:\/\/iberoid.com\/fr\/wp-json\/wp\/v2\/comments?post=7419"}],"wp:featuredmedia":[{"embeddable":true,"href":"https:\/\/iberoid.com\/fr\/wp-json\/wp\/v2\/media\/6140"}],"wp:attachment":[{"href":"https:\/\/iberoid.com\/fr\/wp-json\/wp\/v2\/media?parent=7419"}],"wp:term":[{"taxonomy":"product_brand","embeddable":true,"href":"https:\/\/iberoid.com\/fr\/wp-json\/wp\/v2\/product_brand?post=7419"},{"taxonomy":"product_cat","embeddable":true,"href":"https:\/\/iberoid.com\/fr\/wp-json\/wp\/v2\/product_cat?post=7419"},{"taxonomy":"product_tag","embeddable":true,"href":"https:\/\/iberoid.com\/fr\/wp-json\/wp\/v2\/product_tag?post=7419"}],"curies":[{"name":"wp","href":"https:\/\/api.w.org\/{rel}","templated":true}]}}