{"id":7451,"date":"2022-03-16T13:46:01","date_gmt":"2022-03-16T13:46:01","guid":{"rendered":"https:\/\/iberoid.com\/?post_type=product&#038;p=7451"},"modified":"2022-06-14T18:59:19","modified_gmt":"2022-06-14T18:59:19","slug":"stanozolol-injectable-cygnus","status":"publish","type":"product","link":"https:\/\/iberoid.com\/fr\/product\/stanozolol-injectable-cygnus\/","title":{"rendered":"Stanozolol Injectable"},"content":{"rendered":"<p>Stanozolol Injectable<br \/>\nLe stanozolol peut aider \u00e0 emp\u00eacher la destruction des tissus maigres pendant un cycle de coupe. Cependant, il peut \u00e9galement avoir sa place dans un cycle de gonflement lorsqu&rsquo;il est empil\u00e9 avec d&rsquo;autres st\u00e9ro\u00efdes anabolisants.<br \/>\nLa description<br \/>\nStanozolol\u00a0(\u00e9galement connu sous le nom de winstrol) est un d\u00e9riv\u00e9 17-alpha-alkyl\u00e9 de la dihydrotestost\u00e9rone (DHT) avec de faibles qualit\u00e9s androg\u00e8nes mais hautement anabolisant. Il a \u00e9t\u00e9 d\u00e9velopp\u00e9 pour la premi\u00e8re fois en 1962 par la soci\u00e9t\u00e9 pharmaceutique mondiale am\u00e9ricaine Sterling-Winthrop Laboratories.<\/p>\n<p>Stanozolol\u00a0est un st\u00e9ro\u00efde anabolisant. P\u00e9n\u00e9trant dans le noyau cellulaire, active l&rsquo;appareil g\u00e9n\u00e9tique de la cellule, ce qui entra\u00eene une augmentation de la synth\u00e8se de l&rsquo;ADN, de l&rsquo;ARN et des prot\u00e9ines structurelles, l&rsquo;activation des enzymes de la cha\u00eene de respiration tissulaire et une augmentation de la respiration tissulaire, de la phosphorylation oxydative, de la synth\u00e8se d&rsquo;ATP et de l&rsquo;accumulation de macroergs \u00e0 l&rsquo;int\u00e9rieur de la cellule. Stimule anabolique et supprime les processus cataboliques caus\u00e9s par les glucocortico\u00efdes. Il entra\u00eene une augmentation de la masse musculaire, une r\u00e9duction des d\u00e9p\u00f4ts graisseux, am\u00e9liore le trophisme tissulaire, favorise le d\u00e9p\u00f4t de calcium dans les os, retient l&rsquo;azote, le phosphore, le soufre, le potassium, le sodium et l&rsquo;eau dans le corps. L&rsquo;action h\u00e9matopo\u00ef\u00e9tique est associ\u00e9e \u00e0 une augmentation de la synth\u00e8se d&rsquo;\u00e9rythropo\u00ef\u00e9tine.<\/p>","protected":false},"excerpt":{"rendered":"<p>Stanozolol Injectable Le stanozolol peut aider \u00e0 emp\u00eacher la destruction des tissus maigres pendant un cycle de coupe. Cependant, il<\/p>\n","protected":false},"featured_media":7452,"comment_status":"open","ping_status":"closed","template":"","meta":[],"product_brand":[],"product_cat":[69],"product_tag":[],"class_list":{"0":"post-7451","1":"product","2":"type-product","3":"status-publish","4":"has-post-thumbnail","6":"product_cat-esteroides_inyectables","8":"first","9":"outofstock","10":"shipping-taxable","11":"purchasable","12":"product-type-simple"},"yoast_head":"<!-- This site is optimized with the Yoast SEO Premium plugin v24.4 (Yoast SEO v27.3) - https:\/\/yoast.com\/product\/yoast-seo-premium-wordpress\/ -->\n<title>Stanozolol Injectable - (Espa\u00f1ol) Esteroides en l\u00ednea<\/title>\n<meta name=\"robots\" content=\"index, follow, max-snippet:-1, max-image-preview:large, max-video-preview:-1\" \/>\n<link rel=\"canonical\" href=\"https:\/\/iberoid.com\/fr\/product\/stanozolol-injectable-cygnus\/\" \/>\n<meta property=\"og:locale\" content=\"fr_FR\" \/>\n<meta property=\"og:type\" content=\"article\" \/>\n<meta property=\"og:title\" content=\"Stanozolol Injectable\" \/>\n<meta property=\"og:description\" content=\"Stanozolol Injectable Le stanozolol peut aider \u00e0 emp\u00eacher la destruction des tissus maigres pendant un cycle de coupe. Cependant, il\" \/>\n<meta property=\"og:url\" content=\"https:\/\/iberoid.com\/fr\/product\/stanozolol-injectable-cygnus\/\" \/>\n<meta property=\"og:site_name\" content=\"(Espa\u00f1ol) Esteroides en l\u00ednea\" \/>\n<meta property=\"article:modified_time\" content=\"2022-06-14T18:59:19+00:00\" \/>\n<meta property=\"og:image\" content=\"https:\/\/iberoid.com\/wp-content\/uploads\/2022\/03\/Stanozolol-50.jpg?v=1678119906\" \/>\n\t<meta property=\"og:image:width\" content=\"1000\" \/>\n\t<meta property=\"og:image:height\" content=\"698\" \/>\n\t<meta property=\"og:image:type\" content=\"image\/jpeg\" \/>\n<meta name=\"twitter:card\" content=\"summary_large_image\" \/>\n<meta name=\"twitter:label1\" content=\"Prix\" \/>\n\t<meta name=\"twitter:data1\" content=\"&euro;50.00\" \/>\n\t<meta name=\"twitter:label2\" content=\"Disponibilit\u00e9\" \/>\n\t<meta name=\"twitter:data2\" content=\"Rupture de stock\" \/>\n<script type=\"application\/ld+json\" class=\"yoast-schema-graph\">{\"@context\":\"https:\\\/\\\/schema.org\",\"@graph\":[{\"@type\":\"WebPage\",\"@id\":\"https:\\\/\\\/iberoid.com\\\/fr\\\/product\\\/stanozolol-injectable-cygnus\\\/\",\"url\":\"https:\\\/\\\/iberoid.com\\\/fr\\\/product\\\/stanozolol-injectable-cygnus\\\/\",\"name\":\"Stanozolol Injectable - (Espa\u00f1ol) Esteroides en l\u00ednea\",\"isPartOf\":{\"@id\":\"https:\\\/\\\/iberoid.com\\\/fr\\\/#website\"},\"primaryImageOfPage\":{\"@id\":\"https:\\\/\\\/iberoid.com\\\/fr\\\/product\\\/stanozolol-injectable-cygnus\\\/#primaryimage\"},\"image\":{\"@id\":\"https:\\\/\\\/iberoid.com\\\/fr\\\/product\\\/stanozolol-injectable-cygnus\\\/#primaryimage\"},\"thumbnailUrl\":\"https:\\\/\\\/iberoid.com\\\/wp-content\\\/uploads\\\/2022\\\/03\\\/Stanozolol-50.jpg?v=1678119906\",\"datePublished\":\"2022-03-16T13:46:01+00:00\",\"dateModified\":\"2022-06-14T18:59:19+00:00\",\"breadcrumb\":{\"@id\":\"https:\\\/\\\/iberoid.com\\\/fr\\\/product\\\/stanozolol-injectable-cygnus\\\/#breadcrumb\"},\"inLanguage\":\"fr-FR\",\"potentialAction\":[{\"@type\":\"ReadAction\",\"target\":[[\"https:\\\/\\\/iberoid.com\\\/fr\\\/product\\\/stanozolol-injectable-cygnus\\\/\"]]}]},{\"@type\":\"ImageObject\",\"inLanguage\":\"fr-FR\",\"@id\":\"https:\\\/\\\/iberoid.com\\\/fr\\\/product\\\/stanozolol-injectable-cygnus\\\/#primaryimage\",\"url\":\"https:\\\/\\\/iberoid.com\\\/wp-content\\\/uploads\\\/2022\\\/03\\\/Stanozolol-50.jpg?v=1678119906\",\"contentUrl\":\"https:\\\/\\\/iberoid.com\\\/wp-content\\\/uploads\\\/2022\\\/03\\\/Stanozolol-50.jpg?v=1678119906\",\"width\":1000,\"height\":698},{\"@type\":\"BreadcrumbList\",\"@id\":\"https:\\\/\\\/iberoid.com\\\/fr\\\/product\\\/stanozolol-injectable-cygnus\\\/#breadcrumb\",\"itemListElement\":[{\"@type\":\"ListItem\",\"position\":1,\"name\":\"Portada\",\"item\":\"https:\\\/\\\/iberoid.com\\\/fr\\\/\"},{\"@type\":\"ListItem\",\"position\":2,\"name\":\"Magasin\",\"item\":\"https:\\\/\\\/iberoid.com\\\/fr\\\/shop\\\/\"},{\"@type\":\"ListItem\",\"position\":3,\"name\":\"Stanozolol Injectable\"}]},{\"@type\":\"WebSite\",\"@id\":\"https:\\\/\\\/iberoid.com\\\/fr\\\/#website\",\"url\":\"https:\\\/\\\/iberoid.com\\\/fr\\\/\",\"name\":\"(Espa\u00f1ol) Esteroides en l\u00ednea\",\"description\":\"(Espa\u00f1ol) Comprar esteroides en l\u00ednea hoy en Espa\u00f1a y Portugal. Tenemos el mejor servicio al cliente en la industria y los productos de la m\u00e1s alta calidad\",\"potentialAction\":[{\"@type\":\"SearchAction\",\"target\":{\"@type\":\"EntryPoint\",\"urlTemplate\":\"https:\\\/\\\/iberoid.com\\\/fr\\\/?s={search_term_string}\"},\"query-input\":{\"@type\":\"PropertyValueSpecification\",\"valueRequired\":true,\"valueName\":\"search_term_string\"}}],\"inLanguage\":\"fr-FR\"}]}<\/script>\n<meta property=\"product:brand\" content=\"Cygnus Pharmaceutical\" \/>\n<meta property=\"product:price:amount\" content=\"50.00\" \/>\n<meta property=\"product:price:currency\" content=\"EUR\" \/>\n<meta property=\"og:availability\" content=\"out of stock\" \/>\n<meta property=\"product:availability\" content=\"out of stock\" \/>\n<meta property=\"product:condition\" content=\"new\" \/>\n<!-- \/ Yoast SEO Premium plugin. -->","yoast_head_json":{"title":"Stanozolol Injectable - (Espa\u00f1ol) Esteroides en l\u00ednea","robots":{"index":"index","follow":"follow","max-snippet":"max-snippet:-1","max-image-preview":"max-image-preview:large","max-video-preview":"max-video-preview:-1"},"canonical":"https:\/\/iberoid.com\/fr\/product\/stanozolol-injectable-cygnus\/","og_locale":"fr_FR","og_type":"article","og_title":"Stanozolol Injectable","og_description":"Stanozolol Injectable Le stanozolol peut aider \u00e0 emp\u00eacher la destruction des tissus maigres pendant un cycle de coupe. Cependant, il","og_url":"https:\/\/iberoid.com\/fr\/product\/stanozolol-injectable-cygnus\/","og_site_name":"(Espa\u00f1ol) Esteroides en l\u00ednea","article_modified_time":"2022-06-14T18:59:19+00:00","og_image":[{"width":1000,"height":698,"url":"https:\/\/iberoid.com\/wp-content\/uploads\/2022\/03\/Stanozolol-50.jpg?v=1678119906","type":"image\/jpeg"}],"twitter_card":"summary_large_image","twitter_misc":{"Prix":"&euro;50.00","Disponibilit\u00e9":"Rupture de stock"},"schema":{"@context":"https:\/\/schema.org","@graph":[{"@type":"WebPage","@id":"https:\/\/iberoid.com\/fr\/product\/stanozolol-injectable-cygnus\/","url":"https:\/\/iberoid.com\/fr\/product\/stanozolol-injectable-cygnus\/","name":"Stanozolol Injectable - (Espa\u00f1ol) Esteroides en l\u00ednea","isPartOf":{"@id":"https:\/\/iberoid.com\/fr\/#website"},"primaryImageOfPage":{"@id":"https:\/\/iberoid.com\/fr\/product\/stanozolol-injectable-cygnus\/#primaryimage"},"image":{"@id":"https:\/\/iberoid.com\/fr\/product\/stanozolol-injectable-cygnus\/#primaryimage"},"thumbnailUrl":"https:\/\/iberoid.com\/wp-content\/uploads\/2022\/03\/Stanozolol-50.jpg?v=1678119906","datePublished":"2022-03-16T13:46:01+00:00","dateModified":"2022-06-14T18:59:19+00:00","breadcrumb":{"@id":"https:\/\/iberoid.com\/fr\/product\/stanozolol-injectable-cygnus\/#breadcrumb"},"inLanguage":"fr-FR","potentialAction":[{"@type":"ReadAction","target":[["https:\/\/iberoid.com\/fr\/product\/stanozolol-injectable-cygnus\/"]]}]},{"@type":"ImageObject","inLanguage":"fr-FR","@id":"https:\/\/iberoid.com\/fr\/product\/stanozolol-injectable-cygnus\/#primaryimage","url":"https:\/\/iberoid.com\/wp-content\/uploads\/2022\/03\/Stanozolol-50.jpg?v=1678119906","contentUrl":"https:\/\/iberoid.com\/wp-content\/uploads\/2022\/03\/Stanozolol-50.jpg?v=1678119906","width":1000,"height":698},{"@type":"BreadcrumbList","@id":"https:\/\/iberoid.com\/fr\/product\/stanozolol-injectable-cygnus\/#breadcrumb","itemListElement":[{"@type":"ListItem","position":1,"name":"Portada","item":"https:\/\/iberoid.com\/fr\/"},{"@type":"ListItem","position":2,"name":"Magasin","item":"https:\/\/iberoid.com\/fr\/shop\/"},{"@type":"ListItem","position":3,"name":"Stanozolol Injectable"}]},{"@type":"WebSite","@id":"https:\/\/iberoid.com\/fr\/#website","url":"https:\/\/iberoid.com\/fr\/","name":"(Espa\u00f1ol) Esteroides en l\u00ednea","description":"(Espa\u00f1ol) Comprar esteroides en l\u00ednea hoy en Espa\u00f1a y Portugal. Tenemos el mejor servicio al cliente en la industria y los productos de la m\u00e1s alta calidad","potentialAction":[{"@type":"SearchAction","target":{"@type":"EntryPoint","urlTemplate":"https:\/\/iberoid.com\/fr\/?s={search_term_string}"},"query-input":{"@type":"PropertyValueSpecification","valueRequired":true,"valueName":"search_term_string"}}],"inLanguage":"fr-FR"}]},"product_brand":"Cygnus Pharmaceutical","product_price_amount":"50.00","product_price_currency":"EUR","og_availability":"out of stock","product_availability":"out of stock","product_condition":"new"},"_links":{"self":[{"href":"https:\/\/iberoid.com\/fr\/wp-json\/wp\/v2\/product\/7451","targetHints":{"allow":["GET"]}}],"collection":[{"href":"https:\/\/iberoid.com\/fr\/wp-json\/wp\/v2\/product"}],"about":[{"href":"https:\/\/iberoid.com\/fr\/wp-json\/wp\/v2\/types\/product"}],"replies":[{"embeddable":true,"href":"https:\/\/iberoid.com\/fr\/wp-json\/wp\/v2\/comments?post=7451"}],"wp:featuredmedia":[{"embeddable":true,"href":"https:\/\/iberoid.com\/fr\/wp-json\/wp\/v2\/media\/7452"}],"wp:attachment":[{"href":"https:\/\/iberoid.com\/fr\/wp-json\/wp\/v2\/media?parent=7451"}],"wp:term":[{"taxonomy":"product_brand","embeddable":true,"href":"https:\/\/iberoid.com\/fr\/wp-json\/wp\/v2\/product_brand?post=7451"},{"taxonomy":"product_cat","embeddable":true,"href":"https:\/\/iberoid.com\/fr\/wp-json\/wp\/v2\/product_cat?post=7451"},{"taxonomy":"product_tag","embeddable":true,"href":"https:\/\/iberoid.com\/fr\/wp-json\/wp\/v2\/product_tag?post=7451"}],"curies":[{"name":"wp","href":"https:\/\/api.w.org\/{rel}","templated":true}]}}