{"id":7458,"date":"2022-03-16T14:29:15","date_gmt":"2022-03-16T14:29:15","guid":{"rendered":"https:\/\/iberoid.com\/?post_type=product&#038;p=7458"},"modified":"2022-06-14T19:05:13","modified_gmt":"2022-06-14T19:05:13","slug":"trenbolone-acetate-100mg-cygnus","status":"publish","type":"product","link":"https:\/\/iberoid.com\/fr\/product\/trenbolone-acetate-100mg-cygnus\/","title":{"rendered":"Trenbolone Acetate"},"content":{"rendered":"<p>Ac\u00e9tate de trenbolone<br \/>\nM\u00eame si vous deviez empiler plusieurs st\u00e9ro\u00efdes anabolisants et les utiliser conjointement les uns avec les autres, ils seraient en de\u00e7\u00e0 de ce que l&rsquo;ac\u00e9tate de trenbolone offre \u00e0 lui seul\u00a0! C&rsquo;est si puissant que \u00e7a !<br \/>\nLa trenbolone a \u00e9t\u00e9 d\u00e9crite pour la premi\u00e8re fois en 1967. Il s&rsquo;agit d&rsquo;un st\u00e9ro\u00efde anabolisant extr\u00eamement puissant, 19-nor modification de la testost\u00e9rone, mais avec une activit\u00e9 anabolique et androg\u00e8ne cinq fois plus forte.<\/p>\n<p>Le trenbolone est un st\u00e9ro\u00efde anabolisant. \u00c9tant en fait un d\u00e9riv\u00e9 de la nandrolone, la trenbolone est \u00e9tonnamment diff\u00e9rente de cette derni\u00e8re en termes de propri\u00e9t\u00e9s. En raison de la nature de la structure, la trenbolone n&rsquo;est pas expos\u00e9e \u00e0 la 5\u03b1-aromatase, mais peut \u00e0 elle seule pr\u00e9senter une activit\u00e9 \u00e0 la fois \u0153strog\u00e9nique et progestative (cette derni\u00e8re s&rsquo;exprime par la capacit\u00e9 \u00e0 activer les r\u00e9cepteurs de la progest\u00e9rone). Le trenbolone est le plus puissant des st\u00e9ro\u00efdes anabolisants actuellement disponibles &#8211; Le trenbolone n&rsquo;est pas seulement plus de trois fois plus de testost\u00e9rone (et plus de trois fois) que la nandrolone pour stabiliser le r\u00e9cepteur des androg\u00e8nes.<\/p>\n<p>La trenbolone\u00a0augmente consid\u00e9rablement le niveau de l&rsquo;hormone extr\u00eamement anabolique IGF-1 (facteur de croissance analogue \u00e0 l&rsquo;insuline) dans le tissu musculaire (jusqu&rsquo;\u00e0 200\u00a0%). Et, il convient de noter que non seulement cela augmente les niveaux d&rsquo;IGF-1 dans le muscle de plus de deux fois, mais cela rend \u00e9galement les cellules satellites musculaires plus sensibles \u00e0 l&rsquo;IGF-1 et \u00e0 d&rsquo;autres facteurs de croissance. La quantit\u00e9 d&rsquo;ADN par cellule musculaire peut \u00e9galement \u00eatre consid\u00e9rablement augment\u00e9e.<\/p>","protected":false},"excerpt":{"rendered":"<p>Ac\u00e9tate de trenbolone M\u00eame si vous deviez empiler plusieurs st\u00e9ro\u00efdes anabolisants et les utiliser conjointement les uns avec les autres,<\/p>\n","protected":false},"featured_media":7460,"comment_status":"open","ping_status":"closed","template":"","meta":[],"product_brand":[],"product_cat":[69],"product_tag":[],"class_list":{"0":"post-7458","1":"product","2":"type-product","3":"status-publish","4":"has-post-thumbnail","6":"product_cat-esteroides_inyectables","8":"first","9":"outofstock","10":"shipping-taxable","11":"purchasable","12":"product-type-simple"},"yoast_head":"<!-- This site is optimized with the Yoast SEO Premium plugin v24.4 (Yoast SEO v27.3) - https:\/\/yoast.com\/product\/yoast-seo-premium-wordpress\/ -->\n<title>Trenbolone Acetate - (Espa\u00f1ol) Esteroides en l\u00ednea<\/title>\n<meta name=\"robots\" content=\"index, follow, max-snippet:-1, max-image-preview:large, max-video-preview:-1\" \/>\n<link rel=\"canonical\" href=\"https:\/\/iberoid.com\/fr\/product\/trenbolone-acetate-100mg-cygnus\/\" \/>\n<meta property=\"og:locale\" content=\"fr_FR\" \/>\n<meta property=\"og:type\" content=\"article\" \/>\n<meta property=\"og:title\" content=\"Trenbolone Acetate\" \/>\n<meta property=\"og:description\" content=\"Ac\u00e9tate de trenbolone M\u00eame si vous deviez empiler plusieurs st\u00e9ro\u00efdes anabolisants et les utiliser conjointement les uns avec les autres,\" \/>\n<meta property=\"og:url\" content=\"https:\/\/iberoid.com\/fr\/product\/trenbolone-acetate-100mg-cygnus\/\" \/>\n<meta property=\"og:site_name\" content=\"(Espa\u00f1ol) Esteroides en l\u00ednea\" \/>\n<meta property=\"article:modified_time\" content=\"2022-06-14T19:05:13+00:00\" \/>\n<meta property=\"og:image\" content=\"https:\/\/iberoid.com\/wp-content\/uploads\/2022\/03\/Trenbolone-acetate-100.jpg?v=1678119902\" \/>\n\t<meta property=\"og:image:width\" content=\"1000\" \/>\n\t<meta property=\"og:image:height\" content=\"698\" \/>\n\t<meta property=\"og:image:type\" content=\"image\/jpeg\" \/>\n<meta name=\"twitter:card\" content=\"summary_large_image\" \/>\n<meta name=\"twitter:label1\" content=\"Prix\" \/>\n\t<meta name=\"twitter:data1\" content=\"&euro;75.00\" \/>\n\t<meta name=\"twitter:label2\" content=\"Disponibilit\u00e9\" \/>\n\t<meta name=\"twitter:data2\" content=\"Rupture de stock\" \/>\n<script type=\"application\/ld+json\" class=\"yoast-schema-graph\">{\"@context\":\"https:\\\/\\\/schema.org\",\"@graph\":[{\"@type\":\"WebPage\",\"@id\":\"https:\\\/\\\/iberoid.com\\\/fr\\\/product\\\/trenbolone-acetate-100mg-cygnus\\\/\",\"url\":\"https:\\\/\\\/iberoid.com\\\/fr\\\/product\\\/trenbolone-acetate-100mg-cygnus\\\/\",\"name\":\"Trenbolone Acetate - (Espa\u00f1ol) Esteroides en l\u00ednea\",\"isPartOf\":{\"@id\":\"https:\\\/\\\/iberoid.com\\\/fr\\\/#website\"},\"primaryImageOfPage\":{\"@id\":\"https:\\\/\\\/iberoid.com\\\/fr\\\/product\\\/trenbolone-acetate-100mg-cygnus\\\/#primaryimage\"},\"image\":{\"@id\":\"https:\\\/\\\/iberoid.com\\\/fr\\\/product\\\/trenbolone-acetate-100mg-cygnus\\\/#primaryimage\"},\"thumbnailUrl\":\"https:\\\/\\\/iberoid.com\\\/wp-content\\\/uploads\\\/2022\\\/03\\\/Trenbolone-acetate-100.jpg?v=1678119902\",\"datePublished\":\"2022-03-16T14:29:15+00:00\",\"dateModified\":\"2022-06-14T19:05:13+00:00\",\"breadcrumb\":{\"@id\":\"https:\\\/\\\/iberoid.com\\\/fr\\\/product\\\/trenbolone-acetate-100mg-cygnus\\\/#breadcrumb\"},\"inLanguage\":\"fr-FR\",\"potentialAction\":[{\"@type\":\"ReadAction\",\"target\":[[\"https:\\\/\\\/iberoid.com\\\/fr\\\/product\\\/trenbolone-acetate-100mg-cygnus\\\/\"]]}]},{\"@type\":\"ImageObject\",\"inLanguage\":\"fr-FR\",\"@id\":\"https:\\\/\\\/iberoid.com\\\/fr\\\/product\\\/trenbolone-acetate-100mg-cygnus\\\/#primaryimage\",\"url\":\"https:\\\/\\\/iberoid.com\\\/wp-content\\\/uploads\\\/2022\\\/03\\\/Trenbolone-acetate-100.jpg?v=1678119902\",\"contentUrl\":\"https:\\\/\\\/iberoid.com\\\/wp-content\\\/uploads\\\/2022\\\/03\\\/Trenbolone-acetate-100.jpg?v=1678119902\",\"width\":1000,\"height\":698},{\"@type\":\"BreadcrumbList\",\"@id\":\"https:\\\/\\\/iberoid.com\\\/fr\\\/product\\\/trenbolone-acetate-100mg-cygnus\\\/#breadcrumb\",\"itemListElement\":[{\"@type\":\"ListItem\",\"position\":1,\"name\":\"Portada\",\"item\":\"https:\\\/\\\/iberoid.com\\\/fr\\\/\"},{\"@type\":\"ListItem\",\"position\":2,\"name\":\"Magasin\",\"item\":\"https:\\\/\\\/iberoid.com\\\/fr\\\/shop\\\/\"},{\"@type\":\"ListItem\",\"position\":3,\"name\":\"Trenbolone Acetate\"}]},{\"@type\":\"WebSite\",\"@id\":\"https:\\\/\\\/iberoid.com\\\/fr\\\/#website\",\"url\":\"https:\\\/\\\/iberoid.com\\\/fr\\\/\",\"name\":\"(Espa\u00f1ol) Esteroides en l\u00ednea\",\"description\":\"(Espa\u00f1ol) Comprar esteroides en l\u00ednea hoy en Espa\u00f1a y Portugal. Tenemos el mejor servicio al cliente en la industria y los productos de la m\u00e1s alta calidad\",\"potentialAction\":[{\"@type\":\"SearchAction\",\"target\":{\"@type\":\"EntryPoint\",\"urlTemplate\":\"https:\\\/\\\/iberoid.com\\\/fr\\\/?s={search_term_string}\"},\"query-input\":{\"@type\":\"PropertyValueSpecification\",\"valueRequired\":true,\"valueName\":\"search_term_string\"}}],\"inLanguage\":\"fr-FR\"}]}<\/script>\n<meta property=\"product:brand\" content=\"Cygnus Pharmaceutical\" \/>\n<meta property=\"product:price:amount\" content=\"75.00\" \/>\n<meta property=\"product:price:currency\" content=\"EUR\" \/>\n<meta property=\"og:availability\" content=\"out of stock\" \/>\n<meta property=\"product:availability\" content=\"out of stock\" \/>\n<meta property=\"product:condition\" content=\"new\" \/>\n<!-- \/ Yoast SEO Premium plugin. -->","yoast_head_json":{"title":"Trenbolone Acetate - (Espa\u00f1ol) Esteroides en l\u00ednea","robots":{"index":"index","follow":"follow","max-snippet":"max-snippet:-1","max-image-preview":"max-image-preview:large","max-video-preview":"max-video-preview:-1"},"canonical":"https:\/\/iberoid.com\/fr\/product\/trenbolone-acetate-100mg-cygnus\/","og_locale":"fr_FR","og_type":"article","og_title":"Trenbolone Acetate","og_description":"Ac\u00e9tate de trenbolone M\u00eame si vous deviez empiler plusieurs st\u00e9ro\u00efdes anabolisants et les utiliser conjointement les uns avec les autres,","og_url":"https:\/\/iberoid.com\/fr\/product\/trenbolone-acetate-100mg-cygnus\/","og_site_name":"(Espa\u00f1ol) Esteroides en l\u00ednea","article_modified_time":"2022-06-14T19:05:13+00:00","og_image":[{"width":1000,"height":698,"url":"https:\/\/iberoid.com\/wp-content\/uploads\/2022\/03\/Trenbolone-acetate-100.jpg?v=1678119902","type":"image\/jpeg"}],"twitter_card":"summary_large_image","twitter_misc":{"Prix":"&euro;75.00","Disponibilit\u00e9":"Rupture de stock"},"schema":{"@context":"https:\/\/schema.org","@graph":[{"@type":"WebPage","@id":"https:\/\/iberoid.com\/fr\/product\/trenbolone-acetate-100mg-cygnus\/","url":"https:\/\/iberoid.com\/fr\/product\/trenbolone-acetate-100mg-cygnus\/","name":"Trenbolone Acetate - (Espa\u00f1ol) Esteroides en l\u00ednea","isPartOf":{"@id":"https:\/\/iberoid.com\/fr\/#website"},"primaryImageOfPage":{"@id":"https:\/\/iberoid.com\/fr\/product\/trenbolone-acetate-100mg-cygnus\/#primaryimage"},"image":{"@id":"https:\/\/iberoid.com\/fr\/product\/trenbolone-acetate-100mg-cygnus\/#primaryimage"},"thumbnailUrl":"https:\/\/iberoid.com\/wp-content\/uploads\/2022\/03\/Trenbolone-acetate-100.jpg?v=1678119902","datePublished":"2022-03-16T14:29:15+00:00","dateModified":"2022-06-14T19:05:13+00:00","breadcrumb":{"@id":"https:\/\/iberoid.com\/fr\/product\/trenbolone-acetate-100mg-cygnus\/#breadcrumb"},"inLanguage":"fr-FR","potentialAction":[{"@type":"ReadAction","target":[["https:\/\/iberoid.com\/fr\/product\/trenbolone-acetate-100mg-cygnus\/"]]}]},{"@type":"ImageObject","inLanguage":"fr-FR","@id":"https:\/\/iberoid.com\/fr\/product\/trenbolone-acetate-100mg-cygnus\/#primaryimage","url":"https:\/\/iberoid.com\/wp-content\/uploads\/2022\/03\/Trenbolone-acetate-100.jpg?v=1678119902","contentUrl":"https:\/\/iberoid.com\/wp-content\/uploads\/2022\/03\/Trenbolone-acetate-100.jpg?v=1678119902","width":1000,"height":698},{"@type":"BreadcrumbList","@id":"https:\/\/iberoid.com\/fr\/product\/trenbolone-acetate-100mg-cygnus\/#breadcrumb","itemListElement":[{"@type":"ListItem","position":1,"name":"Portada","item":"https:\/\/iberoid.com\/fr\/"},{"@type":"ListItem","position":2,"name":"Magasin","item":"https:\/\/iberoid.com\/fr\/shop\/"},{"@type":"ListItem","position":3,"name":"Trenbolone Acetate"}]},{"@type":"WebSite","@id":"https:\/\/iberoid.com\/fr\/#website","url":"https:\/\/iberoid.com\/fr\/","name":"(Espa\u00f1ol) Esteroides en l\u00ednea","description":"(Espa\u00f1ol) Comprar esteroides en l\u00ednea hoy en Espa\u00f1a y Portugal. Tenemos el mejor servicio al cliente en la industria y los productos de la m\u00e1s alta calidad","potentialAction":[{"@type":"SearchAction","target":{"@type":"EntryPoint","urlTemplate":"https:\/\/iberoid.com\/fr\/?s={search_term_string}"},"query-input":{"@type":"PropertyValueSpecification","valueRequired":true,"valueName":"search_term_string"}}],"inLanguage":"fr-FR"}]},"product_brand":"Cygnus Pharmaceutical","product_price_amount":"75.00","product_price_currency":"EUR","og_availability":"out of stock","product_availability":"out of stock","product_condition":"new"},"_links":{"self":[{"href":"https:\/\/iberoid.com\/fr\/wp-json\/wp\/v2\/product\/7458","targetHints":{"allow":["GET"]}}],"collection":[{"href":"https:\/\/iberoid.com\/fr\/wp-json\/wp\/v2\/product"}],"about":[{"href":"https:\/\/iberoid.com\/fr\/wp-json\/wp\/v2\/types\/product"}],"replies":[{"embeddable":true,"href":"https:\/\/iberoid.com\/fr\/wp-json\/wp\/v2\/comments?post=7458"}],"wp:featuredmedia":[{"embeddable":true,"href":"https:\/\/iberoid.com\/fr\/wp-json\/wp\/v2\/media\/7460"}],"wp:attachment":[{"href":"https:\/\/iberoid.com\/fr\/wp-json\/wp\/v2\/media?parent=7458"}],"wp:term":[{"taxonomy":"product_brand","embeddable":true,"href":"https:\/\/iberoid.com\/fr\/wp-json\/wp\/v2\/product_brand?post=7458"},{"taxonomy":"product_cat","embeddable":true,"href":"https:\/\/iberoid.com\/fr\/wp-json\/wp\/v2\/product_cat?post=7458"},{"taxonomy":"product_tag","embeddable":true,"href":"https:\/\/iberoid.com\/fr\/wp-json\/wp\/v2\/product_tag?post=7458"}],"curies":[{"name":"wp","href":"https:\/\/api.w.org\/{rel}","templated":true}]}}