{"id":7477,"date":"2022-03-21T20:01:52","date_gmt":"2022-03-21T20:01:52","guid":{"rendered":"https:\/\/iberoid.com\/?post_type=product&#038;p=7477"},"modified":"2026-04-15T17:46:31","modified_gmt":"2026-04-15T17:46:31","slug":"parabolan-trenbolone-hexahydrobenzylcarbonate-100-mg","status":"publish","type":"product","link":"https:\/\/iberoid.com\/fr\/product\/parabolan-trenbolone-hexahydrobenzylcarbonate-100-mg\/","title":{"rendered":"PARABOLAN 100 MG"},"content":{"rendered":"<p>PARABOLAN<\/p>\n<p>Substance active\u00a0\u2013 Trenbolone Hexahydrobenzylcarbonate (Parabolan)<\/p>\n<p>Parabolan est un st\u00e9ro\u00efde puissant de nature anabolique et androg\u00e8ne. Le produit chimique actif est le Trenbolone Hexahydrobenzylcarbonate. Parabolan n&rsquo;est pas aromatis\u00e9 dans le corps et peut \u00e9galement emp\u00eacher d&rsquo;autres st\u00e9ro\u00efdes d&rsquo;avoir ce probl\u00e8me. Auparavant, le st\u00e9ro\u00efde \u00e9tait utilis\u00e9 pour augmenter la masse musculaire et l&rsquo;app\u00e9tit chez les animaux (b\u00e9tail). Dans sa forme originale, Trenbolone n&rsquo;est pratiquement pas utilis\u00e9, car il a une tr\u00e8s longue dur\u00e9e d&rsquo;action. Habituellement, ses d\u00e9riv\u00e9s est\u00e9rifi\u00e9s tels que l&rsquo;\u00e9nanthate ou l&rsquo;ac\u00e9tate sont utilis\u00e9s.<\/p>\n<p>Effet du parabolan sur le parcours<br \/>\nGain rapide de masse musculaire pure. Dans un cours, vous pouvez gagner jusqu&rsquo;\u00e0 10 kilogrammes ;<br \/>\nAugmentation des indicateurs de force et de puissance;<br \/>\nStimulation de la s\u00e9cr\u00e9tion d&rsquo;hormone de croissance\u00a0;<br \/>\nEffets rapides de combustion des graisses observ\u00e9s pendant le cycle\u00a0;<br \/>\nUne augmentation significative du d\u00e9sir sexuel et des niveaux de libido;<br \/>\nDouble augmentation des facteurs de croissance analogues \u00e0 l&rsquo;insuline.<\/p>\n<p>De par son origine, la trenbolone est un d\u00e9riv\u00e9 de la testost\u00e9rone (en raison de l&rsquo;activit\u00e9 de la progest\u00e9rone et du m\u00e9canisme de r\u00e9troaction). Parabolan est sujet aux r\u00e9cepteurs aux androg\u00e8nes et est 5 fois plus fort que la testost\u00e9rone \u00e0 la fois en androg\u00e8nes et aussi son indice anabolique, qui est \u00e9galement 5 fois plus \u00e9lev\u00e9 que celui de la testost\u00e9rone. Lors de l&rsquo;augmentation des performances de la masse musculaire et de la force, Parabolan est pratiquement in\u00e9gal\u00e9 par toute autre substance gr\u00e2ce \u00e0 la puissance ultime que cette substance fournit. Le m\u00e9dicament a acquis une grande popularit\u00e9 car il ne se convertit pas en \u0153strog\u00e8nes sous l&rsquo;influence de l&rsquo;aromatase. Il ne permet pas au corps de retenir l&rsquo;exc\u00e8s de liquide et n&rsquo;entra\u00eene pas de gyn\u00e9comastie \u0153strog\u00e9nique. C&rsquo;est un \u00e9norme plus pour ceux qui sont sensibles aux effets oestrog\u00e9niques.<\/p>\n<p>Comment prendre Parabolan ?<\/p>\n<p>Le cours Parabolan ne doit pas d\u00e9passer 8 \u00e0 10 semaines, si la prise de gonadotrophines suppl\u00e9mentaires n&rsquo;est pas incluse dans le cours. Compte tenu de la capacit\u00e9 prononc\u00e9e de Trenbolone \u00e0 supprimer la propre s\u00e9cr\u00e9tion de testost\u00e9rone du corps, il est conseill\u00e9 d&rsquo;injecter des m\u00e9dicaments \u00e0 base de gonadotrophines tels que l&rsquo;hCG une fois par semaine ou une fois tous les 3-4 jours, \u00e0 partir de la deuxi\u00e8me semaine du cours jusqu&rsquo;\u00e0 sa fin (\u00e0 des doses de 500 \u00e0 1 000 UI). Une th\u00e9rapie post-cycle\u00a0est \u00e9galement n\u00e9cessaire. En ce qui concerne les dosages de Parabolan, pour augmenter la masse musculaire, il est recommand\u00e9 d&rsquo;administrer de 100 \u00e0 300 mg de m\u00e9dicament par semaine. Vous pouvez diviser la dose hebdomadaire en deux injections, afin que vos dosages soient plus coh\u00e9rents et qu&rsquo;ils soient plus stables dans le sang, mais une fois par semaine sera plus que suffisant pour la plupart des utilisateurs. Bien que le cours en solo lui-m\u00eame donne une augmentation significative de la masse et de la force, pour renforcer encore l&rsquo;effet, les combinaisons d&rsquo;autres st\u00e9ro\u00efdes qui vont bien ensemble dans un cours sont : Oxandrolone, Winstrol, Dianabol, Primobolan, Boldenone ou Oxymetholone, avec des esters de testost\u00e9rone comme st\u00e9ro\u00efdes de base dans le cycle. Parabolan est compatible avec presque tous les st\u00e9ro\u00efdes anabolisants. Veuillez noter que la combinaison de ces st\u00e9ro\u00efdes est s\u00e9lectionn\u00e9e en fonction des objectifs sp\u00e9cifiques de l&rsquo;athl\u00e8te, par ex. pour les cycles de groupage ou de coupe. Pour plus d&rsquo;informations sur le cycle combin\u00e9 qui vous conviendra le mieux, veuillez contacter notre \u00e9quipe d&rsquo;experts pour plus de conseils.<\/p>\n<p>Effets secondaires<\/p>\n<p>Les effets secondaires peuvent \u00eatre assez fr\u00e9quents lorsque la posologie recommand\u00e9e ou la dur\u00e9e du cours est d\u00e9pass\u00e9e et peuvent provoquer ; insomnie, hypertension art\u00e9rielle, agressivit\u00e9 excessive, calvitie, acn\u00e9, \u00e9rection lente et diminution de la libido. Il est tr\u00e8s important de prendre de la cabergoline et des gonadotrophines lors de l&rsquo;utilisation de Parabolan, car ce m\u00e9dicament est \u00e0 base de progestatif dans sa nature. Le foie a un effet toxique mod\u00e9r\u00e9. Les effets \u0153strog\u00e9niques ne sont pas observ\u00e9s et les effets androg\u00e8nes sont extr\u00eamement rares. L&rsquo;association de Parabolan avec de l&rsquo;\u00e9ph\u00e9drine et du clenbut\u00e9rol n&rsquo;est pas non plus recommand\u00e9e. Pour acheter ces m\u00e9dicaments n\u00e9cessaires qui sont n\u00e9cessaires au cours de votre phase de r\u00e9cup\u00e9ration, veuillez effectuer une recherche sur notre site Web et vous trouverez une s\u00e9lection compl\u00e8te de ces substances n\u00e9cessaires.<\/p>","protected":false},"excerpt":{"rendered":"<p>PARABOLAN Substance active\u00a0\u2013 Trenbolone Hexahydrobenzylcarbonate (Parabolan) Parabolan est un st\u00e9ro\u00efde puissant de nature anabolique et androg\u00e8ne. Le produit chimique actif<\/p>\n","protected":false},"featured_media":7478,"comment_status":"open","ping_status":"closed","template":"","meta":[],"product_brand":[],"product_cat":[69],"product_tag":[],"class_list":{"0":"post-7477","1":"product","2":"type-product","3":"status-publish","4":"has-post-thumbnail","6":"product_cat-esteroides_inyectables","8":"first","9":"instock","10":"sale","11":"shipping-taxable","12":"purchasable","13":"product-type-simple"},"yoast_head":"<!-- This site is optimized with the Yoast SEO Premium plugin v24.4 (Yoast SEO v27.3) - https:\/\/yoast.com\/product\/yoast-seo-premium-wordpress\/ -->\n<title>PARABOLAN 100 MG - (Espa\u00f1ol) Esteroides en l\u00ednea<\/title>\n<meta name=\"description\" content=\"Parabolan (Tren Hex) : St\u00e9ro\u00efde puissant non aromatisant pour un gain majeur de muscle\/force, perte de graisse et boost de libido. 5x plus fort que test.\" \/>\n<meta name=\"robots\" content=\"index, follow, max-snippet:-1, max-image-preview:large, max-video-preview:-1\" \/>\n<link rel=\"canonical\" href=\"https:\/\/iberoid.com\/fr\/product\/parabolan-trenbolone-hexahydrobenzylcarbonate-100-mg\/\" \/>\n<meta property=\"og:locale\" content=\"fr_FR\" \/>\n<meta property=\"og:type\" content=\"article\" \/>\n<meta property=\"og:title\" content=\"PARABOLAN 100 MG\" \/>\n<meta property=\"og:description\" content=\"Parabolan (Tren Hex) : St\u00e9ro\u00efde puissant non aromatisant pour un gain majeur de muscle\/force, perte de graisse et boost de libido. 5x plus fort que test.\" \/>\n<meta property=\"og:url\" content=\"https:\/\/iberoid.com\/fr\/product\/parabolan-trenbolone-hexahydrobenzylcarbonate-100-mg\/\" \/>\n<meta property=\"og:site_name\" content=\"(Espa\u00f1ol) Esteroides en l\u00ednea\" \/>\n<meta property=\"article:modified_time\" content=\"2026-04-15T17:46:31+00:00\" \/>\n<meta property=\"og:image\" content=\"https:\/\/iberoid.com\/wp-content\/uploads\/2022\/03\/para.jpg?v=1692348233\" \/>\n\t<meta property=\"og:image:width\" content=\"1024\" \/>\n\t<meta property=\"og:image:height\" content=\"768\" \/>\n\t<meta property=\"og:image:type\" content=\"image\/jpeg\" \/>\n<meta name=\"twitter:card\" content=\"summary_large_image\" \/>\n<meta name=\"twitter:label1\" content=\"Prix\" \/>\n\t<meta name=\"twitter:data1\" content=\"&euro;55.00\" \/>\n\t<meta name=\"twitter:label2\" content=\"Disponibilit\u00e9\" \/>\n\t<meta name=\"twitter:data2\" content=\"En stock\" \/>\n<script type=\"application\/ld+json\" class=\"yoast-schema-graph\">{\"@context\":\"https:\\\/\\\/schema.org\",\"@graph\":[{\"@type\":\"WebPage\",\"@id\":\"https:\\\/\\\/iberoid.com\\\/fr\\\/product\\\/parabolan-trenbolone-hexahydrobenzylcarbonate-100-mg\\\/\",\"url\":\"https:\\\/\\\/iberoid.com\\\/fr\\\/product\\\/parabolan-trenbolone-hexahydrobenzylcarbonate-100-mg\\\/\",\"name\":\"PARABOLAN 100 MG - (Espa\u00f1ol) Esteroides en l\u00ednea\",\"isPartOf\":{\"@id\":\"https:\\\/\\\/iberoid.com\\\/fr\\\/#website\"},\"primaryImageOfPage\":{\"@id\":\"https:\\\/\\\/iberoid.com\\\/fr\\\/product\\\/parabolan-trenbolone-hexahydrobenzylcarbonate-100-mg\\\/#primaryimage\"},\"image\":{\"@id\":\"https:\\\/\\\/iberoid.com\\\/fr\\\/product\\\/parabolan-trenbolone-hexahydrobenzylcarbonate-100-mg\\\/#primaryimage\"},\"thumbnailUrl\":\"https:\\\/\\\/iberoid.com\\\/wp-content\\\/uploads\\\/2022\\\/03\\\/para.jpg?v=1692348233\",\"datePublished\":\"2022-03-21T20:01:52+00:00\",\"dateModified\":\"2026-04-15T17:46:31+00:00\",\"description\":\"Parabolan (Tren Hex) : St\u00e9ro\u00efde puissant non aromatisant pour un gain majeur de muscle\\\/force, perte de graisse et boost de libido. 5x plus fort que test.\",\"breadcrumb\":{\"@id\":\"https:\\\/\\\/iberoid.com\\\/fr\\\/product\\\/parabolan-trenbolone-hexahydrobenzylcarbonate-100-mg\\\/#breadcrumb\"},\"inLanguage\":\"fr-FR\",\"potentialAction\":[{\"@type\":\"ReadAction\",\"target\":[[\"https:\\\/\\\/iberoid.com\\\/fr\\\/product\\\/parabolan-trenbolone-hexahydrobenzylcarbonate-100-mg\\\/\"]]}]},{\"@type\":\"ImageObject\",\"inLanguage\":\"fr-FR\",\"@id\":\"https:\\\/\\\/iberoid.com\\\/fr\\\/product\\\/parabolan-trenbolone-hexahydrobenzylcarbonate-100-mg\\\/#primaryimage\",\"url\":\"https:\\\/\\\/iberoid.com\\\/wp-content\\\/uploads\\\/2022\\\/03\\\/para.jpg?v=1692348233\",\"contentUrl\":\"https:\\\/\\\/iberoid.com\\\/wp-content\\\/uploads\\\/2022\\\/03\\\/para.jpg?v=1692348233\",\"width\":1024,\"height\":768},{\"@type\":\"BreadcrumbList\",\"@id\":\"https:\\\/\\\/iberoid.com\\\/fr\\\/product\\\/parabolan-trenbolone-hexahydrobenzylcarbonate-100-mg\\\/#breadcrumb\",\"itemListElement\":[{\"@type\":\"ListItem\",\"position\":1,\"name\":\"Portada\",\"item\":\"https:\\\/\\\/iberoid.com\\\/fr\\\/\"},{\"@type\":\"ListItem\",\"position\":2,\"name\":\"Magasin\",\"item\":\"https:\\\/\\\/iberoid.com\\\/fr\\\/shop\\\/\"},{\"@type\":\"ListItem\",\"position\":3,\"name\":\"PARABOLAN 100 MG\"}]},{\"@type\":\"WebSite\",\"@id\":\"https:\\\/\\\/iberoid.com\\\/fr\\\/#website\",\"url\":\"https:\\\/\\\/iberoid.com\\\/fr\\\/\",\"name\":\"(Espa\u00f1ol) Esteroides en l\u00ednea\",\"description\":\"(Espa\u00f1ol) Comprar esteroides en l\u00ednea hoy en Espa\u00f1a y Portugal. Tenemos el mejor servicio al cliente en la industria y los productos de la m\u00e1s alta calidad\",\"potentialAction\":[{\"@type\":\"SearchAction\",\"target\":{\"@type\":\"EntryPoint\",\"urlTemplate\":\"https:\\\/\\\/iberoid.com\\\/fr\\\/?s={search_term_string}\"},\"query-input\":{\"@type\":\"PropertyValueSpecification\",\"valueRequired\":true,\"valueName\":\"search_term_string\"}}],\"inLanguage\":\"fr-FR\"}]}<\/script>\n<meta property=\"product:brand\" content=\"Euro Prime Pharmaceuticals (EPF)\" \/>\n<meta property=\"product:price:amount\" content=\"55.00\" \/>\n<meta property=\"product:price:currency\" content=\"EUR\" \/>\n<meta property=\"og:availability\" content=\"instock\" \/>\n<meta property=\"product:availability\" content=\"instock\" \/>\n<meta property=\"product:condition\" content=\"new\" \/>\n<!-- \/ Yoast SEO Premium plugin. -->","yoast_head_json":{"title":"PARABOLAN 100 MG - (Espa\u00f1ol) Esteroides en l\u00ednea","description":"Parabolan (Tren Hex) : St\u00e9ro\u00efde puissant non aromatisant pour un gain majeur de muscle\/force, perte de graisse et boost de libido. 5x plus fort que test.","robots":{"index":"index","follow":"follow","max-snippet":"max-snippet:-1","max-image-preview":"max-image-preview:large","max-video-preview":"max-video-preview:-1"},"canonical":"https:\/\/iberoid.com\/fr\/product\/parabolan-trenbolone-hexahydrobenzylcarbonate-100-mg\/","og_locale":"fr_FR","og_type":"article","og_title":"PARABOLAN 100 MG","og_description":"Parabolan (Tren Hex) : St\u00e9ro\u00efde puissant non aromatisant pour un gain majeur de muscle\/force, perte de graisse et boost de libido. 5x plus fort que test.","og_url":"https:\/\/iberoid.com\/fr\/product\/parabolan-trenbolone-hexahydrobenzylcarbonate-100-mg\/","og_site_name":"(Espa\u00f1ol) Esteroides en l\u00ednea","article_modified_time":"2026-04-15T17:46:31+00:00","og_image":[{"width":1024,"height":768,"url":"https:\/\/iberoid.com\/wp-content\/uploads\/2022\/03\/para.jpg?v=1692348233","type":"image\/jpeg"}],"twitter_card":"summary_large_image","twitter_misc":{"Prix":"&euro;55.00","Disponibilit\u00e9":"En stock"},"schema":{"@context":"https:\/\/schema.org","@graph":[{"@type":"WebPage","@id":"https:\/\/iberoid.com\/fr\/product\/parabolan-trenbolone-hexahydrobenzylcarbonate-100-mg\/","url":"https:\/\/iberoid.com\/fr\/product\/parabolan-trenbolone-hexahydrobenzylcarbonate-100-mg\/","name":"PARABOLAN 100 MG - (Espa\u00f1ol) Esteroides en l\u00ednea","isPartOf":{"@id":"https:\/\/iberoid.com\/fr\/#website"},"primaryImageOfPage":{"@id":"https:\/\/iberoid.com\/fr\/product\/parabolan-trenbolone-hexahydrobenzylcarbonate-100-mg\/#primaryimage"},"image":{"@id":"https:\/\/iberoid.com\/fr\/product\/parabolan-trenbolone-hexahydrobenzylcarbonate-100-mg\/#primaryimage"},"thumbnailUrl":"https:\/\/iberoid.com\/wp-content\/uploads\/2022\/03\/para.jpg?v=1692348233","datePublished":"2022-03-21T20:01:52+00:00","dateModified":"2026-04-15T17:46:31+00:00","description":"Parabolan (Tren Hex) : St\u00e9ro\u00efde puissant non aromatisant pour un gain majeur de muscle\/force, perte de graisse et boost de libido. 5x plus fort que test.","breadcrumb":{"@id":"https:\/\/iberoid.com\/fr\/product\/parabolan-trenbolone-hexahydrobenzylcarbonate-100-mg\/#breadcrumb"},"inLanguage":"fr-FR","potentialAction":[{"@type":"ReadAction","target":[["https:\/\/iberoid.com\/fr\/product\/parabolan-trenbolone-hexahydrobenzylcarbonate-100-mg\/"]]}]},{"@type":"ImageObject","inLanguage":"fr-FR","@id":"https:\/\/iberoid.com\/fr\/product\/parabolan-trenbolone-hexahydrobenzylcarbonate-100-mg\/#primaryimage","url":"https:\/\/iberoid.com\/wp-content\/uploads\/2022\/03\/para.jpg?v=1692348233","contentUrl":"https:\/\/iberoid.com\/wp-content\/uploads\/2022\/03\/para.jpg?v=1692348233","width":1024,"height":768},{"@type":"BreadcrumbList","@id":"https:\/\/iberoid.com\/fr\/product\/parabolan-trenbolone-hexahydrobenzylcarbonate-100-mg\/#breadcrumb","itemListElement":[{"@type":"ListItem","position":1,"name":"Portada","item":"https:\/\/iberoid.com\/fr\/"},{"@type":"ListItem","position":2,"name":"Magasin","item":"https:\/\/iberoid.com\/fr\/shop\/"},{"@type":"ListItem","position":3,"name":"PARABOLAN 100 MG"}]},{"@type":"WebSite","@id":"https:\/\/iberoid.com\/fr\/#website","url":"https:\/\/iberoid.com\/fr\/","name":"(Espa\u00f1ol) Esteroides en l\u00ednea","description":"(Espa\u00f1ol) Comprar esteroides en l\u00ednea hoy en Espa\u00f1a y Portugal. Tenemos el mejor servicio al cliente en la industria y los productos de la m\u00e1s alta calidad","potentialAction":[{"@type":"SearchAction","target":{"@type":"EntryPoint","urlTemplate":"https:\/\/iberoid.com\/fr\/?s={search_term_string}"},"query-input":{"@type":"PropertyValueSpecification","valueRequired":true,"valueName":"search_term_string"}}],"inLanguage":"fr-FR"}]},"product_brand":"Euro Prime Pharmaceuticals (EPF)","product_price_amount":"55.00","product_price_currency":"EUR","og_availability":"instock","product_availability":"instock","product_condition":"new"},"_links":{"self":[{"href":"https:\/\/iberoid.com\/fr\/wp-json\/wp\/v2\/product\/7477","targetHints":{"allow":["GET"]}}],"collection":[{"href":"https:\/\/iberoid.com\/fr\/wp-json\/wp\/v2\/product"}],"about":[{"href":"https:\/\/iberoid.com\/fr\/wp-json\/wp\/v2\/types\/product"}],"replies":[{"embeddable":true,"href":"https:\/\/iberoid.com\/fr\/wp-json\/wp\/v2\/comments?post=7477"}],"wp:featuredmedia":[{"embeddable":true,"href":"https:\/\/iberoid.com\/fr\/wp-json\/wp\/v2\/media\/7478"}],"wp:attachment":[{"href":"https:\/\/iberoid.com\/fr\/wp-json\/wp\/v2\/media?parent=7477"}],"wp:term":[{"taxonomy":"product_brand","embeddable":true,"href":"https:\/\/iberoid.com\/fr\/wp-json\/wp\/v2\/product_brand?post=7477"},{"taxonomy":"product_cat","embeddable":true,"href":"https:\/\/iberoid.com\/fr\/wp-json\/wp\/v2\/product_cat?post=7477"},{"taxonomy":"product_tag","embeddable":true,"href":"https:\/\/iberoid.com\/fr\/wp-json\/wp\/v2\/product_tag?post=7477"}],"curies":[{"name":"wp","href":"https:\/\/api.w.org\/{rel}","templated":true}]}}