{"id":7479,"date":"2022-03-21T20:43:43","date_gmt":"2022-03-21T20:43:43","guid":{"rendered":"https:\/\/iberoid.com\/?post_type=product&#038;p=7479"},"modified":"2025-12-14T10:42:21","modified_gmt":"2025-12-14T10:42:21","slug":"anastrozol-1-mg-anastroged-epf-100-tablets","status":"publish","type":"product","link":"https:\/\/iberoid.com\/fr\/product\/anastrozol-1-mg-anastroged-epf-100-tablets\/","title":{"rendered":"anastrozol 1 mg &#8211; anastroged 100 tablets-EPF"},"content":{"rendered":"<p>Anastroged\u00a0est un m\u00e9dicament \u00e0 effet anti-\u0153strog\u00e9nique et est produit sous forme de comprim\u00e9s pour administration orale. La substance active, Anastrozole, est utilis\u00e9e pour \u00e9liminer les r\u00e9actions secondaires de nature \u0153strog\u00e9nique, telles que la gyn\u00e9comastie, la r\u00e9tention d&rsquo;eau dans le corps et autres. L&rsquo;anastrozole est un agent puissant avec une activit\u00e9 anti-\u0153strog\u00e9nique \u00e9lev\u00e9e et surpasse de nombreux m\u00e9dicaments de ce type. Il est impossible d&rsquo;acheter Anastrozole dans une pharmacie sans ordonnance, mais il est toujours disponible \u00e0 l&rsquo;achat aux \u00c9tats-Unis sur notre site Web.<\/p>\n<p>L&rsquo;efficacit\u00e9 de l&rsquo;anastrozole<\/p>\n<p>Les principales propri\u00e9t\u00e9s de l&rsquo;Anastrozole sont :<\/p>\n<p>Supprime rapidement l&rsquo;aromatisation;<br \/>\nIl a une puissante propri\u00e9t\u00e9 inhibitrice ;<br \/>\nIl supprime plus de la moiti\u00e9 des \u0153strog\u00e8nes;<br \/>\nAugmente la production de testost\u00e9rone naturelle;<br \/>\nIl n&rsquo;a pas d&rsquo;effet \u0153strog\u00e9nique et d&rsquo;effet progestatif;<br \/>\nIl a une absorption \u00e9lev\u00e9e;<br \/>\nCe n&rsquo;est pas un m\u00e9dicament st\u00e9ro\u00efdien.<br \/>\nComment utiliser Anastrozole<\/p>\n<p>Le m\u00e9dicament est recommand\u00e9 pour une utilisation par des athl\u00e8tes exp\u00e9riment\u00e9s qui utilisent de longs cours de st\u00e9ro\u00efdes \u00e0 forte dose. Le m\u00e9dicament ne doit pas \u00eatre pris par les femmes en raison d&rsquo;une \u00e9ventuelle violation du niveau d&rsquo;hormones dans le corps, car cela peut entra\u00eener des probl\u00e8mes de sant\u00e9 importants.<\/p>\n<p>L&rsquo;anastrozole peut \u00eatre pris \u00e0 des fins th\u00e9rapeutiques \u00e0 une dose de 0,25 mg par jour ou pour \u00e9liminer les effets secondaires d\u00e9j\u00e0 survenus lors de la prise de st\u00e9ro\u00efdes. La posologie quotidienne optimale du m\u00e9dicament est de 0,5 mg \u00e0 1 mg. Lors de la prise de ce m\u00e9dicament, il est n\u00e9cessaire d&rsquo;exclure la consommation d&rsquo;alcool. L&rsquo;anastrozole doit \u00eatre pris \u00e0 jeun, arros\u00e9 d&rsquo;une grande quantit\u00e9 d&rsquo;eau.<\/p>","protected":false},"excerpt":{"rendered":"<p>Anastroged\u00a0est un m\u00e9dicament \u00e0 effet anti-\u0153strog\u00e9nique et est produit sous forme de comprim\u00e9s pour administration orale. La substance active, Anastrozole,<\/p>\n","protected":false},"featured_media":7480,"comment_status":"open","ping_status":"closed","template":"","meta":[],"product_brand":[],"product_cat":[73],"product_tag":[],"class_list":{"0":"post-7479","1":"product","2":"type-product","3":"status-publish","4":"has-post-thumbnail","6":"product_cat-ssteroides_orales","8":"first","9":"outofstock","10":"shipping-taxable","11":"purchasable","12":"product-type-simple"},"yoast_head":"<!-- This site is optimized with the Yoast SEO Premium plugin v24.4 (Yoast SEO v27.3) - https:\/\/yoast.com\/product\/yoast-seo-premium-wordpress\/ -->\n<title>anastrozol 1 mg - anastroged 100 tablets-EPF - (Espa\u00f1ol) Esteroides en l\u00ednea<\/title>\n<meta name=\"description\" content=\"Anastroged (Anastrozole) est un puissant anti-\u0153strog\u00e8ne oral qui r\u00e9duit l\u2019aromatisation, augmente la testost\u00e9rone et pr\u00e9vient les effets secondaires \u0153strog\u00e9niques.\" \/>\n<meta name=\"robots\" content=\"index, follow, max-snippet:-1, max-image-preview:large, max-video-preview:-1\" \/>\n<link rel=\"canonical\" href=\"https:\/\/iberoid.com\/fr\/product\/anastrozol-1-mg-anastroged-epf-100-tablets\/\" \/>\n<meta property=\"og:locale\" content=\"fr_FR\" \/>\n<meta property=\"og:type\" content=\"article\" \/>\n<meta property=\"og:title\" content=\"anastrozol 1 mg - anastroged 100 tablets-EPF\" \/>\n<meta property=\"og:description\" content=\"Anastroged (Anastrozole) est un puissant anti-\u0153strog\u00e8ne oral qui r\u00e9duit l\u2019aromatisation, augmente la testost\u00e9rone et pr\u00e9vient les effets secondaires \u0153strog\u00e9niques.\" \/>\n<meta property=\"og:url\" content=\"https:\/\/iberoid.com\/fr\/product\/anastrozol-1-mg-anastroged-epf-100-tablets\/\" \/>\n<meta property=\"og:site_name\" content=\"(Espa\u00f1ol) Esteroides en l\u00ednea\" \/>\n<meta property=\"article:modified_time\" content=\"2025-12-14T10:42:21+00:00\" \/>\n<meta property=\"og:image\" content=\"https:\/\/iberoid.com\/wp-content\/uploads\/2022\/03\/epf_anastroged-550x413w.jpg?v=1678119901\" \/>\n\t<meta property=\"og:image:width\" content=\"550\" \/>\n\t<meta property=\"og:image:height\" content=\"413\" \/>\n\t<meta property=\"og:image:type\" content=\"image\/jpeg\" \/>\n<meta name=\"twitter:card\" content=\"summary_large_image\" \/>\n<meta name=\"twitter:label1\" content=\"Prix\" \/>\n\t<meta name=\"twitter:data1\" content=\"&euro;60.00\" \/>\n\t<meta name=\"twitter:label2\" content=\"Disponibilit\u00e9\" \/>\n\t<meta name=\"twitter:data2\" content=\"Rupture de stock\" \/>\n<script type=\"application\/ld+json\" class=\"yoast-schema-graph\">{\"@context\":\"https:\\\/\\\/schema.org\",\"@graph\":[{\"@type\":\"WebPage\",\"@id\":\"https:\\\/\\\/iberoid.com\\\/fr\\\/product\\\/anastrozol-1-mg-anastroged-epf-100-tablets\\\/\",\"url\":\"https:\\\/\\\/iberoid.com\\\/fr\\\/product\\\/anastrozol-1-mg-anastroged-epf-100-tablets\\\/\",\"name\":\"anastrozol 1 mg - anastroged 100 tablets-EPF - (Espa\u00f1ol) Esteroides en l\u00ednea\",\"isPartOf\":{\"@id\":\"https:\\\/\\\/iberoid-shop.com\\\/#website\"},\"primaryImageOfPage\":{\"@id\":\"https:\\\/\\\/iberoid.com\\\/fr\\\/product\\\/anastrozol-1-mg-anastroged-epf-100-tablets\\\/#primaryimage\"},\"image\":{\"@id\":\"https:\\\/\\\/iberoid.com\\\/fr\\\/product\\\/anastrozol-1-mg-anastroged-epf-100-tablets\\\/#primaryimage\"},\"thumbnailUrl\":\"https:\\\/\\\/iberoid.com\\\/wp-content\\\/uploads\\\/2022\\\/03\\\/epf_anastroged-550x413w.jpg?v=1678119901\",\"datePublished\":\"2022-03-21T20:43:43+00:00\",\"dateModified\":\"2025-12-14T10:42:21+00:00\",\"description\":\"Anastroged (Anastrozole) est un puissant anti-\u0153strog\u00e8ne oral qui r\u00e9duit l\u2019aromatisation, augmente la testost\u00e9rone et pr\u00e9vient les effets secondaires \u0153strog\u00e9niques.\",\"breadcrumb\":{\"@id\":\"https:\\\/\\\/iberoid.com\\\/fr\\\/product\\\/anastrozol-1-mg-anastroged-epf-100-tablets\\\/#breadcrumb\"},\"inLanguage\":\"fr-FR\",\"potentialAction\":[{\"@type\":\"ReadAction\",\"target\":[[\"https:\\\/\\\/iberoid.com\\\/fr\\\/product\\\/anastrozol-1-mg-anastroged-epf-100-tablets\\\/\"]]}]},{\"@type\":\"ImageObject\",\"inLanguage\":\"fr-FR\",\"@id\":\"https:\\\/\\\/iberoid.com\\\/fr\\\/product\\\/anastrozol-1-mg-anastroged-epf-100-tablets\\\/#primaryimage\",\"url\":\"https:\\\/\\\/iberoid.com\\\/wp-content\\\/uploads\\\/2022\\\/03\\\/epf_anastroged-550x413w.jpg?v=1678119901\",\"contentUrl\":\"https:\\\/\\\/iberoid.com\\\/wp-content\\\/uploads\\\/2022\\\/03\\\/epf_anastroged-550x413w.jpg?v=1678119901\",\"width\":550,\"height\":413},{\"@type\":\"BreadcrumbList\",\"@id\":\"https:\\\/\\\/iberoid.com\\\/fr\\\/product\\\/anastrozol-1-mg-anastroged-epf-100-tablets\\\/#breadcrumb\",\"itemListElement\":[{\"@type\":\"ListItem\",\"position\":1,\"name\":\"Portada\",\"item\":\"https:\\\/\\\/iberoid.com\\\/fr\\\/\"},{\"@type\":\"ListItem\",\"position\":2,\"name\":\"Magasin\",\"item\":\"https:\\\/\\\/iberoid.com\\\/fr\\\/shop\\\/\"},{\"@type\":\"ListItem\",\"position\":3,\"name\":\"anastrozol 1 mg &#8211; anastroged 100 tablets-EPF\"}]},{\"@type\":\"WebSite\",\"@id\":\"https:\\\/\\\/iberoid-shop.com\\\/#website\",\"url\":\"https:\\\/\\\/iberoid-shop.com\\\/\",\"name\":\"(Espa\u00f1ol) Esteroides en l\u00ednea\",\"description\":\"(Espa\u00f1ol) Comprar esteroides en l\u00ednea hoy en Espa\u00f1a y Portugal. Tenemos el mejor servicio al cliente en la industria y los productos de la m\u00e1s alta calidad\",\"potentialAction\":[{\"@type\":\"SearchAction\",\"target\":{\"@type\":\"EntryPoint\",\"urlTemplate\":\"https:\\\/\\\/iberoid-shop.com\\\/?s={search_term_string}\"},\"query-input\":{\"@type\":\"PropertyValueSpecification\",\"valueRequired\":true,\"valueName\":\"search_term_string\"}}],\"inLanguage\":\"fr-FR\"}]}<\/script>\n<meta property=\"product:brand\" content=\"Euro Prime Pharmaceuticals (EPF)\" \/>\n<meta property=\"product:price:amount\" content=\"60.00\" \/>\n<meta property=\"product:price:currency\" content=\"EUR\" \/>\n<meta property=\"og:availability\" content=\"out of stock\" \/>\n<meta property=\"product:availability\" content=\"out of stock\" \/>\n<meta property=\"product:condition\" content=\"new\" \/>\n<!-- \/ Yoast SEO Premium plugin. -->","yoast_head_json":{"title":"anastrozol 1 mg - anastroged 100 tablets-EPF - (Espa\u00f1ol) Esteroides en l\u00ednea","description":"Anastroged (Anastrozole) est un puissant anti-\u0153strog\u00e8ne oral qui r\u00e9duit l\u2019aromatisation, augmente la testost\u00e9rone et pr\u00e9vient les effets secondaires \u0153strog\u00e9niques.","robots":{"index":"index","follow":"follow","max-snippet":"max-snippet:-1","max-image-preview":"max-image-preview:large","max-video-preview":"max-video-preview:-1"},"canonical":"https:\/\/iberoid.com\/fr\/product\/anastrozol-1-mg-anastroged-epf-100-tablets\/","og_locale":"fr_FR","og_type":"article","og_title":"anastrozol 1 mg - anastroged 100 tablets-EPF","og_description":"Anastroged (Anastrozole) est un puissant anti-\u0153strog\u00e8ne oral qui r\u00e9duit l\u2019aromatisation, augmente la testost\u00e9rone et pr\u00e9vient les effets secondaires \u0153strog\u00e9niques.","og_url":"https:\/\/iberoid.com\/fr\/product\/anastrozol-1-mg-anastroged-epf-100-tablets\/","og_site_name":"(Espa\u00f1ol) Esteroides en l\u00ednea","article_modified_time":"2025-12-14T10:42:21+00:00","og_image":[{"width":550,"height":413,"url":"https:\/\/iberoid.com\/wp-content\/uploads\/2022\/03\/epf_anastroged-550x413w.jpg?v=1678119901","type":"image\/jpeg"}],"twitter_card":"summary_large_image","twitter_misc":{"Prix":"&euro;60.00","Disponibilit\u00e9":"Rupture de stock"},"schema":{"@context":"https:\/\/schema.org","@graph":[{"@type":"WebPage","@id":"https:\/\/iberoid.com\/fr\/product\/anastrozol-1-mg-anastroged-epf-100-tablets\/","url":"https:\/\/iberoid.com\/fr\/product\/anastrozol-1-mg-anastroged-epf-100-tablets\/","name":"anastrozol 1 mg - anastroged 100 tablets-EPF - (Espa\u00f1ol) Esteroides en l\u00ednea","isPartOf":{"@id":"https:\/\/iberoid-shop.com\/#website"},"primaryImageOfPage":{"@id":"https:\/\/iberoid.com\/fr\/product\/anastrozol-1-mg-anastroged-epf-100-tablets\/#primaryimage"},"image":{"@id":"https:\/\/iberoid.com\/fr\/product\/anastrozol-1-mg-anastroged-epf-100-tablets\/#primaryimage"},"thumbnailUrl":"https:\/\/iberoid.com\/wp-content\/uploads\/2022\/03\/epf_anastroged-550x413w.jpg?v=1678119901","datePublished":"2022-03-21T20:43:43+00:00","dateModified":"2025-12-14T10:42:21+00:00","description":"Anastroged (Anastrozole) est un puissant anti-\u0153strog\u00e8ne oral qui r\u00e9duit l\u2019aromatisation, augmente la testost\u00e9rone et pr\u00e9vient les effets secondaires \u0153strog\u00e9niques.","breadcrumb":{"@id":"https:\/\/iberoid.com\/fr\/product\/anastrozol-1-mg-anastroged-epf-100-tablets\/#breadcrumb"},"inLanguage":"fr-FR","potentialAction":[{"@type":"ReadAction","target":[["https:\/\/iberoid.com\/fr\/product\/anastrozol-1-mg-anastroged-epf-100-tablets\/"]]}]},{"@type":"ImageObject","inLanguage":"fr-FR","@id":"https:\/\/iberoid.com\/fr\/product\/anastrozol-1-mg-anastroged-epf-100-tablets\/#primaryimage","url":"https:\/\/iberoid.com\/wp-content\/uploads\/2022\/03\/epf_anastroged-550x413w.jpg?v=1678119901","contentUrl":"https:\/\/iberoid.com\/wp-content\/uploads\/2022\/03\/epf_anastroged-550x413w.jpg?v=1678119901","width":550,"height":413},{"@type":"BreadcrumbList","@id":"https:\/\/iberoid.com\/fr\/product\/anastrozol-1-mg-anastroged-epf-100-tablets\/#breadcrumb","itemListElement":[{"@type":"ListItem","position":1,"name":"Portada","item":"https:\/\/iberoid.com\/fr\/"},{"@type":"ListItem","position":2,"name":"Magasin","item":"https:\/\/iberoid.com\/fr\/shop\/"},{"@type":"ListItem","position":3,"name":"anastrozol 1 mg &#8211; anastroged 100 tablets-EPF"}]},{"@type":"WebSite","@id":"https:\/\/iberoid-shop.com\/#website","url":"https:\/\/iberoid-shop.com\/","name":"(Espa\u00f1ol) Esteroides en l\u00ednea","description":"(Espa\u00f1ol) Comprar esteroides en l\u00ednea hoy en Espa\u00f1a y Portugal. Tenemos el mejor servicio al cliente en la industria y los productos de la m\u00e1s alta calidad","potentialAction":[{"@type":"SearchAction","target":{"@type":"EntryPoint","urlTemplate":"https:\/\/iberoid-shop.com\/?s={search_term_string}"},"query-input":{"@type":"PropertyValueSpecification","valueRequired":true,"valueName":"search_term_string"}}],"inLanguage":"fr-FR"}]},"product_brand":"Euro Prime Pharmaceuticals (EPF)","product_price_amount":"60.00","product_price_currency":"EUR","og_availability":"out of stock","product_availability":"out of stock","product_condition":"new"},"_links":{"self":[{"href":"https:\/\/iberoid.com\/fr\/wp-json\/wp\/v2\/product\/7479","targetHints":{"allow":["GET"]}}],"collection":[{"href":"https:\/\/iberoid.com\/fr\/wp-json\/wp\/v2\/product"}],"about":[{"href":"https:\/\/iberoid.com\/fr\/wp-json\/wp\/v2\/types\/product"}],"replies":[{"embeddable":true,"href":"https:\/\/iberoid.com\/fr\/wp-json\/wp\/v2\/comments?post=7479"}],"wp:featuredmedia":[{"embeddable":true,"href":"https:\/\/iberoid.com\/fr\/wp-json\/wp\/v2\/media\/7480"}],"wp:attachment":[{"href":"https:\/\/iberoid.com\/fr\/wp-json\/wp\/v2\/media?parent=7479"}],"wp:term":[{"taxonomy":"product_brand","embeddable":true,"href":"https:\/\/iberoid.com\/fr\/wp-json\/wp\/v2\/product_brand?post=7479"},{"taxonomy":"product_cat","embeddable":true,"href":"https:\/\/iberoid.com\/fr\/wp-json\/wp\/v2\/product_cat?post=7479"},{"taxonomy":"product_tag","embeddable":true,"href":"https:\/\/iberoid.com\/fr\/wp-json\/wp\/v2\/product_tag?post=7479"}],"curies":[{"name":"wp","href":"https:\/\/api.w.org\/{rel}","templated":true}]}}