{"id":7494,"date":"2022-03-26T18:38:43","date_gmt":"2022-03-26T18:38:43","guid":{"rendered":"https:\/\/iberoid.com\/?post_type=product&#038;p=7494"},"modified":"2023-08-28T14:47:19","modified_gmt":"2023-08-28T14:47:19","slug":"bullforce-sidenafil-200-mg-blister-de-10-pastillas","status":"publish","type":"product","link":"https:\/\/iberoid.com\/fr\/product\/bullforce-sidenafil-200-mg-blister-de-10-pastillas\/","title":{"rendered":"BBULLFORCE-SILDENAFIL 200 MG-BLISTERS DE 10 COMPRIMES"},"content":{"rendered":"<p><strong>BULLFORCE-SILDENAFIL 200 MG-BLISTERS DE 10 COMPRIMES<\/strong><\/p>\n<p>Le sild\u00e9nafil est utilis\u00e9 pour traiter les probl\u00e8mes de la fonction sexuelle masculine (impuissance ou dysfonction \u00e9rectile-ED). En combinaison avec une stimulation sexuelle, le sild\u00e9nafil agit en augmentant le flux sanguin vers le p\u00e9nis pour aider un homme \u00e0 avoir et \u00e0 maintenir une \u00e9rection.<\/p>\n<p>Pour traiter la dysfonction \u00e9rectile (DE), prenez ce m\u00e9dicament par voie orale, g\u00e9n\u00e9ralement au besoin. Prenez du sild\u00e9nafil au moins 30 minutes, mais pas plus de 4 heures, avant l&rsquo;activit\u00e9 sexuelle (1 heure avant est la plus efficace). Ne le prenez pas plus d&rsquo;une fois par jour.<\/p>\n<p>Un repas riche en mati\u00e8res grasses peut ralentir la rapidit\u00e9 avec laquelle le m\u00e9dicament commence \u00e0 agir.<\/p>\n<p>VIAGRA (citrate de sild\u00e9nafil), un traitement oral pour la dysfonction \u00e9rectile, est le sel citrate de sild\u00e9nafil, un inhibiteur s\u00e9lectif de la phosphodiest\u00e9rase de type 5 (PDE5) sp\u00e9cifique de la guanosine monophosphate cyclique (cGMP).<\/p>\n<p>VIAGRA est formul\u00e9 sous forme de comprim\u00e9s pellicul\u00e9s ronds bleus en forme de losange \u00e9quivalents \u00e0 25 mg, 50 mg et 100 mg de sild\u00e9nafil pour administration orale. En plus de l&rsquo;ingr\u00e9dient actif, le citrate de sild\u00e9nafil, chaque comprim\u00e9 contient les ingr\u00e9dients inactifs suivants : cellulose microcristalline, phosphate de calcium dibasique anhydre, croscarmellose sodique, st\u00e9arate de magn\u00e9sium, hypromellose, dioxyde de titane, lactose, triac\u00e9tine et laque d&rsquo;aluminium FD&amp;C Blue #.<\/p>","protected":false},"excerpt":{"rendered":"<p>BULLFORCE-SILDENAFIL 200 MG-BLISTERS DE 10 COMPRIMES Le sild\u00e9nafil est utilis\u00e9 pour traiter les probl\u00e8mes de la fonction sexuelle masculine (impuissance<\/p>\n","protected":false},"featured_media":7495,"comment_status":"open","ping_status":"closed","template":"","meta":[],"product_brand":[],"product_cat":[73],"product_tag":[3484],"class_list":{"0":"post-7494","1":"product","2":"type-product","3":"status-publish","4":"has-post-thumbnail","6":"product_cat-ssteroides_orales","7":"product_tag-sidenafil200-mg","9":"first","10":"outofstock","11":"sale","12":"shipping-taxable","13":"purchasable","14":"product-type-simple"},"yoast_head":"<!-- This site is optimized with the Yoast SEO Premium plugin v24.4 (Yoast SEO v27.3) - https:\/\/yoast.com\/product\/yoast-seo-premium-wordpress\/ -->\n<title>BBULLFORCE-SILDENAFIL 200 MG-BLISTERS DE 10 COMPRIMES - (Espa\u00f1ol) Esteroides en l\u00ednea<\/title>\n<meta name=\"robots\" content=\"index, follow, max-snippet:-1, max-image-preview:large, max-video-preview:-1\" \/>\n<link rel=\"canonical\" href=\"https:\/\/iberoid.com\/fr\/product\/bullforce-sidenafil-200-mg-blister-de-10-pastillas\/\" \/>\n<meta property=\"og:locale\" content=\"fr_FR\" \/>\n<meta property=\"og:type\" content=\"article\" \/>\n<meta property=\"og:title\" content=\"BBULLFORCE-SILDENAFIL 200 MG-BLISTERS DE 10 COMPRIMES\" \/>\n<meta property=\"og:description\" content=\"BULLFORCE-SILDENAFIL 200 MG-BLISTERS DE 10 COMPRIMES Le sild\u00e9nafil est utilis\u00e9 pour traiter les probl\u00e8mes de la fonction sexuelle masculine (impuissance\" \/>\n<meta property=\"og:url\" content=\"https:\/\/iberoid.com\/fr\/product\/bullforce-sidenafil-200-mg-blister-de-10-pastillas\/\" \/>\n<meta property=\"og:site_name\" content=\"(Espa\u00f1ol) Esteroides en l\u00ednea\" \/>\n<meta property=\"article:modified_time\" content=\"2023-08-28T14:47:19+00:00\" \/>\n<meta property=\"og:image\" content=\"https:\/\/iberoid.com\/wp-content\/uploads\/2022\/03\/bull.jpg?v=1678119900\" \/>\n\t<meta property=\"og:image:width\" content=\"1024\" \/>\n\t<meta property=\"og:image:height\" content=\"768\" \/>\n\t<meta property=\"og:image:type\" content=\"image\/jpeg\" \/>\n<meta name=\"twitter:card\" content=\"summary_large_image\" \/>\n<meta name=\"twitter:label1\" content=\"Prix\" \/>\n\t<meta name=\"twitter:data1\" content=\"&euro;15.00\" \/>\n\t<meta name=\"twitter:label2\" content=\"Disponibilit\u00e9\" \/>\n\t<meta name=\"twitter:data2\" content=\"Rupture de stock\" \/>\n<script type=\"application\/ld+json\" class=\"yoast-schema-graph\">{\"@context\":\"https:\\\/\\\/schema.org\",\"@graph\":[{\"@type\":\"WebPage\",\"@id\":\"https:\\\/\\\/iberoid.com\\\/fr\\\/product\\\/bullforce-sidenafil-200-mg-blister-de-10-pastillas\\\/\",\"url\":\"https:\\\/\\\/iberoid.com\\\/fr\\\/product\\\/bullforce-sidenafil-200-mg-blister-de-10-pastillas\\\/\",\"name\":\"BBULLFORCE-SILDENAFIL 200 MG-BLISTERS DE 10 COMPRIMES - (Espa\u00f1ol) Esteroides en l\u00ednea\",\"isPartOf\":{\"@id\":\"https:\\\/\\\/iberoid-shop.com\\\/#website\"},\"primaryImageOfPage\":{\"@id\":\"https:\\\/\\\/iberoid.com\\\/fr\\\/product\\\/bullforce-sidenafil-200-mg-blister-de-10-pastillas\\\/#primaryimage\"},\"image\":{\"@id\":\"https:\\\/\\\/iberoid.com\\\/fr\\\/product\\\/bullforce-sidenafil-200-mg-blister-de-10-pastillas\\\/#primaryimage\"},\"thumbnailUrl\":\"https:\\\/\\\/iberoid.com\\\/wp-content\\\/uploads\\\/2022\\\/03\\\/bull.jpg?v=1678119900\",\"datePublished\":\"2022-03-26T18:38:43+00:00\",\"dateModified\":\"2023-08-28T14:47:19+00:00\",\"breadcrumb\":{\"@id\":\"https:\\\/\\\/iberoid.com\\\/fr\\\/product\\\/bullforce-sidenafil-200-mg-blister-de-10-pastillas\\\/#breadcrumb\"},\"inLanguage\":\"fr-FR\",\"potentialAction\":[{\"@type\":\"ReadAction\",\"target\":[[\"https:\\\/\\\/iberoid.com\\\/fr\\\/product\\\/bullforce-sidenafil-200-mg-blister-de-10-pastillas\\\/\"]]}]},{\"@type\":\"ImageObject\",\"inLanguage\":\"fr-FR\",\"@id\":\"https:\\\/\\\/iberoid.com\\\/fr\\\/product\\\/bullforce-sidenafil-200-mg-blister-de-10-pastillas\\\/#primaryimage\",\"url\":\"https:\\\/\\\/iberoid.com\\\/wp-content\\\/uploads\\\/2022\\\/03\\\/bull.jpg?v=1678119900\",\"contentUrl\":\"https:\\\/\\\/iberoid.com\\\/wp-content\\\/uploads\\\/2022\\\/03\\\/bull.jpg?v=1678119900\",\"width\":1024,\"height\":768},{\"@type\":\"BreadcrumbList\",\"@id\":\"https:\\\/\\\/iberoid.com\\\/fr\\\/product\\\/bullforce-sidenafil-200-mg-blister-de-10-pastillas\\\/#breadcrumb\",\"itemListElement\":[{\"@type\":\"ListItem\",\"position\":1,\"name\":\"Portada\",\"item\":\"https:\\\/\\\/iberoid.com\\\/fr\\\/\"},{\"@type\":\"ListItem\",\"position\":2,\"name\":\"Magasin\",\"item\":\"https:\\\/\\\/iberoid.com\\\/fr\\\/shop\\\/\"},{\"@type\":\"ListItem\",\"position\":3,\"name\":\"BBULLFORCE-SILDENAFIL 200 MG-BLISTERS DE 10 COMPRIMES\"}]},{\"@type\":\"WebSite\",\"@id\":\"https:\\\/\\\/iberoid-shop.com\\\/#website\",\"url\":\"https:\\\/\\\/iberoid-shop.com\\\/\",\"name\":\"(Espa\u00f1ol) Esteroides en l\u00ednea\",\"description\":\"(Espa\u00f1ol) Comprar esteroides en l\u00ednea hoy en Espa\u00f1a y Portugal. Tenemos el mejor servicio al cliente en la industria y los productos de la m\u00e1s alta calidad\",\"potentialAction\":[{\"@type\":\"SearchAction\",\"target\":{\"@type\":\"EntryPoint\",\"urlTemplate\":\"https:\\\/\\\/iberoid-shop.com\\\/?s={search_term_string}\"},\"query-input\":{\"@type\":\"PropertyValueSpecification\",\"valueRequired\":true,\"valueName\":\"search_term_string\"}}],\"inLanguage\":\"fr-FR\"}]}<\/script>\n<meta property=\"product:brand\" content=\"Shreen Pharma\" \/>\n<meta property=\"product:price:amount\" content=\"15.00\" \/>\n<meta property=\"product:price:currency\" content=\"EUR\" \/>\n<meta property=\"og:availability\" content=\"out of stock\" \/>\n<meta property=\"product:availability\" content=\"out of stock\" \/>\n<meta property=\"product:condition\" content=\"new\" \/>\n<!-- \/ Yoast SEO Premium plugin. -->","yoast_head_json":{"title":"BBULLFORCE-SILDENAFIL 200 MG-BLISTERS DE 10 COMPRIMES - (Espa\u00f1ol) Esteroides en l\u00ednea","robots":{"index":"index","follow":"follow","max-snippet":"max-snippet:-1","max-image-preview":"max-image-preview:large","max-video-preview":"max-video-preview:-1"},"canonical":"https:\/\/iberoid.com\/fr\/product\/bullforce-sidenafil-200-mg-blister-de-10-pastillas\/","og_locale":"fr_FR","og_type":"article","og_title":"BBULLFORCE-SILDENAFIL 200 MG-BLISTERS DE 10 COMPRIMES","og_description":"BULLFORCE-SILDENAFIL 200 MG-BLISTERS DE 10 COMPRIMES Le sild\u00e9nafil est utilis\u00e9 pour traiter les probl\u00e8mes de la fonction sexuelle masculine (impuissance","og_url":"https:\/\/iberoid.com\/fr\/product\/bullforce-sidenafil-200-mg-blister-de-10-pastillas\/","og_site_name":"(Espa\u00f1ol) Esteroides en l\u00ednea","article_modified_time":"2023-08-28T14:47:19+00:00","og_image":[{"width":1024,"height":768,"url":"https:\/\/iberoid.com\/wp-content\/uploads\/2022\/03\/bull.jpg?v=1678119900","type":"image\/jpeg"}],"twitter_card":"summary_large_image","twitter_misc":{"Prix":"&euro;15.00","Disponibilit\u00e9":"Rupture de stock"},"schema":{"@context":"https:\/\/schema.org","@graph":[{"@type":"WebPage","@id":"https:\/\/iberoid.com\/fr\/product\/bullforce-sidenafil-200-mg-blister-de-10-pastillas\/","url":"https:\/\/iberoid.com\/fr\/product\/bullforce-sidenafil-200-mg-blister-de-10-pastillas\/","name":"BBULLFORCE-SILDENAFIL 200 MG-BLISTERS DE 10 COMPRIMES - (Espa\u00f1ol) Esteroides en l\u00ednea","isPartOf":{"@id":"https:\/\/iberoid-shop.com\/#website"},"primaryImageOfPage":{"@id":"https:\/\/iberoid.com\/fr\/product\/bullforce-sidenafil-200-mg-blister-de-10-pastillas\/#primaryimage"},"image":{"@id":"https:\/\/iberoid.com\/fr\/product\/bullforce-sidenafil-200-mg-blister-de-10-pastillas\/#primaryimage"},"thumbnailUrl":"https:\/\/iberoid.com\/wp-content\/uploads\/2022\/03\/bull.jpg?v=1678119900","datePublished":"2022-03-26T18:38:43+00:00","dateModified":"2023-08-28T14:47:19+00:00","breadcrumb":{"@id":"https:\/\/iberoid.com\/fr\/product\/bullforce-sidenafil-200-mg-blister-de-10-pastillas\/#breadcrumb"},"inLanguage":"fr-FR","potentialAction":[{"@type":"ReadAction","target":[["https:\/\/iberoid.com\/fr\/product\/bullforce-sidenafil-200-mg-blister-de-10-pastillas\/"]]}]},{"@type":"ImageObject","inLanguage":"fr-FR","@id":"https:\/\/iberoid.com\/fr\/product\/bullforce-sidenafil-200-mg-blister-de-10-pastillas\/#primaryimage","url":"https:\/\/iberoid.com\/wp-content\/uploads\/2022\/03\/bull.jpg?v=1678119900","contentUrl":"https:\/\/iberoid.com\/wp-content\/uploads\/2022\/03\/bull.jpg?v=1678119900","width":1024,"height":768},{"@type":"BreadcrumbList","@id":"https:\/\/iberoid.com\/fr\/product\/bullforce-sidenafil-200-mg-blister-de-10-pastillas\/#breadcrumb","itemListElement":[{"@type":"ListItem","position":1,"name":"Portada","item":"https:\/\/iberoid.com\/fr\/"},{"@type":"ListItem","position":2,"name":"Magasin","item":"https:\/\/iberoid.com\/fr\/shop\/"},{"@type":"ListItem","position":3,"name":"BBULLFORCE-SILDENAFIL 200 MG-BLISTERS DE 10 COMPRIMES"}]},{"@type":"WebSite","@id":"https:\/\/iberoid-shop.com\/#website","url":"https:\/\/iberoid-shop.com\/","name":"(Espa\u00f1ol) Esteroides en l\u00ednea","description":"(Espa\u00f1ol) Comprar esteroides en l\u00ednea hoy en Espa\u00f1a y Portugal. Tenemos el mejor servicio al cliente en la industria y los productos de la m\u00e1s alta calidad","potentialAction":[{"@type":"SearchAction","target":{"@type":"EntryPoint","urlTemplate":"https:\/\/iberoid-shop.com\/?s={search_term_string}"},"query-input":{"@type":"PropertyValueSpecification","valueRequired":true,"valueName":"search_term_string"}}],"inLanguage":"fr-FR"}]},"product_brand":"Shreen Pharma","product_price_amount":"15.00","product_price_currency":"EUR","og_availability":"out of stock","product_availability":"out of stock","product_condition":"new"},"_links":{"self":[{"href":"https:\/\/iberoid.com\/fr\/wp-json\/wp\/v2\/product\/7494","targetHints":{"allow":["GET"]}}],"collection":[{"href":"https:\/\/iberoid.com\/fr\/wp-json\/wp\/v2\/product"}],"about":[{"href":"https:\/\/iberoid.com\/fr\/wp-json\/wp\/v2\/types\/product"}],"replies":[{"embeddable":true,"href":"https:\/\/iberoid.com\/fr\/wp-json\/wp\/v2\/comments?post=7494"}],"wp:featuredmedia":[{"embeddable":true,"href":"https:\/\/iberoid.com\/fr\/wp-json\/wp\/v2\/media\/7495"}],"wp:attachment":[{"href":"https:\/\/iberoid.com\/fr\/wp-json\/wp\/v2\/media?parent=7494"}],"wp:term":[{"taxonomy":"product_brand","embeddable":true,"href":"https:\/\/iberoid.com\/fr\/wp-json\/wp\/v2\/product_brand?post=7494"},{"taxonomy":"product_cat","embeddable":true,"href":"https:\/\/iberoid.com\/fr\/wp-json\/wp\/v2\/product_cat?post=7494"},{"taxonomy":"product_tag","embeddable":true,"href":"https:\/\/iberoid.com\/fr\/wp-json\/wp\/v2\/product_tag?post=7494"}],"curies":[{"name":"wp","href":"https:\/\/api.w.org\/{rel}","templated":true}]}}