{"id":7522,"date":"2022-04-02T14:19:56","date_gmt":"2022-04-02T14:19:56","guid":{"rendered":"https:\/\/iberoid.com\/?post_type=product&#038;p=7522"},"modified":"2023-12-06T15:25:39","modified_gmt":"2023-12-06T15:25:39","slug":"boldenon-generics-pharma","status":"publish","type":"product","link":"https:\/\/iberoid.com\/fr\/product\/boldenon-generics-pharma\/","title":{"rendered":"BOLDENONE 200"},"content":{"rendered":"<p>Boldenone Undecylenate de notre magasin contient 200 mg par ml d&rsquo;agent. L&rsquo;ampoule contient 10 ml de Boldenone. C&rsquo;est un st\u00e9ro\u00efde tr\u00e8s d\u00e9licat et \u00e9galement lib\u00e9r\u00e9 pendant une longue p\u00e9riode. L&rsquo;effet peut \u00eatre observ\u00e9 environ 3 semaines apr\u00e8s la premi\u00e8re injection.<\/p>\n<p>Action de Boldenone Undecylenate :<\/p>\n<p>Boldenone Undecylenate\u00a0augmente le niveau global du m\u00e9tabolisme corporel et augmente consid\u00e9rablement l&rsquo;app\u00e9tit. Cela affecte consid\u00e9rablement l&rsquo;efficacit\u00e9 du corps. Am\u00e9liore la vascularisation. En utilisant l&rsquo;ester appropri\u00e9, l&rsquo;agent se lib\u00e8re pendant une longue p\u00e9riode, donc les r\u00e9sultats peuvent \u00eatre vus assez tard, mais ils sont tr\u00e8s bons sur les cycles de masse.<br \/>\nLa bold\u00e9none\u00a0a une demi-vie tr\u00e8s longue, vous devez donc l&rsquo;utiliser pendant au moins 12\u00a0semaines pour ressentir l&rsquo;effet de l&rsquo;agent. L&rsquo;agent est id\u00e9al pour la masse, mais il peut \u00e9galement \u00eatre utilis\u00e9 pour la r\u00e9duction. C&rsquo;est g\u00e9nial parce que nous gagnons de la masse musculaire s\u00e8che.<\/p>\n<p>Le cycle de r\u00e9duction n&rsquo;est pas une si bonne id\u00e9e d&rsquo;utiliser\u00a0Boldenone\u00a0car cela peut augmenter notre app\u00e9tit et nous emp\u00eacher de le r\u00e9duire correctement. Cet agent aromatise faiblement, au contraire, il peut r\u00e9duire la quantit\u00e9 d&rsquo;oestrog\u00e8ne dans le sang, il est donc recommand\u00e9 de tester cette hormone alors qu&rsquo;elle est au milieu afin de ne pas l&rsquo;avoir trop bas et de ressentir des effets secondaires. Lorsque vous utilisez n&rsquo;importe quel moyen, nous vous recommandons d&rsquo;utiliser\u00a0HCG\u00a0pour faciliter le d\u00e9blocage du corps.<\/p>\n<p>Effets secondaires de Boldenone Undecylenate :<\/p>\n<p>Boldenone Undecylenate\u00a0ne provoque pas d&rsquo;effets secondaires importants et est id\u00e9al pour d\u00e9velopper une masse corporelle maigre. Cela peut entra\u00eener une diminution des \u0153strog\u00e8nes, c&rsquo;est pourquoi nous recommandons des tests hormonaux lors de l&rsquo;utilisation de ce rem\u00e8de. Les autres effets secondaires que la bold\u00e9none peuvent causer incluent l&rsquo;acn\u00e9, l&rsquo;augmentation de la pression art\u00e9rielle, la perte de cheveux et l&rsquo;augmentation de l&rsquo;h\u00e9mocrite.<\/p>\n<p>Posologie de Boldenon :<\/p>\n<p>Femmes\u00a0: 50-100\u00a0mg une fois par semaine<br \/>\nHommes\u00a0: 200-600\u00a0mg une fois par semaine<\/p>","protected":false},"excerpt":{"rendered":"<p>Boldenone Undecylenate de notre magasin contient 200 mg par ml d&rsquo;agent. L&rsquo;ampoule contient 10 ml de Boldenone. C&rsquo;est un st\u00e9ro\u00efde<\/p>\n","protected":false},"featured_media":7523,"comment_status":"open","ping_status":"closed","template":"","meta":[],"product_brand":[],"product_cat":[69],"product_tag":[],"class_list":{"0":"post-7522","1":"product","2":"type-product","3":"status-publish","4":"has-post-thumbnail","6":"product_cat-esteroides_inyectables","8":"first","9":"outofstock","10":"shipping-taxable","11":"purchasable","12":"product-type-simple"},"yoast_head":"<!-- This site is optimized with the Yoast SEO Premium plugin v24.4 (Yoast SEO v27.3) - https:\/\/yoast.com\/product\/yoast-seo-premium-wordpress\/ -->\n<title>BOLDENONE 200 - (Espa\u00f1ol) Esteroides en l\u00ednea<\/title>\n<meta name=\"robots\" content=\"index, follow, max-snippet:-1, max-image-preview:large, max-video-preview:-1\" \/>\n<link rel=\"canonical\" href=\"https:\/\/iberoid.com\/fr\/product\/boldenon-generics-pharma\/\" \/>\n<meta property=\"og:locale\" content=\"fr_FR\" \/>\n<meta property=\"og:type\" content=\"article\" \/>\n<meta property=\"og:title\" content=\"BOLDENONE 200\" \/>\n<meta property=\"og:description\" content=\"Boldenone Undecylenate de notre magasin contient 200 mg par ml d&rsquo;agent. L&rsquo;ampoule contient 10 ml de Boldenone. C&rsquo;est un st\u00e9ro\u00efde\" \/>\n<meta property=\"og:url\" content=\"https:\/\/iberoid.com\/fr\/product\/boldenon-generics-pharma\/\" \/>\n<meta property=\"og:site_name\" content=\"(Espa\u00f1ol) Esteroides en l\u00ednea\" \/>\n<meta property=\"article:modified_time\" content=\"2023-12-06T15:25:39+00:00\" \/>\n<meta property=\"og:image\" content=\"https:\/\/iberoid.com\/wp-content\/uploads\/2022\/04\/bolde.jpg?v=1694094347\" \/>\n\t<meta property=\"og:image:width\" content=\"355\" \/>\n\t<meta property=\"og:image:height\" content=\"333\" \/>\n\t<meta property=\"og:image:type\" content=\"image\/jpeg\" \/>\n<meta name=\"twitter:card\" content=\"summary_large_image\" \/>\n<meta name=\"twitter:label1\" content=\"Prix\" \/>\n\t<meta name=\"twitter:data1\" content=\"&euro;50.00\" \/>\n\t<meta name=\"twitter:label2\" content=\"Disponibilit\u00e9\" \/>\n\t<meta name=\"twitter:data2\" content=\"Rupture de stock\" \/>\n<script type=\"application\/ld+json\" class=\"yoast-schema-graph\">{\"@context\":\"https:\\\/\\\/schema.org\",\"@graph\":[{\"@type\":\"WebPage\",\"@id\":\"https:\\\/\\\/iberoid.com\\\/fr\\\/product\\\/boldenon-generics-pharma\\\/\",\"url\":\"https:\\\/\\\/iberoid.com\\\/fr\\\/product\\\/boldenon-generics-pharma\\\/\",\"name\":\"BOLDENONE 200 - (Espa\u00f1ol) Esteroides en l\u00ednea\",\"isPartOf\":{\"@id\":\"https:\\\/\\\/iberoid.com\\\/fr\\\/#website\"},\"primaryImageOfPage\":{\"@id\":\"https:\\\/\\\/iberoid.com\\\/fr\\\/product\\\/boldenon-generics-pharma\\\/#primaryimage\"},\"image\":{\"@id\":\"https:\\\/\\\/iberoid.com\\\/fr\\\/product\\\/boldenon-generics-pharma\\\/#primaryimage\"},\"thumbnailUrl\":\"https:\\\/\\\/iberoid.com\\\/wp-content\\\/uploads\\\/2022\\\/04\\\/bolde.jpg?v=1694094347\",\"datePublished\":\"2022-04-02T14:19:56+00:00\",\"dateModified\":\"2023-12-06T15:25:39+00:00\",\"breadcrumb\":{\"@id\":\"https:\\\/\\\/iberoid.com\\\/fr\\\/product\\\/boldenon-generics-pharma\\\/#breadcrumb\"},\"inLanguage\":\"fr-FR\",\"potentialAction\":[{\"@type\":\"ReadAction\",\"target\":[[\"https:\\\/\\\/iberoid.com\\\/fr\\\/product\\\/boldenon-generics-pharma\\\/\"]]}]},{\"@type\":\"ImageObject\",\"inLanguage\":\"fr-FR\",\"@id\":\"https:\\\/\\\/iberoid.com\\\/fr\\\/product\\\/boldenon-generics-pharma\\\/#primaryimage\",\"url\":\"https:\\\/\\\/iberoid.com\\\/wp-content\\\/uploads\\\/2022\\\/04\\\/bolde.jpg?v=1694094347\",\"contentUrl\":\"https:\\\/\\\/iberoid.com\\\/wp-content\\\/uploads\\\/2022\\\/04\\\/bolde.jpg?v=1694094347\",\"width\":355,\"height\":333},{\"@type\":\"BreadcrumbList\",\"@id\":\"https:\\\/\\\/iberoid.com\\\/fr\\\/product\\\/boldenon-generics-pharma\\\/#breadcrumb\",\"itemListElement\":[{\"@type\":\"ListItem\",\"position\":1,\"name\":\"Portada\",\"item\":\"https:\\\/\\\/iberoid.com\\\/fr\\\/\"},{\"@type\":\"ListItem\",\"position\":2,\"name\":\"Magasin\",\"item\":\"https:\\\/\\\/iberoid.com\\\/fr\\\/shop\\\/\"},{\"@type\":\"ListItem\",\"position\":3,\"name\":\"BOLDENONE 200\"}]},{\"@type\":\"WebSite\",\"@id\":\"https:\\\/\\\/iberoid.com\\\/fr\\\/#website\",\"url\":\"https:\\\/\\\/iberoid.com\\\/fr\\\/\",\"name\":\"(Espa\u00f1ol) Esteroides en l\u00ednea\",\"description\":\"(Espa\u00f1ol) Comprar esteroides en l\u00ednea hoy en Espa\u00f1a y Portugal. Tenemos el mejor servicio al cliente en la industria y los productos de la m\u00e1s alta calidad\",\"potentialAction\":[{\"@type\":\"SearchAction\",\"target\":{\"@type\":\"EntryPoint\",\"urlTemplate\":\"https:\\\/\\\/iberoid.com\\\/fr\\\/?s={search_term_string}\"},\"query-input\":{\"@type\":\"PropertyValueSpecification\",\"valueRequired\":true,\"valueName\":\"search_term_string\"}}],\"inLanguage\":\"fr-FR\"}]}<\/script>\n<meta property=\"product:brand\" content=\"Generics Pharma\" \/>\n<meta property=\"product:price:amount\" content=\"50.00\" \/>\n<meta property=\"product:price:currency\" content=\"EUR\" \/>\n<meta property=\"og:availability\" content=\"out of stock\" \/>\n<meta property=\"product:availability\" content=\"out of stock\" \/>\n<meta property=\"product:condition\" content=\"new\" \/>\n<!-- \/ Yoast SEO Premium plugin. -->","yoast_head_json":{"title":"BOLDENONE 200 - (Espa\u00f1ol) Esteroides en l\u00ednea","robots":{"index":"index","follow":"follow","max-snippet":"max-snippet:-1","max-image-preview":"max-image-preview:large","max-video-preview":"max-video-preview:-1"},"canonical":"https:\/\/iberoid.com\/fr\/product\/boldenon-generics-pharma\/","og_locale":"fr_FR","og_type":"article","og_title":"BOLDENONE 200","og_description":"Boldenone Undecylenate de notre magasin contient 200 mg par ml d&rsquo;agent. L&rsquo;ampoule contient 10 ml de Boldenone. C&rsquo;est un st\u00e9ro\u00efde","og_url":"https:\/\/iberoid.com\/fr\/product\/boldenon-generics-pharma\/","og_site_name":"(Espa\u00f1ol) Esteroides en l\u00ednea","article_modified_time":"2023-12-06T15:25:39+00:00","og_image":[{"width":355,"height":333,"url":"https:\/\/iberoid.com\/wp-content\/uploads\/2022\/04\/bolde.jpg?v=1694094347","type":"image\/jpeg"}],"twitter_card":"summary_large_image","twitter_misc":{"Prix":"&euro;50.00","Disponibilit\u00e9":"Rupture de stock"},"schema":{"@context":"https:\/\/schema.org","@graph":[{"@type":"WebPage","@id":"https:\/\/iberoid.com\/fr\/product\/boldenon-generics-pharma\/","url":"https:\/\/iberoid.com\/fr\/product\/boldenon-generics-pharma\/","name":"BOLDENONE 200 - (Espa\u00f1ol) Esteroides en l\u00ednea","isPartOf":{"@id":"https:\/\/iberoid.com\/fr\/#website"},"primaryImageOfPage":{"@id":"https:\/\/iberoid.com\/fr\/product\/boldenon-generics-pharma\/#primaryimage"},"image":{"@id":"https:\/\/iberoid.com\/fr\/product\/boldenon-generics-pharma\/#primaryimage"},"thumbnailUrl":"https:\/\/iberoid.com\/wp-content\/uploads\/2022\/04\/bolde.jpg?v=1694094347","datePublished":"2022-04-02T14:19:56+00:00","dateModified":"2023-12-06T15:25:39+00:00","breadcrumb":{"@id":"https:\/\/iberoid.com\/fr\/product\/boldenon-generics-pharma\/#breadcrumb"},"inLanguage":"fr-FR","potentialAction":[{"@type":"ReadAction","target":[["https:\/\/iberoid.com\/fr\/product\/boldenon-generics-pharma\/"]]}]},{"@type":"ImageObject","inLanguage":"fr-FR","@id":"https:\/\/iberoid.com\/fr\/product\/boldenon-generics-pharma\/#primaryimage","url":"https:\/\/iberoid.com\/wp-content\/uploads\/2022\/04\/bolde.jpg?v=1694094347","contentUrl":"https:\/\/iberoid.com\/wp-content\/uploads\/2022\/04\/bolde.jpg?v=1694094347","width":355,"height":333},{"@type":"BreadcrumbList","@id":"https:\/\/iberoid.com\/fr\/product\/boldenon-generics-pharma\/#breadcrumb","itemListElement":[{"@type":"ListItem","position":1,"name":"Portada","item":"https:\/\/iberoid.com\/fr\/"},{"@type":"ListItem","position":2,"name":"Magasin","item":"https:\/\/iberoid.com\/fr\/shop\/"},{"@type":"ListItem","position":3,"name":"BOLDENONE 200"}]},{"@type":"WebSite","@id":"https:\/\/iberoid.com\/fr\/#website","url":"https:\/\/iberoid.com\/fr\/","name":"(Espa\u00f1ol) Esteroides en l\u00ednea","description":"(Espa\u00f1ol) Comprar esteroides en l\u00ednea hoy en Espa\u00f1a y Portugal. Tenemos el mejor servicio al cliente en la industria y los productos de la m\u00e1s alta calidad","potentialAction":[{"@type":"SearchAction","target":{"@type":"EntryPoint","urlTemplate":"https:\/\/iberoid.com\/fr\/?s={search_term_string}"},"query-input":{"@type":"PropertyValueSpecification","valueRequired":true,"valueName":"search_term_string"}}],"inLanguage":"fr-FR"}]},"product_brand":"Generics Pharma","product_price_amount":"50.00","product_price_currency":"EUR","og_availability":"out of stock","product_availability":"out of stock","product_condition":"new"},"_links":{"self":[{"href":"https:\/\/iberoid.com\/fr\/wp-json\/wp\/v2\/product\/7522","targetHints":{"allow":["GET"]}}],"collection":[{"href":"https:\/\/iberoid.com\/fr\/wp-json\/wp\/v2\/product"}],"about":[{"href":"https:\/\/iberoid.com\/fr\/wp-json\/wp\/v2\/types\/product"}],"replies":[{"embeddable":true,"href":"https:\/\/iberoid.com\/fr\/wp-json\/wp\/v2\/comments?post=7522"}],"wp:featuredmedia":[{"embeddable":true,"href":"https:\/\/iberoid.com\/fr\/wp-json\/wp\/v2\/media\/7523"}],"wp:attachment":[{"href":"https:\/\/iberoid.com\/fr\/wp-json\/wp\/v2\/media?parent=7522"}],"wp:term":[{"taxonomy":"product_brand","embeddable":true,"href":"https:\/\/iberoid.com\/fr\/wp-json\/wp\/v2\/product_brand?post=7522"},{"taxonomy":"product_cat","embeddable":true,"href":"https:\/\/iberoid.com\/fr\/wp-json\/wp\/v2\/product_cat?post=7522"},{"taxonomy":"product_tag","embeddable":true,"href":"https:\/\/iberoid.com\/fr\/wp-json\/wp\/v2\/product_tag?post=7522"}],"curies":[{"name":"wp","href":"https:\/\/api.w.org\/{rel}","templated":true}]}}