{"id":7524,"date":"2022-04-02T14:23:34","date_gmt":"2022-04-02T14:23:34","guid":{"rendered":"https:\/\/iberoid.com\/?post_type=product&#038;p=7524"},"modified":"2023-06-02T13:12:18","modified_gmt":"2023-06-02T13:12:18","slug":"deacnoate-generics-pharma","status":"publish","type":"product","link":"https:\/\/iberoid.com\/fr\/product\/deacnoate-generics-pharma\/","title":{"rendered":"DEACNOATE 200"},"content":{"rendered":"<p>Nandrolone Deca est un st\u00e9ro\u00efde anabolisant pr\u00e9f\u00e9r\u00e9 des bodybuilders pour l&rsquo;augmentation musculaire, l&rsquo;intensit\u00e9 osseuse, la stimulation de l&rsquo;app\u00e9tit et la production d\u00e9velopp\u00e9e de globules rouges. Il procure des gains de force tout en diminuant la graisse corporelle. Avec Deca, les cellules musculaires conservent plus d&rsquo;azote qu&rsquo;elles n&rsquo;en r\u00e9v\u00e8lent, ce qui permet d&rsquo;atteindre un bilan azot\u00e9 positif. C&rsquo;est-\u00e0-dire qu&rsquo;un bilan azot\u00e9 positif signifie une croissance musculaire. La cellule musculaire stocke plus de prot\u00e9ines que la normale.<\/p>\n<p>En raison de sa faible aromatisation, Deca Durabolin est pr\u00e9f\u00e9r\u00e9 comme st\u00e9ro\u00efde confiant par les utilisateurs de st\u00e9ro\u00efdes sensibles aux effets secondaires \u0153strog\u00e9niques. Ce n&rsquo;est qu&rsquo;\u00e0 des doses \u00e9lev\u00e9es que l&rsquo;aromatisation est produite. Deca Durabolin provoque une r\u00e9tention d&rsquo;eau, mais moins que la testost\u00e9rone et, \u00e0 fortes doses, un aspect lisse et aqueux appara\u00eet.<\/p>\n<p>Deca, comme le boldenon, donne de bons r\u00e9sultats lorsqu&rsquo;il est utilis\u00e9 \u00e0 la fois dans les cycles de \u00ab\u00a0gonflement\u00a0\u00bb et de \u00ab\u00a0coupe\u00a0\u00bb. La plupart des bodybuilders combinent Deca avec diff\u00e9rentes testost\u00e9rones dans leur cycle de gonflement. Et aussi Deca est en harmonie avec Winstrol pour certains athl\u00e8tes. Ce st\u00e9ro\u00efde est pratique et peut \u00eatre empil\u00e9 avec de nombreux autres st\u00e9ro\u00efdes pour la croissance musculaire. Combin\u00e9 au Danabol et \u00e0 l&rsquo;\u00e9nanthate de testost\u00e9rone, Deca montre de bons r\u00e9sultats pour le d\u00e9veloppement musculaire en un temps record. Pour de bons r\u00e9sultats, les bodybuilders utilisent couramment 15 \u00e0 40 mg de Dianabol par jour et 200 \u00e0 400 mg de Deca par semaine. Et aussi avec 400 mg de Deca par semaine et 500 mg de Sustanon par semaine, on peut obtenir des r\u00e9sultats plus rapides. Nous proposons un cycle avec Deca, Testosterone Enanthate et Dianabol pour atteindre une puissance et une masse musculaire largement efficaces.<\/p>\n<p>Nandrolone D\u00e9ca Posologie\u00a0:<\/p>\n<p>200mg-600mg hebdomadaire<\/p>","protected":false},"excerpt":{"rendered":"<p>Nandrolone Deca est un st\u00e9ro\u00efde anabolisant pr\u00e9f\u00e9r\u00e9 des bodybuilders pour l&rsquo;augmentation musculaire, l&rsquo;intensit\u00e9 osseuse, la stimulation de l&rsquo;app\u00e9tit et la<\/p>\n","protected":false},"featured_media":7525,"comment_status":"open","ping_status":"closed","template":"","meta":[],"product_brand":[],"product_cat":[69],"product_tag":[3483],"class_list":{"0":"post-7524","1":"product","2":"type-product","3":"status-publish","4":"has-post-thumbnail","6":"product_cat-esteroides_inyectables","7":"product_tag-nandrolon-decanoate-200","9":"first","10":"outofstock","11":"sale","12":"shipping-taxable","13":"purchasable","14":"product-type-simple"},"yoast_head":"<!-- This site is optimized with the Yoast SEO Premium plugin v24.4 (Yoast SEO v27.0) - https:\/\/yoast.com\/product\/yoast-seo-premium-wordpress\/ -->\n<title>DEACNOATE 200 - (Espa\u00f1ol) Esteroides en l\u00ednea<\/title>\n<meta name=\"robots\" content=\"index, follow, max-snippet:-1, max-image-preview:large, max-video-preview:-1\" \/>\n<link rel=\"canonical\" href=\"https:\/\/iberoid.com\/fr\/product\/deacnoate-generics-pharma\/\" \/>\n<meta property=\"og:locale\" content=\"fr_FR\" \/>\n<meta property=\"og:type\" content=\"article\" \/>\n<meta property=\"og:title\" content=\"DEACNOATE 200\" \/>\n<meta property=\"og:description\" content=\"Nandrolone Deca est un st\u00e9ro\u00efde anabolisant pr\u00e9f\u00e9r\u00e9 des bodybuilders pour l&rsquo;augmentation musculaire, l&rsquo;intensit\u00e9 osseuse, la stimulation de l&rsquo;app\u00e9tit et la\" \/>\n<meta property=\"og:url\" content=\"https:\/\/iberoid.com\/fr\/product\/deacnoate-generics-pharma\/\" \/>\n<meta property=\"og:site_name\" content=\"(Espa\u00f1ol) Esteroides en l\u00ednea\" \/>\n<meta property=\"article:modified_time\" content=\"2023-06-02T13:12:18+00:00\" \/>\n<meta property=\"og:image\" content=\"https:\/\/iberoid.com\/wp-content\/uploads\/2022\/04\/decanoate.jpg?v=1678119898\" \/>\n\t<meta property=\"og:image:width\" content=\"277\" \/>\n\t<meta property=\"og:image:height\" content=\"315\" \/>\n\t<meta property=\"og:image:type\" content=\"image\/jpeg\" \/>\n<meta name=\"twitter:card\" content=\"summary_large_image\" \/>\n<meta name=\"twitter:label1\" content=\"Prix\" \/>\n\t<meta name=\"twitter:data1\" content=\"&euro;35.00\" \/>\n\t<meta name=\"twitter:label2\" content=\"Disponibilit\u00e9\" \/>\n\t<meta name=\"twitter:data2\" content=\"Rupture de stock\" \/>\n<script type=\"application\/ld+json\" class=\"yoast-schema-graph\">{\"@context\":\"https:\/\/schema.org\",\"@graph\":[{\"@type\":\"WebPage\",\"@id\":\"https:\/\/iberoid.com\/fr\/product\/deacnoate-generics-pharma\/\",\"url\":\"https:\/\/iberoid.com\/fr\/product\/deacnoate-generics-pharma\/\",\"name\":\"DEACNOATE 200 - (Espa\u00f1ol) Esteroides en l\u00ednea\",\"isPartOf\":{\"@id\":\"https:\/\/iberoid.com\/fr\/#website\"},\"primaryImageOfPage\":{\"@id\":\"https:\/\/iberoid.com\/fr\/product\/deacnoate-generics-pharma\/#primaryimage\"},\"image\":{\"@id\":\"https:\/\/iberoid.com\/fr\/product\/deacnoate-generics-pharma\/#primaryimage\"},\"thumbnailUrl\":\"https:\/\/iberoid.com\/wp-content\/uploads\/2022\/04\/decanoate.jpg?v=1678119898\",\"datePublished\":\"2022-04-02T14:23:34+00:00\",\"dateModified\":\"2023-06-02T13:12:18+00:00\",\"breadcrumb\":{\"@id\":\"https:\/\/iberoid.com\/fr\/product\/deacnoate-generics-pharma\/#breadcrumb\"},\"inLanguage\":\"fr-FR\",\"potentialAction\":[{\"@type\":\"ReadAction\",\"target\":[[\"https:\/\/iberoid.com\/fr\/product\/deacnoate-generics-pharma\/\"]]}]},{\"@type\":\"ImageObject\",\"inLanguage\":\"fr-FR\",\"@id\":\"https:\/\/iberoid.com\/fr\/product\/deacnoate-generics-pharma\/#primaryimage\",\"url\":\"https:\/\/iberoid.com\/wp-content\/uploads\/2022\/04\/decanoate.jpg?v=1678119898\",\"contentUrl\":\"https:\/\/iberoid.com\/wp-content\/uploads\/2022\/04\/decanoate.jpg?v=1678119898\",\"width\":277,\"height\":315},{\"@type\":\"BreadcrumbList\",\"@id\":\"https:\/\/iberoid.com\/fr\/product\/deacnoate-generics-pharma\/#breadcrumb\",\"itemListElement\":[{\"@type\":\"ListItem\",\"position\":1,\"name\":\"Portada\",\"item\":\"https:\/\/iberoid.com\/fr\/\"},{\"@type\":\"ListItem\",\"position\":2,\"name\":\"Magasin\",\"item\":\"https:\/\/iberoid.com\/fr\/shop\/\"},{\"@type\":\"ListItem\",\"position\":3,\"name\":\"DEACNOATE 200\"}]},{\"@type\":\"WebSite\",\"@id\":\"https:\/\/iberoid.com\/fr\/#website\",\"url\":\"https:\/\/iberoid.com\/fr\/\",\"name\":\"(Espa\u00f1ol) Esteroides en l\u00ednea\",\"description\":\"(Espa\u00f1ol) Comprar esteroides en l\u00ednea hoy en Espa\u00f1a y Portugal. Tenemos el mejor servicio al cliente en la industria y los productos de la m\u00e1s alta calidad\",\"potentialAction\":[{\"@type\":\"SearchAction\",\"target\":{\"@type\":\"EntryPoint\",\"urlTemplate\":\"https:\/\/iberoid.com\/fr\/?s={search_term_string}\"},\"query-input\":{\"@type\":\"PropertyValueSpecification\",\"valueRequired\":true,\"valueName\":\"search_term_string\"}}],\"inLanguage\":\"fr-FR\"}]}<\/script>\n<meta property=\"product:brand\" content=\"Generics Pharma\" \/>\n<meta property=\"product:price:amount\" content=\"35.00\" \/>\n<meta property=\"product:price:currency\" content=\"EUR\" \/>\n<meta property=\"og:availability\" content=\"out of stock\" \/>\n<meta property=\"product:availability\" content=\"out of stock\" \/>\n<meta property=\"product:condition\" content=\"new\" \/>\n<!-- \/ Yoast SEO Premium plugin. -->","yoast_head_json":{"title":"DEACNOATE 200 - (Espa\u00f1ol) Esteroides en l\u00ednea","robots":{"index":"index","follow":"follow","max-snippet":"max-snippet:-1","max-image-preview":"max-image-preview:large","max-video-preview":"max-video-preview:-1"},"canonical":"https:\/\/iberoid.com\/fr\/product\/deacnoate-generics-pharma\/","og_locale":"fr_FR","og_type":"article","og_title":"DEACNOATE 200","og_description":"Nandrolone Deca est un st\u00e9ro\u00efde anabolisant pr\u00e9f\u00e9r\u00e9 des bodybuilders pour l&rsquo;augmentation musculaire, l&rsquo;intensit\u00e9 osseuse, la stimulation de l&rsquo;app\u00e9tit et la","og_url":"https:\/\/iberoid.com\/fr\/product\/deacnoate-generics-pharma\/","og_site_name":"(Espa\u00f1ol) Esteroides en l\u00ednea","article_modified_time":"2023-06-02T13:12:18+00:00","og_image":[{"width":277,"height":315,"url":"https:\/\/iberoid.com\/wp-content\/uploads\/2022\/04\/decanoate.jpg?v=1678119898","type":"image\/jpeg"}],"twitter_card":"summary_large_image","twitter_misc":{"Prix":"&euro;35.00","Disponibilit\u00e9":"Rupture de stock"},"schema":{"@context":"https:\/\/schema.org","@graph":[{"@type":"WebPage","@id":"https:\/\/iberoid.com\/fr\/product\/deacnoate-generics-pharma\/","url":"https:\/\/iberoid.com\/fr\/product\/deacnoate-generics-pharma\/","name":"DEACNOATE 200 - (Espa\u00f1ol) Esteroides en l\u00ednea","isPartOf":{"@id":"https:\/\/iberoid.com\/fr\/#website"},"primaryImageOfPage":{"@id":"https:\/\/iberoid.com\/fr\/product\/deacnoate-generics-pharma\/#primaryimage"},"image":{"@id":"https:\/\/iberoid.com\/fr\/product\/deacnoate-generics-pharma\/#primaryimage"},"thumbnailUrl":"https:\/\/iberoid.com\/wp-content\/uploads\/2022\/04\/decanoate.jpg?v=1678119898","datePublished":"2022-04-02T14:23:34+00:00","dateModified":"2023-06-02T13:12:18+00:00","breadcrumb":{"@id":"https:\/\/iberoid.com\/fr\/product\/deacnoate-generics-pharma\/#breadcrumb"},"inLanguage":"fr-FR","potentialAction":[{"@type":"ReadAction","target":[["https:\/\/iberoid.com\/fr\/product\/deacnoate-generics-pharma\/"]]}]},{"@type":"ImageObject","inLanguage":"fr-FR","@id":"https:\/\/iberoid.com\/fr\/product\/deacnoate-generics-pharma\/#primaryimage","url":"https:\/\/iberoid.com\/wp-content\/uploads\/2022\/04\/decanoate.jpg?v=1678119898","contentUrl":"https:\/\/iberoid.com\/wp-content\/uploads\/2022\/04\/decanoate.jpg?v=1678119898","width":277,"height":315},{"@type":"BreadcrumbList","@id":"https:\/\/iberoid.com\/fr\/product\/deacnoate-generics-pharma\/#breadcrumb","itemListElement":[{"@type":"ListItem","position":1,"name":"Portada","item":"https:\/\/iberoid.com\/fr\/"},{"@type":"ListItem","position":2,"name":"Magasin","item":"https:\/\/iberoid.com\/fr\/shop\/"},{"@type":"ListItem","position":3,"name":"DEACNOATE 200"}]},{"@type":"WebSite","@id":"https:\/\/iberoid.com\/fr\/#website","url":"https:\/\/iberoid.com\/fr\/","name":"(Espa\u00f1ol) Esteroides en l\u00ednea","description":"(Espa\u00f1ol) Comprar esteroides en l\u00ednea hoy en Espa\u00f1a y Portugal. Tenemos el mejor servicio al cliente en la industria y los productos de la m\u00e1s alta calidad","potentialAction":[{"@type":"SearchAction","target":{"@type":"EntryPoint","urlTemplate":"https:\/\/iberoid.com\/fr\/?s={search_term_string}"},"query-input":{"@type":"PropertyValueSpecification","valueRequired":true,"valueName":"search_term_string"}}],"inLanguage":"fr-FR"}]},"product_brand":"Generics Pharma","product_price_amount":"35.00","product_price_currency":"EUR","og_availability":"out of stock","product_availability":"out of stock","product_condition":"new"},"_links":{"self":[{"href":"https:\/\/iberoid.com\/fr\/wp-json\/wp\/v2\/product\/7524","targetHints":{"allow":["GET"]}}],"collection":[{"href":"https:\/\/iberoid.com\/fr\/wp-json\/wp\/v2\/product"}],"about":[{"href":"https:\/\/iberoid.com\/fr\/wp-json\/wp\/v2\/types\/product"}],"replies":[{"embeddable":true,"href":"https:\/\/iberoid.com\/fr\/wp-json\/wp\/v2\/comments?post=7524"}],"wp:featuredmedia":[{"embeddable":true,"href":"https:\/\/iberoid.com\/fr\/wp-json\/wp\/v2\/media\/7525"}],"wp:attachment":[{"href":"https:\/\/iberoid.com\/fr\/wp-json\/wp\/v2\/media?parent=7524"}],"wp:term":[{"taxonomy":"product_brand","embeddable":true,"href":"https:\/\/iberoid.com\/fr\/wp-json\/wp\/v2\/product_brand?post=7524"},{"taxonomy":"product_cat","embeddable":true,"href":"https:\/\/iberoid.com\/fr\/wp-json\/wp\/v2\/product_cat?post=7524"},{"taxonomy":"product_tag","embeddable":true,"href":"https:\/\/iberoid.com\/fr\/wp-json\/wp\/v2\/product_tag?post=7524"}],"curies":[{"name":"wp","href":"https:\/\/api.w.org\/{rel}","templated":true}]}}