{"id":7527,"date":"2022-04-02T14:29:15","date_gmt":"2022-04-02T14:29:15","guid":{"rendered":"https:\/\/iberoid.com\/?post_type=product&#038;p=7527"},"modified":"2024-02-11T18:36:20","modified_gmt":"2024-02-11T18:36:20","slug":"sustanon-generics-pharm","status":"publish","type":"product","link":"https:\/\/iberoid.com\/fr\/product\/sustanon-generics-pharm\/","title":{"rendered":"SUSTENON \/SUSTANON\/TESTOSTERON MIX"},"content":{"rendered":"<p>Sustanon 250 est un m\u00e9lange de diff\u00e9rents esters de testost\u00e9rone. Le produit comprend 4 formes de testost\u00e9rone :<\/p>\n<p>30\u00a0mg &#8211;\u00a0Propionate de testost\u00e9rone<br \/>\n60 mg \u2013 Ph\u00e9nylpropionate de testost\u00e9rone<br \/>\n60 mg \u2013 Isocaproate de testost\u00e9rone<br \/>\n100 mg \u2013 D\u00e9canoate de testost\u00e9rone<br \/>\nHuile (plus souvent d&rsquo;arachide) comme solvant<br \/>\nAlcool benzylique comme conservateur et antiseptique<\/p>\n<p>Chaque forme de testost\u00e9rone incluse dans\u00a0sustanon 250 \u00e0 vendre\u00a0a un taux d&rsquo;absorption diff\u00e9rent, ce qui vous permet de maintenir un niveau constamment \u00e9lev\u00e9 d&rsquo;hormones anabolisantes dans le sang pendant un mois. Il n&rsquo;y a pas besoin d&rsquo;injections fr\u00e9quentes, le produit n&rsquo;est mis qu&rsquo;une fois toutes les trois semaines (\u00e0 des fins m\u00e9dicales). Certains pensent que Sustanon 250 est un cycle combin\u00e9 dans une seule bouteille, mais ce n&rsquo;est pas le cas, car chaque composant du m\u00e9dicament est converti dans le corps uniquement en testost\u00e9rone.<\/p>\n<p>Sustanon 250 effets<\/p>\n<p>Sustanon 250 agit exactement comme toute autre forme de testost\u00e9rone. Cela signifie que les principaux effets de Sustanon 250 sont :<\/p>\n<p>Augmentation de la masse musculaire (6 kg en moyenne par mois)<br \/>\nAction anti-catabolique<br \/>\nAugmentation de l&rsquo;app\u00e9tit<br \/>\nAugmentation de l&rsquo;h\u00e9matopo\u00ef\u00e8se &#8211; l&rsquo;augmentation du nombre de globules rouges dans le sang permet un meilleur transport de l&rsquo;oxyg\u00e8ne, augmentant ainsi l&rsquo;endurance.<br \/>\nAugmentation de la libido (lors de la prise Sustanon 250)<br \/>\nLe temps de d\u00e9tection du m\u00e9dicament peut aller jusqu&rsquo;\u00e0 3 mois.<br \/>\nCycle Sustanon 250<\/p>\n<p>Sustanon 250 est recommand\u00e9 uniquement aux hommes pour gagner de la masse musculaire, sans contre-indications \u00e0 l&rsquo;utilisation de st\u00e9ro\u00efdes anabolisants.<\/p>\n<p>Le cycle de Sustanon dure jusqu&rsquo;\u00e0 10 semaines. Lorsqu&rsquo;une dur\u00e9e plus longue est n\u00e9cessaire, l&rsquo;introduction de la gonadotrophine.<\/p>\n<p>Les injections du m\u00e9dicament sont effectu\u00e9es une fois par semaine \u00e0 une dose de 250 \u00e0 500 mg par voie intramusculaire (il est souhaitable d&rsquo;introduire Sustanon 250 dans les muscles fessiers).<\/p>\n<p>D\u00e8s la deuxi\u00e8me semaine du cycle, commencez \u00e0 prendre des inhibiteurs de l&rsquo;aromatase sous le contr\u00f4le de tests d&rsquo;oestrog\u00e8nes (utilisez g\u00e9n\u00e9ralement\u00a0Anastrozole\u00a0de 0,5\u00a0mg tous les deux jours). Arr\u00eatez ia 1-2 semaines apr\u00e8s la derni\u00e8re injection.<\/p>\n<p>Apr\u00e8s 3 semaines apr\u00e8s la derni\u00e8re injection, la\u00a0th\u00e9rapie post-cycle\u00a0commence, les boosters de testost\u00e9rone sont pris pendant 3-4 semaines pour restaurer la production de leur propre testost\u00e9rone.<\/p>\n<p>Pour une efficacit\u00e9 maximale du cycle, prenez un complexe de nutrition sportive pour prendre de la masse musculaire et suivez un r\u00e9gime pour prendre de la masse musculaire.<\/p>","protected":false},"excerpt":{"rendered":"<p>Sustanon 250 est un m\u00e9lange de diff\u00e9rents esters de testost\u00e9rone. Le produit comprend 4 formes de testost\u00e9rone : 30\u00a0mg &#8211;\u00a0Propionate<\/p>\n","protected":false},"featured_media":7528,"comment_status":"open","ping_status":"closed","template":"","meta":[],"product_brand":[],"product_cat":[69],"product_tag":[3481],"class_list":{"0":"post-7527","1":"product","2":"type-product","3":"status-publish","4":"has-post-thumbnail","6":"product_cat-esteroides_inyectables","7":"product_tag-sustanon","9":"first","10":"outofstock","11":"shipping-taxable","12":"purchasable","13":"product-type-simple"},"yoast_head":"<!-- This site is optimized with the Yoast SEO Premium plugin v24.4 (Yoast SEO v27.0) - https:\/\/yoast.com\/product\/yoast-seo-premium-wordpress\/ -->\n<title>SUSTENON \/SUSTANON\/TESTOSTERON MIX - (Espa\u00f1ol) Esteroides en l\u00ednea<\/title>\n<meta name=\"robots\" content=\"index, follow, max-snippet:-1, max-image-preview:large, max-video-preview:-1\" \/>\n<link rel=\"canonical\" href=\"https:\/\/iberoid.com\/fr\/product\/sustanon-generics-pharm\/\" \/>\n<meta property=\"og:locale\" content=\"fr_FR\" \/>\n<meta property=\"og:type\" content=\"article\" \/>\n<meta property=\"og:title\" content=\"SUSTENON \/SUSTANON\/TESTOSTERON MIX\" \/>\n<meta property=\"og:description\" content=\"Sustanon 250 est un m\u00e9lange de diff\u00e9rents esters de testost\u00e9rone. Le produit comprend 4 formes de testost\u00e9rone : 30\u00a0mg &#8211;\u00a0Propionate\" \/>\n<meta property=\"og:url\" content=\"https:\/\/iberoid.com\/fr\/product\/sustanon-generics-pharm\/\" \/>\n<meta property=\"og:site_name\" content=\"(Espa\u00f1ol) Esteroides en l\u00ednea\" \/>\n<meta property=\"article:modified_time\" content=\"2024-02-11T18:36:20+00:00\" \/>\n<meta property=\"og:image\" content=\"https:\/\/iberoid.com\/wp-content\/uploads\/2022\/04\/susta.jpg?v=1690929355\" \/>\n\t<meta property=\"og:image:width\" content=\"600\" \/>\n\t<meta property=\"og:image:height\" content=\"455\" \/>\n\t<meta property=\"og:image:type\" content=\"image\/jpeg\" \/>\n<meta name=\"twitter:card\" content=\"summary_large_image\" \/>\n<meta name=\"twitter:label1\" content=\"Prix\" \/>\n\t<meta name=\"twitter:data1\" content=\"&euro;40.00\" \/>\n\t<meta name=\"twitter:label2\" content=\"Disponibilit\u00e9\" \/>\n\t<meta name=\"twitter:data2\" content=\"Rupture de stock\" \/>\n<script type=\"application\/ld+json\" class=\"yoast-schema-graph\">{\"@context\":\"https:\/\/schema.org\",\"@graph\":[{\"@type\":\"WebPage\",\"@id\":\"https:\/\/iberoid.com\/fr\/product\/sustanon-generics-pharm\/\",\"url\":\"https:\/\/iberoid.com\/fr\/product\/sustanon-generics-pharm\/\",\"name\":\"SUSTENON \/SUSTANON\/TESTOSTERON MIX - (Espa\u00f1ol) Esteroides en l\u00ednea\",\"isPartOf\":{\"@id\":\"https:\/\/iberoid.com\/fr\/#website\"},\"primaryImageOfPage\":{\"@id\":\"https:\/\/iberoid.com\/fr\/product\/sustanon-generics-pharm\/#primaryimage\"},\"image\":{\"@id\":\"https:\/\/iberoid.com\/fr\/product\/sustanon-generics-pharm\/#primaryimage\"},\"thumbnailUrl\":\"https:\/\/iberoid.com\/wp-content\/uploads\/2022\/04\/susta.jpg?v=1690929355\",\"datePublished\":\"2022-04-02T14:29:15+00:00\",\"dateModified\":\"2024-02-11T18:36:20+00:00\",\"breadcrumb\":{\"@id\":\"https:\/\/iberoid.com\/fr\/product\/sustanon-generics-pharm\/#breadcrumb\"},\"inLanguage\":\"fr-FR\",\"potentialAction\":[{\"@type\":\"ReadAction\",\"target\":[[\"https:\/\/iberoid.com\/fr\/product\/sustanon-generics-pharm\/\"]]}]},{\"@type\":\"ImageObject\",\"inLanguage\":\"fr-FR\",\"@id\":\"https:\/\/iberoid.com\/fr\/product\/sustanon-generics-pharm\/#primaryimage\",\"url\":\"https:\/\/iberoid.com\/wp-content\/uploads\/2022\/04\/susta.jpg?v=1690929355\",\"contentUrl\":\"https:\/\/iberoid.com\/wp-content\/uploads\/2022\/04\/susta.jpg?v=1690929355\",\"width\":600,\"height\":455},{\"@type\":\"BreadcrumbList\",\"@id\":\"https:\/\/iberoid.com\/fr\/product\/sustanon-generics-pharm\/#breadcrumb\",\"itemListElement\":[{\"@type\":\"ListItem\",\"position\":1,\"name\":\"Portada\",\"item\":\"https:\/\/iberoid.com\/fr\/\"},{\"@type\":\"ListItem\",\"position\":2,\"name\":\"Magasin\",\"item\":\"https:\/\/iberoid.com\/fr\/shop\/\"},{\"@type\":\"ListItem\",\"position\":3,\"name\":\"SUSTENON \/SUSTANON\/TESTOSTERON MIX\"}]},{\"@type\":\"WebSite\",\"@id\":\"https:\/\/iberoid.com\/fr\/#website\",\"url\":\"https:\/\/iberoid.com\/fr\/\",\"name\":\"(Espa\u00f1ol) Esteroides en l\u00ednea\",\"description\":\"(Espa\u00f1ol) Comprar esteroides en l\u00ednea hoy en Espa\u00f1a y Portugal. Tenemos el mejor servicio al cliente en la industria y los productos de la m\u00e1s alta calidad\",\"potentialAction\":[{\"@type\":\"SearchAction\",\"target\":{\"@type\":\"EntryPoint\",\"urlTemplate\":\"https:\/\/iberoid.com\/fr\/?s={search_term_string}\"},\"query-input\":{\"@type\":\"PropertyValueSpecification\",\"valueRequired\":true,\"valueName\":\"search_term_string\"}}],\"inLanguage\":\"fr-FR\"}]}<\/script>\n<meta property=\"product:brand\" content=\"Generics Pharma\" \/>\n<meta property=\"product:price:amount\" content=\"40.00\" \/>\n<meta property=\"product:price:currency\" content=\"EUR\" \/>\n<meta property=\"og:availability\" content=\"out of stock\" \/>\n<meta property=\"product:availability\" content=\"out of stock\" \/>\n<meta property=\"product:condition\" content=\"new\" \/>\n<!-- \/ Yoast SEO Premium plugin. -->","yoast_head_json":{"title":"SUSTENON \/SUSTANON\/TESTOSTERON MIX - (Espa\u00f1ol) Esteroides en l\u00ednea","robots":{"index":"index","follow":"follow","max-snippet":"max-snippet:-1","max-image-preview":"max-image-preview:large","max-video-preview":"max-video-preview:-1"},"canonical":"https:\/\/iberoid.com\/fr\/product\/sustanon-generics-pharm\/","og_locale":"fr_FR","og_type":"article","og_title":"SUSTENON \/SUSTANON\/TESTOSTERON MIX","og_description":"Sustanon 250 est un m\u00e9lange de diff\u00e9rents esters de testost\u00e9rone. Le produit comprend 4 formes de testost\u00e9rone : 30\u00a0mg &#8211;\u00a0Propionate","og_url":"https:\/\/iberoid.com\/fr\/product\/sustanon-generics-pharm\/","og_site_name":"(Espa\u00f1ol) Esteroides en l\u00ednea","article_modified_time":"2024-02-11T18:36:20+00:00","og_image":[{"width":600,"height":455,"url":"https:\/\/iberoid.com\/wp-content\/uploads\/2022\/04\/susta.jpg?v=1690929355","type":"image\/jpeg"}],"twitter_card":"summary_large_image","twitter_misc":{"Prix":"&euro;40.00","Disponibilit\u00e9":"Rupture de stock"},"schema":{"@context":"https:\/\/schema.org","@graph":[{"@type":"WebPage","@id":"https:\/\/iberoid.com\/fr\/product\/sustanon-generics-pharm\/","url":"https:\/\/iberoid.com\/fr\/product\/sustanon-generics-pharm\/","name":"SUSTENON \/SUSTANON\/TESTOSTERON MIX - (Espa\u00f1ol) Esteroides en l\u00ednea","isPartOf":{"@id":"https:\/\/iberoid.com\/fr\/#website"},"primaryImageOfPage":{"@id":"https:\/\/iberoid.com\/fr\/product\/sustanon-generics-pharm\/#primaryimage"},"image":{"@id":"https:\/\/iberoid.com\/fr\/product\/sustanon-generics-pharm\/#primaryimage"},"thumbnailUrl":"https:\/\/iberoid.com\/wp-content\/uploads\/2022\/04\/susta.jpg?v=1690929355","datePublished":"2022-04-02T14:29:15+00:00","dateModified":"2024-02-11T18:36:20+00:00","breadcrumb":{"@id":"https:\/\/iberoid.com\/fr\/product\/sustanon-generics-pharm\/#breadcrumb"},"inLanguage":"fr-FR","potentialAction":[{"@type":"ReadAction","target":[["https:\/\/iberoid.com\/fr\/product\/sustanon-generics-pharm\/"]]}]},{"@type":"ImageObject","inLanguage":"fr-FR","@id":"https:\/\/iberoid.com\/fr\/product\/sustanon-generics-pharm\/#primaryimage","url":"https:\/\/iberoid.com\/wp-content\/uploads\/2022\/04\/susta.jpg?v=1690929355","contentUrl":"https:\/\/iberoid.com\/wp-content\/uploads\/2022\/04\/susta.jpg?v=1690929355","width":600,"height":455},{"@type":"BreadcrumbList","@id":"https:\/\/iberoid.com\/fr\/product\/sustanon-generics-pharm\/#breadcrumb","itemListElement":[{"@type":"ListItem","position":1,"name":"Portada","item":"https:\/\/iberoid.com\/fr\/"},{"@type":"ListItem","position":2,"name":"Magasin","item":"https:\/\/iberoid.com\/fr\/shop\/"},{"@type":"ListItem","position":3,"name":"SUSTENON \/SUSTANON\/TESTOSTERON MIX"}]},{"@type":"WebSite","@id":"https:\/\/iberoid.com\/fr\/#website","url":"https:\/\/iberoid.com\/fr\/","name":"(Espa\u00f1ol) Esteroides en l\u00ednea","description":"(Espa\u00f1ol) Comprar esteroides en l\u00ednea hoy en Espa\u00f1a y Portugal. Tenemos el mejor servicio al cliente en la industria y los productos de la m\u00e1s alta calidad","potentialAction":[{"@type":"SearchAction","target":{"@type":"EntryPoint","urlTemplate":"https:\/\/iberoid.com\/fr\/?s={search_term_string}"},"query-input":{"@type":"PropertyValueSpecification","valueRequired":true,"valueName":"search_term_string"}}],"inLanguage":"fr-FR"}]},"product_brand":"Generics Pharma","product_price_amount":"40.00","product_price_currency":"EUR","og_availability":"out of stock","product_availability":"out of stock","product_condition":"new"},"_links":{"self":[{"href":"https:\/\/iberoid.com\/fr\/wp-json\/wp\/v2\/product\/7527","targetHints":{"allow":["GET"]}}],"collection":[{"href":"https:\/\/iberoid.com\/fr\/wp-json\/wp\/v2\/product"}],"about":[{"href":"https:\/\/iberoid.com\/fr\/wp-json\/wp\/v2\/types\/product"}],"replies":[{"embeddable":true,"href":"https:\/\/iberoid.com\/fr\/wp-json\/wp\/v2\/comments?post=7527"}],"wp:featuredmedia":[{"embeddable":true,"href":"https:\/\/iberoid.com\/fr\/wp-json\/wp\/v2\/media\/7528"}],"wp:attachment":[{"href":"https:\/\/iberoid.com\/fr\/wp-json\/wp\/v2\/media?parent=7527"}],"wp:term":[{"taxonomy":"product_brand","embeddable":true,"href":"https:\/\/iberoid.com\/fr\/wp-json\/wp\/v2\/product_brand?post=7527"},{"taxonomy":"product_cat","embeddable":true,"href":"https:\/\/iberoid.com\/fr\/wp-json\/wp\/v2\/product_cat?post=7527"},{"taxonomy":"product_tag","embeddable":true,"href":"https:\/\/iberoid.com\/fr\/wp-json\/wp\/v2\/product_tag?post=7527"}],"curies":[{"name":"wp","href":"https:\/\/api.w.org\/{rel}","templated":true}]}}