{"id":7671,"date":"2022-05-18T11:34:57","date_gmt":"2022-05-18T11:34:57","guid":{"rendered":"https:\/\/iberoid.com\/?post_type=product&#038;p=7671"},"modified":"2026-02-18T17:20:22","modified_gmt":"2026-02-18T17:20:22","slug":"7671","status":"publish","type":"product","link":"https:\/\/iberoid.com\/fr\/product\/7671\/","title":{"rendered":"PACK3 TESTOGED E PREMIUM\/testosteron enanthate\/EPF"},"content":{"rendered":"<p>L&rsquo;\u00e9nanthate de testost\u00e9rone est une forme injectable \u00e0 action lente de la testost\u00e9rone androg\u00e8ne. Apr\u00e8s une injection intramusculaire profonde, le m\u00e9dicament est con\u00e7u pour fournir une lib\u00e9ration prolong\u00e9e de testost\u00e9rone dans la circulation sanguine pendant environ 2 \u00e0 3 semaines. Afin de maintenir des niveaux physiologiques normaux de testost\u00e9rone pendant les th\u00e9rapies de remplacement des androg\u00e8nes, des injections d&rsquo;\u00e9nanthate de testost\u00e9rone sont g\u00e9n\u00e9ralement n\u00e9cessaires au moins toutes les deux semaines, bien que des m\u00e9decins plus m\u00e9ticuleux administrent le m\u00e9dicament chaque semaine. Comme avec tous les injectables de testost\u00e9rone, l&rsquo;\u00e9nanthate de testost\u00e9rone est tr\u00e8s appr\u00e9ci\u00e9 des athl\u00e8tes pour sa capacit\u00e9 \u00e0 favoriser de fortes augmentations de la masse musculaire et de la force.<\/p>","protected":false},"excerpt":{"rendered":"<p>L&rsquo;\u00e9nanthate de testost\u00e9rone est une forme injectable \u00e0 action lente de la testost\u00e9rone androg\u00e8ne. Apr\u00e8s une injection intramusculaire profonde, le<\/p>\n","protected":false},"featured_media":9264,"comment_status":"open","ping_status":"closed","template":"","meta":[],"product_brand":[],"product_cat":[3474],"product_tag":[],"class_list":{"0":"post-7671","1":"product","2":"type-product","3":"status-publish","4":"has-post-thumbnail","6":"product_cat-packs","8":"first","9":"instock","10":"sale","11":"shipping-taxable","12":"purchasable","13":"product-type-simple"},"yoast_head":"<!-- This site is optimized with the Yoast SEO Premium plugin v24.4 (Yoast SEO v27.0) - https:\/\/yoast.com\/product\/yoast-seo-premium-wordpress\/ -->\n<title>PACK3 TESTOGED E PREMIUM\/testosteron enanthate\/EPF - (Espa\u00f1ol) Esteroides en l\u00ednea<\/title>\n<meta name=\"robots\" content=\"index, follow, max-snippet:-1, max-image-preview:large, max-video-preview:-1\" \/>\n<link rel=\"canonical\" href=\"https:\/\/iberoid.com\/fr\/product\/7671\/\" \/>\n<meta property=\"og:locale\" content=\"fr_FR\" \/>\n<meta property=\"og:type\" content=\"article\" \/>\n<meta property=\"og:title\" content=\"PACK3 TESTOGED E PREMIUM\/testosteron enanthate\/EPF\" \/>\n<meta property=\"og:description\" content=\"L&rsquo;\u00e9nanthate de testost\u00e9rone est une forme injectable \u00e0 action lente de la testost\u00e9rone androg\u00e8ne. Apr\u00e8s une injection intramusculaire profonde, le\" \/>\n<meta property=\"og:url\" content=\"https:\/\/iberoid.com\/fr\/product\/7671\/\" \/>\n<meta property=\"og:site_name\" content=\"(Espa\u00f1ol) Esteroides en l\u00ednea\" \/>\n<meta property=\"article:modified_time\" content=\"2026-02-18T17:20:22+00:00\" \/>\n<meta property=\"og:image\" content=\"https:\/\/iberoid.com\/wp-content\/uploads\/2022\/05\/TE-2.jpg?v=1709930092\" \/>\n\t<meta property=\"og:image:width\" content=\"1080\" \/>\n\t<meta property=\"og:image:height\" content=\"1080\" \/>\n\t<meta property=\"og:image:type\" content=\"image\/jpeg\" \/>\n<meta name=\"twitter:card\" content=\"summary_large_image\" \/>\n<meta name=\"twitter:label1\" content=\"Prix\" \/>\n\t<meta name=\"twitter:data1\" content=\"&euro;55.00\" \/>\n\t<meta name=\"twitter:label2\" content=\"Disponibilit\u00e9\" \/>\n\t<meta name=\"twitter:data2\" content=\"En stock\" \/>\n<script type=\"application\/ld+json\" class=\"yoast-schema-graph\">{\"@context\":\"https:\/\/schema.org\",\"@graph\":[{\"@type\":\"WebPage\",\"@id\":\"https:\/\/iberoid.com\/fr\/product\/7671\/\",\"url\":\"https:\/\/iberoid.com\/fr\/product\/7671\/\",\"name\":\"PACK3 TESTOGED E PREMIUM\/testosteron enanthate\/EPF - (Espa\u00f1ol) Esteroides en l\u00ednea\",\"isPartOf\":{\"@id\":\"https:\/\/iberoid-shop.com\/#website\"},\"primaryImageOfPage\":{\"@id\":\"https:\/\/iberoid.com\/fr\/product\/7671\/#primaryimage\"},\"image\":{\"@id\":\"https:\/\/iberoid.com\/fr\/product\/7671\/#primaryimage\"},\"thumbnailUrl\":\"https:\/\/iberoid.com\/wp-content\/uploads\/2022\/05\/TE-2.jpg?v=1709930092\",\"datePublished\":\"2022-05-18T11:34:57+00:00\",\"dateModified\":\"2026-02-18T17:20:22+00:00\",\"breadcrumb\":{\"@id\":\"https:\/\/iberoid.com\/fr\/product\/7671\/#breadcrumb\"},\"inLanguage\":\"fr-FR\",\"potentialAction\":[{\"@type\":\"ReadAction\",\"target\":[[\"https:\/\/iberoid.com\/fr\/product\/7671\/\"]]}]},{\"@type\":\"ImageObject\",\"inLanguage\":\"fr-FR\",\"@id\":\"https:\/\/iberoid.com\/fr\/product\/7671\/#primaryimage\",\"url\":\"https:\/\/iberoid.com\/wp-content\/uploads\/2022\/05\/TE-2.jpg?v=1709930092\",\"contentUrl\":\"https:\/\/iberoid.com\/wp-content\/uploads\/2022\/05\/TE-2.jpg?v=1709930092\",\"width\":1080,\"height\":1080,\"caption\":\"TESTOGED E\"},{\"@type\":\"BreadcrumbList\",\"@id\":\"https:\/\/iberoid.com\/fr\/product\/7671\/#breadcrumb\",\"itemListElement\":[{\"@type\":\"ListItem\",\"position\":1,\"name\":\"Portada\",\"item\":\"https:\/\/iberoid.com\/fr\/\"},{\"@type\":\"ListItem\",\"position\":2,\"name\":\"Magasin\",\"item\":\"https:\/\/iberoid.com\/fr\/shop\/\"},{\"@type\":\"ListItem\",\"position\":3,\"name\":\"PACK3 TESTOGED E PREMIUM\/testosteron enanthate\/EPF\"}]},{\"@type\":\"WebSite\",\"@id\":\"https:\/\/iberoid-shop.com\/#website\",\"url\":\"https:\/\/iberoid-shop.com\/\",\"name\":\"(Espa\u00f1ol) Esteroides en l\u00ednea\",\"description\":\"(Espa\u00f1ol) Comprar esteroides en l\u00ednea hoy en Espa\u00f1a y Portugal. Tenemos el mejor servicio al cliente en la industria y los productos de la m\u00e1s alta calidad\",\"potentialAction\":[{\"@type\":\"SearchAction\",\"target\":{\"@type\":\"EntryPoint\",\"urlTemplate\":\"https:\/\/iberoid-shop.com\/?s={search_term_string}\"},\"query-input\":{\"@type\":\"PropertyValueSpecification\",\"valueRequired\":true,\"valueName\":\"search_term_string\"}}],\"inLanguage\":\"fr-FR\"}]}<\/script>\n<meta property=\"product:brand\" content=\"Euro Prime Pharmaceuticals (EPF)\" \/>\n<meta property=\"product:price:amount\" content=\"55.00\" \/>\n<meta property=\"product:price:currency\" content=\"EUR\" \/>\n<meta property=\"og:availability\" content=\"instock\" \/>\n<meta property=\"product:availability\" content=\"instock\" \/>\n<meta property=\"product:condition\" content=\"new\" \/>\n<!-- \/ Yoast SEO Premium plugin. -->","yoast_head_json":{"title":"PACK3 TESTOGED E PREMIUM\/testosteron enanthate\/EPF - (Espa\u00f1ol) Esteroides en l\u00ednea","robots":{"index":"index","follow":"follow","max-snippet":"max-snippet:-1","max-image-preview":"max-image-preview:large","max-video-preview":"max-video-preview:-1"},"canonical":"https:\/\/iberoid.com\/fr\/product\/7671\/","og_locale":"fr_FR","og_type":"article","og_title":"PACK3 TESTOGED E PREMIUM\/testosteron enanthate\/EPF","og_description":"L&rsquo;\u00e9nanthate de testost\u00e9rone est une forme injectable \u00e0 action lente de la testost\u00e9rone androg\u00e8ne. Apr\u00e8s une injection intramusculaire profonde, le","og_url":"https:\/\/iberoid.com\/fr\/product\/7671\/","og_site_name":"(Espa\u00f1ol) Esteroides en l\u00ednea","article_modified_time":"2026-02-18T17:20:22+00:00","og_image":[{"width":1080,"height":1080,"url":"https:\/\/iberoid.com\/wp-content\/uploads\/2022\/05\/TE-2.jpg?v=1709930092","type":"image\/jpeg"}],"twitter_card":"summary_large_image","twitter_misc":{"Prix":"&euro;55.00","Disponibilit\u00e9":"En stock"},"schema":{"@context":"https:\/\/schema.org","@graph":[{"@type":"WebPage","@id":"https:\/\/iberoid.com\/fr\/product\/7671\/","url":"https:\/\/iberoid.com\/fr\/product\/7671\/","name":"PACK3 TESTOGED E PREMIUM\/testosteron enanthate\/EPF - (Espa\u00f1ol) Esteroides en l\u00ednea","isPartOf":{"@id":"https:\/\/iberoid-shop.com\/#website"},"primaryImageOfPage":{"@id":"https:\/\/iberoid.com\/fr\/product\/7671\/#primaryimage"},"image":{"@id":"https:\/\/iberoid.com\/fr\/product\/7671\/#primaryimage"},"thumbnailUrl":"https:\/\/iberoid.com\/wp-content\/uploads\/2022\/05\/TE-2.jpg?v=1709930092","datePublished":"2022-05-18T11:34:57+00:00","dateModified":"2026-02-18T17:20:22+00:00","breadcrumb":{"@id":"https:\/\/iberoid.com\/fr\/product\/7671\/#breadcrumb"},"inLanguage":"fr-FR","potentialAction":[{"@type":"ReadAction","target":[["https:\/\/iberoid.com\/fr\/product\/7671\/"]]}]},{"@type":"ImageObject","inLanguage":"fr-FR","@id":"https:\/\/iberoid.com\/fr\/product\/7671\/#primaryimage","url":"https:\/\/iberoid.com\/wp-content\/uploads\/2022\/05\/TE-2.jpg?v=1709930092","contentUrl":"https:\/\/iberoid.com\/wp-content\/uploads\/2022\/05\/TE-2.jpg?v=1709930092","width":1080,"height":1080,"caption":"TESTOGED E"},{"@type":"BreadcrumbList","@id":"https:\/\/iberoid.com\/fr\/product\/7671\/#breadcrumb","itemListElement":[{"@type":"ListItem","position":1,"name":"Portada","item":"https:\/\/iberoid.com\/fr\/"},{"@type":"ListItem","position":2,"name":"Magasin","item":"https:\/\/iberoid.com\/fr\/shop\/"},{"@type":"ListItem","position":3,"name":"PACK3 TESTOGED E PREMIUM\/testosteron enanthate\/EPF"}]},{"@type":"WebSite","@id":"https:\/\/iberoid-shop.com\/#website","url":"https:\/\/iberoid-shop.com\/","name":"(Espa\u00f1ol) Esteroides en l\u00ednea","description":"(Espa\u00f1ol) Comprar esteroides en l\u00ednea hoy en Espa\u00f1a y Portugal. Tenemos el mejor servicio al cliente en la industria y los productos de la m\u00e1s alta calidad","potentialAction":[{"@type":"SearchAction","target":{"@type":"EntryPoint","urlTemplate":"https:\/\/iberoid-shop.com\/?s={search_term_string}"},"query-input":{"@type":"PropertyValueSpecification","valueRequired":true,"valueName":"search_term_string"}}],"inLanguage":"fr-FR"}]},"product_brand":"Euro Prime Pharmaceuticals (EPF)","product_price_amount":"55.00","product_price_currency":"EUR","og_availability":"instock","product_availability":"instock","product_condition":"new"},"_links":{"self":[{"href":"https:\/\/iberoid.com\/fr\/wp-json\/wp\/v2\/product\/7671","targetHints":{"allow":["GET"]}}],"collection":[{"href":"https:\/\/iberoid.com\/fr\/wp-json\/wp\/v2\/product"}],"about":[{"href":"https:\/\/iberoid.com\/fr\/wp-json\/wp\/v2\/types\/product"}],"replies":[{"embeddable":true,"href":"https:\/\/iberoid.com\/fr\/wp-json\/wp\/v2\/comments?post=7671"}],"wp:featuredmedia":[{"embeddable":true,"href":"https:\/\/iberoid.com\/fr\/wp-json\/wp\/v2\/media\/9264"}],"wp:attachment":[{"href":"https:\/\/iberoid.com\/fr\/wp-json\/wp\/v2\/media?parent=7671"}],"wp:term":[{"taxonomy":"product_brand","embeddable":true,"href":"https:\/\/iberoid.com\/fr\/wp-json\/wp\/v2\/product_brand?post=7671"},{"taxonomy":"product_cat","embeddable":true,"href":"https:\/\/iberoid.com\/fr\/wp-json\/wp\/v2\/product_cat?post=7671"},{"taxonomy":"product_tag","embeddable":true,"href":"https:\/\/iberoid.com\/fr\/wp-json\/wp\/v2\/product_tag?post=7671"}],"curies":[{"name":"wp","href":"https:\/\/api.w.org\/{rel}","templated":true}]}}