{"id":7688,"date":"2022-05-22T13:40:54","date_gmt":"2022-05-22T13:40:54","guid":{"rendered":"https:\/\/iberoid.com\/?post_type=product&#038;p=7688"},"modified":"2023-04-10T19:47:35","modified_gmt":"2023-04-10T19:47:35","slug":"jintropin-120-ui","status":"publish","type":"product","link":"https:\/\/iberoid.com\/fr\/product\/jintropin-120-ui\/","title":{"rendered":"JINTROPIN-120-UI"},"content":{"rendered":"<p>JINTROPIN-120-UI, GH (hormone de croissance humaine) est une hormone naturelle s\u00e9cr\u00e9t\u00e9e par l&rsquo;hypophyse d&rsquo;une personne. Elle est aussi appel\u00e9e somatropine. HGH est s\u00e9cr\u00e9t\u00e9e tout au long de la vie d&rsquo;une personne et est responsable du bon fonctionnement du corps humain. Les niveaux de HGH culminent \u00e0 l&rsquo;\u00e2ge adulte pendant la pubert\u00e9 et jouent un r\u00f4le important dans la taille d&rsquo;une personne. La croissance des os longs et du cartilage dans notre corps est d\u00e9clench\u00e9e en raison de la production de HGH. L&rsquo;augmentation des niveaux de HGH conduit \u00e0 la croissance rapide des os longs de notre corps, ce qui d\u00e9termine directement notre taille. Des niveaux anormalement \u00e9lev\u00e9s de HGH dans le corps peuvent conduire au gigantisme, o\u00f9 la personne sera anormalement grande, tandis que de tr\u00e8s faibles niveaux de HGH peuvent conduire au nanisme, o\u00f9 la personne sera anormalement petite.<\/p>\n<p>Avantages de Jintropin HGH :<\/p>\n<p>L&rsquo;hormone de croissance a \u00e9t\u00e9 \u00e9tudi\u00e9e dans divers essais cliniques sur des animaux et des humains, mais MayoClinic.com note qu&rsquo;il n&rsquo;y a pas beaucoup de preuves pour montrer que l&rsquo;HGH peut aider des adultes autrement en bonne sant\u00e9 \u00e0 retrouver leur jeunesse et leur vitalit\u00e9. Cependant, HGH pr\u00e9sente des avantages si vous avez un v\u00e9ritable d\u00e9ficit en hormone de croissance sans rapport avec le vieillissement. Cette condition est rare, souvent caus\u00e9e par une tumeur hypophysaire, et HGH aide \u00e0 augmenter la densit\u00e9 osseuse, la masse musculaire et la capacit\u00e9 d&rsquo;exercice tout en diminuant la graisse corporelle chez ces patients. L&rsquo;hormone de croissance humaine est \u00e9galement approuv\u00e9e pour le traitement de la fonte musculaire chez les patients atteints du VIH ou du SIDA.<\/p>\n<p>Effets secondaires:<\/p>\n<p>Si vous \u00eates un adulte en bonne sant\u00e9 et que vous prenez Jintropin ou un autre produit \u00e0 base d&rsquo;hormone de croissance humaine, vous pouvez pr\u00e9senter un syndrome du canal carpien, un gonflement des bras et des jambes, des douleurs articulaires et musculaires ou une hypertrophie du tissu mammaire masculin, appel\u00e9e gyn\u00e9comastie. HGH peut \u00e9galement \u00eatre un facteur contribuant au d\u00e9veloppement du diab\u00e8te et des maladies cardiaques. L&rsquo;hormone de croissance humaine peut entra\u00eener une affection connue sous le nom d&rsquo;acrom\u00e9galie, une croissance anormale des mains et des pieds. L&rsquo;utilisation de HGH chez les enfants a \u00e9galement \u00e9t\u00e9 associ\u00e9e \u00e0 un risque plus \u00e9lev\u00e9 de cancer ces derni\u00e8res ann\u00e9es.<\/p>\n<p>Identification:<\/p>\n<p>Jintropin a \u00e9t\u00e9 d\u00e9velopp\u00e9 par le scientifique chinois Dr Lei Jin, qui l&rsquo;a nomm\u00e9 d&rsquo;apr\u00e8s lui-m\u00eame. Il a \u00e9t\u00e9 cr\u00e9\u00e9 \u00e0 l&rsquo;aide de la technologie de l&rsquo;ADN recombinant \u00e0 partir d&rsquo;un processus m\u00e9tabolique trouv\u00e9 dans la bact\u00e9rie E. coli et poss\u00e8de la m\u00eame s\u00e9quence d&rsquo;acides amin\u00e9s que l&rsquo;hormone de croissance humaine native, ou HGH, produite dans le corps. L&rsquo;HGH est une hormone importante s\u00e9cr\u00e9t\u00e9e par l&rsquo;hypophyse qui stimule la croissance musculaire et osseuse, aide \u00e0 r\u00e9guler le m\u00e9tabolisme et influence le plaisir sexuel. La production de HGH ralentit avec le vieillissement.<\/p>\n<p>Dosage:<br \/>\nHommes 4-6IU \/jour<br \/>\nFemmes 2U \/ jour<br \/>\nP\u00e9riode 3-6 mois<br \/>\nAu moins 3 mois<\/p>","protected":false},"excerpt":{"rendered":"<p>JINTROPIN-120-UI, GH (hormone de croissance humaine) est une hormone naturelle s\u00e9cr\u00e9t\u00e9e par l&rsquo;hypophyse d&rsquo;une personne. Elle est aussi appel\u00e9e somatropine.<\/p>\n","protected":false},"featured_media":7689,"comment_status":"open","ping_status":"closed","template":"","meta":[],"product_brand":[],"product_cat":[76],"product_tag":[],"class_list":{"0":"post-7688","1":"product","2":"type-product","3":"status-publish","4":"has-post-thumbnail","6":"product_cat-hgh_peptido","8":"first","9":"outofstock","10":"sale","11":"shipping-taxable","12":"purchasable","13":"product-type-simple"},"yoast_head":"<!-- This site is optimized with the Yoast SEO Premium plugin v24.4 (Yoast SEO v27.0) - https:\/\/yoast.com\/product\/yoast-seo-premium-wordpress\/ -->\n<title>JINTROPIN-120-UI - (Espa\u00f1ol) Esteroides en l\u00ednea<\/title>\n<meta name=\"robots\" content=\"index, follow, max-snippet:-1, max-image-preview:large, max-video-preview:-1\" \/>\n<link rel=\"canonical\" href=\"https:\/\/iberoid-shop.com\/product\/jintropin-120-ui\/\" \/>\n<meta property=\"og:locale\" content=\"fr_FR\" \/>\n<meta property=\"og:type\" content=\"article\" \/>\n<meta property=\"og:title\" content=\"JINTROPIN-120-UI\" \/>\n<meta property=\"og:description\" content=\"JINTROPIN-120-UI, GH (hormone de croissance humaine) est une hormone naturelle s\u00e9cr\u00e9t\u00e9e par l&rsquo;hypophyse d&rsquo;une personne. Elle est aussi appel\u00e9e somatropine.\" \/>\n<meta property=\"og:url\" content=\"https:\/\/iberoid-shop.com\/product\/jintropin-120-ui\/\" \/>\n<meta property=\"og:site_name\" content=\"(Espa\u00f1ol) Esteroides en l\u00ednea\" \/>\n<meta property=\"article:modified_time\" content=\"2023-04-10T19:47:35+00:00\" \/>\n<meta property=\"og:image\" content=\"https:\/\/iberoid-shop.com\/wp-content\/uploads\/2022\/05\/Jintropin-12-iu.jpg?v=1678119890\" \/>\n\t<meta property=\"og:image:width\" content=\"500\" \/>\n\t<meta property=\"og:image:height\" content=\"500\" \/>\n\t<meta property=\"og:image:type\" content=\"image\/jpeg\" \/>\n<meta name=\"twitter:card\" content=\"summary_large_image\" \/>\n<meta name=\"twitter:label1\" content=\"Prix\" \/>\n\t<meta name=\"twitter:data1\" content=\"&euro;100.00\" \/>\n\t<meta name=\"twitter:label2\" content=\"Disponibilit\u00e9\" \/>\n\t<meta name=\"twitter:data2\" content=\"Rupture de stock\" \/>\n<script type=\"application\/ld+json\" class=\"yoast-schema-graph\">{\"@context\":\"https:\/\/schema.org\",\"@graph\":[{\"@type\":\"WebPage\",\"@id\":\"https:\/\/iberoid-shop.com\/product\/jintropin-120-ui\/\",\"url\":\"https:\/\/iberoid-shop.com\/product\/jintropin-120-ui\/\",\"name\":\"JINTROPIN-120-UI - (Espa\u00f1ol) Esteroides en l\u00ednea\",\"isPartOf\":{\"@id\":\"https:\/\/iberoid-shop.com\/#website\"},\"primaryImageOfPage\":{\"@id\":\"https:\/\/iberoid-shop.com\/product\/jintropin-120-ui\/#primaryimage\"},\"image\":{\"@id\":\"https:\/\/iberoid-shop.com\/product\/jintropin-120-ui\/#primaryimage\"},\"thumbnailUrl\":\"https:\/\/iberoid.com\/wp-content\/uploads\/2022\/05\/Jintropin-12-iu.jpg?v=1678119890\",\"datePublished\":\"2022-05-22T13:40:54+00:00\",\"dateModified\":\"2023-04-10T19:47:35+00:00\",\"breadcrumb\":{\"@id\":\"https:\/\/iberoid-shop.com\/product\/jintropin-120-ui\/#breadcrumb\"},\"inLanguage\":\"fr-FR\",\"potentialAction\":[{\"@type\":\"ReadAction\",\"target\":[[\"https:\/\/iberoid-shop.com\/product\/jintropin-120-ui\/\"]]}]},{\"@type\":\"ImageObject\",\"inLanguage\":\"fr-FR\",\"@id\":\"https:\/\/iberoid-shop.com\/product\/jintropin-120-ui\/#primaryimage\",\"url\":\"https:\/\/iberoid.com\/wp-content\/uploads\/2022\/05\/Jintropin-12-iu.jpg?v=1678119890\",\"contentUrl\":\"https:\/\/iberoid.com\/wp-content\/uploads\/2022\/05\/Jintropin-12-iu.jpg?v=1678119890\",\"width\":500,\"height\":500},{\"@type\":\"BreadcrumbList\",\"@id\":\"https:\/\/iberoid-shop.com\/product\/jintropin-120-ui\/#breadcrumb\",\"itemListElement\":[{\"@type\":\"ListItem\",\"position\":1,\"name\":\"Portada\",\"item\":\"https:\/\/iberoid.com\/fr\/\"},{\"@type\":\"ListItem\",\"position\":2,\"name\":\"Magasin\",\"item\":\"https:\/\/iberoid.com\/fr\/shop\/\"},{\"@type\":\"ListItem\",\"position\":3,\"name\":\"JINTROPIN-120-UI\"}]},{\"@type\":\"WebSite\",\"@id\":\"https:\/\/iberoid-shop.com\/#website\",\"url\":\"https:\/\/iberoid-shop.com\/\",\"name\":\"(Espa\u00f1ol) Esteroides en l\u00ednea\",\"description\":\"(Espa\u00f1ol) Comprar esteroides en l\u00ednea hoy en Espa\u00f1a y Portugal. Tenemos el mejor servicio al cliente en la industria y los productos de la m\u00e1s alta calidad\",\"potentialAction\":[{\"@type\":\"SearchAction\",\"target\":{\"@type\":\"EntryPoint\",\"urlTemplate\":\"https:\/\/iberoid-shop.com\/?s={search_term_string}\"},\"query-input\":{\"@type\":\"PropertyValueSpecification\",\"valueRequired\":true,\"valueName\":\"search_term_string\"}}],\"inLanguage\":\"fr-FR\"}]}<\/script>\n<meta property=\"product:brand\" content=\"GeneScience Pharmaceuticals Ltd\" \/>\n<meta property=\"product:price:amount\" content=\"100.00\" \/>\n<meta property=\"product:price:currency\" content=\"EUR\" \/>\n<meta property=\"og:availability\" content=\"out of stock\" \/>\n<meta property=\"product:availability\" content=\"out of stock\" \/>\n<meta property=\"product:condition\" content=\"new\" \/>\n<!-- \/ Yoast SEO Premium plugin. -->","yoast_head_json":{"title":"JINTROPIN-120-UI - (Espa\u00f1ol) Esteroides en l\u00ednea","robots":{"index":"index","follow":"follow","max-snippet":"max-snippet:-1","max-image-preview":"max-image-preview:large","max-video-preview":"max-video-preview:-1"},"canonical":"https:\/\/iberoid-shop.com\/product\/jintropin-120-ui\/","og_locale":"fr_FR","og_type":"article","og_title":"JINTROPIN-120-UI","og_description":"JINTROPIN-120-UI, GH (hormone de croissance humaine) est une hormone naturelle s\u00e9cr\u00e9t\u00e9e par l&rsquo;hypophyse d&rsquo;une personne. Elle est aussi appel\u00e9e somatropine.","og_url":"https:\/\/iberoid-shop.com\/product\/jintropin-120-ui\/","og_site_name":"(Espa\u00f1ol) Esteroides en l\u00ednea","article_modified_time":"2023-04-10T19:47:35+00:00","og_image":[{"width":500,"height":500,"url":"https:\/\/iberoid-shop.com\/wp-content\/uploads\/2022\/05\/Jintropin-12-iu.jpg?v=1678119890","type":"image\/jpeg"}],"twitter_card":"summary_large_image","twitter_misc":{"Prix":"&euro;100.00","Disponibilit\u00e9":"Rupture de stock"},"schema":{"@context":"https:\/\/schema.org","@graph":[{"@type":"WebPage","@id":"https:\/\/iberoid-shop.com\/product\/jintropin-120-ui\/","url":"https:\/\/iberoid-shop.com\/product\/jintropin-120-ui\/","name":"JINTROPIN-120-UI - (Espa\u00f1ol) Esteroides en l\u00ednea","isPartOf":{"@id":"https:\/\/iberoid-shop.com\/#website"},"primaryImageOfPage":{"@id":"https:\/\/iberoid-shop.com\/product\/jintropin-120-ui\/#primaryimage"},"image":{"@id":"https:\/\/iberoid-shop.com\/product\/jintropin-120-ui\/#primaryimage"},"thumbnailUrl":"https:\/\/iberoid.com\/wp-content\/uploads\/2022\/05\/Jintropin-12-iu.jpg?v=1678119890","datePublished":"2022-05-22T13:40:54+00:00","dateModified":"2023-04-10T19:47:35+00:00","breadcrumb":{"@id":"https:\/\/iberoid-shop.com\/product\/jintropin-120-ui\/#breadcrumb"},"inLanguage":"fr-FR","potentialAction":[{"@type":"ReadAction","target":[["https:\/\/iberoid-shop.com\/product\/jintropin-120-ui\/"]]}]},{"@type":"ImageObject","inLanguage":"fr-FR","@id":"https:\/\/iberoid-shop.com\/product\/jintropin-120-ui\/#primaryimage","url":"https:\/\/iberoid.com\/wp-content\/uploads\/2022\/05\/Jintropin-12-iu.jpg?v=1678119890","contentUrl":"https:\/\/iberoid.com\/wp-content\/uploads\/2022\/05\/Jintropin-12-iu.jpg?v=1678119890","width":500,"height":500},{"@type":"BreadcrumbList","@id":"https:\/\/iberoid-shop.com\/product\/jintropin-120-ui\/#breadcrumb","itemListElement":[{"@type":"ListItem","position":1,"name":"Portada","item":"https:\/\/iberoid.com\/fr\/"},{"@type":"ListItem","position":2,"name":"Magasin","item":"https:\/\/iberoid.com\/fr\/shop\/"},{"@type":"ListItem","position":3,"name":"JINTROPIN-120-UI"}]},{"@type":"WebSite","@id":"https:\/\/iberoid-shop.com\/#website","url":"https:\/\/iberoid-shop.com\/","name":"(Espa\u00f1ol) Esteroides en l\u00ednea","description":"(Espa\u00f1ol) Comprar esteroides en l\u00ednea hoy en Espa\u00f1a y Portugal. Tenemos el mejor servicio al cliente en la industria y los productos de la m\u00e1s alta calidad","potentialAction":[{"@type":"SearchAction","target":{"@type":"EntryPoint","urlTemplate":"https:\/\/iberoid-shop.com\/?s={search_term_string}"},"query-input":{"@type":"PropertyValueSpecification","valueRequired":true,"valueName":"search_term_string"}}],"inLanguage":"fr-FR"}]},"product_brand":"GeneScience Pharmaceuticals Ltd","product_price_amount":"100.00","product_price_currency":"EUR","og_availability":"out of stock","product_availability":"out of stock","product_condition":"new"},"_links":{"self":[{"href":"https:\/\/iberoid.com\/fr\/wp-json\/wp\/v2\/product\/7688","targetHints":{"allow":["GET"]}}],"collection":[{"href":"https:\/\/iberoid.com\/fr\/wp-json\/wp\/v2\/product"}],"about":[{"href":"https:\/\/iberoid.com\/fr\/wp-json\/wp\/v2\/types\/product"}],"replies":[{"embeddable":true,"href":"https:\/\/iberoid.com\/fr\/wp-json\/wp\/v2\/comments?post=7688"}],"wp:featuredmedia":[{"embeddable":true,"href":"https:\/\/iberoid.com\/fr\/wp-json\/wp\/v2\/media\/7689"}],"wp:attachment":[{"href":"https:\/\/iberoid.com\/fr\/wp-json\/wp\/v2\/media?parent=7688"}],"wp:term":[{"taxonomy":"product_brand","embeddable":true,"href":"https:\/\/iberoid.com\/fr\/wp-json\/wp\/v2\/product_brand?post=7688"},{"taxonomy":"product_cat","embeddable":true,"href":"https:\/\/iberoid.com\/fr\/wp-json\/wp\/v2\/product_cat?post=7688"},{"taxonomy":"product_tag","embeddable":true,"href":"https:\/\/iberoid.com\/fr\/wp-json\/wp\/v2\/product_tag?post=7688"}],"curies":[{"name":"wp","href":"https:\/\/api.w.org\/{rel}","templated":true}]}}