{"id":7717,"date":"2022-06-04T12:38:43","date_gmt":"2022-06-04T12:38:43","guid":{"rendered":"https:\/\/iberoid.com\/?post_type=product&#038;p=7717"},"modified":"2023-03-21T14:03:55","modified_gmt":"2023-03-21T14:03:55","slug":"testosterona-depot-galenika-10-ampollas","status":"publish","type":"product","link":"https:\/\/iberoid.com\/fr\/product\/testosterona-depot-galenika-10-ampollas\/","title":{"rendered":"Testosterona Depot &#8211; Galenika- 5 ampollas"},"content":{"rendered":"<p>Testost\u00e9rone Depo Galenika (250 mg\/ml) 1 ml<\/p>\n<p>Testosteron Depo Galenika (250 mg \/ ml) 1 ml \u2013 un m\u00e9dicament hormonal synth\u00e9tique, dont l&rsquo;objectif principal est le d\u00e9veloppement et la croissance de l&rsquo;athl\u00e8te muscl\u00e9.<\/p>\n<p>Testost\u00e9rone &#8211; l&rsquo;hormone sexuelle masculine. Il est tr\u00e8s important dans le sport, notamment la musculation. Par cons\u00e9quent, de nombreux athl\u00e8tes dans le but d&rsquo;acc\u00e9l\u00e9rer la croissance de l&rsquo;hormone synth\u00e9tique testost\u00e9rone tissu musculaire pris.<\/p>\n<p>Le m\u00e9dicament est rapidement absorb\u00e9 dans le sang et a un effet prononc\u00e9 sur les propri\u00e9t\u00e9s du corps.<\/p>\n<p>Lorsque les taux sanguins de testost\u00e9rone synth\u00e9tique sont utilis\u00e9s, ils peuvent fluctuer consid\u00e9rablement. Ceci est principalement d\u00fb \u00e0 la testost\u00e9rone naturelle et p\u00e9n\u00e8tre dans le corps de l&rsquo;ext\u00e9rieur.<\/p>\n<p>Cours de testost\u00e9rone<\/p>\n<p>Bien s\u00fbr, recevoir le m\u00e9dicament recommand\u00e9 par de nombreux experts dure 3 \u00e0 4 semaines.<\/p>\n<p>Si le m\u00e9dicament est sous forme d&rsquo;injections, vous devez \u00eatre administr\u00e9 dans la fesse ou le c\u00f4t\u00e9 externe de la cuisse. Ne pas injecter le m\u00e9dicament par voie intraveineuse.<\/p>\n<p>La plupart des bodybuilders restent sur 4 \u00e0 6 semaines, puis font une pause obligatoire.<\/p>\n<p>Dosage de testost\u00e9rone<\/p>\n<p>La dose optimale de m\u00e9dicament \u2013 \u200b\u200b50 mg par jour.<\/p>\n<p>la pr\u00e9paration la plus pr\u00e9f\u00e9r\u00e9e sous la forme d&rsquo;injections, comme sous la forme d&rsquo;une absorption rapide du m\u00e9dicament dans le sang.<\/p>\n<p>Pour un ensemble de masse musculaire, la testost\u00e9rone est bien combin\u00e9e avec Anadrol, Dianabol, nandrolone, trenbolone.<\/p>\n<p>Des exemples de telles doses peuvent \u00eatre de 250 mg par semaine de nandrolone. N&rsquo;oubliez pas l&rsquo;utilisation d&rsquo;anti-oestrog\u00e8nes.<\/p>\n<p>Pour le \u00ab\u00a0corps qui s\u00e8che\u00a0\u00bb, vous pouvez utiliser Winstrol ou Anavar \u00e0 fortes doses.<\/p>","protected":false},"excerpt":{"rendered":"<p>Testost\u00e9rone Depo Galenika (250 mg\/ml) 1 ml Testosteron Depo Galenika (250 mg \/ ml) 1 ml \u2013 un m\u00e9dicament hormonal<\/p>\n","protected":false},"featured_media":7718,"comment_status":"open","ping_status":"closed","template":"","meta":[],"product_brand":[],"product_cat":[69],"product_tag":[],"class_list":{"0":"post-7717","1":"product","2":"type-product","3":"status-publish","4":"has-post-thumbnail","6":"product_cat-esteroides_inyectables","8":"first","9":"outofstock","10":"sale","11":"shipping-taxable","12":"purchasable","13":"product-type-simple"},"yoast_head":"<!-- This site is optimized with the Yoast SEO Premium plugin v24.4 (Yoast SEO v27.3) - https:\/\/yoast.com\/product\/yoast-seo-premium-wordpress\/ -->\n<title>Testosterona Depot - Galenika- 5 ampollas - (Espa\u00f1ol) Esteroides en l\u00ednea<\/title>\n<meta name=\"robots\" content=\"index, follow, max-snippet:-1, max-image-preview:large, max-video-preview:-1\" \/>\n<link rel=\"canonical\" href=\"https:\/\/iberoid.com\/fr\/product\/testosterona-depot-galenika-10-ampollas\/\" \/>\n<meta property=\"og:locale\" content=\"fr_FR\" \/>\n<meta property=\"og:type\" content=\"article\" \/>\n<meta property=\"og:title\" content=\"Testosterona Depot - Galenika- 5 ampollas\" \/>\n<meta property=\"og:description\" content=\"Testost\u00e9rone Depo Galenika (250 mg\/ml) 1 ml Testosteron Depo Galenika (250 mg \/ ml) 1 ml \u2013 un m\u00e9dicament hormonal\" \/>\n<meta property=\"og:url\" content=\"https:\/\/iberoid.com\/fr\/product\/testosterona-depot-galenika-10-ampollas\/\" \/>\n<meta property=\"og:site_name\" content=\"(Espa\u00f1ol) Esteroides en l\u00ednea\" \/>\n<meta property=\"article:modified_time\" content=\"2023-03-21T14:03:55+00:00\" \/>\n<meta property=\"og:image\" content=\"https:\/\/iberoid.com\/wp-content\/uploads\/2022\/06\/testosterona-depo-galenika.jpg?v=1678119889\" \/>\n\t<meta property=\"og:image:width\" content=\"600\" \/>\n\t<meta property=\"og:image:height\" content=\"400\" \/>\n\t<meta property=\"og:image:type\" content=\"image\/jpeg\" \/>\n<meta name=\"twitter:card\" content=\"summary_large_image\" \/>\n<meta name=\"twitter:label1\" content=\"Prix\" \/>\n\t<meta name=\"twitter:data1\" content=\"&euro;10.00\" \/>\n\t<meta name=\"twitter:label2\" content=\"Disponibilit\u00e9\" \/>\n\t<meta name=\"twitter:data2\" content=\"Rupture de stock\" \/>\n<script type=\"application\/ld+json\" class=\"yoast-schema-graph\">{\"@context\":\"https:\\\/\\\/schema.org\",\"@graph\":[{\"@type\":\"WebPage\",\"@id\":\"https:\\\/\\\/iberoid.com\\\/fr\\\/product\\\/testosterona-depot-galenika-10-ampollas\\\/\",\"url\":\"https:\\\/\\\/iberoid.com\\\/fr\\\/product\\\/testosterona-depot-galenika-10-ampollas\\\/\",\"name\":\"Testosterona Depot - Galenika- 5 ampollas - (Espa\u00f1ol) Esteroides en l\u00ednea\",\"isPartOf\":{\"@id\":\"https:\\\/\\\/iberoid.com\\\/fr\\\/#website\"},\"primaryImageOfPage\":{\"@id\":\"https:\\\/\\\/iberoid.com\\\/fr\\\/product\\\/testosterona-depot-galenika-10-ampollas\\\/#primaryimage\"},\"image\":{\"@id\":\"https:\\\/\\\/iberoid.com\\\/fr\\\/product\\\/testosterona-depot-galenika-10-ampollas\\\/#primaryimage\"},\"thumbnailUrl\":\"https:\\\/\\\/iberoid.com\\\/wp-content\\\/uploads\\\/2022\\\/06\\\/testosterona-depo-galenika.jpg?v=1678119889\",\"datePublished\":\"2022-06-04T12:38:43+00:00\",\"dateModified\":\"2023-03-21T14:03:55+00:00\",\"breadcrumb\":{\"@id\":\"https:\\\/\\\/iberoid.com\\\/fr\\\/product\\\/testosterona-depot-galenika-10-ampollas\\\/#breadcrumb\"},\"inLanguage\":\"fr-FR\",\"potentialAction\":[{\"@type\":\"ReadAction\",\"target\":[[\"https:\\\/\\\/iberoid.com\\\/fr\\\/product\\\/testosterona-depot-galenika-10-ampollas\\\/\"]]}]},{\"@type\":\"ImageObject\",\"inLanguage\":\"fr-FR\",\"@id\":\"https:\\\/\\\/iberoid.com\\\/fr\\\/product\\\/testosterona-depot-galenika-10-ampollas\\\/#primaryimage\",\"url\":\"https:\\\/\\\/iberoid.com\\\/wp-content\\\/uploads\\\/2022\\\/06\\\/testosterona-depo-galenika.jpg?v=1678119889\",\"contentUrl\":\"https:\\\/\\\/iberoid.com\\\/wp-content\\\/uploads\\\/2022\\\/06\\\/testosterona-depo-galenika.jpg?v=1678119889\",\"width\":600,\"height\":400},{\"@type\":\"BreadcrumbList\",\"@id\":\"https:\\\/\\\/iberoid.com\\\/fr\\\/product\\\/testosterona-depot-galenika-10-ampollas\\\/#breadcrumb\",\"itemListElement\":[{\"@type\":\"ListItem\",\"position\":1,\"name\":\"Portada\",\"item\":\"https:\\\/\\\/iberoid.com\\\/fr\\\/\"},{\"@type\":\"ListItem\",\"position\":2,\"name\":\"Magasin\",\"item\":\"https:\\\/\\\/iberoid.com\\\/fr\\\/shop\\\/\"},{\"@type\":\"ListItem\",\"position\":3,\"name\":\"Testosterona Depot &#8211; Galenika- 5 ampollas\"}]},{\"@type\":\"WebSite\",\"@id\":\"https:\\\/\\\/iberoid.com\\\/fr\\\/#website\",\"url\":\"https:\\\/\\\/iberoid.com\\\/fr\\\/\",\"name\":\"(Espa\u00f1ol) Esteroides en l\u00ednea\",\"description\":\"(Espa\u00f1ol) Comprar esteroides en l\u00ednea hoy en Espa\u00f1a y Portugal. Tenemos el mejor servicio al cliente en la industria y los productos de la m\u00e1s alta calidad\",\"potentialAction\":[{\"@type\":\"SearchAction\",\"target\":{\"@type\":\"EntryPoint\",\"urlTemplate\":\"https:\\\/\\\/iberoid.com\\\/fr\\\/?s={search_term_string}\"},\"query-input\":{\"@type\":\"PropertyValueSpecification\",\"valueRequired\":true,\"valueName\":\"search_term_string\"}}],\"inLanguage\":\"fr-FR\"}]}<\/script>\n<meta property=\"product:price:amount\" content=\"10.00\" \/>\n<meta property=\"product:price:currency\" content=\"EUR\" \/>\n<meta property=\"og:availability\" content=\"out of stock\" \/>\n<meta property=\"product:availability\" content=\"out of stock\" \/>\n<meta property=\"product:condition\" content=\"new\" \/>\n<!-- \/ Yoast SEO Premium plugin. -->","yoast_head_json":{"title":"Testosterona Depot - Galenika- 5 ampollas - (Espa\u00f1ol) Esteroides en l\u00ednea","robots":{"index":"index","follow":"follow","max-snippet":"max-snippet:-1","max-image-preview":"max-image-preview:large","max-video-preview":"max-video-preview:-1"},"canonical":"https:\/\/iberoid.com\/fr\/product\/testosterona-depot-galenika-10-ampollas\/","og_locale":"fr_FR","og_type":"article","og_title":"Testosterona Depot - Galenika- 5 ampollas","og_description":"Testost\u00e9rone Depo Galenika (250 mg\/ml) 1 ml Testosteron Depo Galenika (250 mg \/ ml) 1 ml \u2013 un m\u00e9dicament hormonal","og_url":"https:\/\/iberoid.com\/fr\/product\/testosterona-depot-galenika-10-ampollas\/","og_site_name":"(Espa\u00f1ol) Esteroides en l\u00ednea","article_modified_time":"2023-03-21T14:03:55+00:00","og_image":[{"width":600,"height":400,"url":"https:\/\/iberoid.com\/wp-content\/uploads\/2022\/06\/testosterona-depo-galenika.jpg?v=1678119889","type":"image\/jpeg"}],"twitter_card":"summary_large_image","twitter_misc":{"Prix":"&euro;10.00","Disponibilit\u00e9":"Rupture de stock"},"schema":{"@context":"https:\/\/schema.org","@graph":[{"@type":"WebPage","@id":"https:\/\/iberoid.com\/fr\/product\/testosterona-depot-galenika-10-ampollas\/","url":"https:\/\/iberoid.com\/fr\/product\/testosterona-depot-galenika-10-ampollas\/","name":"Testosterona Depot - Galenika- 5 ampollas - (Espa\u00f1ol) Esteroides en l\u00ednea","isPartOf":{"@id":"https:\/\/iberoid.com\/fr\/#website"},"primaryImageOfPage":{"@id":"https:\/\/iberoid.com\/fr\/product\/testosterona-depot-galenika-10-ampollas\/#primaryimage"},"image":{"@id":"https:\/\/iberoid.com\/fr\/product\/testosterona-depot-galenika-10-ampollas\/#primaryimage"},"thumbnailUrl":"https:\/\/iberoid.com\/wp-content\/uploads\/2022\/06\/testosterona-depo-galenika.jpg?v=1678119889","datePublished":"2022-06-04T12:38:43+00:00","dateModified":"2023-03-21T14:03:55+00:00","breadcrumb":{"@id":"https:\/\/iberoid.com\/fr\/product\/testosterona-depot-galenika-10-ampollas\/#breadcrumb"},"inLanguage":"fr-FR","potentialAction":[{"@type":"ReadAction","target":[["https:\/\/iberoid.com\/fr\/product\/testosterona-depot-galenika-10-ampollas\/"]]}]},{"@type":"ImageObject","inLanguage":"fr-FR","@id":"https:\/\/iberoid.com\/fr\/product\/testosterona-depot-galenika-10-ampollas\/#primaryimage","url":"https:\/\/iberoid.com\/wp-content\/uploads\/2022\/06\/testosterona-depo-galenika.jpg?v=1678119889","contentUrl":"https:\/\/iberoid.com\/wp-content\/uploads\/2022\/06\/testosterona-depo-galenika.jpg?v=1678119889","width":600,"height":400},{"@type":"BreadcrumbList","@id":"https:\/\/iberoid.com\/fr\/product\/testosterona-depot-galenika-10-ampollas\/#breadcrumb","itemListElement":[{"@type":"ListItem","position":1,"name":"Portada","item":"https:\/\/iberoid.com\/fr\/"},{"@type":"ListItem","position":2,"name":"Magasin","item":"https:\/\/iberoid.com\/fr\/shop\/"},{"@type":"ListItem","position":3,"name":"Testosterona Depot &#8211; Galenika- 5 ampollas"}]},{"@type":"WebSite","@id":"https:\/\/iberoid.com\/fr\/#website","url":"https:\/\/iberoid.com\/fr\/","name":"(Espa\u00f1ol) Esteroides en l\u00ednea","description":"(Espa\u00f1ol) Comprar esteroides en l\u00ednea hoy en Espa\u00f1a y Portugal. Tenemos el mejor servicio al cliente en la industria y los productos de la m\u00e1s alta calidad","potentialAction":[{"@type":"SearchAction","target":{"@type":"EntryPoint","urlTemplate":"https:\/\/iberoid.com\/fr\/?s={search_term_string}"},"query-input":{"@type":"PropertyValueSpecification","valueRequired":true,"valueName":"search_term_string"}}],"inLanguage":"fr-FR"}]},"product_price_amount":"10.00","product_price_currency":"EUR","og_availability":"out of stock","product_availability":"out of stock","product_condition":"new"},"_links":{"self":[{"href":"https:\/\/iberoid.com\/fr\/wp-json\/wp\/v2\/product\/7717","targetHints":{"allow":["GET"]}}],"collection":[{"href":"https:\/\/iberoid.com\/fr\/wp-json\/wp\/v2\/product"}],"about":[{"href":"https:\/\/iberoid.com\/fr\/wp-json\/wp\/v2\/types\/product"}],"replies":[{"embeddable":true,"href":"https:\/\/iberoid.com\/fr\/wp-json\/wp\/v2\/comments?post=7717"}],"wp:featuredmedia":[{"embeddable":true,"href":"https:\/\/iberoid.com\/fr\/wp-json\/wp\/v2\/media\/7718"}],"wp:attachment":[{"href":"https:\/\/iberoid.com\/fr\/wp-json\/wp\/v2\/media?parent=7717"}],"wp:term":[{"taxonomy":"product_brand","embeddable":true,"href":"https:\/\/iberoid.com\/fr\/wp-json\/wp\/v2\/product_brand?post=7717"},{"taxonomy":"product_cat","embeddable":true,"href":"https:\/\/iberoid.com\/fr\/wp-json\/wp\/v2\/product_cat?post=7717"},{"taxonomy":"product_tag","embeddable":true,"href":"https:\/\/iberoid.com\/fr\/wp-json\/wp\/v2\/product_tag?post=7717"}],"curies":[{"name":"wp","href":"https:\/\/api.w.org\/{rel}","templated":true}]}}