{"id":7725,"date":"2022-06-06T13:10:17","date_gmt":"2022-06-06T13:10:17","guid":{"rendered":"https:\/\/iberoid.com\/?post_type=product&#038;p=7725"},"modified":"2022-07-12T10:13:10","modified_gmt":"2022-07-12T10:13:10","slug":"oxandrolon-balkan-60-pastillas","status":"publish","type":"product","link":"https:\/\/iberoid.com\/fr\/product\/oxandrolon-balkan-60-pastillas\/","title":{"rendered":"OXANDROLON"},"content":{"rendered":"<p>Oxandrolon (anavar) est un st\u00e9ro\u00efde qui ne provoque presque aucun effet secondaire par rapport aux autres m\u00e9dicaments de ce secteur. Outre cette caract\u00e9ristique de ce st\u00e9ro\u00efde, il pr\u00e9sente de nombreux avantages lorsqu&rsquo;il est utilis\u00e9. Probablement la raison la plus importante pour laquelle il est pr\u00e9f\u00e9r\u00e9 est qu&rsquo;il ne cause aucun dommage au foie. En plus de cela, il ne fonctionne pas en accumulant de l&rsquo;eau sur les muscles comme le font les autres st\u00e9ro\u00efdes et n&rsquo;affecte pas l&rsquo;excr\u00e9tion hormonale du corps. Les avantages de ce st\u00e9ro\u00efde ne se limitent pas \u00e0 ceux-ci. Perdre de la graisse est le souhait de nombreuses personnes et Oxandrolone (anavar) peut \u00eatre pr\u00e9f\u00e9r\u00e9 par ces personnes en toute s\u00e9curit\u00e9 car il agit en r\u00e9duisant l&rsquo;app\u00e9tit afin que les utilisateurs ne perdent pas de poids soudainement et c&rsquo;est la voie saine. Ce st\u00e9ro\u00efde augmente \u00e9galement la force du corps de mani\u00e8re rapide et efficace, pour cette raison il est surtout pr\u00e9f\u00e9r\u00e9 par les athl\u00e8tes et autres sportifs et compar\u00e9 \u00e0 d&rsquo;autres st\u00e9ro\u00efdes, il ne provoque pas de diminution soudaine de la puissance et de la masse musculaire lors de l&rsquo;utilisation de ce est arr\u00eat\u00e9. Le dernier point \u00e0 pr\u00e9ciser est qu&rsquo;il ne provoque aucun effet secondaire chez les femmes, c&rsquo;est pourquoi il peut \u00eatre utilis\u00e9 en toute s\u00e9curit\u00e9 par elles.<\/p>","protected":false},"excerpt":{"rendered":"<p>Oxandrolon (anavar) est un st\u00e9ro\u00efde qui ne provoque presque aucun effet secondaire par rapport aux autres m\u00e9dicaments de ce secteur.<\/p>\n","protected":false},"featured_media":7726,"comment_status":"open","ping_status":"closed","template":"","meta":[],"product_brand":[],"product_cat":[73],"product_tag":[],"class_list":{"0":"post-7725","1":"product","2":"type-product","3":"status-publish","4":"has-post-thumbnail","6":"product_cat-ssteroides_orales","8":"first","9":"outofstock","10":"sale","11":"shipping-taxable","12":"purchasable","13":"product-type-simple"},"yoast_head":"<!-- This site is optimized with the Yoast SEO Premium plugin v24.4 (Yoast SEO v27.0) - https:\/\/yoast.com\/product\/yoast-seo-premium-wordpress\/ -->\n<title>OXANDROLON - (Espa\u00f1ol) Esteroides en l\u00ednea<\/title>\n<meta name=\"robots\" content=\"index, follow, max-snippet:-1, max-image-preview:large, max-video-preview:-1\" \/>\n<link rel=\"canonical\" href=\"https:\/\/iberoid.com\/fr\/product\/oxandrolon-balkan-60-pastillas\/\" \/>\n<meta property=\"og:locale\" content=\"fr_FR\" \/>\n<meta property=\"og:type\" content=\"article\" \/>\n<meta property=\"og:title\" content=\"OXANDROLON\" \/>\n<meta property=\"og:description\" content=\"Oxandrolon (anavar) est un st\u00e9ro\u00efde qui ne provoque presque aucun effet secondaire par rapport aux autres m\u00e9dicaments de ce secteur.\" \/>\n<meta property=\"og:url\" content=\"https:\/\/iberoid.com\/fr\/product\/oxandrolon-balkan-60-pastillas\/\" \/>\n<meta property=\"og:site_name\" content=\"(Espa\u00f1ol) Esteroides en l\u00ednea\" \/>\n<meta property=\"article:modified_time\" content=\"2022-07-12T10:13:10+00:00\" \/>\n<meta property=\"og:image\" content=\"https:\/\/iberoid.com\/wp-content\/uploads\/2022\/06\/oxandrolona.webp\" \/>\n\t<meta property=\"og:image:width\" content=\"1000\" \/>\n\t<meta property=\"og:image:height\" content=\"1000\" \/>\n\t<meta property=\"og:image:type\" content=\"image\/webp\" \/>\n<meta name=\"twitter:card\" content=\"summary_large_image\" \/>\n<meta name=\"twitter:label1\" content=\"Prix\" \/>\n\t<meta name=\"twitter:data1\" content=\"&euro;50.00\" \/>\n\t<meta name=\"twitter:label2\" content=\"Disponibilit\u00e9\" \/>\n\t<meta name=\"twitter:data2\" content=\"Rupture de stock\" \/>\n<script type=\"application\/ld+json\" class=\"yoast-schema-graph\">{\"@context\":\"https:\/\/schema.org\",\"@graph\":[{\"@type\":\"WebPage\",\"@id\":\"https:\/\/iberoid.com\/fr\/product\/oxandrolon-balkan-60-pastillas\/\",\"url\":\"https:\/\/iberoid.com\/fr\/product\/oxandrolon-balkan-60-pastillas\/\",\"name\":\"OXANDROLON - (Espa\u00f1ol) Esteroides en l\u00ednea\",\"isPartOf\":{\"@id\":\"https:\/\/iberoid.com\/fr\/#website\"},\"primaryImageOfPage\":{\"@id\":\"https:\/\/iberoid.com\/fr\/product\/oxandrolon-balkan-60-pastillas\/#primaryimage\"},\"image\":{\"@id\":\"https:\/\/iberoid.com\/fr\/product\/oxandrolon-balkan-60-pastillas\/#primaryimage\"},\"thumbnailUrl\":\"https:\/\/iberoid.com\/wp-content\/uploads\/2022\/06\/oxandrolona.webp\",\"datePublished\":\"2022-06-06T13:10:17+00:00\",\"dateModified\":\"2022-07-12T10:13:10+00:00\",\"breadcrumb\":{\"@id\":\"https:\/\/iberoid.com\/fr\/product\/oxandrolon-balkan-60-pastillas\/#breadcrumb\"},\"inLanguage\":\"fr-FR\",\"potentialAction\":[{\"@type\":\"ReadAction\",\"target\":[[\"https:\/\/iberoid.com\/fr\/product\/oxandrolon-balkan-60-pastillas\/\"]]}]},{\"@type\":\"ImageObject\",\"inLanguage\":\"fr-FR\",\"@id\":\"https:\/\/iberoid.com\/fr\/product\/oxandrolon-balkan-60-pastillas\/#primaryimage\",\"url\":\"https:\/\/iberoid.com\/wp-content\/uploads\/2022\/06\/oxandrolona.webp\",\"contentUrl\":\"https:\/\/iberoid.com\/wp-content\/uploads\/2022\/06\/oxandrolona.webp\",\"width\":1000,\"height\":1000},{\"@type\":\"BreadcrumbList\",\"@id\":\"https:\/\/iberoid.com\/fr\/product\/oxandrolon-balkan-60-pastillas\/#breadcrumb\",\"itemListElement\":[{\"@type\":\"ListItem\",\"position\":1,\"name\":\"Portada\",\"item\":\"https:\/\/iberoid.com\/fr\/\"},{\"@type\":\"ListItem\",\"position\":2,\"name\":\"Magasin\",\"item\":\"https:\/\/iberoid.com\/fr\/shop\/\"},{\"@type\":\"ListItem\",\"position\":3,\"name\":\"OXANDROLON\"}]},{\"@type\":\"WebSite\",\"@id\":\"https:\/\/iberoid.com\/fr\/#website\",\"url\":\"https:\/\/iberoid.com\/fr\/\",\"name\":\"(Espa\u00f1ol) Esteroides en l\u00ednea\",\"description\":\"(Espa\u00f1ol) Comprar esteroides en l\u00ednea hoy en Espa\u00f1a y Portugal. Tenemos el mejor servicio al cliente en la industria y los productos de la m\u00e1s alta calidad\",\"potentialAction\":[{\"@type\":\"SearchAction\",\"target\":{\"@type\":\"EntryPoint\",\"urlTemplate\":\"https:\/\/iberoid.com\/fr\/?s={search_term_string}\"},\"query-input\":{\"@type\":\"PropertyValueSpecification\",\"valueRequired\":true,\"valueName\":\"search_term_string\"}}],\"inLanguage\":\"fr-FR\"}]}<\/script>\n<meta property=\"product:brand\" content=\"Balkan Pharmaceuticals\" \/>\n<meta property=\"product:price:amount\" content=\"50.00\" \/>\n<meta property=\"product:price:currency\" content=\"EUR\" \/>\n<meta property=\"og:availability\" content=\"out of stock\" \/>\n<meta property=\"product:availability\" content=\"out of stock\" \/>\n<meta property=\"product:condition\" content=\"new\" \/>\n<!-- \/ Yoast SEO Premium plugin. -->","yoast_head_json":{"title":"OXANDROLON - (Espa\u00f1ol) Esteroides en l\u00ednea","robots":{"index":"index","follow":"follow","max-snippet":"max-snippet:-1","max-image-preview":"max-image-preview:large","max-video-preview":"max-video-preview:-1"},"canonical":"https:\/\/iberoid.com\/fr\/product\/oxandrolon-balkan-60-pastillas\/","og_locale":"fr_FR","og_type":"article","og_title":"OXANDROLON","og_description":"Oxandrolon (anavar) est un st\u00e9ro\u00efde qui ne provoque presque aucun effet secondaire par rapport aux autres m\u00e9dicaments de ce secteur.","og_url":"https:\/\/iberoid.com\/fr\/product\/oxandrolon-balkan-60-pastillas\/","og_site_name":"(Espa\u00f1ol) Esteroides en l\u00ednea","article_modified_time":"2022-07-12T10:13:10+00:00","og_image":[{"width":1000,"height":1000,"url":"https:\/\/iberoid.com\/wp-content\/uploads\/2022\/06\/oxandrolona.webp","type":"image\/webp"}],"twitter_card":"summary_large_image","twitter_misc":{"Prix":"&euro;50.00","Disponibilit\u00e9":"Rupture de stock"},"schema":{"@context":"https:\/\/schema.org","@graph":[{"@type":"WebPage","@id":"https:\/\/iberoid.com\/fr\/product\/oxandrolon-balkan-60-pastillas\/","url":"https:\/\/iberoid.com\/fr\/product\/oxandrolon-balkan-60-pastillas\/","name":"OXANDROLON - (Espa\u00f1ol) Esteroides en l\u00ednea","isPartOf":{"@id":"https:\/\/iberoid.com\/fr\/#website"},"primaryImageOfPage":{"@id":"https:\/\/iberoid.com\/fr\/product\/oxandrolon-balkan-60-pastillas\/#primaryimage"},"image":{"@id":"https:\/\/iberoid.com\/fr\/product\/oxandrolon-balkan-60-pastillas\/#primaryimage"},"thumbnailUrl":"https:\/\/iberoid.com\/wp-content\/uploads\/2022\/06\/oxandrolona.webp","datePublished":"2022-06-06T13:10:17+00:00","dateModified":"2022-07-12T10:13:10+00:00","breadcrumb":{"@id":"https:\/\/iberoid.com\/fr\/product\/oxandrolon-balkan-60-pastillas\/#breadcrumb"},"inLanguage":"fr-FR","potentialAction":[{"@type":"ReadAction","target":[["https:\/\/iberoid.com\/fr\/product\/oxandrolon-balkan-60-pastillas\/"]]}]},{"@type":"ImageObject","inLanguage":"fr-FR","@id":"https:\/\/iberoid.com\/fr\/product\/oxandrolon-balkan-60-pastillas\/#primaryimage","url":"https:\/\/iberoid.com\/wp-content\/uploads\/2022\/06\/oxandrolona.webp","contentUrl":"https:\/\/iberoid.com\/wp-content\/uploads\/2022\/06\/oxandrolona.webp","width":1000,"height":1000},{"@type":"BreadcrumbList","@id":"https:\/\/iberoid.com\/fr\/product\/oxandrolon-balkan-60-pastillas\/#breadcrumb","itemListElement":[{"@type":"ListItem","position":1,"name":"Portada","item":"https:\/\/iberoid.com\/fr\/"},{"@type":"ListItem","position":2,"name":"Magasin","item":"https:\/\/iberoid.com\/fr\/shop\/"},{"@type":"ListItem","position":3,"name":"OXANDROLON"}]},{"@type":"WebSite","@id":"https:\/\/iberoid.com\/fr\/#website","url":"https:\/\/iberoid.com\/fr\/","name":"(Espa\u00f1ol) Esteroides en l\u00ednea","description":"(Espa\u00f1ol) Comprar esteroides en l\u00ednea hoy en Espa\u00f1a y Portugal. Tenemos el mejor servicio al cliente en la industria y los productos de la m\u00e1s alta calidad","potentialAction":[{"@type":"SearchAction","target":{"@type":"EntryPoint","urlTemplate":"https:\/\/iberoid.com\/fr\/?s={search_term_string}"},"query-input":{"@type":"PropertyValueSpecification","valueRequired":true,"valueName":"search_term_string"}}],"inLanguage":"fr-FR"}]},"product_brand":"Balkan Pharmaceuticals","product_price_amount":"50.00","product_price_currency":"EUR","og_availability":"out of stock","product_availability":"out of stock","product_condition":"new"},"_links":{"self":[{"href":"https:\/\/iberoid.com\/fr\/wp-json\/wp\/v2\/product\/7725","targetHints":{"allow":["GET"]}}],"collection":[{"href":"https:\/\/iberoid.com\/fr\/wp-json\/wp\/v2\/product"}],"about":[{"href":"https:\/\/iberoid.com\/fr\/wp-json\/wp\/v2\/types\/product"}],"replies":[{"embeddable":true,"href":"https:\/\/iberoid.com\/fr\/wp-json\/wp\/v2\/comments?post=7725"}],"wp:featuredmedia":[{"embeddable":true,"href":"https:\/\/iberoid.com\/fr\/wp-json\/wp\/v2\/media\/7726"}],"wp:attachment":[{"href":"https:\/\/iberoid.com\/fr\/wp-json\/wp\/v2\/media?parent=7725"}],"wp:term":[{"taxonomy":"product_brand","embeddable":true,"href":"https:\/\/iberoid.com\/fr\/wp-json\/wp\/v2\/product_brand?post=7725"},{"taxonomy":"product_cat","embeddable":true,"href":"https:\/\/iberoid.com\/fr\/wp-json\/wp\/v2\/product_cat?post=7725"},{"taxonomy":"product_tag","embeddable":true,"href":"https:\/\/iberoid.com\/fr\/wp-json\/wp\/v2\/product_tag?post=7725"}],"curies":[{"name":"wp","href":"https:\/\/api.w.org\/{rel}","templated":true}]}}