{"id":7833,"date":"2022-07-17T11:37:06","date_gmt":"2022-07-17T11:37:06","guid":{"rendered":"https:\/\/iberoid.com\/?post_type=product&#038;p=7833"},"modified":"2025-12-04T17:47:16","modified_gmt":"2025-12-04T17:47:16","slug":"clenbuterol-inyectable-100mcg-10ampollas","status":"publish","type":"product","link":"https:\/\/iberoid.com\/fr\/product\/clenbuterol-inyectable-100mcg-10ampollas\/","title":{"rendered":"CLENBUTEROL"},"content":{"rendered":"<p><\/p>\n<h1 class=\"product_title entry-title\">Clenbuterol<\/h1>\n<p>Injectable CLENBUTEROL-100 MCG\/10 AMPOULES<\/p>\n<p><strong>Qu&rsquo;est-ce que le clenbut\u00e9rol ?<\/strong><\/p>\n<p>Le clenbut\u00e9rol est une substance qui a des effets semblables \u00e0 ceux des st\u00e9ro\u00efdes et qui est class\u00e9e comme un agoniste b\u00eata2-adr\u00e9nergique. Cela signifie qu&rsquo;il stimule les r\u00e9cepteurs b\u00eata2-adr\u00e9nergiques dans votre gorge. Le m\u00e9dicament aide \u00e0 d\u00e9tendre vos muscles et vos poumons, ce qui facilite la respiration si vous souffrez d&rsquo;asthme ou d&rsquo;une autre affection respiratoire. Il peut rester dans votre corps jusqu&rsquo;\u00e0 39 heures apr\u00e8s l&rsquo;avoir pris.<\/p>\n<p><strong>Clenbuterol pour la musculation<\/strong><\/p>\n<p>Cependant, le clenbut\u00e9rol &#8211; \u00e9galement appel\u00e9 clen &#8211; est abus\u00e9 par les athl\u00e8tes et les culturistes pour sa capacit\u00e9 \u00e0 br\u00fbler les graisses. Les m\u00eames r\u00e9cepteurs qui sont activ\u00e9s lors de la prise de clenbut\u00e9rol pour l&rsquo;asthme aident \u00e9galement \u00e0 br\u00fbler les graisses et \u00e0 augmenter la masse musculaire maigre. Les athl\u00e8tes qui utilisent quotidiennement le clenbut\u00e9rol prennent g\u00e9n\u00e9ralement 60 \u00e0 120 milligrammes par jour. Normalement, cela est pris en combinaison avec d&rsquo;autres m\u00e9dicaments am\u00e9liorant la performance ou des st\u00e9ro\u00efdes anabolisants.\u200c<\/p>\n<p>Le clenbut\u00e9rol augmente la temp\u00e9rature de votre corps gr\u00e2ce \u00e0 un processus appel\u00e9 thermogen\u00e8se. Une fois que votre temp\u00e9rature corporelle est \u00e9lev\u00e9e, votre m\u00e9tabolisme est alors amorc\u00e9 pour br\u00fbler plus de calories. \u00c9tant donn\u00e9 que la graisse est stock\u00e9e dans le corps sous forme d&rsquo;\u00e9nergie, votre corps peut utiliser les calories que vous avez d\u00e9j\u00e0 stock\u00e9es. Cela peut r\u00e9duire votre graisse corporelle et r\u00e9duire votre poids total.\u200c<\/p>\n<p>&nbsp;<\/p>\n<p>Parce que le clenbut\u00e9rol est un bronchodilatateur, il ouvre vos voies respiratoires lorsque vous le prenez. Ceci est utile pour ceux qui souffrent d&rsquo;asthme. Pour les athl\u00e8tes, cela leur permet d&rsquo;augmenter leur endurance en ayant plus de flux d&rsquo;air se d\u00e9pla\u00e7ant autour du corps. Plus d&rsquo;oxyg\u00e8ne est disponible, vous pouvez donc \u00eatre plus performant et plus performant.<\/p>\n<p><strong>Avantages de l&rsquo;utilisation du clenbut\u00e9rol<\/strong><\/p>\n<p>Moins d&rsquo;effets secondaires androg\u00e9niques. On pense que le clenbut\u00e9rol est plus populaire que les st\u00e9ro\u00efdes anabolisants chez les culturistes f\u00e9minines car il y a moins d&rsquo;effets secondaires androg\u00e8nes. Les st\u00e9ro\u00efdes provoquent g\u00e9n\u00e9ralement des effets secondaires comme une augmentation de la pilosit\u00e9 faciale ou l&rsquo;approfondissement de votre voix. Le clenbut\u00e9rol n&rsquo;est pas connu pour en \u00eatre la cause.\u200c<\/p>\n<p>Perte de poids rapide. Comme indiqu\u00e9, le clenbut\u00e9rol agit en augmentant votre m\u00e9tabolisme, vous aidant \u00e0 br\u00fbler les graisses. Une \u00e9tude a impliqu\u00e9 deux groupes d&rsquo;hommes en surpoids soumis au m\u00eame r\u00e9gime strict. Un groupe a re\u00e7u du clenbut\u00e9rol et un autre non. En dix semaines, le groupe qui a re\u00e7u du clenbut\u00e9rol a perdu en moyenne 11,4 kg de graisse et le groupe t\u00e9moin a perdu 8,7 kg de graisse. \u200c<\/p>\n<p>Suppression de l&rsquo;app\u00e9tit. De nombreux bodybuilders comptent sur le clenbut\u00e9rol avant une performance ou une comp\u00e9tition \u00e0 venir pour \u00e9liminer l&rsquo;exc\u00e8s de graisse. Un effet secondaire de ce m\u00e9dicament est qu&rsquo;il aide \u00e0 r\u00e9duire votre app\u00e9tit afin que vous absorbiez moins de calories. Cependant, tout le monde ne ressent pas cet effet.<\/p>\n<p><strong>Risques et effets secondaires<\/strong><\/p>\n<p>De nombreux athl\u00e8tes et culturistes utilisent le clenbut\u00e9rol pour ses bienfaits, mais il existe plusieurs effets secondaires dangereux dont il faut \u00eatre conscient.<\/p>\n<p>Certains des effets secondaires les plus courants incluent :<\/p>\n<ul>\n<li>Palpitations cardiaques<\/li>\n<li>Tremblements<\/li>\n<li>Augmentation de la fr\u00e9quence cardiaque (tachycardie)<\/li>\n<li>Abaissement du potassium sanguin (hypokali\u00e9mie)<\/li>\n<li>Glyc\u00e9mie \u00e9lev\u00e9e (hyperglyc\u00e9mie)<\/li>\n<li>anxi\u00e9t\u00e9<\/li>\n<li>agitation<\/li>\n<li>transpiration<\/li>\n<li>crise cardiaque<\/li>\n<li>Se sentir chaud ou ti\u00e8de<\/li>\n<li>insomnie<\/li>\n<li>crampes musculaires<\/li>\n<\/ul>\n<p>Vous \u00eates plus susceptible d&rsquo;avoir ces effets secondaires si vous prenez des doses plus \u00e9lev\u00e9es de clenbut\u00e9rol pour obtenir ses effets de perte de poids. \u00c9tant donn\u00e9 que ce m\u00e9dicament reste dans votre corps pendant un certain temps, vous pourriez avoir des effets secondaires de un \u00e0 huit jours.<\/p>","protected":false},"excerpt":{"rendered":"<p>Clenbuterol Injectable CLENBUTEROL-100 MCG\/10 AMPOULES Qu&rsquo;est-ce que le clenbut\u00e9rol ? Le clenbut\u00e9rol est une substance qui a des effets semblables<\/p>\n","protected":false},"featured_media":7834,"comment_status":"open","ping_status":"closed","template":"","meta":[],"product_brand":[],"product_cat":[69],"product_tag":[],"class_list":{"0":"post-7833","1":"product","2":"type-product","3":"status-publish","4":"has-post-thumbnail","6":"product_cat-esteroides_inyectables","8":"first","9":"outofstock","10":"shipping-taxable","11":"purchasable","12":"product-type-simple"},"yoast_head":"<!-- This site is optimized with the Yoast SEO Premium plugin v24.4 (Yoast SEO v27.3) - https:\/\/yoast.com\/product\/yoast-seo-premium-wordpress\/ -->\n<title>CLENBUTEROL - (Espa\u00f1ol) Esteroides en l\u00ednea<\/title>\n<meta name=\"robots\" content=\"index, follow, max-snippet:-1, max-image-preview:large, max-video-preview:-1\" \/>\n<link rel=\"canonical\" href=\"https:\/\/iberoid.com\/fr\/product\/clenbuterol-inyectable-100mcg-10ampollas\/\" \/>\n<meta property=\"og:locale\" content=\"fr_FR\" \/>\n<meta property=\"og:type\" content=\"article\" \/>\n<meta property=\"og:title\" content=\"CLENBUTEROL\" \/>\n<meta property=\"og:description\" content=\"Clenbuterol Injectable CLENBUTEROL-100 MCG\/10 AMPOULES Qu&rsquo;est-ce que le clenbut\u00e9rol ? Le clenbut\u00e9rol est une substance qui a des effets semblables\" \/>\n<meta property=\"og:url\" content=\"https:\/\/iberoid.com\/fr\/product\/clenbuterol-inyectable-100mcg-10ampollas\/\" \/>\n<meta property=\"og:site_name\" content=\"(Espa\u00f1ol) Esteroides en l\u00ednea\" \/>\n<meta property=\"article:modified_time\" content=\"2025-12-04T17:47:16+00:00\" \/>\n<meta property=\"og:image\" content=\"https:\/\/iberoid.com\/wp-content\/uploads\/2022\/07\/CLN.jpg?v=1694094346\" \/>\n\t<meta property=\"og:image:width\" content=\"600\" \/>\n\t<meta property=\"og:image:height\" content=\"400\" \/>\n\t<meta property=\"og:image:type\" content=\"image\/jpeg\" \/>\n<meta name=\"twitter:card\" content=\"summary_large_image\" \/>\n<meta name=\"twitter:label1\" content=\"Prix\" \/>\n\t<meta name=\"twitter:data1\" content=\"&euro;30.00\" \/>\n\t<meta name=\"twitter:label2\" content=\"Disponibilit\u00e9\" \/>\n\t<meta name=\"twitter:data2\" content=\"Rupture de stock\" \/>\n<script type=\"application\/ld+json\" class=\"yoast-schema-graph\">{\"@context\":\"https:\\\/\\\/schema.org\",\"@graph\":[{\"@type\":\"WebPage\",\"@id\":\"https:\\\/\\\/iberoid.com\\\/fr\\\/product\\\/clenbuterol-inyectable-100mcg-10ampollas\\\/\",\"url\":\"https:\\\/\\\/iberoid.com\\\/fr\\\/product\\\/clenbuterol-inyectable-100mcg-10ampollas\\\/\",\"name\":\"CLENBUTEROL - (Espa\u00f1ol) Esteroides en l\u00ednea\",\"isPartOf\":{\"@id\":\"https:\\\/\\\/iberoid.com\\\/fr\\\/#website\"},\"primaryImageOfPage\":{\"@id\":\"https:\\\/\\\/iberoid.com\\\/fr\\\/product\\\/clenbuterol-inyectable-100mcg-10ampollas\\\/#primaryimage\"},\"image\":{\"@id\":\"https:\\\/\\\/iberoid.com\\\/fr\\\/product\\\/clenbuterol-inyectable-100mcg-10ampollas\\\/#primaryimage\"},\"thumbnailUrl\":\"https:\\\/\\\/iberoid.com\\\/wp-content\\\/uploads\\\/2022\\\/07\\\/CLN.jpg?v=1694094346\",\"datePublished\":\"2022-07-17T11:37:06+00:00\",\"dateModified\":\"2025-12-04T17:47:16+00:00\",\"breadcrumb\":{\"@id\":\"https:\\\/\\\/iberoid.com\\\/fr\\\/product\\\/clenbuterol-inyectable-100mcg-10ampollas\\\/#breadcrumb\"},\"inLanguage\":\"fr-FR\",\"potentialAction\":[{\"@type\":\"ReadAction\",\"target\":[[\"https:\\\/\\\/iberoid.com\\\/fr\\\/product\\\/clenbuterol-inyectable-100mcg-10ampollas\\\/\"]]}]},{\"@type\":\"ImageObject\",\"inLanguage\":\"fr-FR\",\"@id\":\"https:\\\/\\\/iberoid.com\\\/fr\\\/product\\\/clenbuterol-inyectable-100mcg-10ampollas\\\/#primaryimage\",\"url\":\"https:\\\/\\\/iberoid.com\\\/wp-content\\\/uploads\\\/2022\\\/07\\\/CLN.jpg?v=1694094346\",\"contentUrl\":\"https:\\\/\\\/iberoid.com\\\/wp-content\\\/uploads\\\/2022\\\/07\\\/CLN.jpg?v=1694094346\",\"width\":600,\"height\":400},{\"@type\":\"BreadcrumbList\",\"@id\":\"https:\\\/\\\/iberoid.com\\\/fr\\\/product\\\/clenbuterol-inyectable-100mcg-10ampollas\\\/#breadcrumb\",\"itemListElement\":[{\"@type\":\"ListItem\",\"position\":1,\"name\":\"Portada\",\"item\":\"https:\\\/\\\/iberoid.com\\\/fr\\\/\"},{\"@type\":\"ListItem\",\"position\":2,\"name\":\"Magasin\",\"item\":\"https:\\\/\\\/iberoid.com\\\/fr\\\/shop\\\/\"},{\"@type\":\"ListItem\",\"position\":3,\"name\":\"CLENBUTEROL\"}]},{\"@type\":\"WebSite\",\"@id\":\"https:\\\/\\\/iberoid.com\\\/fr\\\/#website\",\"url\":\"https:\\\/\\\/iberoid.com\\\/fr\\\/\",\"name\":\"(Espa\u00f1ol) Esteroides en l\u00ednea\",\"description\":\"(Espa\u00f1ol) Comprar esteroides en l\u00ednea hoy en Espa\u00f1a y Portugal. Tenemos el mejor servicio al cliente en la industria y los productos de la m\u00e1s alta calidad\",\"potentialAction\":[{\"@type\":\"SearchAction\",\"target\":{\"@type\":\"EntryPoint\",\"urlTemplate\":\"https:\\\/\\\/iberoid.com\\\/fr\\\/?s={search_term_string}\"},\"query-input\":{\"@type\":\"PropertyValueSpecification\",\"valueRequired\":true,\"valueName\":\"search_term_string\"}}],\"inLanguage\":\"fr-FR\"}]}<\/script>\n<meta property=\"product:brand\" content=\"Pharma Gen\" \/>\n<meta property=\"product:price:amount\" content=\"30.00\" \/>\n<meta property=\"product:price:currency\" content=\"EUR\" \/>\n<meta property=\"og:availability\" content=\"out of stock\" \/>\n<meta property=\"product:availability\" content=\"out of stock\" \/>\n<meta property=\"product:condition\" content=\"new\" \/>\n<!-- \/ Yoast SEO Premium plugin. -->","yoast_head_json":{"title":"CLENBUTEROL - (Espa\u00f1ol) Esteroides en l\u00ednea","robots":{"index":"index","follow":"follow","max-snippet":"max-snippet:-1","max-image-preview":"max-image-preview:large","max-video-preview":"max-video-preview:-1"},"canonical":"https:\/\/iberoid.com\/fr\/product\/clenbuterol-inyectable-100mcg-10ampollas\/","og_locale":"fr_FR","og_type":"article","og_title":"CLENBUTEROL","og_description":"Clenbuterol Injectable CLENBUTEROL-100 MCG\/10 AMPOULES Qu&rsquo;est-ce que le clenbut\u00e9rol ? Le clenbut\u00e9rol est une substance qui a des effets semblables","og_url":"https:\/\/iberoid.com\/fr\/product\/clenbuterol-inyectable-100mcg-10ampollas\/","og_site_name":"(Espa\u00f1ol) Esteroides en l\u00ednea","article_modified_time":"2025-12-04T17:47:16+00:00","og_image":[{"width":600,"height":400,"url":"https:\/\/iberoid.com\/wp-content\/uploads\/2022\/07\/CLN.jpg?v=1694094346","type":"image\/jpeg"}],"twitter_card":"summary_large_image","twitter_misc":{"Prix":"&euro;30.00","Disponibilit\u00e9":"Rupture de stock"},"schema":{"@context":"https:\/\/schema.org","@graph":[{"@type":"WebPage","@id":"https:\/\/iberoid.com\/fr\/product\/clenbuterol-inyectable-100mcg-10ampollas\/","url":"https:\/\/iberoid.com\/fr\/product\/clenbuterol-inyectable-100mcg-10ampollas\/","name":"CLENBUTEROL - (Espa\u00f1ol) Esteroides en l\u00ednea","isPartOf":{"@id":"https:\/\/iberoid.com\/fr\/#website"},"primaryImageOfPage":{"@id":"https:\/\/iberoid.com\/fr\/product\/clenbuterol-inyectable-100mcg-10ampollas\/#primaryimage"},"image":{"@id":"https:\/\/iberoid.com\/fr\/product\/clenbuterol-inyectable-100mcg-10ampollas\/#primaryimage"},"thumbnailUrl":"https:\/\/iberoid.com\/wp-content\/uploads\/2022\/07\/CLN.jpg?v=1694094346","datePublished":"2022-07-17T11:37:06+00:00","dateModified":"2025-12-04T17:47:16+00:00","breadcrumb":{"@id":"https:\/\/iberoid.com\/fr\/product\/clenbuterol-inyectable-100mcg-10ampollas\/#breadcrumb"},"inLanguage":"fr-FR","potentialAction":[{"@type":"ReadAction","target":[["https:\/\/iberoid.com\/fr\/product\/clenbuterol-inyectable-100mcg-10ampollas\/"]]}]},{"@type":"ImageObject","inLanguage":"fr-FR","@id":"https:\/\/iberoid.com\/fr\/product\/clenbuterol-inyectable-100mcg-10ampollas\/#primaryimage","url":"https:\/\/iberoid.com\/wp-content\/uploads\/2022\/07\/CLN.jpg?v=1694094346","contentUrl":"https:\/\/iberoid.com\/wp-content\/uploads\/2022\/07\/CLN.jpg?v=1694094346","width":600,"height":400},{"@type":"BreadcrumbList","@id":"https:\/\/iberoid.com\/fr\/product\/clenbuterol-inyectable-100mcg-10ampollas\/#breadcrumb","itemListElement":[{"@type":"ListItem","position":1,"name":"Portada","item":"https:\/\/iberoid.com\/fr\/"},{"@type":"ListItem","position":2,"name":"Magasin","item":"https:\/\/iberoid.com\/fr\/shop\/"},{"@type":"ListItem","position":3,"name":"CLENBUTEROL"}]},{"@type":"WebSite","@id":"https:\/\/iberoid.com\/fr\/#website","url":"https:\/\/iberoid.com\/fr\/","name":"(Espa\u00f1ol) Esteroides en l\u00ednea","description":"(Espa\u00f1ol) Comprar esteroides en l\u00ednea hoy en Espa\u00f1a y Portugal. Tenemos el mejor servicio al cliente en la industria y los productos de la m\u00e1s alta calidad","potentialAction":[{"@type":"SearchAction","target":{"@type":"EntryPoint","urlTemplate":"https:\/\/iberoid.com\/fr\/?s={search_term_string}"},"query-input":{"@type":"PropertyValueSpecification","valueRequired":true,"valueName":"search_term_string"}}],"inLanguage":"fr-FR"}]},"product_brand":"Pharma Gen","product_price_amount":"30.00","product_price_currency":"EUR","og_availability":"out of stock","product_availability":"out of stock","product_condition":"new"},"_links":{"self":[{"href":"https:\/\/iberoid.com\/fr\/wp-json\/wp\/v2\/product\/7833","targetHints":{"allow":["GET"]}}],"collection":[{"href":"https:\/\/iberoid.com\/fr\/wp-json\/wp\/v2\/product"}],"about":[{"href":"https:\/\/iberoid.com\/fr\/wp-json\/wp\/v2\/types\/product"}],"replies":[{"embeddable":true,"href":"https:\/\/iberoid.com\/fr\/wp-json\/wp\/v2\/comments?post=7833"}],"wp:featuredmedia":[{"embeddable":true,"href":"https:\/\/iberoid.com\/fr\/wp-json\/wp\/v2\/media\/7834"}],"wp:attachment":[{"href":"https:\/\/iberoid.com\/fr\/wp-json\/wp\/v2\/media?parent=7833"}],"wp:term":[{"taxonomy":"product_brand","embeddable":true,"href":"https:\/\/iberoid.com\/fr\/wp-json\/wp\/v2\/product_brand?post=7833"},{"taxonomy":"product_cat","embeddable":true,"href":"https:\/\/iberoid.com\/fr\/wp-json\/wp\/v2\/product_cat?post=7833"},{"taxonomy":"product_tag","embeddable":true,"href":"https:\/\/iberoid.com\/fr\/wp-json\/wp\/v2\/product_tag?post=7833"}],"curies":[{"name":"wp","href":"https:\/\/api.w.org\/{rel}","templated":true}]}}