{"id":7887,"date":"2022-08-17T11:36:38","date_gmt":"2022-08-17T11:36:38","guid":{"rendered":"https:\/\/iberoid.com\/?post_type=product&#038;p=7887"},"modified":"2024-07-09T19:28:58","modified_gmt":"2024-07-09T19:28:58","slug":"diapronate-100-mg-ml-testosterone-propionate-diamond","status":"publish","type":"product","link":"https:\/\/iberoid.com\/fr\/product\/diapronate-100-mg-ml-testosterone-propionate-diamond\/","title":{"rendered":"Diapronate 100 mg\/ml"},"content":{"rendered":"<p>Diapronate 100 mg\/ml-testosterone propionate diamond.<\/p>\n<p>Le propionate de testost\u00e9rone est le st\u00e9ro\u00efde de testost\u00e9rone le plus court. C&rsquo;est un compos\u00e9 injectable avec un taux de lib\u00e9ration plus lent que la testost\u00e9rone non est\u00e9rifi\u00e9e, mais un taux de lib\u00e9ration plus rapide que tout le reste des testost\u00e9rones est\u00e9rifi\u00e9es.<\/p>\n<p>Il y a des avantages et des inconv\u00e9nients \u00e0 l&rsquo;ester \u00e0 courte dur\u00e9e d&rsquo;action. Le principal inconv\u00e9nient est que les utilisateurs doivent injecter du propionate de testost\u00e9rone au moins tous les deux jours tout au long du cycle pour obtenir des r\u00e9sultats appropri\u00e9s. Les avantages, cependant, sont un contr\u00f4le plus facile et la pr\u00e9vention des effets secondaires potentiels.<\/p>\n<p>De plus, comme il y a moins d&rsquo;ester par flacon, il y a plus de testost\u00e9rone r\u00e9elle par injection, ce qui produit de meilleurs r\u00e9sultats. L&rsquo;ester de propionate prolonge la demi-vie de la testost\u00e9rone \u00e0 environ 4 jours et demi.<\/p>","protected":false},"excerpt":{"rendered":"<p>Diapronate 100 mg\/ml-testosterone propionate diamond. Le propionate de testost\u00e9rone est le st\u00e9ro\u00efde de testost\u00e9rone le plus court. C&rsquo;est un compos\u00e9<\/p>\n","protected":false},"featured_media":7888,"comment_status":"open","ping_status":"closed","template":"","meta":[],"product_brand":[],"product_cat":[69],"product_tag":[],"class_list":{"0":"post-7887","1":"product","2":"type-product","3":"status-publish","4":"has-post-thumbnail","6":"product_cat-esteroides_inyectables","8":"first","9":"outofstock","10":"sale","11":"shipping-taxable","12":"purchasable","13":"product-type-simple"},"yoast_head":"<!-- This site is optimized with the Yoast SEO Premium plugin v24.4 (Yoast SEO v27.0) - https:\/\/yoast.com\/product\/yoast-seo-premium-wordpress\/ -->\n<title>Diapronate 100 mg\/ml - (Espa\u00f1ol) Esteroides en l\u00ednea<\/title>\n<meta name=\"robots\" content=\"index, follow, max-snippet:-1, max-image-preview:large, max-video-preview:-1\" \/>\n<link rel=\"canonical\" href=\"https:\/\/iberoid.com\/fr\/product\/diapronate-100-mg-ml-testosterone-propionate-diamond\/\" \/>\n<meta property=\"og:locale\" content=\"fr_FR\" \/>\n<meta property=\"og:type\" content=\"article\" \/>\n<meta property=\"og:title\" content=\"Diapronate 100 mg\/ml\" \/>\n<meta property=\"og:description\" content=\"Diapronate 100 mg\/ml-testosterone propionate diamond. Le propionate de testost\u00e9rone est le st\u00e9ro\u00efde de testost\u00e9rone le plus court. C&rsquo;est un compos\u00e9\" \/>\n<meta property=\"og:url\" content=\"https:\/\/iberoid.com\/fr\/product\/diapronate-100-mg-ml-testosterone-propionate-diamond\/\" \/>\n<meta property=\"og:site_name\" content=\"(Espa\u00f1ol) Esteroides en l\u00ednea\" \/>\n<meta property=\"article:modified_time\" content=\"2024-07-09T19:28:58+00:00\" \/>\n<meta property=\"og:image\" content=\"https:\/\/iberoid.com\/wp-content\/uploads\/2022\/08\/Diapronate-100.png?v=1694606594\" \/>\n\t<meta property=\"og:image:width\" content=\"553\" \/>\n\t<meta property=\"og:image:height\" content=\"553\" \/>\n\t<meta property=\"og:image:type\" content=\"image\/png\" \/>\n<meta name=\"twitter:card\" content=\"summary_large_image\" \/>\n<meta name=\"twitter:label1\" content=\"Prix\" \/>\n\t<meta name=\"twitter:data1\" content=\"&euro;30.00\" \/>\n\t<meta name=\"twitter:label2\" content=\"Disponibilit\u00e9\" \/>\n\t<meta name=\"twitter:data2\" content=\"Rupture de stock\" \/>\n<script type=\"application\/ld+json\" class=\"yoast-schema-graph\">{\"@context\":\"https:\/\/schema.org\",\"@graph\":[{\"@type\":\"WebPage\",\"@id\":\"https:\/\/iberoid.com\/fr\/product\/diapronate-100-mg-ml-testosterone-propionate-diamond\/\",\"url\":\"https:\/\/iberoid.com\/fr\/product\/diapronate-100-mg-ml-testosterone-propionate-diamond\/\",\"name\":\"Diapronate 100 mg\/ml - (Espa\u00f1ol) Esteroides en l\u00ednea\",\"isPartOf\":{\"@id\":\"https:\/\/iberoid.com\/fr\/#website\"},\"primaryImageOfPage\":{\"@id\":\"https:\/\/iberoid.com\/fr\/product\/diapronate-100-mg-ml-testosterone-propionate-diamond\/#primaryimage\"},\"image\":{\"@id\":\"https:\/\/iberoid.com\/fr\/product\/diapronate-100-mg-ml-testosterone-propionate-diamond\/#primaryimage\"},\"thumbnailUrl\":\"https:\/\/iberoid.com\/wp-content\/uploads\/2022\/08\/Diapronate-100.png?v=1694606594\",\"datePublished\":\"2022-08-17T11:36:38+00:00\",\"dateModified\":\"2024-07-09T19:28:58+00:00\",\"breadcrumb\":{\"@id\":\"https:\/\/iberoid.com\/fr\/product\/diapronate-100-mg-ml-testosterone-propionate-diamond\/#breadcrumb\"},\"inLanguage\":\"fr-FR\",\"potentialAction\":[{\"@type\":\"ReadAction\",\"target\":[[\"https:\/\/iberoid.com\/fr\/product\/diapronate-100-mg-ml-testosterone-propionate-diamond\/\"]]}]},{\"@type\":\"ImageObject\",\"inLanguage\":\"fr-FR\",\"@id\":\"https:\/\/iberoid.com\/fr\/product\/diapronate-100-mg-ml-testosterone-propionate-diamond\/#primaryimage\",\"url\":\"https:\/\/iberoid.com\/wp-content\/uploads\/2022\/08\/Diapronate-100.png?v=1694606594\",\"contentUrl\":\"https:\/\/iberoid.com\/wp-content\/uploads\/2022\/08\/Diapronate-100.png?v=1694606594\",\"width\":553,\"height\":553},{\"@type\":\"BreadcrumbList\",\"@id\":\"https:\/\/iberoid.com\/fr\/product\/diapronate-100-mg-ml-testosterone-propionate-diamond\/#breadcrumb\",\"itemListElement\":[{\"@type\":\"ListItem\",\"position\":1,\"name\":\"Portada\",\"item\":\"https:\/\/iberoid.com\/fr\/\"},{\"@type\":\"ListItem\",\"position\":2,\"name\":\"Magasin\",\"item\":\"https:\/\/iberoid.com\/fr\/shop\/\"},{\"@type\":\"ListItem\",\"position\":3,\"name\":\"Diapronate 100 mg\/ml\"}]},{\"@type\":\"WebSite\",\"@id\":\"https:\/\/iberoid.com\/fr\/#website\",\"url\":\"https:\/\/iberoid.com\/fr\/\",\"name\":\"(Espa\u00f1ol) Esteroides en l\u00ednea\",\"description\":\"(Espa\u00f1ol) Comprar esteroides en l\u00ednea hoy en Espa\u00f1a y Portugal. Tenemos el mejor servicio al cliente en la industria y los productos de la m\u00e1s alta calidad\",\"potentialAction\":[{\"@type\":\"SearchAction\",\"target\":{\"@type\":\"EntryPoint\",\"urlTemplate\":\"https:\/\/iberoid.com\/fr\/?s={search_term_string}\"},\"query-input\":{\"@type\":\"PropertyValueSpecification\",\"valueRequired\":true,\"valueName\":\"search_term_string\"}}],\"inLanguage\":\"fr-FR\"}]}<\/script>\n<meta property=\"product:brand\" content=\"Diamond Pharma\" \/>\n<meta property=\"product:price:amount\" content=\"30.00\" \/>\n<meta property=\"product:price:currency\" content=\"EUR\" \/>\n<meta property=\"og:availability\" content=\"out of stock\" \/>\n<meta property=\"product:availability\" content=\"out of stock\" \/>\n<meta property=\"product:condition\" content=\"new\" \/>\n<!-- \/ Yoast SEO Premium plugin. -->","yoast_head_json":{"title":"Diapronate 100 mg\/ml - (Espa\u00f1ol) Esteroides en l\u00ednea","robots":{"index":"index","follow":"follow","max-snippet":"max-snippet:-1","max-image-preview":"max-image-preview:large","max-video-preview":"max-video-preview:-1"},"canonical":"https:\/\/iberoid.com\/fr\/product\/diapronate-100-mg-ml-testosterone-propionate-diamond\/","og_locale":"fr_FR","og_type":"article","og_title":"Diapronate 100 mg\/ml","og_description":"Diapronate 100 mg\/ml-testosterone propionate diamond. Le propionate de testost\u00e9rone est le st\u00e9ro\u00efde de testost\u00e9rone le plus court. C&rsquo;est un compos\u00e9","og_url":"https:\/\/iberoid.com\/fr\/product\/diapronate-100-mg-ml-testosterone-propionate-diamond\/","og_site_name":"(Espa\u00f1ol) Esteroides en l\u00ednea","article_modified_time":"2024-07-09T19:28:58+00:00","og_image":[{"width":553,"height":553,"url":"https:\/\/iberoid.com\/wp-content\/uploads\/2022\/08\/Diapronate-100.png?v=1694606594","type":"image\/png"}],"twitter_card":"summary_large_image","twitter_misc":{"Prix":"&euro;30.00","Disponibilit\u00e9":"Rupture de stock"},"schema":{"@context":"https:\/\/schema.org","@graph":[{"@type":"WebPage","@id":"https:\/\/iberoid.com\/fr\/product\/diapronate-100-mg-ml-testosterone-propionate-diamond\/","url":"https:\/\/iberoid.com\/fr\/product\/diapronate-100-mg-ml-testosterone-propionate-diamond\/","name":"Diapronate 100 mg\/ml - (Espa\u00f1ol) Esteroides en l\u00ednea","isPartOf":{"@id":"https:\/\/iberoid.com\/fr\/#website"},"primaryImageOfPage":{"@id":"https:\/\/iberoid.com\/fr\/product\/diapronate-100-mg-ml-testosterone-propionate-diamond\/#primaryimage"},"image":{"@id":"https:\/\/iberoid.com\/fr\/product\/diapronate-100-mg-ml-testosterone-propionate-diamond\/#primaryimage"},"thumbnailUrl":"https:\/\/iberoid.com\/wp-content\/uploads\/2022\/08\/Diapronate-100.png?v=1694606594","datePublished":"2022-08-17T11:36:38+00:00","dateModified":"2024-07-09T19:28:58+00:00","breadcrumb":{"@id":"https:\/\/iberoid.com\/fr\/product\/diapronate-100-mg-ml-testosterone-propionate-diamond\/#breadcrumb"},"inLanguage":"fr-FR","potentialAction":[{"@type":"ReadAction","target":[["https:\/\/iberoid.com\/fr\/product\/diapronate-100-mg-ml-testosterone-propionate-diamond\/"]]}]},{"@type":"ImageObject","inLanguage":"fr-FR","@id":"https:\/\/iberoid.com\/fr\/product\/diapronate-100-mg-ml-testosterone-propionate-diamond\/#primaryimage","url":"https:\/\/iberoid.com\/wp-content\/uploads\/2022\/08\/Diapronate-100.png?v=1694606594","contentUrl":"https:\/\/iberoid.com\/wp-content\/uploads\/2022\/08\/Diapronate-100.png?v=1694606594","width":553,"height":553},{"@type":"BreadcrumbList","@id":"https:\/\/iberoid.com\/fr\/product\/diapronate-100-mg-ml-testosterone-propionate-diamond\/#breadcrumb","itemListElement":[{"@type":"ListItem","position":1,"name":"Portada","item":"https:\/\/iberoid.com\/fr\/"},{"@type":"ListItem","position":2,"name":"Magasin","item":"https:\/\/iberoid.com\/fr\/shop\/"},{"@type":"ListItem","position":3,"name":"Diapronate 100 mg\/ml"}]},{"@type":"WebSite","@id":"https:\/\/iberoid.com\/fr\/#website","url":"https:\/\/iberoid.com\/fr\/","name":"(Espa\u00f1ol) Esteroides en l\u00ednea","description":"(Espa\u00f1ol) Comprar esteroides en l\u00ednea hoy en Espa\u00f1a y Portugal. Tenemos el mejor servicio al cliente en la industria y los productos de la m\u00e1s alta calidad","potentialAction":[{"@type":"SearchAction","target":{"@type":"EntryPoint","urlTemplate":"https:\/\/iberoid.com\/fr\/?s={search_term_string}"},"query-input":{"@type":"PropertyValueSpecification","valueRequired":true,"valueName":"search_term_string"}}],"inLanguage":"fr-FR"}]},"product_brand":"Diamond Pharma","product_price_amount":"30.00","product_price_currency":"EUR","og_availability":"out of stock","product_availability":"out of stock","product_condition":"new"},"_links":{"self":[{"href":"https:\/\/iberoid.com\/fr\/wp-json\/wp\/v2\/product\/7887","targetHints":{"allow":["GET"]}}],"collection":[{"href":"https:\/\/iberoid.com\/fr\/wp-json\/wp\/v2\/product"}],"about":[{"href":"https:\/\/iberoid.com\/fr\/wp-json\/wp\/v2\/types\/product"}],"replies":[{"embeddable":true,"href":"https:\/\/iberoid.com\/fr\/wp-json\/wp\/v2\/comments?post=7887"}],"wp:featuredmedia":[{"embeddable":true,"href":"https:\/\/iberoid.com\/fr\/wp-json\/wp\/v2\/media\/7888"}],"wp:attachment":[{"href":"https:\/\/iberoid.com\/fr\/wp-json\/wp\/v2\/media?parent=7887"}],"wp:term":[{"taxonomy":"product_brand","embeddable":true,"href":"https:\/\/iberoid.com\/fr\/wp-json\/wp\/v2\/product_brand?post=7887"},{"taxonomy":"product_cat","embeddable":true,"href":"https:\/\/iberoid.com\/fr\/wp-json\/wp\/v2\/product_cat?post=7887"},{"taxonomy":"product_tag","embeddable":true,"href":"https:\/\/iberoid.com\/fr\/wp-json\/wp\/v2\/product_tag?post=7887"}],"curies":[{"name":"wp","href":"https:\/\/api.w.org\/{rel}","templated":true}]}}