{"id":7889,"date":"2022-08-17T11:39:44","date_gmt":"2022-08-17T11:39:44","guid":{"rendered":"https:\/\/iberoid.com\/?post_type=product&#038;p=7889"},"modified":"2025-09-25T13:25:25","modified_gmt":"2025-09-25T13:25:25","slug":"diastanon-350-mg-ml-sustanon-diamond","status":"publish","type":"product","link":"https:\/\/iberoid.com\/fr\/product\/diastanon-350-mg-ml-sustanon-diamond\/","title":{"rendered":"Diastanon 350 mg\/ml &#8211; Sustanon 350"},"content":{"rendered":"<p><\/p>\n<p class=\"\" data-start=\"0\" data-end=\"522\">Diastanon 350 est une solution injectable produite par DIAMOND PHARMA GROUP, qui se compose de trois esters diff\u00e9rents de testost\u00e9rone : Testost\u00e9rone Enanthate, Testost\u00e9rone Cypionate et Testost\u00e9rone Propionate. Elle est con\u00e7ue pour lib\u00e9rer de la testost\u00e9rone de mani\u00e8re rapide et durable. Ce produit est fabriqu\u00e9 en utilisant des technologies de synth\u00e8se de m\u00e9dicaments \u00e0 fort pourcentage, ce qui entra\u00eene une augmentation de la concentration de l&rsquo;agent actif de 40 % par ml par rapport \u00e0 la version standard de Sustanon.<\/p>\n<p class=\"\" data-start=\"524\" data-end=\"551\"><strong data-start=\"524\" data-end=\"551\">Effets de Diastanon 350<\/strong><\/p>\n<p class=\"\" data-start=\"553\" data-end=\"1192\">Toutes les formes de testost\u00e9rone sont responsables de la promotion de la sant\u00e9 et du bien-\u00eatre en am\u00e9liorant la libido, l&rsquo;\u00e9nergie, l&rsquo;immunit\u00e9, en augmentant la perte de graisse, en augmentant et en maintenant la masse musculaire, en pr\u00e9venant l&rsquo;ost\u00e9oporose (perte de densit\u00e9 osseuse) et en prot\u00e9geant potentiellement contre les maladies cardiaques. La testost\u00e9rone est populaire chez les athl\u00e8tes pour sa capacit\u00e9 \u00e0 stimuler des augmentations spectaculaires de la masse musculaire et de la force. En tant qu&rsquo;hormone naturelle, elle reste le st\u00e9ro\u00efde anabolisant le plus populaire et est couramment utilis\u00e9 comme base pour tous les cycles.<\/p>\n<p class=\"\" data-start=\"1194\" data-end=\"1218\"><strong data-start=\"1194\" data-end=\"1218\">R\u00e8gles d&rsquo;utilisation<\/strong><\/p>\n<p class=\"\" data-start=\"1220\" data-end=\"2071\">Le Diastanon 350 de DIAMOND PHARMA GROUP doit \u00eatre administr\u00e9 une fois par semaine, et la dose varie de 350 \u00e0 700 mg. La dur\u00e9e du cycle est de 6 \u00e0 8 semaines. Il convient de noter que chez les hommes, environ 5 % de la testost\u00e9rone subit une r\u00e9duction 5\u03b1 pour former l&rsquo;androg\u00e8ne plus puissant, la dihydrotestost\u00e9rone (DHT), \u00e9galement connue sous le nom d&rsquo;androstanolone. D&rsquo;autre part, environ 0,3 % de la testost\u00e9rone est convertie en estradiol (l&rsquo;hormone sexuelle f\u00e9minine principale) par l&rsquo;aromatase, une enzyme exprim\u00e9e dans le cerveau, le foie et le tissu adipeux. Par cons\u00e9quent, il est important de prendre des pr\u00e9cautions pour \u00e9viter les effets secondaires associ\u00e9s. Dans ce cas, nous recommandons de faire des analyses de sang r\u00e9guli\u00e8res et d&rsquo;utiliser des inhibiteurs de l&rsquo;aromatase pendant le cycle (si n\u00e9cessaire, de pr\u00e9f\u00e9rence Anastrozole).<\/p>\n<p class=\"\" data-start=\"2073\" data-end=\"2092\"><strong data-start=\"2073\" data-end=\"2092\">Cycles combin\u00e9s<\/strong><\/p>\n<p class=\"\" data-start=\"2094\" data-end=\"2512\">Le Sustanon 350 fonctionne bien avec de nombreux autres compos\u00e9s, qu&rsquo;ils soient oraux ou injectables, dans le cadre d&rsquo;un cycle. Le Diastanon 350 peut \u00eatre combin\u00e9 avec des m\u00e9dicaments tels que la Nandrolone pour gagner de la masse musculaire et le Winstrol pour s\u00e9cher et d\u00e9finir les muscles. Un cycle correctement s\u00e9lectionn\u00e9 permet de r\u00e9duire la fr\u00e9quence des effets secondaires et d&rsquo;am\u00e9liorer l&rsquo;efficacit\u00e9 du cycle.<\/p>\n<p class=\"\" data-start=\"2514\" data-end=\"2536\"><strong data-start=\"2514\" data-end=\"2536\">Effets secondaires<\/strong><\/p>\n<p class=\"\" data-start=\"2538\" data-end=\"3014\">Le m\u00e9dicament peut provoquer des probl\u00e8mes d&rsquo;acn\u00e9, de l&rsquo;aromatisation et une r\u00e9tention d&rsquo;eau dans le corps. Il est consid\u00e9r\u00e9 comme non toxique pour le foie. Si c&rsquo;est la premi\u00e8re fois que vous utilisez une formulation hautement concentr\u00e9e, il est fortement recommand\u00e9 d&rsquo;injecter seulement \u00bd ml pour v\u00e9rifier la r\u00e9ponse de votre corps et pr\u00e9venir les effets secondaires possibles, qui peuvent inclure des douleurs apr\u00e8s l&rsquo;injection (PIP), une temp\u00e9rature corporelle \u00e9lev\u00e9e, etc.<\/p>\n<p><\/p>","protected":false},"excerpt":{"rendered":"<p>Diastanon 350 est une solution injectable produite par DIAMOND PHARMA GROUP, qui se compose de trois esters diff\u00e9rents de testost\u00e9rone<\/p>\n","protected":false},"featured_media":7893,"comment_status":"open","ping_status":"closed","template":"","meta":[],"product_brand":[],"product_cat":[69],"product_tag":[],"class_list":{"0":"post-7889","1":"product","2":"type-product","3":"status-publish","4":"has-post-thumbnail","6":"product_cat-esteroides_inyectables","8":"first","9":"outofstock","10":"shipping-taxable","11":"purchasable","12":"product-type-simple"},"yoast_head":"<!-- This site is optimized with the Yoast SEO Premium plugin v24.4 (Yoast SEO v27.3) - https:\/\/yoast.com\/product\/yoast-seo-premium-wordpress\/ -->\n<title>Diastanon 350 mg\/ml - Sustanon 350 - (Espa\u00f1ol) Esteroides en l\u00ednea<\/title>\n<meta name=\"robots\" content=\"index, follow, max-snippet:-1, max-image-preview:large, max-video-preview:-1\" \/>\n<link rel=\"canonical\" href=\"https:\/\/iberoid.com\/fr\/product\/diastanon-350-mg-ml-sustanon-diamond\/\" \/>\n<meta property=\"og:locale\" content=\"fr_FR\" \/>\n<meta property=\"og:type\" content=\"article\" \/>\n<meta property=\"og:title\" content=\"Diastanon 350 mg\/ml - Sustanon 350\" \/>\n<meta property=\"og:description\" content=\"Diastanon 350 est une solution injectable produite par DIAMOND PHARMA GROUP, qui se compose de trois esters diff\u00e9rents de testost\u00e9rone\" \/>\n<meta property=\"og:url\" content=\"https:\/\/iberoid.com\/fr\/product\/diastanon-350-mg-ml-sustanon-diamond\/\" \/>\n<meta property=\"og:site_name\" content=\"(Espa\u00f1ol) Esteroides en l\u00ednea\" \/>\n<meta property=\"article:modified_time\" content=\"2025-09-25T13:25:25+00:00\" \/>\n<meta property=\"og:image\" content=\"https:\/\/iberoid.com\/wp-content\/uploads\/2022\/08\/Diastanon-350.png?v=1749496559\" \/>\n\t<meta property=\"og:image:width\" content=\"553\" \/>\n\t<meta property=\"og:image:height\" content=\"553\" \/>\n\t<meta property=\"og:image:type\" content=\"image\/png\" \/>\n<meta name=\"twitter:card\" content=\"summary_large_image\" \/>\n<meta name=\"twitter:label1\" content=\"Prix\" \/>\n\t<meta name=\"twitter:data1\" content=\"&euro;50.00\" \/>\n\t<meta name=\"twitter:label2\" content=\"Disponibilit\u00e9\" \/>\n\t<meta name=\"twitter:data2\" content=\"Rupture de stock\" \/>\n<script type=\"application\/ld+json\" class=\"yoast-schema-graph\">{\"@context\":\"https:\\\/\\\/schema.org\",\"@graph\":[{\"@type\":\"WebPage\",\"@id\":\"https:\\\/\\\/iberoid.com\\\/fr\\\/product\\\/diastanon-350-mg-ml-sustanon-diamond\\\/\",\"url\":\"https:\\\/\\\/iberoid.com\\\/fr\\\/product\\\/diastanon-350-mg-ml-sustanon-diamond\\\/\",\"name\":\"Diastanon 350 mg\\\/ml - Sustanon 350 - (Espa\u00f1ol) Esteroides en l\u00ednea\",\"isPartOf\":{\"@id\":\"https:\\\/\\\/iberoid.com\\\/fr\\\/#website\"},\"primaryImageOfPage\":{\"@id\":\"https:\\\/\\\/iberoid.com\\\/fr\\\/product\\\/diastanon-350-mg-ml-sustanon-diamond\\\/#primaryimage\"},\"image\":{\"@id\":\"https:\\\/\\\/iberoid.com\\\/fr\\\/product\\\/diastanon-350-mg-ml-sustanon-diamond\\\/#primaryimage\"},\"thumbnailUrl\":\"https:\\\/\\\/iberoid.com\\\/wp-content\\\/uploads\\\/2022\\\/08\\\/Diastanon-350.png?v=1749496559\",\"datePublished\":\"2022-08-17T11:39:44+00:00\",\"dateModified\":\"2025-09-25T13:25:25+00:00\",\"breadcrumb\":{\"@id\":\"https:\\\/\\\/iberoid.com\\\/fr\\\/product\\\/diastanon-350-mg-ml-sustanon-diamond\\\/#breadcrumb\"},\"inLanguage\":\"fr-FR\",\"potentialAction\":[{\"@type\":\"ReadAction\",\"target\":[[\"https:\\\/\\\/iberoid.com\\\/fr\\\/product\\\/diastanon-350-mg-ml-sustanon-diamond\\\/\"]]}]},{\"@type\":\"ImageObject\",\"inLanguage\":\"fr-FR\",\"@id\":\"https:\\\/\\\/iberoid.com\\\/fr\\\/product\\\/diastanon-350-mg-ml-sustanon-diamond\\\/#primaryimage\",\"url\":\"https:\\\/\\\/iberoid.com\\\/wp-content\\\/uploads\\\/2022\\\/08\\\/Diastanon-350.png?v=1749496559\",\"contentUrl\":\"https:\\\/\\\/iberoid.com\\\/wp-content\\\/uploads\\\/2022\\\/08\\\/Diastanon-350.png?v=1749496559\",\"width\":553,\"height\":553},{\"@type\":\"BreadcrumbList\",\"@id\":\"https:\\\/\\\/iberoid.com\\\/fr\\\/product\\\/diastanon-350-mg-ml-sustanon-diamond\\\/#breadcrumb\",\"itemListElement\":[{\"@type\":\"ListItem\",\"position\":1,\"name\":\"Portada\",\"item\":\"https:\\\/\\\/iberoid.com\\\/fr\\\/\"},{\"@type\":\"ListItem\",\"position\":2,\"name\":\"Magasin\",\"item\":\"https:\\\/\\\/iberoid.com\\\/fr\\\/shop\\\/\"},{\"@type\":\"ListItem\",\"position\":3,\"name\":\"Diastanon 350 mg\\\/ml &#8211; Sustanon 350\"}]},{\"@type\":\"WebSite\",\"@id\":\"https:\\\/\\\/iberoid.com\\\/fr\\\/#website\",\"url\":\"https:\\\/\\\/iberoid.com\\\/fr\\\/\",\"name\":\"(Espa\u00f1ol) Esteroides en l\u00ednea\",\"description\":\"(Espa\u00f1ol) Comprar esteroides en l\u00ednea hoy en Espa\u00f1a y Portugal. Tenemos el mejor servicio al cliente en la industria y los productos de la m\u00e1s alta calidad\",\"potentialAction\":[{\"@type\":\"SearchAction\",\"target\":{\"@type\":\"EntryPoint\",\"urlTemplate\":\"https:\\\/\\\/iberoid.com\\\/fr\\\/?s={search_term_string}\"},\"query-input\":{\"@type\":\"PropertyValueSpecification\",\"valueRequired\":true,\"valueName\":\"search_term_string\"}}],\"inLanguage\":\"fr-FR\"}]}<\/script>\n<meta property=\"product:brand\" content=\"Diamond Pharma\" \/>\n<meta property=\"product:price:amount\" content=\"50.00\" \/>\n<meta property=\"product:price:currency\" content=\"EUR\" \/>\n<meta property=\"og:availability\" content=\"out of stock\" \/>\n<meta property=\"product:availability\" content=\"out of stock\" \/>\n<meta property=\"product:condition\" content=\"new\" \/>\n<!-- \/ Yoast SEO Premium plugin. -->","yoast_head_json":{"title":"Diastanon 350 mg\/ml - Sustanon 350 - (Espa\u00f1ol) Esteroides en l\u00ednea","robots":{"index":"index","follow":"follow","max-snippet":"max-snippet:-1","max-image-preview":"max-image-preview:large","max-video-preview":"max-video-preview:-1"},"canonical":"https:\/\/iberoid.com\/fr\/product\/diastanon-350-mg-ml-sustanon-diamond\/","og_locale":"fr_FR","og_type":"article","og_title":"Diastanon 350 mg\/ml - Sustanon 350","og_description":"Diastanon 350 est une solution injectable produite par DIAMOND PHARMA GROUP, qui se compose de trois esters diff\u00e9rents de testost\u00e9rone","og_url":"https:\/\/iberoid.com\/fr\/product\/diastanon-350-mg-ml-sustanon-diamond\/","og_site_name":"(Espa\u00f1ol) Esteroides en l\u00ednea","article_modified_time":"2025-09-25T13:25:25+00:00","og_image":[{"width":553,"height":553,"url":"https:\/\/iberoid.com\/wp-content\/uploads\/2022\/08\/Diastanon-350.png?v=1749496559","type":"image\/png"}],"twitter_card":"summary_large_image","twitter_misc":{"Prix":"&euro;50.00","Disponibilit\u00e9":"Rupture de stock"},"schema":{"@context":"https:\/\/schema.org","@graph":[{"@type":"WebPage","@id":"https:\/\/iberoid.com\/fr\/product\/diastanon-350-mg-ml-sustanon-diamond\/","url":"https:\/\/iberoid.com\/fr\/product\/diastanon-350-mg-ml-sustanon-diamond\/","name":"Diastanon 350 mg\/ml - Sustanon 350 - (Espa\u00f1ol) Esteroides en l\u00ednea","isPartOf":{"@id":"https:\/\/iberoid.com\/fr\/#website"},"primaryImageOfPage":{"@id":"https:\/\/iberoid.com\/fr\/product\/diastanon-350-mg-ml-sustanon-diamond\/#primaryimage"},"image":{"@id":"https:\/\/iberoid.com\/fr\/product\/diastanon-350-mg-ml-sustanon-diamond\/#primaryimage"},"thumbnailUrl":"https:\/\/iberoid.com\/wp-content\/uploads\/2022\/08\/Diastanon-350.png?v=1749496559","datePublished":"2022-08-17T11:39:44+00:00","dateModified":"2025-09-25T13:25:25+00:00","breadcrumb":{"@id":"https:\/\/iberoid.com\/fr\/product\/diastanon-350-mg-ml-sustanon-diamond\/#breadcrumb"},"inLanguage":"fr-FR","potentialAction":[{"@type":"ReadAction","target":[["https:\/\/iberoid.com\/fr\/product\/diastanon-350-mg-ml-sustanon-diamond\/"]]}]},{"@type":"ImageObject","inLanguage":"fr-FR","@id":"https:\/\/iberoid.com\/fr\/product\/diastanon-350-mg-ml-sustanon-diamond\/#primaryimage","url":"https:\/\/iberoid.com\/wp-content\/uploads\/2022\/08\/Diastanon-350.png?v=1749496559","contentUrl":"https:\/\/iberoid.com\/wp-content\/uploads\/2022\/08\/Diastanon-350.png?v=1749496559","width":553,"height":553},{"@type":"BreadcrumbList","@id":"https:\/\/iberoid.com\/fr\/product\/diastanon-350-mg-ml-sustanon-diamond\/#breadcrumb","itemListElement":[{"@type":"ListItem","position":1,"name":"Portada","item":"https:\/\/iberoid.com\/fr\/"},{"@type":"ListItem","position":2,"name":"Magasin","item":"https:\/\/iberoid.com\/fr\/shop\/"},{"@type":"ListItem","position":3,"name":"Diastanon 350 mg\/ml &#8211; Sustanon 350"}]},{"@type":"WebSite","@id":"https:\/\/iberoid.com\/fr\/#website","url":"https:\/\/iberoid.com\/fr\/","name":"(Espa\u00f1ol) Esteroides en l\u00ednea","description":"(Espa\u00f1ol) Comprar esteroides en l\u00ednea hoy en Espa\u00f1a y Portugal. Tenemos el mejor servicio al cliente en la industria y los productos de la m\u00e1s alta calidad","potentialAction":[{"@type":"SearchAction","target":{"@type":"EntryPoint","urlTemplate":"https:\/\/iberoid.com\/fr\/?s={search_term_string}"},"query-input":{"@type":"PropertyValueSpecification","valueRequired":true,"valueName":"search_term_string"}}],"inLanguage":"fr-FR"}]},"product_brand":"Diamond Pharma","product_price_amount":"50.00","product_price_currency":"EUR","og_availability":"out of stock","product_availability":"out of stock","product_condition":"new"},"_links":{"self":[{"href":"https:\/\/iberoid.com\/fr\/wp-json\/wp\/v2\/product\/7889","targetHints":{"allow":["GET"]}}],"collection":[{"href":"https:\/\/iberoid.com\/fr\/wp-json\/wp\/v2\/product"}],"about":[{"href":"https:\/\/iberoid.com\/fr\/wp-json\/wp\/v2\/types\/product"}],"replies":[{"embeddable":true,"href":"https:\/\/iberoid.com\/fr\/wp-json\/wp\/v2\/comments?post=7889"}],"wp:featuredmedia":[{"embeddable":true,"href":"https:\/\/iberoid.com\/fr\/wp-json\/wp\/v2\/media\/7893"}],"wp:attachment":[{"href":"https:\/\/iberoid.com\/fr\/wp-json\/wp\/v2\/media?parent=7889"}],"wp:term":[{"taxonomy":"product_brand","embeddable":true,"href":"https:\/\/iberoid.com\/fr\/wp-json\/wp\/v2\/product_brand?post=7889"},{"taxonomy":"product_cat","embeddable":true,"href":"https:\/\/iberoid.com\/fr\/wp-json\/wp\/v2\/product_cat?post=7889"},{"taxonomy":"product_tag","embeddable":true,"href":"https:\/\/iberoid.com\/fr\/wp-json\/wp\/v2\/product_tag?post=7889"}],"curies":[{"name":"wp","href":"https:\/\/api.w.org\/{rel}","templated":true}]}}