{"id":8056,"date":"2022-11-08T15:17:39","date_gmt":"2022-11-08T15:17:39","guid":{"rendered":"https:\/\/iberoid.com\/?post_type=product&#038;p=8056"},"modified":"2026-01-25T14:29:41","modified_gmt":"2026-01-25T14:29:41","slug":"pack3-clenoged-epf-premium","status":"publish","type":"product","link":"https:\/\/iberoid.com\/fr\/product\/pack3-clenoged-epf-premium\/","title":{"rendered":"PACK3 &#8211; CLENOGED"},"content":{"rendered":"<p><\/p>\n<p class=\"\" data-start=\"0\" data-end=\"88\"><strong data-start=\"0\" data-end=\"88\">Informations pour ceux qui souhaitent acheter Clenoged de Euro Prime Pharmaceuticals<\/strong><\/p>\n<p class=\"\" data-start=\"90\" data-end=\"710\">Clenoged (Clenbut\u00e9rol 40 mcg) de Euro Prime Pharmaceuticals est un b\u00eata2-adr\u00e9nomim\u00e9tique (qui stimule les r\u00e9cepteurs b\u00eata2-adr\u00e9nergiques) et est utilis\u00e9 dans de nombreux pays comme traitement de l&rsquo;asthme bronchique et d&rsquo;autres maladies pulmonaires. En raison de sa longue demi-vie, le clenbut\u00e9rol n&rsquo;a pas \u00e9t\u00e9 approuv\u00e9 par la FDA pour un usage m\u00e9dical. En tant que stimulant du syst\u00e8me nerveux central, il agit comme l&rsquo;\u00e9pin\u00e9phrine, ayant de nombreuses similitudes avec d&rsquo;autres stimulants du SNC tels que l&rsquo;\u00e9ph\u00e9drine. Contrairement \u00e0 la croyance populaire, le clenbut\u00e9rol a une demi-vie de 35 heures, et non de 48 heures.<\/p>\n<p class=\"\" data-start=\"712\" data-end=\"795\"><strong data-start=\"712\" data-end=\"795\">Principaux bienfaits de l&rsquo;utilisation de Clenoged de Euro Prime Pharmaceuticals<\/strong><\/p>\n<ul data-start=\"796\" data-end=\"1005\">\n<li class=\"\" data-start=\"796\" data-end=\"885\">\n<p class=\"\" data-start=\"798\" data-end=\"885\">Stimulation des r\u00e9cepteurs b\u00eata-adr\u00e9nergiques, entra\u00eenant une combustion des graisses ;<\/p>\n<\/li>\n<li class=\"\" data-start=\"886\" data-end=\"931\">\n<p class=\"\" data-start=\"888\" data-end=\"931\">Acc\u00e9l\u00e9ration significative du m\u00e9tabolisme ;<\/p>\n<\/li>\n<li class=\"\" data-start=\"932\" data-end=\"1005\">\n<p class=\"\" data-start=\"934\" data-end=\"1005\">Stimulation des br\u00fbleurs de graisses naturels : hormones thyro\u00efdiennes.<\/p>\n<\/li>\n<\/ul>\n<p class=\"\" data-start=\"1007\" data-end=\"1065\"><strong data-start=\"1007\" data-end=\"1065\">Comment prendre Clenoged de Euro Prime Pharmaceuticals<\/strong><\/p>\n<p class=\"\" data-start=\"1067\" data-end=\"1402\">Le clenbut\u00e9rol est disponible sous forme de comprim\u00e9s de 40 mcg, bien que la forme en sirop et en solution pour inhalation soit \u00e9galement acceptable. Les doses d\u00e9pendent de la mani\u00e8re dont l&rsquo;utilisateur r\u00e9agit aux effets secondaires, mais en g\u00e9n\u00e9ral, les hommes prennent 3 \u00e0 4 comprim\u00e9s par jour et les femmes 1 \u00e0 2 comprim\u00e9s par jour.<\/p>\n<p class=\"\" data-start=\"1404\" data-end=\"1962\">Le clenbut\u00e9rol perd son effet thermog\u00e9nique apr\u00e8s 6 \u00e0 8 semaines d&rsquo;utilisation, lorsque la temp\u00e9rature corporelle revient \u00e0 la normale. Ses propri\u00e9t\u00e9s anaboliques\/anticataboliques disparaissent apr\u00e8s environ 18 jours d&rsquo;utilisation. L&rsquo;utilisation de m\u00e9dicaments \u00e0 action prolong\u00e9e a conduit \u00e0 la conclusion qu&rsquo;il est plus efficace d&rsquo;utiliser le clenbut\u00e9rol de mani\u00e8re cyclique, avec 2 semaines d&rsquo;utilisation suivies de 2 semaines de pause, et pas plus de 12 semaines. Il est possible de prendre de l&rsquo;\u00e9ph\u00e9drine pendant les semaines de \u00ab repos \u00bb du clenbut\u00e9rol.<\/p>\n<p class=\"\" data-start=\"1964\" data-end=\"2138\">Compar\u00e9 aux effets secondaires, le clenbut\u00e9rol est sans doute plus doux que le DNP, et je dirais m\u00eame qu&rsquo;il est plus doux que la combinaison EKA (\u00e9ph\u00e9drine-caf\u00e9ine-aspirine).<\/p>\n<p class=\"\" data-start=\"2140\" data-end=\"2162\"><strong data-start=\"2140\" data-end=\"2162\">Effets secondaires<\/strong><\/p>\n<ul data-start=\"2163\" data-end=\"2378\">\n<li class=\"\" data-start=\"2163\" data-end=\"2172\">\n<p class=\"\" data-start=\"2165\" data-end=\"2172\">Naus\u00e9es<\/p>\n<\/li>\n<li class=\"\" data-start=\"2173\" data-end=\"2187\">\n<p class=\"\" data-start=\"2175\" data-end=\"2187\">Vomissements<\/p>\n<\/li>\n<li class=\"\" data-start=\"2188\" data-end=\"2216\">\n<p class=\"\" data-start=\"2190\" data-end=\"2216\">Tremblements, bouche s\u00e8che<\/p>\n<\/li>\n<li class=\"\" data-start=\"2217\" data-end=\"2228\">\n<p class=\"\" data-start=\"2219\" data-end=\"2228\">Agitation<\/p>\n<\/li>\n<li class=\"\" data-start=\"2229\" data-end=\"2243\">\n<p class=\"\" data-start=\"2231\" data-end=\"2243\">Palpitations<\/p>\n<\/li>\n<li class=\"\" data-start=\"2244\" data-end=\"2284\">\n<p class=\"\" data-start=\"2246\" data-end=\"2284\">Augmentation de la pression art\u00e9rielle<\/p>\n<\/li>\n<li class=\"\" data-start=\"2285\" data-end=\"2299\">\n<p class=\"\" data-start=\"2287\" data-end=\"2299\">Maux de t\u00eate<\/p>\n<\/li>\n<li class=\"\" data-start=\"2300\" data-end=\"2310\">\n<p class=\"\" data-start=\"2302\" data-end=\"2310\">Vertiges<\/p>\n<\/li>\n<li class=\"\" data-start=\"2311\" data-end=\"2321\">\n<p class=\"\" data-start=\"2313\" data-end=\"2321\">Insomnie<\/p>\n<\/li>\n<li class=\"\" data-start=\"2322\" data-end=\"2343\">\n<p class=\"\" data-start=\"2324\" data-end=\"2343\">Crampes musculaires<\/p>\n<\/li>\n<li class=\"\" data-start=\"2344\" data-end=\"2378\">\n<p class=\"\" data-start=\"2346\" data-end=\"2378\">Augmentation de la transpiration<\/p>\n<\/li>\n<\/ul>\n<p class=\"\" data-start=\"2380\" data-end=\"2441\"><strong data-start=\"2380\" data-end=\"2441\">Combinaison de Clenoged 0,04 mg avec d&rsquo;autres m\u00e9dicaments<\/strong><\/p>\n<p class=\"\" data-start=\"2443\" data-end=\"2531\">Pour minimiser les effets secondaires, le clenbut\u00e9rol doit \u00eatre pris avec du k\u00e9totif\u00e8ne.<\/p>\n<p class=\"\" data-start=\"2533\" data-end=\"2598\"><strong data-start=\"2533\" data-end=\"2598\">Avis sur Clenoged de la part des athl\u00e8tes et des bodybuilders<\/strong><\/p>\n<p class=\"\" data-start=\"2600\" data-end=\"3395\">Selon les athl\u00e8tes, pendant la p\u00e9riode de s\u00e8che, Clenoged de Euro Prime Pharmaceuticals est particuli\u00e8rement efficace. Il y a une augmentation du taux de combustion des graisses, et pendant la p\u00e9riode de deux semaines de prise, on peut perdre jusqu&rsquo;\u00e0 5 kg de masse graisseuse. Un aspect agr\u00e9able est l&rsquo;augmentation de l&rsquo;\u00e9nergie qui accompagne la prise, tr\u00e8s appr\u00e9ci\u00e9e pendant les r\u00e9gimes faibles en glucides. En m\u00eame temps, il existe \u00e9galement des effets secondaires forts. En r\u00e8gle g\u00e9n\u00e9rale, les tremblements et l&rsquo;agitation accompagnent les premiers jours du cycle, peu importe si l&rsquo;athl\u00e8te utilise le clenbut\u00e9rol pour la premi\u00e8re fois. Bien s\u00fbr, la lipolyse acc\u00e9l\u00e9r\u00e9e en vaut la peine ! Surtout pour les athl\u00e8tes qui viennent juste de revenir d&rsquo;une pause et qui ont besoin de se s\u00e9cher un peu.<\/p>\n<p><\/p>","protected":false},"excerpt":{"rendered":"<p>Informations pour ceux qui souhaitent acheter Clenoged de Euro Prime Pharmaceuticals Clenoged (Clenbut\u00e9rol 40 mcg) de Euro Prime Pharmaceuticals est<\/p>\n","protected":false},"featured_media":8057,"comment_status":"open","ping_status":"closed","template":"","meta":[],"product_brand":[],"product_cat":[73,3474],"product_tag":[],"class_list":{"0":"post-8056","1":"product","2":"type-product","3":"status-publish","4":"has-post-thumbnail","6":"product_cat-ssteroides_orales","7":"product_cat-packs","9":"first","10":"outofstock","11":"sale","12":"shipping-taxable","13":"purchasable","14":"product-type-simple"},"yoast_head":"<!-- This site is optimized with the Yoast SEO Premium plugin v24.4 (Yoast SEO v27.0) - https:\/\/yoast.com\/product\/yoast-seo-premium-wordpress\/ -->\n<title>PACK3 - CLENOGED - (Espa\u00f1ol) Esteroides en l\u00ednea<\/title>\n<meta name=\"description\" content=\"Clenoged (Clenbut\u00e9rol) : Agoniste b\u00eata-2 pour br\u00fbler les graisses et stimuler le m\u00e9tabolisme. Stimulant du SNC, initialement pour l&#039;asthme.\" \/>\n<meta name=\"robots\" content=\"index, follow, max-snippet:-1, max-image-preview:large, max-video-preview:-1\" \/>\n<link rel=\"canonical\" href=\"https:\/\/iberoid.com\/fr\/product\/pack3-clenoged-epf-premium\/\" \/>\n<meta property=\"og:locale\" content=\"fr_FR\" \/>\n<meta property=\"og:type\" content=\"article\" \/>\n<meta property=\"og:title\" content=\"PACK3 - CLENOGED\" \/>\n<meta property=\"og:description\" content=\"Clenoged (Clenbut\u00e9rol) : Agoniste b\u00eata-2 pour br\u00fbler les graisses et stimuler le m\u00e9tabolisme. Stimulant du SNC, initialement pour l&#039;asthme.\" \/>\n<meta property=\"og:url\" content=\"https:\/\/iberoid.com\/fr\/product\/pack3-clenoged-epf-premium\/\" \/>\n<meta property=\"og:site_name\" content=\"(Espa\u00f1ol) Esteroides en l\u00ednea\" \/>\n<meta property=\"article:modified_time\" content=\"2026-01-25T14:29:41+00:00\" \/>\n<meta property=\"og:image\" content=\"https:\/\/iberoid.com\/wp-content\/uploads\/2022\/11\/clen-epf-3.jpg?v=1751975723\" \/>\n\t<meta property=\"og:image:width\" content=\"1167\" \/>\n\t<meta property=\"og:image:height\" content=\"2045\" \/>\n\t<meta property=\"og:image:type\" content=\"image\/jpeg\" \/>\n<meta name=\"twitter:card\" content=\"summary_large_image\" \/>\n<meta name=\"twitter:label1\" content=\"Prix\" \/>\n\t<meta name=\"twitter:data1\" content=\"&euro;75.00\" \/>\n\t<meta name=\"twitter:label2\" content=\"Disponibilit\u00e9\" \/>\n\t<meta name=\"twitter:data2\" content=\"Rupture de stock\" \/>\n<script type=\"application\/ld+json\" class=\"yoast-schema-graph\">{\"@context\":\"https:\/\/schema.org\",\"@graph\":[{\"@type\":\"WebPage\",\"@id\":\"https:\/\/iberoid.com\/fr\/product\/pack3-clenoged-epf-premium\/\",\"url\":\"https:\/\/iberoid.com\/fr\/product\/pack3-clenoged-epf-premium\/\",\"name\":\"PACK3 - CLENOGED - (Espa\u00f1ol) Esteroides en l\u00ednea\",\"isPartOf\":{\"@id\":\"https:\/\/iberoid-shop.com\/#website\"},\"primaryImageOfPage\":{\"@id\":\"https:\/\/iberoid.com\/fr\/product\/pack3-clenoged-epf-premium\/#primaryimage\"},\"image\":{\"@id\":\"https:\/\/iberoid.com\/fr\/product\/pack3-clenoged-epf-premium\/#primaryimage\"},\"thumbnailUrl\":\"https:\/\/iberoid.com\/wp-content\/uploads\/2022\/11\/clen-epf-3.jpg?v=1751975723\",\"datePublished\":\"2022-11-08T15:17:39+00:00\",\"dateModified\":\"2026-01-25T14:29:41+00:00\",\"description\":\"Clenoged (Clenbut\u00e9rol) : Agoniste b\u00eata-2 pour br\u00fbler les graisses et stimuler le m\u00e9tabolisme. Stimulant du SNC, initialement pour l'asthme.\",\"breadcrumb\":{\"@id\":\"https:\/\/iberoid.com\/fr\/product\/pack3-clenoged-epf-premium\/#breadcrumb\"},\"inLanguage\":\"fr-FR\",\"potentialAction\":[{\"@type\":\"ReadAction\",\"target\":[[\"https:\/\/iberoid.com\/fr\/product\/pack3-clenoged-epf-premium\/\"]]}]},{\"@type\":\"ImageObject\",\"inLanguage\":\"fr-FR\",\"@id\":\"https:\/\/iberoid.com\/fr\/product\/pack3-clenoged-epf-premium\/#primaryimage\",\"url\":\"https:\/\/iberoid.com\/wp-content\/uploads\/2022\/11\/clen-epf-3.jpg?v=1751975723\",\"contentUrl\":\"https:\/\/iberoid.com\/wp-content\/uploads\/2022\/11\/clen-epf-3.jpg?v=1751975723\",\"width\":1167,\"height\":2045},{\"@type\":\"BreadcrumbList\",\"@id\":\"https:\/\/iberoid.com\/fr\/product\/pack3-clenoged-epf-premium\/#breadcrumb\",\"itemListElement\":[{\"@type\":\"ListItem\",\"position\":1,\"name\":\"Portada\",\"item\":\"https:\/\/iberoid.com\/fr\/\"},{\"@type\":\"ListItem\",\"position\":2,\"name\":\"Magasin\",\"item\":\"https:\/\/iberoid.com\/fr\/shop\/\"},{\"@type\":\"ListItem\",\"position\":3,\"name\":\"PACK3 &#8211; CLENOGED\"}]},{\"@type\":\"WebSite\",\"@id\":\"https:\/\/iberoid-shop.com\/#website\",\"url\":\"https:\/\/iberoid-shop.com\/\",\"name\":\"(Espa\u00f1ol) Esteroides en l\u00ednea\",\"description\":\"(Espa\u00f1ol) Comprar esteroides en l\u00ednea hoy en Espa\u00f1a y Portugal. Tenemos el mejor servicio al cliente en la industria y los productos de la m\u00e1s alta calidad\",\"potentialAction\":[{\"@type\":\"SearchAction\",\"target\":{\"@type\":\"EntryPoint\",\"urlTemplate\":\"https:\/\/iberoid-shop.com\/?s={search_term_string}\"},\"query-input\":{\"@type\":\"PropertyValueSpecification\",\"valueRequired\":true,\"valueName\":\"search_term_string\"}}],\"inLanguage\":\"fr-FR\"}]}<\/script>\n<meta property=\"product:price:amount\" content=\"75.00\" \/>\n<meta property=\"product:price:currency\" content=\"EUR\" \/>\n<meta property=\"og:availability\" content=\"out of stock\" \/>\n<meta property=\"product:availability\" content=\"out of stock\" \/>\n<meta property=\"product:condition\" content=\"new\" \/>\n<!-- \/ Yoast SEO Premium plugin. -->","yoast_head_json":{"title":"PACK3 - CLENOGED - (Espa\u00f1ol) Esteroides en l\u00ednea","description":"Clenoged (Clenbut\u00e9rol) : Agoniste b\u00eata-2 pour br\u00fbler les graisses et stimuler le m\u00e9tabolisme. Stimulant du SNC, initialement pour l'asthme.","robots":{"index":"index","follow":"follow","max-snippet":"max-snippet:-1","max-image-preview":"max-image-preview:large","max-video-preview":"max-video-preview:-1"},"canonical":"https:\/\/iberoid.com\/fr\/product\/pack3-clenoged-epf-premium\/","og_locale":"fr_FR","og_type":"article","og_title":"PACK3 - CLENOGED","og_description":"Clenoged (Clenbut\u00e9rol) : Agoniste b\u00eata-2 pour br\u00fbler les graisses et stimuler le m\u00e9tabolisme. Stimulant du SNC, initialement pour l'asthme.","og_url":"https:\/\/iberoid.com\/fr\/product\/pack3-clenoged-epf-premium\/","og_site_name":"(Espa\u00f1ol) Esteroides en l\u00ednea","article_modified_time":"2026-01-25T14:29:41+00:00","og_image":[{"width":1167,"height":2045,"url":"https:\/\/iberoid.com\/wp-content\/uploads\/2022\/11\/clen-epf-3.jpg?v=1751975723","type":"image\/jpeg"}],"twitter_card":"summary_large_image","twitter_misc":{"Prix":"&euro;75.00","Disponibilit\u00e9":"Rupture de stock"},"schema":{"@context":"https:\/\/schema.org","@graph":[{"@type":"WebPage","@id":"https:\/\/iberoid.com\/fr\/product\/pack3-clenoged-epf-premium\/","url":"https:\/\/iberoid.com\/fr\/product\/pack3-clenoged-epf-premium\/","name":"PACK3 - CLENOGED - (Espa\u00f1ol) Esteroides en l\u00ednea","isPartOf":{"@id":"https:\/\/iberoid-shop.com\/#website"},"primaryImageOfPage":{"@id":"https:\/\/iberoid.com\/fr\/product\/pack3-clenoged-epf-premium\/#primaryimage"},"image":{"@id":"https:\/\/iberoid.com\/fr\/product\/pack3-clenoged-epf-premium\/#primaryimage"},"thumbnailUrl":"https:\/\/iberoid.com\/wp-content\/uploads\/2022\/11\/clen-epf-3.jpg?v=1751975723","datePublished":"2022-11-08T15:17:39+00:00","dateModified":"2026-01-25T14:29:41+00:00","description":"Clenoged (Clenbut\u00e9rol) : Agoniste b\u00eata-2 pour br\u00fbler les graisses et stimuler le m\u00e9tabolisme. Stimulant du SNC, initialement pour l'asthme.","breadcrumb":{"@id":"https:\/\/iberoid.com\/fr\/product\/pack3-clenoged-epf-premium\/#breadcrumb"},"inLanguage":"fr-FR","potentialAction":[{"@type":"ReadAction","target":[["https:\/\/iberoid.com\/fr\/product\/pack3-clenoged-epf-premium\/"]]}]},{"@type":"ImageObject","inLanguage":"fr-FR","@id":"https:\/\/iberoid.com\/fr\/product\/pack3-clenoged-epf-premium\/#primaryimage","url":"https:\/\/iberoid.com\/wp-content\/uploads\/2022\/11\/clen-epf-3.jpg?v=1751975723","contentUrl":"https:\/\/iberoid.com\/wp-content\/uploads\/2022\/11\/clen-epf-3.jpg?v=1751975723","width":1167,"height":2045},{"@type":"BreadcrumbList","@id":"https:\/\/iberoid.com\/fr\/product\/pack3-clenoged-epf-premium\/#breadcrumb","itemListElement":[{"@type":"ListItem","position":1,"name":"Portada","item":"https:\/\/iberoid.com\/fr\/"},{"@type":"ListItem","position":2,"name":"Magasin","item":"https:\/\/iberoid.com\/fr\/shop\/"},{"@type":"ListItem","position":3,"name":"PACK3 &#8211; CLENOGED"}]},{"@type":"WebSite","@id":"https:\/\/iberoid-shop.com\/#website","url":"https:\/\/iberoid-shop.com\/","name":"(Espa\u00f1ol) Esteroides en l\u00ednea","description":"(Espa\u00f1ol) Comprar esteroides en l\u00ednea hoy en Espa\u00f1a y Portugal. Tenemos el mejor servicio al cliente en la industria y los productos de la m\u00e1s alta calidad","potentialAction":[{"@type":"SearchAction","target":{"@type":"EntryPoint","urlTemplate":"https:\/\/iberoid-shop.com\/?s={search_term_string}"},"query-input":{"@type":"PropertyValueSpecification","valueRequired":true,"valueName":"search_term_string"}}],"inLanguage":"fr-FR"}]},"product_price_amount":"75.00","product_price_currency":"EUR","og_availability":"out of stock","product_availability":"out of stock","product_condition":"new"},"_links":{"self":[{"href":"https:\/\/iberoid.com\/fr\/wp-json\/wp\/v2\/product\/8056","targetHints":{"allow":["GET"]}}],"collection":[{"href":"https:\/\/iberoid.com\/fr\/wp-json\/wp\/v2\/product"}],"about":[{"href":"https:\/\/iberoid.com\/fr\/wp-json\/wp\/v2\/types\/product"}],"replies":[{"embeddable":true,"href":"https:\/\/iberoid.com\/fr\/wp-json\/wp\/v2\/comments?post=8056"}],"wp:featuredmedia":[{"embeddable":true,"href":"https:\/\/iberoid.com\/fr\/wp-json\/wp\/v2\/media\/8057"}],"wp:attachment":[{"href":"https:\/\/iberoid.com\/fr\/wp-json\/wp\/v2\/media?parent=8056"}],"wp:term":[{"taxonomy":"product_brand","embeddable":true,"href":"https:\/\/iberoid.com\/fr\/wp-json\/wp\/v2\/product_brand?post=8056"},{"taxonomy":"product_cat","embeddable":true,"href":"https:\/\/iberoid.com\/fr\/wp-json\/wp\/v2\/product_cat?post=8056"},{"taxonomy":"product_tag","embeddable":true,"href":"https:\/\/iberoid.com\/fr\/wp-json\/wp\/v2\/product_tag?post=8056"}],"curies":[{"name":"wp","href":"https:\/\/api.w.org\/{rel}","templated":true}]}}