{"id":8144,"date":"2022-12-19T14:32:57","date_gmt":"2022-12-19T14:32:57","guid":{"rendered":"https:\/\/iberoid.com\/?post_type=product&#038;p=8144"},"modified":"2026-01-11T17:51:40","modified_gmt":"2026-01-11T17:51:40","slug":"clomiged-clomifene-clomid-epf","status":"publish","type":"product","link":"https:\/\/iberoid.com\/fr\/product\/clomiged-clomifene-clomid-epf\/","title":{"rendered":"CLOMIGED &#8211; CLOMID 1 blister 20 pastillas\/50mg"},"content":{"rendered":"<p><\/p>\n<p data-path-to-node=\"0\">Voici la traduction en fran\u00e7ais :<\/p>\n<p data-path-to-node=\"1\"><b>Le Clomid de la soci\u00e9t\u00e9 moldave EPF est tr\u00e8s populaire dans le sport et la m\u00e9decine traditionnelle. C&rsquo;est un anti-\u0153strog\u00e8ne puissant, de la classe des bloqueurs s\u00e9lectifs des r\u00e9cepteurs d&rsquo;\u0153strog\u00e8nes. Nous recommandons d&rsquo;acheter le Clomid d&rsquo;EPF pour la th\u00e9rapie post-cycle ult\u00e9rieure. Notez que, dans le sport, les anti-\u0153strog\u00e8nes sont utilis\u00e9s uniquement par les hommes.<\/b><\/p>\n<h3 data-path-to-node=\"2\">Principaux effets du Clomid EPF<\/h3>\n<p data-path-to-node=\"3\">Comme mentionn\u00e9 ci-dessus, le Clomid est un anti-\u0153strog\u00e8ne. Cependant, son m\u00e9canisme d&rsquo;action diff\u00e8re consid\u00e9rablement de celui des inhibiteurs de l&rsquo;aromatase. Le citrate de clomif\u00e8ne n&rsquo;est pas capable d&rsquo;influencer le processus d&rsquo;aromatisation. C&rsquo;est pourquoi il n&rsquo;est pas logique de l&rsquo;utiliser directement pendant le cycle anabolique. Le composant actif de ce m\u00e9dicament est capable de bloquer efficacement les r\u00e9cepteurs d&rsquo;\u0153strog\u00e8nes. En termes simples, les mol\u00e9cules du m\u00e9dicament se fixent \u00e0 ces r\u00e9cepteurs, emp\u00eachant l&rsquo;hormone f\u00e9minine de le faire.<\/p>\n<p data-path-to-node=\"4\">En cons\u00e9quence, la concentration d&rsquo;\u0153strog\u00e8nes dans le corps ne change pas, mais leur activit\u00e9 diminue. Un autre avantage important de ce m\u00e9dicament est sa capacit\u00e9 \u00e0 stimuler la synth\u00e8se des hormones gonadotropes. C&rsquo;est une autre raison pour laquelle les athl\u00e8tes d\u00e9cident de commander du Clomid aupr\u00e8s du fabricant EPF.<\/p>\n<p data-path-to-node=\"5\">Aujourd&rsquo;hui, il est certain que tous les st\u00e9ro\u00efdes sont capables de supprimer la performance de l&rsquo;axe hypophysaire. Il est assez \u00e9vident que les m\u00e9dicaments st\u00e9ro\u00efdiens l\u00e9gers le font moins activement que les plus puissants. Apr\u00e8s l&rsquo;ach\u00e8vement du cycle anabolique, on observe un d\u00e9s\u00e9quilibre du syst\u00e8me endocrinien dans le corps. En utilisant le clomif\u00e8ne, vous r\u00e9duisez non seulement l&rsquo;activit\u00e9 des hormones f\u00e9minines, mais vous stimulez \u00e9galement la synth\u00e8se de testost\u00e9rone endog\u00e8ne.<\/p>\n<p data-path-to-node=\"6\"><b>Nous notons les principaux effets positifs du m\u00e9dicament :<\/b><\/p>\n<ul data-path-to-node=\"7\">\n<li>\n<p data-path-to-node=\"7,0,0\">Normalise la concentration de testost\u00e9rone.<\/p>\n<\/li>\n<li>\n<p data-path-to-node=\"7,1,0\">Stimule la production de liquide s\u00e9minal et am\u00e9liore sa qualit\u00e9.<\/p>\n<\/li>\n<li>\n<p data-path-to-node=\"7,2,0\">Bloque les r\u00e9cepteurs d&rsquo;\u0153strog\u00e8nes.<\/p>\n<\/li>\n<\/ul>\n<p data-path-to-node=\"8\">Il convient \u00e9galement de noter que le prix du Clomid d&rsquo;EPF ne semble pas trop \u00e9lev\u00e9. Il correspond pleinement \u00e0 l&rsquo;efficacit\u00e9 du m\u00e9dicament. De nombreux athl\u00e8tes novices se demandent si ce m\u00e9dicament a ses propres effets secondaires. Malheureusement, il n&rsquo;existe aujourd&rsquo;hui aucun m\u00e9dicament totalement s\u00fbr. Le citrate de clomif\u00e8ne, lorsqu&rsquo;il est utilis\u00e9 \u00e0 fortes doses, peut \u00e9galement provoquer des effets n\u00e9gatifs. Cependant, ils sont extr\u00eamement rares, car les athl\u00e8tes prennent le clomif\u00e8ne dans la plupart des cas conform\u00e9ment aux recommandations. De plus, il convient de noter qu&rsquo;il s&rsquo;agit d&rsquo;un agent plus s\u00fbr par rapport au tamoxif\u00e8ne.<\/p>\n<hr data-path-to-node=\"9\" \/>\n<h3 data-path-to-node=\"10\">Comment utiliser le Clomif\u00e8ne EPF<\/h3>\n<p data-path-to-node=\"11\">La grande popularit\u00e9 de cet anti-\u0153strog\u00e8ne est attest\u00e9e par le nombre d&rsquo;avis sur le Clomid du fabricant EPF. Ce m\u00e9dicament est tr\u00e8s pris\u00e9 par les athl\u00e8tes. Il est \u00e9vident que dans une telle situation, il existe les sch\u00e9mas d&rsquo;utilisation de cet anti-\u0153strog\u00e8ne les plus efficaces et les plus s\u00fbrs.<\/p>\n<p data-path-to-node=\"12\">La posologie quotidienne recommand\u00e9e est comprise entre <b>25 et 150 mg<\/b>. Pour d\u00e9terminer la dose exacte, vous devez vous concentrer sur la puissance du cycle. Apr\u00e8s avoir utilis\u00e9 des pr\u00e9parations st\u00e9ro\u00efdiennes l\u00e9g\u00e8res, il suffit de consommer <b>50 mg<\/b> de Clomid par jour pendant <b>2-3 semaines<\/b>. Apr\u00e8s un cycle de puissance moyenne, prenez <b>50 mg<\/b> d&rsquo;anti-\u0153strog\u00e8ne pendant deux semaines, puis <b>25 mg<\/b> pendant les 14 jours suivants.<\/p>\n<p data-path-to-node=\"13\"><b>Le sch\u00e9ma d&rsquo;utilisation apr\u00e8s un cycle tr\u00e8s puissant est diff\u00e9rent :<\/b><\/p>\n<ul data-path-to-node=\"14\">\n<li>\n<p data-path-to-node=\"14,0,0\">Les 3 premiers jours : <b>150 mg<\/b> par jour.<\/p>\n<\/li>\n<li>\n<p data-path-to-node=\"14,1,0\">Pendant les 7 semaines suivantes : <b>100 mg<\/b> chaque jour.<\/p>\n<\/li>\n<li>\n<p data-path-to-node=\"14,2,0\">Pendant 14 jours : <b>50 mg<\/b>.<\/p>\n<\/li>\n<li>\n<p data-path-to-node=\"14,3,0\"><b>25 mg<\/b> pendant les deux semaines suivantes.<\/p>\n<\/li>\n<\/ul>\n<p data-path-to-node=\"15\">En conclusion, nous rappelons qu&rsquo;apr\u00e8s un cycle de n&rsquo;importe quelle puissance, vous devez effectuer une th\u00e9rapie post-cycle. Gr\u00e2ce \u00e0 ces activit\u00e9s, vous aiderez le corps \u00e0 r\u00e9cup\u00e9rer.<\/p>\n<p><\/p>","protected":false},"excerpt":{"rendered":"<p>Voici la traduction en fran\u00e7ais : Le Clomid de la soci\u00e9t\u00e9 moldave EPF est tr\u00e8s populaire dans le sport et<\/p>\n","protected":false},"featured_media":5527,"comment_status":"open","ping_status":"closed","template":"","meta":[],"product_brand":[],"product_cat":[73],"product_tag":[],"class_list":{"0":"post-8144","1":"product","2":"type-product","3":"status-publish","4":"has-post-thumbnail","6":"product_cat-ssteroides_orales","8":"first","9":"outofstock","10":"shipping-taxable","11":"purchasable","12":"product-type-simple"},"yoast_head":"<!-- This site is optimized with the Yoast SEO Premium plugin v24.4 (Yoast SEO v27.3) - https:\/\/yoast.com\/product\/yoast-seo-premium-wordpress\/ -->\n<title>CLOMIGED - CLOMID 1 blister 20 pastillas\/50mg - (Espa\u00f1ol) Esteroides en l\u00ednea<\/title>\n<meta name=\"description\" content=\"Clomid EPF est un anti-\u0153strog\u00e8ne top pour la relance. Il bloque les r\u00e9cepteurs d&#039;\u0153strog\u00e8nes et r\u00e9tablit la testost\u00e9rone naturelle.\" \/>\n<meta name=\"robots\" content=\"index, follow, max-snippet:-1, max-image-preview:large, max-video-preview:-1\" \/>\n<link rel=\"canonical\" href=\"https:\/\/iberoid.com\/fr\/product\/clomiged-clomifene-clomid-epf\/\" \/>\n<meta property=\"og:locale\" content=\"fr_FR\" \/>\n<meta property=\"og:type\" content=\"article\" \/>\n<meta property=\"og:title\" content=\"CLOMIGED - CLOMID 1 blister 20 pastillas\/50mg\" \/>\n<meta property=\"og:description\" content=\"Clomid EPF est un anti-\u0153strog\u00e8ne top pour la relance. Il bloque les r\u00e9cepteurs d&#039;\u0153strog\u00e8nes et r\u00e9tablit la testost\u00e9rone naturelle.\" \/>\n<meta property=\"og:url\" content=\"https:\/\/iberoid.com\/fr\/product\/clomiged-clomifene-clomid-epf\/\" \/>\n<meta property=\"og:site_name\" content=\"(Espa\u00f1ol) Esteroides en l\u00ednea\" \/>\n<meta property=\"article:modified_time\" content=\"2026-01-11T17:51:40+00:00\" \/>\n<meta property=\"og:image\" content=\"https:\/\/iberoid.com\/wp-content\/uploads\/2020\/12\/CLOMIGED.jpg?v=1699330982\" \/>\n\t<meta property=\"og:image:width\" content=\"500\" \/>\n\t<meta property=\"og:image:height\" content=\"500\" \/>\n\t<meta property=\"og:image:type\" content=\"image\/jpeg\" \/>\n<meta name=\"twitter:card\" content=\"summary_large_image\" \/>\n<meta name=\"twitter:label1\" content=\"Prix\" \/>\n\t<meta name=\"twitter:data1\" content=\"&euro;25.00\" \/>\n\t<meta name=\"twitter:label2\" content=\"Disponibilit\u00e9\" \/>\n\t<meta name=\"twitter:data2\" content=\"Rupture de stock\" \/>\n<script type=\"application\/ld+json\" class=\"yoast-schema-graph\">{\"@context\":\"https:\\\/\\\/schema.org\",\"@graph\":[{\"@type\":\"WebPage\",\"@id\":\"https:\\\/\\\/iberoid.com\\\/fr\\\/product\\\/clomiged-clomifene-clomid-epf\\\/\",\"url\":\"https:\\\/\\\/iberoid.com\\\/fr\\\/product\\\/clomiged-clomifene-clomid-epf\\\/\",\"name\":\"CLOMIGED - CLOMID 1 blister 20 pastillas\\\/50mg - (Espa\u00f1ol) Esteroides en l\u00ednea\",\"isPartOf\":{\"@id\":\"https:\\\/\\\/iberoid.com\\\/fr\\\/#website\"},\"primaryImageOfPage\":{\"@id\":\"https:\\\/\\\/iberoid.com\\\/fr\\\/product\\\/clomiged-clomifene-clomid-epf\\\/#primaryimage\"},\"image\":{\"@id\":\"https:\\\/\\\/iberoid.com\\\/fr\\\/product\\\/clomiged-clomifene-clomid-epf\\\/#primaryimage\"},\"thumbnailUrl\":\"https:\\\/\\\/iberoid.com\\\/wp-content\\\/uploads\\\/2020\\\/12\\\/CLOMIGED.jpg?v=1699330982\",\"datePublished\":\"2022-12-19T14:32:57+00:00\",\"dateModified\":\"2026-01-11T17:51:40+00:00\",\"description\":\"Clomid EPF est un anti-\u0153strog\u00e8ne top pour la relance. Il bloque les r\u00e9cepteurs d'\u0153strog\u00e8nes et r\u00e9tablit la testost\u00e9rone naturelle.\",\"breadcrumb\":{\"@id\":\"https:\\\/\\\/iberoid.com\\\/fr\\\/product\\\/clomiged-clomifene-clomid-epf\\\/#breadcrumb\"},\"inLanguage\":\"fr-FR\",\"potentialAction\":[{\"@type\":\"ReadAction\",\"target\":[[\"https:\\\/\\\/iberoid.com\\\/fr\\\/product\\\/clomiged-clomifene-clomid-epf\\\/\"]]}]},{\"@type\":\"ImageObject\",\"inLanguage\":\"fr-FR\",\"@id\":\"https:\\\/\\\/iberoid.com\\\/fr\\\/product\\\/clomiged-clomifene-clomid-epf\\\/#primaryimage\",\"url\":\"https:\\\/\\\/iberoid.com\\\/wp-content\\\/uploads\\\/2020\\\/12\\\/CLOMIGED.jpg?v=1699330982\",\"contentUrl\":\"https:\\\/\\\/iberoid.com\\\/wp-content\\\/uploads\\\/2020\\\/12\\\/CLOMIGED.jpg?v=1699330982\",\"width\":500,\"height\":500},{\"@type\":\"BreadcrumbList\",\"@id\":\"https:\\\/\\\/iberoid.com\\\/fr\\\/product\\\/clomiged-clomifene-clomid-epf\\\/#breadcrumb\",\"itemListElement\":[{\"@type\":\"ListItem\",\"position\":1,\"name\":\"Portada\",\"item\":\"https:\\\/\\\/iberoid.com\\\/fr\\\/\"},{\"@type\":\"ListItem\",\"position\":2,\"name\":\"Magasin\",\"item\":\"https:\\\/\\\/iberoid.com\\\/fr\\\/shop\\\/\"},{\"@type\":\"ListItem\",\"position\":3,\"name\":\"CLOMIGED &#8211; CLOMID 1 blister 20 pastillas\\\/50mg\"}]},{\"@type\":\"WebSite\",\"@id\":\"https:\\\/\\\/iberoid.com\\\/fr\\\/#website\",\"url\":\"https:\\\/\\\/iberoid.com\\\/fr\\\/\",\"name\":\"(Espa\u00f1ol) Esteroides en l\u00ednea\",\"description\":\"(Espa\u00f1ol) Comprar esteroides en l\u00ednea hoy en Espa\u00f1a y Portugal. Tenemos el mejor servicio al cliente en la industria y los productos de la m\u00e1s alta calidad\",\"potentialAction\":[{\"@type\":\"SearchAction\",\"target\":{\"@type\":\"EntryPoint\",\"urlTemplate\":\"https:\\\/\\\/iberoid.com\\\/fr\\\/?s={search_term_string}\"},\"query-input\":{\"@type\":\"PropertyValueSpecification\",\"valueRequired\":true,\"valueName\":\"search_term_string\"}}],\"inLanguage\":\"fr-FR\"}]}<\/script>\n<meta property=\"product:brand\" content=\"Euro Prime Pharmaceuticals (EPF)\" \/>\n<meta property=\"product:price:amount\" content=\"25.00\" \/>\n<meta property=\"product:price:currency\" content=\"EUR\" \/>\n<meta property=\"og:availability\" content=\"out of stock\" \/>\n<meta property=\"product:availability\" content=\"out of stock\" \/>\n<meta property=\"product:condition\" content=\"new\" \/>\n<!-- \/ Yoast SEO Premium plugin. -->","yoast_head_json":{"title":"CLOMIGED - CLOMID 1 blister 20 pastillas\/50mg - (Espa\u00f1ol) Esteroides en l\u00ednea","description":"Clomid EPF est un anti-\u0153strog\u00e8ne top pour la relance. Il bloque les r\u00e9cepteurs d'\u0153strog\u00e8nes et r\u00e9tablit la testost\u00e9rone naturelle.","robots":{"index":"index","follow":"follow","max-snippet":"max-snippet:-1","max-image-preview":"max-image-preview:large","max-video-preview":"max-video-preview:-1"},"canonical":"https:\/\/iberoid.com\/fr\/product\/clomiged-clomifene-clomid-epf\/","og_locale":"fr_FR","og_type":"article","og_title":"CLOMIGED - CLOMID 1 blister 20 pastillas\/50mg","og_description":"Clomid EPF est un anti-\u0153strog\u00e8ne top pour la relance. Il bloque les r\u00e9cepteurs d'\u0153strog\u00e8nes et r\u00e9tablit la testost\u00e9rone naturelle.","og_url":"https:\/\/iberoid.com\/fr\/product\/clomiged-clomifene-clomid-epf\/","og_site_name":"(Espa\u00f1ol) Esteroides en l\u00ednea","article_modified_time":"2026-01-11T17:51:40+00:00","og_image":[{"width":500,"height":500,"url":"https:\/\/iberoid.com\/wp-content\/uploads\/2020\/12\/CLOMIGED.jpg?v=1699330982","type":"image\/jpeg"}],"twitter_card":"summary_large_image","twitter_misc":{"Prix":"&euro;25.00","Disponibilit\u00e9":"Rupture de stock"},"schema":{"@context":"https:\/\/schema.org","@graph":[{"@type":"WebPage","@id":"https:\/\/iberoid.com\/fr\/product\/clomiged-clomifene-clomid-epf\/","url":"https:\/\/iberoid.com\/fr\/product\/clomiged-clomifene-clomid-epf\/","name":"CLOMIGED - CLOMID 1 blister 20 pastillas\/50mg - (Espa\u00f1ol) Esteroides en l\u00ednea","isPartOf":{"@id":"https:\/\/iberoid.com\/fr\/#website"},"primaryImageOfPage":{"@id":"https:\/\/iberoid.com\/fr\/product\/clomiged-clomifene-clomid-epf\/#primaryimage"},"image":{"@id":"https:\/\/iberoid.com\/fr\/product\/clomiged-clomifene-clomid-epf\/#primaryimage"},"thumbnailUrl":"https:\/\/iberoid.com\/wp-content\/uploads\/2020\/12\/CLOMIGED.jpg?v=1699330982","datePublished":"2022-12-19T14:32:57+00:00","dateModified":"2026-01-11T17:51:40+00:00","description":"Clomid EPF est un anti-\u0153strog\u00e8ne top pour la relance. Il bloque les r\u00e9cepteurs d'\u0153strog\u00e8nes et r\u00e9tablit la testost\u00e9rone naturelle.","breadcrumb":{"@id":"https:\/\/iberoid.com\/fr\/product\/clomiged-clomifene-clomid-epf\/#breadcrumb"},"inLanguage":"fr-FR","potentialAction":[{"@type":"ReadAction","target":[["https:\/\/iberoid.com\/fr\/product\/clomiged-clomifene-clomid-epf\/"]]}]},{"@type":"ImageObject","inLanguage":"fr-FR","@id":"https:\/\/iberoid.com\/fr\/product\/clomiged-clomifene-clomid-epf\/#primaryimage","url":"https:\/\/iberoid.com\/wp-content\/uploads\/2020\/12\/CLOMIGED.jpg?v=1699330982","contentUrl":"https:\/\/iberoid.com\/wp-content\/uploads\/2020\/12\/CLOMIGED.jpg?v=1699330982","width":500,"height":500},{"@type":"BreadcrumbList","@id":"https:\/\/iberoid.com\/fr\/product\/clomiged-clomifene-clomid-epf\/#breadcrumb","itemListElement":[{"@type":"ListItem","position":1,"name":"Portada","item":"https:\/\/iberoid.com\/fr\/"},{"@type":"ListItem","position":2,"name":"Magasin","item":"https:\/\/iberoid.com\/fr\/shop\/"},{"@type":"ListItem","position":3,"name":"CLOMIGED &#8211; CLOMID 1 blister 20 pastillas\/50mg"}]},{"@type":"WebSite","@id":"https:\/\/iberoid.com\/fr\/#website","url":"https:\/\/iberoid.com\/fr\/","name":"(Espa\u00f1ol) Esteroides en l\u00ednea","description":"(Espa\u00f1ol) Comprar esteroides en l\u00ednea hoy en Espa\u00f1a y Portugal. Tenemos el mejor servicio al cliente en la industria y los productos de la m\u00e1s alta calidad","potentialAction":[{"@type":"SearchAction","target":{"@type":"EntryPoint","urlTemplate":"https:\/\/iberoid.com\/fr\/?s={search_term_string}"},"query-input":{"@type":"PropertyValueSpecification","valueRequired":true,"valueName":"search_term_string"}}],"inLanguage":"fr-FR"}]},"product_brand":"Euro Prime Pharmaceuticals (EPF)","product_price_amount":"25.00","product_price_currency":"EUR","og_availability":"out of stock","product_availability":"out of stock","product_condition":"new"},"_links":{"self":[{"href":"https:\/\/iberoid.com\/fr\/wp-json\/wp\/v2\/product\/8144","targetHints":{"allow":["GET"]}}],"collection":[{"href":"https:\/\/iberoid.com\/fr\/wp-json\/wp\/v2\/product"}],"about":[{"href":"https:\/\/iberoid.com\/fr\/wp-json\/wp\/v2\/types\/product"}],"replies":[{"embeddable":true,"href":"https:\/\/iberoid.com\/fr\/wp-json\/wp\/v2\/comments?post=8144"}],"wp:featuredmedia":[{"embeddable":true,"href":"https:\/\/iberoid.com\/fr\/wp-json\/wp\/v2\/media\/5527"}],"wp:attachment":[{"href":"https:\/\/iberoid.com\/fr\/wp-json\/wp\/v2\/media?parent=8144"}],"wp:term":[{"taxonomy":"product_brand","embeddable":true,"href":"https:\/\/iberoid.com\/fr\/wp-json\/wp\/v2\/product_brand?post=8144"},{"taxonomy":"product_cat","embeddable":true,"href":"https:\/\/iberoid.com\/fr\/wp-json\/wp\/v2\/product_cat?post=8144"},{"taxonomy":"product_tag","embeddable":true,"href":"https:\/\/iberoid.com\/fr\/wp-json\/wp\/v2\/product_tag?post=8144"}],"curies":[{"name":"wp","href":"https:\/\/api.w.org\/{rel}","templated":true}]}}