{"id":8282,"date":"2023-02-20T21:52:05","date_gmt":"2023-02-20T21:52:05","guid":{"rendered":"https:\/\/iberoid.com\/?post_type=product&#038;p=8282"},"modified":"2023-07-28T11:17:45","modified_gmt":"2023-07-28T11:17:45","slug":"primobolan-diamod-pharma-group","status":"publish","type":"product","link":"https:\/\/iberoid.com\/fr\/product\/primobolan-diamod-pharma-group\/","title":{"rendered":"PRIMOBOLAN\/10"},"content":{"rendered":"<p><strong>PRIMOBOLAN<\/strong><\/p>\n<p>Primobolan a un petit effet androg\u00e8ne et en administrant le st\u00e9ro\u00efde vous n&rsquo;aurez pas une augmentation rapide de la masse musculaire ou de la force et il est n\u00e9cessaire de l&rsquo;administrer sur une plus longue p\u00e9riode de temps. La masse musculaire obtenue avec le primobolan sera de haute qualit\u00e9 et sera pr\u00e9serv\u00e9e m\u00eame apr\u00e8s l&rsquo;arr\u00eat de l&rsquo;administration.<\/p>\n<p>Primobolan contribue \u00e9galement \u00e0 la combustion des graisses et la dose recommand\u00e9e est de 200 \u00e0 400 mg de dose moyenne par semaine. Primobolan peut \u00eatre administr\u00e9 avec d&rsquo;autres st\u00e9ro\u00efdes car il s&rsquo;agit d&rsquo;un st\u00e9ro\u00efde doux. Injection de Primobolan 100 mg\/ml.<\/p>","protected":false},"excerpt":{"rendered":"<p>PRIMOBOLAN Primobolan a un petit effet androg\u00e8ne et en administrant le st\u00e9ro\u00efde vous n&rsquo;aurez pas une augmentation rapide de la<\/p>\n","protected":false},"featured_media":8283,"comment_status":"open","ping_status":"closed","template":"","meta":[],"product_brand":[],"product_cat":[69],"product_tag":[],"class_list":{"0":"post-8282","1":"product","2":"type-product","3":"status-publish","4":"has-post-thumbnail","6":"product_cat-esteroides_inyectables","8":"first","9":"outofstock","10":"shipping-taxable","11":"purchasable","12":"product-type-simple"},"yoast_head":"<!-- This site is optimized with the Yoast SEO Premium plugin v24.4 (Yoast SEO v27.3) - https:\/\/yoast.com\/product\/yoast-seo-premium-wordpress\/ -->\n<title>PRIMOBOLAN\/10  - (Espa\u00f1ol) Esteroides en l\u00ednea<\/title>\n<meta name=\"robots\" content=\"index, follow, max-snippet:-1, max-image-preview:large, max-video-preview:-1\" \/>\n<link rel=\"canonical\" href=\"https:\/\/iberoid.com\/fr\/product\/primobolan-diamod-pharma-group\/\" \/>\n<meta property=\"og:locale\" content=\"fr_FR\" \/>\n<meta property=\"og:type\" content=\"article\" \/>\n<meta property=\"og:title\" content=\"PRIMOBOLAN\/10\" \/>\n<meta property=\"og:description\" content=\"PRIMOBOLAN Primobolan a un petit effet androg\u00e8ne et en administrant le st\u00e9ro\u00efde vous n&rsquo;aurez pas une augmentation rapide de la\" \/>\n<meta property=\"og:url\" content=\"https:\/\/iberoid.com\/fr\/product\/primobolan-diamod-pharma-group\/\" \/>\n<meta property=\"og:site_name\" content=\"(Espa\u00f1ol) Esteroides en l\u00ednea\" \/>\n<meta property=\"article:modified_time\" content=\"2023-07-28T11:17:45+00:00\" \/>\n<meta property=\"og:image\" content=\"https:\/\/iberoid.com\/wp-content\/uploads\/2023\/02\/Diaprim-100.png?v=1688372886\" \/>\n\t<meta property=\"og:image:width\" content=\"553\" \/>\n\t<meta property=\"og:image:height\" content=\"553\" \/>\n\t<meta property=\"og:image:type\" content=\"image\/png\" \/>\n<meta name=\"twitter:card\" content=\"summary_large_image\" \/>\n<meta name=\"twitter:label1\" content=\"Prix\" \/>\n\t<meta name=\"twitter:data1\" content=\"&euro;75.00\" \/>\n\t<meta name=\"twitter:label2\" content=\"Disponibilit\u00e9\" \/>\n\t<meta name=\"twitter:data2\" content=\"Rupture de stock\" \/>\n<script type=\"application\/ld+json\" class=\"yoast-schema-graph\">{\"@context\":\"https:\\\/\\\/schema.org\",\"@graph\":[{\"@type\":\"WebPage\",\"@id\":\"https:\\\/\\\/iberoid.com\\\/fr\\\/product\\\/primobolan-diamod-pharma-group\\\/\",\"url\":\"https:\\\/\\\/iberoid.com\\\/fr\\\/product\\\/primobolan-diamod-pharma-group\\\/\",\"name\":\"PRIMOBOLAN\\\/10  - (Espa\u00f1ol) Esteroides en l\u00ednea\",\"isPartOf\":{\"@id\":\"https:\\\/\\\/iberoid-shop.com\\\/#website\"},\"primaryImageOfPage\":{\"@id\":\"https:\\\/\\\/iberoid.com\\\/fr\\\/product\\\/primobolan-diamod-pharma-group\\\/#primaryimage\"},\"image\":{\"@id\":\"https:\\\/\\\/iberoid.com\\\/fr\\\/product\\\/primobolan-diamod-pharma-group\\\/#primaryimage\"},\"thumbnailUrl\":\"https:\\\/\\\/iberoid.com\\\/wp-content\\\/uploads\\\/2023\\\/02\\\/Diaprim-100.png?v=1688372886\",\"datePublished\":\"2023-02-20T21:52:05+00:00\",\"dateModified\":\"2023-07-28T11:17:45+00:00\",\"breadcrumb\":{\"@id\":\"https:\\\/\\\/iberoid.com\\\/fr\\\/product\\\/primobolan-diamod-pharma-group\\\/#breadcrumb\"},\"inLanguage\":\"fr-FR\",\"potentialAction\":[{\"@type\":\"ReadAction\",\"target\":[[\"https:\\\/\\\/iberoid.com\\\/fr\\\/product\\\/primobolan-diamod-pharma-group\\\/\"]]}]},{\"@type\":\"ImageObject\",\"inLanguage\":\"fr-FR\",\"@id\":\"https:\\\/\\\/iberoid.com\\\/fr\\\/product\\\/primobolan-diamod-pharma-group\\\/#primaryimage\",\"url\":\"https:\\\/\\\/iberoid.com\\\/wp-content\\\/uploads\\\/2023\\\/02\\\/Diaprim-100.png?v=1688372886\",\"contentUrl\":\"https:\\\/\\\/iberoid.com\\\/wp-content\\\/uploads\\\/2023\\\/02\\\/Diaprim-100.png?v=1688372886\",\"width\":553,\"height\":553},{\"@type\":\"BreadcrumbList\",\"@id\":\"https:\\\/\\\/iberoid.com\\\/fr\\\/product\\\/primobolan-diamod-pharma-group\\\/#breadcrumb\",\"itemListElement\":[{\"@type\":\"ListItem\",\"position\":1,\"name\":\"Portada\",\"item\":\"https:\\\/\\\/iberoid.com\\\/fr\\\/\"},{\"@type\":\"ListItem\",\"position\":2,\"name\":\"Magasin\",\"item\":\"https:\\\/\\\/iberoid.com\\\/fr\\\/shop\\\/\"},{\"@type\":\"ListItem\",\"position\":3,\"name\":\"PRIMOBOLAN\\\/10\"}]},{\"@type\":\"WebSite\",\"@id\":\"https:\\\/\\\/iberoid-shop.com\\\/#website\",\"url\":\"https:\\\/\\\/iberoid-shop.com\\\/\",\"name\":\"(Espa\u00f1ol) Esteroides en l\u00ednea\",\"description\":\"(Espa\u00f1ol) Comprar esteroides en l\u00ednea hoy en Espa\u00f1a y Portugal. Tenemos el mejor servicio al cliente en la industria y los productos de la m\u00e1s alta calidad\",\"potentialAction\":[{\"@type\":\"SearchAction\",\"target\":{\"@type\":\"EntryPoint\",\"urlTemplate\":\"https:\\\/\\\/iberoid-shop.com\\\/?s={search_term_string}\"},\"query-input\":{\"@type\":\"PropertyValueSpecification\",\"valueRequired\":true,\"valueName\":\"search_term_string\"}}],\"inLanguage\":\"fr-FR\"}]}<\/script>\n<meta property=\"product:brand\" content=\"Diamond Pharma\" \/>\n<meta property=\"product:price:amount\" content=\"75.00\" \/>\n<meta property=\"product:price:currency\" content=\"EUR\" \/>\n<meta property=\"og:availability\" content=\"out of stock\" \/>\n<meta property=\"product:availability\" content=\"out of stock\" \/>\n<meta property=\"product:condition\" content=\"new\" \/>\n<!-- \/ Yoast SEO Premium plugin. -->","yoast_head_json":{"title":"PRIMOBOLAN\/10  - (Espa\u00f1ol) Esteroides en l\u00ednea","robots":{"index":"index","follow":"follow","max-snippet":"max-snippet:-1","max-image-preview":"max-image-preview:large","max-video-preview":"max-video-preview:-1"},"canonical":"https:\/\/iberoid.com\/fr\/product\/primobolan-diamod-pharma-group\/","og_locale":"fr_FR","og_type":"article","og_title":"PRIMOBOLAN\/10","og_description":"PRIMOBOLAN Primobolan a un petit effet androg\u00e8ne et en administrant le st\u00e9ro\u00efde vous n&rsquo;aurez pas une augmentation rapide de la","og_url":"https:\/\/iberoid.com\/fr\/product\/primobolan-diamod-pharma-group\/","og_site_name":"(Espa\u00f1ol) Esteroides en l\u00ednea","article_modified_time":"2023-07-28T11:17:45+00:00","og_image":[{"width":553,"height":553,"url":"https:\/\/iberoid.com\/wp-content\/uploads\/2023\/02\/Diaprim-100.png?v=1688372886","type":"image\/png"}],"twitter_card":"summary_large_image","twitter_misc":{"Prix":"&euro;75.00","Disponibilit\u00e9":"Rupture de stock"},"schema":{"@context":"https:\/\/schema.org","@graph":[{"@type":"WebPage","@id":"https:\/\/iberoid.com\/fr\/product\/primobolan-diamod-pharma-group\/","url":"https:\/\/iberoid.com\/fr\/product\/primobolan-diamod-pharma-group\/","name":"PRIMOBOLAN\/10  - (Espa\u00f1ol) Esteroides en l\u00ednea","isPartOf":{"@id":"https:\/\/iberoid-shop.com\/#website"},"primaryImageOfPage":{"@id":"https:\/\/iberoid.com\/fr\/product\/primobolan-diamod-pharma-group\/#primaryimage"},"image":{"@id":"https:\/\/iberoid.com\/fr\/product\/primobolan-diamod-pharma-group\/#primaryimage"},"thumbnailUrl":"https:\/\/iberoid.com\/wp-content\/uploads\/2023\/02\/Diaprim-100.png?v=1688372886","datePublished":"2023-02-20T21:52:05+00:00","dateModified":"2023-07-28T11:17:45+00:00","breadcrumb":{"@id":"https:\/\/iberoid.com\/fr\/product\/primobolan-diamod-pharma-group\/#breadcrumb"},"inLanguage":"fr-FR","potentialAction":[{"@type":"ReadAction","target":[["https:\/\/iberoid.com\/fr\/product\/primobolan-diamod-pharma-group\/"]]}]},{"@type":"ImageObject","inLanguage":"fr-FR","@id":"https:\/\/iberoid.com\/fr\/product\/primobolan-diamod-pharma-group\/#primaryimage","url":"https:\/\/iberoid.com\/wp-content\/uploads\/2023\/02\/Diaprim-100.png?v=1688372886","contentUrl":"https:\/\/iberoid.com\/wp-content\/uploads\/2023\/02\/Diaprim-100.png?v=1688372886","width":553,"height":553},{"@type":"BreadcrumbList","@id":"https:\/\/iberoid.com\/fr\/product\/primobolan-diamod-pharma-group\/#breadcrumb","itemListElement":[{"@type":"ListItem","position":1,"name":"Portada","item":"https:\/\/iberoid.com\/fr\/"},{"@type":"ListItem","position":2,"name":"Magasin","item":"https:\/\/iberoid.com\/fr\/shop\/"},{"@type":"ListItem","position":3,"name":"PRIMOBOLAN\/10"}]},{"@type":"WebSite","@id":"https:\/\/iberoid-shop.com\/#website","url":"https:\/\/iberoid-shop.com\/","name":"(Espa\u00f1ol) Esteroides en l\u00ednea","description":"(Espa\u00f1ol) Comprar esteroides en l\u00ednea hoy en Espa\u00f1a y Portugal. Tenemos el mejor servicio al cliente en la industria y los productos de la m\u00e1s alta calidad","potentialAction":[{"@type":"SearchAction","target":{"@type":"EntryPoint","urlTemplate":"https:\/\/iberoid-shop.com\/?s={search_term_string}"},"query-input":{"@type":"PropertyValueSpecification","valueRequired":true,"valueName":"search_term_string"}}],"inLanguage":"fr-FR"}]},"product_brand":"Diamond Pharma","product_price_amount":"75.00","product_price_currency":"EUR","og_availability":"out of stock","product_availability":"out of stock","product_condition":"new"},"_links":{"self":[{"href":"https:\/\/iberoid.com\/fr\/wp-json\/wp\/v2\/product\/8282","targetHints":{"allow":["GET"]}}],"collection":[{"href":"https:\/\/iberoid.com\/fr\/wp-json\/wp\/v2\/product"}],"about":[{"href":"https:\/\/iberoid.com\/fr\/wp-json\/wp\/v2\/types\/product"}],"replies":[{"embeddable":true,"href":"https:\/\/iberoid.com\/fr\/wp-json\/wp\/v2\/comments?post=8282"}],"wp:featuredmedia":[{"embeddable":true,"href":"https:\/\/iberoid.com\/fr\/wp-json\/wp\/v2\/media\/8283"}],"wp:attachment":[{"href":"https:\/\/iberoid.com\/fr\/wp-json\/wp\/v2\/media?parent=8282"}],"wp:term":[{"taxonomy":"product_brand","embeddable":true,"href":"https:\/\/iberoid.com\/fr\/wp-json\/wp\/v2\/product_brand?post=8282"},{"taxonomy":"product_cat","embeddable":true,"href":"https:\/\/iberoid.com\/fr\/wp-json\/wp\/v2\/product_cat?post=8282"},{"taxonomy":"product_tag","embeddable":true,"href":"https:\/\/iberoid.com\/fr\/wp-json\/wp\/v2\/product_tag?post=8282"}],"curies":[{"name":"wp","href":"https:\/\/api.w.org\/{rel}","templated":true}]}}